{"id":2958,"date":"2024-07-24T16:58:40","date_gmt":"2024-07-24T13:58:40","guid":{"rendered":"https:\/\/velesnails.loc\/?post_type=product&#038;p=2958"},"modified":"2025-09-03T18:30:34","modified_gmt":"2025-09-03T15:30:34","slug":"mollylac-szablony-formy-do-paznokci-ladybug-biedronka-500-szt","status":"publish","type":"product","link":"https:\/\/velesnails.pl\/uk\/product\/mollylac-szablony-formy-do-paznokci-ladybug-biedronka-500-szt\/","title":{"rendered":"MollyLac szablony formy do paznokci Ladybug biedronka 500 szt"},"content":{"rendered":"<p>Szablony formy do paznokci 500szt Ladybug biedronka MollyLac<br \/>\nPrecyzyjne formy o ciekawym kszta\u0142cie biedronki do przed\u0142u\u017cania paznokci z pomocnicz\u0105 siatk\u0105 do kszta\u0142tu kwadrat\/ ballerina. Du\u017ce skrzyde\u0142ka gwarantuj\u0105 bardzo dobre utrzymanie formy na swoim miejscu. Wyj\u0105tkowej jako\u015bci papier, z jakiego wykonane zosta\u0142y szablony, jest znacznie bardziej elastyczny od swoich poprzednich, ta\u0144szych wersji a mocny klej nie pozwoli na rozklejenie form i migrowanie podczas pracy lub utwardzania w lampie.<\/p>\n<p>Czerwone linie pomocnicze znacznie u\u0142atwi\u0105 docinanie form przy problematycznej p\u0142ytce paznokcia klientki (np. przy przero\u015bni\u0119tym hyponychium).<\/p>\n<p>Linie pomocnicze i podzia\u0142ka (od 1 do 9) u\u0142o\u017cone s\u0105 blisko siebie, dzi\u0119ki czemu dopasowanie d\u0142ugo\u015bci paznokcia b\u0119dzie mog\u0142o by\u0107 znacznie bardziej precyzyjne. Przed\u0142u\u017caj paznokcie z czyst\u0105 przyjemno\u015bci\u0105!<\/p>\n<p>Szablony do przed\u0142u\u017cania s\u0105 niezb\u0119dnym produktem w pracy ka\u017cdej cenionej stylistki. Postaw na najlepsz\u0105 jako\u015b\u0107 w doskona\u0142ej cenie, jak\u0105 daje Ci Molly Lac! Do wyboru a\u017c 7 rodzaj\u00f3w form! Wybierz te, kt\u00f3re b\u0119d\u0105 odpowiada\u0107 Twoim wymaganiom! Od podstawowych po bardzo rozbudowane, dzi\u0119ki kt\u00f3rym wykonasz przed\u0142u\u017cenie salonowe i o awangardowym kszta\u0142cie, a tak\u017ce naprawisz p\u0119kni\u0119ty czy nad\u0142amany paznokie\u0107 i nadasz nowy wygl\u0105d kruchej i \u0142amliwej p\u0142ytce. Szablony zosta\u0142y przygotowane w taki spos\u00f3b, aby idealnie dopasowa\u0107 si\u0119 do ka\u017cdej p\u0142ytki- nawet tej problematycznej i skr\u00f3ci\u0107 czas Twojej pracy do minimum. Szablony pozwalaj\u0105 na prac\u0119 ka\u017cd\u0105 metod\u0105 &#8211; dzi\u0119ki nim przed\u0142u\u017cysz paznokcie specjalnie dedykowan\u0105 hybryd\u0105 buduj\u0105c\u0105 ( np. Molly Lac SOS Antidotum), \u017celem, akrylem lub akrylo\u017celem!<\/p>\n<p>Ka\u017cdy rodzaj naszych form idealnie przylega do paznokcia, dzi\u0119ki czemu pozb\u0119dziesz si\u0119 problemu 'podlewania&#8217; \u017celu pod paznokie\u0107 co cz\u0119sto prowadzi do nad\u0142ama\u0144. Idealnie dobrany, mocny klej zapobiega rozklejaniu, ale nie powoduje podra\u017cnie\u0144, przez co mo\u017ce by\u0107 wykorzystany nawet do bardzo wra\u017cliwych d\u0142oni. Idealna technika pod\u0142o\u017cenia formy, ale i dobrze dopasowany szablon zagwarantuj\u0105 Ci wsp\u00f3lnie trwa\u0142o\u015b\u0107 stylizacji!<\/p>\n<p>Estetyczny i ciekawy design szablon\u00f3w ucieszy nie tylko Twoje oko, ale tak\u017ce Twoich klientek!<\/p>","protected":false},"excerpt":{"rendered":"<p>Szablony formy do paznokci 500szt Ladybug biedronka MollyLac Precyzyjne formy o ciekawym kszta\u0142cie biedronki do przed\u0142u\u017cania paznokci z pomocnicz\u0105 siatk\u0105 do kszta\u0142tu kwadrat\/ ballerina. Du\u017ce skrzyde\u0142ka gwarantuj\u0105 bardzo dobre utrzymanie formy na swoim miejscu. Wyj\u0105tkowej jako\u015bci papier, z jakiego wykonane zosta\u0142y szablony, jest znacznie bardziej elastyczny od swoich poprzednich, ta\u0144szych wersji a mocny klej nie [&hellip;]<\/p>\n","protected":false},"featured_media":2959,"comment_status":"open","ping_status":"closed","template":"","meta":{"om_disable_all_campaigns":false,"ocean_post_layout":"","ocean_both_sidebars_style":"","ocean_both_sidebars_content_width":0,"ocean_both_sidebars_sidebars_width":0,"ocean_sidebar":"0","ocean_second_sidebar":"0","ocean_disable_margins":"enable","ocean_add_body_class":"","ocean_shortcode_before_top_bar":"","ocean_shortcode_after_top_bar":"","ocean_shortcode_before_header":"","ocean_shortcode_after_header":"","ocean_has_shortcode":"","ocean_shortcode_after_title":"","ocean_shortcode_before_footer_widgets":"","ocean_shortcode_after_footer_widgets":"","ocean_shortcode_before_footer_bottom":"","ocean_shortcode_after_footer_bottom":"","ocean_display_top_bar":"default","ocean_display_header":"default","ocean_header_style":"","ocean_center_header_left_menu":"0","ocean_custom_header_template":"0","ocean_custom_logo":0,"ocean_custom_retina_logo":0,"ocean_custom_logo_max_width":0,"ocean_custom_logo_tablet_max_width":0,"ocean_custom_logo_mobile_max_width":0,"ocean_custom_logo_max_height":0,"ocean_custom_logo_tablet_max_height":0,"ocean_custom_logo_mobile_max_height":0,"ocean_header_custom_menu":"0","ocean_menu_typo_font_family":"0","ocean_menu_typo_font_subset":"","ocean_menu_typo_font_size":0,"ocean_menu_typo_font_size_tablet":0,"ocean_menu_typo_font_size_mobile":0,"ocean_menu_typo_font_size_unit":"px","ocean_menu_typo_font_weight":"","ocean_menu_typo_font_weight_tablet":"","ocean_menu_typo_font_weight_mobile":"","ocean_menu_typo_transform":"","ocean_menu_typo_transform_tablet":"","ocean_menu_typo_transform_mobile":"","ocean_menu_typo_line_height":0,"ocean_menu_typo_line_height_tablet":0,"ocean_menu_typo_line_height_mobile":0,"ocean_menu_typo_line_height_unit":"","ocean_menu_typo_spacing":0,"ocean_menu_typo_spacing_tablet":0,"ocean_menu_typo_spacing_mobile":0,"ocean_menu_typo_spacing_unit":"","ocean_menu_link_color":"","ocean_menu_link_color_hover":"","ocean_menu_link_color_active":"","ocean_menu_link_background":"","ocean_menu_link_hover_background":"","ocean_menu_link_active_background":"","ocean_menu_social_links_bg":"","ocean_menu_social_hover_links_bg":"","ocean_menu_social_links_color":"","ocean_menu_social_hover_links_color":"","ocean_disable_title":"default","ocean_disable_heading":"default","ocean_post_title":"","ocean_post_subheading":"","ocean_post_title_style":"","ocean_post_title_background_color":"","ocean_post_title_background":0,"ocean_post_title_bg_image_position":"","ocean_post_title_bg_image_attachment":"","ocean_post_title_bg_image_repeat":"","ocean_post_title_bg_image_size":"","ocean_post_title_height":0,"ocean_post_title_bg_overlay":0.5,"ocean_post_title_bg_overlay_color":"","ocean_disable_breadcrumbs":"default","ocean_breadcrumbs_color":"","ocean_breadcrumbs_separator_color":"","ocean_breadcrumbs_links_color":"","ocean_breadcrumbs_links_hover_color":"","ocean_display_footer_widgets":"default","ocean_display_footer_bottom":"default","ocean_custom_footer_template":"0"},"product_brand":[],"product_cat":[139,176,189,110,140],"product_tag":[],"class_list":{"0":"post-2958","1":"product","2":"type-product","3":"status-publish","4":"has-post-thumbnail","6":"product_cat-akcesoria","7":"product_cat-marki","8":"product_cat-molly-lac-1","9":"product_cat-paznokcie","10":"product_cat-sszablony-i-formy","12":"entry","13":"has-media","15":"first","16":"outofstock","17":"taxable","18":"shipping-taxable","19":"purchasable","20":"product-type-simple","21":"has-product-nav","22":"col","23":"span_1_of_3","24":"owp-content-center","25":"owp-thumbs-layout-horizontal","26":"owp-btn-normal","27":"owp-tabs-layout-horizontal","28":"has-no-thumbnails"},"yoast_head":"<!-- This site is optimized with the Yoast SEO plugin v27.6 - https:\/\/yoast.com\/product\/yoast-seo-wordpress\/ -->\n<title>MollyLac szablony formy do paznokci Ladybug biedronka 500 szt - velesnails<\/title>\n<meta name=\"robots\" content=\"index, follow, max-snippet:-1, max-image-preview:large, max-video-preview:-1\" \/>\n<link rel=\"canonical\" href=\"https:\/\/velesnails.pl\/uk\/product\/mollylac-szablony-formy-do-paznokci-ladybug-biedronka-500-szt\/\" \/>\n<meta property=\"og:locale\" content=\"uk_UA\" \/>\n<meta property=\"og:type\" content=\"article\" \/>\n<meta property=\"og:title\" content=\"MollyLac szablony formy do paznokci Ladybug biedronka 500 szt - velesnails\" \/>\n<meta property=\"og:description\" content=\"Szablony formy do paznokci 500szt Ladybug biedronka MollyLac Precyzyjne formy o ciekawym kszta\u0142cie biedronki do przed\u0142u\u017cania paznokci z pomocnicz\u0105 siatk\u0105 do kszta\u0142tu kwadrat\/ ballerina. Du\u017ce skrzyde\u0142ka gwarantuj\u0105 bardzo dobre utrzymanie formy na swoim miejscu. Wyj\u0105tkowej jako\u015bci papier, z jakiego wykonane zosta\u0142y szablony, jest znacznie bardziej elastyczny od swoich poprzednich, ta\u0144szych wersji a mocny klej nie [&hellip;]\" \/>\n<meta property=\"og:url\" content=\"https:\/\/velesnails.pl\/uk\/product\/mollylac-szablony-formy-do-paznokci-ladybug-biedronka-500-szt\/\" \/>\n<meta property=\"og:site_name\" content=\"velesnails\" \/>\n<meta property=\"article:modified_time\" content=\"2025-09-03T15:30:34+00:00\" \/>\n<meta property=\"og:image\" content=\"https:\/\/i0.wp.com\/velesnails.pl\/wp-content\/uploads\/2024\/07\/MollyLac-szablony-formy-Ladybug-biedronka.jpg?fit=485%2C500&ssl=1\" \/>\n\t<meta property=\"og:image:width\" content=\"485\" \/>\n\t<meta property=\"og:image:height\" content=\"500\" \/>\n\t<meta property=\"og:image:type\" content=\"image\/jpeg\" \/>\n<meta name=\"twitter:card\" content=\"summary_large_image\" \/>\n<meta name=\"twitter:label1\" content=\"\u041f\u0440\u0438\u0431\u043b. \u0447\u0430\u0441 \u0447\u0438\u0442\u0430\u043d\u043d\u044f\" \/>\n\t<meta name=\"twitter:data1\" content=\"2 \u0445\u0432\u0438\u043b\u0438\u043d\u0438\" \/>\n<script type=\"application\/ld+json\" class=\"yoast-schema-graph\">{\"@context\":\"https:\\\/\\\/schema.org\",\"@graph\":[{\"@type\":\"WebPage\",\"@id\":\"https:\\\/\\\/velesnails.pl\\\/product\\\/mollylac-szablony-formy-do-paznokci-ladybug-biedronka-500-szt\\\/\",\"url\":\"https:\\\/\\\/velesnails.pl\\\/product\\\/mollylac-szablony-formy-do-paznokci-ladybug-biedronka-500-szt\\\/\",\"name\":\"MollyLac szablony formy do paznokci Ladybug biedronka 500 szt - velesnails\",\"isPartOf\":{\"@id\":\"https:\\\/\\\/velesnails.pl\\\/#website\"},\"primaryImageOfPage\":{\"@id\":\"https:\\\/\\\/velesnails.pl\\\/product\\\/mollylac-szablony-formy-do-paznokci-ladybug-biedronka-500-szt\\\/#primaryimage\"},\"image\":{\"@id\":\"https:\\\/\\\/velesnails.pl\\\/product\\\/mollylac-szablony-formy-do-paznokci-ladybug-biedronka-500-szt\\\/#primaryimage\"},\"thumbnailUrl\":\"https:\\\/\\\/i0.wp.com\\\/velesnails.pl\\\/wp-content\\\/uploads\\\/2024\\\/07\\\/MollyLac-szablony-formy-Ladybug-biedronka.jpg?fit=485%2C500&ssl=1\",\"datePublished\":\"2024-07-24T13:58:40+00:00\",\"dateModified\":\"2025-09-03T15:30:34+00:00\",\"breadcrumb\":{\"@id\":\"https:\\\/\\\/velesnails.pl\\\/product\\\/mollylac-szablony-formy-do-paznokci-ladybug-biedronka-500-szt\\\/#breadcrumb\"},\"inLanguage\":\"uk\",\"potentialAction\":[{\"@type\":\"ReadAction\",\"target\":[\"https:\\\/\\\/velesnails.pl\\\/product\\\/mollylac-szablony-formy-do-paznokci-ladybug-biedronka-500-szt\\\/\"]}]},{\"@type\":\"ImageObject\",\"inLanguage\":\"uk\",\"@id\":\"https:\\\/\\\/velesnails.pl\\\/product\\\/mollylac-szablony-formy-do-paznokci-ladybug-biedronka-500-szt\\\/#primaryimage\",\"url\":\"https:\\\/\\\/i0.wp.com\\\/velesnails.pl\\\/wp-content\\\/uploads\\\/2024\\\/07\\\/MollyLac-szablony-formy-Ladybug-biedronka.jpg?fit=485%2C500&ssl=1\",\"contentUrl\":\"https:\\\/\\\/i0.wp.com\\\/velesnails.pl\\\/wp-content\\\/uploads\\\/2024\\\/07\\\/MollyLac-szablony-formy-Ladybug-biedronka.jpg?fit=485%2C500&ssl=1\",\"width\":485,\"height\":500},{\"@type\":\"BreadcrumbList\",\"@id\":\"https:\\\/\\\/velesnails.pl\\\/product\\\/mollylac-szablony-formy-do-paznokci-ladybug-biedronka-500-szt\\\/#breadcrumb\",\"itemListElement\":[{\"@type\":\"ListItem\",\"position\":1,\"name\":\"\u0413\u043e\u043b\u043e\u0432\u043d\u0430\",\"item\":\"https:\\\/\\\/velesnails.pl\\\/\"},{\"@type\":\"ListItem\",\"position\":2,\"name\":\"Sklep\",\"item\":\"https:\\\/\\\/velesnails.pl\\\/shop\\\/\"},{\"@type\":\"ListItem\",\"position\":3,\"name\":\"MollyLac szablony formy do paznokci Ladybug biedronka 500 szt\"}]},{\"@type\":\"WebSite\",\"@id\":\"https:\\\/\\\/velesnails.pl\\\/#website\",\"url\":\"https:\\\/\\\/velesnails.pl\\\/\",\"name\":\"velesnails\",\"description\":\"Sklep z manicure\",\"publisher\":{\"@id\":\"https:\\\/\\\/velesnails.pl\\\/#organization\"},\"potentialAction\":[{\"@type\":\"SearchAction\",\"target\":{\"@type\":\"EntryPoint\",\"urlTemplate\":\"https:\\\/\\\/velesnails.pl\\\/?s={search_term_string}\"},\"query-input\":{\"@type\":\"PropertyValueSpecification\",\"valueRequired\":true,\"valueName\":\"search_term_string\"}}],\"inLanguage\":\"uk\"},{\"@type\":\"Organization\",\"@id\":\"https:\\\/\\\/velesnails.pl\\\/#organization\",\"name\":\"velesnails\",\"url\":\"https:\\\/\\\/velesnails.pl\\\/\",\"logo\":{\"@type\":\"ImageObject\",\"inLanguage\":\"uk\",\"@id\":\"https:\\\/\\\/velesnails.pl\\\/#\\\/schema\\\/logo\\\/image\\\/\",\"url\":\"https:\\\/\\\/i0.wp.com\\\/velesnails.pl\\\/wp-content\\\/uploads\\\/2025\\\/10\\\/cropped-obraz_viber_2025-10-22_13-55-55-969.jpg?fit=485%2C381&ssl=1\",\"contentUrl\":\"https:\\\/\\\/i0.wp.com\\\/velesnails.pl\\\/wp-content\\\/uploads\\\/2025\\\/10\\\/cropped-obraz_viber_2025-10-22_13-55-55-969.jpg?fit=485%2C381&ssl=1\",\"width\":485,\"height\":381,\"caption\":\"velesnails\"},\"image\":{\"@id\":\"https:\\\/\\\/velesnails.pl\\\/#\\\/schema\\\/logo\\\/image\\\/\"}}]}<\/script>\n<!-- \/ Yoast SEO plugin. -->","yoast_head_json":{"title":"MollyLac szablony formy do paznokci Ladybug biedronka 500 szt - velesnails","robots":{"index":"index","follow":"follow","max-snippet":"max-snippet:-1","max-image-preview":"max-image-preview:large","max-video-preview":"max-video-preview:-1"},"canonical":"https:\/\/velesnails.pl\/uk\/product\/mollylac-szablony-formy-do-paznokci-ladybug-biedronka-500-szt\/","og_locale":"uk_UA","og_type":"article","og_title":"MollyLac szablony formy do paznokci Ladybug biedronka 500 szt - velesnails","og_description":"Szablony formy do paznokci 500szt Ladybug biedronka MollyLac Precyzyjne formy o ciekawym kszta\u0142cie biedronki do przed\u0142u\u017cania paznokci z pomocnicz\u0105 siatk\u0105 do kszta\u0142tu kwadrat\/ ballerina. Du\u017ce skrzyde\u0142ka gwarantuj\u0105 bardzo dobre utrzymanie formy na swoim miejscu. Wyj\u0105tkowej jako\u015bci papier, z jakiego wykonane zosta\u0142y szablony, jest znacznie bardziej elastyczny od swoich poprzednich, ta\u0144szych wersji a mocny klej nie [&hellip;]","og_url":"https:\/\/velesnails.pl\/uk\/product\/mollylac-szablony-formy-do-paznokci-ladybug-biedronka-500-szt\/","og_site_name":"velesnails","article_modified_time":"2025-09-03T15:30:34+00:00","og_image":[{"width":485,"height":500,"url":"https:\/\/i0.wp.com\/velesnails.pl\/wp-content\/uploads\/2024\/07\/MollyLac-szablony-formy-Ladybug-biedronka.jpg?fit=485%2C500&ssl=1","type":"image\/jpeg"}],"twitter_card":"summary_large_image","twitter_misc":{"\u041f\u0440\u0438\u0431\u043b. \u0447\u0430\u0441 \u0447\u0438\u0442\u0430\u043d\u043d\u044f":"2 \u0445\u0432\u0438\u043b\u0438\u043d\u0438"},"schema":{"@context":"https:\/\/schema.org","@graph":[{"@type":"WebPage","@id":"https:\/\/velesnails.pl\/product\/mollylac-szablony-formy-do-paznokci-ladybug-biedronka-500-szt\/","url":"https:\/\/velesnails.pl\/product\/mollylac-szablony-formy-do-paznokci-ladybug-biedronka-500-szt\/","name":"MollyLac szablony formy do paznokci Ladybug biedronka 500 szt - velesnails","isPartOf":{"@id":"https:\/\/velesnails.pl\/#website"},"primaryImageOfPage":{"@id":"https:\/\/velesnails.pl\/product\/mollylac-szablony-formy-do-paznokci-ladybug-biedronka-500-szt\/#primaryimage"},"image":{"@id":"https:\/\/velesnails.pl\/product\/mollylac-szablony-formy-do-paznokci-ladybug-biedronka-500-szt\/#primaryimage"},"thumbnailUrl":"https:\/\/i0.wp.com\/velesnails.pl\/wp-content\/uploads\/2024\/07\/MollyLac-szablony-formy-Ladybug-biedronka.jpg?fit=485%2C500&ssl=1","datePublished":"2024-07-24T13:58:40+00:00","dateModified":"2025-09-03T15:30:34+00:00","breadcrumb":{"@id":"https:\/\/velesnails.pl\/product\/mollylac-szablony-formy-do-paznokci-ladybug-biedronka-500-szt\/#breadcrumb"},"inLanguage":"uk","potentialAction":[{"@type":"ReadAction","target":["https:\/\/velesnails.pl\/product\/mollylac-szablony-formy-do-paznokci-ladybug-biedronka-500-szt\/"]}]},{"@type":"ImageObject","inLanguage":"uk","@id":"https:\/\/velesnails.pl\/product\/mollylac-szablony-formy-do-paznokci-ladybug-biedronka-500-szt\/#primaryimage","url":"https:\/\/i0.wp.com\/velesnails.pl\/wp-content\/uploads\/2024\/07\/MollyLac-szablony-formy-Ladybug-biedronka.jpg?fit=485%2C500&ssl=1","contentUrl":"https:\/\/i0.wp.com\/velesnails.pl\/wp-content\/uploads\/2024\/07\/MollyLac-szablony-formy-Ladybug-biedronka.jpg?fit=485%2C500&ssl=1","width":485,"height":500},{"@type":"BreadcrumbList","@id":"https:\/\/velesnails.pl\/product\/mollylac-szablony-formy-do-paznokci-ladybug-biedronka-500-szt\/#breadcrumb","itemListElement":[{"@type":"ListItem","position":1,"name":"\u0413\u043e\u043b\u043e\u0432\u043d\u0430","item":"https:\/\/velesnails.pl\/"},{"@type":"ListItem","position":2,"name":"Sklep","item":"https:\/\/velesnails.pl\/shop\/"},{"@type":"ListItem","position":3,"name":"MollyLac szablony formy do paznokci Ladybug biedronka 500 szt"}]},{"@type":"WebSite","@id":"https:\/\/velesnails.pl\/#website","url":"https:\/\/velesnails.pl\/","name":"\u0432\u0435\u043b\u0435\u0441\u043e\u0432\u0456 \u043d\u0456\u0433\u0442\u0456","description":"\u041c\u0430\u043d\u0456\u043a\u044e\u0440\u043d\u0438\u0439 \u0441\u0430\u043b\u043e\u043d","publisher":{"@id":"https:\/\/velesnails.pl\/#organization"},"potentialAction":[{"@type":"SearchAction","target":{"@type":"EntryPoint","urlTemplate":"https:\/\/velesnails.pl\/?s={search_term_string}"},"query-input":{"@type":"PropertyValueSpecification","valueRequired":true,"valueName":"search_term_string"}}],"inLanguage":"uk"},{"@type":"Organization","@id":"https:\/\/velesnails.pl\/#organization","name":"\u0432\u0435\u043b\u0435\u0441\u043e\u0432\u0456 \u043d\u0456\u0433\u0442\u0456","url":"https:\/\/velesnails.pl\/","logo":{"@type":"ImageObject","inLanguage":"uk","@id":"https:\/\/velesnails.pl\/#\/schema\/logo\/image\/","url":"https:\/\/i0.wp.com\/velesnails.pl\/wp-content\/uploads\/2025\/10\/cropped-obraz_viber_2025-10-22_13-55-55-969.jpg?fit=485%2C381&ssl=1","contentUrl":"https:\/\/i0.wp.com\/velesnails.pl\/wp-content\/uploads\/2025\/10\/cropped-obraz_viber_2025-10-22_13-55-55-969.jpg?fit=485%2C381&ssl=1","width":485,"height":381,"caption":"velesnails"},"image":{"@id":"https:\/\/velesnails.pl\/#\/schema\/logo\/image\/"}}]}},"_links":{"self":[{"href":"https:\/\/velesnails.pl\/uk\/wp-json\/wp\/v2\/product\/2958","targetHints":{"allow":["GET"]}}],"collection":[{"href":"https:\/\/velesnails.pl\/uk\/wp-json\/wp\/v2\/product"}],"about":[{"href":"https:\/\/velesnails.pl\/uk\/wp-json\/wp\/v2\/types\/product"}],"replies":[{"embeddable":true,"href":"https:\/\/velesnails.pl\/uk\/wp-json\/wp\/v2\/comments?post=2958"}],"wp:featuredmedia":[{"embeddable":true,"href":"https:\/\/velesnails.pl\/uk\/wp-json\/wp\/v2\/media\/2959"}],"wp:attachment":[{"href":"https:\/\/velesnails.pl\/uk\/wp-json\/wp\/v2\/media?parent=2958"}],"wp:term":[{"taxonomy":"product_brand","embeddable":true,"href":"https:\/\/velesnails.pl\/uk\/wp-json\/wp\/v2\/product_brand?post=2958"},{"taxonomy":"product_cat","embeddable":true,"href":"https:\/\/velesnails.pl\/uk\/wp-json\/wp\/v2\/product_cat?post=2958"},{"taxonomy":"product_tag","embeddable":true,"href":"https:\/\/velesnails.pl\/uk\/wp-json\/wp\/v2\/product_tag?post=2958"}],"curies":[{"name":"wp","href":"https:\/\/api.w.org\/{rel}","templated":true}]}}