{"id":2929,"date":"2024-07-24T14:59:37","date_gmt":"2024-07-24T11:59:37","guid":{"rendered":"https:\/\/velesnails.loc\/?post_type=product&#038;p=2929"},"modified":"2025-12-29T15:32:00","modified_gmt":"2025-12-29T12:32:00","slug":"clavier-primer-bezkwasowy-nonacid-primer-pre-tender-do-paznokci-hybryd-zelu-7ml","status":"publish","type":"product","link":"https:\/\/velesnails.pl\/uk\/product\/clavier-primer-bezkwasowy-nonacid-primer-pre-tender-do-paznokci-hybryd-zelu-7ml\/","title":{"rendered":"Clavier Primer bezkwasowy NONACID PRIMER PRE tender, do paznokci, hybryd, \u017celu, 7ml"},"content":{"rendered":"<p>Pre-tender<br \/>\nPrimer bezkwasowy jest niezawodny gdy chcesz aby twoja stylizacja pi\u0119knie trzyma\u0142a si\u0119 do kolejnego uzupe\u0142nienia?<br \/>\nNonacid primer czyli primer bezkwasowy, to preparat, kt\u00f3ry stworzy na twoim paznokciu efekt ta\u015bmy dwustronnej. Sprawi r\u00f3wnie\u017c , ze na\u0142o\u017cony produkt b\u0119dzie perfekcyjnie trzyma si\u0119 pytki, a tym samym pozb\u0119dziesz si\u0119 niechcianych zapowietrze\u0144.<\/p>\n<p>Tw\u00f3j manicure b\u0119dzie r\u00f3wnie\u017c odporniejszy na czynniki zewn\u0119trzne.<\/p>\n<p>Primery do paznokci nale\u017cy wybiera\u0107 odpowiednio do specyfiki p\u0142ytki paznokcia. Primer NONACID bezkwasowy jest delikatniejszy , idealnie sprawdzi si\u0119 u os\u00f3b bez powa\u017cniejszych problem\u00f3w z p\u0142ytk\u0105 paznokcia.<\/p>\n<p>Primery do paznokci nie wymagaj\u0105 utwardzania w lampie. Nie nale\u017cy ich r\u00f3wnie\u017c przemywa\u0107 cleanerem \u2013 w przeciwnym razie mog\u0105 straci\u0107 swoje w\u0142a\u015bciwo\u015bci. W Naszym sklepie znajdziesz r\u00f3wnie\u017c inne preparaty z tej kolekcji.<\/p>\n<p>Spos\u00f3b u\u017cycia:<\/p>\n<p>Nanie\u015b\u0107 niewielk\u0105 ilo\u015b\u0107 produktu na p\u0142ytk\u0119 paznokcia odczeka\u0107 20 sekund , a nastepnie na\u0142\u00f3\u017c baz\u0119 hybrydow\u0105 (Dla jeszcze lepszej przyczepno\u015bci mo\u017cesz najpierw u\u017cy\u0107 produktu Nail PREP)<\/p>\n<p>Sk\u0142ad preparatu:<\/p>\n<p>Ethyl Acetate, Isopropylidenediphenyl Biscxyhydroxypropyl Methacrylate, HEMA, p-hydroxyanisole, Hydroquinonne.<\/p>\n<p>Ostrze\u017cenie:<\/p>\n<p>\u0141atwopalne. Unika\u0107 kontaktu z oczami i ze sk\u00f3ra. Mo\u017ce powodowa\u0107 reakcj\u0119 alergiczn\u0105. W przypadku podra\u017cnienia oczu, \u015bluz\u00f3wki przemy\u0107 obficie wod\u0105 i konsultowa\u0107 si\u0119 z lekarzem. Chroni\u0107 przed dzie\u0107mi. Stosowa\u0107 w dobrze wentylowanych pomieszczeniach. Przed zastosowaniem uwa\u017cnie przeczyta\u0107 spos\u00f3b u\u017cycia!<\/p>","protected":false},"excerpt":{"rendered":"<p>Pre-tender Primer bezkwasowy jest niezawodny gdy chcesz aby twoja stylizacja pi\u0119knie trzyma\u0142a si\u0119 do kolejnego uzupe\u0142nienia? Nonacid primer czyli primer bezkwasowy, to preparat, kt\u00f3ry stworzy na twoim paznokciu efekt ta\u015bmy dwustronnej. Sprawi r\u00f3wnie\u017c , ze na\u0142o\u017cony produkt b\u0119dzie perfekcyjnie trzyma si\u0119 pytki, a tym samym pozb\u0119dziesz si\u0119 niechcianych zapowietrze\u0144. Tw\u00f3j manicure b\u0119dzie r\u00f3wnie\u017c odporniejszy na [&hellip;]<\/p>\n","protected":false},"featured_media":2928,"comment_status":"closed","ping_status":"closed","template":"","meta":{"om_disable_all_campaigns":false,"ocean_post_layout":"","ocean_both_sidebars_style":"","ocean_both_sidebars_content_width":0,"ocean_both_sidebars_sidebars_width":0,"ocean_sidebar":"0","ocean_second_sidebar":"0","ocean_disable_margins":"enable","ocean_add_body_class":"","ocean_shortcode_before_top_bar":"","ocean_shortcode_after_top_bar":"","ocean_shortcode_before_header":"","ocean_shortcode_after_header":"","ocean_has_shortcode":"","ocean_shortcode_after_title":"","ocean_shortcode_before_footer_widgets":"","ocean_shortcode_after_footer_widgets":"","ocean_shortcode_before_footer_bottom":"","ocean_shortcode_after_footer_bottom":"","ocean_display_top_bar":"default","ocean_display_header":"default","ocean_header_style":"","ocean_center_header_left_menu":"0","ocean_custom_header_template":"0","ocean_custom_logo":0,"ocean_custom_retina_logo":0,"ocean_custom_logo_max_width":0,"ocean_custom_logo_tablet_max_width":0,"ocean_custom_logo_mobile_max_width":0,"ocean_custom_logo_max_height":0,"ocean_custom_logo_tablet_max_height":0,"ocean_custom_logo_mobile_max_height":0,"ocean_header_custom_menu":"0","ocean_menu_typo_font_family":"0","ocean_menu_typo_font_subset":"","ocean_menu_typo_font_size":0,"ocean_menu_typo_font_size_tablet":0,"ocean_menu_typo_font_size_mobile":0,"ocean_menu_typo_font_size_unit":"px","ocean_menu_typo_font_weight":"","ocean_menu_typo_font_weight_tablet":"","ocean_menu_typo_font_weight_mobile":"","ocean_menu_typo_transform":"","ocean_menu_typo_transform_tablet":"","ocean_menu_typo_transform_mobile":"","ocean_menu_typo_line_height":0,"ocean_menu_typo_line_height_tablet":0,"ocean_menu_typo_line_height_mobile":0,"ocean_menu_typo_line_height_unit":"","ocean_menu_typo_spacing":0,"ocean_menu_typo_spacing_tablet":0,"ocean_menu_typo_spacing_mobile":0,"ocean_menu_typo_spacing_unit":"","ocean_menu_link_color":"","ocean_menu_link_color_hover":"","ocean_menu_link_color_active":"","ocean_menu_link_background":"","ocean_menu_link_hover_background":"","ocean_menu_link_active_background":"","ocean_menu_social_links_bg":"","ocean_menu_social_hover_links_bg":"","ocean_menu_social_links_color":"","ocean_menu_social_hover_links_color":"","ocean_disable_title":"default","ocean_disable_heading":"default","ocean_post_title":"","ocean_post_subheading":"","ocean_post_title_style":"","ocean_post_title_background_color":"","ocean_post_title_background":0,"ocean_post_title_bg_image_position":"","ocean_post_title_bg_image_attachment":"","ocean_post_title_bg_image_repeat":"","ocean_post_title_bg_image_size":"","ocean_post_title_height":0,"ocean_post_title_bg_overlay":0.5,"ocean_post_title_bg_overlay_color":"","ocean_disable_breadcrumbs":"default","ocean_breadcrumbs_color":"","ocean_breadcrumbs_separator_color":"","ocean_breadcrumbs_links_color":"","ocean_breadcrumbs_links_hover_color":"","ocean_display_footer_widgets":"default","ocean_display_footer_bottom":"default","ocean_custom_footer_template":"0"},"product_brand":[],"product_cat":[190,176,110,132,137],"product_tag":[],"class_list":{"0":"post-2929","1":"product","2":"type-product","3":"status-publish","4":"has-post-thumbnail","6":"product_cat-clavier-1","7":"product_cat-marki","8":"product_cat-paznokcie","9":"product_cat-plyny-i-preparaty","10":"product_cat-primer","12":"entry","13":"has-media","15":"first","16":"instock","17":"taxable","18":"shipping-taxable","19":"purchasable","20":"product-type-simple","21":"has-product-nav","22":"col","23":"span_1_of_3","24":"owp-content-center","25":"owp-thumbs-layout-horizontal","26":"owp-btn-normal","27":"owp-tabs-layout-horizontal","28":"has-no-thumbnails"},"yoast_head":"<!-- This site is optimized with the Yoast SEO plugin v27.6 - https:\/\/yoast.com\/product\/yoast-seo-wordpress\/ -->\n<title>Clavier Primer bezkwasowy NONACID PRIMER PRE tender, do paznokci, hybryd, \u017celu, 7ml - velesnails<\/title>\n<meta name=\"robots\" content=\"index, follow, max-snippet:-1, max-image-preview:large, max-video-preview:-1\" \/>\n<link rel=\"canonical\" href=\"https:\/\/velesnails.pl\/uk\/product\/clavier-primer-bezkwasowy-nonacid-primer-pre-tender-do-paznokci-hybryd-zelu-7ml\/\" \/>\n<meta property=\"og:locale\" content=\"uk_UA\" \/>\n<meta property=\"og:type\" content=\"article\" \/>\n<meta property=\"og:title\" content=\"Clavier Primer bezkwasowy NONACID PRIMER PRE tender, do paznokci, hybryd, \u017celu, 7ml - velesnails\" \/>\n<meta property=\"og:description\" content=\"Pre-tender Primer bezkwasowy jest niezawodny gdy chcesz aby twoja stylizacja pi\u0119knie trzyma\u0142a si\u0119 do kolejnego uzupe\u0142nienia? Nonacid primer czyli primer bezkwasowy, to preparat, kt\u00f3ry stworzy na twoim paznokciu efekt ta\u015bmy dwustronnej. Sprawi r\u00f3wnie\u017c , ze na\u0142o\u017cony produkt b\u0119dzie perfekcyjnie trzyma si\u0119 pytki, a tym samym pozb\u0119dziesz si\u0119 niechcianych zapowietrze\u0144. Tw\u00f3j manicure b\u0119dzie r\u00f3wnie\u017c odporniejszy na [&hellip;]\" \/>\n<meta property=\"og:url\" content=\"https:\/\/velesnails.pl\/uk\/product\/clavier-primer-bezkwasowy-nonacid-primer-pre-tender-do-paznokci-hybryd-zelu-7ml\/\" \/>\n<meta property=\"og:site_name\" content=\"velesnails\" \/>\n<meta property=\"article:modified_time\" content=\"2025-12-29T12:32:00+00:00\" \/>\n<meta property=\"og:image\" content=\"https:\/\/velesnails.pl\/wp-content\/uploads\/2024\/07\/Clavier-NONACID-PRIMER.png\" \/>\n\t<meta property=\"og:image:width\" content=\"851\" \/>\n\t<meta property=\"og:image:height\" content=\"850\" \/>\n\t<meta property=\"og:image:type\" content=\"image\/png\" \/>\n<meta name=\"twitter:card\" content=\"summary_large_image\" \/>\n<meta name=\"twitter:label1\" content=\"\u041f\u0440\u0438\u0431\u043b. \u0447\u0430\u0441 \u0447\u0438\u0442\u0430\u043d\u043d\u044f\" \/>\n\t<meta name=\"twitter:data1\" content=\"1 \u0445\u0432\u0438\u043b\u0438\u043d\u0430\" \/>\n<script type=\"application\/ld+json\" class=\"yoast-schema-graph\">{\"@context\":\"https:\\\/\\\/schema.org\",\"@graph\":[{\"@type\":\"WebPage\",\"@id\":\"https:\\\/\\\/velesnails.pl\\\/product\\\/clavier-primer-bezkwasowy-nonacid-primer-pre-tender-do-paznokci-hybryd-zelu-7ml\\\/\",\"url\":\"https:\\\/\\\/velesnails.pl\\\/product\\\/clavier-primer-bezkwasowy-nonacid-primer-pre-tender-do-paznokci-hybryd-zelu-7ml\\\/\",\"name\":\"Clavier Primer bezkwasowy NONACID PRIMER PRE tender, do paznokci, hybryd, \u017celu, 7ml - velesnails\",\"isPartOf\":{\"@id\":\"https:\\\/\\\/velesnails.pl\\\/#website\"},\"primaryImageOfPage\":{\"@id\":\"https:\\\/\\\/velesnails.pl\\\/product\\\/clavier-primer-bezkwasowy-nonacid-primer-pre-tender-do-paznokci-hybryd-zelu-7ml\\\/#primaryimage\"},\"image\":{\"@id\":\"https:\\\/\\\/velesnails.pl\\\/product\\\/clavier-primer-bezkwasowy-nonacid-primer-pre-tender-do-paznokci-hybryd-zelu-7ml\\\/#primaryimage\"},\"thumbnailUrl\":\"https:\\\/\\\/i0.wp.com\\\/velesnails.pl\\\/wp-content\\\/uploads\\\/2024\\\/07\\\/Clavier-NONACID-PRIMER.png?fit=851%2C850&ssl=1\",\"datePublished\":\"2024-07-24T11:59:37+00:00\",\"dateModified\":\"2025-12-29T12:32:00+00:00\",\"breadcrumb\":{\"@id\":\"https:\\\/\\\/velesnails.pl\\\/product\\\/clavier-primer-bezkwasowy-nonacid-primer-pre-tender-do-paznokci-hybryd-zelu-7ml\\\/#breadcrumb\"},\"inLanguage\":\"uk\",\"potentialAction\":[{\"@type\":\"ReadAction\",\"target\":[\"https:\\\/\\\/velesnails.pl\\\/product\\\/clavier-primer-bezkwasowy-nonacid-primer-pre-tender-do-paznokci-hybryd-zelu-7ml\\\/\"]}]},{\"@type\":\"ImageObject\",\"inLanguage\":\"uk\",\"@id\":\"https:\\\/\\\/velesnails.pl\\\/product\\\/clavier-primer-bezkwasowy-nonacid-primer-pre-tender-do-paznokci-hybryd-zelu-7ml\\\/#primaryimage\",\"url\":\"https:\\\/\\\/i0.wp.com\\\/velesnails.pl\\\/wp-content\\\/uploads\\\/2024\\\/07\\\/Clavier-NONACID-PRIMER.png?fit=851%2C850&ssl=1\",\"contentUrl\":\"https:\\\/\\\/i0.wp.com\\\/velesnails.pl\\\/wp-content\\\/uploads\\\/2024\\\/07\\\/Clavier-NONACID-PRIMER.png?fit=851%2C850&ssl=1\",\"width\":851,\"height\":850},{\"@type\":\"BreadcrumbList\",\"@id\":\"https:\\\/\\\/velesnails.pl\\\/product\\\/clavier-primer-bezkwasowy-nonacid-primer-pre-tender-do-paznokci-hybryd-zelu-7ml\\\/#breadcrumb\",\"itemListElement\":[{\"@type\":\"ListItem\",\"position\":1,\"name\":\"\u0413\u043e\u043b\u043e\u0432\u043d\u0430\",\"item\":\"https:\\\/\\\/velesnails.pl\\\/\"},{\"@type\":\"ListItem\",\"position\":2,\"name\":\"Sklep\",\"item\":\"https:\\\/\\\/velesnails.pl\\\/shop\\\/\"},{\"@type\":\"ListItem\",\"position\":3,\"name\":\"Clavier Primer bezkwasowy NONACID PRIMER PRE tender, do paznokci, hybryd, \u017celu, 7ml\"}]},{\"@type\":\"WebSite\",\"@id\":\"https:\\\/\\\/velesnails.pl\\\/#website\",\"url\":\"https:\\\/\\\/velesnails.pl\\\/\",\"name\":\"velesnails\",\"description\":\"Sklep z manicure\",\"publisher\":{\"@id\":\"https:\\\/\\\/velesnails.pl\\\/#organization\"},\"potentialAction\":[{\"@type\":\"SearchAction\",\"target\":{\"@type\":\"EntryPoint\",\"urlTemplate\":\"https:\\\/\\\/velesnails.pl\\\/?s={search_term_string}\"},\"query-input\":{\"@type\":\"PropertyValueSpecification\",\"valueRequired\":true,\"valueName\":\"search_term_string\"}}],\"inLanguage\":\"uk\"},{\"@type\":\"Organization\",\"@id\":\"https:\\\/\\\/velesnails.pl\\\/#organization\",\"name\":\"velesnails\",\"url\":\"https:\\\/\\\/velesnails.pl\\\/\",\"logo\":{\"@type\":\"ImageObject\",\"inLanguage\":\"uk\",\"@id\":\"https:\\\/\\\/velesnails.pl\\\/#\\\/schema\\\/logo\\\/image\\\/\",\"url\":\"https:\\\/\\\/i0.wp.com\\\/velesnails.pl\\\/wp-content\\\/uploads\\\/2025\\\/10\\\/cropped-obraz_viber_2025-10-22_13-55-55-969.jpg?fit=485%2C381&ssl=1\",\"contentUrl\":\"https:\\\/\\\/i0.wp.com\\\/velesnails.pl\\\/wp-content\\\/uploads\\\/2025\\\/10\\\/cropped-obraz_viber_2025-10-22_13-55-55-969.jpg?fit=485%2C381&ssl=1\",\"width\":485,\"height\":381,\"caption\":\"velesnails\"},\"image\":{\"@id\":\"https:\\\/\\\/velesnails.pl\\\/#\\\/schema\\\/logo\\\/image\\\/\"}}]}<\/script>\n<!-- \/ Yoast SEO plugin. -->","yoast_head_json":{"title":"Clavier Primer bezkwasowy NONACID PRIMER PRE tender, do paznokci, hybryd, \u017celu, 7ml - velesnails","robots":{"index":"index","follow":"follow","max-snippet":"max-snippet:-1","max-image-preview":"max-image-preview:large","max-video-preview":"max-video-preview:-1"},"canonical":"https:\/\/velesnails.pl\/uk\/product\/clavier-primer-bezkwasowy-nonacid-primer-pre-tender-do-paznokci-hybryd-zelu-7ml\/","og_locale":"uk_UA","og_type":"article","og_title":"Clavier Primer bezkwasowy NONACID PRIMER PRE tender, do paznokci, hybryd, \u017celu, 7ml - velesnails","og_description":"Pre-tender Primer bezkwasowy jest niezawodny gdy chcesz aby twoja stylizacja pi\u0119knie trzyma\u0142a si\u0119 do kolejnego uzupe\u0142nienia? Nonacid primer czyli primer bezkwasowy, to preparat, kt\u00f3ry stworzy na twoim paznokciu efekt ta\u015bmy dwustronnej. Sprawi r\u00f3wnie\u017c , ze na\u0142o\u017cony produkt b\u0119dzie perfekcyjnie trzyma si\u0119 pytki, a tym samym pozb\u0119dziesz si\u0119 niechcianych zapowietrze\u0144. Tw\u00f3j manicure b\u0119dzie r\u00f3wnie\u017c odporniejszy na [&hellip;]","og_url":"https:\/\/velesnails.pl\/uk\/product\/clavier-primer-bezkwasowy-nonacid-primer-pre-tender-do-paznokci-hybryd-zelu-7ml\/","og_site_name":"velesnails","article_modified_time":"2025-12-29T12:32:00+00:00","og_image":[{"width":851,"height":850,"url":"https:\/\/velesnails.pl\/wp-content\/uploads\/2024\/07\/Clavier-NONACID-PRIMER.png","type":"image\/png"}],"twitter_card":"summary_large_image","twitter_misc":{"\u041f\u0440\u0438\u0431\u043b. \u0447\u0430\u0441 \u0447\u0438\u0442\u0430\u043d\u043d\u044f":"1 \u0445\u0432\u0438\u043b\u0438\u043d\u0430"},"schema":{"@context":"https:\/\/schema.org","@graph":[{"@type":"WebPage","@id":"https:\/\/velesnails.pl\/product\/clavier-primer-bezkwasowy-nonacid-primer-pre-tender-do-paznokci-hybryd-zelu-7ml\/","url":"https:\/\/velesnails.pl\/product\/clavier-primer-bezkwasowy-nonacid-primer-pre-tender-do-paznokci-hybryd-zelu-7ml\/","name":"Clavier Primer bezkwasowy NONACID PRIMER PRE tender, do paznokci, hybryd, \u017celu, 7ml - velesnails","isPartOf":{"@id":"https:\/\/velesnails.pl\/#website"},"primaryImageOfPage":{"@id":"https:\/\/velesnails.pl\/product\/clavier-primer-bezkwasowy-nonacid-primer-pre-tender-do-paznokci-hybryd-zelu-7ml\/#primaryimage"},"image":{"@id":"https:\/\/velesnails.pl\/product\/clavier-primer-bezkwasowy-nonacid-primer-pre-tender-do-paznokci-hybryd-zelu-7ml\/#primaryimage"},"thumbnailUrl":"https:\/\/i0.wp.com\/velesnails.pl\/wp-content\/uploads\/2024\/07\/Clavier-NONACID-PRIMER.png?fit=851%2C850&ssl=1","datePublished":"2024-07-24T11:59:37+00:00","dateModified":"2025-12-29T12:32:00+00:00","breadcrumb":{"@id":"https:\/\/velesnails.pl\/product\/clavier-primer-bezkwasowy-nonacid-primer-pre-tender-do-paznokci-hybryd-zelu-7ml\/#breadcrumb"},"inLanguage":"uk","potentialAction":[{"@type":"ReadAction","target":["https:\/\/velesnails.pl\/product\/clavier-primer-bezkwasowy-nonacid-primer-pre-tender-do-paznokci-hybryd-zelu-7ml\/"]}]},{"@type":"ImageObject","inLanguage":"uk","@id":"https:\/\/velesnails.pl\/product\/clavier-primer-bezkwasowy-nonacid-primer-pre-tender-do-paznokci-hybryd-zelu-7ml\/#primaryimage","url":"https:\/\/i0.wp.com\/velesnails.pl\/wp-content\/uploads\/2024\/07\/Clavier-NONACID-PRIMER.png?fit=851%2C850&ssl=1","contentUrl":"https:\/\/i0.wp.com\/velesnails.pl\/wp-content\/uploads\/2024\/07\/Clavier-NONACID-PRIMER.png?fit=851%2C850&ssl=1","width":851,"height":850},{"@type":"BreadcrumbList","@id":"https:\/\/velesnails.pl\/product\/clavier-primer-bezkwasowy-nonacid-primer-pre-tender-do-paznokci-hybryd-zelu-7ml\/#breadcrumb","itemListElement":[{"@type":"ListItem","position":1,"name":"\u0413\u043e\u043b\u043e\u0432\u043d\u0430","item":"https:\/\/velesnails.pl\/"},{"@type":"ListItem","position":2,"name":"Sklep","item":"https:\/\/velesnails.pl\/shop\/"},{"@type":"ListItem","position":3,"name":"Clavier Primer bezkwasowy NONACID PRIMER PRE tender, do paznokci, hybryd, \u017celu, 7ml"}]},{"@type":"WebSite","@id":"https:\/\/velesnails.pl\/#website","url":"https:\/\/velesnails.pl\/","name":"\u0432\u0435\u043b\u0435\u0441\u043e\u0432\u0456 \u043d\u0456\u0433\u0442\u0456","description":"\u041c\u0430\u043d\u0456\u043a\u044e\u0440\u043d\u0438\u0439 \u0441\u0430\u043b\u043e\u043d","publisher":{"@id":"https:\/\/velesnails.pl\/#organization"},"potentialAction":[{"@type":"SearchAction","target":{"@type":"EntryPoint","urlTemplate":"https:\/\/velesnails.pl\/?s={search_term_string}"},"query-input":{"@type":"PropertyValueSpecification","valueRequired":true,"valueName":"search_term_string"}}],"inLanguage":"uk"},{"@type":"Organization","@id":"https:\/\/velesnails.pl\/#organization","name":"\u0432\u0435\u043b\u0435\u0441\u043e\u0432\u0456 \u043d\u0456\u0433\u0442\u0456","url":"https:\/\/velesnails.pl\/","logo":{"@type":"ImageObject","inLanguage":"uk","@id":"https:\/\/velesnails.pl\/#\/schema\/logo\/image\/","url":"https:\/\/i0.wp.com\/velesnails.pl\/wp-content\/uploads\/2025\/10\/cropped-obraz_viber_2025-10-22_13-55-55-969.jpg?fit=485%2C381&ssl=1","contentUrl":"https:\/\/i0.wp.com\/velesnails.pl\/wp-content\/uploads\/2025\/10\/cropped-obraz_viber_2025-10-22_13-55-55-969.jpg?fit=485%2C381&ssl=1","width":485,"height":381,"caption":"velesnails"},"image":{"@id":"https:\/\/velesnails.pl\/#\/schema\/logo\/image\/"}}]}},"_links":{"self":[{"href":"https:\/\/velesnails.pl\/uk\/wp-json\/wp\/v2\/product\/2929","targetHints":{"allow":["GET"]}}],"collection":[{"href":"https:\/\/velesnails.pl\/uk\/wp-json\/wp\/v2\/product"}],"about":[{"href":"https:\/\/velesnails.pl\/uk\/wp-json\/wp\/v2\/types\/product"}],"replies":[{"embeddable":true,"href":"https:\/\/velesnails.pl\/uk\/wp-json\/wp\/v2\/comments?post=2929"}],"wp:featuredmedia":[{"embeddable":true,"href":"https:\/\/velesnails.pl\/uk\/wp-json\/wp\/v2\/media\/2928"}],"wp:attachment":[{"href":"https:\/\/velesnails.pl\/uk\/wp-json\/wp\/v2\/media?parent=2929"}],"wp:term":[{"taxonomy":"product_brand","embeddable":true,"href":"https:\/\/velesnails.pl\/uk\/wp-json\/wp\/v2\/product_brand?post=2929"},{"taxonomy":"product_cat","embeddable":true,"href":"https:\/\/velesnails.pl\/uk\/wp-json\/wp\/v2\/product_cat?post=2929"},{"taxonomy":"product_tag","embeddable":true,"href":"https:\/\/velesnails.pl\/uk\/wp-json\/wp\/v2\/product_tag?post=2929"}],"curies":[{"name":"wp","href":"https:\/\/api.w.org\/{rel}","templated":true}]}}