{"id":2921,"date":"2024-07-24T14:39:17","date_gmt":"2024-07-24T11:39:17","guid":{"rendered":"https:\/\/velesnails.loc\/?post_type=product&#038;p=2921"},"modified":"2025-07-28T16:50:11","modified_gmt":"2025-07-28T13:50:11","slug":"mollylac-primer-bezkwasowy-non-acid-do-przygotowania-paznokci-10-ml","status":"publish","type":"product","link":"https:\/\/velesnails.pl\/uk\/product\/mollylac-primer-bezkwasowy-non-acid-do-przygotowania-paznokci-10-ml\/","title":{"rendered":"MollyLac Primer bezkwasowy non acid do przygotowania paznokci 10 ml"},"content":{"rendered":"<p>Bezkwasowy preparat przygotowuj\u0105cy, kt\u00f3ry dzia\u0142a jak dwustronna ta\u015bma klej\u0105ca, niezb\u0119dny do przygotowania naturalnej p\u0142ytki przed zastosowaniem lakier\u00f3w hybrydowych, \u017celi oraz akryli.<\/p>\n<p>Dedykowany do problematycznych paznokci.<\/p>\n<p>Wystarczy niewielka ilo\u015b\u0107 preparatu, do przygotowania p\u0142ytki pod stylizacj\u0119. Czas wch\u0142aniania i odparowania preparatu do 30 sekund.<\/p>\n<p>UWAGA!<\/p>\n<p>Primera nie nak\u0142ada si\u0119 na sk\u00f3rki!<\/p>\n<p>Uwaga: Podczas transportu w niskiej temperaturze primer kwasowy i bezkwasowy mo\u017ce zamarzn\u0105\u0107, ale pomimo zmiany stanu skupienia nie traci on swoich w\u0142a\u015bciwo\u015bci. Pozostaw buteleczk\u0119 w temperaturze pokojowej i poczekaj, a\u017c p\u0142yn wr\u00f3ci do w\u0142a\u015bciwej konsystencji. Nigdy nie odkr\u0119caj butelki, gdy primer jest zamarzni\u0119ty.<\/p>\n<p>Spos\u00f3b u\u017cycia:<\/p>\n<p>Dezynfekujemy d\u0142onie klientki<br \/>\nWykonujemy tradycyjny manicure (usuwaj\u0105c poprzedni\u0105 stylizacj\u0119)<br \/>\nZmi\u0119kczamy sk\u00f3rki preparatem Cuticule Remover Molly Lac, nast\u0119pnie za pomoc\u0105 d\u0142utka usuwamy.<br \/>\nOpracowujemy pilnikiem naturalny paznokie\u0107 nadaj\u0105c mu odpowiedni kszta\u0142t i d\u0142ugo\u015b\u0107<br \/>\nPowierzchni\u0119 paznokcia wyg\u0142adzamy bloczkiem polerskim<br \/>\nPrimer bezkwasowy Molly Lac aplikujemy na naturaln\u0105 p\u0142ytk\u0119, starannie omijaj\u0105c okolice sk\u00f3rek.<br \/>\nNa wytrawion\u0105 p\u0142ytk\u0119 paznokcia nak\u0142adamy produkt do stylizacji (\u017cel, baza hybrydowa, akryl)<\/p>\n<p>Ostrze\u017cenia:<\/p>\n<p>Produkt tylko do u\u017cytku profesjonalnego.<br \/>\nChroni\u0107 przed dzie\u0107mi.<br \/>\nMo\u017ce powodowa\u0107 reakcj\u0119 alergiczn\u0105.<br \/>\nProsz\u0119 uwa\u017cnie przeczyta\u0107 spos\u00f3b u\u017cycia.<\/p>","protected":false},"excerpt":{"rendered":"<p>Bezkwasowy preparat przygotowuj\u0105cy, kt\u00f3ry dzia\u0142a jak dwustronna ta\u015bma klej\u0105ca, niezb\u0119dny do przygotowania naturalnej p\u0142ytki przed zastosowaniem lakier\u00f3w hybrydowych, \u017celi oraz akryli. Dedykowany do problematycznych paznokci. Wystarczy niewielka ilo\u015b\u0107 preparatu, do przygotowania p\u0142ytki pod stylizacj\u0119. Czas wch\u0142aniania i odparowania preparatu do 30 sekund. UWAGA! Primera nie nak\u0142ada si\u0119 na sk\u00f3rki! Uwaga: Podczas transportu w niskiej temperaturze [&hellip;]<\/p>\n","protected":false},"featured_media":2919,"comment_status":"closed","ping_status":"closed","template":"","meta":{"om_disable_all_campaigns":false,"ocean_post_layout":"","ocean_both_sidebars_style":"","ocean_both_sidebars_content_width":0,"ocean_both_sidebars_sidebars_width":0,"ocean_sidebar":"0","ocean_second_sidebar":"0","ocean_disable_margins":"enable","ocean_add_body_class":"","ocean_shortcode_before_top_bar":"","ocean_shortcode_after_top_bar":"","ocean_shortcode_before_header":"","ocean_shortcode_after_header":"","ocean_has_shortcode":"","ocean_shortcode_after_title":"","ocean_shortcode_before_footer_widgets":"","ocean_shortcode_after_footer_widgets":"","ocean_shortcode_before_footer_bottom":"","ocean_shortcode_after_footer_bottom":"","ocean_display_top_bar":"default","ocean_display_header":"default","ocean_header_style":"","ocean_center_header_left_menu":"0","ocean_custom_header_template":"0","ocean_custom_logo":0,"ocean_custom_retina_logo":0,"ocean_custom_logo_max_width":0,"ocean_custom_logo_tablet_max_width":0,"ocean_custom_logo_mobile_max_width":0,"ocean_custom_logo_max_height":0,"ocean_custom_logo_tablet_max_height":0,"ocean_custom_logo_mobile_max_height":0,"ocean_header_custom_menu":"0","ocean_menu_typo_font_family":"0","ocean_menu_typo_font_subset":"","ocean_menu_typo_font_size":0,"ocean_menu_typo_font_size_tablet":0,"ocean_menu_typo_font_size_mobile":0,"ocean_menu_typo_font_size_unit":"px","ocean_menu_typo_font_weight":"","ocean_menu_typo_font_weight_tablet":"","ocean_menu_typo_font_weight_mobile":"","ocean_menu_typo_transform":"","ocean_menu_typo_transform_tablet":"","ocean_menu_typo_transform_mobile":"","ocean_menu_typo_line_height":0,"ocean_menu_typo_line_height_tablet":0,"ocean_menu_typo_line_height_mobile":0,"ocean_menu_typo_line_height_unit":"","ocean_menu_typo_spacing":0,"ocean_menu_typo_spacing_tablet":0,"ocean_menu_typo_spacing_mobile":0,"ocean_menu_typo_spacing_unit":"","ocean_menu_link_color":"","ocean_menu_link_color_hover":"","ocean_menu_link_color_active":"","ocean_menu_link_background":"","ocean_menu_link_hover_background":"","ocean_menu_link_active_background":"","ocean_menu_social_links_bg":"","ocean_menu_social_hover_links_bg":"","ocean_menu_social_links_color":"","ocean_menu_social_hover_links_color":"","ocean_disable_title":"default","ocean_disable_heading":"default","ocean_post_title":"","ocean_post_subheading":"","ocean_post_title_style":"","ocean_post_title_background_color":"","ocean_post_title_background":0,"ocean_post_title_bg_image_position":"","ocean_post_title_bg_image_attachment":"","ocean_post_title_bg_image_repeat":"","ocean_post_title_bg_image_size":"","ocean_post_title_height":0,"ocean_post_title_bg_overlay":0.5,"ocean_post_title_bg_overlay_color":"","ocean_disable_breadcrumbs":"default","ocean_breadcrumbs_color":"","ocean_breadcrumbs_separator_color":"","ocean_breadcrumbs_links_color":"","ocean_breadcrumbs_links_hover_color":"","ocean_display_footer_widgets":"default","ocean_display_footer_bottom":"default","ocean_custom_footer_template":"0"},"product_brand":[],"product_cat":[176,189,110,132,137],"product_tag":[],"class_list":{"0":"post-2921","1":"product","2":"type-product","3":"status-publish","4":"has-post-thumbnail","6":"product_cat-marki","7":"product_cat-molly-lac-1","8":"product_cat-paznokcie","9":"product_cat-plyny-i-preparaty","10":"product_cat-primer","12":"entry","13":"has-media","15":"first","16":"instock","17":"taxable","18":"shipping-taxable","19":"purchasable","20":"product-type-simple","21":"has-product-nav","22":"col","23":"span_1_of_3","24":"owp-content-center","25":"owp-thumbs-layout-horizontal","26":"owp-btn-normal","27":"owp-tabs-layout-horizontal","28":"has-no-thumbnails"},"yoast_head":"<!-- This site is optimized with the Yoast SEO plugin v27.5 - https:\/\/yoast.com\/product\/yoast-seo-wordpress\/ -->\n<title>MollyLac Primer bezkwasowy non acid do przygotowania paznokci 10 ml - velesnails<\/title>\n<meta name=\"robots\" content=\"index, follow, max-snippet:-1, max-image-preview:large, max-video-preview:-1\" \/>\n<link rel=\"canonical\" href=\"https:\/\/velesnails.pl\/uk\/product\/mollylac-primer-bezkwasowy-non-acid-do-przygotowania-paznokci-10-ml\/\" \/>\n<meta property=\"og:locale\" content=\"uk_UA\" \/>\n<meta property=\"og:type\" content=\"article\" \/>\n<meta property=\"og:title\" content=\"MollyLac Primer bezkwasowy non acid do przygotowania paznokci 10 ml - velesnails\" \/>\n<meta property=\"og:description\" content=\"Bezkwasowy preparat przygotowuj\u0105cy, kt\u00f3ry dzia\u0142a jak dwustronna ta\u015bma klej\u0105ca, niezb\u0119dny do przygotowania naturalnej p\u0142ytki przed zastosowaniem lakier\u00f3w hybrydowych, \u017celi oraz akryli. Dedykowany do problematycznych paznokci. Wystarczy niewielka ilo\u015b\u0107 preparatu, do przygotowania p\u0142ytki pod stylizacj\u0119. Czas wch\u0142aniania i odparowania preparatu do 30 sekund. UWAGA! Primera nie nak\u0142ada si\u0119 na sk\u00f3rki! Uwaga: Podczas transportu w niskiej temperaturze [&hellip;]\" \/>\n<meta property=\"og:url\" content=\"https:\/\/velesnails.pl\/uk\/product\/mollylac-primer-bezkwasowy-non-acid-do-przygotowania-paznokci-10-ml\/\" \/>\n<meta property=\"og:site_name\" content=\"velesnails\" \/>\n<meta property=\"article:modified_time\" content=\"2025-07-28T13:50:11+00:00\" \/>\n<meta property=\"og:image\" content=\"https:\/\/i0.wp.com\/velesnails.pl\/wp-content\/uploads\/2024\/07\/MollyLac-Primer-bezkwasowy-non-acid-10-ml.jpg?fit=500%2C496&ssl=1\" \/>\n\t<meta property=\"og:image:width\" content=\"500\" \/>\n\t<meta property=\"og:image:height\" content=\"496\" \/>\n\t<meta property=\"og:image:type\" content=\"image\/jpeg\" \/>\n<meta name=\"twitter:card\" content=\"summary_large_image\" \/>\n<meta name=\"twitter:label1\" content=\"\u041f\u0440\u0438\u0431\u043b. \u0447\u0430\u0441 \u0447\u0438\u0442\u0430\u043d\u043d\u044f\" \/>\n\t<meta name=\"twitter:data1\" content=\"1 \u0445\u0432\u0438\u043b\u0438\u043d\u0430\" \/>\n<script type=\"application\/ld+json\" class=\"yoast-schema-graph\">{\"@context\":\"https:\\\/\\\/schema.org\",\"@graph\":[{\"@type\":\"WebPage\",\"@id\":\"https:\\\/\\\/velesnails.pl\\\/product\\\/mollylac-primer-bezkwasowy-non-acid-do-przygotowania-paznokci-10-ml\\\/\",\"url\":\"https:\\\/\\\/velesnails.pl\\\/product\\\/mollylac-primer-bezkwasowy-non-acid-do-przygotowania-paznokci-10-ml\\\/\",\"name\":\"MollyLac Primer bezkwasowy non acid do przygotowania paznokci 10 ml - velesnails\",\"isPartOf\":{\"@id\":\"https:\\\/\\\/velesnails.pl\\\/#website\"},\"primaryImageOfPage\":{\"@id\":\"https:\\\/\\\/velesnails.pl\\\/product\\\/mollylac-primer-bezkwasowy-non-acid-do-przygotowania-paznokci-10-ml\\\/#primaryimage\"},\"image\":{\"@id\":\"https:\\\/\\\/velesnails.pl\\\/product\\\/mollylac-primer-bezkwasowy-non-acid-do-przygotowania-paznokci-10-ml\\\/#primaryimage\"},\"thumbnailUrl\":\"https:\\\/\\\/i0.wp.com\\\/velesnails.pl\\\/wp-content\\\/uploads\\\/2024\\\/07\\\/MollyLac-Primer-bezkwasowy-non-acid-10-ml.jpg?fit=500%2C496&ssl=1\",\"datePublished\":\"2024-07-24T11:39:17+00:00\",\"dateModified\":\"2025-07-28T13:50:11+00:00\",\"breadcrumb\":{\"@id\":\"https:\\\/\\\/velesnails.pl\\\/product\\\/mollylac-primer-bezkwasowy-non-acid-do-przygotowania-paznokci-10-ml\\\/#breadcrumb\"},\"inLanguage\":\"uk\",\"potentialAction\":[{\"@type\":\"ReadAction\",\"target\":[\"https:\\\/\\\/velesnails.pl\\\/product\\\/mollylac-primer-bezkwasowy-non-acid-do-przygotowania-paznokci-10-ml\\\/\"]}]},{\"@type\":\"ImageObject\",\"inLanguage\":\"uk\",\"@id\":\"https:\\\/\\\/velesnails.pl\\\/product\\\/mollylac-primer-bezkwasowy-non-acid-do-przygotowania-paznokci-10-ml\\\/#primaryimage\",\"url\":\"https:\\\/\\\/i0.wp.com\\\/velesnails.pl\\\/wp-content\\\/uploads\\\/2024\\\/07\\\/MollyLac-Primer-bezkwasowy-non-acid-10-ml.jpg?fit=500%2C496&ssl=1\",\"contentUrl\":\"https:\\\/\\\/i0.wp.com\\\/velesnails.pl\\\/wp-content\\\/uploads\\\/2024\\\/07\\\/MollyLac-Primer-bezkwasowy-non-acid-10-ml.jpg?fit=500%2C496&ssl=1\",\"width\":500,\"height\":496},{\"@type\":\"BreadcrumbList\",\"@id\":\"https:\\\/\\\/velesnails.pl\\\/product\\\/mollylac-primer-bezkwasowy-non-acid-do-przygotowania-paznokci-10-ml\\\/#breadcrumb\",\"itemListElement\":[{\"@type\":\"ListItem\",\"position\":1,\"name\":\"\u0413\u043e\u043b\u043e\u0432\u043d\u0430\",\"item\":\"https:\\\/\\\/velesnails.pl\\\/\"},{\"@type\":\"ListItem\",\"position\":2,\"name\":\"Sklep\",\"item\":\"https:\\\/\\\/velesnails.pl\\\/shop\\\/\"},{\"@type\":\"ListItem\",\"position\":3,\"name\":\"MollyLac Primer bezkwasowy non acid do przygotowania paznokci 10 ml\"}]},{\"@type\":\"WebSite\",\"@id\":\"https:\\\/\\\/velesnails.pl\\\/#website\",\"url\":\"https:\\\/\\\/velesnails.pl\\\/\",\"name\":\"velesnails\",\"description\":\"Sklep z manicure\",\"publisher\":{\"@id\":\"https:\\\/\\\/velesnails.pl\\\/#organization\"},\"potentialAction\":[{\"@type\":\"SearchAction\",\"target\":{\"@type\":\"EntryPoint\",\"urlTemplate\":\"https:\\\/\\\/velesnails.pl\\\/?s={search_term_string}\"},\"query-input\":{\"@type\":\"PropertyValueSpecification\",\"valueRequired\":true,\"valueName\":\"search_term_string\"}}],\"inLanguage\":\"uk\"},{\"@type\":\"Organization\",\"@id\":\"https:\\\/\\\/velesnails.pl\\\/#organization\",\"name\":\"velesnails\",\"url\":\"https:\\\/\\\/velesnails.pl\\\/\",\"logo\":{\"@type\":\"ImageObject\",\"inLanguage\":\"uk\",\"@id\":\"https:\\\/\\\/velesnails.pl\\\/#\\\/schema\\\/logo\\\/image\\\/\",\"url\":\"https:\\\/\\\/i0.wp.com\\\/velesnails.pl\\\/wp-content\\\/uploads\\\/2025\\\/10\\\/cropped-obraz_viber_2025-10-22_13-55-55-969.jpg?fit=485%2C381&ssl=1\",\"contentUrl\":\"https:\\\/\\\/i0.wp.com\\\/velesnails.pl\\\/wp-content\\\/uploads\\\/2025\\\/10\\\/cropped-obraz_viber_2025-10-22_13-55-55-969.jpg?fit=485%2C381&ssl=1\",\"width\":485,\"height\":381,\"caption\":\"velesnails\"},\"image\":{\"@id\":\"https:\\\/\\\/velesnails.pl\\\/#\\\/schema\\\/logo\\\/image\\\/\"}}]}<\/script>\n<!-- \/ Yoast SEO plugin. -->","yoast_head_json":{"title":"MollyLac Primer bezkwasowy non acid do przygotowania paznokci 10 ml - velesnails","robots":{"index":"index","follow":"follow","max-snippet":"max-snippet:-1","max-image-preview":"max-image-preview:large","max-video-preview":"max-video-preview:-1"},"canonical":"https:\/\/velesnails.pl\/uk\/product\/mollylac-primer-bezkwasowy-non-acid-do-przygotowania-paznokci-10-ml\/","og_locale":"uk_UA","og_type":"article","og_title":"MollyLac Primer bezkwasowy non acid do przygotowania paznokci 10 ml - velesnails","og_description":"Bezkwasowy preparat przygotowuj\u0105cy, kt\u00f3ry dzia\u0142a jak dwustronna ta\u015bma klej\u0105ca, niezb\u0119dny do przygotowania naturalnej p\u0142ytki przed zastosowaniem lakier\u00f3w hybrydowych, \u017celi oraz akryli. Dedykowany do problematycznych paznokci. Wystarczy niewielka ilo\u015b\u0107 preparatu, do przygotowania p\u0142ytki pod stylizacj\u0119. Czas wch\u0142aniania i odparowania preparatu do 30 sekund. UWAGA! Primera nie nak\u0142ada si\u0119 na sk\u00f3rki! Uwaga: Podczas transportu w niskiej temperaturze [&hellip;]","og_url":"https:\/\/velesnails.pl\/uk\/product\/mollylac-primer-bezkwasowy-non-acid-do-przygotowania-paznokci-10-ml\/","og_site_name":"velesnails","article_modified_time":"2025-07-28T13:50:11+00:00","og_image":[{"width":500,"height":496,"url":"https:\/\/i0.wp.com\/velesnails.pl\/wp-content\/uploads\/2024\/07\/MollyLac-Primer-bezkwasowy-non-acid-10-ml.jpg?fit=500%2C496&ssl=1","type":"image\/jpeg"}],"twitter_card":"summary_large_image","twitter_misc":{"\u041f\u0440\u0438\u0431\u043b. \u0447\u0430\u0441 \u0447\u0438\u0442\u0430\u043d\u043d\u044f":"1 \u0445\u0432\u0438\u043b\u0438\u043d\u0430"},"schema":{"@context":"https:\/\/schema.org","@graph":[{"@type":"WebPage","@id":"https:\/\/velesnails.pl\/product\/mollylac-primer-bezkwasowy-non-acid-do-przygotowania-paznokci-10-ml\/","url":"https:\/\/velesnails.pl\/product\/mollylac-primer-bezkwasowy-non-acid-do-przygotowania-paznokci-10-ml\/","name":"MollyLac Primer bezkwasowy non acid do przygotowania paznokci 10 ml - velesnails","isPartOf":{"@id":"https:\/\/velesnails.pl\/#website"},"primaryImageOfPage":{"@id":"https:\/\/velesnails.pl\/product\/mollylac-primer-bezkwasowy-non-acid-do-przygotowania-paznokci-10-ml\/#primaryimage"},"image":{"@id":"https:\/\/velesnails.pl\/product\/mollylac-primer-bezkwasowy-non-acid-do-przygotowania-paznokci-10-ml\/#primaryimage"},"thumbnailUrl":"https:\/\/i0.wp.com\/velesnails.pl\/wp-content\/uploads\/2024\/07\/MollyLac-Primer-bezkwasowy-non-acid-10-ml.jpg?fit=500%2C496&ssl=1","datePublished":"2024-07-24T11:39:17+00:00","dateModified":"2025-07-28T13:50:11+00:00","breadcrumb":{"@id":"https:\/\/velesnails.pl\/product\/mollylac-primer-bezkwasowy-non-acid-do-przygotowania-paznokci-10-ml\/#breadcrumb"},"inLanguage":"uk","potentialAction":[{"@type":"ReadAction","target":["https:\/\/velesnails.pl\/product\/mollylac-primer-bezkwasowy-non-acid-do-przygotowania-paznokci-10-ml\/"]}]},{"@type":"ImageObject","inLanguage":"uk","@id":"https:\/\/velesnails.pl\/product\/mollylac-primer-bezkwasowy-non-acid-do-przygotowania-paznokci-10-ml\/#primaryimage","url":"https:\/\/i0.wp.com\/velesnails.pl\/wp-content\/uploads\/2024\/07\/MollyLac-Primer-bezkwasowy-non-acid-10-ml.jpg?fit=500%2C496&ssl=1","contentUrl":"https:\/\/i0.wp.com\/velesnails.pl\/wp-content\/uploads\/2024\/07\/MollyLac-Primer-bezkwasowy-non-acid-10-ml.jpg?fit=500%2C496&ssl=1","width":500,"height":496},{"@type":"BreadcrumbList","@id":"https:\/\/velesnails.pl\/product\/mollylac-primer-bezkwasowy-non-acid-do-przygotowania-paznokci-10-ml\/#breadcrumb","itemListElement":[{"@type":"ListItem","position":1,"name":"\u0413\u043e\u043b\u043e\u0432\u043d\u0430","item":"https:\/\/velesnails.pl\/"},{"@type":"ListItem","position":2,"name":"Sklep","item":"https:\/\/velesnails.pl\/shop\/"},{"@type":"ListItem","position":3,"name":"MollyLac Primer bezkwasowy non acid do przygotowania paznokci 10 ml"}]},{"@type":"WebSite","@id":"https:\/\/velesnails.pl\/#website","url":"https:\/\/velesnails.pl\/","name":"\u0432\u0435\u043b\u0435\u0441\u043e\u0432\u0456 \u043d\u0456\u0433\u0442\u0456","description":"\u041c\u0430\u043d\u0456\u043a\u044e\u0440\u043d\u0438\u0439 \u0441\u0430\u043b\u043e\u043d","publisher":{"@id":"https:\/\/velesnails.pl\/#organization"},"potentialAction":[{"@type":"SearchAction","target":{"@type":"EntryPoint","urlTemplate":"https:\/\/velesnails.pl\/?s={search_term_string}"},"query-input":{"@type":"PropertyValueSpecification","valueRequired":true,"valueName":"search_term_string"}}],"inLanguage":"uk"},{"@type":"Organization","@id":"https:\/\/velesnails.pl\/#organization","name":"\u0432\u0435\u043b\u0435\u0441\u043e\u0432\u0456 \u043d\u0456\u0433\u0442\u0456","url":"https:\/\/velesnails.pl\/","logo":{"@type":"ImageObject","inLanguage":"uk","@id":"https:\/\/velesnails.pl\/#\/schema\/logo\/image\/","url":"https:\/\/i0.wp.com\/velesnails.pl\/wp-content\/uploads\/2025\/10\/cropped-obraz_viber_2025-10-22_13-55-55-969.jpg?fit=485%2C381&ssl=1","contentUrl":"https:\/\/i0.wp.com\/velesnails.pl\/wp-content\/uploads\/2025\/10\/cropped-obraz_viber_2025-10-22_13-55-55-969.jpg?fit=485%2C381&ssl=1","width":485,"height":381,"caption":"velesnails"},"image":{"@id":"https:\/\/velesnails.pl\/#\/schema\/logo\/image\/"}}]}},"_links":{"self":[{"href":"https:\/\/velesnails.pl\/uk\/wp-json\/wp\/v2\/product\/2921","targetHints":{"allow":["GET"]}}],"collection":[{"href":"https:\/\/velesnails.pl\/uk\/wp-json\/wp\/v2\/product"}],"about":[{"href":"https:\/\/velesnails.pl\/uk\/wp-json\/wp\/v2\/types\/product"}],"replies":[{"embeddable":true,"href":"https:\/\/velesnails.pl\/uk\/wp-json\/wp\/v2\/comments?post=2921"}],"wp:featuredmedia":[{"embeddable":true,"href":"https:\/\/velesnails.pl\/uk\/wp-json\/wp\/v2\/media\/2919"}],"wp:attachment":[{"href":"https:\/\/velesnails.pl\/uk\/wp-json\/wp\/v2\/media?parent=2921"}],"wp:term":[{"taxonomy":"product_brand","embeddable":true,"href":"https:\/\/velesnails.pl\/uk\/wp-json\/wp\/v2\/product_brand?post=2921"},{"taxonomy":"product_cat","embeddable":true,"href":"https:\/\/velesnails.pl\/uk\/wp-json\/wp\/v2\/product_cat?post=2921"},{"taxonomy":"product_tag","embeddable":true,"href":"https:\/\/velesnails.pl\/uk\/wp-json\/wp\/v2\/product_tag?post=2921"}],"curies":[{"name":"wp","href":"https:\/\/api.w.org\/{rel}","templated":true}]}}