{"id":2912,"date":"2024-07-24T14:07:47","date_gmt":"2024-07-24T11:07:47","guid":{"rendered":"https:\/\/velesnails.loc\/?post_type=product&#038;p=2912"},"modified":"2025-10-13T15:28:40","modified_gmt":"2025-10-13T12:28:40","slug":"nails-of-the-day-onistop-olejek-regenerujacy-dla-paznokci-z-onycholiza-15-ml","status":"publish","type":"product","link":"https:\/\/velesnails.pl\/uk\/product\/nails-of-the-day-onistop-\u0440\u0435\u0433\u0435\u043d\u0435\u0440\u0443\u044e\u0447\u0430-\u043e\u043b\u0456\u044f-\u0434\u043b\u044f-\u043d\u0456\u0433\u0442\u0456\u0432-\u0437-\u043e\u043d\u0456\/","title":{"rendered":"ONISTOP NAILSOFTHEDAY - \u0440\u0435\u0433\u0435\u043d\u0435\u0440\u0443\u044e\u0447\u0430 \u043e\u043b\u0456\u044f \u0434\u043b\u044f \u043d\u0456\u0433\u0442\u0456\u0432 \u043f\u0440\u0438 \u043e\u043d\u0456\u0445\u043e\u043b\u0456\u0437\u0438\u0441\u0456, 15 \u043c\u043b"},"content":{"rendered":"<p>\u041c\u0438 \u0440\u0430\u0434\u0456 \u043f\u0440\u0435\u0434\u0441\u0442\u0430\u0432\u0438\u0442\u0438 \u041d\u041e\u0412\u0423 \u043b\u0456\u043a\u0443\u0432\u0430\u043b\u044c\u043d\u0443 \u043e\u043b\u0456\u044e ONISTOP. \u0441\u0442\u0432\u043e\u0440\u0435\u043d\u0435 \u0456 \u0440\u043e\u0437\u0440\u043e\u0431\u043b\u0435\u043d\u0435 \u043a\u043e\u043c\u043f\u0430\u043d\u0456\u0454\u044e NAILSOFTHEDAY. \u0426\u0435 \u043f\u0440\u043e\u0434\u0443\u043a\u0442, \u044f\u043a\u0438\u0439 \u043c\u043e\u0436\u0435 \u0434\u043e\u043f\u043e\u043c\u043e\u0433\u0442\u0438 \u0431\u0430\u0433\u0430\u0442\u044c\u043e\u043c \u043b\u044e\u0434\u044f\u043c \u0432 \u0431\u043e\u0440\u043e\u0442\u044c\u0431\u0456 \u0437 \u043e\u043d\u0456\u0445\u043e\u043b\u0456\u0437\u0438\u0441\u043e\u043c \u0456 \u0441\u0442\u0440\u0438\u0433\u0443\u0447\u0438\u043c \u043b\u0438\u0448\u0430\u0454\u043c. \u0421\u043e\u0442\u043d\u0456 \u0435\u043a\u0441\u043f\u0435\u0440\u0438\u043c\u0435\u043d\u0442\u0456\u0432, \u043a\u043e\u043c\u0431\u0456\u043d\u0430\u0446\u0456\u0439 \u043a\u043e\u043c\u043f\u043e\u043d\u0435\u043d\u0442\u0456\u0432, \u043f\u0440\u043e\u0431 \u0456 \u043f\u043e\u043c\u0438\u043b\u043e\u043a - \u043e\u0441\u044c \u043d\u0430\u0434 \u0447\u0438\u043c \u043f\u0440\u0430\u0446\u044e\u0432\u0430\u043b\u0430 \u043a\u043e\u043c\u0430\u043d\u0434\u0430 NAILOFTHEDAY, \u043d\u0435\u0437\u0432\u0430\u0436\u0430\u044e\u0447\u0438 \u043d\u0456 \u043d\u0430 \u0449\u043e! \u041d\u043e\u0432\u0430 \u0443\u043d\u0456\u043a\u0430\u043b\u044c\u043d\u0430 \u0444\u043e\u0440\u043c\u0443\u043b\u0430 \u043e\u043b\u0456\u0457 \u0434\u043b\u044f \u043d\u0456\u0433\u0442\u0456\u0432 \u0442\u0430 \u043a\u0443\u0442\u0438\u043a\u0443\u043b\u0438 \u0432\u0438\u043a\u043e\u0440\u0438\u0441\u0442\u043e\u0432\u0443\u0454\u0442\u044c\u0441\u044f \u0434\u043b\u044f \u043b\u0456\u043a\u0443\u0432\u0430\u043d\u043d\u044f \u043e\u043d\u0456\u0445\u043e\u043b\u0456\u0437\u0438\u0441\u0443, \u0430 \u0442\u0430\u043a\u043e\u0436 \u0434\u043b\u044f \u0434\u043e\u0433\u043b\u044f\u0434\u0443 \u0437\u0430 \u043d\u043e\u0440\u043c\u0430\u043b\u044c\u043d\u0438\u043c\u0438 \u0442\u0430 \u043f\u043e\u0448\u043a\u043e\u0434\u0436\u0435\u043d\u0438\u043c\u0438 \u043d\u0456\u0433\u0442\u044c\u043e\u0432\u0438\u043c\u0438 \u043f\u043b\u0430\u0441\u0442\u0438\u043d\u0430\u043c\u0438.<\/p>\n<p>\u0420\u0435\u0433\u0443\u043b\u044f\u0440\u043d\u0435 \u0432\u0438\u043a\u043e\u0440\u0438\u0441\u0442\u0430\u043d\u043d\u044f \u0446\u044c\u043e\u0433\u043e \u0437\u0430\u0441\u043e\u0431\u0443 \u0434\u043b\u044f \u043d\u0456\u0433\u0442\u0456\u0432 \u0434\u043e\u043f\u043e\u043c\u0430\u0433\u0430\u0454 \u043f\u0440\u0438\u0441\u043a\u043e\u0440\u0438\u0442\u0438 \u0440\u0435\u0433\u0435\u043d\u0435\u0440\u0430\u0446\u0456\u044e \u0442\u0430 \u0437\u0434\u043e\u0440\u043e\u0432\u0438\u0439 \u0440\u0456\u0441\u0442 \u043d\u0456\u0433\u0442\u044c\u043e\u0432\u0438\u0445 \u043f\u043b\u0430\u0441\u0442\u0438\u043d, \u043e\u0441\u043e\u0431\u043b\u0438\u0432\u043e \u0443 \u0432\u0438\u043f\u0430\u0434\u043a\u0430\u0445 \u043b\u0430\u043c\u043a\u043e\u0441\u0442\u0456 \u0442\u0430 \u0441\u043b\u0430\u0431\u043a\u043e\u0441\u0442\u0456.<\/p>\n<p>\u041d\u0435\u0445\u0430\u0439 \u0443\u0441\u0456 \u043f\u043e\u0431\u043e\u044e\u0432\u0430\u043d\u043d\u044f \u0449\u043e\u0434\u043e \u043d\u0435\u0437\u0434\u043e\u0440\u043e\u0432\u0438\u0445 \u043d\u0456\u0433\u0442\u0456\u0432 \u0437\u0430\u043b\u0438\u0448\u0430\u0442\u044c\u0441\u044f \u0434\u0435\u0441\u044c \u0443 \u043c\u0438\u043d\u0443\u043b\u043e\u043c\u0443, \u0430 \u0432\u0430\u0448\u0456 \u043a\u043b\u0456\u0454\u043d\u0442\u0438 \u0441\u043a\u0430\u0436\u0443\u0442\u044c \u0432\u0430\u043c \"\u0434\u044f\u043a\u0443\u044e\".<\/p>\n<p>\u042f\u041a \u0412\u0418\u041a\u041e\u0420\u0418\u0421\u0422\u041e\u0412\u0423\u0412\u0410\u0422\u0418<br \/>\n\u041e\u043b\u0456\u044e \u0441\u043b\u0456\u0434 \u043d\u0430\u043d\u043e\u0441\u0438\u0442\u0438 \u043d\u0430 \u0447\u0438\u0441\u0442\u0443, \u0432\u043e\u043b\u043e\u0433\u0443 \u0448\u043a\u0456\u0440\u0443. \u041b\u0438\u0448\u0435 \u043f\u043e \u043a\u0440\u0430\u043f\u043b\u0438\u043d\u0456 \u043d\u0430 \u043d\u0456\u0433\u0442\u044c\u043e\u0432\u0443 \u043f\u043b\u0430\u0441\u0442\u0438\u043d\u0443 \u0432\u0440\u0430\u043d\u0446\u0456 \u0442\u0430 \u0432\u0432\u0435\u0447\u0435\u0440\u0456. \u0414\u0430\u0439\u0442\u0435 \u043e\u043b\u0456\u0457 \u0432\u0431\u0440\u0430\u0442\u0438\u0441\u044f \u0456 \u043c\u0430\u0441\u0430\u0436\u043d\u0438\u043c\u0438 \u0440\u0443\u0445\u0430\u043c\u0438 \u0432\u0442\u0438\u0440\u0430\u0439\u0442\u0435 \u0432 \u043a\u0443\u0442\u0438\u043a\u0443\u043b\u0443 \u043d\u0430\u0432\u043a\u043e\u043b\u043e \u043d\u0456\u0433\u0442\u044f.<br \/>\n\u0412\u0438\u043a\u043e\u0440\u0438\u0441\u0442\u043e\u0432\u0443\u0439\u0442\u0435 \u0434\u043b\u044f \u043f\u043e\u0432\u043d\u043e\u0457 \u0440\u0435\u0433\u0435\u043d\u0435\u0440\u0430\u0446\u0456\u0457 \u043d\u0456\u0433\u0442\u044c\u043e\u0432\u043e\u0457 \u043f\u043b\u0430\u0441\u0442\u0438\u043d\u0438.<\/p>\n<p>\u0421\u043a\u043b\u0430\u0434: \u043e\u043b\u0456\u044f \u0437\u0430\u0440\u043e\u0434\u043a\u0456\u0432 \u0442\u0440\u0438\u0442\u0438\u043a\u0430\u043b\u0435, \u0435\u0444\u0456\u0440\u043d\u0430 \u043e\u043b\u0456\u044f \u0435\u0432\u043a\u0430\u043b\u0456\u043f\u0442\u0430, \u0435\u0444\u0456\u0440\u043d\u0430 \u043e\u043b\u0456\u044f \u0447\u0435\u0431\u0440\u0435\u0446\u044e, \u0435\u0444\u0456\u0440\u043d\u0430 \u043e\u043b\u0456\u044f \u0447\u0430\u0439\u043d\u043e\u0433\u043e \u0434\u0435\u0440\u0435\u0432\u0430 (Melaleuca Alternifolia), \u0435\u0444\u0456\u0440\u043d\u0430 \u043e\u043b\u0456\u044f \u0447\u0435\u0431\u0440\u0435\u0446\u044e \u0437\u0438\u0433\u0438, \u043e\u043b\u0456\u044f \u043b\u0438\u0441\u0442\u044f \u0441\u043e\u0441\u043d\u0438 \u0437\u0432\u0438\u0447\u0430\u0439\u043d\u043e\u0457<\/p>","protected":false},"excerpt":{"rendered":"<p>Mamy przyjemno\u015b\u0107 zaprezentowa\u0107 NOWY olejek leczniczy ONISTOP. stworzony i opracowany przez NAILSOFTHEDAY. Jest to produkt, kt\u00f3ry mo\u017ce pom\u00f3c wielu osobom w walce z onycholiz\u0105 i grzybic\u0105. Setki eksperyment\u00f3w, kombinacji komponent\u00f3w, pr\u00f3b i b\u0142\u0119d\u00f3w &#8211; to, nad czym bez wzgl\u0119du na wszystko pracowa\u0142 zesp\u00f3\u0142 NAILOFTHEDAY! Nowa unikalna formu\u0142a olejku do paznokci i sk\u00f3rek jest stosowana w [&hellip;]<\/p>\n","protected":false},"featured_media":2914,"comment_status":"closed","ping_status":"closed","template":"","meta":{"om_disable_all_campaigns":false,"ocean_post_layout":"","ocean_both_sidebars_style":"","ocean_both_sidebars_content_width":0,"ocean_both_sidebars_sidebars_width":0,"ocean_sidebar":"0","ocean_second_sidebar":"0","ocean_disable_margins":"enable","ocean_add_body_class":"","ocean_shortcode_before_top_bar":"","ocean_shortcode_after_top_bar":"","ocean_shortcode_before_header":"","ocean_shortcode_after_header":"","ocean_has_shortcode":"","ocean_shortcode_after_title":"","ocean_shortcode_before_footer_widgets":"","ocean_shortcode_after_footer_widgets":"","ocean_shortcode_before_footer_bottom":"","ocean_shortcode_after_footer_bottom":"","ocean_display_top_bar":"default","ocean_display_header":"default","ocean_header_style":"","ocean_center_header_left_menu":"0","ocean_custom_header_template":"0","ocean_custom_logo":0,"ocean_custom_retina_logo":0,"ocean_custom_logo_max_width":0,"ocean_custom_logo_tablet_max_width":0,"ocean_custom_logo_mobile_max_width":0,"ocean_custom_logo_max_height":0,"ocean_custom_logo_tablet_max_height":0,"ocean_custom_logo_mobile_max_height":0,"ocean_header_custom_menu":"0","ocean_menu_typo_font_family":"0","ocean_menu_typo_font_subset":"","ocean_menu_typo_font_size":0,"ocean_menu_typo_font_size_tablet":0,"ocean_menu_typo_font_size_mobile":0,"ocean_menu_typo_font_size_unit":"px","ocean_menu_typo_font_weight":"","ocean_menu_typo_font_weight_tablet":"","ocean_menu_typo_font_weight_mobile":"","ocean_menu_typo_transform":"","ocean_menu_typo_transform_tablet":"","ocean_menu_typo_transform_mobile":"","ocean_menu_typo_line_height":0,"ocean_menu_typo_line_height_tablet":0,"ocean_menu_typo_line_height_mobile":0,"ocean_menu_typo_line_height_unit":"","ocean_menu_typo_spacing":0,"ocean_menu_typo_spacing_tablet":0,"ocean_menu_typo_spacing_mobile":0,"ocean_menu_typo_spacing_unit":"","ocean_menu_link_color":"","ocean_menu_link_color_hover":"","ocean_menu_link_color_active":"","ocean_menu_link_background":"","ocean_menu_link_hover_background":"","ocean_menu_link_active_background":"","ocean_menu_social_links_bg":"","ocean_menu_social_hover_links_bg":"","ocean_menu_social_links_color":"","ocean_menu_social_hover_links_color":"","ocean_disable_title":"default","ocean_disable_heading":"default","ocean_post_title":"","ocean_post_subheading":"","ocean_post_title_style":"","ocean_post_title_background_color":"","ocean_post_title_background":0,"ocean_post_title_bg_image_position":"","ocean_post_title_bg_image_attachment":"","ocean_post_title_bg_image_repeat":"","ocean_post_title_bg_image_size":"","ocean_post_title_height":0,"ocean_post_title_bg_overlay":0.5,"ocean_post_title_bg_overlay_color":"","ocean_disable_breadcrumbs":"default","ocean_breadcrumbs_color":"","ocean_breadcrumbs_separator_color":"","ocean_breadcrumbs_links_color":"","ocean_breadcrumbs_links_hover_color":"","ocean_display_footer_widgets":"default","ocean_display_footer_bottom":"default","ocean_custom_footer_template":"0"},"product_brand":[],"product_cat":[176,188,136,110,132],"product_tag":[],"class_list":{"0":"post-2912","1":"product","2":"type-product","3":"status-publish","4":"has-post-thumbnail","6":"product_cat-marki","7":"product_cat-nailsoftheday-1","8":"product_cat-oliwki-do-skorek","9":"product_cat-paznokcie","10":"product_cat-plyny-i-preparaty","12":"entry","13":"has-media","15":"first","16":"instock","17":"taxable","18":"shipping-taxable","19":"purchasable","20":"product-type-simple","21":"has-product-nav","22":"col","23":"span_1_of_3","24":"owp-content-center","25":"owp-thumbs-layout-horizontal","26":"owp-btn-normal","27":"owp-tabs-layout-horizontal","28":"has-no-thumbnails"},"yoast_head":"<!-- This site is optimized with the Yoast SEO plugin v27.6 - https:\/\/yoast.com\/product\/yoast-seo-wordpress\/ -->\n<title>ONISTOP NAILSOFTHEDAY- olejek regeneruj\u0105cy dla paznokci z onycholiz\u0105, 15 ml - velesnails<\/title>\n<meta name=\"robots\" content=\"index, follow, max-snippet:-1, max-image-preview:large, max-video-preview:-1\" \/>\n<link rel=\"canonical\" href=\"https:\/\/velesnails.pl\/uk\/product\/nails-of-the-day-onistop-\u0440\u0435\u0433\u0435\u043d\u0435\u0440\u0443\u044e\u0447\u0430-\u043e\u043b\u0456\u044f-\u0434\u043b\u044f-\u043d\u0456\u0433\u0442\u0456\u0432-\u0437-\u043e\u043d\u0456\/\" \/>\n<meta property=\"og:locale\" content=\"uk_UA\" \/>\n<meta property=\"og:type\" content=\"article\" \/>\n<meta property=\"og:title\" content=\"ONISTOP NAILSOFTHEDAY- olejek regeneruj\u0105cy dla paznokci z onycholiz\u0105, 15 ml - velesnails\" \/>\n<meta property=\"og:description\" content=\"Mamy przyjemno\u015b\u0107 zaprezentowa\u0107 NOWY olejek leczniczy ONISTOP. stworzony i opracowany przez NAILSOFTHEDAY. Jest to produkt, kt\u00f3ry mo\u017ce pom\u00f3c wielu osobom w walce z onycholiz\u0105 i grzybic\u0105. Setki eksperyment\u00f3w, kombinacji komponent\u00f3w, pr\u00f3b i b\u0142\u0119d\u00f3w &#8211; to, nad czym bez wzgl\u0119du na wszystko pracowa\u0142 zesp\u00f3\u0142 NAILOFTHEDAY! Nowa unikalna formu\u0142a olejku do paznokci i sk\u00f3rek jest stosowana w [&hellip;]\" \/>\n<meta property=\"og:url\" content=\"https:\/\/velesnails.pl\/uk\/product\/nails-of-the-day-onistop-\u0440\u0435\u0433\u0435\u043d\u0435\u0440\u0443\u044e\u0447\u0430-\u043e\u043b\u0456\u044f-\u0434\u043b\u044f-\u043d\u0456\u0433\u0442\u0456\u0432-\u0437-\u043e\u043d\u0456\/\" \/>\n<meta property=\"og:site_name\" content=\"velesnails\" \/>\n<meta property=\"article:modified_time\" content=\"2025-10-13T12:28:40+00:00\" \/>\n<meta property=\"og:image\" content=\"https:\/\/velesnails.pl\/wp-content\/uploads\/2024\/07\/ONISTOP-NAILSOFTHEDAY-15ml.jpg\" \/>\n\t<meta property=\"og:image:width\" content=\"500\" \/>\n\t<meta property=\"og:image:height\" content=\"500\" \/>\n\t<meta property=\"og:image:type\" content=\"image\/jpeg\" \/>\n<meta name=\"twitter:card\" content=\"summary_large_image\" \/>\n<meta name=\"twitter:label1\" content=\"\u041f\u0440\u0438\u0431\u043b. \u0447\u0430\u0441 \u0447\u0438\u0442\u0430\u043d\u043d\u044f\" \/>\n\t<meta name=\"twitter:data1\" content=\"1 \u0445\u0432\u0438\u043b\u0438\u043d\u0430\" \/>\n<script type=\"application\/ld+json\" class=\"yoast-schema-graph\">{\"@context\":\"https:\\\/\\\/schema.org\",\"@graph\":[{\"@type\":\"WebPage\",\"@id\":\"https:\\\/\\\/velesnails.pl\\\/product\\\/nails-of-the-day-onistop-olejek-regenerujacy-dla-paznokci-z-onycholiza-15-ml\\\/\",\"url\":\"https:\\\/\\\/velesnails.pl\\\/product\\\/nails-of-the-day-onistop-olejek-regenerujacy-dla-paznokci-z-onycholiza-15-ml\\\/\",\"name\":\"ONISTOP NAILSOFTHEDAY- olejek regeneruj\u0105cy dla paznokci z onycholiz\u0105, 15 ml - velesnails\",\"isPartOf\":{\"@id\":\"https:\\\/\\\/velesnails.pl\\\/#website\"},\"primaryImageOfPage\":{\"@id\":\"https:\\\/\\\/velesnails.pl\\\/product\\\/nails-of-the-day-onistop-olejek-regenerujacy-dla-paznokci-z-onycholiza-15-ml\\\/#primaryimage\"},\"image\":{\"@id\":\"https:\\\/\\\/velesnails.pl\\\/product\\\/nails-of-the-day-onistop-olejek-regenerujacy-dla-paznokci-z-onycholiza-15-ml\\\/#primaryimage\"},\"thumbnailUrl\":\"https:\\\/\\\/i0.wp.com\\\/velesnails.pl\\\/wp-content\\\/uploads\\\/2024\\\/07\\\/ONISTOP-NAILSOFTHEDAY-15ml.jpg?fit=500%2C500&ssl=1\",\"datePublished\":\"2024-07-24T11:07:47+00:00\",\"dateModified\":\"2025-10-13T12:28:40+00:00\",\"breadcrumb\":{\"@id\":\"https:\\\/\\\/velesnails.pl\\\/product\\\/nails-of-the-day-onistop-olejek-regenerujacy-dla-paznokci-z-onycholiza-15-ml\\\/#breadcrumb\"},\"inLanguage\":\"uk\",\"potentialAction\":[{\"@type\":\"ReadAction\",\"target\":[\"https:\\\/\\\/velesnails.pl\\\/product\\\/nails-of-the-day-onistop-olejek-regenerujacy-dla-paznokci-z-onycholiza-15-ml\\\/\"]}]},{\"@type\":\"ImageObject\",\"inLanguage\":\"uk\",\"@id\":\"https:\\\/\\\/velesnails.pl\\\/product\\\/nails-of-the-day-onistop-olejek-regenerujacy-dla-paznokci-z-onycholiza-15-ml\\\/#primaryimage\",\"url\":\"https:\\\/\\\/i0.wp.com\\\/velesnails.pl\\\/wp-content\\\/uploads\\\/2024\\\/07\\\/ONISTOP-NAILSOFTHEDAY-15ml.jpg?fit=500%2C500&ssl=1\",\"contentUrl\":\"https:\\\/\\\/i0.wp.com\\\/velesnails.pl\\\/wp-content\\\/uploads\\\/2024\\\/07\\\/ONISTOP-NAILSOFTHEDAY-15ml.jpg?fit=500%2C500&ssl=1\",\"width\":500,\"height\":500},{\"@type\":\"BreadcrumbList\",\"@id\":\"https:\\\/\\\/velesnails.pl\\\/product\\\/nails-of-the-day-onistop-olejek-regenerujacy-dla-paznokci-z-onycholiza-15-ml\\\/#breadcrumb\",\"itemListElement\":[{\"@type\":\"ListItem\",\"position\":1,\"name\":\"\u0413\u043e\u043b\u043e\u0432\u043d\u0430\",\"item\":\"https:\\\/\\\/velesnails.pl\\\/\"},{\"@type\":\"ListItem\",\"position\":2,\"name\":\"Sklep\",\"item\":\"https:\\\/\\\/velesnails.pl\\\/shop\\\/\"},{\"@type\":\"ListItem\",\"position\":3,\"name\":\"ONISTOP NAILSOFTHEDAY- olejek regeneruj\u0105cy dla paznokci z onycholiz\u0105, 15 ml\"}]},{\"@type\":\"WebSite\",\"@id\":\"https:\\\/\\\/velesnails.pl\\\/#website\",\"url\":\"https:\\\/\\\/velesnails.pl\\\/\",\"name\":\"velesnails\",\"description\":\"Sklep z manicure\",\"publisher\":{\"@id\":\"https:\\\/\\\/velesnails.pl\\\/#organization\"},\"potentialAction\":[{\"@type\":\"SearchAction\",\"target\":{\"@type\":\"EntryPoint\",\"urlTemplate\":\"https:\\\/\\\/velesnails.pl\\\/?s={search_term_string}\"},\"query-input\":{\"@type\":\"PropertyValueSpecification\",\"valueRequired\":true,\"valueName\":\"search_term_string\"}}],\"inLanguage\":\"uk\"},{\"@type\":\"Organization\",\"@id\":\"https:\\\/\\\/velesnails.pl\\\/#organization\",\"name\":\"velesnails\",\"url\":\"https:\\\/\\\/velesnails.pl\\\/\",\"logo\":{\"@type\":\"ImageObject\",\"inLanguage\":\"uk\",\"@id\":\"https:\\\/\\\/velesnails.pl\\\/#\\\/schema\\\/logo\\\/image\\\/\",\"url\":\"https:\\\/\\\/i0.wp.com\\\/velesnails.pl\\\/wp-content\\\/uploads\\\/2025\\\/10\\\/cropped-obraz_viber_2025-10-22_13-55-55-969.jpg?fit=485%2C381&ssl=1\",\"contentUrl\":\"https:\\\/\\\/i0.wp.com\\\/velesnails.pl\\\/wp-content\\\/uploads\\\/2025\\\/10\\\/cropped-obraz_viber_2025-10-22_13-55-55-969.jpg?fit=485%2C381&ssl=1\",\"width\":485,\"height\":381,\"caption\":\"velesnails\"},\"image\":{\"@id\":\"https:\\\/\\\/velesnails.pl\\\/#\\\/schema\\\/logo\\\/image\\\/\"}}]}<\/script>\n<!-- \/ Yoast SEO plugin. -->","yoast_head_json":{"title":"ONISTOP NAILSOFTHEDAY - \u0440\u0435\u0433\u0435\u043d\u0435\u0440\u0443\u044e\u0447\u0430 \u043e\u043b\u0456\u044f \u0434\u043b\u044f \u043d\u0456\u0433\u0442\u0456\u0432 \u043f\u0440\u0438 \u043e\u043d\u0456\u0445\u043e\u043b\u0456\u0437\u0438\u0441\u0456, 15 \u043c\u043b - velesnails","robots":{"index":"index","follow":"follow","max-snippet":"max-snippet:-1","max-image-preview":"max-image-preview:large","max-video-preview":"max-video-preview:-1"},"canonical":"https:\/\/velesnails.pl\/uk\/product\/nails-of-the-day-onistop-\u0440\u0435\u0433\u0435\u043d\u0435\u0440\u0443\u044e\u0447\u0430-\u043e\u043b\u0456\u044f-\u0434\u043b\u044f-\u043d\u0456\u0433\u0442\u0456\u0432-\u0437-\u043e\u043d\u0456\/","og_locale":"uk_UA","og_type":"article","og_title":"ONISTOP NAILSOFTHEDAY- olejek regeneruj\u0105cy dla paznokci z onycholiz\u0105, 15 ml - velesnails","og_description":"Mamy przyjemno\u015b\u0107 zaprezentowa\u0107 NOWY olejek leczniczy ONISTOP. stworzony i opracowany przez NAILSOFTHEDAY. Jest to produkt, kt\u00f3ry mo\u017ce pom\u00f3c wielu osobom w walce z onycholiz\u0105 i grzybic\u0105. Setki eksperyment\u00f3w, kombinacji komponent\u00f3w, pr\u00f3b i b\u0142\u0119d\u00f3w &#8211; to, nad czym bez wzgl\u0119du na wszystko pracowa\u0142 zesp\u00f3\u0142 NAILOFTHEDAY! Nowa unikalna formu\u0142a olejku do paznokci i sk\u00f3rek jest stosowana w [&hellip;]","og_url":"https:\/\/velesnails.pl\/uk\/product\/nails-of-the-day-onistop-\u0440\u0435\u0433\u0435\u043d\u0435\u0440\u0443\u044e\u0447\u0430-\u043e\u043b\u0456\u044f-\u0434\u043b\u044f-\u043d\u0456\u0433\u0442\u0456\u0432-\u0437-\u043e\u043d\u0456\/","og_site_name":"velesnails","article_modified_time":"2025-10-13T12:28:40+00:00","og_image":[{"width":500,"height":500,"url":"https:\/\/velesnails.pl\/wp-content\/uploads\/2024\/07\/ONISTOP-NAILSOFTHEDAY-15ml.jpg","type":"image\/jpeg"}],"twitter_card":"summary_large_image","twitter_misc":{"\u041f\u0440\u0438\u0431\u043b. \u0447\u0430\u0441 \u0447\u0438\u0442\u0430\u043d\u043d\u044f":"1 \u0445\u0432\u0438\u043b\u0438\u043d\u0430"},"schema":{"@context":"https:\/\/schema.org","@graph":[{"@type":"WebPage","@id":"https:\/\/velesnails.pl\/product\/nails-of-the-day-onistop-olejek-regenerujacy-dla-paznokci-z-onycholiza-15-ml\/","url":"https:\/\/velesnails.pl\/product\/nails-of-the-day-onistop-olejek-regenerujacy-dla-paznokci-z-onycholiza-15-ml\/","name":"ONISTOP NAILSOFTHEDAY - \u0440\u0435\u0433\u0435\u043d\u0435\u0440\u0443\u044e\u0447\u0430 \u043e\u043b\u0456\u044f \u0434\u043b\u044f \u043d\u0456\u0433\u0442\u0456\u0432 \u043f\u0440\u0438 \u043e\u043d\u0456\u0445\u043e\u043b\u0456\u0437\u0438\u0441\u0456, 15 \u043c\u043b - velesnails","isPartOf":{"@id":"https:\/\/velesnails.pl\/#website"},"primaryImageOfPage":{"@id":"https:\/\/velesnails.pl\/product\/nails-of-the-day-onistop-olejek-regenerujacy-dla-paznokci-z-onycholiza-15-ml\/#primaryimage"},"image":{"@id":"https:\/\/velesnails.pl\/product\/nails-of-the-day-onistop-olejek-regenerujacy-dla-paznokci-z-onycholiza-15-ml\/#primaryimage"},"thumbnailUrl":"https:\/\/i0.wp.com\/velesnails.pl\/wp-content\/uploads\/2024\/07\/ONISTOP-NAILSOFTHEDAY-15ml.jpg?fit=500%2C500&ssl=1","datePublished":"2024-07-24T11:07:47+00:00","dateModified":"2025-10-13T12:28:40+00:00","breadcrumb":{"@id":"https:\/\/velesnails.pl\/product\/nails-of-the-day-onistop-olejek-regenerujacy-dla-paznokci-z-onycholiza-15-ml\/#breadcrumb"},"inLanguage":"uk","potentialAction":[{"@type":"ReadAction","target":["https:\/\/velesnails.pl\/product\/nails-of-the-day-onistop-olejek-regenerujacy-dla-paznokci-z-onycholiza-15-ml\/"]}]},{"@type":"ImageObject","inLanguage":"uk","@id":"https:\/\/velesnails.pl\/product\/nails-of-the-day-onistop-olejek-regenerujacy-dla-paznokci-z-onycholiza-15-ml\/#primaryimage","url":"https:\/\/i0.wp.com\/velesnails.pl\/wp-content\/uploads\/2024\/07\/ONISTOP-NAILSOFTHEDAY-15ml.jpg?fit=500%2C500&ssl=1","contentUrl":"https:\/\/i0.wp.com\/velesnails.pl\/wp-content\/uploads\/2024\/07\/ONISTOP-NAILSOFTHEDAY-15ml.jpg?fit=500%2C500&ssl=1","width":500,"height":500},{"@type":"BreadcrumbList","@id":"https:\/\/velesnails.pl\/product\/nails-of-the-day-onistop-olejek-regenerujacy-dla-paznokci-z-onycholiza-15-ml\/#breadcrumb","itemListElement":[{"@type":"ListItem","position":1,"name":"\u0413\u043e\u043b\u043e\u0432\u043d\u0430","item":"https:\/\/velesnails.pl\/"},{"@type":"ListItem","position":2,"name":"Sklep","item":"https:\/\/velesnails.pl\/shop\/"},{"@type":"ListItem","position":3,"name":"ONISTOP NAILSOFTHEDAY- olejek regeneruj\u0105cy dla paznokci z onycholiz\u0105, 15 ml"}]},{"@type":"WebSite","@id":"https:\/\/velesnails.pl\/#website","url":"https:\/\/velesnails.pl\/","name":"\u0432\u0435\u043b\u0435\u0441\u043e\u0432\u0456 \u043d\u0456\u0433\u0442\u0456","description":"\u041c\u0430\u043d\u0456\u043a\u044e\u0440\u043d\u0438\u0439 \u0441\u0430\u043b\u043e\u043d","publisher":{"@id":"https:\/\/velesnails.pl\/#organization"},"potentialAction":[{"@type":"SearchAction","target":{"@type":"EntryPoint","urlTemplate":"https:\/\/velesnails.pl\/?s={search_term_string}"},"query-input":{"@type":"PropertyValueSpecification","valueRequired":true,"valueName":"search_term_string"}}],"inLanguage":"uk"},{"@type":"Organization","@id":"https:\/\/velesnails.pl\/#organization","name":"\u0432\u0435\u043b\u0435\u0441\u043e\u0432\u0456 \u043d\u0456\u0433\u0442\u0456","url":"https:\/\/velesnails.pl\/","logo":{"@type":"ImageObject","inLanguage":"uk","@id":"https:\/\/velesnails.pl\/#\/schema\/logo\/image\/","url":"https:\/\/i0.wp.com\/velesnails.pl\/wp-content\/uploads\/2025\/10\/cropped-obraz_viber_2025-10-22_13-55-55-969.jpg?fit=485%2C381&ssl=1","contentUrl":"https:\/\/i0.wp.com\/velesnails.pl\/wp-content\/uploads\/2025\/10\/cropped-obraz_viber_2025-10-22_13-55-55-969.jpg?fit=485%2C381&ssl=1","width":485,"height":381,"caption":"velesnails"},"image":{"@id":"https:\/\/velesnails.pl\/#\/schema\/logo\/image\/"}}]}},"_links":{"self":[{"href":"https:\/\/velesnails.pl\/uk\/wp-json\/wp\/v2\/product\/2912","targetHints":{"allow":["GET"]}}],"collection":[{"href":"https:\/\/velesnails.pl\/uk\/wp-json\/wp\/v2\/product"}],"about":[{"href":"https:\/\/velesnails.pl\/uk\/wp-json\/wp\/v2\/types\/product"}],"replies":[{"embeddable":true,"href":"https:\/\/velesnails.pl\/uk\/wp-json\/wp\/v2\/comments?post=2912"}],"wp:featuredmedia":[{"embeddable":true,"href":"https:\/\/velesnails.pl\/uk\/wp-json\/wp\/v2\/media\/2914"}],"wp:attachment":[{"href":"https:\/\/velesnails.pl\/uk\/wp-json\/wp\/v2\/media?parent=2912"}],"wp:term":[{"taxonomy":"product_brand","embeddable":true,"href":"https:\/\/velesnails.pl\/uk\/wp-json\/wp\/v2\/product_brand?post=2912"},{"taxonomy":"product_cat","embeddable":true,"href":"https:\/\/velesnails.pl\/uk\/wp-json\/wp\/v2\/product_cat?post=2912"},{"taxonomy":"product_tag","embeddable":true,"href":"https:\/\/velesnails.pl\/uk\/wp-json\/wp\/v2\/product_tag?post=2912"}],"curies":[{"name":"wp","href":"https:\/\/api.w.org\/{rel}","templated":true}]}}