{"id":2870,"date":"2024-07-24T12:03:03","date_gmt":"2024-07-24T09:03:03","guid":{"rendered":"https:\/\/velesnails.loc\/?post_type=product&#038;p=2870"},"modified":"2026-02-16T15:54:59","modified_gmt":"2026-02-16T12:54:59","slug":"clavier-cleaner-do-paznokci-odtluszczacz-hbrid-50-ml","status":"publish","type":"product","link":"https:\/\/velesnails.pl\/uk\/product\/clavier-cleaner-do-paznokci-odtluszczacz-hbrid-50-ml\/","title":{"rendered":"Clavier Cleaner do paznokci, odt\u0142uszczacz \u2013 H!brid  50 ml"},"content":{"rendered":"<p class=\"western\" align=\"left\">W efekcie stosowania cleaneru paznokcie nabior\u0105 niezwyk\u0142ego blasku!<\/p>\n<p class=\"western\" align=\"left\">Cleaner do paznokci jest niezb\u0119dny do odt\u0142uszczania naturalnej p\u0142ytki paznokcia oraz tips\u00f3w przed aplikacj\u0105 masy \u017celowej lub akrylowej. Jego dzia\u0142anie polega na usuni\u0119ciu nadmiaru t\u0142uszczu i oleju z powierzchni paznokci, co zapewnia lepsz\u0105 przyczepno\u015b\u0107 materia\u0142\u00f3w do paznokci.<\/p>\n<p class=\"western\" align=\"left\">W efekcie stosowania cleaneru H!brid paznokcie nabior\u0105 niezwyk\u0142ego blasku. Czysta i odt\u0142uszczona powierzchnia paznokcia sprzyja utrzymaniu trwa\u0142o\u015bci i pi\u0119kna wykonanej pracy. Cleaner jest wa\u017cnym narz\u0119dziem w procesie manicure, kt\u00f3ry pomaga osi\u0105gn\u0105\u0107 profesjonalne rezultaty i zadowolenie klientki.<\/p>\n<p class=\"western\" align=\"left\">Nie wyszed\u0142 Ci wzorek lub zmieni\u0142a\u015b koncepcje- Cleaner \u0142atwo usunie nieutwardzony produkt z p\u0142ytki paznokcia!<\/p>\n<p class=\"western\" align=\"left\">Cleaner H!brid, to pomocniczy preparat, kt\u00f3ry jest niezwykle przydatny w salonach manicure. Jego g\u0142\u00f3wn\u0105 funkcj\u0105 jest skuteczne usuwanie lepkiej warstwy z topu lub lakieru hybrydowego, co umo\u017cliwia dalsze malowanie wzork\u00f3w na przygotowanym paznokciu. Dodatkowo, Cleaner mo\u017ce by\u0107 r\u00f3wnie\u017c u\u017cywany do poprawienia ewentualnych pomy\u0142ek \u2013 \u0142atwo usun\u0105\u0107 nieutwardzony produkt i na\u0142o\u017cy\u0107 go ponownie. Jego w\u0142a\u015bciwo\u015bci nie matuj\u0105 powierzchni, dzi\u0119ki czemu nie ma obawy o zniszczenie ju\u017c wykonanej pracy.<\/p>\n<p class=\"western\" align=\"left\">Czysta i odt\u0142uszczona powierzchnia przek\u0142ada si\u0119 na pi\u0119kny i trwa\u0142y efekt ko\u0144cowy manicure!<\/p>\n<p class=\"western\" align=\"left\">Odt\u0142uszczenie powierzchni jest wa\u017cne, aby zapewni\u0107 dobr\u0105 przyczepno\u015b\u0107 i trwa\u0142o\u015b\u0107 aplikowanych produkt\u00f3w do paznokci, takich jak masa \u017celowa lub lakier hybrydowy. Czysta i odt\u0142uszczona powierzchnia umo\u017cliwia lepsze przenikanie materia\u0142u, co przek\u0142ada si\u0119 na pi\u0119kny i trwa\u0142y efekt ko\u0144cowy.<\/p>\n<p class=\"western\" align=\"left\">Spos\u00f3b u\u017cycia:<\/p>\n<p class=\"western\" align=\"left\">Aby odt\u0142u\u015bci\u0107 powierzchni\u0119 p\u0142ytki paznokcia, warstw\u0119 masy \u017celowej lub lakieru hybrydowego, mo\u017cna nas\u0105czy\u0107 wacik cleanerem i delikatnie przetrze\u0107 dan\u0105 powierzchni\u0119. Upewnij si\u0119, \u017ce wacik jest dobrze nas\u0105czony, ale nie przesadzaj, aby unikn\u0105\u0107 nadmiernego zwil\u017cania.<\/p>\n<p class=\"western\" align=\"left\">Nast\u0119pnie wykonaj delikatne ruchy przecieraj\u0105ce wzd\u0142u\u017c paznokcia, aby usun\u0105\u0107 nadmiar t\u0142uszczu i oleju. Pami\u0119taj, aby dok\u0142adnie przetrze\u0107 ca\u0142\u0105 powierzchni\u0119 paznokcia, w\u0142\u0105czaj\u0105c kraw\u0119dzie i sk\u00f3rki, je\u015bli jest to konieczne.<\/p>\n<p class=\"western\" align=\"left\">Sk\u0142ad produktu: Isopropyl Alkohol, Aqua.<\/p>\n<p class=\"western\" align=\"left\">Ostrze\u017cenie:<\/p>\n<p class=\"western\" align=\"left\">Produkt przeznaczony do u\u017cytku profesjonalnego. Produkt wysoce \u0142atwopalny, nie przechowywa\u0107 w pobli\u017cu \u017ar\u00f3d\u0142a zap\u0142onu. Chroni\u0107 przed dzie\u0107mi. Przechowywa\u0107 w szczelnie zamkni\u0119tym opakowaniu. W razie dostania si\u0119 produktu do oczu przemy\u0107 natychmiast oczy wod\u0105 i zasi\u0119gn\u0105\u0107 porady lekarza. W przypadku po\u0142kni\u0119cia lub wyst\u0105pienia podra\u017cnienia skonsultowa\u0107 si\u0119 z lekarzem.<\/p>","protected":false},"excerpt":{"rendered":"<p>W efekcie stosowania cleaneru paznokcie nabior\u0105 niezwyk\u0142ego blasku! Cleaner do paznokci jest niezb\u0119dny do odt\u0142uszczania naturalnej p\u0142ytki paznokcia oraz tips\u00f3w przed aplikacj\u0105 masy \u017celowej lub akrylowej. Jego dzia\u0142anie polega na usuni\u0119ciu nadmiaru t\u0142uszczu i oleju z powierzchni paznokci, co zapewnia lepsz\u0105 przyczepno\u015b\u0107 materia\u0142\u00f3w do paznokci. W efekcie stosowania cleaneru H!brid paznokcie nabior\u0105 niezwyk\u0142ego blasku. Czysta [&hellip;]<\/p>\n","protected":false},"featured_media":2866,"comment_status":"closed","ping_status":"closed","template":"","meta":{"om_disable_all_campaigns":false,"ocean_post_layout":"","ocean_both_sidebars_style":"","ocean_both_sidebars_content_width":0,"ocean_both_sidebars_sidebars_width":0,"ocean_sidebar":"0","ocean_second_sidebar":"0","ocean_disable_margins":"enable","ocean_add_body_class":"","ocean_shortcode_before_top_bar":"","ocean_shortcode_after_top_bar":"","ocean_shortcode_before_header":"","ocean_shortcode_after_header":"","ocean_has_shortcode":"","ocean_shortcode_after_title":"","ocean_shortcode_before_footer_widgets":"","ocean_shortcode_after_footer_widgets":"","ocean_shortcode_before_footer_bottom":"","ocean_shortcode_after_footer_bottom":"","ocean_display_top_bar":"default","ocean_display_header":"default","ocean_header_style":"","ocean_center_header_left_menu":"0","ocean_custom_header_template":"0","ocean_custom_logo":0,"ocean_custom_retina_logo":0,"ocean_custom_logo_max_width":0,"ocean_custom_logo_tablet_max_width":0,"ocean_custom_logo_mobile_max_width":0,"ocean_custom_logo_max_height":0,"ocean_custom_logo_tablet_max_height":0,"ocean_custom_logo_mobile_max_height":0,"ocean_header_custom_menu":"0","ocean_menu_typo_font_family":"0","ocean_menu_typo_font_subset":"","ocean_menu_typo_font_size":0,"ocean_menu_typo_font_size_tablet":0,"ocean_menu_typo_font_size_mobile":0,"ocean_menu_typo_font_size_unit":"px","ocean_menu_typo_font_weight":"","ocean_menu_typo_font_weight_tablet":"","ocean_menu_typo_font_weight_mobile":"","ocean_menu_typo_transform":"","ocean_menu_typo_transform_tablet":"","ocean_menu_typo_transform_mobile":"","ocean_menu_typo_line_height":0,"ocean_menu_typo_line_height_tablet":0,"ocean_menu_typo_line_height_mobile":0,"ocean_menu_typo_line_height_unit":"","ocean_menu_typo_spacing":0,"ocean_menu_typo_spacing_tablet":0,"ocean_menu_typo_spacing_mobile":0,"ocean_menu_typo_spacing_unit":"","ocean_menu_link_color":"","ocean_menu_link_color_hover":"","ocean_menu_link_color_active":"","ocean_menu_link_background":"","ocean_menu_link_hover_background":"","ocean_menu_link_active_background":"","ocean_menu_social_links_bg":"","ocean_menu_social_hover_links_bg":"","ocean_menu_social_links_color":"","ocean_menu_social_hover_links_color":"","ocean_disable_title":"default","ocean_disable_heading":"default","ocean_post_title":"","ocean_post_subheading":"","ocean_post_title_style":"","ocean_post_title_background_color":"","ocean_post_title_background":0,"ocean_post_title_bg_image_position":"","ocean_post_title_bg_image_attachment":"","ocean_post_title_bg_image_repeat":"","ocean_post_title_bg_image_size":"","ocean_post_title_height":0,"ocean_post_title_bg_overlay":0.5,"ocean_post_title_bg_overlay_color":"","ocean_disable_breadcrumbs":"default","ocean_breadcrumbs_color":"","ocean_breadcrumbs_separator_color":"","ocean_breadcrumbs_links_color":"","ocean_breadcrumbs_links_hover_color":"","ocean_display_footer_widgets":"default","ocean_display_footer_bottom":"default","ocean_custom_footer_template":"0"},"product_brand":[],"product_cat":[190,134,176,110,132],"product_tag":[],"class_list":{"0":"post-2870","1":"product","2":"type-product","3":"status-publish","4":"has-post-thumbnail","6":"product_cat-clavier-1","7":"product_cat-cleaner","8":"product_cat-marki","9":"product_cat-paznokcie","10":"product_cat-plyny-i-preparaty","12":"entry","13":"has-media","15":"first","16":"instock","17":"taxable","18":"shipping-taxable","19":"purchasable","20":"product-type-simple","21":"has-product-nav","22":"col","23":"span_1_of_3","24":"owp-content-center","25":"owp-thumbs-layout-horizontal","26":"owp-btn-normal","27":"owp-tabs-layout-horizontal","28":"has-no-thumbnails"},"yoast_head":"<!-- This site is optimized with the Yoast SEO plugin v27.5 - https:\/\/yoast.com\/product\/yoast-seo-wordpress\/ -->\n<title>Clavier Cleaner do paznokci, odt\u0142uszczacz \u2013 H!brid 50 ml - velesnails<\/title>\n<meta name=\"robots\" content=\"index, follow, max-snippet:-1, max-image-preview:large, max-video-preview:-1\" \/>\n<link rel=\"canonical\" href=\"https:\/\/velesnails.pl\/uk\/product\/clavier-cleaner-do-paznokci-odtluszczacz-hbrid-50-ml\/\" \/>\n<meta property=\"og:locale\" content=\"uk_UA\" \/>\n<meta property=\"og:type\" content=\"article\" \/>\n<meta property=\"og:title\" content=\"Clavier Cleaner do paznokci, odt\u0142uszczacz \u2013 H!brid 50 ml - velesnails\" \/>\n<meta property=\"og:description\" content=\"W efekcie stosowania cleaneru paznokcie nabior\u0105 niezwyk\u0142ego blasku! Cleaner do paznokci jest niezb\u0119dny do odt\u0142uszczania naturalnej p\u0142ytki paznokcia oraz tips\u00f3w przed aplikacj\u0105 masy \u017celowej lub akrylowej. Jego dzia\u0142anie polega na usuni\u0119ciu nadmiaru t\u0142uszczu i oleju z powierzchni paznokci, co zapewnia lepsz\u0105 przyczepno\u015b\u0107 materia\u0142\u00f3w do paznokci. W efekcie stosowania cleaneru H!brid paznokcie nabior\u0105 niezwyk\u0142ego blasku. Czysta [&hellip;]\" \/>\n<meta property=\"og:url\" content=\"https:\/\/velesnails.pl\/uk\/product\/clavier-cleaner-do-paznokci-odtluszczacz-hbrid-50-ml\/\" \/>\n<meta property=\"og:site_name\" content=\"velesnails\" \/>\n<meta property=\"article:modified_time\" content=\"2026-02-16T12:54:59+00:00\" \/>\n<meta property=\"og:image\" content=\"https:\/\/i0.wp.com\/velesnails.pl\/wp-content\/uploads\/2024\/07\/Clavier-Cleaner-50ml.png?fit=841%2C845&ssl=1\" \/>\n\t<meta property=\"og:image:width\" content=\"841\" \/>\n\t<meta property=\"og:image:height\" content=\"845\" \/>\n\t<meta property=\"og:image:type\" content=\"image\/png\" \/>\n<meta name=\"twitter:card\" content=\"summary_large_image\" \/>\n<meta name=\"twitter:label1\" content=\"\u041f\u0440\u0438\u0431\u043b. \u0447\u0430\u0441 \u0447\u0438\u0442\u0430\u043d\u043d\u044f\" \/>\n\t<meta name=\"twitter:data1\" content=\"2 \u0445\u0432\u0438\u043b\u0438\u043d\u0438\" \/>\n<script type=\"application\/ld+json\" class=\"yoast-schema-graph\">{\"@context\":\"https:\\\/\\\/schema.org\",\"@graph\":[{\"@type\":\"WebPage\",\"@id\":\"https:\\\/\\\/velesnails.pl\\\/product\\\/clavier-cleaner-do-paznokci-odtluszczacz-hbrid-50-ml\\\/\",\"url\":\"https:\\\/\\\/velesnails.pl\\\/product\\\/clavier-cleaner-do-paznokci-odtluszczacz-hbrid-50-ml\\\/\",\"name\":\"Clavier Cleaner do paznokci, odt\u0142uszczacz \u2013 H!brid 50 ml - velesnails\",\"isPartOf\":{\"@id\":\"https:\\\/\\\/velesnails.pl\\\/#website\"},\"primaryImageOfPage\":{\"@id\":\"https:\\\/\\\/velesnails.pl\\\/product\\\/clavier-cleaner-do-paznokci-odtluszczacz-hbrid-50-ml\\\/#primaryimage\"},\"image\":{\"@id\":\"https:\\\/\\\/velesnails.pl\\\/product\\\/clavier-cleaner-do-paznokci-odtluszczacz-hbrid-50-ml\\\/#primaryimage\"},\"thumbnailUrl\":\"https:\\\/\\\/i0.wp.com\\\/velesnails.pl\\\/wp-content\\\/uploads\\\/2024\\\/07\\\/Clavier-Cleaner-50ml.png?fit=841%2C845&ssl=1\",\"datePublished\":\"2024-07-24T09:03:03+00:00\",\"dateModified\":\"2026-02-16T12:54:59+00:00\",\"breadcrumb\":{\"@id\":\"https:\\\/\\\/velesnails.pl\\\/product\\\/clavier-cleaner-do-paznokci-odtluszczacz-hbrid-50-ml\\\/#breadcrumb\"},\"inLanguage\":\"uk\",\"potentialAction\":[{\"@type\":\"ReadAction\",\"target\":[\"https:\\\/\\\/velesnails.pl\\\/product\\\/clavier-cleaner-do-paznokci-odtluszczacz-hbrid-50-ml\\\/\"]}]},{\"@type\":\"ImageObject\",\"inLanguage\":\"uk\",\"@id\":\"https:\\\/\\\/velesnails.pl\\\/product\\\/clavier-cleaner-do-paznokci-odtluszczacz-hbrid-50-ml\\\/#primaryimage\",\"url\":\"https:\\\/\\\/i0.wp.com\\\/velesnails.pl\\\/wp-content\\\/uploads\\\/2024\\\/07\\\/Clavier-Cleaner-50ml.png?fit=841%2C845&ssl=1\",\"contentUrl\":\"https:\\\/\\\/i0.wp.com\\\/velesnails.pl\\\/wp-content\\\/uploads\\\/2024\\\/07\\\/Clavier-Cleaner-50ml.png?fit=841%2C845&ssl=1\",\"width\":841,\"height\":845},{\"@type\":\"BreadcrumbList\",\"@id\":\"https:\\\/\\\/velesnails.pl\\\/product\\\/clavier-cleaner-do-paznokci-odtluszczacz-hbrid-50-ml\\\/#breadcrumb\",\"itemListElement\":[{\"@type\":\"ListItem\",\"position\":1,\"name\":\"\u0413\u043e\u043b\u043e\u0432\u043d\u0430\",\"item\":\"https:\\\/\\\/velesnails.pl\\\/\"},{\"@type\":\"ListItem\",\"position\":2,\"name\":\"Sklep\",\"item\":\"https:\\\/\\\/velesnails.pl\\\/shop\\\/\"},{\"@type\":\"ListItem\",\"position\":3,\"name\":\"Clavier Cleaner do paznokci, odt\u0142uszczacz \u2013 H!brid 50 ml\"}]},{\"@type\":\"WebSite\",\"@id\":\"https:\\\/\\\/velesnails.pl\\\/#website\",\"url\":\"https:\\\/\\\/velesnails.pl\\\/\",\"name\":\"velesnails\",\"description\":\"Sklep z manicure\",\"publisher\":{\"@id\":\"https:\\\/\\\/velesnails.pl\\\/#organization\"},\"potentialAction\":[{\"@type\":\"SearchAction\",\"target\":{\"@type\":\"EntryPoint\",\"urlTemplate\":\"https:\\\/\\\/velesnails.pl\\\/?s={search_term_string}\"},\"query-input\":{\"@type\":\"PropertyValueSpecification\",\"valueRequired\":true,\"valueName\":\"search_term_string\"}}],\"inLanguage\":\"uk\"},{\"@type\":\"Organization\",\"@id\":\"https:\\\/\\\/velesnails.pl\\\/#organization\",\"name\":\"velesnails\",\"url\":\"https:\\\/\\\/velesnails.pl\\\/\",\"logo\":{\"@type\":\"ImageObject\",\"inLanguage\":\"uk\",\"@id\":\"https:\\\/\\\/velesnails.pl\\\/#\\\/schema\\\/logo\\\/image\\\/\",\"url\":\"https:\\\/\\\/i0.wp.com\\\/velesnails.pl\\\/wp-content\\\/uploads\\\/2025\\\/10\\\/cropped-obraz_viber_2025-10-22_13-55-55-969.jpg?fit=485%2C381&ssl=1\",\"contentUrl\":\"https:\\\/\\\/i0.wp.com\\\/velesnails.pl\\\/wp-content\\\/uploads\\\/2025\\\/10\\\/cropped-obraz_viber_2025-10-22_13-55-55-969.jpg?fit=485%2C381&ssl=1\",\"width\":485,\"height\":381,\"caption\":\"velesnails\"},\"image\":{\"@id\":\"https:\\\/\\\/velesnails.pl\\\/#\\\/schema\\\/logo\\\/image\\\/\"}}]}<\/script>\n<!-- \/ Yoast SEO plugin. -->","yoast_head_json":{"title":"Clavier Cleaner do paznokci, odt\u0142uszczacz \u2013 H!brid 50 ml - velesnails","robots":{"index":"index","follow":"follow","max-snippet":"max-snippet:-1","max-image-preview":"max-image-preview:large","max-video-preview":"max-video-preview:-1"},"canonical":"https:\/\/velesnails.pl\/uk\/product\/clavier-cleaner-do-paznokci-odtluszczacz-hbrid-50-ml\/","og_locale":"uk_UA","og_type":"article","og_title":"Clavier Cleaner do paznokci, odt\u0142uszczacz \u2013 H!brid 50 ml - velesnails","og_description":"W efekcie stosowania cleaneru paznokcie nabior\u0105 niezwyk\u0142ego blasku! Cleaner do paznokci jest niezb\u0119dny do odt\u0142uszczania naturalnej p\u0142ytki paznokcia oraz tips\u00f3w przed aplikacj\u0105 masy \u017celowej lub akrylowej. Jego dzia\u0142anie polega na usuni\u0119ciu nadmiaru t\u0142uszczu i oleju z powierzchni paznokci, co zapewnia lepsz\u0105 przyczepno\u015b\u0107 materia\u0142\u00f3w do paznokci. W efekcie stosowania cleaneru H!brid paznokcie nabior\u0105 niezwyk\u0142ego blasku. Czysta [&hellip;]","og_url":"https:\/\/velesnails.pl\/uk\/product\/clavier-cleaner-do-paznokci-odtluszczacz-hbrid-50-ml\/","og_site_name":"velesnails","article_modified_time":"2026-02-16T12:54:59+00:00","og_image":[{"width":841,"height":845,"url":"https:\/\/i0.wp.com\/velesnails.pl\/wp-content\/uploads\/2024\/07\/Clavier-Cleaner-50ml.png?fit=841%2C845&ssl=1","type":"image\/png"}],"twitter_card":"summary_large_image","twitter_misc":{"\u041f\u0440\u0438\u0431\u043b. \u0447\u0430\u0441 \u0447\u0438\u0442\u0430\u043d\u043d\u044f":"2 \u0445\u0432\u0438\u043b\u0438\u043d\u0438"},"schema":{"@context":"https:\/\/schema.org","@graph":[{"@type":"WebPage","@id":"https:\/\/velesnails.pl\/product\/clavier-cleaner-do-paznokci-odtluszczacz-hbrid-50-ml\/","url":"https:\/\/velesnails.pl\/product\/clavier-cleaner-do-paznokci-odtluszczacz-hbrid-50-ml\/","name":"Clavier Cleaner do paznokci, odt\u0142uszczacz \u2013 H!brid 50 ml - velesnails","isPartOf":{"@id":"https:\/\/velesnails.pl\/#website"},"primaryImageOfPage":{"@id":"https:\/\/velesnails.pl\/product\/clavier-cleaner-do-paznokci-odtluszczacz-hbrid-50-ml\/#primaryimage"},"image":{"@id":"https:\/\/velesnails.pl\/product\/clavier-cleaner-do-paznokci-odtluszczacz-hbrid-50-ml\/#primaryimage"},"thumbnailUrl":"https:\/\/i0.wp.com\/velesnails.pl\/wp-content\/uploads\/2024\/07\/Clavier-Cleaner-50ml.png?fit=841%2C845&ssl=1","datePublished":"2024-07-24T09:03:03+00:00","dateModified":"2026-02-16T12:54:59+00:00","breadcrumb":{"@id":"https:\/\/velesnails.pl\/product\/clavier-cleaner-do-paznokci-odtluszczacz-hbrid-50-ml\/#breadcrumb"},"inLanguage":"uk","potentialAction":[{"@type":"ReadAction","target":["https:\/\/velesnails.pl\/product\/clavier-cleaner-do-paznokci-odtluszczacz-hbrid-50-ml\/"]}]},{"@type":"ImageObject","inLanguage":"uk","@id":"https:\/\/velesnails.pl\/product\/clavier-cleaner-do-paznokci-odtluszczacz-hbrid-50-ml\/#primaryimage","url":"https:\/\/i0.wp.com\/velesnails.pl\/wp-content\/uploads\/2024\/07\/Clavier-Cleaner-50ml.png?fit=841%2C845&ssl=1","contentUrl":"https:\/\/i0.wp.com\/velesnails.pl\/wp-content\/uploads\/2024\/07\/Clavier-Cleaner-50ml.png?fit=841%2C845&ssl=1","width":841,"height":845},{"@type":"BreadcrumbList","@id":"https:\/\/velesnails.pl\/product\/clavier-cleaner-do-paznokci-odtluszczacz-hbrid-50-ml\/#breadcrumb","itemListElement":[{"@type":"ListItem","position":1,"name":"\u0413\u043e\u043b\u043e\u0432\u043d\u0430","item":"https:\/\/velesnails.pl\/"},{"@type":"ListItem","position":2,"name":"Sklep","item":"https:\/\/velesnails.pl\/shop\/"},{"@type":"ListItem","position":3,"name":"Clavier Cleaner do paznokci, odt\u0142uszczacz \u2013 H!brid 50 ml"}]},{"@type":"WebSite","@id":"https:\/\/velesnails.pl\/#website","url":"https:\/\/velesnails.pl\/","name":"\u0432\u0435\u043b\u0435\u0441\u043e\u0432\u0456 \u043d\u0456\u0433\u0442\u0456","description":"\u041c\u0430\u043d\u0456\u043a\u044e\u0440\u043d\u0438\u0439 \u0441\u0430\u043b\u043e\u043d","publisher":{"@id":"https:\/\/velesnails.pl\/#organization"},"potentialAction":[{"@type":"SearchAction","target":{"@type":"EntryPoint","urlTemplate":"https:\/\/velesnails.pl\/?s={search_term_string}"},"query-input":{"@type":"PropertyValueSpecification","valueRequired":true,"valueName":"search_term_string"}}],"inLanguage":"uk"},{"@type":"Organization","@id":"https:\/\/velesnails.pl\/#organization","name":"\u0432\u0435\u043b\u0435\u0441\u043e\u0432\u0456 \u043d\u0456\u0433\u0442\u0456","url":"https:\/\/velesnails.pl\/","logo":{"@type":"ImageObject","inLanguage":"uk","@id":"https:\/\/velesnails.pl\/#\/schema\/logo\/image\/","url":"https:\/\/i0.wp.com\/velesnails.pl\/wp-content\/uploads\/2025\/10\/cropped-obraz_viber_2025-10-22_13-55-55-969.jpg?fit=485%2C381&ssl=1","contentUrl":"https:\/\/i0.wp.com\/velesnails.pl\/wp-content\/uploads\/2025\/10\/cropped-obraz_viber_2025-10-22_13-55-55-969.jpg?fit=485%2C381&ssl=1","width":485,"height":381,"caption":"velesnails"},"image":{"@id":"https:\/\/velesnails.pl\/#\/schema\/logo\/image\/"}}]}},"_links":{"self":[{"href":"https:\/\/velesnails.pl\/uk\/wp-json\/wp\/v2\/product\/2870","targetHints":{"allow":["GET"]}}],"collection":[{"href":"https:\/\/velesnails.pl\/uk\/wp-json\/wp\/v2\/product"}],"about":[{"href":"https:\/\/velesnails.pl\/uk\/wp-json\/wp\/v2\/types\/product"}],"replies":[{"embeddable":true,"href":"https:\/\/velesnails.pl\/uk\/wp-json\/wp\/v2\/comments?post=2870"}],"wp:featuredmedia":[{"embeddable":true,"href":"https:\/\/velesnails.pl\/uk\/wp-json\/wp\/v2\/media\/2866"}],"wp:attachment":[{"href":"https:\/\/velesnails.pl\/uk\/wp-json\/wp\/v2\/media?parent=2870"}],"wp:term":[{"taxonomy":"product_brand","embeddable":true,"href":"https:\/\/velesnails.pl\/uk\/wp-json\/wp\/v2\/product_brand?post=2870"},{"taxonomy":"product_cat","embeddable":true,"href":"https:\/\/velesnails.pl\/uk\/wp-json\/wp\/v2\/product_cat?post=2870"},{"taxonomy":"product_tag","embeddable":true,"href":"https:\/\/velesnails.pl\/uk\/wp-json\/wp\/v2\/product_tag?post=2870"}],"curies":[{"name":"wp","href":"https:\/\/api.w.org\/{rel}","templated":true}]}}