{"id":2852,"date":"2024-07-24T11:14:28","date_gmt":"2024-07-24T08:14:28","guid":{"rendered":"https:\/\/velesnails.loc\/?post_type=product&#038;p=2852"},"modified":"2025-02-21T17:57:45","modified_gmt":"2025-02-21T14:57:45","slug":"clavier-aceton-500ml","status":"publish","type":"product","link":"https:\/\/velesnails.pl\/uk\/product\/clavier-aceton-500ml\/","title":{"rendered":"Clavier Aceton 500ml"},"content":{"rendered":"<p>Aceton kosmetyczny Pro Hybrid Clavier to niezast\u0105piony sprzymierzeniec ka\u017cdej profesjonalistki oraz mi\u0142o\u015bniczki pi\u0119knych paznokci.<br \/>\nAceton kosmetyczny, to preparat do usuwania tips\u00f3w, ozd\u00f3b na paznokciach, mas akrylowych i \u017celowych, warstwy lakieru hybrydowego z p\u0142ytki paznokcia. To najsilniejszy i najczystszy \u015brodek, bez dodatku innych sk\u0142adnik\u00f3w. Skuteczny i niezb\u0119dny preparat. Super do lakier\u00f3w hybrydowych.<\/p>\n<p>Ten zaawansowany zmywacz zosta\u0142 stworzony z my\u015bl\u0105 o efektywnym usuwaniu lakieru hybrydowego z p\u0142ytki paznokcia, oferuj\u0105c nie tylko skuteczno\u015b\u0107, ale tak\u017ce wygod\u0119 i \u0142atwo\u015b\u0107 u\u017cycia.<\/p>\n<p>Ju\u017c nie musisz traci\u0107 cennego czasu na nieefektywne pr\u00f3by usuwania lakieru \u2013 Aceton Pro Hybrid Clavier robi to za Ciebie w mgnieniu oka.<br \/>\nDzi\u0119ki formule opartej na wysokiej jako\u015bci acetonie, produkt gwarantuje szybkie i bezproblemowe usuni\u0119cie lakieru hybrydowego, nawet w przypadku mocno przylegaj\u0105cych warstw.<\/p>\n<p>Zastosowanie: Nawil\u017c wacik acetonem, przy\u0142\u00f3\u017c do p\u0142ytki paznokcia, odczekaj 30 sekund lub d\u0142u\u017cej w zale\u017cno\u015bci od jako\u015bci u\u017cytych hybryd, zdejmij wacik mocnym energicznym ruchem, lakier zostanie usuni\u0119ty.<\/p>","protected":false},"excerpt":{"rendered":"<p>Aceton kosmetyczny Pro Hybrid Clavier to niezast\u0105piony sprzymierzeniec ka\u017cdej profesjonalistki oraz mi\u0142o\u015bniczki pi\u0119knych paznokci. Aceton kosmetyczny, to preparat do usuwania tips\u00f3w, ozd\u00f3b na paznokciach, mas akrylowych i \u017celowych, warstwy lakieru hybrydowego z p\u0142ytki paznokcia. To najsilniejszy i najczystszy \u015brodek, bez dodatku innych sk\u0142adnik\u00f3w. Skuteczny i niezb\u0119dny preparat. Super do lakier\u00f3w hybrydowych. Ten zaawansowany zmywacz zosta\u0142 [&hellip;]<\/p>\n","protected":false},"featured_media":2851,"comment_status":"closed","ping_status":"closed","template":"","meta":{"om_disable_all_campaigns":false,"ocean_post_layout":"","ocean_both_sidebars_style":"","ocean_both_sidebars_content_width":0,"ocean_both_sidebars_sidebars_width":0,"ocean_sidebar":"0","ocean_second_sidebar":"0","ocean_disable_margins":"enable","ocean_add_body_class":"","ocean_shortcode_before_top_bar":"","ocean_shortcode_after_top_bar":"","ocean_shortcode_before_header":"","ocean_shortcode_after_header":"","ocean_has_shortcode":"","ocean_shortcode_after_title":"","ocean_shortcode_before_footer_widgets":"","ocean_shortcode_after_footer_widgets":"","ocean_shortcode_before_footer_bottom":"","ocean_shortcode_after_footer_bottom":"","ocean_display_top_bar":"default","ocean_display_header":"default","ocean_header_style":"","ocean_center_header_left_menu":"0","ocean_custom_header_template":"0","ocean_custom_logo":0,"ocean_custom_retina_logo":0,"ocean_custom_logo_max_width":0,"ocean_custom_logo_tablet_max_width":0,"ocean_custom_logo_mobile_max_width":0,"ocean_custom_logo_max_height":0,"ocean_custom_logo_tablet_max_height":0,"ocean_custom_logo_mobile_max_height":0,"ocean_header_custom_menu":"0","ocean_menu_typo_font_family":"0","ocean_menu_typo_font_subset":"","ocean_menu_typo_font_size":0,"ocean_menu_typo_font_size_tablet":0,"ocean_menu_typo_font_size_mobile":0,"ocean_menu_typo_font_size_unit":"px","ocean_menu_typo_font_weight":"","ocean_menu_typo_font_weight_tablet":"","ocean_menu_typo_font_weight_mobile":"","ocean_menu_typo_transform":"","ocean_menu_typo_transform_tablet":"","ocean_menu_typo_transform_mobile":"","ocean_menu_typo_line_height":0,"ocean_menu_typo_line_height_tablet":0,"ocean_menu_typo_line_height_mobile":0,"ocean_menu_typo_line_height_unit":"","ocean_menu_typo_spacing":0,"ocean_menu_typo_spacing_tablet":0,"ocean_menu_typo_spacing_mobile":0,"ocean_menu_typo_spacing_unit":"","ocean_menu_link_color":"","ocean_menu_link_color_hover":"","ocean_menu_link_color_active":"","ocean_menu_link_background":"","ocean_menu_link_hover_background":"","ocean_menu_link_active_background":"","ocean_menu_social_links_bg":"","ocean_menu_social_hover_links_bg":"","ocean_menu_social_links_color":"","ocean_menu_social_hover_links_color":"","ocean_disable_title":"default","ocean_disable_heading":"default","ocean_post_title":"","ocean_post_subheading":"","ocean_post_title_style":"","ocean_post_title_background_color":"","ocean_post_title_background":0,"ocean_post_title_bg_image_position":"","ocean_post_title_bg_image_attachment":"","ocean_post_title_bg_image_repeat":"","ocean_post_title_bg_image_size":"","ocean_post_title_height":0,"ocean_post_title_bg_overlay":0.5,"ocean_post_title_bg_overlay_color":"","ocean_disable_breadcrumbs":"default","ocean_breadcrumbs_color":"","ocean_breadcrumbs_separator_color":"","ocean_breadcrumbs_links_color":"","ocean_breadcrumbs_links_hover_color":"","ocean_display_footer_widgets":"default","ocean_display_footer_bottom":"default","ocean_custom_footer_template":"0"},"product_brand":[],"product_cat":[133,190,176,110,132],"product_tag":[],"class_list":{"0":"post-2852","1":"product","2":"type-product","3":"status-publish","4":"has-post-thumbnail","6":"product_cat-aceton-emover","7":"product_cat-clavier-1","8":"product_cat-marki","9":"product_cat-paznokcie","10":"product_cat-plyny-i-preparaty","12":"entry","13":"has-media","15":"first","16":"outofstock","17":"taxable","18":"shipping-taxable","19":"purchasable","20":"product-type-simple","21":"has-product-nav","22":"col","23":"span_1_of_3","24":"owp-content-center","25":"owp-thumbs-layout-horizontal","26":"owp-btn-normal","27":"owp-tabs-layout-horizontal","28":"has-no-thumbnails"},"yoast_head":"<!-- This site is optimized with the Yoast SEO plugin v27.6 - https:\/\/yoast.com\/product\/yoast-seo-wordpress\/ -->\n<title>Clavier Aceton 500ml - velesnails<\/title>\n<meta name=\"robots\" content=\"index, follow, max-snippet:-1, max-image-preview:large, max-video-preview:-1\" \/>\n<link rel=\"canonical\" href=\"https:\/\/velesnails.pl\/uk\/product\/clavier-aceton-500ml\/\" \/>\n<meta property=\"og:locale\" content=\"uk_UA\" \/>\n<meta property=\"og:type\" content=\"article\" \/>\n<meta property=\"og:title\" content=\"Clavier Aceton 500ml - velesnails\" \/>\n<meta property=\"og:description\" content=\"Aceton kosmetyczny Pro Hybrid Clavier to niezast\u0105piony sprzymierzeniec ka\u017cdej profesjonalistki oraz mi\u0142o\u015bniczki pi\u0119knych paznokci. Aceton kosmetyczny, to preparat do usuwania tips\u00f3w, ozd\u00f3b na paznokciach, mas akrylowych i \u017celowych, warstwy lakieru hybrydowego z p\u0142ytki paznokcia. To najsilniejszy i najczystszy \u015brodek, bez dodatku innych sk\u0142adnik\u00f3w. Skuteczny i niezb\u0119dny preparat. Super do lakier\u00f3w hybrydowych. Ten zaawansowany zmywacz zosta\u0142 [&hellip;]\" \/>\n<meta property=\"og:url\" content=\"https:\/\/velesnails.pl\/uk\/product\/clavier-aceton-500ml\/\" \/>\n<meta property=\"og:site_name\" content=\"velesnails\" \/>\n<meta property=\"article:modified_time\" content=\"2025-02-21T14:57:45+00:00\" \/>\n<meta property=\"og:image\" content=\"https:\/\/i0.wp.com\/velesnails.pl\/wp-content\/uploads\/2024\/07\/Clavier-Aceton-500ml.png?fit=851%2C855&ssl=1\" \/>\n\t<meta property=\"og:image:width\" content=\"851\" \/>\n\t<meta property=\"og:image:height\" content=\"855\" \/>\n\t<meta property=\"og:image:type\" content=\"image\/png\" \/>\n<meta name=\"twitter:card\" content=\"summary_large_image\" \/>\n<meta name=\"twitter:label1\" content=\"\u041f\u0440\u0438\u0431\u043b. \u0447\u0430\u0441 \u0447\u0438\u0442\u0430\u043d\u043d\u044f\" \/>\n\t<meta name=\"twitter:data1\" content=\"1 \u0445\u0432\u0438\u043b\u0438\u043d\u0430\" \/>\n<script type=\"application\/ld+json\" class=\"yoast-schema-graph\">{\"@context\":\"https:\\\/\\\/schema.org\",\"@graph\":[{\"@type\":\"WebPage\",\"@id\":\"https:\\\/\\\/velesnails.pl\\\/product\\\/clavier-aceton-500ml\\\/\",\"url\":\"https:\\\/\\\/velesnails.pl\\\/product\\\/clavier-aceton-500ml\\\/\",\"name\":\"Clavier Aceton 500ml - velesnails\",\"isPartOf\":{\"@id\":\"https:\\\/\\\/velesnails.pl\\\/#website\"},\"primaryImageOfPage\":{\"@id\":\"https:\\\/\\\/velesnails.pl\\\/product\\\/clavier-aceton-500ml\\\/#primaryimage\"},\"image\":{\"@id\":\"https:\\\/\\\/velesnails.pl\\\/product\\\/clavier-aceton-500ml\\\/#primaryimage\"},\"thumbnailUrl\":\"https:\\\/\\\/i0.wp.com\\\/velesnails.pl\\\/wp-content\\\/uploads\\\/2024\\\/07\\\/Clavier-Aceton-500ml.png?fit=851%2C855&ssl=1\",\"datePublished\":\"2024-07-24T08:14:28+00:00\",\"dateModified\":\"2025-02-21T14:57:45+00:00\",\"breadcrumb\":{\"@id\":\"https:\\\/\\\/velesnails.pl\\\/product\\\/clavier-aceton-500ml\\\/#breadcrumb\"},\"inLanguage\":\"uk\",\"potentialAction\":[{\"@type\":\"ReadAction\",\"target\":[\"https:\\\/\\\/velesnails.pl\\\/product\\\/clavier-aceton-500ml\\\/\"]}]},{\"@type\":\"ImageObject\",\"inLanguage\":\"uk\",\"@id\":\"https:\\\/\\\/velesnails.pl\\\/product\\\/clavier-aceton-500ml\\\/#primaryimage\",\"url\":\"https:\\\/\\\/i0.wp.com\\\/velesnails.pl\\\/wp-content\\\/uploads\\\/2024\\\/07\\\/Clavier-Aceton-500ml.png?fit=851%2C855&ssl=1\",\"contentUrl\":\"https:\\\/\\\/i0.wp.com\\\/velesnails.pl\\\/wp-content\\\/uploads\\\/2024\\\/07\\\/Clavier-Aceton-500ml.png?fit=851%2C855&ssl=1\",\"width\":851,\"height\":855},{\"@type\":\"BreadcrumbList\",\"@id\":\"https:\\\/\\\/velesnails.pl\\\/product\\\/clavier-aceton-500ml\\\/#breadcrumb\",\"itemListElement\":[{\"@type\":\"ListItem\",\"position\":1,\"name\":\"\u0413\u043e\u043b\u043e\u0432\u043d\u0430\",\"item\":\"https:\\\/\\\/velesnails.pl\\\/\"},{\"@type\":\"ListItem\",\"position\":2,\"name\":\"Sklep\",\"item\":\"https:\\\/\\\/velesnails.pl\\\/shop\\\/\"},{\"@type\":\"ListItem\",\"position\":3,\"name\":\"Clavier Aceton 500ml\"}]},{\"@type\":\"WebSite\",\"@id\":\"https:\\\/\\\/velesnails.pl\\\/#website\",\"url\":\"https:\\\/\\\/velesnails.pl\\\/\",\"name\":\"velesnails\",\"description\":\"Sklep z manicure\",\"publisher\":{\"@id\":\"https:\\\/\\\/velesnails.pl\\\/#organization\"},\"potentialAction\":[{\"@type\":\"SearchAction\",\"target\":{\"@type\":\"EntryPoint\",\"urlTemplate\":\"https:\\\/\\\/velesnails.pl\\\/?s={search_term_string}\"},\"query-input\":{\"@type\":\"PropertyValueSpecification\",\"valueRequired\":true,\"valueName\":\"search_term_string\"}}],\"inLanguage\":\"uk\"},{\"@type\":\"Organization\",\"@id\":\"https:\\\/\\\/velesnails.pl\\\/#organization\",\"name\":\"velesnails\",\"url\":\"https:\\\/\\\/velesnails.pl\\\/\",\"logo\":{\"@type\":\"ImageObject\",\"inLanguage\":\"uk\",\"@id\":\"https:\\\/\\\/velesnails.pl\\\/#\\\/schema\\\/logo\\\/image\\\/\",\"url\":\"https:\\\/\\\/i0.wp.com\\\/velesnails.pl\\\/wp-content\\\/uploads\\\/2025\\\/10\\\/cropped-obraz_viber_2025-10-22_13-55-55-969.jpg?fit=485%2C381&ssl=1\",\"contentUrl\":\"https:\\\/\\\/i0.wp.com\\\/velesnails.pl\\\/wp-content\\\/uploads\\\/2025\\\/10\\\/cropped-obraz_viber_2025-10-22_13-55-55-969.jpg?fit=485%2C381&ssl=1\",\"width\":485,\"height\":381,\"caption\":\"velesnails\"},\"image\":{\"@id\":\"https:\\\/\\\/velesnails.pl\\\/#\\\/schema\\\/logo\\\/image\\\/\"}}]}<\/script>\n<!-- \/ Yoast SEO plugin. -->","yoast_head_json":{"title":"Clavier Aceton 500ml - velesnails","robots":{"index":"index","follow":"follow","max-snippet":"max-snippet:-1","max-image-preview":"max-image-preview:large","max-video-preview":"max-video-preview:-1"},"canonical":"https:\/\/velesnails.pl\/uk\/product\/clavier-aceton-500ml\/","og_locale":"uk_UA","og_type":"article","og_title":"Clavier Aceton 500ml - velesnails","og_description":"Aceton kosmetyczny Pro Hybrid Clavier to niezast\u0105piony sprzymierzeniec ka\u017cdej profesjonalistki oraz mi\u0142o\u015bniczki pi\u0119knych paznokci. Aceton kosmetyczny, to preparat do usuwania tips\u00f3w, ozd\u00f3b na paznokciach, mas akrylowych i \u017celowych, warstwy lakieru hybrydowego z p\u0142ytki paznokcia. To najsilniejszy i najczystszy \u015brodek, bez dodatku innych sk\u0142adnik\u00f3w. Skuteczny i niezb\u0119dny preparat. Super do lakier\u00f3w hybrydowych. Ten zaawansowany zmywacz zosta\u0142 [&hellip;]","og_url":"https:\/\/velesnails.pl\/uk\/product\/clavier-aceton-500ml\/","og_site_name":"velesnails","article_modified_time":"2025-02-21T14:57:45+00:00","og_image":[{"width":851,"height":855,"url":"https:\/\/i0.wp.com\/velesnails.pl\/wp-content\/uploads\/2024\/07\/Clavier-Aceton-500ml.png?fit=851%2C855&ssl=1","type":"image\/png"}],"twitter_card":"summary_large_image","twitter_misc":{"\u041f\u0440\u0438\u0431\u043b. \u0447\u0430\u0441 \u0447\u0438\u0442\u0430\u043d\u043d\u044f":"1 \u0445\u0432\u0438\u043b\u0438\u043d\u0430"},"schema":{"@context":"https:\/\/schema.org","@graph":[{"@type":"WebPage","@id":"https:\/\/velesnails.pl\/product\/clavier-aceton-500ml\/","url":"https:\/\/velesnails.pl\/product\/clavier-aceton-500ml\/","name":"Clavier Aceton 500ml - velesnails","isPartOf":{"@id":"https:\/\/velesnails.pl\/#website"},"primaryImageOfPage":{"@id":"https:\/\/velesnails.pl\/product\/clavier-aceton-500ml\/#primaryimage"},"image":{"@id":"https:\/\/velesnails.pl\/product\/clavier-aceton-500ml\/#primaryimage"},"thumbnailUrl":"https:\/\/i0.wp.com\/velesnails.pl\/wp-content\/uploads\/2024\/07\/Clavier-Aceton-500ml.png?fit=851%2C855&ssl=1","datePublished":"2024-07-24T08:14:28+00:00","dateModified":"2025-02-21T14:57:45+00:00","breadcrumb":{"@id":"https:\/\/velesnails.pl\/product\/clavier-aceton-500ml\/#breadcrumb"},"inLanguage":"uk","potentialAction":[{"@type":"ReadAction","target":["https:\/\/velesnails.pl\/product\/clavier-aceton-500ml\/"]}]},{"@type":"ImageObject","inLanguage":"uk","@id":"https:\/\/velesnails.pl\/product\/clavier-aceton-500ml\/#primaryimage","url":"https:\/\/i0.wp.com\/velesnails.pl\/wp-content\/uploads\/2024\/07\/Clavier-Aceton-500ml.png?fit=851%2C855&ssl=1","contentUrl":"https:\/\/i0.wp.com\/velesnails.pl\/wp-content\/uploads\/2024\/07\/Clavier-Aceton-500ml.png?fit=851%2C855&ssl=1","width":851,"height":855},{"@type":"BreadcrumbList","@id":"https:\/\/velesnails.pl\/product\/clavier-aceton-500ml\/#breadcrumb","itemListElement":[{"@type":"ListItem","position":1,"name":"\u0413\u043e\u043b\u043e\u0432\u043d\u0430","item":"https:\/\/velesnails.pl\/"},{"@type":"ListItem","position":2,"name":"Sklep","item":"https:\/\/velesnails.pl\/shop\/"},{"@type":"ListItem","position":3,"name":"Clavier Aceton 500ml"}]},{"@type":"WebSite","@id":"https:\/\/velesnails.pl\/#website","url":"https:\/\/velesnails.pl\/","name":"\u0432\u0435\u043b\u0435\u0441\u043e\u0432\u0456 \u043d\u0456\u0433\u0442\u0456","description":"\u041c\u0430\u043d\u0456\u043a\u044e\u0440\u043d\u0438\u0439 \u0441\u0430\u043b\u043e\u043d","publisher":{"@id":"https:\/\/velesnails.pl\/#organization"},"potentialAction":[{"@type":"SearchAction","target":{"@type":"EntryPoint","urlTemplate":"https:\/\/velesnails.pl\/?s={search_term_string}"},"query-input":{"@type":"PropertyValueSpecification","valueRequired":true,"valueName":"search_term_string"}}],"inLanguage":"uk"},{"@type":"Organization","@id":"https:\/\/velesnails.pl\/#organization","name":"\u0432\u0435\u043b\u0435\u0441\u043e\u0432\u0456 \u043d\u0456\u0433\u0442\u0456","url":"https:\/\/velesnails.pl\/","logo":{"@type":"ImageObject","inLanguage":"uk","@id":"https:\/\/velesnails.pl\/#\/schema\/logo\/image\/","url":"https:\/\/i0.wp.com\/velesnails.pl\/wp-content\/uploads\/2025\/10\/cropped-obraz_viber_2025-10-22_13-55-55-969.jpg?fit=485%2C381&ssl=1","contentUrl":"https:\/\/i0.wp.com\/velesnails.pl\/wp-content\/uploads\/2025\/10\/cropped-obraz_viber_2025-10-22_13-55-55-969.jpg?fit=485%2C381&ssl=1","width":485,"height":381,"caption":"velesnails"},"image":{"@id":"https:\/\/velesnails.pl\/#\/schema\/logo\/image\/"}}]}},"_links":{"self":[{"href":"https:\/\/velesnails.pl\/uk\/wp-json\/wp\/v2\/product\/2852","targetHints":{"allow":["GET"]}}],"collection":[{"href":"https:\/\/velesnails.pl\/uk\/wp-json\/wp\/v2\/product"}],"about":[{"href":"https:\/\/velesnails.pl\/uk\/wp-json\/wp\/v2\/types\/product"}],"replies":[{"embeddable":true,"href":"https:\/\/velesnails.pl\/uk\/wp-json\/wp\/v2\/comments?post=2852"}],"wp:featuredmedia":[{"embeddable":true,"href":"https:\/\/velesnails.pl\/uk\/wp-json\/wp\/v2\/media\/2851"}],"wp:attachment":[{"href":"https:\/\/velesnails.pl\/uk\/wp-json\/wp\/v2\/media?parent=2852"}],"wp:term":[{"taxonomy":"product_brand","embeddable":true,"href":"https:\/\/velesnails.pl\/uk\/wp-json\/wp\/v2\/product_brand?post=2852"},{"taxonomy":"product_cat","embeddable":true,"href":"https:\/\/velesnails.pl\/uk\/wp-json\/wp\/v2\/product_cat?post=2852"},{"taxonomy":"product_tag","embeddable":true,"href":"https:\/\/velesnails.pl\/uk\/wp-json\/wp\/v2\/product_tag?post=2852"}],"curies":[{"name":"wp","href":"https:\/\/api.w.org\/{rel}","templated":true}]}}