{"id":2557,"date":"2024-07-22T14:18:35","date_gmt":"2024-07-22T11:18:35","guid":{"rendered":"https:\/\/velesnails.loc\/?post_type=product&#038;p=2557"},"modified":"2026-02-16T15:58:19","modified_gmt":"2026-02-16T12:58:19","slug":"polygel-akrylozel-budujacy-mollylac-hema-di-hema-free-french-pink-30ml-nr-06","status":"publish","type":"product","link":"https:\/\/velesnails.pl\/uk\/product\/polygel-akrylozel-budujacy-mollylac-hema-di-hema-free-french-pink-30ml-nr-06\/","title":{"rendered":"PolyGel akrylo\u017cel buduj\u0105cy MollyLac Hema\/di-Hema free French Pink 30ml Nr 06"},"content":{"rendered":"<p class=\"western\" align=\"left\">Rewolucyjny \u017cel o konsystencji musu, kt\u00f3ry pokocha ka\u017cda stylistka Przeznaczony do wzmocnienia i przed\u0142u\u017cania naturalnej p\u0142ytki wymagaj\u0105cych klientek.<\/p>\n<p class=\"western\" align=\"left\">Polygel MollyLac to jedyny taki produkt o konsystencji musu, sile akrylu i elastyczno\u015bci \u017celu. G\u0119sta konsystencja umo\u017cliwia ekspresowe modelowanie i wystylizowanie paznokci.<\/p>\n<p class=\"western\" align=\"left\">Za pomoc\u0105 Dual Form (form wielorazowego u\u017cytku) zaoszcz\u0119dzisz 85% czasu pracy. Idealny do zaciskania tunelu (ju\u017c po 10 sekundach utwardzania w lampie).<\/p>\n<p class=\"western\" align=\"left\">Minimalizuje ewentualno\u015b\u0107 wyst\u0105pienia uczulenia dzi\u0119ki formule HEMA free\/di-HEMA free.<\/p>\n<p class=\"western\" align=\"left\">10 powod\u00f3w, dla kt\u00f3rego musisz mie\u0107 Polygel:<\/p>\n<p class=\"western\" align=\"left\">-Elastyczny<\/p>\n<p class=\"western\" align=\"left\">-Mocny jak akryl<\/p>\n<p class=\"western\" align=\"left\">-G\u0119sty, nie zalewa sk\u00f3rek<\/p>\n<p class=\"western\" align=\"left\">-Nie zapowietrza si\u0119<\/p>\n<p class=\"western\" align=\"left\">-Wolny od zapachu<\/p>\n<p class=\"western\" align=\"left\">-Jednofazowy<\/p>\n<p class=\"western\" align=\"left\">-\u0141atwy w aplikacji i opracowaniu<\/p>\n<p class=\"western\" align=\"left\">-Nie \u017c\u00f3\u0142knie<\/p>\n<p class=\"western\" align=\"left\">Produkty uzupe\u0142niaj\u0105ce do Polygel MollyLac<\/p>\n<p class=\"western\" align=\"left\">Slip Solution- p\u0142yn do moczenia p\u0119dzelk\u00f3w<\/p>\n<p class=\"western\" align=\"left\">Dual Form- formy wielorazowego u\u017cytku do szybkiej stylizacji paznokci<\/p>\n<p class=\"western\" align=\"left\">P\u0119dzelek silikonowy- do \u0142atwej aplikacji \u017celu<\/p>\n<p class=\"western\" align=\"left\">Spos\u00f3b u\u017cycia:<\/p>\n<p class=\"western\" align=\"left\">-Opracuj sk\u00f3rki<\/p>\n<p class=\"western\" align=\"left\">-Nadaj po\u017c\u0105dany kszta\u0142t p\u0142ytce paznokcia<\/p>\n<p class=\"western\" align=\"left\">-Zmatuj p\u0142ytk\u0119 paznokcia, a nast\u0119pnie odt\u0142u\u015b\u0107<\/p>\n<p class=\"western\" align=\"left\">-Rekomendujemy na\u0142o\u017cenie Primera przed stylizacj\u0105 \u017celem, zapewni to najlepsz\u0105 przyczepno\u015b\u0107 \u017celu nawet przy problematycznej p\u0142ytce paznokcia<\/p>\n<p class=\"western\" align=\"left\">-Do specjalnej, wielorazowej formy Dual Form wci\u015bnij niewielk\u0105 ilo\u015b\u0107 Polygel i silikonowym p\u0119dzelkiem zamoczonym w Slip Solution Powder Gel Allepaznokcie roz\u0142\u00f3\u017c \u017cel, tak aby boki nie by\u0142y za grube, a przez \u015brodek by\u0142 zrobiony tunel<\/p>\n<p class=\"western\" align=\"left\">-Form\u0119 przy\u0142\u00f3\u017c do paznokcia i delikatnie doci\u015bnij przed w\u0142o\u017ceniem do lampy UV\/LED<\/p>\n<p class=\"western\" align=\"left\">-Utwardzaj w lampie UV\/LED 60s , UV 120s<\/p>\n<p class=\"western\" align=\"left\">-\u015aci\u0105gnij Dual Form z paznokcia<\/p>\n<p class=\"western\" align=\"left\">-Nadaj po\u017c\u0105dany kszta\u0142t p\u0142ytce paznokcia i u\u017cyj bloku w celu zmatowienia p\u0142ytki<\/p>\n<p class=\"western\" align=\"left\">-Na\u0142\u00f3\u017c Top nab\u0142yszczaj\u0105cy lub wykonaj stylizacj\u0119 lakierami hybrydowymi MollyLac<\/p>\n<p class=\"western\" align=\"left\">Ostrze\u017cenia:<\/p>\n<p class=\"western\" align=\"left\">Produkt tylko do u\u017cytku profesjonalnego.<\/p>\n<p class=\"western\" align=\"left\">Chroni\u0107 przed dzie\u0107mi.<\/p>\n<p class=\"western\" align=\"left\">Prosz\u0119 uwa\u017cnie przeczyta\u0107 spos\u00f3b u\u017cycia.<\/p>","protected":false},"excerpt":{"rendered":"<p>Rewolucyjny \u017cel o konsystencji musu, kt\u00f3ry pokocha ka\u017cda stylistka Przeznaczony do wzmocnienia i przed\u0142u\u017cania naturalnej p\u0142ytki wymagaj\u0105cych klientek. Polygel MollyLac to jedyny taki produkt o konsystencji musu, sile akrylu i elastyczno\u015bci \u017celu. G\u0119sta konsystencja umo\u017cliwia ekspresowe modelowanie i wystylizowanie paznokci. Za pomoc\u0105 Dual Form (form wielorazowego u\u017cytku) zaoszcz\u0119dzisz 85% czasu pracy. Idealny do zaciskania tunelu [&hellip;]<\/p>\n","protected":false},"featured_media":2556,"comment_status":"closed","ping_status":"closed","template":"","meta":{"om_disable_all_campaigns":false,"ocean_post_layout":"","ocean_both_sidebars_style":"","ocean_both_sidebars_content_width":0,"ocean_both_sidebars_sidebars_width":0,"ocean_sidebar":"0","ocean_second_sidebar":"0","ocean_disable_margins":"enable","ocean_add_body_class":"","ocean_shortcode_before_top_bar":"","ocean_shortcode_after_top_bar":"","ocean_shortcode_before_header":"","ocean_shortcode_after_header":"","ocean_has_shortcode":"","ocean_shortcode_after_title":"","ocean_shortcode_before_footer_widgets":"","ocean_shortcode_after_footer_widgets":"","ocean_shortcode_before_footer_bottom":"","ocean_shortcode_after_footer_bottom":"","ocean_display_top_bar":"default","ocean_display_header":"default","ocean_header_style":"","ocean_center_header_left_menu":"0","ocean_custom_header_template":"0","ocean_custom_logo":0,"ocean_custom_retina_logo":0,"ocean_custom_logo_max_width":0,"ocean_custom_logo_tablet_max_width":0,"ocean_custom_logo_mobile_max_width":0,"ocean_custom_logo_max_height":0,"ocean_custom_logo_tablet_max_height":0,"ocean_custom_logo_mobile_max_height":0,"ocean_header_custom_menu":"0","ocean_menu_typo_font_family":"0","ocean_menu_typo_font_subset":"","ocean_menu_typo_font_size":0,"ocean_menu_typo_font_size_tablet":0,"ocean_menu_typo_font_size_mobile":0,"ocean_menu_typo_font_size_unit":"px","ocean_menu_typo_font_weight":"","ocean_menu_typo_font_weight_tablet":"","ocean_menu_typo_font_weight_mobile":"","ocean_menu_typo_transform":"","ocean_menu_typo_transform_tablet":"","ocean_menu_typo_transform_mobile":"","ocean_menu_typo_line_height":0,"ocean_menu_typo_line_height_tablet":0,"ocean_menu_typo_line_height_mobile":0,"ocean_menu_typo_line_height_unit":"","ocean_menu_typo_spacing":0,"ocean_menu_typo_spacing_tablet":0,"ocean_menu_typo_spacing_mobile":0,"ocean_menu_typo_spacing_unit":"","ocean_menu_link_color":"","ocean_menu_link_color_hover":"","ocean_menu_link_color_active":"","ocean_menu_link_background":"","ocean_menu_link_hover_background":"","ocean_menu_link_active_background":"","ocean_menu_social_links_bg":"","ocean_menu_social_hover_links_bg":"","ocean_menu_social_links_color":"","ocean_menu_social_hover_links_color":"","ocean_disable_title":"default","ocean_disable_heading":"default","ocean_post_title":"","ocean_post_subheading":"","ocean_post_title_style":"","ocean_post_title_background_color":"","ocean_post_title_background":0,"ocean_post_title_bg_image_position":"","ocean_post_title_bg_image_attachment":"","ocean_post_title_bg_image_repeat":"","ocean_post_title_bg_image_size":"","ocean_post_title_height":0,"ocean_post_title_bg_overlay":0.5,"ocean_post_title_bg_overlay_color":"","ocean_disable_breadcrumbs":"default","ocean_breadcrumbs_color":"","ocean_breadcrumbs_separator_color":"","ocean_breadcrumbs_links_color":"","ocean_breadcrumbs_links_hover_color":"","ocean_display_footer_widgets":"default","ocean_display_footer_bottom":"default","ocean_custom_footer_template":"0"},"product_brand":[],"product_cat":[121,176,189,110,120],"product_tag":[],"class_list":{"0":"post-2557","1":"product","2":"type-product","3":"status-publish","4":"has-post-thumbnail","6":"product_cat-akrylozel-i-akryl","7":"product_cat-marki","8":"product_cat-molly-lac-1","9":"product_cat-paznokcie","10":"product_cat-zele-i-akryle","12":"entry","13":"has-media","15":"first","16":"outofstock","17":"taxable","18":"shipping-taxable","19":"purchasable","20":"product-type-simple","21":"has-product-nav","22":"col","23":"span_1_of_3","24":"owp-content-center","25":"owp-thumbs-layout-horizontal","26":"owp-btn-normal","27":"owp-tabs-layout-horizontal","28":"has-no-thumbnails"},"yoast_head":"<!-- This site is optimized with the Yoast SEO plugin v27.3 - https:\/\/yoast.com\/product\/yoast-seo-wordpress\/ -->\n<title>PolyGel akrylo\u017cel buduj\u0105cy MollyLac Hema\/di-Hema free French Pink 30ml Nr 06 - velesnails<\/title>\n<meta name=\"robots\" content=\"index, follow, max-snippet:-1, max-image-preview:large, max-video-preview:-1\" \/>\n<link rel=\"canonical\" href=\"https:\/\/velesnails.pl\/uk\/product\/polygel-akrylozel-budujacy-mollylac-hema-di-hema-free-french-pink-30ml-nr-06\/\" \/>\n<meta property=\"og:locale\" content=\"uk_UA\" \/>\n<meta property=\"og:type\" content=\"article\" \/>\n<meta property=\"og:title\" content=\"PolyGel akrylo\u017cel buduj\u0105cy MollyLac Hema\/di-Hema free French Pink 30ml Nr 06 - velesnails\" \/>\n<meta property=\"og:description\" content=\"Rewolucyjny \u017cel o konsystencji musu, kt\u00f3ry pokocha ka\u017cda stylistka Przeznaczony do wzmocnienia i przed\u0142u\u017cania naturalnej p\u0142ytki wymagaj\u0105cych klientek. Polygel MollyLac to jedyny taki produkt o konsystencji musu, sile akrylu i elastyczno\u015bci \u017celu. G\u0119sta konsystencja umo\u017cliwia ekspresowe modelowanie i wystylizowanie paznokci. Za pomoc\u0105 Dual Form (form wielorazowego u\u017cytku) zaoszcz\u0119dzisz 85% czasu pracy. Idealny do zaciskania tunelu [&hellip;]\" \/>\n<meta property=\"og:url\" content=\"https:\/\/velesnails.pl\/uk\/product\/polygel-akrylozel-budujacy-mollylac-hema-di-hema-free-french-pink-30ml-nr-06\/\" \/>\n<meta property=\"og:site_name\" content=\"velesnails\" \/>\n<meta property=\"article:modified_time\" content=\"2026-02-16T12:58:19+00:00\" \/>\n<meta property=\"og:image\" content=\"https:\/\/i0.wp.com\/velesnails.pl\/wp-content\/uploads\/2024\/07\/PolyGel-akrylozel-MollyLac-French-Pink-30ml-Nr-06.png?fit=850%2C842&ssl=1\" \/>\n\t<meta property=\"og:image:width\" content=\"850\" \/>\n\t<meta property=\"og:image:height\" content=\"842\" \/>\n\t<meta property=\"og:image:type\" content=\"image\/png\" \/>\n<meta name=\"twitter:card\" content=\"summary_large_image\" \/>\n<meta name=\"twitter:label1\" content=\"\u041f\u0440\u0438\u0431\u043b. \u0447\u0430\u0441 \u0447\u0438\u0442\u0430\u043d\u043d\u044f\" \/>\n\t<meta name=\"twitter:data1\" content=\"2 \u0445\u0432\u0438\u043b\u0438\u043d\u0438\" \/>\n<script type=\"application\/ld+json\" class=\"yoast-schema-graph\">{\"@context\":\"https:\\\/\\\/schema.org\",\"@graph\":[{\"@type\":\"WebPage\",\"@id\":\"https:\\\/\\\/velesnails.pl\\\/product\\\/polygel-akrylozel-budujacy-mollylac-hema-di-hema-free-french-pink-30ml-nr-06\\\/\",\"url\":\"https:\\\/\\\/velesnails.pl\\\/product\\\/polygel-akrylozel-budujacy-mollylac-hema-di-hema-free-french-pink-30ml-nr-06\\\/\",\"name\":\"PolyGel akrylo\u017cel buduj\u0105cy MollyLac Hema\\\/di-Hema free French Pink 30ml Nr 06 - velesnails\",\"isPartOf\":{\"@id\":\"https:\\\/\\\/velesnails.pl\\\/#website\"},\"primaryImageOfPage\":{\"@id\":\"https:\\\/\\\/velesnails.pl\\\/product\\\/polygel-akrylozel-budujacy-mollylac-hema-di-hema-free-french-pink-30ml-nr-06\\\/#primaryimage\"},\"image\":{\"@id\":\"https:\\\/\\\/velesnails.pl\\\/product\\\/polygel-akrylozel-budujacy-mollylac-hema-di-hema-free-french-pink-30ml-nr-06\\\/#primaryimage\"},\"thumbnailUrl\":\"https:\\\/\\\/i0.wp.com\\\/velesnails.pl\\\/wp-content\\\/uploads\\\/2024\\\/07\\\/PolyGel-akrylozel-MollyLac-French-Pink-30ml-Nr-06.png?fit=850%2C842&ssl=1\",\"datePublished\":\"2024-07-22T11:18:35+00:00\",\"dateModified\":\"2026-02-16T12:58:19+00:00\",\"breadcrumb\":{\"@id\":\"https:\\\/\\\/velesnails.pl\\\/product\\\/polygel-akrylozel-budujacy-mollylac-hema-di-hema-free-french-pink-30ml-nr-06\\\/#breadcrumb\"},\"inLanguage\":\"uk\",\"potentialAction\":[{\"@type\":\"ReadAction\",\"target\":[\"https:\\\/\\\/velesnails.pl\\\/product\\\/polygel-akrylozel-budujacy-mollylac-hema-di-hema-free-french-pink-30ml-nr-06\\\/\"]}]},{\"@type\":\"ImageObject\",\"inLanguage\":\"uk\",\"@id\":\"https:\\\/\\\/velesnails.pl\\\/product\\\/polygel-akrylozel-budujacy-mollylac-hema-di-hema-free-french-pink-30ml-nr-06\\\/#primaryimage\",\"url\":\"https:\\\/\\\/i0.wp.com\\\/velesnails.pl\\\/wp-content\\\/uploads\\\/2024\\\/07\\\/PolyGel-akrylozel-MollyLac-French-Pink-30ml-Nr-06.png?fit=850%2C842&ssl=1\",\"contentUrl\":\"https:\\\/\\\/i0.wp.com\\\/velesnails.pl\\\/wp-content\\\/uploads\\\/2024\\\/07\\\/PolyGel-akrylozel-MollyLac-French-Pink-30ml-Nr-06.png?fit=850%2C842&ssl=1\",\"width\":850,\"height\":842},{\"@type\":\"BreadcrumbList\",\"@id\":\"https:\\\/\\\/velesnails.pl\\\/product\\\/polygel-akrylozel-budujacy-mollylac-hema-di-hema-free-french-pink-30ml-nr-06\\\/#breadcrumb\",\"itemListElement\":[{\"@type\":\"ListItem\",\"position\":1,\"name\":\"\u0413\u043e\u043b\u043e\u0432\u043d\u0430\",\"item\":\"https:\\\/\\\/velesnails.pl\\\/\"},{\"@type\":\"ListItem\",\"position\":2,\"name\":\"Sklep\",\"item\":\"https:\\\/\\\/velesnails.pl\\\/shop\\\/\"},{\"@type\":\"ListItem\",\"position\":3,\"name\":\"PolyGel akrylo\u017cel buduj\u0105cy MollyLac Hema\\\/di-Hema free French Pink 30ml Nr 06\"}]},{\"@type\":\"WebSite\",\"@id\":\"https:\\\/\\\/velesnails.pl\\\/#website\",\"url\":\"https:\\\/\\\/velesnails.pl\\\/\",\"name\":\"velesnails\",\"description\":\"Sklep z manicure\",\"publisher\":{\"@id\":\"https:\\\/\\\/velesnails.pl\\\/#organization\"},\"potentialAction\":[{\"@type\":\"SearchAction\",\"target\":{\"@type\":\"EntryPoint\",\"urlTemplate\":\"https:\\\/\\\/velesnails.pl\\\/?s={search_term_string}\"},\"query-input\":{\"@type\":\"PropertyValueSpecification\",\"valueRequired\":true,\"valueName\":\"search_term_string\"}}],\"inLanguage\":\"uk\"},{\"@type\":\"Organization\",\"@id\":\"https:\\\/\\\/velesnails.pl\\\/#organization\",\"name\":\"velesnails\",\"url\":\"https:\\\/\\\/velesnails.pl\\\/\",\"logo\":{\"@type\":\"ImageObject\",\"inLanguage\":\"uk\",\"@id\":\"https:\\\/\\\/velesnails.pl\\\/#\\\/schema\\\/logo\\\/image\\\/\",\"url\":\"https:\\\/\\\/i0.wp.com\\\/velesnails.pl\\\/wp-content\\\/uploads\\\/2025\\\/10\\\/cropped-obraz_viber_2025-10-22_13-55-55-969.jpg?fit=485%2C381&ssl=1\",\"contentUrl\":\"https:\\\/\\\/i0.wp.com\\\/velesnails.pl\\\/wp-content\\\/uploads\\\/2025\\\/10\\\/cropped-obraz_viber_2025-10-22_13-55-55-969.jpg?fit=485%2C381&ssl=1\",\"width\":485,\"height\":381,\"caption\":\"velesnails\"},\"image\":{\"@id\":\"https:\\\/\\\/velesnails.pl\\\/#\\\/schema\\\/logo\\\/image\\\/\"}}]}<\/script>\n<!-- \/ Yoast SEO plugin. -->","yoast_head_json":{"title":"PolyGel akrylo\u017cel buduj\u0105cy MollyLac Hema\/di-Hema free French Pink 30ml Nr 06 - velesnails","robots":{"index":"index","follow":"follow","max-snippet":"max-snippet:-1","max-image-preview":"max-image-preview:large","max-video-preview":"max-video-preview:-1"},"canonical":"https:\/\/velesnails.pl\/uk\/product\/polygel-akrylozel-budujacy-mollylac-hema-di-hema-free-french-pink-30ml-nr-06\/","og_locale":"uk_UA","og_type":"article","og_title":"PolyGel akrylo\u017cel buduj\u0105cy MollyLac Hema\/di-Hema free French Pink 30ml Nr 06 - velesnails","og_description":"Rewolucyjny \u017cel o konsystencji musu, kt\u00f3ry pokocha ka\u017cda stylistka Przeznaczony do wzmocnienia i przed\u0142u\u017cania naturalnej p\u0142ytki wymagaj\u0105cych klientek. Polygel MollyLac to jedyny taki produkt o konsystencji musu, sile akrylu i elastyczno\u015bci \u017celu. G\u0119sta konsystencja umo\u017cliwia ekspresowe modelowanie i wystylizowanie paznokci. Za pomoc\u0105 Dual Form (form wielorazowego u\u017cytku) zaoszcz\u0119dzisz 85% czasu pracy. Idealny do zaciskania tunelu [&hellip;]","og_url":"https:\/\/velesnails.pl\/uk\/product\/polygel-akrylozel-budujacy-mollylac-hema-di-hema-free-french-pink-30ml-nr-06\/","og_site_name":"velesnails","article_modified_time":"2026-02-16T12:58:19+00:00","og_image":[{"width":850,"height":842,"url":"https:\/\/i0.wp.com\/velesnails.pl\/wp-content\/uploads\/2024\/07\/PolyGel-akrylozel-MollyLac-French-Pink-30ml-Nr-06.png?fit=850%2C842&ssl=1","type":"image\/png"}],"twitter_card":"summary_large_image","twitter_misc":{"\u041f\u0440\u0438\u0431\u043b. \u0447\u0430\u0441 \u0447\u0438\u0442\u0430\u043d\u043d\u044f":"2 \u0445\u0432\u0438\u043b\u0438\u043d\u0438"},"schema":{"@context":"https:\/\/schema.org","@graph":[{"@type":"WebPage","@id":"https:\/\/velesnails.pl\/product\/polygel-akrylozel-budujacy-mollylac-hema-di-hema-free-french-pink-30ml-nr-06\/","url":"https:\/\/velesnails.pl\/product\/polygel-akrylozel-budujacy-mollylac-hema-di-hema-free-french-pink-30ml-nr-06\/","name":"PolyGel akrylo\u017cel buduj\u0105cy MollyLac Hema\/di-Hema free French Pink 30ml Nr 06 - velesnails","isPartOf":{"@id":"https:\/\/velesnails.pl\/#website"},"primaryImageOfPage":{"@id":"https:\/\/velesnails.pl\/product\/polygel-akrylozel-budujacy-mollylac-hema-di-hema-free-french-pink-30ml-nr-06\/#primaryimage"},"image":{"@id":"https:\/\/velesnails.pl\/product\/polygel-akrylozel-budujacy-mollylac-hema-di-hema-free-french-pink-30ml-nr-06\/#primaryimage"},"thumbnailUrl":"https:\/\/i0.wp.com\/velesnails.pl\/wp-content\/uploads\/2024\/07\/PolyGel-akrylozel-MollyLac-French-Pink-30ml-Nr-06.png?fit=850%2C842&ssl=1","datePublished":"2024-07-22T11:18:35+00:00","dateModified":"2026-02-16T12:58:19+00:00","breadcrumb":{"@id":"https:\/\/velesnails.pl\/product\/polygel-akrylozel-budujacy-mollylac-hema-di-hema-free-french-pink-30ml-nr-06\/#breadcrumb"},"inLanguage":"uk","potentialAction":[{"@type":"ReadAction","target":["https:\/\/velesnails.pl\/product\/polygel-akrylozel-budujacy-mollylac-hema-di-hema-free-french-pink-30ml-nr-06\/"]}]},{"@type":"ImageObject","inLanguage":"uk","@id":"https:\/\/velesnails.pl\/product\/polygel-akrylozel-budujacy-mollylac-hema-di-hema-free-french-pink-30ml-nr-06\/#primaryimage","url":"https:\/\/i0.wp.com\/velesnails.pl\/wp-content\/uploads\/2024\/07\/PolyGel-akrylozel-MollyLac-French-Pink-30ml-Nr-06.png?fit=850%2C842&ssl=1","contentUrl":"https:\/\/i0.wp.com\/velesnails.pl\/wp-content\/uploads\/2024\/07\/PolyGel-akrylozel-MollyLac-French-Pink-30ml-Nr-06.png?fit=850%2C842&ssl=1","width":850,"height":842},{"@type":"BreadcrumbList","@id":"https:\/\/velesnails.pl\/product\/polygel-akrylozel-budujacy-mollylac-hema-di-hema-free-french-pink-30ml-nr-06\/#breadcrumb","itemListElement":[{"@type":"ListItem","position":1,"name":"\u0413\u043e\u043b\u043e\u0432\u043d\u0430","item":"https:\/\/velesnails.pl\/"},{"@type":"ListItem","position":2,"name":"Sklep","item":"https:\/\/velesnails.pl\/shop\/"},{"@type":"ListItem","position":3,"name":"PolyGel akrylo\u017cel buduj\u0105cy MollyLac Hema\/di-Hema free French Pink 30ml Nr 06"}]},{"@type":"WebSite","@id":"https:\/\/velesnails.pl\/#website","url":"https:\/\/velesnails.pl\/","name":"\u0432\u0435\u043b\u0435\u0441\u043e\u0432\u0456 \u043d\u0456\u0433\u0442\u0456","description":"\u041c\u0430\u043d\u0456\u043a\u044e\u0440\u043d\u0438\u0439 \u0441\u0430\u043b\u043e\u043d","publisher":{"@id":"https:\/\/velesnails.pl\/#organization"},"potentialAction":[{"@type":"SearchAction","target":{"@type":"EntryPoint","urlTemplate":"https:\/\/velesnails.pl\/?s={search_term_string}"},"query-input":{"@type":"PropertyValueSpecification","valueRequired":true,"valueName":"search_term_string"}}],"inLanguage":"uk"},{"@type":"Organization","@id":"https:\/\/velesnails.pl\/#organization","name":"\u0432\u0435\u043b\u0435\u0441\u043e\u0432\u0456 \u043d\u0456\u0433\u0442\u0456","url":"https:\/\/velesnails.pl\/","logo":{"@type":"ImageObject","inLanguage":"uk","@id":"https:\/\/velesnails.pl\/#\/schema\/logo\/image\/","url":"https:\/\/i0.wp.com\/velesnails.pl\/wp-content\/uploads\/2025\/10\/cropped-obraz_viber_2025-10-22_13-55-55-969.jpg?fit=485%2C381&ssl=1","contentUrl":"https:\/\/i0.wp.com\/velesnails.pl\/wp-content\/uploads\/2025\/10\/cropped-obraz_viber_2025-10-22_13-55-55-969.jpg?fit=485%2C381&ssl=1","width":485,"height":381,"caption":"velesnails"},"image":{"@id":"https:\/\/velesnails.pl\/#\/schema\/logo\/image\/"}}]}},"_links":{"self":[{"href":"https:\/\/velesnails.pl\/uk\/wp-json\/wp\/v2\/product\/2557","targetHints":{"allow":["GET"]}}],"collection":[{"href":"https:\/\/velesnails.pl\/uk\/wp-json\/wp\/v2\/product"}],"about":[{"href":"https:\/\/velesnails.pl\/uk\/wp-json\/wp\/v2\/types\/product"}],"replies":[{"embeddable":true,"href":"https:\/\/velesnails.pl\/uk\/wp-json\/wp\/v2\/comments?post=2557"}],"wp:featuredmedia":[{"embeddable":true,"href":"https:\/\/velesnails.pl\/uk\/wp-json\/wp\/v2\/media\/2556"}],"wp:attachment":[{"href":"https:\/\/velesnails.pl\/uk\/wp-json\/wp\/v2\/media?parent=2557"}],"wp:term":[{"taxonomy":"product_brand","embeddable":true,"href":"https:\/\/velesnails.pl\/uk\/wp-json\/wp\/v2\/product_brand?post=2557"},{"taxonomy":"product_cat","embeddable":true,"href":"https:\/\/velesnails.pl\/uk\/wp-json\/wp\/v2\/product_cat?post=2557"},{"taxonomy":"product_tag","embeddable":true,"href":"https:\/\/velesnails.pl\/uk\/wp-json\/wp\/v2\/product_tag?post=2557"}],"curies":[{"name":"wp","href":"https:\/\/api.w.org\/{rel}","templated":true}]}}