{"id":2547,"date":"2024-07-22T13:32:59","date_gmt":"2024-07-22T10:32:59","guid":{"rendered":"https:\/\/velesnails.loc\/?post_type=product&#038;p=2547"},"modified":"2026-03-01T20:37:12","modified_gmt":"2026-03-01T17:37:12","slug":"clavier-white-zel-budujacy-10g","status":"publish","type":"product","link":"https:\/\/velesnails.pl\/uk\/product\/clavier-white-zel-budujacy-10g\/","title":{"rendered":"Clavier white \u017cel buduj\u0105cy 10g"},"content":{"rendered":"<p class=\"western\" align=\"left\">Builder Gel by Clavier \u2013 Doskona\u0142a Formu\u0142a Dla Ka\u017cdego Typu Paznokcia!<\/p>\n<p class=\"western\" align=\"left\">\u017bel buduj\u0105cy Builder Gel by Clavier, jest niezb\u0119dny w manicure \u017celowym, umo\u017cliwiaj\u0105c przed\u0142u\u017cania i budowanie paznokci. Jego formu\u0142a doskonale nadaje si\u0119 do wzmacniania naturalnej p\u0142ytki paznokcia, dzi\u0119ki niemu mo\u017cesz cieszy\u0107 si\u0119 naturalnym wygl\u0105da\u0142em stylizacji, a Twoje paznokcie b\u0119d\u0105 twarde oraz odporne na urazy mechaniczne. Mo\u017cliwo\u015b\u0107 przed\u0142u\u017cenia paznokci, naprawienia uszkodze\u0144 oraz kreowania r\u00f3\u017cnorodnych kszta\u0142t\u00f3w i styl\u00f3w to tylko niekt\u00f3re z jego funkcji.<\/p>\n<p class=\"western\" align=\"left\">Jego 3-fazowa formu\u0142a charakteryzuje si\u0119 \u015brednio-g\u0119st\u0105 konsystencj\u0105, doskonale nadaj\u0105c\u0105 si\u0119 do przed\u0142u\u017cania paznokci na szablonie lub tipsie, jak r\u00f3wnie\u017c do wzmocnienia naturalnej p\u0142ytki paznokcia. A bezkwasowa formu\u0142a eliminuje ryzyko podra\u017cnie\u0144 sk\u00f3ry wok\u00f3\u0142 paznokcia, co przek\u0142ada si\u0119 na wygod\u0119 podczas aplikacji.<\/p>\n<p class=\"western\" align=\"left\">Niezwyk\u0142\u0105 zalet\u0105 tego \u017celu jest jego specjalna formu\u0142a, kt\u00f3ra skutecznie zapobiega \u017c\u00f3\u0142kni\u0119ciu powierzchni paznokcia. Jest to szczeg\u00f3lnie istotne, zw\u0142aszcza dla os\u00f3b, kt\u00f3re regularnie korzystaj\u0105 z \u017celi buduj\u0105cych przez d\u0142u\u017cszy czas. Dzi\u0119ki temu produktowi mo\u017cesz cieszy\u0107 si\u0119 nie tylko pi\u0119knym wygl\u0105dem, ale tak\u017ce d\u0142ugotrwa\u0142\u0105 perfekcj\u0105 bez obaw o niepo\u017c\u0105dane efekty.<\/p>\n<p class=\"western\" align=\"left\">Spos\u00f3b u\u017cycia:<\/p>\n<p class=\"western\" align=\"left\">&#8211; Na wcze\u015bniej zmatowion\u0105 i odt\u0142uszczon\u0105 cleanerem p\u0142ytk\u0119 paznokcia wetrzyj niewielk\u0105 ilo\u015b\u0107 bazy Rubber Base clear Clavier (do tej czynno\u015bci najlepiej u\u017cy\u0107 p\u0119dzelka do \u017celu aby dok\u0142adnie wprowadzi\u0107 baz\u0119 w powsta\u0142e podczas matowieniu \u201erowki\u201d)<\/p>\n<p class=\"western\" align=\"left\">&#8211; Utward\u017a 30 s. w lampie UV\/Led<\/p>\n<p class=\"western\" align=\"left\">&#8211; Nabierz kuleczk\u0119 \u017celu buduj\u0105cego i u\u0142\u00f3\u017c na oko\u0142o 2\/3 d\u0142ugo\u015bci naturalnego paznokcia i delikatnym pulsacyjnym ruchem podepchnij materia\u0142 pod sk\u00f3rki, tak aby \u017cel ich nie dotkn\u0105\u0142 i rozprowad\u017a r\u00f3wnomiernie materia\u0142 po paznokciu tworz\u0105c idealn\u0105 krzywizn\u0119, a nast\u0119pnie utward\u017a w lampie przez 60s.<\/p>\n<p class=\"western\" align=\"left\">&#8211; Wacikiem nas\u0105czonym cleanerem zdejmuj warstw\u0119 lepk\u0105.<\/p>\n<p class=\"western\" align=\"left\">&#8211; Opracuj paznokie\u0107 piknikiem o gradacji 100\/180 i stylizuj wed\u0142ug uznania. Dodatkowe informacje: \u017belem \u015bmia\u0142o mo\u017cesz przed\u0142u\u017ca\u0107 na formach, nie rozpr\u0119\u017ca si\u0119 dzi\u0119ki czemu idealnie nadaje si\u0119 do zaciskania i uzyskania pi\u0119knego tunelu.<\/p>\n<p class=\"western\" align=\"left\">Sk\u0142ad: Polyacrylic Acid, HEMA, Hydroxycyclohexyl Phenyl Ketone +\/-: CI 19140, CI15850, CI 60725, CI 77266, CI 77491, CI 77891.<\/p>","protected":false},"excerpt":{"rendered":"<p>Builder Gel by Clavier \u2013 Doskona\u0142a Formu\u0142a Dla Ka\u017cdego Typu Paznokcia! \u017bel buduj\u0105cy Builder Gel by Clavier, jest niezb\u0119dny w manicure \u017celowym, umo\u017cliwiaj\u0105c przed\u0142u\u017cania i budowanie paznokci. Jego formu\u0142a doskonale nadaje si\u0119 do wzmacniania naturalnej p\u0142ytki paznokcia, dzi\u0119ki niemu mo\u017cesz cieszy\u0107 si\u0119 naturalnym wygl\u0105da\u0142em stylizacji, a Twoje paznokcie b\u0119d\u0105 twarde oraz odporne na urazy mechaniczne. [&hellip;]<\/p>\n","protected":false},"featured_media":2543,"comment_status":"open","ping_status":"closed","template":"","meta":{"om_disable_all_campaigns":false,"ocean_post_layout":"","ocean_both_sidebars_style":"","ocean_both_sidebars_content_width":0,"ocean_both_sidebars_sidebars_width":0,"ocean_sidebar":"0","ocean_second_sidebar":"0","ocean_disable_margins":"enable","ocean_add_body_class":"","ocean_shortcode_before_top_bar":"","ocean_shortcode_after_top_bar":"","ocean_shortcode_before_header":"","ocean_shortcode_after_header":"","ocean_has_shortcode":"","ocean_shortcode_after_title":"","ocean_shortcode_before_footer_widgets":"","ocean_shortcode_after_footer_widgets":"","ocean_shortcode_before_footer_bottom":"","ocean_shortcode_after_footer_bottom":"","ocean_display_top_bar":"default","ocean_display_header":"default","ocean_header_style":"","ocean_center_header_left_menu":"0","ocean_custom_header_template":"0","ocean_custom_logo":0,"ocean_custom_retina_logo":0,"ocean_custom_logo_max_width":0,"ocean_custom_logo_tablet_max_width":0,"ocean_custom_logo_mobile_max_width":0,"ocean_custom_logo_max_height":0,"ocean_custom_logo_tablet_max_height":0,"ocean_custom_logo_mobile_max_height":0,"ocean_header_custom_menu":"0","ocean_menu_typo_font_family":"0","ocean_menu_typo_font_subset":"","ocean_menu_typo_font_size":0,"ocean_menu_typo_font_size_tablet":0,"ocean_menu_typo_font_size_mobile":0,"ocean_menu_typo_font_size_unit":"px","ocean_menu_typo_font_weight":"","ocean_menu_typo_font_weight_tablet":"","ocean_menu_typo_font_weight_mobile":"","ocean_menu_typo_transform":"","ocean_menu_typo_transform_tablet":"","ocean_menu_typo_transform_mobile":"","ocean_menu_typo_line_height":0,"ocean_menu_typo_line_height_tablet":0,"ocean_menu_typo_line_height_mobile":0,"ocean_menu_typo_line_height_unit":"","ocean_menu_typo_spacing":0,"ocean_menu_typo_spacing_tablet":0,"ocean_menu_typo_spacing_mobile":0,"ocean_menu_typo_spacing_unit":"","ocean_menu_link_color":"","ocean_menu_link_color_hover":"","ocean_menu_link_color_active":"","ocean_menu_link_background":"","ocean_menu_link_hover_background":"","ocean_menu_link_active_background":"","ocean_menu_social_links_bg":"","ocean_menu_social_hover_links_bg":"","ocean_menu_social_links_color":"","ocean_menu_social_hover_links_color":"","ocean_disable_title":"default","ocean_disable_heading":"default","ocean_post_title":"","ocean_post_subheading":"","ocean_post_title_style":"","ocean_post_title_background_color":"","ocean_post_title_background":0,"ocean_post_title_bg_image_position":"","ocean_post_title_bg_image_attachment":"","ocean_post_title_bg_image_repeat":"","ocean_post_title_bg_image_size":"","ocean_post_title_height":0,"ocean_post_title_bg_overlay":0.5,"ocean_post_title_bg_overlay_color":"","ocean_disable_breadcrumbs":"default","ocean_breadcrumbs_color":"","ocean_breadcrumbs_separator_color":"","ocean_breadcrumbs_links_color":"","ocean_breadcrumbs_links_hover_color":"","ocean_display_footer_widgets":"default","ocean_display_footer_bottom":"default","ocean_custom_footer_template":"0"},"product_brand":[],"product_cat":[176,194,110,122,120],"product_tag":[],"class_list":{"0":"post-2547","1":"product","2":"type-product","3":"status-publish","4":"has-post-thumbnail","6":"product_cat-marki","7":"product_cat-ntn","8":"product_cat-paznokcie","9":"product_cat-zeli","10":"product_cat-zele-i-akryle","12":"entry","13":"has-media","15":"first","16":"outofstock","17":"taxable","18":"shipping-taxable","19":"purchasable","20":"product-type-simple","21":"has-product-nav","22":"col","23":"span_1_of_3","24":"owp-content-center","25":"owp-thumbs-layout-horizontal","26":"owp-btn-normal","27":"owp-tabs-layout-horizontal","28":"has-no-thumbnails"},"yoast_head":"<!-- This site is optimized with the Yoast SEO plugin v27.5 - https:\/\/yoast.com\/product\/yoast-seo-wordpress\/ -->\n<title>Clavier white \u017cel buduj\u0105cy 10g - velesnails<\/title>\n<meta name=\"robots\" content=\"index, follow, max-snippet:-1, max-image-preview:large, max-video-preview:-1\" \/>\n<link rel=\"canonical\" href=\"https:\/\/velesnails.pl\/uk\/product\/clavier-white-zel-budujacy-10g\/\" \/>\n<meta property=\"og:locale\" content=\"uk_UA\" \/>\n<meta property=\"og:type\" content=\"article\" \/>\n<meta property=\"og:title\" content=\"Clavier white \u017cel buduj\u0105cy 10g - velesnails\" \/>\n<meta property=\"og:description\" content=\"Builder Gel by Clavier \u2013 Doskona\u0142a Formu\u0142a Dla Ka\u017cdego Typu Paznokcia! \u017bel buduj\u0105cy Builder Gel by Clavier, jest niezb\u0119dny w manicure \u017celowym, umo\u017cliwiaj\u0105c przed\u0142u\u017cania i budowanie paznokci. Jego formu\u0142a doskonale nadaje si\u0119 do wzmacniania naturalnej p\u0142ytki paznokcia, dzi\u0119ki niemu mo\u017cesz cieszy\u0107 si\u0119 naturalnym wygl\u0105da\u0142em stylizacji, a Twoje paznokcie b\u0119d\u0105 twarde oraz odporne na urazy mechaniczne. [&hellip;]\" \/>\n<meta property=\"og:url\" content=\"https:\/\/velesnails.pl\/uk\/product\/clavier-white-zel-budujacy-10g\/\" \/>\n<meta property=\"og:site_name\" content=\"velesnails\" \/>\n<meta property=\"article:modified_time\" content=\"2026-03-01T17:37:12+00:00\" \/>\n<meta property=\"og:image\" content=\"https:\/\/i0.wp.com\/velesnails.pl\/wp-content\/uploads\/2024\/07\/Clavier-white-10g.webp?fit=1280%2C1280&ssl=1\" \/>\n\t<meta property=\"og:image:width\" content=\"1280\" \/>\n\t<meta property=\"og:image:height\" content=\"1280\" \/>\n\t<meta property=\"og:image:type\" content=\"image\/webp\" \/>\n<meta name=\"twitter:card\" content=\"summary_large_image\" \/>\n<meta name=\"twitter:label1\" content=\"\u041f\u0440\u0438\u0431\u043b. \u0447\u0430\u0441 \u0447\u0438\u0442\u0430\u043d\u043d\u044f\" \/>\n\t<meta name=\"twitter:data1\" content=\"2 \u0445\u0432\u0438\u043b\u0438\u043d\u0438\" \/>\n<script type=\"application\/ld+json\" class=\"yoast-schema-graph\">{\"@context\":\"https:\\\/\\\/schema.org\",\"@graph\":[{\"@type\":\"WebPage\",\"@id\":\"https:\\\/\\\/velesnails.pl\\\/product\\\/clavier-white-zel-budujacy-10g\\\/\",\"url\":\"https:\\\/\\\/velesnails.pl\\\/product\\\/clavier-white-zel-budujacy-10g\\\/\",\"name\":\"Clavier white \u017cel buduj\u0105cy 10g - velesnails\",\"isPartOf\":{\"@id\":\"https:\\\/\\\/velesnails.pl\\\/#website\"},\"primaryImageOfPage\":{\"@id\":\"https:\\\/\\\/velesnails.pl\\\/product\\\/clavier-white-zel-budujacy-10g\\\/#primaryimage\"},\"image\":{\"@id\":\"https:\\\/\\\/velesnails.pl\\\/product\\\/clavier-white-zel-budujacy-10g\\\/#primaryimage\"},\"thumbnailUrl\":\"https:\\\/\\\/i0.wp.com\\\/velesnails.pl\\\/wp-content\\\/uploads\\\/2024\\\/07\\\/Clavier-white-10g.webp?fit=1280%2C1280&ssl=1\",\"datePublished\":\"2024-07-22T10:32:59+00:00\",\"dateModified\":\"2026-03-01T17:37:12+00:00\",\"breadcrumb\":{\"@id\":\"https:\\\/\\\/velesnails.pl\\\/product\\\/clavier-white-zel-budujacy-10g\\\/#breadcrumb\"},\"inLanguage\":\"uk\",\"potentialAction\":[{\"@type\":\"ReadAction\",\"target\":[\"https:\\\/\\\/velesnails.pl\\\/product\\\/clavier-white-zel-budujacy-10g\\\/\"]}]},{\"@type\":\"ImageObject\",\"inLanguage\":\"uk\",\"@id\":\"https:\\\/\\\/velesnails.pl\\\/product\\\/clavier-white-zel-budujacy-10g\\\/#primaryimage\",\"url\":\"https:\\\/\\\/i0.wp.com\\\/velesnails.pl\\\/wp-content\\\/uploads\\\/2024\\\/07\\\/Clavier-white-10g.webp?fit=1280%2C1280&ssl=1\",\"contentUrl\":\"https:\\\/\\\/i0.wp.com\\\/velesnails.pl\\\/wp-content\\\/uploads\\\/2024\\\/07\\\/Clavier-white-10g.webp?fit=1280%2C1280&ssl=1\",\"width\":1280,\"height\":1280},{\"@type\":\"BreadcrumbList\",\"@id\":\"https:\\\/\\\/velesnails.pl\\\/product\\\/clavier-white-zel-budujacy-10g\\\/#breadcrumb\",\"itemListElement\":[{\"@type\":\"ListItem\",\"position\":1,\"name\":\"\u0413\u043e\u043b\u043e\u0432\u043d\u0430\",\"item\":\"https:\\\/\\\/velesnails.pl\\\/\"},{\"@type\":\"ListItem\",\"position\":2,\"name\":\"Sklep\",\"item\":\"https:\\\/\\\/velesnails.pl\\\/shop\\\/\"},{\"@type\":\"ListItem\",\"position\":3,\"name\":\"Clavier white \u017cel buduj\u0105cy 10g\"}]},{\"@type\":\"WebSite\",\"@id\":\"https:\\\/\\\/velesnails.pl\\\/#website\",\"url\":\"https:\\\/\\\/velesnails.pl\\\/\",\"name\":\"velesnails\",\"description\":\"Sklep z manicure\",\"publisher\":{\"@id\":\"https:\\\/\\\/velesnails.pl\\\/#organization\"},\"potentialAction\":[{\"@type\":\"SearchAction\",\"target\":{\"@type\":\"EntryPoint\",\"urlTemplate\":\"https:\\\/\\\/velesnails.pl\\\/?s={search_term_string}\"},\"query-input\":{\"@type\":\"PropertyValueSpecification\",\"valueRequired\":true,\"valueName\":\"search_term_string\"}}],\"inLanguage\":\"uk\"},{\"@type\":\"Organization\",\"@id\":\"https:\\\/\\\/velesnails.pl\\\/#organization\",\"name\":\"velesnails\",\"url\":\"https:\\\/\\\/velesnails.pl\\\/\",\"logo\":{\"@type\":\"ImageObject\",\"inLanguage\":\"uk\",\"@id\":\"https:\\\/\\\/velesnails.pl\\\/#\\\/schema\\\/logo\\\/image\\\/\",\"url\":\"https:\\\/\\\/i0.wp.com\\\/velesnails.pl\\\/wp-content\\\/uploads\\\/2025\\\/10\\\/cropped-obraz_viber_2025-10-22_13-55-55-969.jpg?fit=485%2C381&ssl=1\",\"contentUrl\":\"https:\\\/\\\/i0.wp.com\\\/velesnails.pl\\\/wp-content\\\/uploads\\\/2025\\\/10\\\/cropped-obraz_viber_2025-10-22_13-55-55-969.jpg?fit=485%2C381&ssl=1\",\"width\":485,\"height\":381,\"caption\":\"velesnails\"},\"image\":{\"@id\":\"https:\\\/\\\/velesnails.pl\\\/#\\\/schema\\\/logo\\\/image\\\/\"}}]}<\/script>\n<!-- \/ Yoast SEO plugin. -->","yoast_head_json":{"title":"Clavier white \u017cel buduj\u0105cy 10g - velesnails","robots":{"index":"index","follow":"follow","max-snippet":"max-snippet:-1","max-image-preview":"max-image-preview:large","max-video-preview":"max-video-preview:-1"},"canonical":"https:\/\/velesnails.pl\/uk\/product\/clavier-white-zel-budujacy-10g\/","og_locale":"uk_UA","og_type":"article","og_title":"Clavier white \u017cel buduj\u0105cy 10g - velesnails","og_description":"Builder Gel by Clavier \u2013 Doskona\u0142a Formu\u0142a Dla Ka\u017cdego Typu Paznokcia! \u017bel buduj\u0105cy Builder Gel by Clavier, jest niezb\u0119dny w manicure \u017celowym, umo\u017cliwiaj\u0105c przed\u0142u\u017cania i budowanie paznokci. Jego formu\u0142a doskonale nadaje si\u0119 do wzmacniania naturalnej p\u0142ytki paznokcia, dzi\u0119ki niemu mo\u017cesz cieszy\u0107 si\u0119 naturalnym wygl\u0105da\u0142em stylizacji, a Twoje paznokcie b\u0119d\u0105 twarde oraz odporne na urazy mechaniczne. [&hellip;]","og_url":"https:\/\/velesnails.pl\/uk\/product\/clavier-white-zel-budujacy-10g\/","og_site_name":"velesnails","article_modified_time":"2026-03-01T17:37:12+00:00","og_image":[{"width":1280,"height":1280,"url":"https:\/\/i0.wp.com\/velesnails.pl\/wp-content\/uploads\/2024\/07\/Clavier-white-10g.webp?fit=1280%2C1280&ssl=1","type":"image\/webp"}],"twitter_card":"summary_large_image","twitter_misc":{"\u041f\u0440\u0438\u0431\u043b. \u0447\u0430\u0441 \u0447\u0438\u0442\u0430\u043d\u043d\u044f":"2 \u0445\u0432\u0438\u043b\u0438\u043d\u0438"},"schema":{"@context":"https:\/\/schema.org","@graph":[{"@type":"WebPage","@id":"https:\/\/velesnails.pl\/product\/clavier-white-zel-budujacy-10g\/","url":"https:\/\/velesnails.pl\/product\/clavier-white-zel-budujacy-10g\/","name":"Clavier white \u017cel buduj\u0105cy 10g - velesnails","isPartOf":{"@id":"https:\/\/velesnails.pl\/#website"},"primaryImageOfPage":{"@id":"https:\/\/velesnails.pl\/product\/clavier-white-zel-budujacy-10g\/#primaryimage"},"image":{"@id":"https:\/\/velesnails.pl\/product\/clavier-white-zel-budujacy-10g\/#primaryimage"},"thumbnailUrl":"https:\/\/i0.wp.com\/velesnails.pl\/wp-content\/uploads\/2024\/07\/Clavier-white-10g.webp?fit=1280%2C1280&ssl=1","datePublished":"2024-07-22T10:32:59+00:00","dateModified":"2026-03-01T17:37:12+00:00","breadcrumb":{"@id":"https:\/\/velesnails.pl\/product\/clavier-white-zel-budujacy-10g\/#breadcrumb"},"inLanguage":"uk","potentialAction":[{"@type":"ReadAction","target":["https:\/\/velesnails.pl\/product\/clavier-white-zel-budujacy-10g\/"]}]},{"@type":"ImageObject","inLanguage":"uk","@id":"https:\/\/velesnails.pl\/product\/clavier-white-zel-budujacy-10g\/#primaryimage","url":"https:\/\/i0.wp.com\/velesnails.pl\/wp-content\/uploads\/2024\/07\/Clavier-white-10g.webp?fit=1280%2C1280&ssl=1","contentUrl":"https:\/\/i0.wp.com\/velesnails.pl\/wp-content\/uploads\/2024\/07\/Clavier-white-10g.webp?fit=1280%2C1280&ssl=1","width":1280,"height":1280},{"@type":"BreadcrumbList","@id":"https:\/\/velesnails.pl\/product\/clavier-white-zel-budujacy-10g\/#breadcrumb","itemListElement":[{"@type":"ListItem","position":1,"name":"\u0413\u043e\u043b\u043e\u0432\u043d\u0430","item":"https:\/\/velesnails.pl\/"},{"@type":"ListItem","position":2,"name":"Sklep","item":"https:\/\/velesnails.pl\/shop\/"},{"@type":"ListItem","position":3,"name":"Clavier white \u017cel buduj\u0105cy 10g"}]},{"@type":"WebSite","@id":"https:\/\/velesnails.pl\/#website","url":"https:\/\/velesnails.pl\/","name":"\u0432\u0435\u043b\u0435\u0441\u043e\u0432\u0456 \u043d\u0456\u0433\u0442\u0456","description":"\u041c\u0430\u043d\u0456\u043a\u044e\u0440\u043d\u0438\u0439 \u0441\u0430\u043b\u043e\u043d","publisher":{"@id":"https:\/\/velesnails.pl\/#organization"},"potentialAction":[{"@type":"SearchAction","target":{"@type":"EntryPoint","urlTemplate":"https:\/\/velesnails.pl\/?s={search_term_string}"},"query-input":{"@type":"PropertyValueSpecification","valueRequired":true,"valueName":"search_term_string"}}],"inLanguage":"uk"},{"@type":"Organization","@id":"https:\/\/velesnails.pl\/#organization","name":"\u0432\u0435\u043b\u0435\u0441\u043e\u0432\u0456 \u043d\u0456\u0433\u0442\u0456","url":"https:\/\/velesnails.pl\/","logo":{"@type":"ImageObject","inLanguage":"uk","@id":"https:\/\/velesnails.pl\/#\/schema\/logo\/image\/","url":"https:\/\/i0.wp.com\/velesnails.pl\/wp-content\/uploads\/2025\/10\/cropped-obraz_viber_2025-10-22_13-55-55-969.jpg?fit=485%2C381&ssl=1","contentUrl":"https:\/\/i0.wp.com\/velesnails.pl\/wp-content\/uploads\/2025\/10\/cropped-obraz_viber_2025-10-22_13-55-55-969.jpg?fit=485%2C381&ssl=1","width":485,"height":381,"caption":"velesnails"},"image":{"@id":"https:\/\/velesnails.pl\/#\/schema\/logo\/image\/"}}]}},"_links":{"self":[{"href":"https:\/\/velesnails.pl\/uk\/wp-json\/wp\/v2\/product\/2547","targetHints":{"allow":["GET"]}}],"collection":[{"href":"https:\/\/velesnails.pl\/uk\/wp-json\/wp\/v2\/product"}],"about":[{"href":"https:\/\/velesnails.pl\/uk\/wp-json\/wp\/v2\/types\/product"}],"replies":[{"embeddable":true,"href":"https:\/\/velesnails.pl\/uk\/wp-json\/wp\/v2\/comments?post=2547"}],"wp:featuredmedia":[{"embeddable":true,"href":"https:\/\/velesnails.pl\/uk\/wp-json\/wp\/v2\/media\/2543"}],"wp:attachment":[{"href":"https:\/\/velesnails.pl\/uk\/wp-json\/wp\/v2\/media?parent=2547"}],"wp:term":[{"taxonomy":"product_brand","embeddable":true,"href":"https:\/\/velesnails.pl\/uk\/wp-json\/wp\/v2\/product_brand?post=2547"},{"taxonomy":"product_cat","embeddable":true,"href":"https:\/\/velesnails.pl\/uk\/wp-json\/wp\/v2\/product_cat?post=2547"},{"taxonomy":"product_tag","embeddable":true,"href":"https:\/\/velesnails.pl\/uk\/wp-json\/wp\/v2\/product_tag?post=2547"}],"curies":[{"name":"wp","href":"https:\/\/api.w.org\/{rel}","templated":true}]}}