{"id":2426,"date":"2024-07-20T14:07:26","date_gmt":"2024-07-20T11:07:26","guid":{"rendered":"https:\/\/velesnails.loc\/?post_type=product&#038;p=2426"},"modified":"2025-07-21T13:05:17","modified_gmt":"2025-07-21T10:05:17","slug":"top-nawierzchniowy-matujacy-no-wipe-bez-przemywania-mollylac-matte-me-10g","status":"publish","type":"product","link":"https:\/\/velesnails.pl\/uk\/product\/top-nawierzchniowy-matujacy-no-wipe-bez-przemywania-mollylac-matte-me-10g\/","title":{"rendered":"Top nawierzchniowy matuj\u0105cy no wipe bez przemywania MollyLac Matte Me 10g"},"content":{"rendered":"<p>Poznaj jako\u015b\u0107 PREMIUM i unikaln\u0105 FORMU\u0141\u0118 MATUJ\u0104C\u0104 z Matte Me! Colours by Molly??<\/p>\n<p>Chcesz uzyska\u0107 modny efekt i urzeka\u0107 otoczenie jedwabist\u0105 stylizacj\u0105?<\/p>\n<p>Teraz ju\u017c masz mo\u017cliwo\u015b\u0107! Matte Me! Molly Lac to odpowied\u017a na zapotrzebowanie naszych wymagaj\u0105cych klientek, kt\u00f3re pragn\u0105 jedwabistego efektu!<\/p>\n<p>Wyj\u0105tkowo trwale matuj\u0105cy top nawierzchniowy, przeniesie Twoje stylizacje w inny wymiar!<\/p>\n<p>Top nawierzchniowy Matte Me! &#8211; to wysokiej jako\u015bci produkt zamkni\u0119ty w uroczej buteleczce Molly Lac 10 ml z precyzyjnym p\u0119dzelkiem w kszta\u0142cie kociego j\u0119zyka.<\/p>\n<p>? Rozpuszczalny w p\u0142ynach typu soak off.<\/p>\n<p>? Nie wyb\u0142yszcza si\u0119!<\/p>\n<p>? Ciesz si\u0119 d\u0142ugotrwa\u0142ym efektem matowych paznokci +14 dni!<\/p>\n<p>? Top nie wymaga przemywania<\/p>\n<p>Spos\u00f3b u\u017cycia:<\/p>\n<p>-Na\u0142\u00f3\u017c warstw\u0119 TOPU NAWIERZCHNIOWEGO MATTE ME! MOLLY LAC na stylizacj\u0119 hybrydow\u0105, \u017celow\u0105 b\u0105d\u017a akrylow\u0105<br \/>\n-Utwardzaj w lampie UV: 2 min\/LED 60 sekund (d\u0142u\u017csze utwardzanie daje d\u0142ugotrwa\u0142y efekt stylizacji)<br \/>\n-GOTOWE! Ciesz si\u0119 jedwabi\u015bcie matowym efektem na paznokciach!<br \/>\nSk\u0142ad: Polyurethane-1, HEMA, Hydroxycyclohexyl Phenyl Ketone, Quartz<\/p>\n<p>Ostrze\u017cenia:<\/p>\n<p>Produkt tylko do u\u017cytku profesjonalnego.<br \/>\nChroni\u0107 przed dzie\u0107mi.<br \/>\nMo\u017ce powodowa\u0107 reakcj\u0119 alergiczn\u0105.<br \/>\nProsz\u0119 uwa\u017cnie przeczyta\u0107 spos\u00f3b u\u017cycia.<\/p>","protected":false},"excerpt":{"rendered":"<p>Poznaj jako\u015b\u0107 PREMIUM i unikaln\u0105 FORMU\u0141\u0118 MATUJ\u0104C\u0104 z Matte Me! Colours by Molly?? Chcesz uzyska\u0107 modny efekt i urzeka\u0107 otoczenie jedwabist\u0105 stylizacj\u0105? Teraz ju\u017c masz mo\u017cliwo\u015b\u0107! Matte Me! Molly Lac to odpowied\u017a na zapotrzebowanie naszych wymagaj\u0105cych klientek, kt\u00f3re pragn\u0105 jedwabistego efektu! Wyj\u0105tkowo trwale matuj\u0105cy top nawierzchniowy, przeniesie Twoje stylizacje w inny wymiar! Top nawierzchniowy Matte [&hellip;]<\/p>\n","protected":false},"featured_media":2427,"comment_status":"open","ping_status":"closed","template":"","meta":{"om_disable_all_campaigns":false,"ocean_post_layout":"","ocean_both_sidebars_style":"","ocean_both_sidebars_content_width":0,"ocean_both_sidebars_sidebars_width":0,"ocean_sidebar":"0","ocean_second_sidebar":"0","ocean_disable_margins":"enable","ocean_add_body_class":"","ocean_shortcode_before_top_bar":"","ocean_shortcode_after_top_bar":"","ocean_shortcode_before_header":"","ocean_shortcode_after_header":"","ocean_has_shortcode":"","ocean_shortcode_after_title":"","ocean_shortcode_before_footer_widgets":"","ocean_shortcode_after_footer_widgets":"","ocean_shortcode_before_footer_bottom":"","ocean_shortcode_after_footer_bottom":"","ocean_display_top_bar":"default","ocean_display_header":"default","ocean_header_style":"","ocean_center_header_left_menu":"0","ocean_custom_header_template":"0","ocean_custom_logo":0,"ocean_custom_retina_logo":0,"ocean_custom_logo_max_width":0,"ocean_custom_logo_tablet_max_width":0,"ocean_custom_logo_mobile_max_width":0,"ocean_custom_logo_max_height":0,"ocean_custom_logo_tablet_max_height":0,"ocean_custom_logo_mobile_max_height":0,"ocean_header_custom_menu":"0","ocean_menu_typo_font_family":"0","ocean_menu_typo_font_subset":"","ocean_menu_typo_font_size":0,"ocean_menu_typo_font_size_tablet":0,"ocean_menu_typo_font_size_mobile":0,"ocean_menu_typo_font_size_unit":"px","ocean_menu_typo_font_weight":"","ocean_menu_typo_font_weight_tablet":"","ocean_menu_typo_font_weight_mobile":"","ocean_menu_typo_transform":"","ocean_menu_typo_transform_tablet":"","ocean_menu_typo_transform_mobile":"","ocean_menu_typo_line_height":0,"ocean_menu_typo_line_height_tablet":0,"ocean_menu_typo_line_height_mobile":0,"ocean_menu_typo_line_height_unit":"","ocean_menu_typo_spacing":0,"ocean_menu_typo_spacing_tablet":0,"ocean_menu_typo_spacing_mobile":0,"ocean_menu_typo_spacing_unit":"","ocean_menu_link_color":"","ocean_menu_link_color_hover":"","ocean_menu_link_color_active":"","ocean_menu_link_background":"","ocean_menu_link_hover_background":"","ocean_menu_link_active_background":"","ocean_menu_social_links_bg":"","ocean_menu_social_hover_links_bg":"","ocean_menu_social_links_color":"","ocean_menu_social_hover_links_color":"","ocean_disable_title":"default","ocean_disable_heading":"default","ocean_post_title":"","ocean_post_subheading":"","ocean_post_title_style":"","ocean_post_title_background_color":"","ocean_post_title_background":0,"ocean_post_title_bg_image_position":"","ocean_post_title_bg_image_attachment":"","ocean_post_title_bg_image_repeat":"","ocean_post_title_bg_image_size":"","ocean_post_title_height":0,"ocean_post_title_bg_overlay":0.5,"ocean_post_title_bg_overlay_color":"","ocean_disable_breadcrumbs":"default","ocean_breadcrumbs_color":"","ocean_breadcrumbs_separator_color":"","ocean_breadcrumbs_links_color":"","ocean_breadcrumbs_links_hover_color":"","ocean_display_footer_widgets":"default","ocean_display_footer_bottom":"default","ocean_custom_footer_template":"0"},"product_brand":[],"product_cat":[184,176,189,110,187],"product_tag":[],"class_list":{"0":"post-2426","1":"product","2":"type-product","3":"status-publish","4":"has-post-thumbnail","6":"product_cat-bazy-i-topy","7":"product_cat-marki","8":"product_cat-molly-lac-1","9":"product_cat-paznokcie","10":"product_cat-topy","12":"entry","13":"has-media","15":"first","16":"outofstock","17":"taxable","18":"shipping-taxable","19":"purchasable","20":"product-type-simple","21":"has-product-nav","22":"col","23":"span_1_of_3","24":"owp-content-center","25":"owp-thumbs-layout-horizontal","26":"owp-btn-normal","27":"owp-tabs-layout-horizontal","28":"has-no-thumbnails"},"yoast_head":"<!-- This site is optimized with the Yoast SEO plugin v27.4 - https:\/\/yoast.com\/product\/yoast-seo-wordpress\/ -->\n<title>Top nawierzchniowy matuj\u0105cy no wipe bez przemywania MollyLac Matte Me 10g - velesnails<\/title>\n<meta name=\"robots\" content=\"index, follow, max-snippet:-1, max-image-preview:large, max-video-preview:-1\" \/>\n<link rel=\"canonical\" href=\"https:\/\/velesnails.pl\/uk\/product\/top-nawierzchniowy-matujacy-no-wipe-bez-przemywania-mollylac-matte-me-10g\/\" \/>\n<meta property=\"og:locale\" content=\"uk_UA\" \/>\n<meta property=\"og:type\" content=\"article\" \/>\n<meta property=\"og:title\" content=\"Top nawierzchniowy matuj\u0105cy no wipe bez przemywania MollyLac Matte Me 10g - velesnails\" \/>\n<meta property=\"og:description\" content=\"Poznaj jako\u015b\u0107 PREMIUM i unikaln\u0105 FORMU\u0141\u0118 MATUJ\u0104C\u0104 z Matte Me! Colours by Molly?? Chcesz uzyska\u0107 modny efekt i urzeka\u0107 otoczenie jedwabist\u0105 stylizacj\u0105? Teraz ju\u017c masz mo\u017cliwo\u015b\u0107! Matte Me! Molly Lac to odpowied\u017a na zapotrzebowanie naszych wymagaj\u0105cych klientek, kt\u00f3re pragn\u0105 jedwabistego efektu! Wyj\u0105tkowo trwale matuj\u0105cy top nawierzchniowy, przeniesie Twoje stylizacje w inny wymiar! Top nawierzchniowy Matte [&hellip;]\" \/>\n<meta property=\"og:url\" content=\"https:\/\/velesnails.pl\/uk\/product\/top-nawierzchniowy-matujacy-no-wipe-bez-przemywania-mollylac-matte-me-10g\/\" \/>\n<meta property=\"og:site_name\" content=\"velesnails\" \/>\n<meta property=\"article:modified_time\" content=\"2025-07-21T10:05:17+00:00\" \/>\n<meta property=\"og:image\" content=\"https:\/\/i0.wp.com\/velesnails.pl\/wp-content\/uploads\/2024\/07\/MollyLac-Matte-Me.jpg?fit=500%2C495&ssl=1\" \/>\n\t<meta property=\"og:image:width\" content=\"500\" \/>\n\t<meta property=\"og:image:height\" content=\"495\" \/>\n\t<meta property=\"og:image:type\" content=\"image\/jpeg\" \/>\n<meta name=\"twitter:card\" content=\"summary_large_image\" \/>\n<meta name=\"twitter:label1\" content=\"\u041f\u0440\u0438\u0431\u043b. \u0447\u0430\u0441 \u0447\u0438\u0442\u0430\u043d\u043d\u044f\" \/>\n\t<meta name=\"twitter:data1\" content=\"1 \u0445\u0432\u0438\u043b\u0438\u043d\u0430\" \/>\n<script type=\"application\/ld+json\" class=\"yoast-schema-graph\">{\"@context\":\"https:\\\/\\\/schema.org\",\"@graph\":[{\"@type\":\"WebPage\",\"@id\":\"https:\\\/\\\/velesnails.pl\\\/product\\\/top-nawierzchniowy-matujacy-no-wipe-bez-przemywania-mollylac-matte-me-10g\\\/\",\"url\":\"https:\\\/\\\/velesnails.pl\\\/product\\\/top-nawierzchniowy-matujacy-no-wipe-bez-przemywania-mollylac-matte-me-10g\\\/\",\"name\":\"Top nawierzchniowy matuj\u0105cy no wipe bez przemywania MollyLac Matte Me 10g - velesnails\",\"isPartOf\":{\"@id\":\"https:\\\/\\\/velesnails.pl\\\/#website\"},\"primaryImageOfPage\":{\"@id\":\"https:\\\/\\\/velesnails.pl\\\/product\\\/top-nawierzchniowy-matujacy-no-wipe-bez-przemywania-mollylac-matte-me-10g\\\/#primaryimage\"},\"image\":{\"@id\":\"https:\\\/\\\/velesnails.pl\\\/product\\\/top-nawierzchniowy-matujacy-no-wipe-bez-przemywania-mollylac-matte-me-10g\\\/#primaryimage\"},\"thumbnailUrl\":\"https:\\\/\\\/i0.wp.com\\\/velesnails.pl\\\/wp-content\\\/uploads\\\/2024\\\/07\\\/MollyLac-Matte-Me.jpg?fit=500%2C495&ssl=1\",\"datePublished\":\"2024-07-20T11:07:26+00:00\",\"dateModified\":\"2025-07-21T10:05:17+00:00\",\"breadcrumb\":{\"@id\":\"https:\\\/\\\/velesnails.pl\\\/product\\\/top-nawierzchniowy-matujacy-no-wipe-bez-przemywania-mollylac-matte-me-10g\\\/#breadcrumb\"},\"inLanguage\":\"uk\",\"potentialAction\":[{\"@type\":\"ReadAction\",\"target\":[\"https:\\\/\\\/velesnails.pl\\\/product\\\/top-nawierzchniowy-matujacy-no-wipe-bez-przemywania-mollylac-matte-me-10g\\\/\"]}]},{\"@type\":\"ImageObject\",\"inLanguage\":\"uk\",\"@id\":\"https:\\\/\\\/velesnails.pl\\\/product\\\/top-nawierzchniowy-matujacy-no-wipe-bez-przemywania-mollylac-matte-me-10g\\\/#primaryimage\",\"url\":\"https:\\\/\\\/i0.wp.com\\\/velesnails.pl\\\/wp-content\\\/uploads\\\/2024\\\/07\\\/MollyLac-Matte-Me.jpg?fit=500%2C495&ssl=1\",\"contentUrl\":\"https:\\\/\\\/i0.wp.com\\\/velesnails.pl\\\/wp-content\\\/uploads\\\/2024\\\/07\\\/MollyLac-Matte-Me.jpg?fit=500%2C495&ssl=1\",\"width\":500,\"height\":495},{\"@type\":\"BreadcrumbList\",\"@id\":\"https:\\\/\\\/velesnails.pl\\\/product\\\/top-nawierzchniowy-matujacy-no-wipe-bez-przemywania-mollylac-matte-me-10g\\\/#breadcrumb\",\"itemListElement\":[{\"@type\":\"ListItem\",\"position\":1,\"name\":\"\u0413\u043e\u043b\u043e\u0432\u043d\u0430\",\"item\":\"https:\\\/\\\/velesnails.pl\\\/\"},{\"@type\":\"ListItem\",\"position\":2,\"name\":\"Sklep\",\"item\":\"https:\\\/\\\/velesnails.pl\\\/shop\\\/\"},{\"@type\":\"ListItem\",\"position\":3,\"name\":\"Top nawierzchniowy matuj\u0105cy no wipe bez przemywania MollyLac Matte Me 10g\"}]},{\"@type\":\"WebSite\",\"@id\":\"https:\\\/\\\/velesnails.pl\\\/#website\",\"url\":\"https:\\\/\\\/velesnails.pl\\\/\",\"name\":\"velesnails\",\"description\":\"Sklep z manicure\",\"publisher\":{\"@id\":\"https:\\\/\\\/velesnails.pl\\\/#organization\"},\"potentialAction\":[{\"@type\":\"SearchAction\",\"target\":{\"@type\":\"EntryPoint\",\"urlTemplate\":\"https:\\\/\\\/velesnails.pl\\\/?s={search_term_string}\"},\"query-input\":{\"@type\":\"PropertyValueSpecification\",\"valueRequired\":true,\"valueName\":\"search_term_string\"}}],\"inLanguage\":\"uk\"},{\"@type\":\"Organization\",\"@id\":\"https:\\\/\\\/velesnails.pl\\\/#organization\",\"name\":\"velesnails\",\"url\":\"https:\\\/\\\/velesnails.pl\\\/\",\"logo\":{\"@type\":\"ImageObject\",\"inLanguage\":\"uk\",\"@id\":\"https:\\\/\\\/velesnails.pl\\\/#\\\/schema\\\/logo\\\/image\\\/\",\"url\":\"https:\\\/\\\/i0.wp.com\\\/velesnails.pl\\\/wp-content\\\/uploads\\\/2025\\\/10\\\/cropped-obraz_viber_2025-10-22_13-55-55-969.jpg?fit=485%2C381&ssl=1\",\"contentUrl\":\"https:\\\/\\\/i0.wp.com\\\/velesnails.pl\\\/wp-content\\\/uploads\\\/2025\\\/10\\\/cropped-obraz_viber_2025-10-22_13-55-55-969.jpg?fit=485%2C381&ssl=1\",\"width\":485,\"height\":381,\"caption\":\"velesnails\"},\"image\":{\"@id\":\"https:\\\/\\\/velesnails.pl\\\/#\\\/schema\\\/logo\\\/image\\\/\"}}]}<\/script>\n<!-- \/ Yoast SEO plugin. -->","yoast_head_json":{"title":"Top nawierzchniowy matuj\u0105cy no wipe bez przemywania MollyLac Matte Me 10g - velesnails","robots":{"index":"index","follow":"follow","max-snippet":"max-snippet:-1","max-image-preview":"max-image-preview:large","max-video-preview":"max-video-preview:-1"},"canonical":"https:\/\/velesnails.pl\/uk\/product\/top-nawierzchniowy-matujacy-no-wipe-bez-przemywania-mollylac-matte-me-10g\/","og_locale":"uk_UA","og_type":"article","og_title":"Top nawierzchniowy matuj\u0105cy no wipe bez przemywania MollyLac Matte Me 10g - velesnails","og_description":"Poznaj jako\u015b\u0107 PREMIUM i unikaln\u0105 FORMU\u0141\u0118 MATUJ\u0104C\u0104 z Matte Me! Colours by Molly?? Chcesz uzyska\u0107 modny efekt i urzeka\u0107 otoczenie jedwabist\u0105 stylizacj\u0105? Teraz ju\u017c masz mo\u017cliwo\u015b\u0107! Matte Me! Molly Lac to odpowied\u017a na zapotrzebowanie naszych wymagaj\u0105cych klientek, kt\u00f3re pragn\u0105 jedwabistego efektu! Wyj\u0105tkowo trwale matuj\u0105cy top nawierzchniowy, przeniesie Twoje stylizacje w inny wymiar! Top nawierzchniowy Matte [&hellip;]","og_url":"https:\/\/velesnails.pl\/uk\/product\/top-nawierzchniowy-matujacy-no-wipe-bez-przemywania-mollylac-matte-me-10g\/","og_site_name":"velesnails","article_modified_time":"2025-07-21T10:05:17+00:00","og_image":[{"width":500,"height":495,"url":"https:\/\/i0.wp.com\/velesnails.pl\/wp-content\/uploads\/2024\/07\/MollyLac-Matte-Me.jpg?fit=500%2C495&ssl=1","type":"image\/jpeg"}],"twitter_card":"summary_large_image","twitter_misc":{"\u041f\u0440\u0438\u0431\u043b. \u0447\u0430\u0441 \u0447\u0438\u0442\u0430\u043d\u043d\u044f":"1 \u0445\u0432\u0438\u043b\u0438\u043d\u0430"},"schema":{"@context":"https:\/\/schema.org","@graph":[{"@type":"WebPage","@id":"https:\/\/velesnails.pl\/product\/top-nawierzchniowy-matujacy-no-wipe-bez-przemywania-mollylac-matte-me-10g\/","url":"https:\/\/velesnails.pl\/product\/top-nawierzchniowy-matujacy-no-wipe-bez-przemywania-mollylac-matte-me-10g\/","name":"Top nawierzchniowy matuj\u0105cy no wipe bez przemywania MollyLac Matte Me 10g - velesnails","isPartOf":{"@id":"https:\/\/velesnails.pl\/#website"},"primaryImageOfPage":{"@id":"https:\/\/velesnails.pl\/product\/top-nawierzchniowy-matujacy-no-wipe-bez-przemywania-mollylac-matte-me-10g\/#primaryimage"},"image":{"@id":"https:\/\/velesnails.pl\/product\/top-nawierzchniowy-matujacy-no-wipe-bez-przemywania-mollylac-matte-me-10g\/#primaryimage"},"thumbnailUrl":"https:\/\/i0.wp.com\/velesnails.pl\/wp-content\/uploads\/2024\/07\/MollyLac-Matte-Me.jpg?fit=500%2C495&ssl=1","datePublished":"2024-07-20T11:07:26+00:00","dateModified":"2025-07-21T10:05:17+00:00","breadcrumb":{"@id":"https:\/\/velesnails.pl\/product\/top-nawierzchniowy-matujacy-no-wipe-bez-przemywania-mollylac-matte-me-10g\/#breadcrumb"},"inLanguage":"uk","potentialAction":[{"@type":"ReadAction","target":["https:\/\/velesnails.pl\/product\/top-nawierzchniowy-matujacy-no-wipe-bez-przemywania-mollylac-matte-me-10g\/"]}]},{"@type":"ImageObject","inLanguage":"uk","@id":"https:\/\/velesnails.pl\/product\/top-nawierzchniowy-matujacy-no-wipe-bez-przemywania-mollylac-matte-me-10g\/#primaryimage","url":"https:\/\/i0.wp.com\/velesnails.pl\/wp-content\/uploads\/2024\/07\/MollyLac-Matte-Me.jpg?fit=500%2C495&ssl=1","contentUrl":"https:\/\/i0.wp.com\/velesnails.pl\/wp-content\/uploads\/2024\/07\/MollyLac-Matte-Me.jpg?fit=500%2C495&ssl=1","width":500,"height":495},{"@type":"BreadcrumbList","@id":"https:\/\/velesnails.pl\/product\/top-nawierzchniowy-matujacy-no-wipe-bez-przemywania-mollylac-matte-me-10g\/#breadcrumb","itemListElement":[{"@type":"ListItem","position":1,"name":"\u0413\u043e\u043b\u043e\u0432\u043d\u0430","item":"https:\/\/velesnails.pl\/"},{"@type":"ListItem","position":2,"name":"Sklep","item":"https:\/\/velesnails.pl\/shop\/"},{"@type":"ListItem","position":3,"name":"Top nawierzchniowy matuj\u0105cy no wipe bez przemywania MollyLac Matte Me 10g"}]},{"@type":"WebSite","@id":"https:\/\/velesnails.pl\/#website","url":"https:\/\/velesnails.pl\/","name":"\u0432\u0435\u043b\u0435\u0441\u043e\u0432\u0456 \u043d\u0456\u0433\u0442\u0456","description":"\u041c\u0430\u043d\u0456\u043a\u044e\u0440\u043d\u0438\u0439 \u0441\u0430\u043b\u043e\u043d","publisher":{"@id":"https:\/\/velesnails.pl\/#organization"},"potentialAction":[{"@type":"SearchAction","target":{"@type":"EntryPoint","urlTemplate":"https:\/\/velesnails.pl\/?s={search_term_string}"},"query-input":{"@type":"PropertyValueSpecification","valueRequired":true,"valueName":"search_term_string"}}],"inLanguage":"uk"},{"@type":"Organization","@id":"https:\/\/velesnails.pl\/#organization","name":"\u0432\u0435\u043b\u0435\u0441\u043e\u0432\u0456 \u043d\u0456\u0433\u0442\u0456","url":"https:\/\/velesnails.pl\/","logo":{"@type":"ImageObject","inLanguage":"uk","@id":"https:\/\/velesnails.pl\/#\/schema\/logo\/image\/","url":"https:\/\/i0.wp.com\/velesnails.pl\/wp-content\/uploads\/2025\/10\/cropped-obraz_viber_2025-10-22_13-55-55-969.jpg?fit=485%2C381&ssl=1","contentUrl":"https:\/\/i0.wp.com\/velesnails.pl\/wp-content\/uploads\/2025\/10\/cropped-obraz_viber_2025-10-22_13-55-55-969.jpg?fit=485%2C381&ssl=1","width":485,"height":381,"caption":"velesnails"},"image":{"@id":"https:\/\/velesnails.pl\/#\/schema\/logo\/image\/"}}]}},"_links":{"self":[{"href":"https:\/\/velesnails.pl\/uk\/wp-json\/wp\/v2\/product\/2426","targetHints":{"allow":["GET"]}}],"collection":[{"href":"https:\/\/velesnails.pl\/uk\/wp-json\/wp\/v2\/product"}],"about":[{"href":"https:\/\/velesnails.pl\/uk\/wp-json\/wp\/v2\/types\/product"}],"replies":[{"embeddable":true,"href":"https:\/\/velesnails.pl\/uk\/wp-json\/wp\/v2\/comments?post=2426"}],"wp:featuredmedia":[{"embeddable":true,"href":"https:\/\/velesnails.pl\/uk\/wp-json\/wp\/v2\/media\/2427"}],"wp:attachment":[{"href":"https:\/\/velesnails.pl\/uk\/wp-json\/wp\/v2\/media?parent=2426"}],"wp:term":[{"taxonomy":"product_brand","embeddable":true,"href":"https:\/\/velesnails.pl\/uk\/wp-json\/wp\/v2\/product_brand?post=2426"},{"taxonomy":"product_cat","embeddable":true,"href":"https:\/\/velesnails.pl\/uk\/wp-json\/wp\/v2\/product_cat?post=2426"},{"taxonomy":"product_tag","embeddable":true,"href":"https:\/\/velesnails.pl\/uk\/wp-json\/wp\/v2\/product_tag?post=2426"}],"curies":[{"name":"wp","href":"https:\/\/api.w.org\/{rel}","templated":true}]}}