{"id":1766,"date":"2024-07-16T11:03:02","date_gmt":"2024-07-16T08:03:02","guid":{"rendered":"https:\/\/velesnails.loc\/?post_type=product&#038;p=1766"},"modified":"2025-10-31T14:46:06","modified_gmt":"2025-10-31T11:46:06","slug":"lakier-hybrydowy-molly-nails-cat-eye-womanity-wood-8g-nr-445","status":"publish","type":"product","link":"https:\/\/velesnails.pl\/uk\/product\/lakier-hybrydowy-molly-nails-cat-eye-womanity-wood-8g-nr-445\/","title":{"rendered":"Lakier hybrydowy Molly Nails Cat Eye Womanity Wood 8g Nr 445"},"content":{"rendered":"<p>Pojemno\u015b\u0107 ka\u017cdego produktu wynosi 8 gram, co zapewnia wystarczaj\u0105c\u0105 ilo\u015b\u0107 do wykonania wielu stylizacji.<\/p>\n<p>Idealnie kremowa konsystencja, podw\u00f3jna pigmentacja oraz innowacyjna formu\u0142a to \u0142atwo\u015b\u0107 w aplikacji lakieru hybrydowego. Produkt utwardzisz w lampie UV\/LED 48W w 30 sekund.<\/p>\n<p>Precyzyjny p\u0119dzelek dostosowany jest do g\u0119sto\u015bci produktu.<\/p>\n<p>Molly Nails Womanity to kolekcja 9 odcieni magnetycznych lakier\u00f3w hybrydowych, dzi\u0119ki kt\u00f3rym zmienisz sw\u00f3j look w niepowtarzaln\u0105, pe\u0142n\u0105 klasy stylizacj\u0119. Spektakularny efekt, obok kt\u00f3rego nikt nie przejdzie oboj\u0119tnie.<\/p>\n<p>Lakiery z kolekcji Womanity to gwarancja zawsze niepowtarzalnej stylizacji. Tw\u00f3rz wzory, zaskakuj kreatywno\u015bci\u0105! Idealna konsystencja z du\u017c\u0105 ilo\u015bci\u0105 migocz\u0105cych, srebrzystych drobinek to recepta na udany manicure!<\/p>\n<p>Mo\u017cesz stosowa\u0107 jako jednobarwn\u0105 stylizacj\u0119 lub przy\u0142o\u017cy\u0107 magnes dla przyci\u0105gni\u0119cia py\u0142u w \u015bwietlist\u0105 lini\u0119 uwydatniaj\u0105c\u0105 kolor.<\/p>\n<p>Ca\u0142\u0105 palet\u0119 kolor\u00f3w mo\u017cesz stosowa\u0107 jako brokatowy kolor bez podbijania koloru, aplikuj\u0105c od razu na baz\u0119 hybrydow\u0105, a tak\u017ce stosuj\u0105c ciemne podbicie w postaci czarnej hybrydy. Ka\u017cdy z efekt\u00f3w jest nieziemski i hipnotyzuj\u0105cy!<\/p>\n<p>Przenikaj\u0105ca po\u015bwiata to absolutny hit w\u015br\u00f3d stylistek! Odkryj w sobie nieznane moce.<\/p>\n<p>Spos\u00f3b u\u017cycia:<\/p>\n<p>Przygotowujemy prawid\u0142owo p\u0142ytk\u0119 paznokcia.<\/p>\n<p>Odt\u0142uszczamy p\u0142ytk\u0119 i nak\u0142adamy warstw\u0119 bazy hybrydowej.<\/p>\n<p>Po utwardzeniu bazy nak\u0142adamy jedn\u0105 warstw\u0119 wybranego koloru CAT EYE i utwardzamy w lampie UV\/LED. Przed na\u0142o\u017ceniem lakieru hybrydowego Cat<\/p>\n<p>Eye nale\u017cy dobrze wstrz\u0105sn\u0105\u0107 buteleczk\u0105, aby dok\u0142adnie wymiesza\u0107 zawarto\u015b\u0107;<\/p>\n<p>Nak\u0142adamy drug\u0105, cienk\u0105 warstw\u0119 koloru na paznokcie i zbli\u017camy magnetyzer na odleg\u0142o\u015b\u0107 ok. 0,5 cm przez 5-10 sekund.<\/p>\n<p>Utwardzamy stylizacj\u0119 w lampie UV\/LED od 30 do 60 sekund w zale\u017cno\u015bci od mocy lampy.<\/p>\n<p>W celu nab\u0142yszczenia stylizacji, nak\u0142adamy top nawierzchniowy.<\/p>\n<p>Ostrze\u017cenia:<\/p>\n<p>Produkt tylko do u\u017cytku profesjonalnego.<\/p>\n<p>Chroni\u0107 przed dzie\u0107mi.<\/p>\n<p>Mo\u017ce powodowa\u0107 reakcj\u0119 alergiczn\u0105.<\/p>\n<p>Prosz\u0119 uwa\u017cnie przeczyta\u0107 spos\u00f3b u\u017cycia.<\/p>","protected":false},"excerpt":{"rendered":"<p>Pojemno\u015b\u0107 ka\u017cdego produktu wynosi 8 gram, co zapewnia wystarczaj\u0105c\u0105 ilo\u015b\u0107 do wykonania wielu stylizacji. Idealnie kremowa konsystencja, podw\u00f3jna pigmentacja oraz innowacyjna formu\u0142a to \u0142atwo\u015b\u0107 w aplikacji lakieru hybrydowego. Produkt utwardzisz w lampie UV\/LED 48W w 30 sekund. Precyzyjny p\u0119dzelek dostosowany jest do g\u0119sto\u015bci produktu. Molly Nails Womanity to kolekcja 9 odcieni magnetycznych lakier\u00f3w hybrydowych, dzi\u0119ki [&hellip;]<\/p>\n","protected":false},"featured_media":3870,"comment_status":"open","ping_status":"closed","template":"","meta":{"om_disable_all_campaigns":false,"ocean_post_layout":"","ocean_both_sidebars_style":"","ocean_both_sidebars_content_width":0,"ocean_both_sidebars_sidebars_width":0,"ocean_sidebar":"0","ocean_second_sidebar":"0","ocean_disable_margins":"enable","ocean_add_body_class":"","ocean_shortcode_before_top_bar":"","ocean_shortcode_after_top_bar":"","ocean_shortcode_before_header":"","ocean_shortcode_after_header":"","ocean_has_shortcode":"","ocean_shortcode_after_title":"","ocean_shortcode_before_footer_widgets":"","ocean_shortcode_after_footer_widgets":"","ocean_shortcode_before_footer_bottom":"","ocean_shortcode_after_footer_bottom":"","ocean_display_top_bar":"default","ocean_display_header":"default","ocean_header_style":"","ocean_center_header_left_menu":"0","ocean_custom_header_template":"0","ocean_custom_logo":0,"ocean_custom_retina_logo":0,"ocean_custom_logo_max_width":0,"ocean_custom_logo_tablet_max_width":0,"ocean_custom_logo_mobile_max_width":0,"ocean_custom_logo_max_height":0,"ocean_custom_logo_tablet_max_height":0,"ocean_custom_logo_mobile_max_height":0,"ocean_header_custom_menu":"0","ocean_menu_typo_font_family":"0","ocean_menu_typo_font_subset":"","ocean_menu_typo_font_size":0,"ocean_menu_typo_font_size_tablet":0,"ocean_menu_typo_font_size_mobile":0,"ocean_menu_typo_font_size_unit":"px","ocean_menu_typo_font_weight":"","ocean_menu_typo_font_weight_tablet":"","ocean_menu_typo_font_weight_mobile":"","ocean_menu_typo_transform":"","ocean_menu_typo_transform_tablet":"","ocean_menu_typo_transform_mobile":"","ocean_menu_typo_line_height":0,"ocean_menu_typo_line_height_tablet":0,"ocean_menu_typo_line_height_mobile":0,"ocean_menu_typo_line_height_unit":"","ocean_menu_typo_spacing":0,"ocean_menu_typo_spacing_tablet":0,"ocean_menu_typo_spacing_mobile":0,"ocean_menu_typo_spacing_unit":"","ocean_menu_link_color":"","ocean_menu_link_color_hover":"","ocean_menu_link_color_active":"","ocean_menu_link_background":"","ocean_menu_link_hover_background":"","ocean_menu_link_active_background":"","ocean_menu_social_links_bg":"","ocean_menu_social_hover_links_bg":"","ocean_menu_social_links_color":"","ocean_menu_social_hover_links_color":"","ocean_disable_title":"default","ocean_disable_heading":"default","ocean_post_title":"","ocean_post_subheading":"","ocean_post_title_style":"","ocean_post_title_background_color":"","ocean_post_title_background":0,"ocean_post_title_bg_image_position":"","ocean_post_title_bg_image_attachment":"","ocean_post_title_bg_image_repeat":"","ocean_post_title_bg_image_size":"","ocean_post_title_height":0,"ocean_post_title_bg_overlay":0.5,"ocean_post_title_bg_overlay_color":"","ocean_disable_breadcrumbs":"default","ocean_breadcrumbs_color":"","ocean_breadcrumbs_separator_color":"","ocean_breadcrumbs_links_color":"","ocean_breadcrumbs_links_hover_color":"","ocean_display_footer_widgets":"default","ocean_display_footer_bottom":"default","ocean_custom_footer_template":"0"},"product_brand":[],"product_cat":[111,176,191,113,110],"product_tag":[],"class_list":{"0":"post-1766","1":"product","2":"type-product","3":"status-publish","4":"has-post-thumbnail","6":"product_cat-lakiery-hybrydowe","7":"product_cat-marki","8":"product_cat-mollynails-1","9":"product_cat-mollynail","10":"product_cat-paznokcie","12":"entry","13":"has-media","15":"first","16":"outofstock","17":"sale","18":"taxable","19":"shipping-taxable","20":"purchasable","21":"product-type-simple","22":"has-product-nav","23":"col","24":"span_1_of_3","25":"owp-content-center","26":"owp-thumbs-layout-horizontal","27":"owp-btn-normal","28":"owp-tabs-layout-horizontal","29":"has-no-thumbnails"},"yoast_head":"<!-- This site is optimized with the Yoast SEO plugin v27.4 - https:\/\/yoast.com\/product\/yoast-seo-wordpress\/ -->\n<title>Lakier hybrydowy Molly Nails Cat Eye Womanity Wood 8g Nr 445 - velesnails<\/title>\n<meta name=\"robots\" content=\"index, follow, max-snippet:-1, max-image-preview:large, max-video-preview:-1\" \/>\n<link rel=\"canonical\" href=\"https:\/\/velesnails.pl\/uk\/product\/lakier-hybrydowy-molly-nails-cat-eye-womanity-wood-8g-nr-445\/\" \/>\n<meta property=\"og:locale\" content=\"uk_UA\" \/>\n<meta property=\"og:type\" content=\"article\" \/>\n<meta property=\"og:title\" content=\"Lakier hybrydowy Molly Nails Cat Eye Womanity Wood 8g Nr 445 - velesnails\" \/>\n<meta property=\"og:description\" content=\"Pojemno\u015b\u0107 ka\u017cdego produktu wynosi 8 gram, co zapewnia wystarczaj\u0105c\u0105 ilo\u015b\u0107 do wykonania wielu stylizacji. Idealnie kremowa konsystencja, podw\u00f3jna pigmentacja oraz innowacyjna formu\u0142a to \u0142atwo\u015b\u0107 w aplikacji lakieru hybrydowego. Produkt utwardzisz w lampie UV\/LED 48W w 30 sekund. Precyzyjny p\u0119dzelek dostosowany jest do g\u0119sto\u015bci produktu. Molly Nails Womanity to kolekcja 9 odcieni magnetycznych lakier\u00f3w hybrydowych, dzi\u0119ki [&hellip;]\" \/>\n<meta property=\"og:url\" content=\"https:\/\/velesnails.pl\/uk\/product\/lakier-hybrydowy-molly-nails-cat-eye-womanity-wood-8g-nr-445\/\" \/>\n<meta property=\"og:site_name\" content=\"velesnails\" \/>\n<meta property=\"article:modified_time\" content=\"2025-10-31T11:46:06+00:00\" \/>\n<meta property=\"og:image\" content=\"https:\/\/velesnails.pl\/wp-content\/uploads\/2024\/07\/\u0417\u043d\u0456\u043c\u043e\u043a-\u0435\u043a\u0440\u0430\u043d\u0430-2024-08-19-151810.png\" \/>\n\t<meta property=\"og:image:width\" content=\"847\" \/>\n\t<meta property=\"og:image:height\" content=\"834\" \/>\n\t<meta property=\"og:image:type\" content=\"image\/png\" \/>\n<meta name=\"twitter:card\" content=\"summary_large_image\" \/>\n<meta name=\"twitter:label1\" content=\"\u041f\u0440\u0438\u0431\u043b. \u0447\u0430\u0441 \u0447\u0438\u0442\u0430\u043d\u043d\u044f\" \/>\n\t<meta name=\"twitter:data1\" content=\"2 \u0445\u0432\u0438\u043b\u0438\u043d\u0438\" \/>\n<script type=\"application\/ld+json\" class=\"yoast-schema-graph\">{\"@context\":\"https:\\\/\\\/schema.org\",\"@graph\":[{\"@type\":\"WebPage\",\"@id\":\"https:\\\/\\\/velesnails.pl\\\/product\\\/lakier-hybrydowy-molly-nails-cat-eye-womanity-wood-8g-nr-445\\\/\",\"url\":\"https:\\\/\\\/velesnails.pl\\\/product\\\/lakier-hybrydowy-molly-nails-cat-eye-womanity-wood-8g-nr-445\\\/\",\"name\":\"Lakier hybrydowy Molly Nails Cat Eye Womanity Wood 8g Nr 445 - velesnails\",\"isPartOf\":{\"@id\":\"https:\\\/\\\/velesnails.pl\\\/#website\"},\"primaryImageOfPage\":{\"@id\":\"https:\\\/\\\/velesnails.pl\\\/product\\\/lakier-hybrydowy-molly-nails-cat-eye-womanity-wood-8g-nr-445\\\/#primaryimage\"},\"image\":{\"@id\":\"https:\\\/\\\/velesnails.pl\\\/product\\\/lakier-hybrydowy-molly-nails-cat-eye-womanity-wood-8g-nr-445\\\/#primaryimage\"},\"thumbnailUrl\":\"https:\\\/\\\/i0.wp.com\\\/velesnails.pl\\\/wp-content\\\/uploads\\\/2024\\\/07\\\/%D0%97%D0%BD%D1%96%D0%BC%D0%BE%D0%BA-%D0%B5%D0%BA%D1%80%D0%B0%D0%BD%D0%B0-2024-08-19-151810.png?fit=847%2C834&ssl=1\",\"datePublished\":\"2024-07-16T08:03:02+00:00\",\"dateModified\":\"2025-10-31T11:46:06+00:00\",\"breadcrumb\":{\"@id\":\"https:\\\/\\\/velesnails.pl\\\/product\\\/lakier-hybrydowy-molly-nails-cat-eye-womanity-wood-8g-nr-445\\\/#breadcrumb\"},\"inLanguage\":\"uk\",\"potentialAction\":[{\"@type\":\"ReadAction\",\"target\":[\"https:\\\/\\\/velesnails.pl\\\/product\\\/lakier-hybrydowy-molly-nails-cat-eye-womanity-wood-8g-nr-445\\\/\"]}]},{\"@type\":\"ImageObject\",\"inLanguage\":\"uk\",\"@id\":\"https:\\\/\\\/velesnails.pl\\\/product\\\/lakier-hybrydowy-molly-nails-cat-eye-womanity-wood-8g-nr-445\\\/#primaryimage\",\"url\":\"https:\\\/\\\/i0.wp.com\\\/velesnails.pl\\\/wp-content\\\/uploads\\\/2024\\\/07\\\/%D0%97%D0%BD%D1%96%D0%BC%D0%BE%D0%BA-%D0%B5%D0%BA%D1%80%D0%B0%D0%BD%D0%B0-2024-08-19-151810.png?fit=847%2C834&ssl=1\",\"contentUrl\":\"https:\\\/\\\/i0.wp.com\\\/velesnails.pl\\\/wp-content\\\/uploads\\\/2024\\\/07\\\/%D0%97%D0%BD%D1%96%D0%BC%D0%BE%D0%BA-%D0%B5%D0%BA%D1%80%D0%B0%D0%BD%D0%B0-2024-08-19-151810.png?fit=847%2C834&ssl=1\",\"width\":847,\"height\":834},{\"@type\":\"BreadcrumbList\",\"@id\":\"https:\\\/\\\/velesnails.pl\\\/product\\\/lakier-hybrydowy-molly-nails-cat-eye-womanity-wood-8g-nr-445\\\/#breadcrumb\",\"itemListElement\":[{\"@type\":\"ListItem\",\"position\":1,\"name\":\"\u0413\u043e\u043b\u043e\u0432\u043d\u0430\",\"item\":\"https:\\\/\\\/velesnails.pl\\\/\"},{\"@type\":\"ListItem\",\"position\":2,\"name\":\"Sklep\",\"item\":\"https:\\\/\\\/velesnails.pl\\\/shop\\\/\"},{\"@type\":\"ListItem\",\"position\":3,\"name\":\"Lakier hybrydowy Molly Nails Cat Eye Womanity Wood 8g Nr 445\"}]},{\"@type\":\"WebSite\",\"@id\":\"https:\\\/\\\/velesnails.pl\\\/#website\",\"url\":\"https:\\\/\\\/velesnails.pl\\\/\",\"name\":\"velesnails\",\"description\":\"Sklep z manicure\",\"publisher\":{\"@id\":\"https:\\\/\\\/velesnails.pl\\\/#organization\"},\"potentialAction\":[{\"@type\":\"SearchAction\",\"target\":{\"@type\":\"EntryPoint\",\"urlTemplate\":\"https:\\\/\\\/velesnails.pl\\\/?s={search_term_string}\"},\"query-input\":{\"@type\":\"PropertyValueSpecification\",\"valueRequired\":true,\"valueName\":\"search_term_string\"}}],\"inLanguage\":\"uk\"},{\"@type\":\"Organization\",\"@id\":\"https:\\\/\\\/velesnails.pl\\\/#organization\",\"name\":\"velesnails\",\"url\":\"https:\\\/\\\/velesnails.pl\\\/\",\"logo\":{\"@type\":\"ImageObject\",\"inLanguage\":\"uk\",\"@id\":\"https:\\\/\\\/velesnails.pl\\\/#\\\/schema\\\/logo\\\/image\\\/\",\"url\":\"https:\\\/\\\/i0.wp.com\\\/velesnails.pl\\\/wp-content\\\/uploads\\\/2025\\\/10\\\/cropped-obraz_viber_2025-10-22_13-55-55-969.jpg?fit=485%2C381&ssl=1\",\"contentUrl\":\"https:\\\/\\\/i0.wp.com\\\/velesnails.pl\\\/wp-content\\\/uploads\\\/2025\\\/10\\\/cropped-obraz_viber_2025-10-22_13-55-55-969.jpg?fit=485%2C381&ssl=1\",\"width\":485,\"height\":381,\"caption\":\"velesnails\"},\"image\":{\"@id\":\"https:\\\/\\\/velesnails.pl\\\/#\\\/schema\\\/logo\\\/image\\\/\"}}]}<\/script>\n<!-- \/ Yoast SEO plugin. -->","yoast_head_json":{"title":"Lakier hybrydowy Molly Nails Cat Eye Womanity Wood 8g Nr 445 - velesnails","robots":{"index":"index","follow":"follow","max-snippet":"max-snippet:-1","max-image-preview":"max-image-preview:large","max-video-preview":"max-video-preview:-1"},"canonical":"https:\/\/velesnails.pl\/uk\/product\/lakier-hybrydowy-molly-nails-cat-eye-womanity-wood-8g-nr-445\/","og_locale":"uk_UA","og_type":"article","og_title":"Lakier hybrydowy Molly Nails Cat Eye Womanity Wood 8g Nr 445 - velesnails","og_description":"Pojemno\u015b\u0107 ka\u017cdego produktu wynosi 8 gram, co zapewnia wystarczaj\u0105c\u0105 ilo\u015b\u0107 do wykonania wielu stylizacji. Idealnie kremowa konsystencja, podw\u00f3jna pigmentacja oraz innowacyjna formu\u0142a to \u0142atwo\u015b\u0107 w aplikacji lakieru hybrydowego. Produkt utwardzisz w lampie UV\/LED 48W w 30 sekund. Precyzyjny p\u0119dzelek dostosowany jest do g\u0119sto\u015bci produktu. Molly Nails Womanity to kolekcja 9 odcieni magnetycznych lakier\u00f3w hybrydowych, dzi\u0119ki [&hellip;]","og_url":"https:\/\/velesnails.pl\/uk\/product\/lakier-hybrydowy-molly-nails-cat-eye-womanity-wood-8g-nr-445\/","og_site_name":"velesnails","article_modified_time":"2025-10-31T11:46:06+00:00","og_image":[{"width":847,"height":834,"url":"https:\/\/velesnails.pl\/wp-content\/uploads\/2024\/07\/\u0417\u043d\u0456\u043c\u043e\u043a-\u0435\u043a\u0440\u0430\u043d\u0430-2024-08-19-151810.png","type":"image\/png"}],"twitter_card":"summary_large_image","twitter_misc":{"\u041f\u0440\u0438\u0431\u043b. \u0447\u0430\u0441 \u0447\u0438\u0442\u0430\u043d\u043d\u044f":"2 \u0445\u0432\u0438\u043b\u0438\u043d\u0438"},"schema":{"@context":"https:\/\/schema.org","@graph":[{"@type":"WebPage","@id":"https:\/\/velesnails.pl\/product\/lakier-hybrydowy-molly-nails-cat-eye-womanity-wood-8g-nr-445\/","url":"https:\/\/velesnails.pl\/product\/lakier-hybrydowy-molly-nails-cat-eye-womanity-wood-8g-nr-445\/","name":"Lakier hybrydowy Molly Nails Cat Eye Womanity Wood 8g Nr 445 - velesnails","isPartOf":{"@id":"https:\/\/velesnails.pl\/#website"},"primaryImageOfPage":{"@id":"https:\/\/velesnails.pl\/product\/lakier-hybrydowy-molly-nails-cat-eye-womanity-wood-8g-nr-445\/#primaryimage"},"image":{"@id":"https:\/\/velesnails.pl\/product\/lakier-hybrydowy-molly-nails-cat-eye-womanity-wood-8g-nr-445\/#primaryimage"},"thumbnailUrl":"https:\/\/i0.wp.com\/velesnails.pl\/wp-content\/uploads\/2024\/07\/%D0%97%D0%BD%D1%96%D0%BC%D0%BE%D0%BA-%D0%B5%D0%BA%D1%80%D0%B0%D0%BD%D0%B0-2024-08-19-151810.png?fit=847%2C834&ssl=1","datePublished":"2024-07-16T08:03:02+00:00","dateModified":"2025-10-31T11:46:06+00:00","breadcrumb":{"@id":"https:\/\/velesnails.pl\/product\/lakier-hybrydowy-molly-nails-cat-eye-womanity-wood-8g-nr-445\/#breadcrumb"},"inLanguage":"uk","potentialAction":[{"@type":"ReadAction","target":["https:\/\/velesnails.pl\/product\/lakier-hybrydowy-molly-nails-cat-eye-womanity-wood-8g-nr-445\/"]}]},{"@type":"ImageObject","inLanguage":"uk","@id":"https:\/\/velesnails.pl\/product\/lakier-hybrydowy-molly-nails-cat-eye-womanity-wood-8g-nr-445\/#primaryimage","url":"https:\/\/i0.wp.com\/velesnails.pl\/wp-content\/uploads\/2024\/07\/%D0%97%D0%BD%D1%96%D0%BC%D0%BE%D0%BA-%D0%B5%D0%BA%D1%80%D0%B0%D0%BD%D0%B0-2024-08-19-151810.png?fit=847%2C834&ssl=1","contentUrl":"https:\/\/i0.wp.com\/velesnails.pl\/wp-content\/uploads\/2024\/07\/%D0%97%D0%BD%D1%96%D0%BC%D0%BE%D0%BA-%D0%B5%D0%BA%D1%80%D0%B0%D0%BD%D0%B0-2024-08-19-151810.png?fit=847%2C834&ssl=1","width":847,"height":834},{"@type":"BreadcrumbList","@id":"https:\/\/velesnails.pl\/product\/lakier-hybrydowy-molly-nails-cat-eye-womanity-wood-8g-nr-445\/#breadcrumb","itemListElement":[{"@type":"ListItem","position":1,"name":"\u0413\u043e\u043b\u043e\u0432\u043d\u0430","item":"https:\/\/velesnails.pl\/"},{"@type":"ListItem","position":2,"name":"Sklep","item":"https:\/\/velesnails.pl\/shop\/"},{"@type":"ListItem","position":3,"name":"Lakier hybrydowy Molly Nails Cat Eye Womanity Wood 8g Nr 445"}]},{"@type":"WebSite","@id":"https:\/\/velesnails.pl\/#website","url":"https:\/\/velesnails.pl\/","name":"\u0432\u0435\u043b\u0435\u0441\u043e\u0432\u0456 \u043d\u0456\u0433\u0442\u0456","description":"\u041c\u0430\u043d\u0456\u043a\u044e\u0440\u043d\u0438\u0439 \u0441\u0430\u043b\u043e\u043d","publisher":{"@id":"https:\/\/velesnails.pl\/#organization"},"potentialAction":[{"@type":"SearchAction","target":{"@type":"EntryPoint","urlTemplate":"https:\/\/velesnails.pl\/?s={search_term_string}"},"query-input":{"@type":"PropertyValueSpecification","valueRequired":true,"valueName":"search_term_string"}}],"inLanguage":"uk"},{"@type":"Organization","@id":"https:\/\/velesnails.pl\/#organization","name":"\u0432\u0435\u043b\u0435\u0441\u043e\u0432\u0456 \u043d\u0456\u0433\u0442\u0456","url":"https:\/\/velesnails.pl\/","logo":{"@type":"ImageObject","inLanguage":"uk","@id":"https:\/\/velesnails.pl\/#\/schema\/logo\/image\/","url":"https:\/\/i0.wp.com\/velesnails.pl\/wp-content\/uploads\/2025\/10\/cropped-obraz_viber_2025-10-22_13-55-55-969.jpg?fit=485%2C381&ssl=1","contentUrl":"https:\/\/i0.wp.com\/velesnails.pl\/wp-content\/uploads\/2025\/10\/cropped-obraz_viber_2025-10-22_13-55-55-969.jpg?fit=485%2C381&ssl=1","width":485,"height":381,"caption":"velesnails"},"image":{"@id":"https:\/\/velesnails.pl\/#\/schema\/logo\/image\/"}}]}},"_links":{"self":[{"href":"https:\/\/velesnails.pl\/uk\/wp-json\/wp\/v2\/product\/1766","targetHints":{"allow":["GET"]}}],"collection":[{"href":"https:\/\/velesnails.pl\/uk\/wp-json\/wp\/v2\/product"}],"about":[{"href":"https:\/\/velesnails.pl\/uk\/wp-json\/wp\/v2\/types\/product"}],"replies":[{"embeddable":true,"href":"https:\/\/velesnails.pl\/uk\/wp-json\/wp\/v2\/comments?post=1766"}],"wp:featuredmedia":[{"embeddable":true,"href":"https:\/\/velesnails.pl\/uk\/wp-json\/wp\/v2\/media\/3870"}],"wp:attachment":[{"href":"https:\/\/velesnails.pl\/uk\/wp-json\/wp\/v2\/media?parent=1766"}],"wp:term":[{"taxonomy":"product_brand","embeddable":true,"href":"https:\/\/velesnails.pl\/uk\/wp-json\/wp\/v2\/product_brand?post=1766"},{"taxonomy":"product_cat","embeddable":true,"href":"https:\/\/velesnails.pl\/uk\/wp-json\/wp\/v2\/product_cat?post=1766"},{"taxonomy":"product_tag","embeddable":true,"href":"https:\/\/velesnails.pl\/uk\/wp-json\/wp\/v2\/product_tag?post=1766"}],"curies":[{"name":"wp","href":"https:\/\/api.w.org\/{rel}","templated":true}]}}