{"id":1636,"date":"2024-07-15T14:19:49","date_gmt":"2024-07-15T11:19:49","guid":{"rendered":"https:\/\/velesnails.loc\/?post_type=product&#038;p=1636"},"modified":"2025-10-03T15:53:24","modified_gmt":"2025-10-03T12:53:24","slug":"lakier-hybrydowy-mollylac-story-time-sophisticated-10g-nr-623","status":"publish","type":"product","link":"https:\/\/velesnails.pl\/uk\/product\/lakier-hybrydowy-mollylac-story-time-sophisticated-10g-nr-623\/","title":{"rendered":"Lakier hybrydowy MollyLac Story Time Sophisticated 10g Nr 623"},"content":{"rendered":"<p>Wybierz wyj\u0105tkow\u0105 jako\u015b\u0107 lakier\u00f3w hybrydowych MollyLac:<\/p>\n<p>&#8211; krycie po 1 warstwie<\/p>\n<p>&#8211; idealna konsystencja<\/p>\n<p>&#8211; doskona\u0142a pigmentacja<\/p>\n<p>&#8211; trwa\u0142o\u015b\u0107 a\u017c do 4 tygodni<\/p>\n<p>&#8211; nie zawieraj\u0105 formaldehydu i DBP oraz Toluenu<\/p>\n<p>&#8211; rozpuszczalny w p\u0142ynach na bazie acetonu (system soak off)<\/p>\n<p>Spos\u00f3b u\u017cycia:<\/p>\n<p>Przygotowa\u0107 p\u0142ytk\u0119 paznokcia (odsun\u0105\u0107 sk\u00f3rki i b\u0142onki np. frezark\u0105, drewnianym patyczkiem b\u0105d\u017a d\u0142utkiem, zmatowi\u0107 p\u0142ytk\u0119 pilnikiem lub polerk\u0105 o delikatnej, wybranej gradacji).<\/p>\n<p>Odt\u0142u\u015bci\u0107 p\u0142ytk\u0119, na\u0142o\u017cy\u0107 cienk\u0105 warstw\u0119 bazy dedykowanej do danej p\u0142ytki i utwardzi\u0107 zgodnie z podanym czasem przez producenta.<\/p>\n<p>Na\u0142o\u017cy\u0107 pierwsz\u0105 warstw\u0119 wybranego koloru i utwardzi\u0107 w lampie. Czynno\u015b\u0107 powt\u00f3rzy\u0107 z drug\u0105 warstw\u0105. Nale\u017cy nak\u0142ada\u0107 ultracienkie warstwy ze wzgl\u0119du na du\u017ca pigmentacj\u0119 kolor\u00f3w. Uwaga, w przypadku kolor\u00f3w z drobinkami zalecamy dobrze wymiesza\u0107 produkt przed aplikacj\u0105.<\/p>\n<p>W celu wyko\u0144czenia stylizacji nale\u017cy pokry\u0107 lakierem nawierzchniowym czyli topem &#8211; kolejny raz utwardzi\u0107 w lampie, nale\u017cy pami\u0119ta\u0107 by zabezpieczy\u0107 r\u00f3wnie\u017c wolny brzeg!<\/p>\n<p>Na sk\u00f3rki po zako\u0144czonym manicure, mo\u017cna na\u0142o\u017cy\u0107 oliwk\u0119 MollyLac.<\/p>\n<p>Czas utwardzania: Lampa Led 48W -30sek<\/p>\n<p>Sk\u0142ad\/INCI:<\/p>\n<p>Urethane Acrylate Oligomer, Di-HEMA Trimethylhexyl Dicarbamate, HEMA, Isobornyl Methacrylate, Hexamethylene Diacrylate, Polyethylene Terephthalate, Synthetic Fluorphlogopite, Acrylated Amine Synergist, Hydroxycyclohexyl Phenyl Ketone, Phenyldimethoxyacetophenone, 2-Methyl-4\u2019-(methylthio)-2-morpholinopropiophenone, Benzoyl Isopropanol, Benzophenone, Ethyl Trimethylbenzoyl Phenylphosphinate, Nitrocellulose, Silica, [+\/-] Tin Oxide, Cl74260, Cl74160, Cl12490, Cl15850, Cl73360, Cl60725, Cl15980,Cl15985, Cl77266, Cl42735, Cl77891<\/p>\n<p>Ostrze\u017cenia:<\/p>\n<p>Produkt tylko do u\u017cytku profesjonalnego.<\/p>\n<p>Chroni\u0107 przed dzie\u0107mi.<\/p>\n<p>Mo\u017ce powodowa\u0107 reakcj\u0119 alergiczn\u0105.<\/p>\n<p>Prosz\u0119 uwa\u017cnie przeczyta\u0107 spos\u00f3b u\u017cycia.<\/p>\n","protected":false},"excerpt":{"rendered":"<p>Wybierz wyj\u0105tkow\u0105 jako\u015b\u0107 lakier\u00f3w hybrydowych MollyLac: &#8211; krycie po 1 warstwie &#8211; idealna konsystencja &#8211; doskona\u0142a pigmentacja &#8211; trwa\u0142o\u015b\u0107 a\u017c do 4 tygodni &#8211; nie zawieraj\u0105 formaldehydu i DBP oraz Toluenu &#8211; rozpuszczalny w p\u0142ynach na bazie acetonu (system soak off) Spos\u00f3b u\u017cycia: Przygotowa\u0107 p\u0142ytk\u0119 paznokcia (odsun\u0105\u0107 sk\u00f3rki i b\u0142onki np. frezark\u0105, drewnianym patyczkiem b\u0105d\u017a [&hellip;]<\/p>\n","protected":false},"featured_media":1571,"comment_status":"closed","ping_status":"closed","template":"","meta":{"om_disable_all_campaigns":false,"ocean_post_layout":"","ocean_both_sidebars_style":"","ocean_both_sidebars_content_width":0,"ocean_both_sidebars_sidebars_width":0,"ocean_sidebar":"0","ocean_second_sidebar":"0","ocean_disable_margins":"enable","ocean_add_body_class":"","ocean_shortcode_before_top_bar":"","ocean_shortcode_after_top_bar":"","ocean_shortcode_before_header":"","ocean_shortcode_after_header":"","ocean_has_shortcode":"","ocean_shortcode_after_title":"","ocean_shortcode_before_footer_widgets":"","ocean_shortcode_after_footer_widgets":"","ocean_shortcode_before_footer_bottom":"","ocean_shortcode_after_footer_bottom":"","ocean_display_top_bar":"default","ocean_display_header":"default","ocean_header_style":"","ocean_center_header_left_menu":"0","ocean_custom_header_template":"0","ocean_custom_logo":0,"ocean_custom_retina_logo":0,"ocean_custom_logo_max_width":0,"ocean_custom_logo_tablet_max_width":0,"ocean_custom_logo_mobile_max_width":0,"ocean_custom_logo_max_height":0,"ocean_custom_logo_tablet_max_height":0,"ocean_custom_logo_mobile_max_height":0,"ocean_header_custom_menu":"0","ocean_menu_typo_font_family":"0","ocean_menu_typo_font_subset":"","ocean_menu_typo_font_size":0,"ocean_menu_typo_font_size_tablet":0,"ocean_menu_typo_font_size_mobile":0,"ocean_menu_typo_font_size_unit":"px","ocean_menu_typo_font_weight":"","ocean_menu_typo_font_weight_tablet":"","ocean_menu_typo_font_weight_mobile":"","ocean_menu_typo_transform":"","ocean_menu_typo_transform_tablet":"","ocean_menu_typo_transform_mobile":"","ocean_menu_typo_line_height":0,"ocean_menu_typo_line_height_tablet":0,"ocean_menu_typo_line_height_mobile":0,"ocean_menu_typo_line_height_unit":"","ocean_menu_typo_spacing":0,"ocean_menu_typo_spacing_tablet":0,"ocean_menu_typo_spacing_mobile":0,"ocean_menu_typo_spacing_unit":"","ocean_menu_link_color":"","ocean_menu_link_color_hover":"","ocean_menu_link_color_active":"","ocean_menu_link_background":"","ocean_menu_link_hover_background":"","ocean_menu_link_active_background":"","ocean_menu_social_links_bg":"","ocean_menu_social_hover_links_bg":"","ocean_menu_social_links_color":"","ocean_menu_social_hover_links_color":"","ocean_disable_title":"default","ocean_disable_heading":"default","ocean_post_title":"","ocean_post_subheading":"","ocean_post_title_style":"","ocean_post_title_background_color":"","ocean_post_title_background":0,"ocean_post_title_bg_image_position":"","ocean_post_title_bg_image_attachment":"","ocean_post_title_bg_image_repeat":"","ocean_post_title_bg_image_size":"","ocean_post_title_height":0,"ocean_post_title_bg_overlay":0.5,"ocean_post_title_bg_overlay_color":"","ocean_disable_breadcrumbs":"default","ocean_breadcrumbs_color":"","ocean_breadcrumbs_separator_color":"","ocean_breadcrumbs_links_color":"","ocean_breadcrumbs_links_hover_color":"","ocean_display_footer_widgets":"default","ocean_display_footer_bottom":"default","ocean_custom_footer_template":"0"},"product_brand":[],"product_cat":[111,176,189,112,110],"product_tag":[],"class_list":{"0":"post-1636","1":"product","2":"type-product","3":"status-publish","4":"has-post-thumbnail","6":"product_cat-lakiery-hybrydowe","7":"product_cat-marki","8":"product_cat-molly-lac-1","9":"product_cat-mollylac","10":"product_cat-paznokcie","12":"entry","13":"has-media","15":"first","16":"outofstock","17":"sale","18":"taxable","19":"shipping-taxable","20":"purchasable","21":"product-type-simple","22":"has-product-nav","23":"col","24":"span_1_of_3","25":"owp-content-center","26":"owp-thumbs-layout-horizontal","27":"owp-btn-normal","28":"owp-tabs-layout-horizontal","29":"has-no-thumbnails"},"yoast_head":"<!-- This site is optimized with the Yoast SEO plugin v27.3 - https:\/\/yoast.com\/product\/yoast-seo-wordpress\/ -->\n<title>Lakier hybrydowy MollyLac Story Time Sophisticated 10g Nr 623 - velesnails<\/title>\n<meta name=\"robots\" content=\"index, follow, max-snippet:-1, max-image-preview:large, max-video-preview:-1\" \/>\n<link rel=\"canonical\" href=\"https:\/\/velesnails.pl\/uk\/product\/lakier-hybrydowy-mollylac-story-time-sophisticated-10g-nr-623\/\" \/>\n<meta property=\"og:locale\" content=\"uk_UA\" \/>\n<meta property=\"og:type\" content=\"article\" \/>\n<meta property=\"og:title\" content=\"Lakier hybrydowy MollyLac Story Time Sophisticated 10g Nr 623 - velesnails\" \/>\n<meta property=\"og:description\" content=\"Wybierz wyj\u0105tkow\u0105 jako\u015b\u0107 lakier\u00f3w hybrydowych MollyLac: &#8211; krycie po 1 warstwie &#8211; idealna konsystencja &#8211; doskona\u0142a pigmentacja &#8211; trwa\u0142o\u015b\u0107 a\u017c do 4 tygodni &#8211; nie zawieraj\u0105 formaldehydu i DBP oraz Toluenu &#8211; rozpuszczalny w p\u0142ynach na bazie acetonu (system soak off) Spos\u00f3b u\u017cycia: Przygotowa\u0107 p\u0142ytk\u0119 paznokcia (odsun\u0105\u0107 sk\u00f3rki i b\u0142onki np. frezark\u0105, drewnianym patyczkiem b\u0105d\u017a [&hellip;]\" \/>\n<meta property=\"og:url\" content=\"https:\/\/velesnails.pl\/uk\/product\/lakier-hybrydowy-mollylac-story-time-sophisticated-10g-nr-623\/\" \/>\n<meta property=\"og:site_name\" content=\"velesnails\" \/>\n<meta property=\"article:modified_time\" content=\"2025-10-03T12:53:24+00:00\" \/>\n<meta property=\"og:image\" content=\"https:\/\/velesnails.pl\/wp-content\/uploads\/2024\/07\/MollyLac-624.jpg\" \/>\n\t<meta property=\"og:image:width\" content=\"500\" \/>\n\t<meta property=\"og:image:height\" content=\"496\" \/>\n\t<meta property=\"og:image:type\" content=\"image\/jpeg\" \/>\n<meta name=\"twitter:card\" content=\"summary_large_image\" \/>\n<meta name=\"twitter:label1\" content=\"\u041f\u0440\u0438\u0431\u043b. \u0447\u0430\u0441 \u0447\u0438\u0442\u0430\u043d\u043d\u044f\" \/>\n\t<meta name=\"twitter:data1\" content=\"1 \u0445\u0432\u0438\u043b\u0438\u043d\u0430\" \/>\n<script type=\"application\/ld+json\" class=\"yoast-schema-graph\">{\"@context\":\"https:\\\/\\\/schema.org\",\"@graph\":[{\"@type\":\"WebPage\",\"@id\":\"https:\\\/\\\/velesnails.pl\\\/product\\\/lakier-hybrydowy-mollylac-story-time-sophisticated-10g-nr-623\\\/\",\"url\":\"https:\\\/\\\/velesnails.pl\\\/product\\\/lakier-hybrydowy-mollylac-story-time-sophisticated-10g-nr-623\\\/\",\"name\":\"Lakier hybrydowy MollyLac Story Time Sophisticated 10g Nr 623 - velesnails\",\"isPartOf\":{\"@id\":\"https:\\\/\\\/velesnails.pl\\\/#website\"},\"primaryImageOfPage\":{\"@id\":\"https:\\\/\\\/velesnails.pl\\\/product\\\/lakier-hybrydowy-mollylac-story-time-sophisticated-10g-nr-623\\\/#primaryimage\"},\"image\":{\"@id\":\"https:\\\/\\\/velesnails.pl\\\/product\\\/lakier-hybrydowy-mollylac-story-time-sophisticated-10g-nr-623\\\/#primaryimage\"},\"thumbnailUrl\":\"https:\\\/\\\/i0.wp.com\\\/velesnails.pl\\\/wp-content\\\/uploads\\\/2024\\\/07\\\/MollyLac-624.jpg?fit=500%2C496&ssl=1\",\"datePublished\":\"2024-07-15T11:19:49+00:00\",\"dateModified\":\"2025-10-03T12:53:24+00:00\",\"breadcrumb\":{\"@id\":\"https:\\\/\\\/velesnails.pl\\\/product\\\/lakier-hybrydowy-mollylac-story-time-sophisticated-10g-nr-623\\\/#breadcrumb\"},\"inLanguage\":\"uk\",\"potentialAction\":[{\"@type\":\"ReadAction\",\"target\":[\"https:\\\/\\\/velesnails.pl\\\/product\\\/lakier-hybrydowy-mollylac-story-time-sophisticated-10g-nr-623\\\/\"]}]},{\"@type\":\"ImageObject\",\"inLanguage\":\"uk\",\"@id\":\"https:\\\/\\\/velesnails.pl\\\/product\\\/lakier-hybrydowy-mollylac-story-time-sophisticated-10g-nr-623\\\/#primaryimage\",\"url\":\"https:\\\/\\\/i0.wp.com\\\/velesnails.pl\\\/wp-content\\\/uploads\\\/2024\\\/07\\\/MollyLac-624.jpg?fit=500%2C496&ssl=1\",\"contentUrl\":\"https:\\\/\\\/i0.wp.com\\\/velesnails.pl\\\/wp-content\\\/uploads\\\/2024\\\/07\\\/MollyLac-624.jpg?fit=500%2C496&ssl=1\",\"width\":500,\"height\":496},{\"@type\":\"BreadcrumbList\",\"@id\":\"https:\\\/\\\/velesnails.pl\\\/product\\\/lakier-hybrydowy-mollylac-story-time-sophisticated-10g-nr-623\\\/#breadcrumb\",\"itemListElement\":[{\"@type\":\"ListItem\",\"position\":1,\"name\":\"\u0413\u043e\u043b\u043e\u0432\u043d\u0430\",\"item\":\"https:\\\/\\\/velesnails.pl\\\/\"},{\"@type\":\"ListItem\",\"position\":2,\"name\":\"Sklep\",\"item\":\"https:\\\/\\\/velesnails.pl\\\/shop\\\/\"},{\"@type\":\"ListItem\",\"position\":3,\"name\":\"Lakier hybrydowy MollyLac Story Time Sophisticated 10g Nr 623\"}]},{\"@type\":\"WebSite\",\"@id\":\"https:\\\/\\\/velesnails.pl\\\/#website\",\"url\":\"https:\\\/\\\/velesnails.pl\\\/\",\"name\":\"velesnails\",\"description\":\"Sklep z manicure\",\"publisher\":{\"@id\":\"https:\\\/\\\/velesnails.pl\\\/#organization\"},\"potentialAction\":[{\"@type\":\"SearchAction\",\"target\":{\"@type\":\"EntryPoint\",\"urlTemplate\":\"https:\\\/\\\/velesnails.pl\\\/?s={search_term_string}\"},\"query-input\":{\"@type\":\"PropertyValueSpecification\",\"valueRequired\":true,\"valueName\":\"search_term_string\"}}],\"inLanguage\":\"uk\"},{\"@type\":\"Organization\",\"@id\":\"https:\\\/\\\/velesnails.pl\\\/#organization\",\"name\":\"velesnails\",\"url\":\"https:\\\/\\\/velesnails.pl\\\/\",\"logo\":{\"@type\":\"ImageObject\",\"inLanguage\":\"uk\",\"@id\":\"https:\\\/\\\/velesnails.pl\\\/#\\\/schema\\\/logo\\\/image\\\/\",\"url\":\"https:\\\/\\\/i0.wp.com\\\/velesnails.pl\\\/wp-content\\\/uploads\\\/2025\\\/10\\\/cropped-obraz_viber_2025-10-22_13-55-55-969.jpg?fit=485%2C381&ssl=1\",\"contentUrl\":\"https:\\\/\\\/i0.wp.com\\\/velesnails.pl\\\/wp-content\\\/uploads\\\/2025\\\/10\\\/cropped-obraz_viber_2025-10-22_13-55-55-969.jpg?fit=485%2C381&ssl=1\",\"width\":485,\"height\":381,\"caption\":\"velesnails\"},\"image\":{\"@id\":\"https:\\\/\\\/velesnails.pl\\\/#\\\/schema\\\/logo\\\/image\\\/\"}}]}<\/script>\n<!-- \/ Yoast SEO plugin. -->","yoast_head_json":{"title":"Lakier hybrydowy MollyLac Story Time Sophisticated 10g Nr 623 - velesnails","robots":{"index":"index","follow":"follow","max-snippet":"max-snippet:-1","max-image-preview":"max-image-preview:large","max-video-preview":"max-video-preview:-1"},"canonical":"https:\/\/velesnails.pl\/uk\/product\/lakier-hybrydowy-mollylac-story-time-sophisticated-10g-nr-623\/","og_locale":"uk_UA","og_type":"article","og_title":"Lakier hybrydowy MollyLac Story Time Sophisticated 10g Nr 623 - velesnails","og_description":"Wybierz wyj\u0105tkow\u0105 jako\u015b\u0107 lakier\u00f3w hybrydowych MollyLac: &#8211; krycie po 1 warstwie &#8211; idealna konsystencja &#8211; doskona\u0142a pigmentacja &#8211; trwa\u0142o\u015b\u0107 a\u017c do 4 tygodni &#8211; nie zawieraj\u0105 formaldehydu i DBP oraz Toluenu &#8211; rozpuszczalny w p\u0142ynach na bazie acetonu (system soak off) Spos\u00f3b u\u017cycia: Przygotowa\u0107 p\u0142ytk\u0119 paznokcia (odsun\u0105\u0107 sk\u00f3rki i b\u0142onki np. frezark\u0105, drewnianym patyczkiem b\u0105d\u017a [&hellip;]","og_url":"https:\/\/velesnails.pl\/uk\/product\/lakier-hybrydowy-mollylac-story-time-sophisticated-10g-nr-623\/","og_site_name":"velesnails","article_modified_time":"2025-10-03T12:53:24+00:00","og_image":[{"width":500,"height":496,"url":"https:\/\/velesnails.pl\/wp-content\/uploads\/2024\/07\/MollyLac-624.jpg","type":"image\/jpeg"}],"twitter_card":"summary_large_image","twitter_misc":{"\u041f\u0440\u0438\u0431\u043b. \u0447\u0430\u0441 \u0447\u0438\u0442\u0430\u043d\u043d\u044f":"1 \u0445\u0432\u0438\u043b\u0438\u043d\u0430"},"schema":{"@context":"https:\/\/schema.org","@graph":[{"@type":"WebPage","@id":"https:\/\/velesnails.pl\/product\/lakier-hybrydowy-mollylac-story-time-sophisticated-10g-nr-623\/","url":"https:\/\/velesnails.pl\/product\/lakier-hybrydowy-mollylac-story-time-sophisticated-10g-nr-623\/","name":"Lakier hybrydowy MollyLac Story Time Sophisticated 10g Nr 623 - velesnails","isPartOf":{"@id":"https:\/\/velesnails.pl\/#website"},"primaryImageOfPage":{"@id":"https:\/\/velesnails.pl\/product\/lakier-hybrydowy-mollylac-story-time-sophisticated-10g-nr-623\/#primaryimage"},"image":{"@id":"https:\/\/velesnails.pl\/product\/lakier-hybrydowy-mollylac-story-time-sophisticated-10g-nr-623\/#primaryimage"},"thumbnailUrl":"https:\/\/i0.wp.com\/velesnails.pl\/wp-content\/uploads\/2024\/07\/MollyLac-624.jpg?fit=500%2C496&ssl=1","datePublished":"2024-07-15T11:19:49+00:00","dateModified":"2025-10-03T12:53:24+00:00","breadcrumb":{"@id":"https:\/\/velesnails.pl\/product\/lakier-hybrydowy-mollylac-story-time-sophisticated-10g-nr-623\/#breadcrumb"},"inLanguage":"uk","potentialAction":[{"@type":"ReadAction","target":["https:\/\/velesnails.pl\/product\/lakier-hybrydowy-mollylac-story-time-sophisticated-10g-nr-623\/"]}]},{"@type":"ImageObject","inLanguage":"uk","@id":"https:\/\/velesnails.pl\/product\/lakier-hybrydowy-mollylac-story-time-sophisticated-10g-nr-623\/#primaryimage","url":"https:\/\/i0.wp.com\/velesnails.pl\/wp-content\/uploads\/2024\/07\/MollyLac-624.jpg?fit=500%2C496&ssl=1","contentUrl":"https:\/\/i0.wp.com\/velesnails.pl\/wp-content\/uploads\/2024\/07\/MollyLac-624.jpg?fit=500%2C496&ssl=1","width":500,"height":496},{"@type":"BreadcrumbList","@id":"https:\/\/velesnails.pl\/product\/lakier-hybrydowy-mollylac-story-time-sophisticated-10g-nr-623\/#breadcrumb","itemListElement":[{"@type":"ListItem","position":1,"name":"\u0413\u043e\u043b\u043e\u0432\u043d\u0430","item":"https:\/\/velesnails.pl\/"},{"@type":"ListItem","position":2,"name":"Sklep","item":"https:\/\/velesnails.pl\/shop\/"},{"@type":"ListItem","position":3,"name":"Lakier hybrydowy MollyLac Story Time Sophisticated 10g Nr 623"}]},{"@type":"WebSite","@id":"https:\/\/velesnails.pl\/#website","url":"https:\/\/velesnails.pl\/","name":"\u0432\u0435\u043b\u0435\u0441\u043e\u0432\u0456 \u043d\u0456\u0433\u0442\u0456","description":"\u041c\u0430\u043d\u0456\u043a\u044e\u0440\u043d\u0438\u0439 \u0441\u0430\u043b\u043e\u043d","publisher":{"@id":"https:\/\/velesnails.pl\/#organization"},"potentialAction":[{"@type":"SearchAction","target":{"@type":"EntryPoint","urlTemplate":"https:\/\/velesnails.pl\/?s={search_term_string}"},"query-input":{"@type":"PropertyValueSpecification","valueRequired":true,"valueName":"search_term_string"}}],"inLanguage":"uk"},{"@type":"Organization","@id":"https:\/\/velesnails.pl\/#organization","name":"\u0432\u0435\u043b\u0435\u0441\u043e\u0432\u0456 \u043d\u0456\u0433\u0442\u0456","url":"https:\/\/velesnails.pl\/","logo":{"@type":"ImageObject","inLanguage":"uk","@id":"https:\/\/velesnails.pl\/#\/schema\/logo\/image\/","url":"https:\/\/i0.wp.com\/velesnails.pl\/wp-content\/uploads\/2025\/10\/cropped-obraz_viber_2025-10-22_13-55-55-969.jpg?fit=485%2C381&ssl=1","contentUrl":"https:\/\/i0.wp.com\/velesnails.pl\/wp-content\/uploads\/2025\/10\/cropped-obraz_viber_2025-10-22_13-55-55-969.jpg?fit=485%2C381&ssl=1","width":485,"height":381,"caption":"velesnails"},"image":{"@id":"https:\/\/velesnails.pl\/#\/schema\/logo\/image\/"}}]}},"_links":{"self":[{"href":"https:\/\/velesnails.pl\/uk\/wp-json\/wp\/v2\/product\/1636","targetHints":{"allow":["GET"]}}],"collection":[{"href":"https:\/\/velesnails.pl\/uk\/wp-json\/wp\/v2\/product"}],"about":[{"href":"https:\/\/velesnails.pl\/uk\/wp-json\/wp\/v2\/types\/product"}],"replies":[{"embeddable":true,"href":"https:\/\/velesnails.pl\/uk\/wp-json\/wp\/v2\/comments?post=1636"}],"wp:featuredmedia":[{"embeddable":true,"href":"https:\/\/velesnails.pl\/uk\/wp-json\/wp\/v2\/media\/1571"}],"wp:attachment":[{"href":"https:\/\/velesnails.pl\/uk\/wp-json\/wp\/v2\/media?parent=1636"}],"wp:term":[{"taxonomy":"product_brand","embeddable":true,"href":"https:\/\/velesnails.pl\/uk\/wp-json\/wp\/v2\/product_brand?post=1636"},{"taxonomy":"product_cat","embeddable":true,"href":"https:\/\/velesnails.pl\/uk\/wp-json\/wp\/v2\/product_cat?post=1636"},{"taxonomy":"product_tag","embeddable":true,"href":"https:\/\/velesnails.pl\/uk\/wp-json\/wp\/v2\/product_tag?post=1636"}],"curies":[{"name":"wp","href":"https:\/\/api.w.org\/{rel}","templated":true}]}}