{"id":8142,"date":"2026-01-22T07:41:34","date_gmt":"2026-01-22T04:41:34","guid":{"rendered":"https:\/\/velesnails.pl\/?post_type=product&#038;p=8142"},"modified":"2026-05-01T19:32:24","modified_gmt":"2026-05-01T16:32:24","slug":"maski-maseczki-ochronne-jednorazowe-trzywarstwowe-50-szt-2","status":"publish","type":"product","link":"https:\/\/velesnails.pl\/en\/product\/maski-maseczki-ochronne-jednorazowe-trzywarstwowe-50-szt-2\/","title":{"rendered":"Maski ochronne jednorazowe trzywarstwowe 1 szt"},"content":{"rendered":"<h2>Komfortowa ochrona dr\u00f3g oddechowych<\/h2>\n<p>Trzywarstwowa maseczka ochronna jednorazowa to Twoje niezawodne wsparcie w codziennym dbaniu o zdrowie. Dzi\u0119ki starannie dobranym materia\u0142om, maseczka nie tylko zapewnia najwy\u017cszy poziom ochrony, ale tak\u017ce pozwala na swobodne oddychanie. Jej konstrukcja umo\u017cliwia idealne dopasowanie do ka\u017cdego kszta\u0142tu twarzy, zapewniaj\u0105c maksymaln\u0105 skuteczno\u015b\u0107 i wygod\u0119 noszenia.<\/p>\n<h2>Innowacyjna budowa dla lepszej skuteczno\u015bci<\/h2>\n<p>Maseczka sk\u0142ada si\u0119 z trzech wytrzyma\u0142ych warstw po\u0142\u0105czonych za pomoc\u0105 trwa\u0142ego zgrzewu, kt\u00f3re dzia\u0142aj\u0105 jako skuteczna bariera przeciwko szkodliwym substancjom zawieszonym w powietrzu, bakteriom i wirusom. Pasek usztywniaj\u0105cy na wysoko\u015bci nosa pozwala na precyzyjne dopasowanie maseczki, zwi\u0119kszaj\u0105c ochron\u0119 przed wnikaniem zanieczyszcze\u0144. Dodatkowo, elastyczne gumki utrzymuj\u0105 maseczk\u0119 w odpowiednim miejscu, zapewniaj\u0105c trwa\u0142o\u015b\u0107 i brak ryzyka zerwania.<\/p>\n<h2>\u0141atwo\u015b\u0107 u\u017cycia i bezpiecze\u0144stwo<\/h2>\n<p>Zak\u0142adanie maseczki jest proste i higieniczne. Wystarczy dok\u0142adnie umy\u0107 i odkazi\u0107 d\u0142onie przed jej za\u0142o\u017ceniem, a nast\u0119pnie umie\u015bci\u0107 maseczk\u0119 na twarzy, pami\u0119taj\u0105c o dopasowaniu paska usztywniaj\u0105cego do kszta\u0142tu nosa. Po u\u017cyciu maseczk\u0119 nale\u017cy bezpiecznie wyrzuci\u0107 do odpowiedniego pojemnika i ponownie umy\u0107 r\u0119ce. Pami\u0119taj, \u017ce maseczka jest produktem jednorazowego u\u017cytku, co zwi\u0119ksza jej higieniczno\u015b\u0107 i bezpiecze\u0144stwo.<\/p>\n<h2>Specyfikacja produktu<\/h2>\n<p>Zapewnij sobie jako\u015b\u0107 i bezpiecze\u0144stwo dzi\u0119ki naszej maseczce certyfikowanej znakiem CE. Produkt charakteryzuje si\u0119 wymiarami 17,5 x 9,5 cm i jest dost\u0119pny w dw\u00f3ch kolorach \u2013 niebieskim i bia\u0142ym. Skuteczno\u015b\u0107 filtracji na poziomie PM 2,5 sprawia, \u017ce maseczka doskonale sprawdza si\u0119 w ochronie przed zanieczyszczeniami. Pojedyncze opakowanie zawiera jedn\u0105 sztuk\u0119, co czyni j\u0105 idealn\u0105 propozycj\u0105 na szybkie, jednorazowe zastosowanie.<\/p>\n<p>Zadbaj ju\u017c dzi\u015b o zdrowie swoje i swoich bliskich dzi\u0119ki naszej trzywarstwowej maseczce ochronnej jednorazowej!<\/p>","protected":false},"excerpt":{"rendered":"<p>Komfortowa ochrona dr\u00f3g oddechowych Trzywarstwowa maseczka ochronna jednorazowa to Twoje niezawodne wsparcie w codziennym dbaniu o zdrowie. Dzi\u0119ki starannie dobranym materia\u0142om, maseczka nie tylko zapewnia najwy\u017cszy poziom ochrony, ale tak\u017ce pozwala na swobodne oddychanie. Jej konstrukcja umo\u017cliwia idealne dopasowanie do ka\u017cdego kszta\u0142tu twarzy, zapewniaj\u0105c maksymaln\u0105 skuteczno\u015b\u0107 i wygod\u0119 noszenia. Innowacyjna budowa dla lepszej skuteczno\u015bci Maseczka [&hellip;]<\/p>\n","protected":false},"featured_media":3757,"comment_status":"closed","ping_status":"closed","template":"","meta":{"om_disable_all_campaigns":false,"ocean_post_layout":"","ocean_both_sidebars_style":"","ocean_both_sidebars_content_width":0,"ocean_both_sidebars_sidebars_width":0,"ocean_sidebar":"0","ocean_second_sidebar":"0","ocean_disable_margins":"enable","ocean_add_body_class":"","ocean_shortcode_before_top_bar":"","ocean_shortcode_after_top_bar":"","ocean_shortcode_before_header":"","ocean_shortcode_after_header":"","ocean_has_shortcode":"","ocean_shortcode_after_title":"","ocean_shortcode_before_footer_widgets":"","ocean_shortcode_after_footer_widgets":"","ocean_shortcode_before_footer_bottom":"","ocean_shortcode_after_footer_bottom":"","ocean_display_top_bar":"default","ocean_display_header":"default","ocean_header_style":"","ocean_center_header_left_menu":"0","ocean_custom_header_template":"0","ocean_custom_logo":0,"ocean_custom_retina_logo":0,"ocean_custom_logo_max_width":0,"ocean_custom_logo_tablet_max_width":0,"ocean_custom_logo_mobile_max_width":0,"ocean_custom_logo_max_height":0,"ocean_custom_logo_tablet_max_height":0,"ocean_custom_logo_mobile_max_height":0,"ocean_header_custom_menu":"0","ocean_menu_typo_font_family":"0","ocean_menu_typo_font_subset":"","ocean_menu_typo_font_size":0,"ocean_menu_typo_font_size_tablet":0,"ocean_menu_typo_font_size_mobile":0,"ocean_menu_typo_font_size_unit":"px","ocean_menu_typo_font_weight":"","ocean_menu_typo_font_weight_tablet":"","ocean_menu_typo_font_weight_mobile":"","ocean_menu_typo_transform":"","ocean_menu_typo_transform_tablet":"","ocean_menu_typo_transform_mobile":"","ocean_menu_typo_line_height":0,"ocean_menu_typo_line_height_tablet":0,"ocean_menu_typo_line_height_mobile":0,"ocean_menu_typo_line_height_unit":"","ocean_menu_typo_spacing":0,"ocean_menu_typo_spacing_tablet":0,"ocean_menu_typo_spacing_mobile":0,"ocean_menu_typo_spacing_unit":"","ocean_menu_link_color":"","ocean_menu_link_color_hover":"","ocean_menu_link_color_active":"","ocean_menu_link_background":"","ocean_menu_link_hover_background":"","ocean_menu_link_active_background":"","ocean_menu_social_links_bg":"","ocean_menu_social_hover_links_bg":"","ocean_menu_social_links_color":"","ocean_menu_social_hover_links_color":"","ocean_disable_title":"default","ocean_disable_heading":"default","ocean_post_title":"","ocean_post_subheading":"","ocean_post_title_style":"","ocean_post_title_background_color":"","ocean_post_title_background":0,"ocean_post_title_bg_image_position":"","ocean_post_title_bg_image_attachment":"","ocean_post_title_bg_image_repeat":"","ocean_post_title_bg_image_size":"","ocean_post_title_height":0,"ocean_post_title_bg_overlay":0.5,"ocean_post_title_bg_overlay_color":"","ocean_disable_breadcrumbs":"default","ocean_breadcrumbs_color":"","ocean_breadcrumbs_separator_color":"","ocean_breadcrumbs_links_color":"","ocean_breadcrumbs_links_hover_color":"","ocean_display_footer_widgets":"default","ocean_display_footer_bottom":"default","ocean_custom_footer_template":"0"},"product_brand":[],"product_cat":[168,110],"product_tag":[],"class_list":{"0":"post-8142","1":"product","2":"type-product","3":"status-publish","4":"has-post-thumbnail","6":"product_cat-artykuly-jednorazowego-uzytku","7":"product_cat-paznokcie","9":"entry","10":"has-media","12":"first","13":"instock","14":"taxable","15":"shipping-taxable","16":"purchasable","17":"product-type-simple","18":"has-product-nav","19":"col","20":"span_1_of_3","21":"owp-content-center","22":"owp-thumbs-layout-horizontal","23":"owp-btn-normal","24":"owp-tabs-layout-horizontal","25":"has-no-thumbnails"},"yoast_head":"<!-- This site is optimized with the Yoast SEO plugin v27.6 - https:\/\/yoast.com\/product\/yoast-seo-wordpress\/ -->\n<title>Maski ochronne jednorazowe trzywarstwowe 1 szt - velesnails<\/title>\n<meta name=\"robots\" content=\"index, follow, max-snippet:-1, max-image-preview:large, max-video-preview:-1\" \/>\n<link rel=\"canonical\" href=\"https:\/\/velesnails.pl\/en\/product\/maski-maseczki-ochronne-jednorazowe-trzywarstwowe-50-szt-2\/\" \/>\n<meta property=\"og:locale\" content=\"en_GB\" \/>\n<meta property=\"og:type\" content=\"article\" \/>\n<meta property=\"og:title\" content=\"Maski ochronne jednorazowe trzywarstwowe 1 szt - velesnails\" \/>\n<meta property=\"og:description\" content=\"Komfortowa ochrona dr\u00f3g oddechowych Trzywarstwowa maseczka ochronna jednorazowa to Twoje niezawodne wsparcie w codziennym dbaniu o zdrowie. Dzi\u0119ki starannie dobranym materia\u0142om, maseczka nie tylko zapewnia najwy\u017cszy poziom ochrony, ale tak\u017ce pozwala na swobodne oddychanie. Jej konstrukcja umo\u017cliwia idealne dopasowanie do ka\u017cdego kszta\u0142tu twarzy, zapewniaj\u0105c maksymaln\u0105 skuteczno\u015b\u0107 i wygod\u0119 noszenia. Innowacyjna budowa dla lepszej skuteczno\u015bci Maseczka [&hellip;]\" \/>\n<meta property=\"og:url\" content=\"https:\/\/velesnails.pl\/en\/product\/maski-maseczki-ochronne-jednorazowe-trzywarstwowe-50-szt-2\/\" \/>\n<meta property=\"og:site_name\" content=\"velesnails\" \/>\n<meta property=\"article:modified_time\" content=\"2026-05-01T16:32:24+00:00\" \/>\n<meta property=\"og:image\" content=\"https:\/\/velesnails.pl\/wp-content\/uploads\/2024\/07\/Maski-maseczki-ochronne.jpg\" \/>\n\t<meta property=\"og:image:width\" content=\"500\" \/>\n\t<meta property=\"og:image:height\" content=\"479\" \/>\n\t<meta property=\"og:image:type\" content=\"image\/jpeg\" \/>\n<meta name=\"twitter:card\" content=\"summary_large_image\" \/>\n<meta name=\"twitter:label1\" content=\"Estimated reading time\" \/>\n\t<meta name=\"twitter:data1\" content=\"2 minutes\" \/>\n<script type=\"application\/ld+json\" class=\"yoast-schema-graph\">{\"@context\":\"https:\\\/\\\/schema.org\",\"@graph\":[{\"@type\":\"WebPage\",\"@id\":\"https:\\\/\\\/velesnails.pl\\\/product\\\/maski-maseczki-ochronne-jednorazowe-trzywarstwowe-50-szt-2\\\/\",\"url\":\"https:\\\/\\\/velesnails.pl\\\/product\\\/maski-maseczki-ochronne-jednorazowe-trzywarstwowe-50-szt-2\\\/\",\"name\":\"Maski ochronne jednorazowe trzywarstwowe 1 szt - velesnails\",\"isPartOf\":{\"@id\":\"https:\\\/\\\/velesnails.pl\\\/#website\"},\"primaryImageOfPage\":{\"@id\":\"https:\\\/\\\/velesnails.pl\\\/product\\\/maski-maseczki-ochronne-jednorazowe-trzywarstwowe-50-szt-2\\\/#primaryimage\"},\"image\":{\"@id\":\"https:\\\/\\\/velesnails.pl\\\/product\\\/maski-maseczki-ochronne-jednorazowe-trzywarstwowe-50-szt-2\\\/#primaryimage\"},\"thumbnailUrl\":\"https:\\\/\\\/i0.wp.com\\\/velesnails.pl\\\/wp-content\\\/uploads\\\/2024\\\/07\\\/Maski-maseczki-ochronne.jpg?fit=500%2C479&ssl=1\",\"datePublished\":\"2026-01-22T04:41:34+00:00\",\"dateModified\":\"2026-05-01T16:32:24+00:00\",\"breadcrumb\":{\"@id\":\"https:\\\/\\\/velesnails.pl\\\/product\\\/maski-maseczki-ochronne-jednorazowe-trzywarstwowe-50-szt-2\\\/#breadcrumb\"},\"inLanguage\":\"en-GB\",\"potentialAction\":[{\"@type\":\"ReadAction\",\"target\":[\"https:\\\/\\\/velesnails.pl\\\/product\\\/maski-maseczki-ochronne-jednorazowe-trzywarstwowe-50-szt-2\\\/\"]}]},{\"@type\":\"ImageObject\",\"inLanguage\":\"en-GB\",\"@id\":\"https:\\\/\\\/velesnails.pl\\\/product\\\/maski-maseczki-ochronne-jednorazowe-trzywarstwowe-50-szt-2\\\/#primaryimage\",\"url\":\"https:\\\/\\\/i0.wp.com\\\/velesnails.pl\\\/wp-content\\\/uploads\\\/2024\\\/07\\\/Maski-maseczki-ochronne.jpg?fit=500%2C479&ssl=1\",\"contentUrl\":\"https:\\\/\\\/i0.wp.com\\\/velesnails.pl\\\/wp-content\\\/uploads\\\/2024\\\/07\\\/Maski-maseczki-ochronne.jpg?fit=500%2C479&ssl=1\",\"width\":500,\"height\":479},{\"@type\":\"BreadcrumbList\",\"@id\":\"https:\\\/\\\/velesnails.pl\\\/product\\\/maski-maseczki-ochronne-jednorazowe-trzywarstwowe-50-szt-2\\\/#breadcrumb\",\"itemListElement\":[{\"@type\":\"ListItem\",\"position\":1,\"name\":\"\u0413\u043e\u043b\u043e\u0432\u043d\u0430\",\"item\":\"https:\\\/\\\/velesnails.pl\\\/\"},{\"@type\":\"ListItem\",\"position\":2,\"name\":\"Sklep\",\"item\":\"https:\\\/\\\/velesnails.pl\\\/shop\\\/\"},{\"@type\":\"ListItem\",\"position\":3,\"name\":\"Maski ochronne jednorazowe trzywarstwowe 1 szt\"}]},{\"@type\":\"WebSite\",\"@id\":\"https:\\\/\\\/velesnails.pl\\\/#website\",\"url\":\"https:\\\/\\\/velesnails.pl\\\/\",\"name\":\"velesnails\",\"description\":\"Sklep z manicure\",\"publisher\":{\"@id\":\"https:\\\/\\\/velesnails.pl\\\/#organization\"},\"potentialAction\":[{\"@type\":\"SearchAction\",\"target\":{\"@type\":\"EntryPoint\",\"urlTemplate\":\"https:\\\/\\\/velesnails.pl\\\/?s={search_term_string}\"},\"query-input\":{\"@type\":\"PropertyValueSpecification\",\"valueRequired\":true,\"valueName\":\"search_term_string\"}}],\"inLanguage\":\"en-GB\"},{\"@type\":\"Organization\",\"@id\":\"https:\\\/\\\/velesnails.pl\\\/#organization\",\"name\":\"velesnails\",\"url\":\"https:\\\/\\\/velesnails.pl\\\/\",\"logo\":{\"@type\":\"ImageObject\",\"inLanguage\":\"en-GB\",\"@id\":\"https:\\\/\\\/velesnails.pl\\\/#\\\/schema\\\/logo\\\/image\\\/\",\"url\":\"https:\\\/\\\/i0.wp.com\\\/velesnails.pl\\\/wp-content\\\/uploads\\\/2025\\\/10\\\/cropped-obraz_viber_2025-10-22_13-55-55-969.jpg?fit=485%2C381&ssl=1\",\"contentUrl\":\"https:\\\/\\\/i0.wp.com\\\/velesnails.pl\\\/wp-content\\\/uploads\\\/2025\\\/10\\\/cropped-obraz_viber_2025-10-22_13-55-55-969.jpg?fit=485%2C381&ssl=1\",\"width\":485,\"height\":381,\"caption\":\"velesnails\"},\"image\":{\"@id\":\"https:\\\/\\\/velesnails.pl\\\/#\\\/schema\\\/logo\\\/image\\\/\"}}]}<\/script>\n<!-- \/ Yoast SEO plugin. -->","yoast_head_json":{"title":"Maski ochronne jednorazowe trzywarstwowe 1 szt - velesnails","robots":{"index":"index","follow":"follow","max-snippet":"max-snippet:-1","max-image-preview":"max-image-preview:large","max-video-preview":"max-video-preview:-1"},"canonical":"https:\/\/velesnails.pl\/en\/product\/maski-maseczki-ochronne-jednorazowe-trzywarstwowe-50-szt-2\/","og_locale":"en_GB","og_type":"article","og_title":"Maski ochronne jednorazowe trzywarstwowe 1 szt - velesnails","og_description":"Komfortowa ochrona dr\u00f3g oddechowych Trzywarstwowa maseczka ochronna jednorazowa to Twoje niezawodne wsparcie w codziennym dbaniu o zdrowie. Dzi\u0119ki starannie dobranym materia\u0142om, maseczka nie tylko zapewnia najwy\u017cszy poziom ochrony, ale tak\u017ce pozwala na swobodne oddychanie. Jej konstrukcja umo\u017cliwia idealne dopasowanie do ka\u017cdego kszta\u0142tu twarzy, zapewniaj\u0105c maksymaln\u0105 skuteczno\u015b\u0107 i wygod\u0119 noszenia. Innowacyjna budowa dla lepszej skuteczno\u015bci Maseczka [&hellip;]","og_url":"https:\/\/velesnails.pl\/en\/product\/maski-maseczki-ochronne-jednorazowe-trzywarstwowe-50-szt-2\/","og_site_name":"velesnails","article_modified_time":"2026-05-01T16:32:24+00:00","og_image":[{"width":500,"height":479,"url":"https:\/\/velesnails.pl\/wp-content\/uploads\/2024\/07\/Maski-maseczki-ochronne.jpg","type":"image\/jpeg"}],"twitter_card":"summary_large_image","twitter_misc":{"Estimated reading time":"2 minutes"},"schema":{"@context":"https:\/\/schema.org","@graph":[{"@type":"WebPage","@id":"https:\/\/velesnails.pl\/product\/maski-maseczki-ochronne-jednorazowe-trzywarstwowe-50-szt-2\/","url":"https:\/\/velesnails.pl\/product\/maski-maseczki-ochronne-jednorazowe-trzywarstwowe-50-szt-2\/","name":"Maski ochronne jednorazowe trzywarstwowe 1 szt - velesnails","isPartOf":{"@id":"https:\/\/velesnails.pl\/#website"},"primaryImageOfPage":{"@id":"https:\/\/velesnails.pl\/product\/maski-maseczki-ochronne-jednorazowe-trzywarstwowe-50-szt-2\/#primaryimage"},"image":{"@id":"https:\/\/velesnails.pl\/product\/maski-maseczki-ochronne-jednorazowe-trzywarstwowe-50-szt-2\/#primaryimage"},"thumbnailUrl":"https:\/\/i0.wp.com\/velesnails.pl\/wp-content\/uploads\/2024\/07\/Maski-maseczki-ochronne.jpg?fit=500%2C479&ssl=1","datePublished":"2026-01-22T04:41:34+00:00","dateModified":"2026-05-01T16:32:24+00:00","breadcrumb":{"@id":"https:\/\/velesnails.pl\/product\/maski-maseczki-ochronne-jednorazowe-trzywarstwowe-50-szt-2\/#breadcrumb"},"inLanguage":"en-GB","potentialAction":[{"@type":"ReadAction","target":["https:\/\/velesnails.pl\/product\/maski-maseczki-ochronne-jednorazowe-trzywarstwowe-50-szt-2\/"]}]},{"@type":"ImageObject","inLanguage":"en-GB","@id":"https:\/\/velesnails.pl\/product\/maski-maseczki-ochronne-jednorazowe-trzywarstwowe-50-szt-2\/#primaryimage","url":"https:\/\/i0.wp.com\/velesnails.pl\/wp-content\/uploads\/2024\/07\/Maski-maseczki-ochronne.jpg?fit=500%2C479&ssl=1","contentUrl":"https:\/\/i0.wp.com\/velesnails.pl\/wp-content\/uploads\/2024\/07\/Maski-maseczki-ochronne.jpg?fit=500%2C479&ssl=1","width":500,"height":479},{"@type":"BreadcrumbList","@id":"https:\/\/velesnails.pl\/product\/maski-maseczki-ochronne-jednorazowe-trzywarstwowe-50-szt-2\/#breadcrumb","itemListElement":[{"@type":"ListItem","position":1,"name":"\u0413\u043e\u043b\u043e\u0432\u043d\u0430","item":"https:\/\/velesnails.pl\/"},{"@type":"ListItem","position":2,"name":"Sklep","item":"https:\/\/velesnails.pl\/shop\/"},{"@type":"ListItem","position":3,"name":"Maski ochronne jednorazowe trzywarstwowe 1 szt"}]},{"@type":"WebSite","@id":"https:\/\/velesnails.pl\/#website","url":"https:\/\/velesnails.pl\/","name":"velesnails","description":"Manicure shop","publisher":{"@id":"https:\/\/velesnails.pl\/#organization"},"potentialAction":[{"@type":"SearchAction","target":{"@type":"EntryPoint","urlTemplate":"https:\/\/velesnails.pl\/?s={search_term_string}"},"query-input":{"@type":"PropertyValueSpecification","valueRequired":true,"valueName":"search_term_string"}}],"inLanguage":"en-GB"},{"@type":"Organization","@id":"https:\/\/velesnails.pl\/#organization","name":"velesnails","url":"https:\/\/velesnails.pl\/","logo":{"@type":"ImageObject","inLanguage":"en-GB","@id":"https:\/\/velesnails.pl\/#\/schema\/logo\/image\/","url":"https:\/\/i0.wp.com\/velesnails.pl\/wp-content\/uploads\/2025\/10\/cropped-obraz_viber_2025-10-22_13-55-55-969.jpg?fit=485%2C381&ssl=1","contentUrl":"https:\/\/i0.wp.com\/velesnails.pl\/wp-content\/uploads\/2025\/10\/cropped-obraz_viber_2025-10-22_13-55-55-969.jpg?fit=485%2C381&ssl=1","width":485,"height":381,"caption":"velesnails"},"image":{"@id":"https:\/\/velesnails.pl\/#\/schema\/logo\/image\/"}}]}},"_links":{"self":[{"href":"https:\/\/velesnails.pl\/en\/wp-json\/wp\/v2\/product\/8142","targetHints":{"allow":["GET"]}}],"collection":[{"href":"https:\/\/velesnails.pl\/en\/wp-json\/wp\/v2\/product"}],"about":[{"href":"https:\/\/velesnails.pl\/en\/wp-json\/wp\/v2\/types\/product"}],"replies":[{"embeddable":true,"href":"https:\/\/velesnails.pl\/en\/wp-json\/wp\/v2\/comments?post=8142"}],"wp:featuredmedia":[{"embeddable":true,"href":"https:\/\/velesnails.pl\/en\/wp-json\/wp\/v2\/media\/3757"}],"wp:attachment":[{"href":"https:\/\/velesnails.pl\/en\/wp-json\/wp\/v2\/media?parent=8142"}],"wp:term":[{"taxonomy":"product_brand","embeddable":true,"href":"https:\/\/velesnails.pl\/en\/wp-json\/wp\/v2\/product_brand?post=8142"},{"taxonomy":"product_cat","embeddable":true,"href":"https:\/\/velesnails.pl\/en\/wp-json\/wp\/v2\/product_cat?post=8142"},{"taxonomy":"product_tag","embeddable":true,"href":"https:\/\/velesnails.pl\/en\/wp-json\/wp\/v2\/product_tag?post=8142"}],"curies":[{"name":"wp","href":"https:\/\/api.w.org\/{rel}","templated":true}]}}