{"id":7894,"date":"2025-11-20T12:32:55","date_gmt":"2025-11-20T09:32:55","guid":{"rendered":"https:\/\/velesnails.pl\/?post_type=product&#038;p=7894"},"modified":"2026-01-17T12:38:01","modified_gmt":"2026-01-17T09:38:01","slug":"top-wysoki-polysk-bez-przemywania-diamond-ultra-shine-top-no-wipe-high-gloss-molly-nails-clear-10g","status":"publish","type":"product","link":"https:\/\/velesnails.pl\/en\/product\/top-wysoki-polysk-bez-przemywania-diamond-ultra-shine-top-no-wipe-high-gloss-molly-nails-clear-10g\/","title":{"rendered":"Top wysoki po\u0142ysk bez przemywania Diamond Ultra Shine top no wipe high gloss Molly Nails Clear 10g"},"content":{"rendered":"<h2>Top wysoki po\u0142ysk bez przemywania Diamond Ultra Shine top no wipe high gloss Molly Nails 10g<\/h2>\n<p>Top nab\u0142yszczaj\u0105cy wysoki po\u0142ysk bez przemywania Diamond Ultra Shine High Gloss Molly Nails to profesjonalny\u00a0<strong>top no wipe<\/strong>\u00a0daj\u0105cy efekt diamentowego, wysokiego po\u0142ysku.<\/p>\n<p>Idealny do manicure hybrydowego, \u017celowego, akrylowego i pedicure, odporny na zarysowania i \u015bcieranie. Dzi\u0119ki samopoziomuj\u0105cej konsystencji zapewnia g\u0142adk\u0105 tafl\u0119 i trwa\u0142y blask bez \u017c\u00f3\u0142kni\u0119cia.<\/p>\n<p><strong>Top sprawdza si\u0119:<\/strong><\/p>\n<ul>\n<li>do uzyskania d\u0142ugotrwa\u0142ego po\u0142ysku paznokci<\/li>\n<li>jako warstwa nawierzchniowa ka\u017cdego rodzaju stylizacji: manicure hybrydowy, \u017celowy, akrylowy<\/li>\n<li>do manicure i pedicure<\/li>\n<li>do wcierania py\u0142k\u00f3w<\/li>\n<li>jako zabezpieczenie stylizacji \u2013 odporny na \u015bcieranie<\/li>\n<\/ul>\n<p><strong>Cechy produktu:<\/strong><\/p>\n<ul>\n<li><strong>Samopoziomuj\u0105ca konsystencja\u00a0<\/strong>u\u0142atwiaj\u0105ca aplikacj\u0119 oraz uzyskanie g\u0142adkiej tafli.<\/li>\n<li><strong>Elastyczna formu\u0142a<\/strong>\u00a0nadaj\u0105ca topowi odporno\u015b\u0107 na p\u0119kni\u0119cia.<\/li>\n<li>Top\u00a0<strong>nadaje po\u0142ysk i efekt diamentowych<\/strong>\u00a0paznokci.<\/li>\n<li><strong>No wipe<\/strong>\u00a0\u2013 nie wymagaj\u0105cy przecierania po utwardzeniu, co przyspiesza czas wykonania stylizacji.<\/li>\n<li>Mo\u017cliwo\u015b\u0107\u00a0<strong>wcierania py\u0142k\u00f3w\u00a0<\/strong>typu lustro (po utwardzeniu topu 30 sek. w lampie; nie zapomnij ponownie na\u0142o\u017cy\u0107 topu po aplikacji py\u0142ku!).<\/li>\n<li><strong>Nie \u017c\u00f3\u0142knie.<\/strong><\/li>\n<li>Posiada\u00a0<strong>doci\u0119ty laserowo, przezroczysty p\u0119dzelek,<\/strong>\u00a0kt\u00f3ry u\u0142atwia precyzyjn\u0105 aplikacj\u0119.<\/li>\n<li><strong>Formu\u0142a LED\/UV.<\/strong><\/li>\n<li><strong>Czas utwardzania:<\/strong><strong>\u00a0<\/strong>60\u201390 sekund<\/li>\n<\/ul>\n<p><strong>Method of use:<\/strong><\/p>\n<ol>\n<li>Na utwardzony lakier hybrydowy na\u0142o\u017cy\u0107 cienk\u0105 warstw\u0119 topu.<\/li>\n<li>Utwardzi\u0107 w lampie LED\/UV 60 s.<\/li>\n<\/ol>","protected":false},"excerpt":{"rendered":"<p>Top wysoki po\u0142ysk bez przemywania Diamond Ultra Shine top no wipe high gloss Molly Nails 10g Top nab\u0142yszczaj\u0105cy wysoki po\u0142ysk bez przemywania Diamond Ultra Shine High Gloss Molly Nails to profesjonalny\u00a0top no wipe\u00a0daj\u0105cy efekt diamentowego, wysokiego po\u0142ysku. Idealny do manicure hybrydowego, \u017celowego, akrylowego i pedicure, odporny na zarysowania i \u015bcieranie. Dzi\u0119ki samopoziomuj\u0105cej konsystencji zapewnia g\u0142adk\u0105 [&hellip;]<\/p>\n","protected":false},"featured_media":7897,"comment_status":"closed","ping_status":"closed","template":"","meta":{"om_disable_all_campaigns":false,"ocean_post_layout":"","ocean_both_sidebars_style":"","ocean_both_sidebars_content_width":0,"ocean_both_sidebars_sidebars_width":0,"ocean_sidebar":"0","ocean_second_sidebar":"0","ocean_disable_margins":"enable","ocean_add_body_class":"","ocean_shortcode_before_top_bar":"","ocean_shortcode_after_top_bar":"","ocean_shortcode_before_header":"","ocean_shortcode_after_header":"","ocean_has_shortcode":"","ocean_shortcode_after_title":"","ocean_shortcode_before_footer_widgets":"","ocean_shortcode_after_footer_widgets":"","ocean_shortcode_before_footer_bottom":"","ocean_shortcode_after_footer_bottom":"","ocean_display_top_bar":"default","ocean_display_header":"default","ocean_header_style":"","ocean_center_header_left_menu":"0","ocean_custom_header_template":"0","ocean_custom_logo":0,"ocean_custom_retina_logo":0,"ocean_custom_logo_max_width":0,"ocean_custom_logo_tablet_max_width":0,"ocean_custom_logo_mobile_max_width":0,"ocean_custom_logo_max_height":0,"ocean_custom_logo_tablet_max_height":0,"ocean_custom_logo_mobile_max_height":0,"ocean_header_custom_menu":"0","ocean_menu_typo_font_family":"0","ocean_menu_typo_font_subset":"","ocean_menu_typo_font_size":0,"ocean_menu_typo_font_size_tablet":0,"ocean_menu_typo_font_size_mobile":0,"ocean_menu_typo_font_size_unit":"px","ocean_menu_typo_font_weight":"","ocean_menu_typo_font_weight_tablet":"","ocean_menu_typo_font_weight_mobile":"","ocean_menu_typo_transform":"","ocean_menu_typo_transform_tablet":"","ocean_menu_typo_transform_mobile":"","ocean_menu_typo_line_height":0,"ocean_menu_typo_line_height_tablet":0,"ocean_menu_typo_line_height_mobile":0,"ocean_menu_typo_line_height_unit":"","ocean_menu_typo_spacing":0,"ocean_menu_typo_spacing_tablet":0,"ocean_menu_typo_spacing_mobile":0,"ocean_menu_typo_spacing_unit":"","ocean_menu_link_color":"","ocean_menu_link_color_hover":"","ocean_menu_link_color_active":"","ocean_menu_link_background":"","ocean_menu_link_hover_background":"","ocean_menu_link_active_background":"","ocean_menu_social_links_bg":"","ocean_menu_social_hover_links_bg":"","ocean_menu_social_links_color":"","ocean_menu_social_hover_links_color":"","ocean_disable_title":"default","ocean_disable_heading":"default","ocean_post_title":"","ocean_post_subheading":"","ocean_post_title_style":"","ocean_post_title_background_color":"","ocean_post_title_background":0,"ocean_post_title_bg_image_position":"","ocean_post_title_bg_image_attachment":"","ocean_post_title_bg_image_repeat":"","ocean_post_title_bg_image_size":"","ocean_post_title_height":0,"ocean_post_title_bg_overlay":0.5,"ocean_post_title_bg_overlay_color":"","ocean_disable_breadcrumbs":"default","ocean_breadcrumbs_color":"","ocean_breadcrumbs_separator_color":"","ocean_breadcrumbs_links_color":"","ocean_breadcrumbs_links_hover_color":"","ocean_display_footer_widgets":"default","ocean_display_footer_bottom":"default","ocean_custom_footer_template":"0"},"product_brand":[],"product_cat":[184,176,189,110,187],"product_tag":[],"class_list":{"0":"post-7894","1":"product","2":"type-product","3":"status-publish","4":"has-post-thumbnail","6":"product_cat-bazy-i-topy","7":"product_cat-marki","8":"product_cat-molly-lac-1","9":"product_cat-paznokcie","10":"product_cat-topy","12":"entry","13":"has-media","15":"first","16":"outofstock","17":"taxable","18":"shipping-taxable","19":"purchasable","20":"product-type-simple","21":"has-product-nav","22":"col","23":"span_1_of_3","24":"owp-content-center","25":"owp-thumbs-layout-horizontal","26":"owp-btn-normal","27":"owp-tabs-layout-horizontal"},"yoast_head":"<!-- This site is optimized with the Yoast SEO plugin v27.6 - https:\/\/yoast.com\/product\/yoast-seo-wordpress\/ -->\n<title>Top wysoki po\u0142ysk bez przemywania Diamond Ultra Shine top no wipe high gloss Molly Nails Clear 10g - velesnails<\/title>\n<meta name=\"robots\" content=\"index, follow, max-snippet:-1, max-image-preview:large, max-video-preview:-1\" \/>\n<link rel=\"canonical\" href=\"https:\/\/velesnails.pl\/en\/product\/top-wysoki-polysk-bez-przemywania-diamond-ultra-shine-top-no-wipe-high-gloss-molly-nails-clear-10g\/\" \/>\n<meta property=\"og:locale\" content=\"en_GB\" \/>\n<meta property=\"og:type\" content=\"article\" \/>\n<meta property=\"og:title\" content=\"Top wysoki po\u0142ysk bez przemywania Diamond Ultra Shine top no wipe high gloss Molly Nails Clear 10g - velesnails\" \/>\n<meta property=\"og:description\" content=\"Top wysoki po\u0142ysk bez przemywania Diamond Ultra Shine top no wipe high gloss Molly Nails 10g Top nab\u0142yszczaj\u0105cy wysoki po\u0142ysk bez przemywania Diamond Ultra Shine High Gloss Molly Nails to profesjonalny\u00a0top no wipe\u00a0daj\u0105cy efekt diamentowego, wysokiego po\u0142ysku. Idealny do manicure hybrydowego, \u017celowego, akrylowego i pedicure, odporny na zarysowania i \u015bcieranie. Dzi\u0119ki samopoziomuj\u0105cej konsystencji zapewnia g\u0142adk\u0105 [&hellip;]\" \/>\n<meta property=\"og:url\" content=\"https:\/\/velesnails.pl\/en\/product\/top-wysoki-polysk-bez-przemywania-diamond-ultra-shine-top-no-wipe-high-gloss-molly-nails-clear-10g\/\" \/>\n<meta property=\"og:site_name\" content=\"velesnails\" \/>\n<meta property=\"article:modified_time\" content=\"2026-01-17T09:38:01+00:00\" \/>\n<meta property=\"og:image\" content=\"https:\/\/velesnails.pl\/wp-content\/uploads\/2025\/11\/top-wysoki-polysk-bez-przemywania-diamond-ultra-shine-top-no-wipe-high-gloss-molly-nails-10g.jpg\" \/>\n\t<meta property=\"og:image:width\" content=\"1000\" \/>\n\t<meta property=\"og:image:height\" content=\"1000\" \/>\n\t<meta property=\"og:image:type\" content=\"image\/jpeg\" \/>\n<meta name=\"twitter:card\" content=\"summary_large_image\" \/>\n<meta name=\"twitter:label1\" content=\"Estimated reading time\" \/>\n\t<meta name=\"twitter:data1\" content=\"2 minutes\" \/>\n<script type=\"application\/ld+json\" class=\"yoast-schema-graph\">{\"@context\":\"https:\\\/\\\/schema.org\",\"@graph\":[{\"@type\":\"WebPage\",\"@id\":\"https:\\\/\\\/velesnails.pl\\\/product\\\/top-wysoki-polysk-bez-przemywania-diamond-ultra-shine-top-no-wipe-high-gloss-molly-nails-clear-10g\\\/\",\"url\":\"https:\\\/\\\/velesnails.pl\\\/product\\\/top-wysoki-polysk-bez-przemywania-diamond-ultra-shine-top-no-wipe-high-gloss-molly-nails-clear-10g\\\/\",\"name\":\"Top wysoki po\u0142ysk bez przemywania Diamond Ultra Shine top no wipe high gloss Molly Nails Clear 10g - velesnails\",\"isPartOf\":{\"@id\":\"https:\\\/\\\/velesnails.pl\\\/#website\"},\"primaryImageOfPage\":{\"@id\":\"https:\\\/\\\/velesnails.pl\\\/product\\\/top-wysoki-polysk-bez-przemywania-diamond-ultra-shine-top-no-wipe-high-gloss-molly-nails-clear-10g\\\/#primaryimage\"},\"image\":{\"@id\":\"https:\\\/\\\/velesnails.pl\\\/product\\\/top-wysoki-polysk-bez-przemywania-diamond-ultra-shine-top-no-wipe-high-gloss-molly-nails-clear-10g\\\/#primaryimage\"},\"thumbnailUrl\":\"https:\\\/\\\/i0.wp.com\\\/velesnails.pl\\\/wp-content\\\/uploads\\\/2025\\\/11\\\/top-wysoki-polysk-bez-przemywania-diamond-ultra-shine-top-no-wipe-high-gloss-molly-nails-10g.jpg?fit=1000%2C1000&ssl=1\",\"datePublished\":\"2025-11-20T09:32:55+00:00\",\"dateModified\":\"2026-01-17T09:38:01+00:00\",\"breadcrumb\":{\"@id\":\"https:\\\/\\\/velesnails.pl\\\/product\\\/top-wysoki-polysk-bez-przemywania-diamond-ultra-shine-top-no-wipe-high-gloss-molly-nails-clear-10g\\\/#breadcrumb\"},\"inLanguage\":\"en-GB\",\"potentialAction\":[{\"@type\":\"ReadAction\",\"target\":[\"https:\\\/\\\/velesnails.pl\\\/product\\\/top-wysoki-polysk-bez-przemywania-diamond-ultra-shine-top-no-wipe-high-gloss-molly-nails-clear-10g\\\/\"]}]},{\"@type\":\"ImageObject\",\"inLanguage\":\"en-GB\",\"@id\":\"https:\\\/\\\/velesnails.pl\\\/product\\\/top-wysoki-polysk-bez-przemywania-diamond-ultra-shine-top-no-wipe-high-gloss-molly-nails-clear-10g\\\/#primaryimage\",\"url\":\"https:\\\/\\\/i0.wp.com\\\/velesnails.pl\\\/wp-content\\\/uploads\\\/2025\\\/11\\\/top-wysoki-polysk-bez-przemywania-diamond-ultra-shine-top-no-wipe-high-gloss-molly-nails-10g.jpg?fit=1000%2C1000&ssl=1\",\"contentUrl\":\"https:\\\/\\\/i0.wp.com\\\/velesnails.pl\\\/wp-content\\\/uploads\\\/2025\\\/11\\\/top-wysoki-polysk-bez-przemywania-diamond-ultra-shine-top-no-wipe-high-gloss-molly-nails-10g.jpg?fit=1000%2C1000&ssl=1\",\"width\":1000,\"height\":1000},{\"@type\":\"BreadcrumbList\",\"@id\":\"https:\\\/\\\/velesnails.pl\\\/product\\\/top-wysoki-polysk-bez-przemywania-diamond-ultra-shine-top-no-wipe-high-gloss-molly-nails-clear-10g\\\/#breadcrumb\",\"itemListElement\":[{\"@type\":\"ListItem\",\"position\":1,\"name\":\"\u0413\u043e\u043b\u043e\u0432\u043d\u0430\",\"item\":\"https:\\\/\\\/velesnails.pl\\\/\"},{\"@type\":\"ListItem\",\"position\":2,\"name\":\"Sklep\",\"item\":\"https:\\\/\\\/velesnails.pl\\\/shop\\\/\"},{\"@type\":\"ListItem\",\"position\":3,\"name\":\"Top wysoki po\u0142ysk bez przemywania Diamond Ultra Shine top no wipe high gloss Molly Nails Clear 10g\"}]},{\"@type\":\"WebSite\",\"@id\":\"https:\\\/\\\/velesnails.pl\\\/#website\",\"url\":\"https:\\\/\\\/velesnails.pl\\\/\",\"name\":\"velesnails\",\"description\":\"Sklep z manicure\",\"publisher\":{\"@id\":\"https:\\\/\\\/velesnails.pl\\\/#organization\"},\"potentialAction\":[{\"@type\":\"SearchAction\",\"target\":{\"@type\":\"EntryPoint\",\"urlTemplate\":\"https:\\\/\\\/velesnails.pl\\\/?s={search_term_string}\"},\"query-input\":{\"@type\":\"PropertyValueSpecification\",\"valueRequired\":true,\"valueName\":\"search_term_string\"}}],\"inLanguage\":\"en-GB\"},{\"@type\":\"Organization\",\"@id\":\"https:\\\/\\\/velesnails.pl\\\/#organization\",\"name\":\"velesnails\",\"url\":\"https:\\\/\\\/velesnails.pl\\\/\",\"logo\":{\"@type\":\"ImageObject\",\"inLanguage\":\"en-GB\",\"@id\":\"https:\\\/\\\/velesnails.pl\\\/#\\\/schema\\\/logo\\\/image\\\/\",\"url\":\"https:\\\/\\\/i0.wp.com\\\/velesnails.pl\\\/wp-content\\\/uploads\\\/2025\\\/10\\\/cropped-obraz_viber_2025-10-22_13-55-55-969.jpg?fit=485%2C381&ssl=1\",\"contentUrl\":\"https:\\\/\\\/i0.wp.com\\\/velesnails.pl\\\/wp-content\\\/uploads\\\/2025\\\/10\\\/cropped-obraz_viber_2025-10-22_13-55-55-969.jpg?fit=485%2C381&ssl=1\",\"width\":485,\"height\":381,\"caption\":\"velesnails\"},\"image\":{\"@id\":\"https:\\\/\\\/velesnails.pl\\\/#\\\/schema\\\/logo\\\/image\\\/\"}}]}<\/script>\n<!-- \/ Yoast SEO plugin. -->","yoast_head_json":{"title":"Top wysoki po\u0142ysk bez przemywania Diamond Ultra Shine top no wipe high gloss Molly Nails Clear 10g - velesnails","robots":{"index":"index","follow":"follow","max-snippet":"max-snippet:-1","max-image-preview":"max-image-preview:large","max-video-preview":"max-video-preview:-1"},"canonical":"https:\/\/velesnails.pl\/en\/product\/top-wysoki-polysk-bez-przemywania-diamond-ultra-shine-top-no-wipe-high-gloss-molly-nails-clear-10g\/","og_locale":"en_GB","og_type":"article","og_title":"Top wysoki po\u0142ysk bez przemywania Diamond Ultra Shine top no wipe high gloss Molly Nails Clear 10g - velesnails","og_description":"Top wysoki po\u0142ysk bez przemywania Diamond Ultra Shine top no wipe high gloss Molly Nails 10g Top nab\u0142yszczaj\u0105cy wysoki po\u0142ysk bez przemywania Diamond Ultra Shine High Gloss Molly Nails to profesjonalny\u00a0top no wipe\u00a0daj\u0105cy efekt diamentowego, wysokiego po\u0142ysku. Idealny do manicure hybrydowego, \u017celowego, akrylowego i pedicure, odporny na zarysowania i \u015bcieranie. Dzi\u0119ki samopoziomuj\u0105cej konsystencji zapewnia g\u0142adk\u0105 [&hellip;]","og_url":"https:\/\/velesnails.pl\/en\/product\/top-wysoki-polysk-bez-przemywania-diamond-ultra-shine-top-no-wipe-high-gloss-molly-nails-clear-10g\/","og_site_name":"velesnails","article_modified_time":"2026-01-17T09:38:01+00:00","og_image":[{"width":1000,"height":1000,"url":"https:\/\/velesnails.pl\/wp-content\/uploads\/2025\/11\/top-wysoki-polysk-bez-przemywania-diamond-ultra-shine-top-no-wipe-high-gloss-molly-nails-10g.jpg","type":"image\/jpeg"}],"twitter_card":"summary_large_image","twitter_misc":{"Estimated reading time":"2 minutes"},"schema":{"@context":"https:\/\/schema.org","@graph":[{"@type":"WebPage","@id":"https:\/\/velesnails.pl\/product\/top-wysoki-polysk-bez-przemywania-diamond-ultra-shine-top-no-wipe-high-gloss-molly-nails-clear-10g\/","url":"https:\/\/velesnails.pl\/product\/top-wysoki-polysk-bez-przemywania-diamond-ultra-shine-top-no-wipe-high-gloss-molly-nails-clear-10g\/","name":"Top wysoki po\u0142ysk bez przemywania Diamond Ultra Shine top no wipe high gloss Molly Nails Clear 10g - velesnails","isPartOf":{"@id":"https:\/\/velesnails.pl\/#website"},"primaryImageOfPage":{"@id":"https:\/\/velesnails.pl\/product\/top-wysoki-polysk-bez-przemywania-diamond-ultra-shine-top-no-wipe-high-gloss-molly-nails-clear-10g\/#primaryimage"},"image":{"@id":"https:\/\/velesnails.pl\/product\/top-wysoki-polysk-bez-przemywania-diamond-ultra-shine-top-no-wipe-high-gloss-molly-nails-clear-10g\/#primaryimage"},"thumbnailUrl":"https:\/\/i0.wp.com\/velesnails.pl\/wp-content\/uploads\/2025\/11\/top-wysoki-polysk-bez-przemywania-diamond-ultra-shine-top-no-wipe-high-gloss-molly-nails-10g.jpg?fit=1000%2C1000&ssl=1","datePublished":"2025-11-20T09:32:55+00:00","dateModified":"2026-01-17T09:38:01+00:00","breadcrumb":{"@id":"https:\/\/velesnails.pl\/product\/top-wysoki-polysk-bez-przemywania-diamond-ultra-shine-top-no-wipe-high-gloss-molly-nails-clear-10g\/#breadcrumb"},"inLanguage":"en-GB","potentialAction":[{"@type":"ReadAction","target":["https:\/\/velesnails.pl\/product\/top-wysoki-polysk-bez-przemywania-diamond-ultra-shine-top-no-wipe-high-gloss-molly-nails-clear-10g\/"]}]},{"@type":"ImageObject","inLanguage":"en-GB","@id":"https:\/\/velesnails.pl\/product\/top-wysoki-polysk-bez-przemywania-diamond-ultra-shine-top-no-wipe-high-gloss-molly-nails-clear-10g\/#primaryimage","url":"https:\/\/i0.wp.com\/velesnails.pl\/wp-content\/uploads\/2025\/11\/top-wysoki-polysk-bez-przemywania-diamond-ultra-shine-top-no-wipe-high-gloss-molly-nails-10g.jpg?fit=1000%2C1000&ssl=1","contentUrl":"https:\/\/i0.wp.com\/velesnails.pl\/wp-content\/uploads\/2025\/11\/top-wysoki-polysk-bez-przemywania-diamond-ultra-shine-top-no-wipe-high-gloss-molly-nails-10g.jpg?fit=1000%2C1000&ssl=1","width":1000,"height":1000},{"@type":"BreadcrumbList","@id":"https:\/\/velesnails.pl\/product\/top-wysoki-polysk-bez-przemywania-diamond-ultra-shine-top-no-wipe-high-gloss-molly-nails-clear-10g\/#breadcrumb","itemListElement":[{"@type":"ListItem","position":1,"name":"\u0413\u043e\u043b\u043e\u0432\u043d\u0430","item":"https:\/\/velesnails.pl\/"},{"@type":"ListItem","position":2,"name":"Sklep","item":"https:\/\/velesnails.pl\/shop\/"},{"@type":"ListItem","position":3,"name":"Top wysoki po\u0142ysk bez przemywania Diamond Ultra Shine top no wipe high gloss Molly Nails Clear 10g"}]},{"@type":"WebSite","@id":"https:\/\/velesnails.pl\/#website","url":"https:\/\/velesnails.pl\/","name":"velesnails","description":"Manicure shop","publisher":{"@id":"https:\/\/velesnails.pl\/#organization"},"potentialAction":[{"@type":"SearchAction","target":{"@type":"EntryPoint","urlTemplate":"https:\/\/velesnails.pl\/?s={search_term_string}"},"query-input":{"@type":"PropertyValueSpecification","valueRequired":true,"valueName":"search_term_string"}}],"inLanguage":"en-GB"},{"@type":"Organization","@id":"https:\/\/velesnails.pl\/#organization","name":"velesnails","url":"https:\/\/velesnails.pl\/","logo":{"@type":"ImageObject","inLanguage":"en-GB","@id":"https:\/\/velesnails.pl\/#\/schema\/logo\/image\/","url":"https:\/\/i0.wp.com\/velesnails.pl\/wp-content\/uploads\/2025\/10\/cropped-obraz_viber_2025-10-22_13-55-55-969.jpg?fit=485%2C381&ssl=1","contentUrl":"https:\/\/i0.wp.com\/velesnails.pl\/wp-content\/uploads\/2025\/10\/cropped-obraz_viber_2025-10-22_13-55-55-969.jpg?fit=485%2C381&ssl=1","width":485,"height":381,"caption":"velesnails"},"image":{"@id":"https:\/\/velesnails.pl\/#\/schema\/logo\/image\/"}}]}},"_links":{"self":[{"href":"https:\/\/velesnails.pl\/en\/wp-json\/wp\/v2\/product\/7894","targetHints":{"allow":["GET"]}}],"collection":[{"href":"https:\/\/velesnails.pl\/en\/wp-json\/wp\/v2\/product"}],"about":[{"href":"https:\/\/velesnails.pl\/en\/wp-json\/wp\/v2\/types\/product"}],"replies":[{"embeddable":true,"href":"https:\/\/velesnails.pl\/en\/wp-json\/wp\/v2\/comments?post=7894"}],"wp:featuredmedia":[{"embeddable":true,"href":"https:\/\/velesnails.pl\/en\/wp-json\/wp\/v2\/media\/7897"}],"wp:attachment":[{"href":"https:\/\/velesnails.pl\/en\/wp-json\/wp\/v2\/media?parent=7894"}],"wp:term":[{"taxonomy":"product_brand","embeddable":true,"href":"https:\/\/velesnails.pl\/en\/wp-json\/wp\/v2\/product_brand?post=7894"},{"taxonomy":"product_cat","embeddable":true,"href":"https:\/\/velesnails.pl\/en\/wp-json\/wp\/v2\/product_cat?post=7894"},{"taxonomy":"product_tag","embeddable":true,"href":"https:\/\/velesnails.pl\/en\/wp-json\/wp\/v2\/product_tag?post=7894"}],"curies":[{"name":"wp","href":"https:\/\/api.w.org\/{rel}","templated":true}]}}