{"id":7892,"date":"2025-11-20T12:27:26","date_gmt":"2025-11-20T09:27:26","guid":{"rendered":"https:\/\/velesnails.pl\/?post_type=product&#038;p=7892"},"modified":"2026-03-21T07:39:55","modified_gmt":"2026-03-21T04:39:55","slug":"jednorazowy-podklad-medyczny-serweta-wlokninowa-60-cm-x-50-m-rozowy","status":"publish","type":"product","link":"https:\/\/velesnails.pl\/en\/product\/jednorazowy-podklad-medyczny-serweta-wlokninowa-60-cm-x-50-m-rozowy\/","title":{"rendered":"Jednorazowy podk\u0142ad medyczny serweta w\u0142\u00f3kninowa 60 cm x 50 m r\u00f3\u017cowy"},"content":{"rendered":"<h2>Jednorazowy podk\u0142ad medyczny serweta w\u0142\u00f3kninowa 60 cm x 50 m r\u00f3\u017cowy<\/h2>\n<p>W profesjonalnych gabinetach medycznych dbanie o higien\u0119 i komfort pacjent\u00f3w podczas bada\u0144 diagnostycznych to priorytet. W\u0142a\u015bnie dlatego\u00a0<strong>prze\u015bcierad\u0142o diagnostyczne<\/strong>\u00a0to jeden z podstawowych produkt\u00f3w, kt\u00f3ry powinien znale\u017a\u0107 si\u0119 w ka\u017cdym gabinecie. Dzi\u0119ki niemu mo\u017cliwe jest zapewnienie wysokiej jako\u015bci ochrony zar\u00f3wno dla pacjenta, jak i powierzchni podczas bada\u0144 diagnostycznych.<\/p>\n<p><strong>Medyczne prze\u015bcierad\u0142o diagnostyczne jednorazowe<\/strong>\u00a0to nie tylko standardowy element higieny w gabinecie, ale tak\u017ce istotny czynnik wp\u0142ywaj\u0105cy na jako\u015b\u0107 diagnostyki i leczenia. Wykonane z mi\u0119kkiego, hypoalergicznego materia\u0142u, zapewniaj\u0105cego komfort pacjentom podczas badania, te jednorazowe prze\u015bcierad\u0142a minimalizuj\u0105 ryzyko krzy\u017cowej kontaminacji i infekcji. Ich zastosowanie pomaga utrzyma\u0107 wysokie standardy higieny, co ma kluczowe znaczenie w ochronie zdrowia pacjent\u00f3w.<\/p>\n<p><strong>Wysoka jako\u015b\u0107 i higiena podczas bada\u0144 diagnostycznych.<\/strong><\/p>\n<p>Elastyczno\u015b\u0107 i odporno\u015b\u0107 na uszkodzenia tego prze\u015bcierad\u0142a diagnostycznego sprawiaj\u0105, \u017ce badania przebiegaj\u0105 sprawnie i pacjent czuje si\u0119 komfortowo. Prze\u015bcierad\u0142o jest w pe\u0142ni bezpieczne dla zdrowia pacjenta, a jednocze\u015bnie \u0142atwe do usuni\u0119cia po u\u017cyciu.<\/p>\n<p>Prze\u015bcierad\u0142o diagnostyczne stanowi kluczowy sk\u0142adnik wyposa\u017cenia, niezb\u0119dny w ka\u017cdym gabinecie medycznym.<\/p>\n<p><strong>Cechy:<\/strong><\/p>\n<ul>\n<li><strong>Wysoka jako\u015b\u0107 materia\u0142u:<\/strong>\u00a0Wykonane z w\u0142\u00f3kniny o gramaturze 14 g\/m\u00b2, co gwarantuje odpowiedni\u0105 trwa\u0142o\u015b\u0107 i komfort u\u017cytkowania.<\/li>\n<li><strong>Optymalny rozmiar:<\/strong>\u00a0Rolka o szeroko\u015bci 60 cm i d\u0142ugo\u015bci 50 m pozwala na \u0142atwe dostosowanie do r\u00f3\u017cnych powierzchni.<\/li>\n<li><strong>Jednorazowe i higieniczne:<\/strong>\u00a0Przeznaczone do jednorazowego u\u017cytku, co minimalizuje ryzyko zaka\u017ce\u0144 krzy\u017cowych.<\/li>\n<li><strong>Wszechstronne zastosowanie:<\/strong>\u00a0Idealne do u\u017cycia w r\u00f3\u017cnych \u015brodowiskach medycznych.<\/li>\n<\/ul>\n<p><strong>Ostrze\u017cenia:<\/strong><\/p>\n<ul>\n<li>To jest wyr\u00f3b medyczny.<\/li>\n<li>U\u017cywaj go zgodnie z instrukcj\u0105 u\u017cywania lub etykiet\u0105.<\/li>\n<\/ul>","protected":false},"excerpt":{"rendered":"<p>Jednorazowy podk\u0142ad medyczny serweta w\u0142\u00f3kninowa 60 cm x 50 m r\u00f3\u017cowy W profesjonalnych gabinetach medycznych dbanie o higien\u0119 i komfort pacjent\u00f3w podczas bada\u0144 diagnostycznych to priorytet. W\u0142a\u015bnie dlatego\u00a0prze\u015bcierad\u0142o diagnostyczne\u00a0to jeden z podstawowych produkt\u00f3w, kt\u00f3ry powinien znale\u017a\u0107 si\u0119 w ka\u017cdym gabinecie. Dzi\u0119ki niemu mo\u017cliwe jest zapewnienie wysokiej jako\u015bci ochrony zar\u00f3wno dla pacjenta, jak i powierzchni podczas [&hellip;]<\/p>\n","protected":false},"featured_media":7893,"comment_status":"closed","ping_status":"closed","template":"","meta":{"om_disable_all_campaigns":false,"ocean_post_layout":"","ocean_both_sidebars_style":"","ocean_both_sidebars_content_width":0,"ocean_both_sidebars_sidebars_width":0,"ocean_sidebar":"0","ocean_second_sidebar":"0","ocean_disable_margins":"enable","ocean_add_body_class":"","ocean_shortcode_before_top_bar":"","ocean_shortcode_after_top_bar":"","ocean_shortcode_before_header":"","ocean_shortcode_after_header":"","ocean_has_shortcode":"","ocean_shortcode_after_title":"","ocean_shortcode_before_footer_widgets":"","ocean_shortcode_after_footer_widgets":"","ocean_shortcode_before_footer_bottom":"","ocean_shortcode_after_footer_bottom":"","ocean_display_top_bar":"default","ocean_display_header":"default","ocean_header_style":"","ocean_center_header_left_menu":"0","ocean_custom_header_template":"0","ocean_custom_logo":0,"ocean_custom_retina_logo":0,"ocean_custom_logo_max_width":0,"ocean_custom_logo_tablet_max_width":0,"ocean_custom_logo_mobile_max_width":0,"ocean_custom_logo_max_height":0,"ocean_custom_logo_tablet_max_height":0,"ocean_custom_logo_mobile_max_height":0,"ocean_header_custom_menu":"0","ocean_menu_typo_font_family":"0","ocean_menu_typo_font_subset":"","ocean_menu_typo_font_size":0,"ocean_menu_typo_font_size_tablet":0,"ocean_menu_typo_font_size_mobile":0,"ocean_menu_typo_font_size_unit":"px","ocean_menu_typo_font_weight":"","ocean_menu_typo_font_weight_tablet":"","ocean_menu_typo_font_weight_mobile":"","ocean_menu_typo_transform":"","ocean_menu_typo_transform_tablet":"","ocean_menu_typo_transform_mobile":"","ocean_menu_typo_line_height":0,"ocean_menu_typo_line_height_tablet":0,"ocean_menu_typo_line_height_mobile":0,"ocean_menu_typo_line_height_unit":"","ocean_menu_typo_spacing":0,"ocean_menu_typo_spacing_tablet":0,"ocean_menu_typo_spacing_mobile":0,"ocean_menu_typo_spacing_unit":"","ocean_menu_link_color":"","ocean_menu_link_color_hover":"","ocean_menu_link_color_active":"","ocean_menu_link_background":"","ocean_menu_link_hover_background":"","ocean_menu_link_active_background":"","ocean_menu_social_links_bg":"","ocean_menu_social_hover_links_bg":"","ocean_menu_social_links_color":"","ocean_menu_social_hover_links_color":"","ocean_disable_title":"default","ocean_disable_heading":"default","ocean_post_title":"","ocean_post_subheading":"","ocean_post_title_style":"","ocean_post_title_background_color":"","ocean_post_title_background":0,"ocean_post_title_bg_image_position":"","ocean_post_title_bg_image_attachment":"","ocean_post_title_bg_image_repeat":"","ocean_post_title_bg_image_size":"","ocean_post_title_height":0,"ocean_post_title_bg_overlay":0.5,"ocean_post_title_bg_overlay_color":"","ocean_disable_breadcrumbs":"default","ocean_breadcrumbs_color":"","ocean_breadcrumbs_separator_color":"","ocean_breadcrumbs_links_color":"","ocean_breadcrumbs_links_hover_color":"","ocean_display_footer_widgets":"default","ocean_display_footer_bottom":"default","ocean_custom_footer_template":"0"},"product_brand":[],"product_cat":[168,110],"product_tag":[],"class_list":{"0":"post-7892","1":"product","2":"type-product","3":"status-publish","4":"has-post-thumbnail","6":"product_cat-artykuly-jednorazowego-uzytku","7":"product_cat-paznokcie","9":"entry","10":"has-media","12":"first","13":"outofstock","14":"taxable","15":"shipping-taxable","16":"purchasable","17":"product-type-simple","18":"has-product-nav","19":"col","20":"span_1_of_3","21":"owp-content-center","22":"owp-thumbs-layout-horizontal","23":"owp-btn-normal","24":"owp-tabs-layout-horizontal"},"yoast_head":"<!-- This site is optimized with the Yoast SEO plugin v27.6 - https:\/\/yoast.com\/product\/yoast-seo-wordpress\/ -->\n<title>Jednorazowy podk\u0142ad medyczny serweta w\u0142\u00f3kninowa 60 cm x 50 m r\u00f3\u017cowy - velesnails<\/title>\n<meta name=\"robots\" content=\"index, follow, max-snippet:-1, max-image-preview:large, max-video-preview:-1\" \/>\n<link rel=\"canonical\" href=\"https:\/\/velesnails.pl\/en\/product\/jednorazowy-podklad-medyczny-serweta-wlokninowa-60-cm-x-50-m-rozowy\/\" \/>\n<meta property=\"og:locale\" content=\"en_GB\" \/>\n<meta property=\"og:type\" content=\"article\" \/>\n<meta property=\"og:title\" content=\"Jednorazowy podk\u0142ad medyczny serweta w\u0142\u00f3kninowa 60 cm x 50 m r\u00f3\u017cowy - velesnails\" \/>\n<meta property=\"og:description\" content=\"Jednorazowy podk\u0142ad medyczny serweta w\u0142\u00f3kninowa 60 cm x 50 m r\u00f3\u017cowy W profesjonalnych gabinetach medycznych dbanie o higien\u0119 i komfort pacjent\u00f3w podczas bada\u0144 diagnostycznych to priorytet. W\u0142a\u015bnie dlatego\u00a0prze\u015bcierad\u0142o diagnostyczne\u00a0to jeden z podstawowych produkt\u00f3w, kt\u00f3ry powinien znale\u017a\u0107 si\u0119 w ka\u017cdym gabinecie. Dzi\u0119ki niemu mo\u017cliwe jest zapewnienie wysokiej jako\u015bci ochrony zar\u00f3wno dla pacjenta, jak i powierzchni podczas [&hellip;]\" \/>\n<meta property=\"og:url\" content=\"https:\/\/velesnails.pl\/en\/product\/jednorazowy-podklad-medyczny-serweta-wlokninowa-60-cm-x-50-m-rozowy\/\" \/>\n<meta property=\"og:site_name\" content=\"velesnails\" \/>\n<meta property=\"article:modified_time\" content=\"2026-03-21T04:39:55+00:00\" \/>\n<meta property=\"og:image\" content=\"https:\/\/velesnails.pl\/wp-content\/uploads\/2025\/11\/jednorazowy-podklad-medyczny-serweta-wlokninowa-ecohygiene-60-cm-x-50-m-rozowy.jpg\" \/>\n\t<meta property=\"og:image:width\" content=\"1000\" \/>\n\t<meta property=\"og:image:height\" content=\"1000\" \/>\n\t<meta property=\"og:image:type\" content=\"image\/jpeg\" \/>\n<meta name=\"twitter:card\" content=\"summary_large_image\" \/>\n<meta name=\"twitter:label1\" content=\"Estimated reading time\" \/>\n\t<meta name=\"twitter:data1\" content=\"2 minutes\" \/>\n<script type=\"application\/ld+json\" class=\"yoast-schema-graph\">{\"@context\":\"https:\\\/\\\/schema.org\",\"@graph\":[{\"@type\":\"WebPage\",\"@id\":\"https:\\\/\\\/velesnails.pl\\\/product\\\/jednorazowy-podklad-medyczny-serweta-wlokninowa-60-cm-x-50-m-rozowy\\\/\",\"url\":\"https:\\\/\\\/velesnails.pl\\\/product\\\/jednorazowy-podklad-medyczny-serweta-wlokninowa-60-cm-x-50-m-rozowy\\\/\",\"name\":\"Jednorazowy podk\u0142ad medyczny serweta w\u0142\u00f3kninowa 60 cm x 50 m r\u00f3\u017cowy - velesnails\",\"isPartOf\":{\"@id\":\"https:\\\/\\\/velesnails.pl\\\/#website\"},\"primaryImageOfPage\":{\"@id\":\"https:\\\/\\\/velesnails.pl\\\/product\\\/jednorazowy-podklad-medyczny-serweta-wlokninowa-60-cm-x-50-m-rozowy\\\/#primaryimage\"},\"image\":{\"@id\":\"https:\\\/\\\/velesnails.pl\\\/product\\\/jednorazowy-podklad-medyczny-serweta-wlokninowa-60-cm-x-50-m-rozowy\\\/#primaryimage\"},\"thumbnailUrl\":\"https:\\\/\\\/i0.wp.com\\\/velesnails.pl\\\/wp-content\\\/uploads\\\/2025\\\/11\\\/jednorazowy-podklad-medyczny-serweta-wlokninowa-ecohygiene-60-cm-x-50-m-rozowy.jpg?fit=1000%2C1000&ssl=1\",\"datePublished\":\"2025-11-20T09:27:26+00:00\",\"dateModified\":\"2026-03-21T04:39:55+00:00\",\"breadcrumb\":{\"@id\":\"https:\\\/\\\/velesnails.pl\\\/product\\\/jednorazowy-podklad-medyczny-serweta-wlokninowa-60-cm-x-50-m-rozowy\\\/#breadcrumb\"},\"inLanguage\":\"en-GB\",\"potentialAction\":[{\"@type\":\"ReadAction\",\"target\":[\"https:\\\/\\\/velesnails.pl\\\/product\\\/jednorazowy-podklad-medyczny-serweta-wlokninowa-60-cm-x-50-m-rozowy\\\/\"]}]},{\"@type\":\"ImageObject\",\"inLanguage\":\"en-GB\",\"@id\":\"https:\\\/\\\/velesnails.pl\\\/product\\\/jednorazowy-podklad-medyczny-serweta-wlokninowa-60-cm-x-50-m-rozowy\\\/#primaryimage\",\"url\":\"https:\\\/\\\/i0.wp.com\\\/velesnails.pl\\\/wp-content\\\/uploads\\\/2025\\\/11\\\/jednorazowy-podklad-medyczny-serweta-wlokninowa-ecohygiene-60-cm-x-50-m-rozowy.jpg?fit=1000%2C1000&ssl=1\",\"contentUrl\":\"https:\\\/\\\/i0.wp.com\\\/velesnails.pl\\\/wp-content\\\/uploads\\\/2025\\\/11\\\/jednorazowy-podklad-medyczny-serweta-wlokninowa-ecohygiene-60-cm-x-50-m-rozowy.jpg?fit=1000%2C1000&ssl=1\",\"width\":1000,\"height\":1000},{\"@type\":\"BreadcrumbList\",\"@id\":\"https:\\\/\\\/velesnails.pl\\\/product\\\/jednorazowy-podklad-medyczny-serweta-wlokninowa-60-cm-x-50-m-rozowy\\\/#breadcrumb\",\"itemListElement\":[{\"@type\":\"ListItem\",\"position\":1,\"name\":\"\u0413\u043e\u043b\u043e\u0432\u043d\u0430\",\"item\":\"https:\\\/\\\/velesnails.pl\\\/\"},{\"@type\":\"ListItem\",\"position\":2,\"name\":\"Sklep\",\"item\":\"https:\\\/\\\/velesnails.pl\\\/shop\\\/\"},{\"@type\":\"ListItem\",\"position\":3,\"name\":\"Jednorazowy podk\u0142ad medyczny serweta w\u0142\u00f3kninowa 60 cm x 50 m r\u00f3\u017cowy\"}]},{\"@type\":\"WebSite\",\"@id\":\"https:\\\/\\\/velesnails.pl\\\/#website\",\"url\":\"https:\\\/\\\/velesnails.pl\\\/\",\"name\":\"velesnails\",\"description\":\"Sklep z manicure\",\"publisher\":{\"@id\":\"https:\\\/\\\/velesnails.pl\\\/#organization\"},\"potentialAction\":[{\"@type\":\"SearchAction\",\"target\":{\"@type\":\"EntryPoint\",\"urlTemplate\":\"https:\\\/\\\/velesnails.pl\\\/?s={search_term_string}\"},\"query-input\":{\"@type\":\"PropertyValueSpecification\",\"valueRequired\":true,\"valueName\":\"search_term_string\"}}],\"inLanguage\":\"en-GB\"},{\"@type\":\"Organization\",\"@id\":\"https:\\\/\\\/velesnails.pl\\\/#organization\",\"name\":\"velesnails\",\"url\":\"https:\\\/\\\/velesnails.pl\\\/\",\"logo\":{\"@type\":\"ImageObject\",\"inLanguage\":\"en-GB\",\"@id\":\"https:\\\/\\\/velesnails.pl\\\/#\\\/schema\\\/logo\\\/image\\\/\",\"url\":\"https:\\\/\\\/i0.wp.com\\\/velesnails.pl\\\/wp-content\\\/uploads\\\/2025\\\/10\\\/cropped-obraz_viber_2025-10-22_13-55-55-969.jpg?fit=485%2C381&ssl=1\",\"contentUrl\":\"https:\\\/\\\/i0.wp.com\\\/velesnails.pl\\\/wp-content\\\/uploads\\\/2025\\\/10\\\/cropped-obraz_viber_2025-10-22_13-55-55-969.jpg?fit=485%2C381&ssl=1\",\"width\":485,\"height\":381,\"caption\":\"velesnails\"},\"image\":{\"@id\":\"https:\\\/\\\/velesnails.pl\\\/#\\\/schema\\\/logo\\\/image\\\/\"}}]}<\/script>\n<!-- \/ Yoast SEO plugin. -->","yoast_head_json":{"title":"Jednorazowy podk\u0142ad medyczny serweta w\u0142\u00f3kninowa 60 cm x 50 m r\u00f3\u017cowy - velesnails","robots":{"index":"index","follow":"follow","max-snippet":"max-snippet:-1","max-image-preview":"max-image-preview:large","max-video-preview":"max-video-preview:-1"},"canonical":"https:\/\/velesnails.pl\/en\/product\/jednorazowy-podklad-medyczny-serweta-wlokninowa-60-cm-x-50-m-rozowy\/","og_locale":"en_GB","og_type":"article","og_title":"Jednorazowy podk\u0142ad medyczny serweta w\u0142\u00f3kninowa 60 cm x 50 m r\u00f3\u017cowy - velesnails","og_description":"Jednorazowy podk\u0142ad medyczny serweta w\u0142\u00f3kninowa 60 cm x 50 m r\u00f3\u017cowy W profesjonalnych gabinetach medycznych dbanie o higien\u0119 i komfort pacjent\u00f3w podczas bada\u0144 diagnostycznych to priorytet. W\u0142a\u015bnie dlatego\u00a0prze\u015bcierad\u0142o diagnostyczne\u00a0to jeden z podstawowych produkt\u00f3w, kt\u00f3ry powinien znale\u017a\u0107 si\u0119 w ka\u017cdym gabinecie. Dzi\u0119ki niemu mo\u017cliwe jest zapewnienie wysokiej jako\u015bci ochrony zar\u00f3wno dla pacjenta, jak i powierzchni podczas [&hellip;]","og_url":"https:\/\/velesnails.pl\/en\/product\/jednorazowy-podklad-medyczny-serweta-wlokninowa-60-cm-x-50-m-rozowy\/","og_site_name":"velesnails","article_modified_time":"2026-03-21T04:39:55+00:00","og_image":[{"width":1000,"height":1000,"url":"https:\/\/velesnails.pl\/wp-content\/uploads\/2025\/11\/jednorazowy-podklad-medyczny-serweta-wlokninowa-ecohygiene-60-cm-x-50-m-rozowy.jpg","type":"image\/jpeg"}],"twitter_card":"summary_large_image","twitter_misc":{"Estimated reading time":"2 minutes"},"schema":{"@context":"https:\/\/schema.org","@graph":[{"@type":"WebPage","@id":"https:\/\/velesnails.pl\/product\/jednorazowy-podklad-medyczny-serweta-wlokninowa-60-cm-x-50-m-rozowy\/","url":"https:\/\/velesnails.pl\/product\/jednorazowy-podklad-medyczny-serweta-wlokninowa-60-cm-x-50-m-rozowy\/","name":"Jednorazowy podk\u0142ad medyczny serweta w\u0142\u00f3kninowa 60 cm x 50 m r\u00f3\u017cowy - velesnails","isPartOf":{"@id":"https:\/\/velesnails.pl\/#website"},"primaryImageOfPage":{"@id":"https:\/\/velesnails.pl\/product\/jednorazowy-podklad-medyczny-serweta-wlokninowa-60-cm-x-50-m-rozowy\/#primaryimage"},"image":{"@id":"https:\/\/velesnails.pl\/product\/jednorazowy-podklad-medyczny-serweta-wlokninowa-60-cm-x-50-m-rozowy\/#primaryimage"},"thumbnailUrl":"https:\/\/i0.wp.com\/velesnails.pl\/wp-content\/uploads\/2025\/11\/jednorazowy-podklad-medyczny-serweta-wlokninowa-ecohygiene-60-cm-x-50-m-rozowy.jpg?fit=1000%2C1000&ssl=1","datePublished":"2025-11-20T09:27:26+00:00","dateModified":"2026-03-21T04:39:55+00:00","breadcrumb":{"@id":"https:\/\/velesnails.pl\/product\/jednorazowy-podklad-medyczny-serweta-wlokninowa-60-cm-x-50-m-rozowy\/#breadcrumb"},"inLanguage":"en-GB","potentialAction":[{"@type":"ReadAction","target":["https:\/\/velesnails.pl\/product\/jednorazowy-podklad-medyczny-serweta-wlokninowa-60-cm-x-50-m-rozowy\/"]}]},{"@type":"ImageObject","inLanguage":"en-GB","@id":"https:\/\/velesnails.pl\/product\/jednorazowy-podklad-medyczny-serweta-wlokninowa-60-cm-x-50-m-rozowy\/#primaryimage","url":"https:\/\/i0.wp.com\/velesnails.pl\/wp-content\/uploads\/2025\/11\/jednorazowy-podklad-medyczny-serweta-wlokninowa-ecohygiene-60-cm-x-50-m-rozowy.jpg?fit=1000%2C1000&ssl=1","contentUrl":"https:\/\/i0.wp.com\/velesnails.pl\/wp-content\/uploads\/2025\/11\/jednorazowy-podklad-medyczny-serweta-wlokninowa-ecohygiene-60-cm-x-50-m-rozowy.jpg?fit=1000%2C1000&ssl=1","width":1000,"height":1000},{"@type":"BreadcrumbList","@id":"https:\/\/velesnails.pl\/product\/jednorazowy-podklad-medyczny-serweta-wlokninowa-60-cm-x-50-m-rozowy\/#breadcrumb","itemListElement":[{"@type":"ListItem","position":1,"name":"\u0413\u043e\u043b\u043e\u0432\u043d\u0430","item":"https:\/\/velesnails.pl\/"},{"@type":"ListItem","position":2,"name":"Sklep","item":"https:\/\/velesnails.pl\/shop\/"},{"@type":"ListItem","position":3,"name":"Jednorazowy podk\u0142ad medyczny serweta w\u0142\u00f3kninowa 60 cm x 50 m r\u00f3\u017cowy"}]},{"@type":"WebSite","@id":"https:\/\/velesnails.pl\/#website","url":"https:\/\/velesnails.pl\/","name":"velesnails","description":"Manicure shop","publisher":{"@id":"https:\/\/velesnails.pl\/#organization"},"potentialAction":[{"@type":"SearchAction","target":{"@type":"EntryPoint","urlTemplate":"https:\/\/velesnails.pl\/?s={search_term_string}"},"query-input":{"@type":"PropertyValueSpecification","valueRequired":true,"valueName":"search_term_string"}}],"inLanguage":"en-GB"},{"@type":"Organization","@id":"https:\/\/velesnails.pl\/#organization","name":"velesnails","url":"https:\/\/velesnails.pl\/","logo":{"@type":"ImageObject","inLanguage":"en-GB","@id":"https:\/\/velesnails.pl\/#\/schema\/logo\/image\/","url":"https:\/\/i0.wp.com\/velesnails.pl\/wp-content\/uploads\/2025\/10\/cropped-obraz_viber_2025-10-22_13-55-55-969.jpg?fit=485%2C381&ssl=1","contentUrl":"https:\/\/i0.wp.com\/velesnails.pl\/wp-content\/uploads\/2025\/10\/cropped-obraz_viber_2025-10-22_13-55-55-969.jpg?fit=485%2C381&ssl=1","width":485,"height":381,"caption":"velesnails"},"image":{"@id":"https:\/\/velesnails.pl\/#\/schema\/logo\/image\/"}}]}},"_links":{"self":[{"href":"https:\/\/velesnails.pl\/en\/wp-json\/wp\/v2\/product\/7892","targetHints":{"allow":["GET"]}}],"collection":[{"href":"https:\/\/velesnails.pl\/en\/wp-json\/wp\/v2\/product"}],"about":[{"href":"https:\/\/velesnails.pl\/en\/wp-json\/wp\/v2\/types\/product"}],"replies":[{"embeddable":true,"href":"https:\/\/velesnails.pl\/en\/wp-json\/wp\/v2\/comments?post=7892"}],"wp:featuredmedia":[{"embeddable":true,"href":"https:\/\/velesnails.pl\/en\/wp-json\/wp\/v2\/media\/7893"}],"wp:attachment":[{"href":"https:\/\/velesnails.pl\/en\/wp-json\/wp\/v2\/media?parent=7892"}],"wp:term":[{"taxonomy":"product_brand","embeddable":true,"href":"https:\/\/velesnails.pl\/en\/wp-json\/wp\/v2\/product_brand?post=7892"},{"taxonomy":"product_cat","embeddable":true,"href":"https:\/\/velesnails.pl\/en\/wp-json\/wp\/v2\/product_cat?post=7892"},{"taxonomy":"product_tag","embeddable":true,"href":"https:\/\/velesnails.pl\/en\/wp-json\/wp\/v2\/product_tag?post=7892"}],"curies":[{"name":"wp","href":"https:\/\/api.w.org\/{rel}","templated":true}]}}