{"id":7860,"date":"2025-11-05T13:15:00","date_gmt":"2025-11-05T10:15:00","guid":{"rendered":"https:\/\/velesnails.pl\/?post_type=product&#038;p=7860"},"modified":"2026-03-15T16:47:17","modified_gmt":"2026-03-15T13:47:17","slug":"lampa-sun-1-original","status":"publish","type":"product","link":"https:\/\/velesnails.pl\/en\/product\/lampa-sun-1-original\/","title":{"rendered":"Lampa SUN 1 oryginal"},"content":{"rendered":"<div class=\"mpof_ki myre_zn myre_8v_l m389_6m_l\">\n<div class=\"mp4t_16_s mryx_16_s mr3m_1 mli2_1 mh85_56 mh85_0_l\">\n<div class=\"mgn2_16 _0d3bd_am0a-\">\n<h2>SUNONE SUN1 Lampa UV LED 24\/48W Hybrydy \u017bele<\/h2>\n<\/div>\n<\/div>\n<\/div>\n<div class=\"mpof_ki myre_zn myre_8v_l m389_6m_l\">\n<div class=\"mp4t_16_s mryx_16_s mr3m_1 mli2_1 mh85_56 mh85_0_l\">\n<div class=\"mgn2_16 _0d3bd_am0a-\">\n<p>Najnowszej generacji lampa UV\/LED 24W\/48W, kt\u00f3ra szybko i r\u00f3wnomiernie utwardza \u017cele, lakiery hybrydowe i inne preparaty \u015bwiat\u0142outwardzalne. Lampa posiada energooszcz\u0119dne \u017ar\u00f3d\u0142o \u015bwiat\u0142a o du\u017cej mocy i podw\u00f3jnym zakresie fal 365nm i 405nm. Lampa emituje \u015bwiat\u0142o, kt\u00f3re nie m\u0119czy wzroku.<\/p>\n<\/div>\n<\/div>\n<\/div>\n<div class=\"mpof_ki myre_zn myre_8v_l m389_6m_l\">\n<div class=\"mp4t_16_s mryx_16_s mr3m_1 mli2_1 mh85_56 mh85_0_l\">\n<div class=\"mgn2_16 _0d3bd_am0a-\">\n<p>Ergonomiczny kszta\u0142t oraz\u00a0bajeczna \u0142atwo\u015b\u0107 w obs\u0142udze\u00a0to cechy, kt\u00f3re wyr\u00f3\u017cniaj\u0105 t\u0119 lamp\u0119 spo\u015br\u00f3d wielu modeli oferowanych na rynku.<\/p>\n<p>Odkryj lamp\u0119, kt\u00f3ra sprawdzi si\u0119 zar\u00f3wno przy zabiegu manicure jak i pedicure. Lampa b\u0119dzie stanowi\u0142a r\u00f3wnie\u017c\u00a0idealny zakup dla wszystkich os\u00f3b zaczynaj\u0105cych b\u0105d\u017a kontynuuj\u0105cych swoj\u0105 przygod\u0119 z manicure hybrydowym.<\/p>\n<p>Technologia\u00a0dual LED\u00a0sprawia, \u017ce lampa niezawodnie, szybko i r\u00f3wnomiernie utwardza dost\u0119pne na rynku produkty \u015bwiat\u0142outwardzalne. Lampa posiada energooszcz\u0119dne \u017ar\u00f3d\u0142o \u015bwiat\u0142a o du\u017cej mocy i podw\u00f3jnym zakresie fal\u00a0365nm i 405nm.<\/p>\n<p>Lampa posiada\u00a030 diod LED, kt\u00f3re daj\u0105 \u0142\u0105czn\u0105 moc maksymaln\u0105 o warto\u015bci\u00a048 Watt.\u00a0Strategicznie rozmieszczone diody\u00a0sprawi\u0105, \u017ce ka\u017cde miejsce na paznokciu zostanie odpowiednio utwardzone.<\/p>\n<p>W odr\u00f3\u017cnieniu od zwyk\u0142ych lamp UV, nie wymaga ona wymiany \u017car\u00f3wek i jest du\u017co wydajniejsza.<\/p>\n<p>Lampa posiada\u00a0wbudowany sensor ruchu, timer 5, 30, 60 sekund, a po uruchomieniu sensora \u015bwieci nieprzerwanie do 120 sekund.<\/p>\n<\/div>\n<\/div>\n<\/div>\n<div class=\"mpof_ki myre_zn myre_8v_l m389_6m_l\">\n<div class=\"mp4t_16_s mryx_16_s mr3m_1 mli2_1 mh85_56 mh85_0_l\">\n<div class=\"mgn2_16 _0d3bd_am0a-\">\n<p>Domy\u015blnie moc lampy ustawiona jest na 48W, aby j\u0105 zmniejszy\u0107 na 24W nale\u017cy nacisn\u0105\u0107 przycisk ON\/OFF 24W\/48W. Dioda zasygnalizuje prac\u0119 przy u\u017cyciu mocy 24W.<\/p>\n<p>Wielko\u015b\u0107 lampy pozwala na swobodne w\u0142o\u017cenie ca\u0142ej d\u0142oni, bez potrzeby osobnego utwardzania kciuk\u00f3w. Lampa pomie\u015bci r\u00f3wnie\u017c stop\u0119.<\/p>\n<p>Panel dolny lampy jest na magnesy\u00a0i \u0142atwo go odpi\u0105\u0107 do aplikacji pedicure.\u00a0Lustrzany sp\u00f3d\u00a0odbija i rozprasza \u015bwiat\u0142o LED-\u00f3w i dzi\u0119ki temu dociera ono nawet do trudno dost\u0119pnych miejsc, np. przy sk\u00f3rkach. Dzi\u0119ki temu mamy\u00a0pewno\u015b\u0107, \u017ce u\u017cyty lakier hybrydowy czy \u017cel utwardzi si\u0119 nawet w tych najbardziej newralgicznych miejscach. Aby uchroni\u0107 panel oryginalnie zabezpieczony zosta\u0142 on\u00a0niebiesk\u0105 foli\u0105, kt\u00f3r\u0105 nale\u017cy usun\u0105\u0107\u00a0przed pierwszym u\u017cyciem dla uzyskania oczekiwanych efekt\u00f3w.<\/p>\n<p>Wymiary lampy:\u00a020 x 15,7 x 9 cm.<\/p>\n<\/div>\n<\/div>\n<\/div>\n<div class=\"mpof_ki myre_zn myre_8v_l m389_6m_l\">\n<div class=\"mp4t_16_s mryx_16_s mr3m_1 mli2_1 mh85_56 mh85_0_l\">\n<div class=\"mgn2_16 _0d3bd_am0a-\">\n<h2>NAJWA\u017bNIEJSZE PARAMETRY:<\/h2>\n<ul>\n<li><b>Lampa UV\/LED<\/b>\u00a024W\/48W,<\/li>\n<li><b>Zakres fal:<\/b>\u00a0podw\u00f3jny 365nm i 405nm,<\/li>\n<li><b>Technologia dual LED,<\/b><\/li>\n<li><b>Ilo\u015b\u0107 diod:<\/b>\u00a030,<\/li>\n<li><b>Sensor ruchu,<\/b><\/li>\n<li><b>Timer- 5, 30, 60 sekund,<\/b><\/li>\n<li><b>Wymiary lampy:<\/b>\u00a020 x 15,7 x 9 cm.<\/li>\n<\/ul>\n<\/div>\n<\/div>\n<\/div>\n<ul>\n<li>\n<p style=\"margin-top: 0px; margin-bottom: 1rem; line-height: 27px; text-align: justify;\">Gwarancja: 12 miesi\u0119cy<\/p>\n<\/li>\n<\/ul>","protected":false},"excerpt":{"rendered":"<p>SUNONE SUN1 Lampa UV LED 24\/48W Hybrydy \u017bele Najnowszej generacji lampa UV\/LED 24W\/48W, kt\u00f3ra szybko i r\u00f3wnomiernie utwardza \u017cele, lakiery hybrydowe i inne preparaty \u015bwiat\u0142outwardzalne. Lampa posiada energooszcz\u0119dne \u017ar\u00f3d\u0142o \u015bwiat\u0142a o du\u017cej mocy i podw\u00f3jnym zakresie fal 365nm i 405nm. Lampa emituje \u015bwiat\u0142o, kt\u00f3re nie m\u0119czy wzroku. Ergonomiczny kszta\u0142t oraz\u00a0bajeczna \u0142atwo\u015b\u0107 w obs\u0142udze\u00a0to cechy, kt\u00f3re [&hellip;]<\/p>\n","protected":false},"featured_media":7861,"comment_status":"open","ping_status":"closed","template":"","meta":{"om_disable_all_campaigns":false,"ocean_post_layout":"","ocean_both_sidebars_style":"","ocean_both_sidebars_content_width":0,"ocean_both_sidebars_sidebars_width":0,"ocean_sidebar":"0","ocean_second_sidebar":"0","ocean_disable_margins":"enable","ocean_add_body_class":"","ocean_shortcode_before_top_bar":"","ocean_shortcode_after_top_bar":"","ocean_shortcode_before_header":"","ocean_shortcode_after_header":"","ocean_has_shortcode":"","ocean_shortcode_after_title":"","ocean_shortcode_before_footer_widgets":"","ocean_shortcode_after_footer_widgets":"","ocean_shortcode_before_footer_bottom":"","ocean_shortcode_after_footer_bottom":"","ocean_display_top_bar":"default","ocean_display_header":"default","ocean_header_style":"","ocean_center_header_left_menu":"0","ocean_custom_header_template":"0","ocean_custom_logo":0,"ocean_custom_retina_logo":0,"ocean_custom_logo_max_width":0,"ocean_custom_logo_tablet_max_width":0,"ocean_custom_logo_mobile_max_width":0,"ocean_custom_logo_max_height":0,"ocean_custom_logo_tablet_max_height":0,"ocean_custom_logo_mobile_max_height":0,"ocean_header_custom_menu":"0","ocean_menu_typo_font_family":"0","ocean_menu_typo_font_subset":"","ocean_menu_typo_font_size":0,"ocean_menu_typo_font_size_tablet":0,"ocean_menu_typo_font_size_mobile":0,"ocean_menu_typo_font_size_unit":"px","ocean_menu_typo_font_weight":"","ocean_menu_typo_font_weight_tablet":"","ocean_menu_typo_font_weight_mobile":"","ocean_menu_typo_transform":"","ocean_menu_typo_transform_tablet":"","ocean_menu_typo_transform_mobile":"","ocean_menu_typo_line_height":0,"ocean_menu_typo_line_height_tablet":0,"ocean_menu_typo_line_height_mobile":0,"ocean_menu_typo_line_height_unit":"","ocean_menu_typo_spacing":0,"ocean_menu_typo_spacing_tablet":0,"ocean_menu_typo_spacing_mobile":0,"ocean_menu_typo_spacing_unit":"","ocean_menu_link_color":"","ocean_menu_link_color_hover":"","ocean_menu_link_color_active":"","ocean_menu_link_background":"","ocean_menu_link_hover_background":"","ocean_menu_link_active_background":"","ocean_menu_social_links_bg":"","ocean_menu_social_hover_links_bg":"","ocean_menu_social_links_color":"","ocean_menu_social_hover_links_color":"","ocean_disable_title":"default","ocean_disable_heading":"default","ocean_post_title":"","ocean_post_subheading":"","ocean_post_title_style":"","ocean_post_title_background_color":"","ocean_post_title_background":0,"ocean_post_title_bg_image_position":"","ocean_post_title_bg_image_attachment":"","ocean_post_title_bg_image_repeat":"","ocean_post_title_bg_image_size":"","ocean_post_title_height":0,"ocean_post_title_bg_overlay":0.5,"ocean_post_title_bg_overlay_color":"","ocean_disable_breadcrumbs":"default","ocean_breadcrumbs_color":"","ocean_breadcrumbs_separator_color":"","ocean_breadcrumbs_links_color":"","ocean_breadcrumbs_links_hover_color":"","ocean_display_footer_widgets":"default","ocean_display_footer_bottom":"default","ocean_custom_footer_template":"0"},"product_brand":[],"product_cat":[165,59,110,164],"product_tag":[],"class_list":{"0":"post-7860","1":"product","2":"type-product","3":"status-publish","4":"has-post-thumbnail","6":"product_cat-lampy-uw-led","7":"product_cat-misc","8":"product_cat-paznokcie","9":"product_cat-urzadzenia","11":"entry","12":"has-media","14":"first","15":"instock","16":"taxable","17":"shipping-taxable","18":"purchasable","19":"product-type-simple","20":"has-product-nav","21":"col","22":"span_1_of_3","23":"owp-content-center","24":"owp-thumbs-layout-horizontal","25":"owp-btn-normal","26":"owp-tabs-layout-horizontal"},"yoast_head":"<!-- This site is optimized with the Yoast SEO plugin v27.3 - https:\/\/yoast.com\/product\/yoast-seo-wordpress\/ -->\n<title>Lampa SUN 1 oryginal - velesnails<\/title>\n<meta name=\"robots\" content=\"index, follow, max-snippet:-1, max-image-preview:large, max-video-preview:-1\" \/>\n<link rel=\"canonical\" href=\"https:\/\/velesnails.pl\/en\/product\/lampa-sun-1-original\/\" \/>\n<meta property=\"og:locale\" content=\"en_GB\" \/>\n<meta property=\"og:type\" content=\"article\" \/>\n<meta property=\"og:title\" content=\"Lampa SUN 1 oryginal - velesnails\" \/>\n<meta property=\"og:description\" content=\"SUNONE SUN1 Lampa UV LED 24\/48W Hybrydy \u017bele Najnowszej generacji lampa UV\/LED 24W\/48W, kt\u00f3ra szybko i r\u00f3wnomiernie utwardza \u017cele, lakiery hybrydowe i inne preparaty \u015bwiat\u0142outwardzalne. Lampa posiada energooszcz\u0119dne \u017ar\u00f3d\u0142o \u015bwiat\u0142a o du\u017cej mocy i podw\u00f3jnym zakresie fal 365nm i 405nm. Lampa emituje \u015bwiat\u0142o, kt\u00f3re nie m\u0119czy wzroku. Ergonomiczny kszta\u0142t oraz\u00a0bajeczna \u0142atwo\u015b\u0107 w obs\u0142udze\u00a0to cechy, kt\u00f3re [&hellip;]\" \/>\n<meta property=\"og:url\" content=\"https:\/\/velesnails.pl\/en\/product\/lampa-sun-1-original\/\" \/>\n<meta property=\"og:site_name\" content=\"velesnails\" \/>\n<meta property=\"article:modified_time\" content=\"2026-03-15T13:47:17+00:00\" \/>\n<meta property=\"og:image\" content=\"https:\/\/velesnails.pl\/wp-content\/uploads\/2025\/11\/\u0417\u043d\u0456\u043c\u043e\u043a-\u0435\u043a\u0440\u0430\u043d\u0430-2025-11-05-111503.png\" \/>\n\t<meta property=\"og:image:width\" content=\"751\" \/>\n\t<meta property=\"og:image:height\" content=\"740\" \/>\n\t<meta property=\"og:image:type\" content=\"image\/png\" \/>\n<meta name=\"twitter:card\" content=\"summary_large_image\" \/>\n<meta name=\"twitter:label1\" content=\"Estimated reading time\" \/>\n\t<meta name=\"twitter:data1\" content=\"3 minutes\" \/>\n<script type=\"application\/ld+json\" class=\"yoast-schema-graph\">{\"@context\":\"https:\\\/\\\/schema.org\",\"@graph\":[{\"@type\":\"WebPage\",\"@id\":\"https:\\\/\\\/velesnails.pl\\\/product\\\/lampa-sun-1-original\\\/\",\"url\":\"https:\\\/\\\/velesnails.pl\\\/product\\\/lampa-sun-1-original\\\/\",\"name\":\"Lampa SUN 1 oryginal - velesnails\",\"isPartOf\":{\"@id\":\"https:\\\/\\\/velesnails.pl\\\/#website\"},\"primaryImageOfPage\":{\"@id\":\"https:\\\/\\\/velesnails.pl\\\/product\\\/lampa-sun-1-original\\\/#primaryimage\"},\"image\":{\"@id\":\"https:\\\/\\\/velesnails.pl\\\/product\\\/lampa-sun-1-original\\\/#primaryimage\"},\"thumbnailUrl\":\"https:\\\/\\\/i0.wp.com\\\/velesnails.pl\\\/wp-content\\\/uploads\\\/2025\\\/11\\\/%D0%97%D0%BD%D1%96%D0%BC%D0%BE%D0%BA-%D0%B5%D0%BA%D1%80%D0%B0%D0%BD%D0%B0-2025-11-05-111503.png?fit=751%2C740&ssl=1\",\"datePublished\":\"2025-11-05T10:15:00+00:00\",\"dateModified\":\"2026-03-15T13:47:17+00:00\",\"breadcrumb\":{\"@id\":\"https:\\\/\\\/velesnails.pl\\\/product\\\/lampa-sun-1-original\\\/#breadcrumb\"},\"inLanguage\":\"en-GB\",\"potentialAction\":[{\"@type\":\"ReadAction\",\"target\":[\"https:\\\/\\\/velesnails.pl\\\/product\\\/lampa-sun-1-original\\\/\"]}]},{\"@type\":\"ImageObject\",\"inLanguage\":\"en-GB\",\"@id\":\"https:\\\/\\\/velesnails.pl\\\/product\\\/lampa-sun-1-original\\\/#primaryimage\",\"url\":\"https:\\\/\\\/i0.wp.com\\\/velesnails.pl\\\/wp-content\\\/uploads\\\/2025\\\/11\\\/%D0%97%D0%BD%D1%96%D0%BC%D0%BE%D0%BA-%D0%B5%D0%BA%D1%80%D0%B0%D0%BD%D0%B0-2025-11-05-111503.png?fit=751%2C740&ssl=1\",\"contentUrl\":\"https:\\\/\\\/i0.wp.com\\\/velesnails.pl\\\/wp-content\\\/uploads\\\/2025\\\/11\\\/%D0%97%D0%BD%D1%96%D0%BC%D0%BE%D0%BA-%D0%B5%D0%BA%D1%80%D0%B0%D0%BD%D0%B0-2025-11-05-111503.png?fit=751%2C740&ssl=1\",\"width\":751,\"height\":740},{\"@type\":\"BreadcrumbList\",\"@id\":\"https:\\\/\\\/velesnails.pl\\\/product\\\/lampa-sun-1-original\\\/#breadcrumb\",\"itemListElement\":[{\"@type\":\"ListItem\",\"position\":1,\"name\":\"\u0413\u043e\u043b\u043e\u0432\u043d\u0430\",\"item\":\"https:\\\/\\\/velesnails.pl\\\/\"},{\"@type\":\"ListItem\",\"position\":2,\"name\":\"Sklep\",\"item\":\"https:\\\/\\\/velesnails.pl\\\/shop\\\/\"},{\"@type\":\"ListItem\",\"position\":3,\"name\":\"Lampa SUN 1 oryginal\"}]},{\"@type\":\"WebSite\",\"@id\":\"https:\\\/\\\/velesnails.pl\\\/#website\",\"url\":\"https:\\\/\\\/velesnails.pl\\\/\",\"name\":\"velesnails\",\"description\":\"Sklep z manicure\",\"publisher\":{\"@id\":\"https:\\\/\\\/velesnails.pl\\\/#organization\"},\"potentialAction\":[{\"@type\":\"SearchAction\",\"target\":{\"@type\":\"EntryPoint\",\"urlTemplate\":\"https:\\\/\\\/velesnails.pl\\\/?s={search_term_string}\"},\"query-input\":{\"@type\":\"PropertyValueSpecification\",\"valueRequired\":true,\"valueName\":\"search_term_string\"}}],\"inLanguage\":\"en-GB\"},{\"@type\":\"Organization\",\"@id\":\"https:\\\/\\\/velesnails.pl\\\/#organization\",\"name\":\"velesnails\",\"url\":\"https:\\\/\\\/velesnails.pl\\\/\",\"logo\":{\"@type\":\"ImageObject\",\"inLanguage\":\"en-GB\",\"@id\":\"https:\\\/\\\/velesnails.pl\\\/#\\\/schema\\\/logo\\\/image\\\/\",\"url\":\"https:\\\/\\\/i0.wp.com\\\/velesnails.pl\\\/wp-content\\\/uploads\\\/2025\\\/10\\\/cropped-obraz_viber_2025-10-22_13-55-55-969.jpg?fit=485%2C381&ssl=1\",\"contentUrl\":\"https:\\\/\\\/i0.wp.com\\\/velesnails.pl\\\/wp-content\\\/uploads\\\/2025\\\/10\\\/cropped-obraz_viber_2025-10-22_13-55-55-969.jpg?fit=485%2C381&ssl=1\",\"width\":485,\"height\":381,\"caption\":\"velesnails\"},\"image\":{\"@id\":\"https:\\\/\\\/velesnails.pl\\\/#\\\/schema\\\/logo\\\/image\\\/\"}}]}<\/script>\n<!-- \/ Yoast SEO plugin. -->","yoast_head_json":{"title":"Lampa SUN 1 oryginal - velesnails","robots":{"index":"index","follow":"follow","max-snippet":"max-snippet:-1","max-image-preview":"max-image-preview:large","max-video-preview":"max-video-preview:-1"},"canonical":"https:\/\/velesnails.pl\/en\/product\/lampa-sun-1-original\/","og_locale":"en_GB","og_type":"article","og_title":"Lampa SUN 1 oryginal - velesnails","og_description":"SUNONE SUN1 Lampa UV LED 24\/48W Hybrydy \u017bele Najnowszej generacji lampa UV\/LED 24W\/48W, kt\u00f3ra szybko i r\u00f3wnomiernie utwardza \u017cele, lakiery hybrydowe i inne preparaty \u015bwiat\u0142outwardzalne. Lampa posiada energooszcz\u0119dne \u017ar\u00f3d\u0142o \u015bwiat\u0142a o du\u017cej mocy i podw\u00f3jnym zakresie fal 365nm i 405nm. Lampa emituje \u015bwiat\u0142o, kt\u00f3re nie m\u0119czy wzroku. Ergonomiczny kszta\u0142t oraz\u00a0bajeczna \u0142atwo\u015b\u0107 w obs\u0142udze\u00a0to cechy, kt\u00f3re [&hellip;]","og_url":"https:\/\/velesnails.pl\/en\/product\/lampa-sun-1-original\/","og_site_name":"velesnails","article_modified_time":"2026-03-15T13:47:17+00:00","og_image":[{"width":751,"height":740,"url":"https:\/\/velesnails.pl\/wp-content\/uploads\/2025\/11\/\u0417\u043d\u0456\u043c\u043e\u043a-\u0435\u043a\u0440\u0430\u043d\u0430-2025-11-05-111503.png","type":"image\/png"}],"twitter_card":"summary_large_image","twitter_misc":{"Estimated reading time":"3 minutes"},"schema":{"@context":"https:\/\/schema.org","@graph":[{"@type":"WebPage","@id":"https:\/\/velesnails.pl\/product\/lampa-sun-1-original\/","url":"https:\/\/velesnails.pl\/product\/lampa-sun-1-original\/","name":"Lampa SUN 1 oryginal - velesnails","isPartOf":{"@id":"https:\/\/velesnails.pl\/#website"},"primaryImageOfPage":{"@id":"https:\/\/velesnails.pl\/product\/lampa-sun-1-original\/#primaryimage"},"image":{"@id":"https:\/\/velesnails.pl\/product\/lampa-sun-1-original\/#primaryimage"},"thumbnailUrl":"https:\/\/i0.wp.com\/velesnails.pl\/wp-content\/uploads\/2025\/11\/%D0%97%D0%BD%D1%96%D0%BC%D0%BE%D0%BA-%D0%B5%D0%BA%D1%80%D0%B0%D0%BD%D0%B0-2025-11-05-111503.png?fit=751%2C740&ssl=1","datePublished":"2025-11-05T10:15:00+00:00","dateModified":"2026-03-15T13:47:17+00:00","breadcrumb":{"@id":"https:\/\/velesnails.pl\/product\/lampa-sun-1-original\/#breadcrumb"},"inLanguage":"en-GB","potentialAction":[{"@type":"ReadAction","target":["https:\/\/velesnails.pl\/product\/lampa-sun-1-original\/"]}]},{"@type":"ImageObject","inLanguage":"en-GB","@id":"https:\/\/velesnails.pl\/product\/lampa-sun-1-original\/#primaryimage","url":"https:\/\/i0.wp.com\/velesnails.pl\/wp-content\/uploads\/2025\/11\/%D0%97%D0%BD%D1%96%D0%BC%D0%BE%D0%BA-%D0%B5%D0%BA%D1%80%D0%B0%D0%BD%D0%B0-2025-11-05-111503.png?fit=751%2C740&ssl=1","contentUrl":"https:\/\/i0.wp.com\/velesnails.pl\/wp-content\/uploads\/2025\/11\/%D0%97%D0%BD%D1%96%D0%BC%D0%BE%D0%BA-%D0%B5%D0%BA%D1%80%D0%B0%D0%BD%D0%B0-2025-11-05-111503.png?fit=751%2C740&ssl=1","width":751,"height":740},{"@type":"BreadcrumbList","@id":"https:\/\/velesnails.pl\/product\/lampa-sun-1-original\/#breadcrumb","itemListElement":[{"@type":"ListItem","position":1,"name":"\u0413\u043e\u043b\u043e\u0432\u043d\u0430","item":"https:\/\/velesnails.pl\/"},{"@type":"ListItem","position":2,"name":"Sklep","item":"https:\/\/velesnails.pl\/shop\/"},{"@type":"ListItem","position":3,"name":"Lampa SUN 1 oryginal"}]},{"@type":"WebSite","@id":"https:\/\/velesnails.pl\/#website","url":"https:\/\/velesnails.pl\/","name":"velesnails","description":"Manicure shop","publisher":{"@id":"https:\/\/velesnails.pl\/#organization"},"potentialAction":[{"@type":"SearchAction","target":{"@type":"EntryPoint","urlTemplate":"https:\/\/velesnails.pl\/?s={search_term_string}"},"query-input":{"@type":"PropertyValueSpecification","valueRequired":true,"valueName":"search_term_string"}}],"inLanguage":"en-GB"},{"@type":"Organization","@id":"https:\/\/velesnails.pl\/#organization","name":"velesnails","url":"https:\/\/velesnails.pl\/","logo":{"@type":"ImageObject","inLanguage":"en-GB","@id":"https:\/\/velesnails.pl\/#\/schema\/logo\/image\/","url":"https:\/\/i0.wp.com\/velesnails.pl\/wp-content\/uploads\/2025\/10\/cropped-obraz_viber_2025-10-22_13-55-55-969.jpg?fit=485%2C381&ssl=1","contentUrl":"https:\/\/i0.wp.com\/velesnails.pl\/wp-content\/uploads\/2025\/10\/cropped-obraz_viber_2025-10-22_13-55-55-969.jpg?fit=485%2C381&ssl=1","width":485,"height":381,"caption":"velesnails"},"image":{"@id":"https:\/\/velesnails.pl\/#\/schema\/logo\/image\/"}}]}},"_links":{"self":[{"href":"https:\/\/velesnails.pl\/en\/wp-json\/wp\/v2\/product\/7860","targetHints":{"allow":["GET"]}}],"collection":[{"href":"https:\/\/velesnails.pl\/en\/wp-json\/wp\/v2\/product"}],"about":[{"href":"https:\/\/velesnails.pl\/en\/wp-json\/wp\/v2\/types\/product"}],"replies":[{"embeddable":true,"href":"https:\/\/velesnails.pl\/en\/wp-json\/wp\/v2\/comments?post=7860"}],"wp:featuredmedia":[{"embeddable":true,"href":"https:\/\/velesnails.pl\/en\/wp-json\/wp\/v2\/media\/7861"}],"wp:attachment":[{"href":"https:\/\/velesnails.pl\/en\/wp-json\/wp\/v2\/media?parent=7860"}],"wp:term":[{"taxonomy":"product_brand","embeddable":true,"href":"https:\/\/velesnails.pl\/en\/wp-json\/wp\/v2\/product_brand?post=7860"},{"taxonomy":"product_cat","embeddable":true,"href":"https:\/\/velesnails.pl\/en\/wp-json\/wp\/v2\/product_cat?post=7860"},{"taxonomy":"product_tag","embeddable":true,"href":"https:\/\/velesnails.pl\/en\/wp-json\/wp\/v2\/product_tag?post=7860"}],"curies":[{"name":"wp","href":"https:\/\/api.w.org\/{rel}","templated":true}]}}