{"id":7617,"date":"2025-09-29T15:20:31","date_gmt":"2025-09-29T12:20:31","guid":{"rendered":"https:\/\/velesnails.pl\/?post_type=product&#038;p=7617"},"modified":"2026-03-31T16:39:07","modified_gmt":"2026-03-31T13:39:07","slug":"frezarka-do-paznokci-fx750-clavier-manicure-pedicure-65w-white","status":"publish","type":"product","link":"https:\/\/velesnails.pl\/en\/product\/frezarka-do-paznokci-fx750-clavier-manicure-pedicure-65w-white\/","title":{"rendered":"Frezarka do paznokci FX750 Clavier manicure, pedicure 65W (white)"},"content":{"rendered":"<h2 class=\"wp-block-heading has-text-align-center\">Frezarka FX750 \u2013 Maksymalna precyzja, doskona\u0142y efekt!<\/h2>\n<p><strong>Frezarka do paznokci FX750<\/strong>\u00a0to zaawansowane narz\u0119dzie, kt\u00f3re spe\u0142ni oczekiwania nawet najbardziej wymagaj\u0105cych stylistek. Dzi\u0119ki solidnej\u00a0<strong>mocy 65W<\/strong>, urz\u0105dzenie oferuje niezawodn\u0105 wydajno\u015b\u0107, umo\u017cliwiaj\u0105c prac\u0119 na najwy\u017cszym poziomie precyzji i komfortu. Frezarka osi\u0105ga a\u017c\u00a0<strong>40 000 obrot\u00f3w na minut\u0119<\/strong>, co sprawia, \u017ce idealnie nadaje si\u0119 do r\u00f3\u017cnorodnych zada\u0144, takich jak usuwanie sk\u00f3rek, kszta\u0142towanie p\u0142ytki paznokcia, czy opracowywanie twardych zrogowace\u0144 na stopach.<\/p>\n<p>Funkcjonalno\u015b\u0107\u00a0<strong>frezarki FX750\u00a0<\/strong>dodatkowo podkre\u015bla<strong>\u00a0mo\u017cliwo\u015b\u0107 zmiany kierunku obrot\u00f3w \u2013 zar\u00f3wno w prawo, jak i w lewo.\u00a0<\/strong>Taka opcja jest niezwykle przydatna podczas pracy nad obydwoma r\u0119kami klientki, a tak\u017ce umo\u017cliwia dostosowanie urz\u0105dzenia do indywidualnych technik pracy stylistki paznokci.<\/p>\n<p>W zestawie z frezark\u0105 znajduje si\u0119 kompletny<strong>\u00a0zestaw frez\u00f3w o r\u00f3\u017cnych kszta\u0142tach i gradacjach,<\/strong>\u00a0co pozwala na szerokie zastosowanie \u2013 od delikatnej piel\u0119gnacji naturalnych paznokci po intensywne opracowywanie paznokci \u017celowych i akrylowych.<\/p>\n<p><strong>Frezarka FX750<\/strong>\u00a0charakteryzuje si\u0119\u00a0<strong>ergonomicznym kszta\u0142tem i wygodnym uchwytem<\/strong>, co zmniejsza zm\u0119czenie d\u0142oni podczas d\u0142ugotrwa\u0142ej pracy. Jest to narz\u0119dzie nie tylko funkcjonalne, ale tak\u017ce estetyczne, kt\u00f3re z pewno\u015bci\u0105 doda profesjonalizmu ka\u017cdemu salonowi kosmetycznemu. Dzi\u0119ki swoim zaawansowanym funkcjom i wysokiej jako\u015bci wykonania,<strong>\u00a0frezarka do paznokci FX750\u00a0<\/strong>stanowi doskona\u0142y wyb\u00f3r dla ka\u017cdego, kto pragnie oferowa\u0107 swoim klientom us\u0142ugi na najwy\u017cszym poziomie.<\/p>\n<p><strong>Specyfikacja urz\u0105dzenia<\/strong><\/p>\n<figure class=\"wp-block-table\">\n<table class=\"has-fixed-layout\">\n<tbody>\n<tr>\n<td>typ:<\/td>\n<td><strong>Frezarka do Paznokci<\/strong><\/td>\n<\/tr>\n<tr>\n<td>model:<\/td>\n<td><strong>FX 750<\/strong><\/td>\n<\/tr>\n<tr>\n<td>moc maksymalna:<\/td>\n<td><strong>65 W<\/strong><\/td>\n<\/tr>\n<tr>\n<td>obroty na minut\u0119:<\/td>\n<td><strong>40 000 RPM<\/strong><\/td>\n<\/tr>\n<tr>\n<td>napi\u0119cie wej\u015bciowe:<\/td>\n<td><strong>100-240V AC 50\/60HZ<\/strong>,\u00a0<strong>0.5-1A<\/strong><\/td>\n<\/tr>\n<tr>\n<td>napi\u0119cie wyj\u015bciowe:<\/td>\n<td><strong>DC12V, 2A<\/strong><\/td>\n<\/tr>\n<tr>\n<td>mo\u017cliwo\u015b\u0107 zmiany kierunk\u00f3w<\/td>\n<td><strong>prawo \/ lewo<\/strong><\/td>\n<\/tr>\n<tr>\n<td>sterowanie peda\u0142em<\/td>\n<td><strong>brak<\/strong><\/td>\n<\/tr>\n<tr>\n<td>materia\u0142:<\/td>\n<td><strong>ABS<\/strong><\/td>\n<\/tr>\n<tr>\n<td>d\u0142ugo\u015b\u0107 kabla:<\/td>\n<td><strong>138 cm<\/strong><\/td>\n<\/tr>\n<tr>\n<td>USB<\/td>\n<td><strong>tak<\/strong><\/td>\n<\/tr>\n<tr>\n<td>zawarto\u015b\u0107 zestawu:<\/td>\n<td><strong>baza, r\u0105czka frezuj\u0105ca, kabel, zasilacz, zestaw frez\u00f3w, instrukcja, pude\u0142ko kartonowe<\/strong><\/td>\n<\/tr>\n<\/tbody>\n<\/table>\n<\/figure>\n<p><strong>Ostrze\u017cenia:<\/strong><\/p>\n<p><strong>Uwaga!<\/strong>\u00a0Nie dezynfekujemy sprz\u0119tu poprzez bezpo\u015brednie spryskiwanie. Aby zapewni\u0107 bezpiecze\u0144stwo i trwa\u0142o\u015b\u0107 narz\u0119dzi, stosujemy odpowiednie metody dezynfekcji, zgodnie z zaleceniami producenta.<\/p>\n<ol class=\"wp-block-list\">\n<li>Przed u\u017cyciem przeczytaj uwa\u017cnie instrukcj\u0119 obs\u0142ugi.<\/li>\n<li>Nale\u017cy u\u017cytkowa\u0107 urz\u0105dzenie w pomieszczeniach o temperaturze (5-35 stopni C). U\u017cytkowanie w zbyt wilgotnym b\u0105d\u017a zakurzonym miejscu mo\u017ce spowodowa\u0107 uszkodzenie urz\u0105dzenia.<\/li>\n<li>Ostro\u017cnie wyci\u0105gaj urz\u0105dzenie z pude\u0142ka, nie pozw\u00f3l na upuszczenie na pod\u0142og\u0119.<\/li>\n<li>Nale\u017cy szczeg\u00f3lnie uwa\u017ca\u0107 na r\u0105czk\u0119, upuszczenie jej mo\u017ce spowodowa\u0107 uszkodzenie \u0142o\u017cyska kulkowego lub os\u0142abi\u0107 wytrzyma\u0142o\u015b\u0107 r\u0105czki i frezarki.<\/li>\n<li>Nigdy nie pod\u0142\u0105czaj lub od\u0142\u0105czaj przewodu napi\u0119cia mokrymi r\u0119kami aby unikn\u0105\u0107 pora\u017cenia pr\u0105dem.<\/li>\n<li>Nigdy nie u\u017cywaj urz\u0105dzenia w przypadku uszkodzenia kabla zasilaj\u0105cego \u2013 grozi pora\u017ceniem pr\u0105dem.<\/li>\n<li>CHRONI\u0106 PRZED DZIE\u0106MI!<\/li>\n<\/ol>","protected":false},"excerpt":{"rendered":"<p>Frezarka FX750 \u2013 Maksymalna precyzja, doskona\u0142y efekt! Frezarka do paznokci FX750\u00a0to zaawansowane narz\u0119dzie, kt\u00f3re spe\u0142ni oczekiwania nawet najbardziej wymagaj\u0105cych stylistek. Dzi\u0119ki solidnej\u00a0mocy 65W, urz\u0105dzenie oferuje niezawodn\u0105 wydajno\u015b\u0107, umo\u017cliwiaj\u0105c prac\u0119 na najwy\u017cszym poziomie precyzji i komfortu. Frezarka osi\u0105ga a\u017c\u00a040 000 obrot\u00f3w na minut\u0119, co sprawia, \u017ce idealnie nadaje si\u0119 do r\u00f3\u017cnorodnych zada\u0144, takich jak usuwanie sk\u00f3rek, [&hellip;]<\/p>\n","protected":false},"featured_media":7622,"comment_status":"closed","ping_status":"closed","template":"","meta":{"om_disable_all_campaigns":false,"ocean_post_layout":"","ocean_both_sidebars_style":"","ocean_both_sidebars_content_width":0,"ocean_both_sidebars_sidebars_width":0,"ocean_sidebar":"0","ocean_second_sidebar":"0","ocean_disable_margins":"enable","ocean_add_body_class":"","ocean_shortcode_before_top_bar":"","ocean_shortcode_after_top_bar":"","ocean_shortcode_before_header":"","ocean_shortcode_after_header":"","ocean_has_shortcode":"","ocean_shortcode_after_title":"","ocean_shortcode_before_footer_widgets":"","ocean_shortcode_after_footer_widgets":"","ocean_shortcode_before_footer_bottom":"","ocean_shortcode_after_footer_bottom":"","ocean_display_top_bar":"default","ocean_display_header":"default","ocean_header_style":"","ocean_center_header_left_menu":"0","ocean_custom_header_template":"0","ocean_custom_logo":0,"ocean_custom_retina_logo":0,"ocean_custom_logo_max_width":0,"ocean_custom_logo_tablet_max_width":0,"ocean_custom_logo_mobile_max_width":0,"ocean_custom_logo_max_height":0,"ocean_custom_logo_tablet_max_height":0,"ocean_custom_logo_mobile_max_height":0,"ocean_header_custom_menu":"0","ocean_menu_typo_font_family":"0","ocean_menu_typo_font_subset":"","ocean_menu_typo_font_size":0,"ocean_menu_typo_font_size_tablet":0,"ocean_menu_typo_font_size_mobile":0,"ocean_menu_typo_font_size_unit":"px","ocean_menu_typo_font_weight":"","ocean_menu_typo_font_weight_tablet":"","ocean_menu_typo_font_weight_mobile":"","ocean_menu_typo_transform":"","ocean_menu_typo_transform_tablet":"","ocean_menu_typo_transform_mobile":"","ocean_menu_typo_line_height":0,"ocean_menu_typo_line_height_tablet":0,"ocean_menu_typo_line_height_mobile":0,"ocean_menu_typo_line_height_unit":"","ocean_menu_typo_spacing":0,"ocean_menu_typo_spacing_tablet":0,"ocean_menu_typo_spacing_mobile":0,"ocean_menu_typo_spacing_unit":"","ocean_menu_link_color":"","ocean_menu_link_color_hover":"","ocean_menu_link_color_active":"","ocean_menu_link_background":"","ocean_menu_link_hover_background":"","ocean_menu_link_active_background":"","ocean_menu_social_links_bg":"","ocean_menu_social_hover_links_bg":"","ocean_menu_social_links_color":"","ocean_menu_social_hover_links_color":"","ocean_disable_title":"default","ocean_disable_heading":"default","ocean_post_title":"","ocean_post_subheading":"","ocean_post_title_style":"","ocean_post_title_background_color":"","ocean_post_title_background":0,"ocean_post_title_bg_image_position":"","ocean_post_title_bg_image_attachment":"","ocean_post_title_bg_image_repeat":"","ocean_post_title_bg_image_size":"","ocean_post_title_height":0,"ocean_post_title_bg_overlay":0.5,"ocean_post_title_bg_overlay_color":"","ocean_disable_breadcrumbs":"default","ocean_breadcrumbs_color":"","ocean_breadcrumbs_separator_color":"","ocean_breadcrumbs_links_color":"","ocean_breadcrumbs_links_hover_color":"","ocean_display_footer_widgets":"default","ocean_display_footer_bottom":"default","ocean_custom_footer_template":"0"},"product_brand":[],"product_cat":[190,166,176,110,164],"product_tag":[],"class_list":{"0":"post-7617","1":"product","2":"type-product","3":"status-publish","4":"has-post-thumbnail","6":"product_cat-clavier-1","7":"product_cat-frezarki","8":"product_cat-marki","9":"product_cat-paznokcie","10":"product_cat-urzadzenia","12":"entry","13":"has-media","15":"first","16":"outofstock","17":"taxable","18":"shipping-taxable","19":"purchasable","20":"product-type-simple","21":"has-product-nav","22":"col","23":"span_1_of_3","24":"owp-content-center","25":"owp-thumbs-layout-horizontal","26":"owp-btn-normal","27":"owp-tabs-layout-horizontal"},"yoast_head":"<!-- This site is optimized with the Yoast SEO plugin v27.6 - https:\/\/yoast.com\/product\/yoast-seo-wordpress\/ -->\n<title>Frezarka do paznokci FX750 Clavier manicure, pedicure 65W (white) - velesnails<\/title>\n<meta name=\"robots\" content=\"index, follow, max-snippet:-1, max-image-preview:large, max-video-preview:-1\" \/>\n<link rel=\"canonical\" href=\"https:\/\/velesnails.pl\/en\/product\/frezarka-do-paznokci-fx750-clavier-manicure-pedicure-65w-white\/\" \/>\n<meta property=\"og:locale\" content=\"en_GB\" \/>\n<meta property=\"og:type\" content=\"article\" \/>\n<meta property=\"og:title\" content=\"Frezarka do paznokci FX750 Clavier manicure, pedicure 65W (white) - velesnails\" \/>\n<meta property=\"og:description\" content=\"Frezarka FX750 \u2013 Maksymalna precyzja, doskona\u0142y efekt! Frezarka do paznokci FX750\u00a0to zaawansowane narz\u0119dzie, kt\u00f3re spe\u0142ni oczekiwania nawet najbardziej wymagaj\u0105cych stylistek. Dzi\u0119ki solidnej\u00a0mocy 65W, urz\u0105dzenie oferuje niezawodn\u0105 wydajno\u015b\u0107, umo\u017cliwiaj\u0105c prac\u0119 na najwy\u017cszym poziomie precyzji i komfortu. Frezarka osi\u0105ga a\u017c\u00a040 000 obrot\u00f3w na minut\u0119, co sprawia, \u017ce idealnie nadaje si\u0119 do r\u00f3\u017cnorodnych zada\u0144, takich jak usuwanie sk\u00f3rek, [&hellip;]\" \/>\n<meta property=\"og:url\" content=\"https:\/\/velesnails.pl\/en\/product\/frezarka-do-paznokci-fx750-clavier-manicure-pedicure-65w-white\/\" \/>\n<meta property=\"og:site_name\" content=\"velesnails\" \/>\n<meta property=\"article:modified_time\" content=\"2026-03-31T13:39:07+00:00\" \/>\n<meta property=\"og:image\" content=\"https:\/\/velesnails.pl\/wp-content\/uploads\/2025\/09\/frezarka-do-paznokci-fx750-clavier-manicure-pedic.jpg\" \/>\n\t<meta property=\"og:image:width\" content=\"640\" \/>\n\t<meta property=\"og:image:height\" content=\"641\" \/>\n\t<meta property=\"og:image:type\" content=\"image\/jpeg\" \/>\n<meta name=\"twitter:card\" content=\"summary_large_image\" \/>\n<meta name=\"twitter:label1\" content=\"Estimated reading time\" \/>\n\t<meta name=\"twitter:data1\" content=\"3 minutes\" \/>\n<script type=\"application\/ld+json\" class=\"yoast-schema-graph\">{\"@context\":\"https:\\\/\\\/schema.org\",\"@graph\":[{\"@type\":\"WebPage\",\"@id\":\"https:\\\/\\\/velesnails.pl\\\/product\\\/frezarka-do-paznokci-fx750-clavier-manicure-pedicure-65w-white\\\/\",\"url\":\"https:\\\/\\\/velesnails.pl\\\/product\\\/frezarka-do-paznokci-fx750-clavier-manicure-pedicure-65w-white\\\/\",\"name\":\"Frezarka do paznokci FX750 Clavier manicure, pedicure 65W (white) - velesnails\",\"isPartOf\":{\"@id\":\"https:\\\/\\\/velesnails.pl\\\/#website\"},\"primaryImageOfPage\":{\"@id\":\"https:\\\/\\\/velesnails.pl\\\/product\\\/frezarka-do-paznokci-fx750-clavier-manicure-pedicure-65w-white\\\/#primaryimage\"},\"image\":{\"@id\":\"https:\\\/\\\/velesnails.pl\\\/product\\\/frezarka-do-paznokci-fx750-clavier-manicure-pedicure-65w-white\\\/#primaryimage\"},\"thumbnailUrl\":\"https:\\\/\\\/i0.wp.com\\\/velesnails.pl\\\/wp-content\\\/uploads\\\/2025\\\/09\\\/frezarka-do-paznokci-fx750-clavier-manicure-pedic.jpg?fit=640%2C641&ssl=1\",\"datePublished\":\"2025-09-29T12:20:31+00:00\",\"dateModified\":\"2026-03-31T13:39:07+00:00\",\"breadcrumb\":{\"@id\":\"https:\\\/\\\/velesnails.pl\\\/product\\\/frezarka-do-paznokci-fx750-clavier-manicure-pedicure-65w-white\\\/#breadcrumb\"},\"inLanguage\":\"en-GB\",\"potentialAction\":[{\"@type\":\"ReadAction\",\"target\":[\"https:\\\/\\\/velesnails.pl\\\/product\\\/frezarka-do-paznokci-fx750-clavier-manicure-pedicure-65w-white\\\/\"]}]},{\"@type\":\"ImageObject\",\"inLanguage\":\"en-GB\",\"@id\":\"https:\\\/\\\/velesnails.pl\\\/product\\\/frezarka-do-paznokci-fx750-clavier-manicure-pedicure-65w-white\\\/#primaryimage\",\"url\":\"https:\\\/\\\/i0.wp.com\\\/velesnails.pl\\\/wp-content\\\/uploads\\\/2025\\\/09\\\/frezarka-do-paznokci-fx750-clavier-manicure-pedic.jpg?fit=640%2C641&ssl=1\",\"contentUrl\":\"https:\\\/\\\/i0.wp.com\\\/velesnails.pl\\\/wp-content\\\/uploads\\\/2025\\\/09\\\/frezarka-do-paznokci-fx750-clavier-manicure-pedic.jpg?fit=640%2C641&ssl=1\",\"width\":640,\"height\":641},{\"@type\":\"BreadcrumbList\",\"@id\":\"https:\\\/\\\/velesnails.pl\\\/product\\\/frezarka-do-paznokci-fx750-clavier-manicure-pedicure-65w-white\\\/#breadcrumb\",\"itemListElement\":[{\"@type\":\"ListItem\",\"position\":1,\"name\":\"\u0413\u043e\u043b\u043e\u0432\u043d\u0430\",\"item\":\"https:\\\/\\\/velesnails.pl\\\/\"},{\"@type\":\"ListItem\",\"position\":2,\"name\":\"Sklep\",\"item\":\"https:\\\/\\\/velesnails.pl\\\/shop\\\/\"},{\"@type\":\"ListItem\",\"position\":3,\"name\":\"Frezarka do paznokci FX750 Clavier manicure, pedicure 65W (white)\"}]},{\"@type\":\"WebSite\",\"@id\":\"https:\\\/\\\/velesnails.pl\\\/#website\",\"url\":\"https:\\\/\\\/velesnails.pl\\\/\",\"name\":\"velesnails\",\"description\":\"Sklep z manicure\",\"publisher\":{\"@id\":\"https:\\\/\\\/velesnails.pl\\\/#organization\"},\"potentialAction\":[{\"@type\":\"SearchAction\",\"target\":{\"@type\":\"EntryPoint\",\"urlTemplate\":\"https:\\\/\\\/velesnails.pl\\\/?s={search_term_string}\"},\"query-input\":{\"@type\":\"PropertyValueSpecification\",\"valueRequired\":true,\"valueName\":\"search_term_string\"}}],\"inLanguage\":\"en-GB\"},{\"@type\":\"Organization\",\"@id\":\"https:\\\/\\\/velesnails.pl\\\/#organization\",\"name\":\"velesnails\",\"url\":\"https:\\\/\\\/velesnails.pl\\\/\",\"logo\":{\"@type\":\"ImageObject\",\"inLanguage\":\"en-GB\",\"@id\":\"https:\\\/\\\/velesnails.pl\\\/#\\\/schema\\\/logo\\\/image\\\/\",\"url\":\"https:\\\/\\\/i0.wp.com\\\/velesnails.pl\\\/wp-content\\\/uploads\\\/2025\\\/10\\\/cropped-obraz_viber_2025-10-22_13-55-55-969.jpg?fit=485%2C381&ssl=1\",\"contentUrl\":\"https:\\\/\\\/i0.wp.com\\\/velesnails.pl\\\/wp-content\\\/uploads\\\/2025\\\/10\\\/cropped-obraz_viber_2025-10-22_13-55-55-969.jpg?fit=485%2C381&ssl=1\",\"width\":485,\"height\":381,\"caption\":\"velesnails\"},\"image\":{\"@id\":\"https:\\\/\\\/velesnails.pl\\\/#\\\/schema\\\/logo\\\/image\\\/\"}}]}<\/script>\n<!-- \/ Yoast SEO plugin. -->","yoast_head_json":{"title":"Frezarka do paznokci FX750 Clavier manicure, pedicure 65W (white) - velesnails","robots":{"index":"index","follow":"follow","max-snippet":"max-snippet:-1","max-image-preview":"max-image-preview:large","max-video-preview":"max-video-preview:-1"},"canonical":"https:\/\/velesnails.pl\/en\/product\/frezarka-do-paznokci-fx750-clavier-manicure-pedicure-65w-white\/","og_locale":"en_GB","og_type":"article","og_title":"Frezarka do paznokci FX750 Clavier manicure, pedicure 65W (white) - velesnails","og_description":"Frezarka FX750 \u2013 Maksymalna precyzja, doskona\u0142y efekt! Frezarka do paznokci FX750\u00a0to zaawansowane narz\u0119dzie, kt\u00f3re spe\u0142ni oczekiwania nawet najbardziej wymagaj\u0105cych stylistek. Dzi\u0119ki solidnej\u00a0mocy 65W, urz\u0105dzenie oferuje niezawodn\u0105 wydajno\u015b\u0107, umo\u017cliwiaj\u0105c prac\u0119 na najwy\u017cszym poziomie precyzji i komfortu. Frezarka osi\u0105ga a\u017c\u00a040 000 obrot\u00f3w na minut\u0119, co sprawia, \u017ce idealnie nadaje si\u0119 do r\u00f3\u017cnorodnych zada\u0144, takich jak usuwanie sk\u00f3rek, [&hellip;]","og_url":"https:\/\/velesnails.pl\/en\/product\/frezarka-do-paznokci-fx750-clavier-manicure-pedicure-65w-white\/","og_site_name":"velesnails","article_modified_time":"2026-03-31T13:39:07+00:00","og_image":[{"width":640,"height":641,"url":"https:\/\/velesnails.pl\/wp-content\/uploads\/2025\/09\/frezarka-do-paznokci-fx750-clavier-manicure-pedic.jpg","type":"image\/jpeg"}],"twitter_card":"summary_large_image","twitter_misc":{"Estimated reading time":"3 minutes"},"schema":{"@context":"https:\/\/schema.org","@graph":[{"@type":"WebPage","@id":"https:\/\/velesnails.pl\/product\/frezarka-do-paznokci-fx750-clavier-manicure-pedicure-65w-white\/","url":"https:\/\/velesnails.pl\/product\/frezarka-do-paznokci-fx750-clavier-manicure-pedicure-65w-white\/","name":"Frezarka do paznokci FX750 Clavier manicure, pedicure 65W (white) - velesnails","isPartOf":{"@id":"https:\/\/velesnails.pl\/#website"},"primaryImageOfPage":{"@id":"https:\/\/velesnails.pl\/product\/frezarka-do-paznokci-fx750-clavier-manicure-pedicure-65w-white\/#primaryimage"},"image":{"@id":"https:\/\/velesnails.pl\/product\/frezarka-do-paznokci-fx750-clavier-manicure-pedicure-65w-white\/#primaryimage"},"thumbnailUrl":"https:\/\/i0.wp.com\/velesnails.pl\/wp-content\/uploads\/2025\/09\/frezarka-do-paznokci-fx750-clavier-manicure-pedic.jpg?fit=640%2C641&ssl=1","datePublished":"2025-09-29T12:20:31+00:00","dateModified":"2026-03-31T13:39:07+00:00","breadcrumb":{"@id":"https:\/\/velesnails.pl\/product\/frezarka-do-paznokci-fx750-clavier-manicure-pedicure-65w-white\/#breadcrumb"},"inLanguage":"en-GB","potentialAction":[{"@type":"ReadAction","target":["https:\/\/velesnails.pl\/product\/frezarka-do-paznokci-fx750-clavier-manicure-pedicure-65w-white\/"]}]},{"@type":"ImageObject","inLanguage":"en-GB","@id":"https:\/\/velesnails.pl\/product\/frezarka-do-paznokci-fx750-clavier-manicure-pedicure-65w-white\/#primaryimage","url":"https:\/\/i0.wp.com\/velesnails.pl\/wp-content\/uploads\/2025\/09\/frezarka-do-paznokci-fx750-clavier-manicure-pedic.jpg?fit=640%2C641&ssl=1","contentUrl":"https:\/\/i0.wp.com\/velesnails.pl\/wp-content\/uploads\/2025\/09\/frezarka-do-paznokci-fx750-clavier-manicure-pedic.jpg?fit=640%2C641&ssl=1","width":640,"height":641},{"@type":"BreadcrumbList","@id":"https:\/\/velesnails.pl\/product\/frezarka-do-paznokci-fx750-clavier-manicure-pedicure-65w-white\/#breadcrumb","itemListElement":[{"@type":"ListItem","position":1,"name":"\u0413\u043e\u043b\u043e\u0432\u043d\u0430","item":"https:\/\/velesnails.pl\/"},{"@type":"ListItem","position":2,"name":"Sklep","item":"https:\/\/velesnails.pl\/shop\/"},{"@type":"ListItem","position":3,"name":"Frezarka do paznokci FX750 Clavier manicure, pedicure 65W (white)"}]},{"@type":"WebSite","@id":"https:\/\/velesnails.pl\/#website","url":"https:\/\/velesnails.pl\/","name":"velesnails","description":"Manicure shop","publisher":{"@id":"https:\/\/velesnails.pl\/#organization"},"potentialAction":[{"@type":"SearchAction","target":{"@type":"EntryPoint","urlTemplate":"https:\/\/velesnails.pl\/?s={search_term_string}"},"query-input":{"@type":"PropertyValueSpecification","valueRequired":true,"valueName":"search_term_string"}}],"inLanguage":"en-GB"},{"@type":"Organization","@id":"https:\/\/velesnails.pl\/#organization","name":"velesnails","url":"https:\/\/velesnails.pl\/","logo":{"@type":"ImageObject","inLanguage":"en-GB","@id":"https:\/\/velesnails.pl\/#\/schema\/logo\/image\/","url":"https:\/\/i0.wp.com\/velesnails.pl\/wp-content\/uploads\/2025\/10\/cropped-obraz_viber_2025-10-22_13-55-55-969.jpg?fit=485%2C381&ssl=1","contentUrl":"https:\/\/i0.wp.com\/velesnails.pl\/wp-content\/uploads\/2025\/10\/cropped-obraz_viber_2025-10-22_13-55-55-969.jpg?fit=485%2C381&ssl=1","width":485,"height":381,"caption":"velesnails"},"image":{"@id":"https:\/\/velesnails.pl\/#\/schema\/logo\/image\/"}}]}},"_links":{"self":[{"href":"https:\/\/velesnails.pl\/en\/wp-json\/wp\/v2\/product\/7617","targetHints":{"allow":["GET"]}}],"collection":[{"href":"https:\/\/velesnails.pl\/en\/wp-json\/wp\/v2\/product"}],"about":[{"href":"https:\/\/velesnails.pl\/en\/wp-json\/wp\/v2\/types\/product"}],"replies":[{"embeddable":true,"href":"https:\/\/velesnails.pl\/en\/wp-json\/wp\/v2\/comments?post=7617"}],"wp:featuredmedia":[{"embeddable":true,"href":"https:\/\/velesnails.pl\/en\/wp-json\/wp\/v2\/media\/7622"}],"wp:attachment":[{"href":"https:\/\/velesnails.pl\/en\/wp-json\/wp\/v2\/media?parent=7617"}],"wp:term":[{"taxonomy":"product_brand","embeddable":true,"href":"https:\/\/velesnails.pl\/en\/wp-json\/wp\/v2\/product_brand?post=7617"},{"taxonomy":"product_cat","embeddable":true,"href":"https:\/\/velesnails.pl\/en\/wp-json\/wp\/v2\/product_cat?post=7617"},{"taxonomy":"product_tag","embeddable":true,"href":"https:\/\/velesnails.pl\/en\/wp-json\/wp\/v2\/product_tag?post=7617"}],"curies":[{"name":"wp","href":"https:\/\/api.w.org\/{rel}","templated":true}]}}