{"id":7548,"date":"2025-09-25T16:22:02","date_gmt":"2025-09-25T13:22:02","guid":{"rendered":"https:\/\/velesnails.pl\/?post_type=product&#038;p=7548"},"modified":"2026-02-11T10:53:46","modified_gmt":"2026-02-11T07:53:46","slug":"akrylozel-uv-led-poligel-no1-clear-30ml","status":"publish","type":"product","link":"https:\/\/velesnails.pl\/en\/product\/akrylozel-uv-led-poligel-no1-clear-30ml\/","title":{"rendered":"Akrylo\u017cel UV LED Poligel No1 Clear 30ml"},"content":{"rendered":"<p><strong><em>PoliGel Yoshi<\/em><\/strong><\/p>\n<p>Wyobra\u017a sobie produkt, kt\u00f3ry dzia\u0142a tak, jak tego potrzebujesz \u2013 idealnie wsp\u00f3\u0142pracuje z Twoimi ruchami, daje pe\u0142n\u0105 kontrol\u0119 i zawsze zachwyca efektem. Oto\u00a0<strong>Poligel<\/strong>, akrylo\u017cel nowej generacji. Poligel \u0142\u0105czy w sobie trwa\u0142o\u015b\u0107 akrylu i elastyczno\u015b\u0107 \u017celu, tworz\u0105c baz\u0119 dla paznokci odpornych na wszystko, co przynosi dzie\u0144. Bezwonny i wolny od\u00a0<strong>HEMA i TPO<\/strong>, gwarantuje nie tylko bezpiecze\u0144stwo, ale tak\u017ce przyjemno\u015b\u0107 pracy, bez uczucia lepko\u015bci czy sp\u0142ywania na sk\u00f3rki.<\/p>\n<p>To produkt, kt\u00f3ry dostosowuje si\u0119 do Twojego tempa \u2013 pozwala przed\u0142u\u017cy\u0107 nawet pi\u0119\u0107 paznokci jednocze\u015bnie, nie martwi\u0105c si\u0119 o przemieszczanie. \u0141atwy do formowania, idealny do konstrukcyjnych stylizacji, baby boomera czy klasycznego frencha, daje Ci przestrze\u0144 na kreatywno\u015b\u0107 i perfekcj\u0119 w ka\u017cdym detalu.<\/p>\n<p><strong>Poligel \u2013 bo najlepszy klient na \u015bwiecie zas\u0142uguje na produkt, kt\u00f3ry dor\u00f3wnuje jego oczekiwaniom.<\/strong>\u00a0\u2728<\/p>\n<p>&nbsp;<\/p>\n<h4><em><strong>Dlaczego PoliGel?<\/strong><\/em><\/h4>\n<p><strong>Wytrzyma\u0142y<\/strong>\u00a0\u2013 paznokcie s\u0105 odporne na uszkodzenia.<br \/>\n<strong>\u0141atwy w u\u017cyciu<\/strong>\u00a0\u2013 doskona\u0142y do przed\u0142u\u017cania paznokci, wzmacniania i wyr\u00f3wnywania p\u0142ytki.<br \/>\n<strong>Bezpieczny<\/strong>\u00a0\u2013 wolny od HEMA i TPO.<br \/>\n<strong>Bezwonny<\/strong>\u00a0\u2013 komfortowa aplikacja bez uci\u0105\u017cliwego zapachu.<br \/>\n<strong>Przyjemny w opi\u0142owaniu<\/strong><\/p>\n<p>Poligel mo\u017cna stosowa\u0107 z szablonami Yoshi lub dual formami, a tak\u017ce do tworzenia pi\u0119knych stylizacji, takich jak french \u00a0konstrukcyjny lub konstrukcyjny baby boomer. Mo\u017cliwo\u015bci s\u0105 nieograniczone!<\/p>\n<h3><\/h3>\n<h3>Poli Gel 1 \u2013 Clear<\/h3>\n<p>Absolutna przezroczysto\u015b\u0107 i wszechstronno\u015b\u0107. Idealny do przed\u0142u\u017cania paznokci, konstrukcyjnych stylizacji, zdobie\u0144 typu baby boomer oraz jako baza pod py\u0142ki i folie. Jego czysto\u015b\u0107 pozwala na subtelne podkre\u015blenie naturalnej p\u0142ytki paznokcia lub pe\u0142ne wyeksponowanie zdobie\u0144.<\/p>\n<p><img data-recalc-dims=\"1\" fetchpriority=\"high\" decoding=\"async\" class=\"alignnone size-full wp-image-19545\" src=\"https:\/\/i0.wp.com\/yoshi.com.pl\/wp-content\/uploads\/2025\/05\/5-0-4-5-1.webp?resize=365%2C245&#038;ssl=1\" alt=\"\" width=\"365\" height=\"245\" \/><\/p>\n<p><strong>Przeznaczenie:<\/strong><\/p>\n<ul>\n<li>Uzupe\u0142nienie<\/li>\n<li>Korekta<\/li>\n<li>Przed\u0142u\u017canie<\/li>\n<li>Stylizacje konstrukcyjne<\/li>\n<li>Do uzupe\u0142nienia ubytk\u00f3w w paznokciach<\/li>\n<li>Idealny do podnoszenia paznokci opadaj\u0105cych<\/li>\n<li>\u015awietny do wzmacniania naturalnych paznokci<\/li>\n<\/ul>\n<p><strong>DEDYKOWANY TOP DO WYKO\u0143CZENIA STYLIZACJI: Top Diamond<\/strong><\/p>\n<p><strong>Efekt:<\/strong>\u00a0Transparentny<\/p>\n<p><strong>Pojemno\u015b\u0107:\u00a0<\/strong>30ml<\/p>\n<p><strong>Rozpuszczalny w removerze:<\/strong>\u00a0NIE<\/p>\n<p><strong>Warstwa dyspersyjna:<\/strong>\u00a0TAK<\/p>\n<p><strong>Czas utwardzania:<\/strong>\u00a060s \u2013 90s LED \/ 120s UV<\/p>\n<p><strong>Czas do zacisku:<\/strong>\u00a06s \u2013 10s<\/p>\n<p>Sk\u0142ad:<\/p>\n<p>Crosslinked Acrylic Copolymer, Aliphatic Urethane Methacrylate, Isobornyl Methacrylate, PPG-3 Glyceryl Ether Triacrylate, PPG-5 Methacrylate, Silica Dimethyl Silylate, Hydroxycyclohexyl Phenyl Ketone, Hydroxypropyl Methacrylate, Ethyl Trimethylbenzoyl Phenylphosphinate, Ethyl Methacrylate, Acrylic acid, BHT Hydroquinone, P-Hydroxyanisole, May Contain [+\/-]: CI 19140, CI 15850, CI 60725, CI 77891, CI 77499.<\/p>\n<p>W przypadku uczulenia na kt\u00f3r\u0105kolwiek substancj\u0119 zawart\u0105 w produkcie, mo\u017ce wyst\u0105pi\u0107 reakcja alergiczna.<\/p>\n","protected":false},"excerpt":{"rendered":"<p>PoliGel Yoshi Wyobra\u017a sobie produkt, kt\u00f3ry dzia\u0142a tak, jak tego potrzebujesz \u2013 idealnie wsp\u00f3\u0142pracuje z Twoimi ruchami, daje pe\u0142n\u0105 kontrol\u0119 i zawsze zachwyca efektem. Oto\u00a0Poligel, akrylo\u017cel nowej generacji. Poligel \u0142\u0105czy w sobie trwa\u0142o\u015b\u0107 akrylu i elastyczno\u015b\u0107 \u017celu, tworz\u0105c baz\u0119 dla paznokci odpornych na wszystko, co przynosi dzie\u0144. Bezwonny i wolny od\u00a0HEMA i TPO, gwarantuje nie [&hellip;]<\/p>\n","protected":false},"featured_media":7549,"comment_status":"open","ping_status":"closed","template":"","meta":{"om_disable_all_campaigns":false,"ocean_post_layout":"","ocean_both_sidebars_style":"","ocean_both_sidebars_content_width":0,"ocean_both_sidebars_sidebars_width":0,"ocean_sidebar":"0","ocean_second_sidebar":"0","ocean_disable_margins":"enable","ocean_add_body_class":"","ocean_shortcode_before_top_bar":"","ocean_shortcode_after_top_bar":"","ocean_shortcode_before_header":"","ocean_shortcode_after_header":"","ocean_has_shortcode":"","ocean_shortcode_after_title":"","ocean_shortcode_before_footer_widgets":"","ocean_shortcode_after_footer_widgets":"","ocean_shortcode_before_footer_bottom":"","ocean_shortcode_after_footer_bottom":"","ocean_display_top_bar":"default","ocean_display_header":"default","ocean_header_style":"","ocean_center_header_left_menu":"0","ocean_custom_header_template":"0","ocean_custom_logo":0,"ocean_custom_retina_logo":0,"ocean_custom_logo_max_width":0,"ocean_custom_logo_tablet_max_width":0,"ocean_custom_logo_mobile_max_width":0,"ocean_custom_logo_max_height":0,"ocean_custom_logo_tablet_max_height":0,"ocean_custom_logo_mobile_max_height":0,"ocean_header_custom_menu":"0","ocean_menu_typo_font_family":"0","ocean_menu_typo_font_subset":"","ocean_menu_typo_font_size":0,"ocean_menu_typo_font_size_tablet":0,"ocean_menu_typo_font_size_mobile":0,"ocean_menu_typo_font_size_unit":"px","ocean_menu_typo_font_weight":"","ocean_menu_typo_font_weight_tablet":"","ocean_menu_typo_font_weight_mobile":"","ocean_menu_typo_transform":"","ocean_menu_typo_transform_tablet":"","ocean_menu_typo_transform_mobile":"","ocean_menu_typo_line_height":0,"ocean_menu_typo_line_height_tablet":0,"ocean_menu_typo_line_height_mobile":0,"ocean_menu_typo_line_height_unit":"","ocean_menu_typo_spacing":0,"ocean_menu_typo_spacing_tablet":0,"ocean_menu_typo_spacing_mobile":0,"ocean_menu_typo_spacing_unit":"","ocean_menu_link_color":"","ocean_menu_link_color_hover":"","ocean_menu_link_color_active":"","ocean_menu_link_background":"","ocean_menu_link_hover_background":"","ocean_menu_link_active_background":"","ocean_menu_social_links_bg":"","ocean_menu_social_hover_links_bg":"","ocean_menu_social_links_color":"","ocean_menu_social_hover_links_color":"","ocean_disable_title":"default","ocean_disable_heading":"default","ocean_post_title":"","ocean_post_subheading":"","ocean_post_title_style":"","ocean_post_title_background_color":"","ocean_post_title_background":0,"ocean_post_title_bg_image_position":"","ocean_post_title_bg_image_attachment":"","ocean_post_title_bg_image_repeat":"","ocean_post_title_bg_image_size":"","ocean_post_title_height":0,"ocean_post_title_bg_overlay":0.5,"ocean_post_title_bg_overlay_color":"","ocean_disable_breadcrumbs":"default","ocean_breadcrumbs_color":"","ocean_breadcrumbs_separator_color":"","ocean_breadcrumbs_links_color":"","ocean_breadcrumbs_links_hover_color":"","ocean_display_footer_widgets":"default","ocean_display_footer_bottom":"default","ocean_custom_footer_template":"0"},"product_brand":[],"product_cat":[121,176,110,290,120],"product_tag":[],"class_list":{"0":"post-7548","1":"product","2":"type-product","3":"status-publish","4":"has-post-thumbnail","6":"product_cat-akrylozel-i-akryl","7":"product_cat-marki","8":"product_cat-paznokcie","9":"product_cat-yoshi-2","10":"product_cat-zele-i-akryle","12":"entry","13":"has-media","15":"first","16":"instock","17":"taxable","18":"shipping-taxable","19":"purchasable","20":"product-type-simple","21":"has-product-nav","22":"col","23":"span_1_of_3","24":"owp-content-center","25":"owp-thumbs-layout-horizontal","26":"owp-btn-normal","27":"owp-tabs-layout-horizontal","28":"has-no-thumbnails"},"yoast_head":"<!-- This site is optimized with the Yoast SEO plugin v27.5 - https:\/\/yoast.com\/product\/yoast-seo-wordpress\/ -->\n<title>Akrylo\u017cel UV LED Poligel No1 Clear 30ml - velesnails<\/title>\n<meta name=\"robots\" content=\"index, follow, max-snippet:-1, max-image-preview:large, max-video-preview:-1\" \/>\n<link rel=\"canonical\" href=\"https:\/\/velesnails.pl\/en\/product\/akrylozel-uv-led-poligel-no1-clear-30ml\/\" \/>\n<meta property=\"og:locale\" content=\"en_GB\" \/>\n<meta property=\"og:type\" content=\"article\" \/>\n<meta property=\"og:title\" content=\"Akrylo\u017cel UV LED Poligel No1 Clear 30ml - velesnails\" \/>\n<meta property=\"og:description\" content=\"PoliGel Yoshi Wyobra\u017a sobie produkt, kt\u00f3ry dzia\u0142a tak, jak tego potrzebujesz \u2013 idealnie wsp\u00f3\u0142pracuje z Twoimi ruchami, daje pe\u0142n\u0105 kontrol\u0119 i zawsze zachwyca efektem. Oto\u00a0Poligel, akrylo\u017cel nowej generacji. Poligel \u0142\u0105czy w sobie trwa\u0142o\u015b\u0107 akrylu i elastyczno\u015b\u0107 \u017celu, tworz\u0105c baz\u0119 dla paznokci odpornych na wszystko, co przynosi dzie\u0144. Bezwonny i wolny od\u00a0HEMA i TPO, gwarantuje nie [&hellip;]\" \/>\n<meta property=\"og:url\" content=\"https:\/\/velesnails.pl\/en\/product\/akrylozel-uv-led-poligel-no1-clear-30ml\/\" \/>\n<meta property=\"og:site_name\" content=\"velesnails\" \/>\n<meta property=\"article:modified_time\" content=\"2026-02-11T07:53:46+00:00\" \/>\n<meta property=\"og:image\" content=\"https:\/\/i0.wp.com\/velesnails.pl\/wp-content\/uploads\/2025\/09\/%D0%97%D0%BD%D1%96%D0%BC%D0%BE%D0%BA-%D0%B5%D0%BA%D1%80%D0%B0%D0%BD%D0%B0-2025-09-25-152144.png?fit=788%2C798&ssl=1\" \/>\n\t<meta property=\"og:image:width\" content=\"788\" \/>\n\t<meta property=\"og:image:height\" content=\"798\" \/>\n\t<meta property=\"og:image:type\" content=\"image\/png\" \/>\n<meta name=\"twitter:card\" content=\"summary_large_image\" \/>\n<meta name=\"twitter:label1\" content=\"Estimated reading time\" \/>\n\t<meta name=\"twitter:data1\" content=\"3 minutes\" \/>\n<script type=\"application\/ld+json\" class=\"yoast-schema-graph\">{\"@context\":\"https:\\\/\\\/schema.org\",\"@graph\":[{\"@type\":\"WebPage\",\"@id\":\"https:\\\/\\\/velesnails.pl\\\/product\\\/akrylozel-uv-led-poligel-no1-clear-30ml\\\/\",\"url\":\"https:\\\/\\\/velesnails.pl\\\/product\\\/akrylozel-uv-led-poligel-no1-clear-30ml\\\/\",\"name\":\"Akrylo\u017cel UV LED Poligel No1 Clear 30ml - velesnails\",\"isPartOf\":{\"@id\":\"https:\\\/\\\/velesnails.pl\\\/#website\"},\"primaryImageOfPage\":{\"@id\":\"https:\\\/\\\/velesnails.pl\\\/product\\\/akrylozel-uv-led-poligel-no1-clear-30ml\\\/#primaryimage\"},\"image\":{\"@id\":\"https:\\\/\\\/velesnails.pl\\\/product\\\/akrylozel-uv-led-poligel-no1-clear-30ml\\\/#primaryimage\"},\"thumbnailUrl\":\"https:\\\/\\\/i0.wp.com\\\/velesnails.pl\\\/wp-content\\\/uploads\\\/2025\\\/09\\\/%D0%97%D0%BD%D1%96%D0%BC%D0%BE%D0%BA-%D0%B5%D0%BA%D1%80%D0%B0%D0%BD%D0%B0-2025-09-25-152144.png?fit=788%2C798&ssl=1\",\"datePublished\":\"2025-09-25T13:22:02+00:00\",\"dateModified\":\"2026-02-11T07:53:46+00:00\",\"breadcrumb\":{\"@id\":\"https:\\\/\\\/velesnails.pl\\\/product\\\/akrylozel-uv-led-poligel-no1-clear-30ml\\\/#breadcrumb\"},\"inLanguage\":\"en-GB\",\"potentialAction\":[{\"@type\":\"ReadAction\",\"target\":[\"https:\\\/\\\/velesnails.pl\\\/product\\\/akrylozel-uv-led-poligel-no1-clear-30ml\\\/\"]}]},{\"@type\":\"ImageObject\",\"inLanguage\":\"en-GB\",\"@id\":\"https:\\\/\\\/velesnails.pl\\\/product\\\/akrylozel-uv-led-poligel-no1-clear-30ml\\\/#primaryimage\",\"url\":\"https:\\\/\\\/i0.wp.com\\\/velesnails.pl\\\/wp-content\\\/uploads\\\/2025\\\/09\\\/%D0%97%D0%BD%D1%96%D0%BC%D0%BE%D0%BA-%D0%B5%D0%BA%D1%80%D0%B0%D0%BD%D0%B0-2025-09-25-152144.png?fit=788%2C798&ssl=1\",\"contentUrl\":\"https:\\\/\\\/i0.wp.com\\\/velesnails.pl\\\/wp-content\\\/uploads\\\/2025\\\/09\\\/%D0%97%D0%BD%D1%96%D0%BC%D0%BE%D0%BA-%D0%B5%D0%BA%D1%80%D0%B0%D0%BD%D0%B0-2025-09-25-152144.png?fit=788%2C798&ssl=1\",\"width\":788,\"height\":798,\"caption\":\"#image_title\"},{\"@type\":\"BreadcrumbList\",\"@id\":\"https:\\\/\\\/velesnails.pl\\\/product\\\/akrylozel-uv-led-poligel-no1-clear-30ml\\\/#breadcrumb\",\"itemListElement\":[{\"@type\":\"ListItem\",\"position\":1,\"name\":\"\u0413\u043e\u043b\u043e\u0432\u043d\u0430\",\"item\":\"https:\\\/\\\/velesnails.pl\\\/\"},{\"@type\":\"ListItem\",\"position\":2,\"name\":\"Sklep\",\"item\":\"https:\\\/\\\/velesnails.pl\\\/shop\\\/\"},{\"@type\":\"ListItem\",\"position\":3,\"name\":\"Akrylo\u017cel UV LED Poligel No1 Clear 30ml\"}]},{\"@type\":\"WebSite\",\"@id\":\"https:\\\/\\\/velesnails.pl\\\/#website\",\"url\":\"https:\\\/\\\/velesnails.pl\\\/\",\"name\":\"velesnails\",\"description\":\"Sklep z manicure\",\"publisher\":{\"@id\":\"https:\\\/\\\/velesnails.pl\\\/#organization\"},\"potentialAction\":[{\"@type\":\"SearchAction\",\"target\":{\"@type\":\"EntryPoint\",\"urlTemplate\":\"https:\\\/\\\/velesnails.pl\\\/?s={search_term_string}\"},\"query-input\":{\"@type\":\"PropertyValueSpecification\",\"valueRequired\":true,\"valueName\":\"search_term_string\"}}],\"inLanguage\":\"en-GB\"},{\"@type\":\"Organization\",\"@id\":\"https:\\\/\\\/velesnails.pl\\\/#organization\",\"name\":\"velesnails\",\"url\":\"https:\\\/\\\/velesnails.pl\\\/\",\"logo\":{\"@type\":\"ImageObject\",\"inLanguage\":\"en-GB\",\"@id\":\"https:\\\/\\\/velesnails.pl\\\/#\\\/schema\\\/logo\\\/image\\\/\",\"url\":\"https:\\\/\\\/i0.wp.com\\\/velesnails.pl\\\/wp-content\\\/uploads\\\/2025\\\/10\\\/cropped-obraz_viber_2025-10-22_13-55-55-969.jpg?fit=485%2C381&ssl=1\",\"contentUrl\":\"https:\\\/\\\/i0.wp.com\\\/velesnails.pl\\\/wp-content\\\/uploads\\\/2025\\\/10\\\/cropped-obraz_viber_2025-10-22_13-55-55-969.jpg?fit=485%2C381&ssl=1\",\"width\":485,\"height\":381,\"caption\":\"velesnails\"},\"image\":{\"@id\":\"https:\\\/\\\/velesnails.pl\\\/#\\\/schema\\\/logo\\\/image\\\/\"}}]}<\/script>\n<!-- \/ Yoast SEO plugin. -->","yoast_head_json":{"title":"Akrylo\u017cel UV LED Poligel No1 Clear 30ml - velesnails","robots":{"index":"index","follow":"follow","max-snippet":"max-snippet:-1","max-image-preview":"max-image-preview:large","max-video-preview":"max-video-preview:-1"},"canonical":"https:\/\/velesnails.pl\/en\/product\/akrylozel-uv-led-poligel-no1-clear-30ml\/","og_locale":"en_GB","og_type":"article","og_title":"Akrylo\u017cel UV LED Poligel No1 Clear 30ml - velesnails","og_description":"PoliGel Yoshi Wyobra\u017a sobie produkt, kt\u00f3ry dzia\u0142a tak, jak tego potrzebujesz \u2013 idealnie wsp\u00f3\u0142pracuje z Twoimi ruchami, daje pe\u0142n\u0105 kontrol\u0119 i zawsze zachwyca efektem. Oto\u00a0Poligel, akrylo\u017cel nowej generacji. Poligel \u0142\u0105czy w sobie trwa\u0142o\u015b\u0107 akrylu i elastyczno\u015b\u0107 \u017celu, tworz\u0105c baz\u0119 dla paznokci odpornych na wszystko, co przynosi dzie\u0144. Bezwonny i wolny od\u00a0HEMA i TPO, gwarantuje nie [&hellip;]","og_url":"https:\/\/velesnails.pl\/en\/product\/akrylozel-uv-led-poligel-no1-clear-30ml\/","og_site_name":"velesnails","article_modified_time":"2026-02-11T07:53:46+00:00","og_image":[{"width":788,"height":798,"url":"https:\/\/i0.wp.com\/velesnails.pl\/wp-content\/uploads\/2025\/09\/%D0%97%D0%BD%D1%96%D0%BC%D0%BE%D0%BA-%D0%B5%D0%BA%D1%80%D0%B0%D0%BD%D0%B0-2025-09-25-152144.png?fit=788%2C798&ssl=1","type":"image\/png"}],"twitter_card":"summary_large_image","twitter_misc":{"Estimated reading time":"3 minutes"},"schema":{"@context":"https:\/\/schema.org","@graph":[{"@type":"WebPage","@id":"https:\/\/velesnails.pl\/product\/akrylozel-uv-led-poligel-no1-clear-30ml\/","url":"https:\/\/velesnails.pl\/product\/akrylozel-uv-led-poligel-no1-clear-30ml\/","name":"Akrylo\u017cel UV LED Poligel No1 Clear 30ml - velesnails","isPartOf":{"@id":"https:\/\/velesnails.pl\/#website"},"primaryImageOfPage":{"@id":"https:\/\/velesnails.pl\/product\/akrylozel-uv-led-poligel-no1-clear-30ml\/#primaryimage"},"image":{"@id":"https:\/\/velesnails.pl\/product\/akrylozel-uv-led-poligel-no1-clear-30ml\/#primaryimage"},"thumbnailUrl":"https:\/\/i0.wp.com\/velesnails.pl\/wp-content\/uploads\/2025\/09\/%D0%97%D0%BD%D1%96%D0%BC%D0%BE%D0%BA-%D0%B5%D0%BA%D1%80%D0%B0%D0%BD%D0%B0-2025-09-25-152144.png?fit=788%2C798&ssl=1","datePublished":"2025-09-25T13:22:02+00:00","dateModified":"2026-02-11T07:53:46+00:00","breadcrumb":{"@id":"https:\/\/velesnails.pl\/product\/akrylozel-uv-led-poligel-no1-clear-30ml\/#breadcrumb"},"inLanguage":"en-GB","potentialAction":[{"@type":"ReadAction","target":["https:\/\/velesnails.pl\/product\/akrylozel-uv-led-poligel-no1-clear-30ml\/"]}]},{"@type":"ImageObject","inLanguage":"en-GB","@id":"https:\/\/velesnails.pl\/product\/akrylozel-uv-led-poligel-no1-clear-30ml\/#primaryimage","url":"https:\/\/i0.wp.com\/velesnails.pl\/wp-content\/uploads\/2025\/09\/%D0%97%D0%BD%D1%96%D0%BC%D0%BE%D0%BA-%D0%B5%D0%BA%D1%80%D0%B0%D0%BD%D0%B0-2025-09-25-152144.png?fit=788%2C798&ssl=1","contentUrl":"https:\/\/i0.wp.com\/velesnails.pl\/wp-content\/uploads\/2025\/09\/%D0%97%D0%BD%D1%96%D0%BC%D0%BE%D0%BA-%D0%B5%D0%BA%D1%80%D0%B0%D0%BD%D0%B0-2025-09-25-152144.png?fit=788%2C798&ssl=1","width":788,"height":798,"caption":"#image_title"},{"@type":"BreadcrumbList","@id":"https:\/\/velesnails.pl\/product\/akrylozel-uv-led-poligel-no1-clear-30ml\/#breadcrumb","itemListElement":[{"@type":"ListItem","position":1,"name":"\u0413\u043e\u043b\u043e\u0432\u043d\u0430","item":"https:\/\/velesnails.pl\/"},{"@type":"ListItem","position":2,"name":"Sklep","item":"https:\/\/velesnails.pl\/shop\/"},{"@type":"ListItem","position":3,"name":"Akrylo\u017cel UV LED Poligel No1 Clear 30ml"}]},{"@type":"WebSite","@id":"https:\/\/velesnails.pl\/#website","url":"https:\/\/velesnails.pl\/","name":"velesnails","description":"Manicure shop","publisher":{"@id":"https:\/\/velesnails.pl\/#organization"},"potentialAction":[{"@type":"SearchAction","target":{"@type":"EntryPoint","urlTemplate":"https:\/\/velesnails.pl\/?s={search_term_string}"},"query-input":{"@type":"PropertyValueSpecification","valueRequired":true,"valueName":"search_term_string"}}],"inLanguage":"en-GB"},{"@type":"Organization","@id":"https:\/\/velesnails.pl\/#organization","name":"velesnails","url":"https:\/\/velesnails.pl\/","logo":{"@type":"ImageObject","inLanguage":"en-GB","@id":"https:\/\/velesnails.pl\/#\/schema\/logo\/image\/","url":"https:\/\/i0.wp.com\/velesnails.pl\/wp-content\/uploads\/2025\/10\/cropped-obraz_viber_2025-10-22_13-55-55-969.jpg?fit=485%2C381&ssl=1","contentUrl":"https:\/\/i0.wp.com\/velesnails.pl\/wp-content\/uploads\/2025\/10\/cropped-obraz_viber_2025-10-22_13-55-55-969.jpg?fit=485%2C381&ssl=1","width":485,"height":381,"caption":"velesnails"},"image":{"@id":"https:\/\/velesnails.pl\/#\/schema\/logo\/image\/"}}]}},"_links":{"self":[{"href":"https:\/\/velesnails.pl\/en\/wp-json\/wp\/v2\/product\/7548","targetHints":{"allow":["GET"]}}],"collection":[{"href":"https:\/\/velesnails.pl\/en\/wp-json\/wp\/v2\/product"}],"about":[{"href":"https:\/\/velesnails.pl\/en\/wp-json\/wp\/v2\/types\/product"}],"replies":[{"embeddable":true,"href":"https:\/\/velesnails.pl\/en\/wp-json\/wp\/v2\/comments?post=7548"}],"wp:featuredmedia":[{"embeddable":true,"href":"https:\/\/velesnails.pl\/en\/wp-json\/wp\/v2\/media\/7549"}],"wp:attachment":[{"href":"https:\/\/velesnails.pl\/en\/wp-json\/wp\/v2\/media?parent=7548"}],"wp:term":[{"taxonomy":"product_brand","embeddable":true,"href":"https:\/\/velesnails.pl\/en\/wp-json\/wp\/v2\/product_brand?post=7548"},{"taxonomy":"product_cat","embeddable":true,"href":"https:\/\/velesnails.pl\/en\/wp-json\/wp\/v2\/product_cat?post=7548"},{"taxonomy":"product_tag","embeddable":true,"href":"https:\/\/velesnails.pl\/en\/wp-json\/wp\/v2\/product_tag?post=7548"}],"curies":[{"name":"wp","href":"https:\/\/api.w.org\/{rel}","templated":true}]}}