{"id":7131,"date":"2025-08-04T20:04:48","date_gmt":"2025-08-04T17:04:48","guid":{"rendered":"https:\/\/velesnails.pl\/product\/pochlaniacz-pylu-cyclone-x3\/"},"modified":"2025-09-23T10:44:02","modified_gmt":"2025-09-23T07:44:02","slug":"pochlaniacz-pylu-cyclone-x3","status":"publish","type":"product","link":"https:\/\/velesnails.pl\/en\/product\/pochlaniacz-pylu-cyclone-x3\/","title":{"rendered":"Poch\u0142aniacz py\u0142u CYCLONE X3"},"content":{"rendered":"<p data-start=\"79\" data-end=\"241\"><strong>Profesjonalny, wyj\u0105tkowo mocny poch\u0142aniacz CYCLONE X3 z filtrem HEPA<\/strong><span class=\"Apple-converted-space\">\u00a0<\/span>\u2013 doskonale sprawdzi si\u0119 zar\u00f3wno dla pocz\u0105tkuj\u0105cych, jak i do\u015bwiadczonych stylistek paznokci.<\/p>\n<p data-start=\"243\" data-end=\"320\">\n<p data-start=\"243\" data-end=\"320\">Doskonale poch\u0142ania py\u0142 powstaj\u0105cy podczas przed\u0142u\u017cania i pi\u0142owania paznokci.<\/p>\n<p data-start=\"322\" data-end=\"381\">Moc poch\u0142aniacza \u2013 72 W, pr\u0119dko\u015b\u0107 obrotowa \u2013 4500 obr.\/min.<\/p>\n<p data-start=\"383\" data-end=\"443\">\n<p data-start=\"383\" data-end=\"443\"><strong>Udoskonalony design<\/strong><span class=\"Apple-converted-space\">\u00a0<\/span>dopracowany w najmniejszych szczeg\u00f3\u0142ach:<\/p>\n<ul data-start=\"445\" data-end=\"577\">\n<li data-start=\"445\" data-end=\"519\">\n<p data-start=\"447\" data-end=\"519\">Zaktualizowana kratka ochronna ze zwi\u0119kszon\u0105 powierzchni\u0105 poch\u0142aniania<\/p>\n<\/li>\n<li data-start=\"520\" data-end=\"577\">\n<p data-start=\"522\" data-end=\"577\">Nowy design obudowy z ciekawymi, markowymi elementami<\/p>\n<\/li>\n<\/ul>\n<p data-start=\"579\" data-end=\"699\">\n<p data-start=\"579\" data-end=\"699\">Zespo\u0142owi BUCOS uda\u0142o si\u0119 ulepszy\u0107 wewn\u0119trzn\u0105 architektur\u0119 poch\u0142aniacza, dzi\u0119ki czemu si\u0142a zasysania py\u0142u wzros\u0142a o 10%.<\/p>\n<p data-start=\"701\" data-end=\"1022\">\n<p data-start=\"701\" data-end=\"1022\">Nie zapominajmy, \u017ce g\u0142\u00f3wnym celem poch\u0142aniacza na stanowisku pracy jest minimalizacja szk\u00f3d dla zdrowia stylistki i klienta spowodowanych zanieczyszczeniami wdychanymi podczas zabiegu. Og\u00f3lnie rzecz bior\u0105c, filtr HEPA od dawna ma przewag\u0119 nad workami, a filtr w CYCLONE X3 to absolutny mistrz w ochronie zdrowia stylisty.<\/p>\n<p data-start=\"1024\" data-end=\"1134\">\n<p data-start=\"1024\" data-end=\"1134\">Poch\u0142aniacz wyposa\u017cony jest w nowoczesny filtr w\u0119glowy, kt\u00f3ry mo\u017cna uzna\u0107 za kolejny etap ewolucji tej cz\u0119\u015bci.<\/p>\n<p data-start=\"1136\" data-end=\"1222\">\n<p data-start=\"1136\" data-end=\"1222\">W przeciwie\u0144stwie do zwyk\u0142ych filtr\u00f3w, filtry w\u0119glowe maj\u0105 konstrukcj\u0119 wielowarstwow\u0105.<\/p>\n<p data-start=\"1224\" data-end=\"1339\">\n<p data-start=\"1224\" data-end=\"1339\"><strong>Pierwsza warstwa<\/strong><span class=\"Apple-converted-space\">\u00a0<\/span>odpowiada za oczyszczanie zgrubne \u2013 jej zadaniem jest absorpcja wi\u0119kszych cz\u0105steczek py\u0142u i brudu.<\/p>\n<p data-start=\"1341\" data-end=\"1436\"><strong>Druga warstwa<\/strong><span class=\"Apple-converted-space\">\u00a0<\/span>wykonana jest z cienkiego w\u0142\u00f3kna syntetycznego, kt\u00f3re zatrzymuje drobniejszy py\u0142.<\/p>\n<p data-start=\"1438\" data-end=\"1532\">\n<p data-start=\"1438\" data-end=\"1532\">Konstrukcj\u0119 ko\u0144czy warstwa formowanego w\u0119gla aktywnego \u2013 to ona stanowi g\u0142\u00f3wn\u0105 cech\u0119 i zalet\u0119.<\/p>\n<p data-start=\"1534\" data-end=\"1833\">\n<p data-start=\"1534\" data-end=\"1833\">W\u0119giel jest doskona\u0142ym adsorbentem r\u00f3\u017cnych zwi\u0105zk\u00f3w chemicznych, dzi\u0119ki czemu zatrzymuje i neutralizuje wi\u0119kszo\u015b\u0107 szkodliwych sk\u0142adnik\u00f3w oraz zapach\u00f3w z materia\u0142\u00f3w \u015bcieranych. Dzi\u0119ki temu zapewniony jest wy\u017cszy poziom oczyszczania, a powietrze wdychane przez stylistk\u0119 staje si\u0119 naprawd\u0119 bezpieczne.<\/p>\n<p data-start=\"1835\" data-end=\"1982\">\n<p data-start=\"1835\" data-end=\"1982\">W zestawie z poch\u0142aniaczem znajduj\u0105 si\u0119 tak\u017ce jednorazowe serwetki ochronne, kt\u00f3re zbieraj\u0105 najdrobniejszy py\u0142 i przed\u0142u\u017caj\u0105 \u017cywotno\u015b\u0107 filtra HEPA.<\/p>\n<p data-start=\"1984\" data-end=\"2241\">\n<p data-start=\"1984\" data-end=\"2241\">Obudowa poch\u0142aniacza wykonana jest z odpornego na uderzenia tworzywa sztucznego z bardzo stylow\u0105 nak\u0142adk\u0105 ochronn\u0105 ze stali nierdzewnej. Na spodzie znajduj\u0105 si\u0119 specjalne gumowe n\u00f3\u017cki antypo\u015blizgowe, kt\u00f3re zapewniaj\u0105 stabilne ustawienie na stanowisku pracy.<\/p>\n<p data-start=\"2243\" data-end=\"2324\">\n<p data-start=\"2243\" data-end=\"2324\">Idealna d\u0142ugo\u015b\u0107 przewodu umo\u017cliwia wygodne ustawienie i przesuwanie poch\u0142aniacza.<\/p>\n<p data-start=\"2326\" data-end=\"2613\">\n<p data-start=\"2326\" data-end=\"2613\">G\u0142\u00f3wnym celem projektant\u00f3w by\u0142o stworzenie poch\u0142aniacza cie\u0144szego i bardziej kompaktowego ni\u017c inne modele \u2013 i uda\u0142o im si\u0119 to doskonale. Urz\u0105dzenie jest naprawd\u0119 l\u017cejsze, bardziej ergonomiczne i nie zajmuje du\u017co miejsca. Konstrukcja poch\u0142aniacza zapewnia wygodne u\u0142o\u017cenie d\u0142oni klientki.<\/p>\n<p data-start=\"2615\" data-end=\"2728\">\n<p data-start=\"2615\" data-end=\"2728\">W obudowie znajduje si\u0119 wbudowany port USB, do kt\u00f3rego mo\u017cna pod\u0142\u0105czy\u0107 dodatkowe o\u015bwietlenie lub r\u0105czk\u0119 frezarki.<\/p>\n<p data-start=\"2730\" data-end=\"2868\">\n<p data-start=\"2730\" data-end=\"2868\">Ma trzy poziomy mocy oraz tryb turbo. Po w\u0142\u0105czeniu moc jest p\u0142ynnie regulowana z boku, a poziom widoczny jest dzi\u0119ki wska\u017anikom \u015bwietlnym.<\/p>\n<p data-start=\"2870\" data-end=\"2950\">\n<p data-start=\"2870\" data-end=\"2950\">Otaczaj si\u0119 profesjonalnym i wysokiej jako\u015bci sprz\u0119tem razem z BUCOS INNOVATION!<\/p>\n<p data-start=\"2952\" data-end=\"2978\">\n<p data-start=\"2952\" data-end=\"2978\"><strong>Gwarancja: 24 miesi\u0105ce<\/strong><\/p>\n<p data-start=\"2980\" data-end=\"3030\"><strong>Produkt certyfikowany w Ukrainie i krajach UE!<\/strong><\/p>","protected":false},"excerpt":{"rendered":"<p>Profesjonalny, wyj\u0105tkowo mocny poch\u0142aniacz CYCLONE X3 z filtrem HEPA\u00a0\u2013 doskonale sprawdzi si\u0119 zar\u00f3wno dla pocz\u0105tkuj\u0105cych, jak i do\u015bwiadczonych stylistek paznokci. Doskonale poch\u0142ania py\u0142 powstaj\u0105cy podczas przed\u0142u\u017cania i pi\u0142owania paznokci. Moc poch\u0142aniacza \u2013 72 W, pr\u0119dko\u015b\u0107 obrotowa \u2013 4500 obr.\/min. Udoskonalony design\u00a0dopracowany w najmniejszych szczeg\u00f3\u0142ach: Zaktualizowana kratka ochronna ze zwi\u0119kszon\u0105 powierzchni\u0105 poch\u0142aniania Nowy design obudowy z [&hellip;]<\/p>\n","protected":false},"featured_media":7129,"comment_status":"open","ping_status":"closed","template":"","meta":{"om_disable_all_campaigns":false,"ocean_post_layout":"","ocean_both_sidebars_style":"","ocean_both_sidebars_content_width":0,"ocean_both_sidebars_sidebars_width":0,"ocean_sidebar":"0","ocean_second_sidebar":"0","ocean_disable_margins":"enable","ocean_add_body_class":"","ocean_shortcode_before_top_bar":"","ocean_shortcode_after_top_bar":"","ocean_shortcode_before_header":"","ocean_shortcode_after_header":"","ocean_has_shortcode":"","ocean_shortcode_after_title":"","ocean_shortcode_before_footer_widgets":"","ocean_shortcode_after_footer_widgets":"","ocean_shortcode_before_footer_bottom":"","ocean_shortcode_after_footer_bottom":"","ocean_display_top_bar":"default","ocean_display_header":"default","ocean_header_style":"","ocean_center_header_left_menu":"0","ocean_custom_header_template":"0","ocean_custom_logo":0,"ocean_custom_retina_logo":0,"ocean_custom_logo_max_width":0,"ocean_custom_logo_tablet_max_width":0,"ocean_custom_logo_mobile_max_width":0,"ocean_custom_logo_max_height":0,"ocean_custom_logo_tablet_max_height":0,"ocean_custom_logo_mobile_max_height":0,"ocean_header_custom_menu":"0","ocean_menu_typo_font_family":"0","ocean_menu_typo_font_subset":"","ocean_menu_typo_font_size":0,"ocean_menu_typo_font_size_tablet":0,"ocean_menu_typo_font_size_mobile":0,"ocean_menu_typo_font_size_unit":"px","ocean_menu_typo_font_weight":"","ocean_menu_typo_font_weight_tablet":"","ocean_menu_typo_font_weight_mobile":"","ocean_menu_typo_transform":"","ocean_menu_typo_transform_tablet":"","ocean_menu_typo_transform_mobile":"","ocean_menu_typo_line_height":0,"ocean_menu_typo_line_height_tablet":0,"ocean_menu_typo_line_height_mobile":0,"ocean_menu_typo_line_height_unit":"","ocean_menu_typo_spacing":0,"ocean_menu_typo_spacing_tablet":0,"ocean_menu_typo_spacing_mobile":0,"ocean_menu_typo_spacing_unit":"","ocean_menu_link_color":"","ocean_menu_link_color_hover":"","ocean_menu_link_color_active":"","ocean_menu_link_background":"","ocean_menu_link_hover_background":"","ocean_menu_link_active_background":"","ocean_menu_social_links_bg":"","ocean_menu_social_hover_links_bg":"","ocean_menu_social_links_color":"","ocean_menu_social_hover_links_color":"","ocean_disable_title":"default","ocean_disable_heading":"default","ocean_post_title":"","ocean_post_subheading":"","ocean_post_title_style":"","ocean_post_title_background_color":"","ocean_post_title_background":0,"ocean_post_title_bg_image_position":"","ocean_post_title_bg_image_attachment":"","ocean_post_title_bg_image_repeat":"","ocean_post_title_bg_image_size":"","ocean_post_title_height":0,"ocean_post_title_bg_overlay":0.5,"ocean_post_title_bg_overlay_color":"","ocean_disable_breadcrumbs":"default","ocean_breadcrumbs_color":"","ocean_breadcrumbs_separator_color":"","ocean_breadcrumbs_links_color":"","ocean_breadcrumbs_links_hover_color":"","ocean_display_footer_widgets":"default","ocean_display_footer_bottom":"default","ocean_custom_footer_template":"0"},"product_brand":[],"product_cat":[59,110,167,164],"product_tag":[],"class_list":{"0":"post-7131","1":"product","2":"type-product","3":"status-publish","4":"has-post-thumbnail","6":"product_cat-misc","7":"product_cat-paznokcie","8":"product_cat-pochlaniacze-pylu","9":"product_cat-urzadzenia","11":"entry","12":"has-media","14":"first","15":"outofstock","16":"taxable","17":"shipping-taxable","18":"purchasable","19":"product-type-simple","20":"has-product-nav","21":"col","22":"span_1_of_3","23":"owp-content-center","24":"owp-thumbs-layout-horizontal","25":"owp-btn-normal","26":"owp-tabs-layout-horizontal"},"yoast_head":"<!-- This site is optimized with the Yoast SEO plugin v27.6 - https:\/\/yoast.com\/product\/yoast-seo-wordpress\/ -->\n<title>Poch\u0142aniacz py\u0142u CYCLONE X3 - velesnails<\/title>\n<meta name=\"robots\" content=\"index, follow, max-snippet:-1, max-image-preview:large, max-video-preview:-1\" \/>\n<link rel=\"canonical\" href=\"https:\/\/velesnails.pl\/en\/product\/pochlaniacz-pylu-cyclone-x3\/\" \/>\n<meta property=\"og:locale\" content=\"en_GB\" \/>\n<meta property=\"og:type\" content=\"article\" \/>\n<meta property=\"og:title\" content=\"Poch\u0142aniacz py\u0142u CYCLONE X3 - velesnails\" \/>\n<meta property=\"og:description\" content=\"Profesjonalny, wyj\u0105tkowo mocny poch\u0142aniacz CYCLONE X3 z filtrem HEPA\u00a0\u2013 doskonale sprawdzi si\u0119 zar\u00f3wno dla pocz\u0105tkuj\u0105cych, jak i do\u015bwiadczonych stylistek paznokci. Doskonale poch\u0142ania py\u0142 powstaj\u0105cy podczas przed\u0142u\u017cania i pi\u0142owania paznokci. Moc poch\u0142aniacza \u2013 72 W, pr\u0119dko\u015b\u0107 obrotowa \u2013 4500 obr.\/min. Udoskonalony design\u00a0dopracowany w najmniejszych szczeg\u00f3\u0142ach: Zaktualizowana kratka ochronna ze zwi\u0119kszon\u0105 powierzchni\u0105 poch\u0142aniania Nowy design obudowy z [&hellip;]\" \/>\n<meta property=\"og:url\" content=\"https:\/\/velesnails.pl\/en\/product\/pochlaniacz-pylu-cyclone-x3\/\" \/>\n<meta property=\"og:site_name\" content=\"velesnails\" \/>\n<meta property=\"article:modified_time\" content=\"2025-09-23T07:44:02+00:00\" \/>\n<meta property=\"og:image\" content=\"https:\/\/velesnails.pl\/wp-content\/uploads\/2025\/08\/img_1983-1.jpeg\" \/>\n\t<meta property=\"og:image:width\" content=\"1000\" \/>\n\t<meta property=\"og:image:height\" content=\"1000\" \/>\n\t<meta property=\"og:image:type\" content=\"image\/jpeg\" \/>\n<meta name=\"twitter:card\" content=\"summary_large_image\" \/>\n<meta name=\"twitter:label1\" content=\"Estimated reading time\" \/>\n\t<meta name=\"twitter:data1\" content=\"2 minutes\" \/>\n<script type=\"application\/ld+json\" class=\"yoast-schema-graph\">{\"@context\":\"https:\\\/\\\/schema.org\",\"@graph\":[{\"@type\":\"WebPage\",\"@id\":\"https:\\\/\\\/velesnails.pl\\\/product\\\/pochlaniacz-pylu-cyclone-x3\\\/\",\"url\":\"https:\\\/\\\/velesnails.pl\\\/product\\\/pochlaniacz-pylu-cyclone-x3\\\/\",\"name\":\"Poch\u0142aniacz py\u0142u CYCLONE X3 - velesnails\",\"isPartOf\":{\"@id\":\"https:\\\/\\\/velesnails.pl\\\/#website\"},\"primaryImageOfPage\":{\"@id\":\"https:\\\/\\\/velesnails.pl\\\/product\\\/pochlaniacz-pylu-cyclone-x3\\\/#primaryimage\"},\"image\":{\"@id\":\"https:\\\/\\\/velesnails.pl\\\/product\\\/pochlaniacz-pylu-cyclone-x3\\\/#primaryimage\"},\"thumbnailUrl\":\"https:\\\/\\\/i0.wp.com\\\/velesnails.pl\\\/wp-content\\\/uploads\\\/2025\\\/08\\\/img_1983-1.jpeg?fit=1000%2C1000&ssl=1\",\"datePublished\":\"2025-08-04T17:04:48+00:00\",\"dateModified\":\"2025-09-23T07:44:02+00:00\",\"breadcrumb\":{\"@id\":\"https:\\\/\\\/velesnails.pl\\\/product\\\/pochlaniacz-pylu-cyclone-x3\\\/#breadcrumb\"},\"inLanguage\":\"en-GB\",\"potentialAction\":[{\"@type\":\"ReadAction\",\"target\":[\"https:\\\/\\\/velesnails.pl\\\/product\\\/pochlaniacz-pylu-cyclone-x3\\\/\"]}]},{\"@type\":\"ImageObject\",\"inLanguage\":\"en-GB\",\"@id\":\"https:\\\/\\\/velesnails.pl\\\/product\\\/pochlaniacz-pylu-cyclone-x3\\\/#primaryimage\",\"url\":\"https:\\\/\\\/i0.wp.com\\\/velesnails.pl\\\/wp-content\\\/uploads\\\/2025\\\/08\\\/img_1983-1.jpeg?fit=1000%2C1000&ssl=1\",\"contentUrl\":\"https:\\\/\\\/i0.wp.com\\\/velesnails.pl\\\/wp-content\\\/uploads\\\/2025\\\/08\\\/img_1983-1.jpeg?fit=1000%2C1000&ssl=1\",\"width\":1000,\"height\":1000,\"caption\":\"#image_title\"},{\"@type\":\"BreadcrumbList\",\"@id\":\"https:\\\/\\\/velesnails.pl\\\/product\\\/pochlaniacz-pylu-cyclone-x3\\\/#breadcrumb\",\"itemListElement\":[{\"@type\":\"ListItem\",\"position\":1,\"name\":\"\u0413\u043e\u043b\u043e\u0432\u043d\u0430\",\"item\":\"https:\\\/\\\/velesnails.pl\\\/\"},{\"@type\":\"ListItem\",\"position\":2,\"name\":\"Sklep\",\"item\":\"https:\\\/\\\/velesnails.pl\\\/shop\\\/\"},{\"@type\":\"ListItem\",\"position\":3,\"name\":\"Poch\u0142aniacz py\u0142u CYCLONE X3\"}]},{\"@type\":\"WebSite\",\"@id\":\"https:\\\/\\\/velesnails.pl\\\/#website\",\"url\":\"https:\\\/\\\/velesnails.pl\\\/\",\"name\":\"velesnails\",\"description\":\"Sklep z manicure\",\"publisher\":{\"@id\":\"https:\\\/\\\/velesnails.pl\\\/#organization\"},\"potentialAction\":[{\"@type\":\"SearchAction\",\"target\":{\"@type\":\"EntryPoint\",\"urlTemplate\":\"https:\\\/\\\/velesnails.pl\\\/?s={search_term_string}\"},\"query-input\":{\"@type\":\"PropertyValueSpecification\",\"valueRequired\":true,\"valueName\":\"search_term_string\"}}],\"inLanguage\":\"en-GB\"},{\"@type\":\"Organization\",\"@id\":\"https:\\\/\\\/velesnails.pl\\\/#organization\",\"name\":\"velesnails\",\"url\":\"https:\\\/\\\/velesnails.pl\\\/\",\"logo\":{\"@type\":\"ImageObject\",\"inLanguage\":\"en-GB\",\"@id\":\"https:\\\/\\\/velesnails.pl\\\/#\\\/schema\\\/logo\\\/image\\\/\",\"url\":\"https:\\\/\\\/i0.wp.com\\\/velesnails.pl\\\/wp-content\\\/uploads\\\/2025\\\/10\\\/cropped-obraz_viber_2025-10-22_13-55-55-969.jpg?fit=485%2C381&ssl=1\",\"contentUrl\":\"https:\\\/\\\/i0.wp.com\\\/velesnails.pl\\\/wp-content\\\/uploads\\\/2025\\\/10\\\/cropped-obraz_viber_2025-10-22_13-55-55-969.jpg?fit=485%2C381&ssl=1\",\"width\":485,\"height\":381,\"caption\":\"velesnails\"},\"image\":{\"@id\":\"https:\\\/\\\/velesnails.pl\\\/#\\\/schema\\\/logo\\\/image\\\/\"}}]}<\/script>\n<!-- \/ Yoast SEO plugin. -->","yoast_head_json":{"title":"Poch\u0142aniacz py\u0142u CYCLONE X3 - velesnails","robots":{"index":"index","follow":"follow","max-snippet":"max-snippet:-1","max-image-preview":"max-image-preview:large","max-video-preview":"max-video-preview:-1"},"canonical":"https:\/\/velesnails.pl\/en\/product\/pochlaniacz-pylu-cyclone-x3\/","og_locale":"en_GB","og_type":"article","og_title":"Poch\u0142aniacz py\u0142u CYCLONE X3 - velesnails","og_description":"Profesjonalny, wyj\u0105tkowo mocny poch\u0142aniacz CYCLONE X3 z filtrem HEPA\u00a0\u2013 doskonale sprawdzi si\u0119 zar\u00f3wno dla pocz\u0105tkuj\u0105cych, jak i do\u015bwiadczonych stylistek paznokci. Doskonale poch\u0142ania py\u0142 powstaj\u0105cy podczas przed\u0142u\u017cania i pi\u0142owania paznokci. Moc poch\u0142aniacza \u2013 72 W, pr\u0119dko\u015b\u0107 obrotowa \u2013 4500 obr.\/min. Udoskonalony design\u00a0dopracowany w najmniejszych szczeg\u00f3\u0142ach: Zaktualizowana kratka ochronna ze zwi\u0119kszon\u0105 powierzchni\u0105 poch\u0142aniania Nowy design obudowy z [&hellip;]","og_url":"https:\/\/velesnails.pl\/en\/product\/pochlaniacz-pylu-cyclone-x3\/","og_site_name":"velesnails","article_modified_time":"2025-09-23T07:44:02+00:00","og_image":[{"width":1000,"height":1000,"url":"https:\/\/velesnails.pl\/wp-content\/uploads\/2025\/08\/img_1983-1.jpeg","type":"image\/jpeg"}],"twitter_card":"summary_large_image","twitter_misc":{"Estimated reading time":"2 minutes"},"schema":{"@context":"https:\/\/schema.org","@graph":[{"@type":"WebPage","@id":"https:\/\/velesnails.pl\/product\/pochlaniacz-pylu-cyclone-x3\/","url":"https:\/\/velesnails.pl\/product\/pochlaniacz-pylu-cyclone-x3\/","name":"Poch\u0142aniacz py\u0142u CYCLONE X3 - velesnails","isPartOf":{"@id":"https:\/\/velesnails.pl\/#website"},"primaryImageOfPage":{"@id":"https:\/\/velesnails.pl\/product\/pochlaniacz-pylu-cyclone-x3\/#primaryimage"},"image":{"@id":"https:\/\/velesnails.pl\/product\/pochlaniacz-pylu-cyclone-x3\/#primaryimage"},"thumbnailUrl":"https:\/\/i0.wp.com\/velesnails.pl\/wp-content\/uploads\/2025\/08\/img_1983-1.jpeg?fit=1000%2C1000&ssl=1","datePublished":"2025-08-04T17:04:48+00:00","dateModified":"2025-09-23T07:44:02+00:00","breadcrumb":{"@id":"https:\/\/velesnails.pl\/product\/pochlaniacz-pylu-cyclone-x3\/#breadcrumb"},"inLanguage":"en-GB","potentialAction":[{"@type":"ReadAction","target":["https:\/\/velesnails.pl\/product\/pochlaniacz-pylu-cyclone-x3\/"]}]},{"@type":"ImageObject","inLanguage":"en-GB","@id":"https:\/\/velesnails.pl\/product\/pochlaniacz-pylu-cyclone-x3\/#primaryimage","url":"https:\/\/i0.wp.com\/velesnails.pl\/wp-content\/uploads\/2025\/08\/img_1983-1.jpeg?fit=1000%2C1000&ssl=1","contentUrl":"https:\/\/i0.wp.com\/velesnails.pl\/wp-content\/uploads\/2025\/08\/img_1983-1.jpeg?fit=1000%2C1000&ssl=1","width":1000,"height":1000,"caption":"#image_title"},{"@type":"BreadcrumbList","@id":"https:\/\/velesnails.pl\/product\/pochlaniacz-pylu-cyclone-x3\/#breadcrumb","itemListElement":[{"@type":"ListItem","position":1,"name":"\u0413\u043e\u043b\u043e\u0432\u043d\u0430","item":"https:\/\/velesnails.pl\/"},{"@type":"ListItem","position":2,"name":"Sklep","item":"https:\/\/velesnails.pl\/shop\/"},{"@type":"ListItem","position":3,"name":"Poch\u0142aniacz py\u0142u CYCLONE X3"}]},{"@type":"WebSite","@id":"https:\/\/velesnails.pl\/#website","url":"https:\/\/velesnails.pl\/","name":"velesnails","description":"Manicure shop","publisher":{"@id":"https:\/\/velesnails.pl\/#organization"},"potentialAction":[{"@type":"SearchAction","target":{"@type":"EntryPoint","urlTemplate":"https:\/\/velesnails.pl\/?s={search_term_string}"},"query-input":{"@type":"PropertyValueSpecification","valueRequired":true,"valueName":"search_term_string"}}],"inLanguage":"en-GB"},{"@type":"Organization","@id":"https:\/\/velesnails.pl\/#organization","name":"velesnails","url":"https:\/\/velesnails.pl\/","logo":{"@type":"ImageObject","inLanguage":"en-GB","@id":"https:\/\/velesnails.pl\/#\/schema\/logo\/image\/","url":"https:\/\/i0.wp.com\/velesnails.pl\/wp-content\/uploads\/2025\/10\/cropped-obraz_viber_2025-10-22_13-55-55-969.jpg?fit=485%2C381&ssl=1","contentUrl":"https:\/\/i0.wp.com\/velesnails.pl\/wp-content\/uploads\/2025\/10\/cropped-obraz_viber_2025-10-22_13-55-55-969.jpg?fit=485%2C381&ssl=1","width":485,"height":381,"caption":"velesnails"},"image":{"@id":"https:\/\/velesnails.pl\/#\/schema\/logo\/image\/"}}]}},"_links":{"self":[{"href":"https:\/\/velesnails.pl\/en\/wp-json\/wp\/v2\/product\/7131","targetHints":{"allow":["GET"]}}],"collection":[{"href":"https:\/\/velesnails.pl\/en\/wp-json\/wp\/v2\/product"}],"about":[{"href":"https:\/\/velesnails.pl\/en\/wp-json\/wp\/v2\/types\/product"}],"replies":[{"embeddable":true,"href":"https:\/\/velesnails.pl\/en\/wp-json\/wp\/v2\/comments?post=7131"}],"wp:featuredmedia":[{"embeddable":true,"href":"https:\/\/velesnails.pl\/en\/wp-json\/wp\/v2\/media\/7129"}],"wp:attachment":[{"href":"https:\/\/velesnails.pl\/en\/wp-json\/wp\/v2\/media?parent=7131"}],"wp:term":[{"taxonomy":"product_brand","embeddable":true,"href":"https:\/\/velesnails.pl\/en\/wp-json\/wp\/v2\/product_brand?post=7131"},{"taxonomy":"product_cat","embeddable":true,"href":"https:\/\/velesnails.pl\/en\/wp-json\/wp\/v2\/product_cat?post=7131"},{"taxonomy":"product_tag","embeddable":true,"href":"https:\/\/velesnails.pl\/en\/wp-json\/wp\/v2\/product_tag?post=7131"}],"curies":[{"name":"wp","href":"https:\/\/api.w.org\/{rel}","templated":true}]}}