{"id":6422,"date":"2025-05-16T15:01:17","date_gmt":"2025-05-16T12:01:17","guid":{"rendered":"https:\/\/velesnails.pl\/?post_type=product&#038;p=6422"},"modified":"2026-01-27T15:29:51","modified_gmt":"2026-01-27T12:29:51","slug":"frez-diamentowy-nailsoftheday-plomyk-czerwony-25-x-10-mm","status":"publish","type":"product","link":"https:\/\/velesnails.pl\/en\/product\/frez-diamentowy-nailsoftheday-plomyk-czerwony-25-x-10-mm\/","title":{"rendered":"Frez diamentowy Nailsoftheday &#8211; p\u0142omyk czerwony 2,5 x 10 mm"},"content":{"rendered":"<h2 class=\"def\"><strong class=\"def\">NAILSOFTHEDAY Frez p\u0142omyk &#8211; czerwony diamentowy, 2,5 x 10 mm.<\/strong><\/h2>\n<p class=\"def\">Idealne do obr\u00f3bki sk\u00f3rek, wa\u0142\u00f3w bocznych i wypi\u0142owania zapowietrze\u0144.<\/p>\n<h3 class=\"def\">Charakterystyka diamentowych frez\u00f3w do paznokci Nailsoftheday:<\/h3>\n<ul class=\"def\">\n<li class=\"def\">wysokiej jako\u015bci pow\u0142oka diamentowa;<\/li>\n<li class=\"def\">wytrzymuj\u0105 obr\u00f3bk\u0119 ciepln\u0105 na sucho;<\/li>\n<li class=\"def\">nie rdzewiej\u0105 podczas sterylizacji;<\/li>\n<li class=\"def\">maj\u0105 jednolit\u0105 pow\u0142ok\u0119 diamentow\u0105;<\/li>\n<li class=\"def\">pomagaj\u0105 w dok\u0142adnym i szybkim wykonaniu manicure.<\/li>\n<\/ul>\n<p class=\"def\">Diamentowe frezy do paznokci Nailsoftheday maj\u0105 najbardziej odpowiedni\u0105 ziarnisto\u015b\u0107 do pracy:<\/p>\n<p class=\"def\"><strong class=\"def\">Czerwony\u00a0<\/strong>ma ziarnisto\u015b\u0107 180 grit i nadaje si\u0119 do mi\u0119kkich obszar\u00f3w, naturalnych paznokci i prac wyko\u0144czeniowych.<\/p>\n<p class=\"def\"><strong class=\"def\">Niebieski<\/strong>\u00a0ma ziarnisto\u015b\u0107 120 grit i nadaje si\u0119 do uniwersalnego zastosowania na sk\u00f3rze i naturalnych paznokciach.<\/p>","protected":false},"excerpt":{"rendered":"<p>NAILSOFTHEDAY Frez p\u0142omyk &#8211; czerwony diamentowy, 2,5 x 10 mm. Idealne do obr\u00f3bki sk\u00f3rek, wa\u0142\u00f3w bocznych i wypi\u0142owania zapowietrze\u0144. Charakterystyka diamentowych frez\u00f3w do paznokci Nailsoftheday: wysokiej jako\u015bci pow\u0142oka diamentowa; wytrzymuj\u0105 obr\u00f3bk\u0119 ciepln\u0105 na sucho; nie rdzewiej\u0105 podczas sterylizacji; maj\u0105 jednolit\u0105 pow\u0142ok\u0119 diamentow\u0105; pomagaj\u0105 w dok\u0142adnym i szybkim wykonaniu manicure. Diamentowe frezy do paznokci Nailsoftheday maj\u0105 [&hellip;]<\/p>\n","protected":false},"featured_media":6423,"comment_status":"closed","ping_status":"closed","template":"","meta":{"om_disable_all_campaigns":false,"ocean_post_layout":"","ocean_both_sidebars_style":"","ocean_both_sidebars_content_width":0,"ocean_both_sidebars_sidebars_width":0,"ocean_sidebar":"0","ocean_second_sidebar":"0","ocean_disable_margins":"enable","ocean_add_body_class":"","ocean_shortcode_before_top_bar":"","ocean_shortcode_after_top_bar":"","ocean_shortcode_before_header":"","ocean_shortcode_after_header":"","ocean_has_shortcode":"","ocean_shortcode_after_title":"","ocean_shortcode_before_footer_widgets":"","ocean_shortcode_after_footer_widgets":"","ocean_shortcode_before_footer_bottom":"","ocean_shortcode_after_footer_bottom":"","ocean_display_top_bar":"default","ocean_display_header":"default","ocean_header_style":"","ocean_center_header_left_menu":"0","ocean_custom_header_template":"0","ocean_custom_logo":0,"ocean_custom_retina_logo":0,"ocean_custom_logo_max_width":0,"ocean_custom_logo_tablet_max_width":0,"ocean_custom_logo_mobile_max_width":0,"ocean_custom_logo_max_height":0,"ocean_custom_logo_tablet_max_height":0,"ocean_custom_logo_mobile_max_height":0,"ocean_header_custom_menu":"0","ocean_menu_typo_font_family":"0","ocean_menu_typo_font_subset":"","ocean_menu_typo_font_size":0,"ocean_menu_typo_font_size_tablet":0,"ocean_menu_typo_font_size_mobile":0,"ocean_menu_typo_font_size_unit":"px","ocean_menu_typo_font_weight":"","ocean_menu_typo_font_weight_tablet":"","ocean_menu_typo_font_weight_mobile":"","ocean_menu_typo_transform":"","ocean_menu_typo_transform_tablet":"","ocean_menu_typo_transform_mobile":"","ocean_menu_typo_line_height":0,"ocean_menu_typo_line_height_tablet":0,"ocean_menu_typo_line_height_mobile":0,"ocean_menu_typo_line_height_unit":"","ocean_menu_typo_spacing":0,"ocean_menu_typo_spacing_tablet":0,"ocean_menu_typo_spacing_mobile":0,"ocean_menu_typo_spacing_unit":"","ocean_menu_link_color":"","ocean_menu_link_color_hover":"","ocean_menu_link_color_active":"","ocean_menu_link_background":"","ocean_menu_link_hover_background":"","ocean_menu_link_active_background":"","ocean_menu_social_links_bg":"","ocean_menu_social_hover_links_bg":"","ocean_menu_social_links_color":"","ocean_menu_social_hover_links_color":"","ocean_disable_title":"default","ocean_disable_heading":"default","ocean_post_title":"","ocean_post_subheading":"","ocean_post_title_style":"","ocean_post_title_background_color":"","ocean_post_title_background":0,"ocean_post_title_bg_image_position":"","ocean_post_title_bg_image_attachment":"","ocean_post_title_bg_image_repeat":"","ocean_post_title_bg_image_size":"","ocean_post_title_height":0,"ocean_post_title_bg_overlay":0.5,"ocean_post_title_bg_overlay_color":"","ocean_disable_breadcrumbs":"default","ocean_breadcrumbs_color":"","ocean_breadcrumbs_separator_color":"","ocean_breadcrumbs_links_color":"","ocean_breadcrumbs_links_hover_color":"","ocean_display_footer_widgets":"default","ocean_display_footer_bottom":"default","ocean_custom_footer_template":"0"},"product_brand":[],"product_cat":[160,158,176,188,110],"product_tag":[],"class_list":{"0":"post-6422","1":"product","2":"type-product","3":"status-publish","4":"has-post-thumbnail","6":"product_cat-diamentowe","7":"product_cat-frezy","8":"product_cat-marki","9":"product_cat-nailsoftheday-1","10":"product_cat-paznokcie","12":"entry","13":"has-media","15":"first","16":"outofstock","17":"taxable","18":"shipping-taxable","19":"purchasable","20":"product-type-simple","21":"has-product-nav","22":"col","23":"span_1_of_3","24":"owp-content-center","25":"owp-thumbs-layout-horizontal","26":"owp-btn-normal","27":"owp-tabs-layout-horizontal","28":"has-no-thumbnails"},"yoast_head":"<!-- This site is optimized with the Yoast SEO plugin v27.5 - https:\/\/yoast.com\/product\/yoast-seo-wordpress\/ -->\n<title>Frez diamentowy Nailsoftheday - p\u0142omyk czerwony 2,5 x 10 mm - velesnails<\/title>\n<meta name=\"robots\" content=\"index, follow, max-snippet:-1, max-image-preview:large, max-video-preview:-1\" \/>\n<link rel=\"canonical\" href=\"https:\/\/velesnails.pl\/en\/product\/frez-diamentowy-nailsoftheday-plomyk-czerwony-25-x-10-mm\/\" \/>\n<meta property=\"og:locale\" content=\"en_GB\" \/>\n<meta property=\"og:type\" content=\"article\" \/>\n<meta property=\"og:title\" content=\"Frez diamentowy Nailsoftheday - p\u0142omyk czerwony 2,5 x 10 mm - velesnails\" \/>\n<meta property=\"og:description\" content=\"NAILSOFTHEDAY Frez p\u0142omyk &#8211; czerwony diamentowy, 2,5 x 10 mm. Idealne do obr\u00f3bki sk\u00f3rek, wa\u0142\u00f3w bocznych i wypi\u0142owania zapowietrze\u0144. Charakterystyka diamentowych frez\u00f3w do paznokci Nailsoftheday: wysokiej jako\u015bci pow\u0142oka diamentowa; wytrzymuj\u0105 obr\u00f3bk\u0119 ciepln\u0105 na sucho; nie rdzewiej\u0105 podczas sterylizacji; maj\u0105 jednolit\u0105 pow\u0142ok\u0119 diamentow\u0105; pomagaj\u0105 w dok\u0142adnym i szybkim wykonaniu manicure. Diamentowe frezy do paznokci Nailsoftheday maj\u0105 [&hellip;]\" \/>\n<meta property=\"og:url\" content=\"https:\/\/velesnails.pl\/en\/product\/frez-diamentowy-nailsoftheday-plomyk-czerwony-25-x-10-mm\/\" \/>\n<meta property=\"og:site_name\" content=\"velesnails\" \/>\n<meta property=\"article:modified_time\" content=\"2026-01-27T12:29:51+00:00\" \/>\n<meta property=\"og:image\" content=\"https:\/\/velesnails.pl\/wp-content\/uploads\/2025\/05\/NAILSOFTHEDAY-frez-diamentowy-plomyk-niebieski-2-5-10-mm_4108_1200-1.jpg\" \/>\n\t<meta property=\"og:image:width\" content=\"1080\" \/>\n\t<meta property=\"og:image:height\" content=\"1080\" \/>\n\t<meta property=\"og:image:type\" content=\"image\/jpeg\" \/>\n<meta name=\"twitter:card\" content=\"summary_large_image\" \/>\n<meta name=\"twitter:label1\" content=\"Estimated reading time\" \/>\n\t<meta name=\"twitter:data1\" content=\"1 minute\" \/>\n<script type=\"application\/ld+json\" class=\"yoast-schema-graph\">{\"@context\":\"https:\\\/\\\/schema.org\",\"@graph\":[{\"@type\":\"WebPage\",\"@id\":\"https:\\\/\\\/velesnails.pl\\\/product\\\/frez-diamentowy-nailsoftheday-plomyk-czerwony-25-x-10-mm\\\/\",\"url\":\"https:\\\/\\\/velesnails.pl\\\/product\\\/frez-diamentowy-nailsoftheday-plomyk-czerwony-25-x-10-mm\\\/\",\"name\":\"Frez diamentowy Nailsoftheday - p\u0142omyk czerwony 2,5 x 10 mm - velesnails\",\"isPartOf\":{\"@id\":\"https:\\\/\\\/velesnails.pl\\\/#website\"},\"primaryImageOfPage\":{\"@id\":\"https:\\\/\\\/velesnails.pl\\\/product\\\/frez-diamentowy-nailsoftheday-plomyk-czerwony-25-x-10-mm\\\/#primaryimage\"},\"image\":{\"@id\":\"https:\\\/\\\/velesnails.pl\\\/product\\\/frez-diamentowy-nailsoftheday-plomyk-czerwony-25-x-10-mm\\\/#primaryimage\"},\"thumbnailUrl\":\"https:\\\/\\\/i0.wp.com\\\/velesnails.pl\\\/wp-content\\\/uploads\\\/2025\\\/05\\\/NAILSOFTHEDAY-frez-diamentowy-plomyk-niebieski-2-5-10-mm_4108_1200-1.jpg?fit=1080%2C1080&ssl=1\",\"datePublished\":\"2025-05-16T12:01:17+00:00\",\"dateModified\":\"2026-01-27T12:29:51+00:00\",\"breadcrumb\":{\"@id\":\"https:\\\/\\\/velesnails.pl\\\/product\\\/frez-diamentowy-nailsoftheday-plomyk-czerwony-25-x-10-mm\\\/#breadcrumb\"},\"inLanguage\":\"en-GB\",\"potentialAction\":[{\"@type\":\"ReadAction\",\"target\":[\"https:\\\/\\\/velesnails.pl\\\/product\\\/frez-diamentowy-nailsoftheday-plomyk-czerwony-25-x-10-mm\\\/\"]}]},{\"@type\":\"ImageObject\",\"inLanguage\":\"en-GB\",\"@id\":\"https:\\\/\\\/velesnails.pl\\\/product\\\/frez-diamentowy-nailsoftheday-plomyk-czerwony-25-x-10-mm\\\/#primaryimage\",\"url\":\"https:\\\/\\\/i0.wp.com\\\/velesnails.pl\\\/wp-content\\\/uploads\\\/2025\\\/05\\\/NAILSOFTHEDAY-frez-diamentowy-plomyk-niebieski-2-5-10-mm_4108_1200-1.jpg?fit=1080%2C1080&ssl=1\",\"contentUrl\":\"https:\\\/\\\/i0.wp.com\\\/velesnails.pl\\\/wp-content\\\/uploads\\\/2025\\\/05\\\/NAILSOFTHEDAY-frez-diamentowy-plomyk-niebieski-2-5-10-mm_4108_1200-1.jpg?fit=1080%2C1080&ssl=1\",\"width\":1080,\"height\":1080},{\"@type\":\"BreadcrumbList\",\"@id\":\"https:\\\/\\\/velesnails.pl\\\/product\\\/frez-diamentowy-nailsoftheday-plomyk-czerwony-25-x-10-mm\\\/#breadcrumb\",\"itemListElement\":[{\"@type\":\"ListItem\",\"position\":1,\"name\":\"\u0413\u043e\u043b\u043e\u0432\u043d\u0430\",\"item\":\"https:\\\/\\\/velesnails.pl\\\/\"},{\"@type\":\"ListItem\",\"position\":2,\"name\":\"Sklep\",\"item\":\"https:\\\/\\\/velesnails.pl\\\/shop\\\/\"},{\"@type\":\"ListItem\",\"position\":3,\"name\":\"Frez diamentowy Nailsoftheday &#8211; p\u0142omyk czerwony 2,5 x 10 mm\"}]},{\"@type\":\"WebSite\",\"@id\":\"https:\\\/\\\/velesnails.pl\\\/#website\",\"url\":\"https:\\\/\\\/velesnails.pl\\\/\",\"name\":\"velesnails\",\"description\":\"Sklep z manicure\",\"publisher\":{\"@id\":\"https:\\\/\\\/velesnails.pl\\\/#organization\"},\"potentialAction\":[{\"@type\":\"SearchAction\",\"target\":{\"@type\":\"EntryPoint\",\"urlTemplate\":\"https:\\\/\\\/velesnails.pl\\\/?s={search_term_string}\"},\"query-input\":{\"@type\":\"PropertyValueSpecification\",\"valueRequired\":true,\"valueName\":\"search_term_string\"}}],\"inLanguage\":\"en-GB\"},{\"@type\":\"Organization\",\"@id\":\"https:\\\/\\\/velesnails.pl\\\/#organization\",\"name\":\"velesnails\",\"url\":\"https:\\\/\\\/velesnails.pl\\\/\",\"logo\":{\"@type\":\"ImageObject\",\"inLanguage\":\"en-GB\",\"@id\":\"https:\\\/\\\/velesnails.pl\\\/#\\\/schema\\\/logo\\\/image\\\/\",\"url\":\"https:\\\/\\\/i0.wp.com\\\/velesnails.pl\\\/wp-content\\\/uploads\\\/2025\\\/10\\\/cropped-obraz_viber_2025-10-22_13-55-55-969.jpg?fit=485%2C381&ssl=1\",\"contentUrl\":\"https:\\\/\\\/i0.wp.com\\\/velesnails.pl\\\/wp-content\\\/uploads\\\/2025\\\/10\\\/cropped-obraz_viber_2025-10-22_13-55-55-969.jpg?fit=485%2C381&ssl=1\",\"width\":485,\"height\":381,\"caption\":\"velesnails\"},\"image\":{\"@id\":\"https:\\\/\\\/velesnails.pl\\\/#\\\/schema\\\/logo\\\/image\\\/\"}}]}<\/script>\n<!-- \/ Yoast SEO plugin. -->","yoast_head_json":{"title":"Frez diamentowy Nailsoftheday - p\u0142omyk czerwony 2,5 x 10 mm - velesnails","robots":{"index":"index","follow":"follow","max-snippet":"max-snippet:-1","max-image-preview":"max-image-preview:large","max-video-preview":"max-video-preview:-1"},"canonical":"https:\/\/velesnails.pl\/en\/product\/frez-diamentowy-nailsoftheday-plomyk-czerwony-25-x-10-mm\/","og_locale":"en_GB","og_type":"article","og_title":"Frez diamentowy Nailsoftheday - p\u0142omyk czerwony 2,5 x 10 mm - velesnails","og_description":"NAILSOFTHEDAY Frez p\u0142omyk &#8211; czerwony diamentowy, 2,5 x 10 mm. Idealne do obr\u00f3bki sk\u00f3rek, wa\u0142\u00f3w bocznych i wypi\u0142owania zapowietrze\u0144. Charakterystyka diamentowych frez\u00f3w do paznokci Nailsoftheday: wysokiej jako\u015bci pow\u0142oka diamentowa; wytrzymuj\u0105 obr\u00f3bk\u0119 ciepln\u0105 na sucho; nie rdzewiej\u0105 podczas sterylizacji; maj\u0105 jednolit\u0105 pow\u0142ok\u0119 diamentow\u0105; pomagaj\u0105 w dok\u0142adnym i szybkim wykonaniu manicure. Diamentowe frezy do paznokci Nailsoftheday maj\u0105 [&hellip;]","og_url":"https:\/\/velesnails.pl\/en\/product\/frez-diamentowy-nailsoftheday-plomyk-czerwony-25-x-10-mm\/","og_site_name":"velesnails","article_modified_time":"2026-01-27T12:29:51+00:00","og_image":[{"width":1080,"height":1080,"url":"https:\/\/velesnails.pl\/wp-content\/uploads\/2025\/05\/NAILSOFTHEDAY-frez-diamentowy-plomyk-niebieski-2-5-10-mm_4108_1200-1.jpg","type":"image\/jpeg"}],"twitter_card":"summary_large_image","twitter_misc":{"Estimated reading time":"1 minute"},"schema":{"@context":"https:\/\/schema.org","@graph":[{"@type":"WebPage","@id":"https:\/\/velesnails.pl\/product\/frez-diamentowy-nailsoftheday-plomyk-czerwony-25-x-10-mm\/","url":"https:\/\/velesnails.pl\/product\/frez-diamentowy-nailsoftheday-plomyk-czerwony-25-x-10-mm\/","name":"Frez diamentowy Nailsoftheday - p\u0142omyk czerwony 2,5 x 10 mm - velesnails","isPartOf":{"@id":"https:\/\/velesnails.pl\/#website"},"primaryImageOfPage":{"@id":"https:\/\/velesnails.pl\/product\/frez-diamentowy-nailsoftheday-plomyk-czerwony-25-x-10-mm\/#primaryimage"},"image":{"@id":"https:\/\/velesnails.pl\/product\/frez-diamentowy-nailsoftheday-plomyk-czerwony-25-x-10-mm\/#primaryimage"},"thumbnailUrl":"https:\/\/i0.wp.com\/velesnails.pl\/wp-content\/uploads\/2025\/05\/NAILSOFTHEDAY-frez-diamentowy-plomyk-niebieski-2-5-10-mm_4108_1200-1.jpg?fit=1080%2C1080&ssl=1","datePublished":"2025-05-16T12:01:17+00:00","dateModified":"2026-01-27T12:29:51+00:00","breadcrumb":{"@id":"https:\/\/velesnails.pl\/product\/frez-diamentowy-nailsoftheday-plomyk-czerwony-25-x-10-mm\/#breadcrumb"},"inLanguage":"en-GB","potentialAction":[{"@type":"ReadAction","target":["https:\/\/velesnails.pl\/product\/frez-diamentowy-nailsoftheday-plomyk-czerwony-25-x-10-mm\/"]}]},{"@type":"ImageObject","inLanguage":"en-GB","@id":"https:\/\/velesnails.pl\/product\/frez-diamentowy-nailsoftheday-plomyk-czerwony-25-x-10-mm\/#primaryimage","url":"https:\/\/i0.wp.com\/velesnails.pl\/wp-content\/uploads\/2025\/05\/NAILSOFTHEDAY-frez-diamentowy-plomyk-niebieski-2-5-10-mm_4108_1200-1.jpg?fit=1080%2C1080&ssl=1","contentUrl":"https:\/\/i0.wp.com\/velesnails.pl\/wp-content\/uploads\/2025\/05\/NAILSOFTHEDAY-frez-diamentowy-plomyk-niebieski-2-5-10-mm_4108_1200-1.jpg?fit=1080%2C1080&ssl=1","width":1080,"height":1080},{"@type":"BreadcrumbList","@id":"https:\/\/velesnails.pl\/product\/frez-diamentowy-nailsoftheday-plomyk-czerwony-25-x-10-mm\/#breadcrumb","itemListElement":[{"@type":"ListItem","position":1,"name":"\u0413\u043e\u043b\u043e\u0432\u043d\u0430","item":"https:\/\/velesnails.pl\/"},{"@type":"ListItem","position":2,"name":"Sklep","item":"https:\/\/velesnails.pl\/shop\/"},{"@type":"ListItem","position":3,"name":"Frez diamentowy Nailsoftheday &#8211; p\u0142omyk czerwony 2,5 x 10 mm"}]},{"@type":"WebSite","@id":"https:\/\/velesnails.pl\/#website","url":"https:\/\/velesnails.pl\/","name":"velesnails","description":"Manicure shop","publisher":{"@id":"https:\/\/velesnails.pl\/#organization"},"potentialAction":[{"@type":"SearchAction","target":{"@type":"EntryPoint","urlTemplate":"https:\/\/velesnails.pl\/?s={search_term_string}"},"query-input":{"@type":"PropertyValueSpecification","valueRequired":true,"valueName":"search_term_string"}}],"inLanguage":"en-GB"},{"@type":"Organization","@id":"https:\/\/velesnails.pl\/#organization","name":"velesnails","url":"https:\/\/velesnails.pl\/","logo":{"@type":"ImageObject","inLanguage":"en-GB","@id":"https:\/\/velesnails.pl\/#\/schema\/logo\/image\/","url":"https:\/\/i0.wp.com\/velesnails.pl\/wp-content\/uploads\/2025\/10\/cropped-obraz_viber_2025-10-22_13-55-55-969.jpg?fit=485%2C381&ssl=1","contentUrl":"https:\/\/i0.wp.com\/velesnails.pl\/wp-content\/uploads\/2025\/10\/cropped-obraz_viber_2025-10-22_13-55-55-969.jpg?fit=485%2C381&ssl=1","width":485,"height":381,"caption":"velesnails"},"image":{"@id":"https:\/\/velesnails.pl\/#\/schema\/logo\/image\/"}}]}},"_links":{"self":[{"href":"https:\/\/velesnails.pl\/en\/wp-json\/wp\/v2\/product\/6422","targetHints":{"allow":["GET"]}}],"collection":[{"href":"https:\/\/velesnails.pl\/en\/wp-json\/wp\/v2\/product"}],"about":[{"href":"https:\/\/velesnails.pl\/en\/wp-json\/wp\/v2\/types\/product"}],"replies":[{"embeddable":true,"href":"https:\/\/velesnails.pl\/en\/wp-json\/wp\/v2\/comments?post=6422"}],"wp:featuredmedia":[{"embeddable":true,"href":"https:\/\/velesnails.pl\/en\/wp-json\/wp\/v2\/media\/6423"}],"wp:attachment":[{"href":"https:\/\/velesnails.pl\/en\/wp-json\/wp\/v2\/media?parent=6422"}],"wp:term":[{"taxonomy":"product_brand","embeddable":true,"href":"https:\/\/velesnails.pl\/en\/wp-json\/wp\/v2\/product_brand?post=6422"},{"taxonomy":"product_cat","embeddable":true,"href":"https:\/\/velesnails.pl\/en\/wp-json\/wp\/v2\/product_cat?post=6422"},{"taxonomy":"product_tag","embeddable":true,"href":"https:\/\/velesnails.pl\/en\/wp-json\/wp\/v2\/product_tag?post=6422"}],"curies":[{"name":"wp","href":"https:\/\/api.w.org\/{rel}","templated":true}]}}