{"id":6303,"date":"2025-04-22T13:32:38","date_gmt":"2025-04-22T10:32:38","guid":{"rendered":"https:\/\/velesnails.pl\/?post_type=product&#038;p=6303"},"modified":"2025-08-22T16:42:53","modified_gmt":"2025-08-22T13:42:53","slug":"ntn-premium-aceton-kosmetyczny-plyn-do-usuwania-lakieru-hybrydowego-100-ml","status":"publish","type":"product","link":"https:\/\/velesnails.pl\/en\/product\/ntn-premium-aceton-kosmetyczny-plyn-do-usuwania-lakieru-hybrydowego-100-ml\/","title":{"rendered":"NTN Premium Aceton kosmetyczny p\u0142yn do usuwania lakieru hybrydowego 100 ml"},"content":{"rendered":"<p>Aceton przeznaczony jest do usuwania hybryd, zmi\u0119kczania \u017celi, akryli, a tak\u017ce tips\u00f3w. Delikatnie i skutecznie usuwa produkty bez uszkodzenia naturalnych paznokci. Preparat bardzo skuteczny i szybki w dzia\u0142aniu co wp\u0142ywa na skr\u00f3cenie czasu pracy stylistki.<\/p>\n<p>Method of use:<\/p>\n<p>-Delikatnie spi\u0142owa\u0107 mas\u0119 \u017celow\u0105 lub akrylow\u0105 z p\u0142ytki paznokcia.<br \/>\n-Do szklanego naczynia wla\u0107 Aceton kosmetyczny.p<br \/>\n-Zanurzy\u0107 paznokcie i moczy\u0107 od 3 &#8211; 5 minut.<br \/>\n-Wyj\u0105\u0107 paznokcie z naczynia z p\u0142ynem.<br \/>\n-Delikatnie usun\u0105\u0107 pozosta\u0142o\u015bci produktu z p\u0142ytki.<br \/>\nB\u0105d\u017a:<\/p>\n<p>-Delikatnie spi\u0142owa\u0107 mas\u0119 \u017celow\u0105 lub akrylow\u0105 z p\u0142ytki paznokcia.<br \/>\n-Nas\u0105czy\u0107 wacik Acetonem kosmetycznym.<br \/>\n-Przy\u0142o\u017cy\u0107 nas\u0105czony wacik do p\u0142ytki paznokcia, trzyma\u0107 od 4 &#8211; 8 minut.<br \/>\n-Zdj\u0105\u0107 wacik.<br \/>\n-Delikatnie usun\u0105\u0107 pozosta\u0142o\u015bci produktu z p\u0142ytki.<br \/>\n-Pojemno\u015b\u0107: 500 ml<\/p>\n<p>Ostrze\u017cenia:<\/p>\n<p>Produkt tylko do u\u017cytku profesjonalnego.<br \/>\nKeep out of the reach of children.<br \/>\nMay cause an allergic reaction.<br \/>\nPlease read the directions for use carefully.<\/p>","protected":false},"excerpt":{"rendered":"<p>Aceton przeznaczony jest do usuwania hybryd, zmi\u0119kczania \u017celi, akryli, a tak\u017ce tips\u00f3w. Delikatnie i skutecznie usuwa produkty bez uszkodzenia naturalnych paznokci. Preparat bardzo skuteczny i szybki w dzia\u0142aniu co wp\u0142ywa na skr\u00f3cenie czasu pracy stylistki. Spos\u00f3b u\u017cycia: -Delikatnie spi\u0142owa\u0107 mas\u0119 \u017celow\u0105 lub akrylow\u0105 z p\u0142ytki paznokcia. -Do szklanego naczynia wla\u0107 Aceton kosmetyczny.p -Zanurzy\u0107 paznokcie i [&hellip;]<\/p>\n","protected":false},"featured_media":6304,"comment_status":"closed","ping_status":"closed","template":"","meta":{"om_disable_all_campaigns":false,"ocean_post_layout":"","ocean_both_sidebars_style":"","ocean_both_sidebars_content_width":0,"ocean_both_sidebars_sidebars_width":0,"ocean_sidebar":"0","ocean_second_sidebar":"0","ocean_disable_margins":"enable","ocean_add_body_class":"","ocean_shortcode_before_top_bar":"","ocean_shortcode_after_top_bar":"","ocean_shortcode_before_header":"","ocean_shortcode_after_header":"","ocean_has_shortcode":"","ocean_shortcode_after_title":"","ocean_shortcode_before_footer_widgets":"","ocean_shortcode_after_footer_widgets":"","ocean_shortcode_before_footer_bottom":"","ocean_shortcode_after_footer_bottom":"","ocean_display_top_bar":"default","ocean_display_header":"default","ocean_header_style":"","ocean_center_header_left_menu":"0","ocean_custom_header_template":"0","ocean_custom_logo":0,"ocean_custom_retina_logo":0,"ocean_custom_logo_max_width":0,"ocean_custom_logo_tablet_max_width":0,"ocean_custom_logo_mobile_max_width":0,"ocean_custom_logo_max_height":0,"ocean_custom_logo_tablet_max_height":0,"ocean_custom_logo_mobile_max_height":0,"ocean_header_custom_menu":"0","ocean_menu_typo_font_family":"0","ocean_menu_typo_font_subset":"","ocean_menu_typo_font_size":0,"ocean_menu_typo_font_size_tablet":0,"ocean_menu_typo_font_size_mobile":0,"ocean_menu_typo_font_size_unit":"px","ocean_menu_typo_font_weight":"","ocean_menu_typo_font_weight_tablet":"","ocean_menu_typo_font_weight_mobile":"","ocean_menu_typo_transform":"","ocean_menu_typo_transform_tablet":"","ocean_menu_typo_transform_mobile":"","ocean_menu_typo_line_height":0,"ocean_menu_typo_line_height_tablet":0,"ocean_menu_typo_line_height_mobile":0,"ocean_menu_typo_line_height_unit":"","ocean_menu_typo_spacing":0,"ocean_menu_typo_spacing_tablet":0,"ocean_menu_typo_spacing_mobile":0,"ocean_menu_typo_spacing_unit":"","ocean_menu_link_color":"","ocean_menu_link_color_hover":"","ocean_menu_link_color_active":"","ocean_menu_link_background":"","ocean_menu_link_hover_background":"","ocean_menu_link_active_background":"","ocean_menu_social_links_bg":"","ocean_menu_social_hover_links_bg":"","ocean_menu_social_links_color":"","ocean_menu_social_hover_links_color":"","ocean_disable_title":"default","ocean_disable_heading":"default","ocean_post_title":"","ocean_post_subheading":"","ocean_post_title_style":"","ocean_post_title_background_color":"","ocean_post_title_background":0,"ocean_post_title_bg_image_position":"","ocean_post_title_bg_image_attachment":"","ocean_post_title_bg_image_repeat":"","ocean_post_title_bg_image_size":"","ocean_post_title_height":0,"ocean_post_title_bg_overlay":0.5,"ocean_post_title_bg_overlay_color":"","ocean_disable_breadcrumbs":"default","ocean_breadcrumbs_color":"","ocean_breadcrumbs_separator_color":"","ocean_breadcrumbs_links_color":"","ocean_breadcrumbs_links_hover_color":"","ocean_display_footer_widgets":"default","ocean_display_footer_bottom":"default","ocean_custom_footer_template":"0"},"product_brand":[],"product_cat":[133,176,194,110,132],"product_tag":[],"class_list":{"0":"post-6303","1":"product","2":"type-product","3":"status-publish","4":"has-post-thumbnail","6":"product_cat-aceton-emover","7":"product_cat-marki","8":"product_cat-ntn","9":"product_cat-paznokcie","10":"product_cat-plyny-i-preparaty","12":"entry","13":"has-media","15":"first","16":"instock","17":"taxable","18":"shipping-taxable","19":"purchasable","20":"product-type-simple","21":"has-product-nav","22":"col","23":"span_1_of_3","24":"owp-content-center","25":"owp-thumbs-layout-horizontal","26":"owp-btn-normal","27":"owp-tabs-layout-horizontal","28":"has-no-thumbnails"},"yoast_head":"<!-- This site is optimized with the Yoast SEO plugin v27.6 - https:\/\/yoast.com\/product\/yoast-seo-wordpress\/ -->\n<title>NTN Premium Aceton kosmetyczny p\u0142yn do usuwania lakieru hybrydowego 100 ml - velesnails<\/title>\n<meta name=\"robots\" content=\"index, follow, max-snippet:-1, max-image-preview:large, max-video-preview:-1\" \/>\n<link rel=\"canonical\" href=\"https:\/\/velesnails.pl\/en\/product\/ntn-premium-aceton-kosmetyczny-plyn-do-usuwania-lakieru-hybrydowego-100-ml\/\" \/>\n<meta property=\"og:locale\" content=\"en_GB\" \/>\n<meta property=\"og:type\" content=\"article\" \/>\n<meta property=\"og:title\" content=\"NTN Premium Aceton kosmetyczny p\u0142yn do usuwania lakieru hybrydowego 100 ml - velesnails\" \/>\n<meta property=\"og:description\" content=\"Aceton przeznaczony jest do usuwania hybryd, zmi\u0119kczania \u017celi, akryli, a tak\u017ce tips\u00f3w. Delikatnie i skutecznie usuwa produkty bez uszkodzenia naturalnych paznokci. Preparat bardzo skuteczny i szybki w dzia\u0142aniu co wp\u0142ywa na skr\u00f3cenie czasu pracy stylistki. Spos\u00f3b u\u017cycia: -Delikatnie spi\u0142owa\u0107 mas\u0119 \u017celow\u0105 lub akrylow\u0105 z p\u0142ytki paznokcia. -Do szklanego naczynia wla\u0107 Aceton kosmetyczny.p -Zanurzy\u0107 paznokcie i [&hellip;]\" \/>\n<meta property=\"og:url\" content=\"https:\/\/velesnails.pl\/en\/product\/ntn-premium-aceton-kosmetyczny-plyn-do-usuwania-lakieru-hybrydowego-100-ml\/\" \/>\n<meta property=\"og:site_name\" content=\"velesnails\" \/>\n<meta property=\"article:modified_time\" content=\"2025-08-22T13:42:53+00:00\" \/>\n<meta property=\"og:image\" content=\"https:\/\/i0.wp.com\/velesnails.pl\/wp-content\/uploads\/2025\/04\/1-2.jpg?fit=1000%2C1000&ssl=1\" \/>\n\t<meta property=\"og:image:width\" content=\"1000\" \/>\n\t<meta property=\"og:image:height\" content=\"1000\" \/>\n\t<meta property=\"og:image:type\" content=\"image\/jpeg\" \/>\n<meta name=\"twitter:card\" content=\"summary_large_image\" \/>\n<meta name=\"twitter:label1\" content=\"Estimated reading time\" \/>\n\t<meta name=\"twitter:data1\" content=\"1 minute\" \/>\n<script type=\"application\/ld+json\" class=\"yoast-schema-graph\">{\"@context\":\"https:\\\/\\\/schema.org\",\"@graph\":[{\"@type\":\"WebPage\",\"@id\":\"https:\\\/\\\/velesnails.pl\\\/product\\\/ntn-premium-aceton-kosmetyczny-plyn-do-usuwania-lakieru-hybrydowego-100-ml\\\/\",\"url\":\"https:\\\/\\\/velesnails.pl\\\/product\\\/ntn-premium-aceton-kosmetyczny-plyn-do-usuwania-lakieru-hybrydowego-100-ml\\\/\",\"name\":\"NTN Premium Aceton kosmetyczny p\u0142yn do usuwania lakieru hybrydowego 100 ml - velesnails\",\"isPartOf\":{\"@id\":\"https:\\\/\\\/velesnails.pl\\\/#website\"},\"primaryImageOfPage\":{\"@id\":\"https:\\\/\\\/velesnails.pl\\\/product\\\/ntn-premium-aceton-kosmetyczny-plyn-do-usuwania-lakieru-hybrydowego-100-ml\\\/#primaryimage\"},\"image\":{\"@id\":\"https:\\\/\\\/velesnails.pl\\\/product\\\/ntn-premium-aceton-kosmetyczny-plyn-do-usuwania-lakieru-hybrydowego-100-ml\\\/#primaryimage\"},\"thumbnailUrl\":\"https:\\\/\\\/i0.wp.com\\\/velesnails.pl\\\/wp-content\\\/uploads\\\/2025\\\/04\\\/1-2.jpg?fit=1000%2C1000&ssl=1\",\"datePublished\":\"2025-04-22T10:32:38+00:00\",\"dateModified\":\"2025-08-22T13:42:53+00:00\",\"breadcrumb\":{\"@id\":\"https:\\\/\\\/velesnails.pl\\\/product\\\/ntn-premium-aceton-kosmetyczny-plyn-do-usuwania-lakieru-hybrydowego-100-ml\\\/#breadcrumb\"},\"inLanguage\":\"en-GB\",\"potentialAction\":[{\"@type\":\"ReadAction\",\"target\":[\"https:\\\/\\\/velesnails.pl\\\/product\\\/ntn-premium-aceton-kosmetyczny-plyn-do-usuwania-lakieru-hybrydowego-100-ml\\\/\"]}]},{\"@type\":\"ImageObject\",\"inLanguage\":\"en-GB\",\"@id\":\"https:\\\/\\\/velesnails.pl\\\/product\\\/ntn-premium-aceton-kosmetyczny-plyn-do-usuwania-lakieru-hybrydowego-100-ml\\\/#primaryimage\",\"url\":\"https:\\\/\\\/i0.wp.com\\\/velesnails.pl\\\/wp-content\\\/uploads\\\/2025\\\/04\\\/1-2.jpg?fit=1000%2C1000&ssl=1\",\"contentUrl\":\"https:\\\/\\\/i0.wp.com\\\/velesnails.pl\\\/wp-content\\\/uploads\\\/2025\\\/04\\\/1-2.jpg?fit=1000%2C1000&ssl=1\",\"width\":1000,\"height\":1000},{\"@type\":\"BreadcrumbList\",\"@id\":\"https:\\\/\\\/velesnails.pl\\\/product\\\/ntn-premium-aceton-kosmetyczny-plyn-do-usuwania-lakieru-hybrydowego-100-ml\\\/#breadcrumb\",\"itemListElement\":[{\"@type\":\"ListItem\",\"position\":1,\"name\":\"\u0413\u043e\u043b\u043e\u0432\u043d\u0430\",\"item\":\"https:\\\/\\\/velesnails.pl\\\/\"},{\"@type\":\"ListItem\",\"position\":2,\"name\":\"Sklep\",\"item\":\"https:\\\/\\\/velesnails.pl\\\/shop\\\/\"},{\"@type\":\"ListItem\",\"position\":3,\"name\":\"NTN Premium Aceton kosmetyczny p\u0142yn do usuwania lakieru hybrydowego 100 ml\"}]},{\"@type\":\"WebSite\",\"@id\":\"https:\\\/\\\/velesnails.pl\\\/#website\",\"url\":\"https:\\\/\\\/velesnails.pl\\\/\",\"name\":\"velesnails\",\"description\":\"Sklep z manicure\",\"publisher\":{\"@id\":\"https:\\\/\\\/velesnails.pl\\\/#organization\"},\"potentialAction\":[{\"@type\":\"SearchAction\",\"target\":{\"@type\":\"EntryPoint\",\"urlTemplate\":\"https:\\\/\\\/velesnails.pl\\\/?s={search_term_string}\"},\"query-input\":{\"@type\":\"PropertyValueSpecification\",\"valueRequired\":true,\"valueName\":\"search_term_string\"}}],\"inLanguage\":\"en-GB\"},{\"@type\":\"Organization\",\"@id\":\"https:\\\/\\\/velesnails.pl\\\/#organization\",\"name\":\"velesnails\",\"url\":\"https:\\\/\\\/velesnails.pl\\\/\",\"logo\":{\"@type\":\"ImageObject\",\"inLanguage\":\"en-GB\",\"@id\":\"https:\\\/\\\/velesnails.pl\\\/#\\\/schema\\\/logo\\\/image\\\/\",\"url\":\"https:\\\/\\\/i0.wp.com\\\/velesnails.pl\\\/wp-content\\\/uploads\\\/2025\\\/10\\\/cropped-obraz_viber_2025-10-22_13-55-55-969.jpg?fit=485%2C381&ssl=1\",\"contentUrl\":\"https:\\\/\\\/i0.wp.com\\\/velesnails.pl\\\/wp-content\\\/uploads\\\/2025\\\/10\\\/cropped-obraz_viber_2025-10-22_13-55-55-969.jpg?fit=485%2C381&ssl=1\",\"width\":485,\"height\":381,\"caption\":\"velesnails\"},\"image\":{\"@id\":\"https:\\\/\\\/velesnails.pl\\\/#\\\/schema\\\/logo\\\/image\\\/\"}}]}<\/script>\n<!-- \/ Yoast SEO plugin. -->","yoast_head_json":{"title":"NTN Premium Aceton kosmetyczny p\u0142yn do usuwania lakieru hybrydowego 100 ml - velesnails","robots":{"index":"index","follow":"follow","max-snippet":"max-snippet:-1","max-image-preview":"max-image-preview:large","max-video-preview":"max-video-preview:-1"},"canonical":"https:\/\/velesnails.pl\/en\/product\/ntn-premium-aceton-kosmetyczny-plyn-do-usuwania-lakieru-hybrydowego-100-ml\/","og_locale":"en_GB","og_type":"article","og_title":"NTN Premium Aceton kosmetyczny p\u0142yn do usuwania lakieru hybrydowego 100 ml - velesnails","og_description":"Aceton przeznaczony jest do usuwania hybryd, zmi\u0119kczania \u017celi, akryli, a tak\u017ce tips\u00f3w. Delikatnie i skutecznie usuwa produkty bez uszkodzenia naturalnych paznokci. Preparat bardzo skuteczny i szybki w dzia\u0142aniu co wp\u0142ywa na skr\u00f3cenie czasu pracy stylistki. Spos\u00f3b u\u017cycia: -Delikatnie spi\u0142owa\u0107 mas\u0119 \u017celow\u0105 lub akrylow\u0105 z p\u0142ytki paznokcia. -Do szklanego naczynia wla\u0107 Aceton kosmetyczny.p -Zanurzy\u0107 paznokcie i [&hellip;]","og_url":"https:\/\/velesnails.pl\/en\/product\/ntn-premium-aceton-kosmetyczny-plyn-do-usuwania-lakieru-hybrydowego-100-ml\/","og_site_name":"velesnails","article_modified_time":"2025-08-22T13:42:53+00:00","og_image":[{"width":1000,"height":1000,"url":"https:\/\/i0.wp.com\/velesnails.pl\/wp-content\/uploads\/2025\/04\/1-2.jpg?fit=1000%2C1000&ssl=1","type":"image\/jpeg"}],"twitter_card":"summary_large_image","twitter_misc":{"Estimated reading time":"1 minute"},"schema":{"@context":"https:\/\/schema.org","@graph":[{"@type":"WebPage","@id":"https:\/\/velesnails.pl\/product\/ntn-premium-aceton-kosmetyczny-plyn-do-usuwania-lakieru-hybrydowego-100-ml\/","url":"https:\/\/velesnails.pl\/product\/ntn-premium-aceton-kosmetyczny-plyn-do-usuwania-lakieru-hybrydowego-100-ml\/","name":"NTN Premium Aceton kosmetyczny p\u0142yn do usuwania lakieru hybrydowego 100 ml - velesnails","isPartOf":{"@id":"https:\/\/velesnails.pl\/#website"},"primaryImageOfPage":{"@id":"https:\/\/velesnails.pl\/product\/ntn-premium-aceton-kosmetyczny-plyn-do-usuwania-lakieru-hybrydowego-100-ml\/#primaryimage"},"image":{"@id":"https:\/\/velesnails.pl\/product\/ntn-premium-aceton-kosmetyczny-plyn-do-usuwania-lakieru-hybrydowego-100-ml\/#primaryimage"},"thumbnailUrl":"https:\/\/i0.wp.com\/velesnails.pl\/wp-content\/uploads\/2025\/04\/1-2.jpg?fit=1000%2C1000&ssl=1","datePublished":"2025-04-22T10:32:38+00:00","dateModified":"2025-08-22T13:42:53+00:00","breadcrumb":{"@id":"https:\/\/velesnails.pl\/product\/ntn-premium-aceton-kosmetyczny-plyn-do-usuwania-lakieru-hybrydowego-100-ml\/#breadcrumb"},"inLanguage":"en-GB","potentialAction":[{"@type":"ReadAction","target":["https:\/\/velesnails.pl\/product\/ntn-premium-aceton-kosmetyczny-plyn-do-usuwania-lakieru-hybrydowego-100-ml\/"]}]},{"@type":"ImageObject","inLanguage":"en-GB","@id":"https:\/\/velesnails.pl\/product\/ntn-premium-aceton-kosmetyczny-plyn-do-usuwania-lakieru-hybrydowego-100-ml\/#primaryimage","url":"https:\/\/i0.wp.com\/velesnails.pl\/wp-content\/uploads\/2025\/04\/1-2.jpg?fit=1000%2C1000&ssl=1","contentUrl":"https:\/\/i0.wp.com\/velesnails.pl\/wp-content\/uploads\/2025\/04\/1-2.jpg?fit=1000%2C1000&ssl=1","width":1000,"height":1000},{"@type":"BreadcrumbList","@id":"https:\/\/velesnails.pl\/product\/ntn-premium-aceton-kosmetyczny-plyn-do-usuwania-lakieru-hybrydowego-100-ml\/#breadcrumb","itemListElement":[{"@type":"ListItem","position":1,"name":"\u0413\u043e\u043b\u043e\u0432\u043d\u0430","item":"https:\/\/velesnails.pl\/"},{"@type":"ListItem","position":2,"name":"Sklep","item":"https:\/\/velesnails.pl\/shop\/"},{"@type":"ListItem","position":3,"name":"NTN Premium Aceton kosmetyczny p\u0142yn do usuwania lakieru hybrydowego 100 ml"}]},{"@type":"WebSite","@id":"https:\/\/velesnails.pl\/#website","url":"https:\/\/velesnails.pl\/","name":"velesnails","description":"Manicure shop","publisher":{"@id":"https:\/\/velesnails.pl\/#organization"},"potentialAction":[{"@type":"SearchAction","target":{"@type":"EntryPoint","urlTemplate":"https:\/\/velesnails.pl\/?s={search_term_string}"},"query-input":{"@type":"PropertyValueSpecification","valueRequired":true,"valueName":"search_term_string"}}],"inLanguage":"en-GB"},{"@type":"Organization","@id":"https:\/\/velesnails.pl\/#organization","name":"velesnails","url":"https:\/\/velesnails.pl\/","logo":{"@type":"ImageObject","inLanguage":"en-GB","@id":"https:\/\/velesnails.pl\/#\/schema\/logo\/image\/","url":"https:\/\/i0.wp.com\/velesnails.pl\/wp-content\/uploads\/2025\/10\/cropped-obraz_viber_2025-10-22_13-55-55-969.jpg?fit=485%2C381&ssl=1","contentUrl":"https:\/\/i0.wp.com\/velesnails.pl\/wp-content\/uploads\/2025\/10\/cropped-obraz_viber_2025-10-22_13-55-55-969.jpg?fit=485%2C381&ssl=1","width":485,"height":381,"caption":"velesnails"},"image":{"@id":"https:\/\/velesnails.pl\/#\/schema\/logo\/image\/"}}]}},"_links":{"self":[{"href":"https:\/\/velesnails.pl\/en\/wp-json\/wp\/v2\/product\/6303","targetHints":{"allow":["GET"]}}],"collection":[{"href":"https:\/\/velesnails.pl\/en\/wp-json\/wp\/v2\/product"}],"about":[{"href":"https:\/\/velesnails.pl\/en\/wp-json\/wp\/v2\/types\/product"}],"replies":[{"embeddable":true,"href":"https:\/\/velesnails.pl\/en\/wp-json\/wp\/v2\/comments?post=6303"}],"wp:featuredmedia":[{"embeddable":true,"href":"https:\/\/velesnails.pl\/en\/wp-json\/wp\/v2\/media\/6304"}],"wp:attachment":[{"href":"https:\/\/velesnails.pl\/en\/wp-json\/wp\/v2\/media?parent=6303"}],"wp:term":[{"taxonomy":"product_brand","embeddable":true,"href":"https:\/\/velesnails.pl\/en\/wp-json\/wp\/v2\/product_brand?post=6303"},{"taxonomy":"product_cat","embeddable":true,"href":"https:\/\/velesnails.pl\/en\/wp-json\/wp\/v2\/product_cat?post=6303"},{"taxonomy":"product_tag","embeddable":true,"href":"https:\/\/velesnails.pl\/en\/wp-json\/wp\/v2\/product_tag?post=6303"}],"curies":[{"name":"wp","href":"https:\/\/api.w.org\/{rel}","templated":true}]}}