{"id":6299,"date":"2025-04-22T13:27:49","date_gmt":"2025-04-22T10:27:49","guid":{"rendered":"https:\/\/velesnails.pl\/?post_type=product&#038;p=6299"},"modified":"2026-02-02T16:06:35","modified_gmt":"2026-02-02T13:06:35","slug":"zel-budujacy-z-tiksotropia-allepaznokcie-tixo-builder-gel-promocha15g","status":"publish","type":"product","link":"https:\/\/velesnails.pl\/en\/product\/zel-budujacy-z-tiksotropia-allepaznokcie-tixo-builder-gel-promocha15g\/","title":{"rendered":"\u017bel buduj\u0105cy z tiksotropi\u0105 Allepaznokcie Tixo Builder Gel ProMocha15g"},"content":{"rendered":"<p><strong>Tixo Builder Gel<\/strong>\u00a0to wszechstronny \u017cel, kt\u00f3ry ma w\u0142a\u015bciwo\u015bci buduj\u0105ce i\u00a0 wzmacniaj\u0105ce.\u00a0 Idealny do ka\u017cdego rodzaju stylizacji.<\/p>\n<p>Po\u0142\u0105czenie w\u0142a\u015bciwo\u015bci samopoziomuj\u0105cych i tiksotropii daje gwarancj\u0119 niesp\u0142ywaj\u0105cego produktu.<\/p>\n<p>Formu\u0142a \u017celu pozwala na zastosowanie techniki pracy bez pi\u0142owania, skracaj\u0105c czas pracy i minimalizuj\u0105c ilo\u015b\u0107 u\u017cytego produktu.<\/p>\n<p>Doskonale wsp\u00f3\u0142pracuje z naturaln\u0105 p\u0142ytk\u0105 paznokcia.<\/p>\n<p>Dzi\u0119ki zastosowaniu specjalnej formu\u0142y heatless pieczenie w lampie zosta\u0142o ograniczone do minimum.<\/p>\n<p><strong>Cechy \u017celi z serii Tixo Builder Gel:<\/strong><\/p>\n<ul>\n<li>Idealny do techniki bez pi\u0142owania.<\/li>\n<li>W\u0142a\u015bciwo\u015bci samopoziomuj\u0105ce \u2013 skracaj\u0105 czas pracy i minimalizuj\u0105 ilo\u015b\u0107 u\u017cytego produktu.<\/li>\n<li>Doskonale wsp\u00f3\u0142pracuje z naturaln\u0105 p\u0142ytk\u0105 paznokcia.<\/li>\n<li>Specjalna formu\u0142a ogranicza pieczenie w lampie do minimum.<\/li>\n<li>Dost\u0119pny w 8 wariantach kolorystycznych o kryciu na poziomie 90%.<\/li>\n<li>Dost\u0119pny w dw\u00f3ch r\u00f3\u017cnych pojemno\u015bciach 15 gram i 50 gram.<\/li>\n<\/ul>\n<p><strong>Odcie\u0144:\u00a0<\/strong>ProMilky<\/p>\n<p><strong>Produkty uzupe\u0142niaj\u0105ce:<\/strong>\u00a0IZOTON, primer, baza X-BOND<\/p>\n<p><strong>Method of use:<\/strong><\/p>\n<ol>\n<li>Przygotowujemy p\u0142ytk\u0119 paznokcia (matowimy j\u0105, usuwamy nab\u0142onek oraz sk\u00f3rki).<\/li>\n<li>Odt\u0142uszczamy p\u0142ytk\u0119 paznokcia\u00a0 (rekomendujemy IZOTON).<\/li>\n<li>W przypadku problematycznej p\u0142ytki\u00a0 rekomendujemy u\u017cycie primera.<\/li>\n<li>Aplikujemy baz\u0119 (rekomendujemy X BOND MollyLac &#8211;\u00a0 baz\u0119 wcierk\u0119 z primerem\u00a0 bezkwasowym).<\/li>\n<li>W przypadku przed\u0142u\u017cania &#8211; aplikujemy\u00a0 warstw\u0119 szkieletow\u0105 i utwardzamy w lampie LED\/UV 48W 60\u00a0 sekund.<\/li>\n<li>Budujemy paznokie\u0107, nast\u0119pnie utwardzamy 60\u00a0 sekund. Tunel zaciskamy po oko\u0142o 10 sekundach.<\/li>\n<li>Pokrywamy stylizacj\u0119 topem hybrydowym lub przechodzimy do na\u0142o\u017cenia koloru b\u0105d\u017a zdobienia.<\/li>\n<\/ol>\n<p><strong>Czas utwardzania:<\/strong>\u00a0Lampa LED\/UV 48W &#8211; 60 sek.<\/p>\n<p><strong>Ostrze\u017cenia:<\/strong><\/p>\n<ul>\n<li>For professional use only.<\/li>\n<li>Keep out of the reach of children.<\/li>\n<li>May cause an allergic reaction.<\/li>\n<li>Avoid contact with the skin.<\/li>\n<li>Avoid contact with eyes.<\/li>\n<li>Please read the directions for use carefully.<\/li>\n<\/ul>","protected":false},"excerpt":{"rendered":"<p>Tixo Builder Gel\u00a0to wszechstronny \u017cel, kt\u00f3ry ma w\u0142a\u015bciwo\u015bci buduj\u0105ce i\u00a0 wzmacniaj\u0105ce.\u00a0 Idealny do ka\u017cdego rodzaju stylizacji. Po\u0142\u0105czenie w\u0142a\u015bciwo\u015bci samopoziomuj\u0105cych i tiksotropii daje gwarancj\u0119 niesp\u0142ywaj\u0105cego produktu. Formu\u0142a \u017celu pozwala na zastosowanie techniki pracy bez pi\u0142owania, skracaj\u0105c czas pracy i minimalizuj\u0105c ilo\u015b\u0107 u\u017cytego produktu. Doskonale wsp\u00f3\u0142pracuje z naturaln\u0105 p\u0142ytk\u0105 paznokcia. Dzi\u0119ki zastosowaniu specjalnej formu\u0142y heatless pieczenie w [&hellip;]<\/p>\n","protected":false},"featured_media":6300,"comment_status":"closed","ping_status":"closed","template":"","meta":{"om_disable_all_campaigns":false,"ocean_post_layout":"","ocean_both_sidebars_style":"","ocean_both_sidebars_content_width":0,"ocean_both_sidebars_sidebars_width":0,"ocean_sidebar":"0","ocean_second_sidebar":"0","ocean_disable_margins":"enable","ocean_add_body_class":"","ocean_shortcode_before_top_bar":"","ocean_shortcode_after_top_bar":"","ocean_shortcode_before_header":"","ocean_shortcode_after_header":"","ocean_has_shortcode":"","ocean_shortcode_after_title":"","ocean_shortcode_before_footer_widgets":"","ocean_shortcode_after_footer_widgets":"","ocean_shortcode_before_footer_bottom":"","ocean_shortcode_after_footer_bottom":"","ocean_display_top_bar":"default","ocean_display_header":"default","ocean_header_style":"","ocean_center_header_left_menu":"0","ocean_custom_header_template":"0","ocean_custom_logo":0,"ocean_custom_retina_logo":0,"ocean_custom_logo_max_width":0,"ocean_custom_logo_tablet_max_width":0,"ocean_custom_logo_mobile_max_width":0,"ocean_custom_logo_max_height":0,"ocean_custom_logo_tablet_max_height":0,"ocean_custom_logo_mobile_max_height":0,"ocean_header_custom_menu":"0","ocean_menu_typo_font_family":"0","ocean_menu_typo_font_subset":"","ocean_menu_typo_font_size":0,"ocean_menu_typo_font_size_tablet":0,"ocean_menu_typo_font_size_mobile":0,"ocean_menu_typo_font_size_unit":"px","ocean_menu_typo_font_weight":"","ocean_menu_typo_font_weight_tablet":"","ocean_menu_typo_font_weight_mobile":"","ocean_menu_typo_transform":"","ocean_menu_typo_transform_tablet":"","ocean_menu_typo_transform_mobile":"","ocean_menu_typo_line_height":0,"ocean_menu_typo_line_height_tablet":0,"ocean_menu_typo_line_height_mobile":0,"ocean_menu_typo_line_height_unit":"","ocean_menu_typo_spacing":0,"ocean_menu_typo_spacing_tablet":0,"ocean_menu_typo_spacing_mobile":0,"ocean_menu_typo_spacing_unit":"","ocean_menu_link_color":"","ocean_menu_link_color_hover":"","ocean_menu_link_color_active":"","ocean_menu_link_background":"","ocean_menu_link_hover_background":"","ocean_menu_link_active_background":"","ocean_menu_social_links_bg":"","ocean_menu_social_hover_links_bg":"","ocean_menu_social_links_color":"","ocean_menu_social_hover_links_color":"","ocean_disable_title":"default","ocean_disable_heading":"default","ocean_post_title":"","ocean_post_subheading":"","ocean_post_title_style":"","ocean_post_title_background_color":"","ocean_post_title_background":0,"ocean_post_title_bg_image_position":"","ocean_post_title_bg_image_attachment":"","ocean_post_title_bg_image_repeat":"","ocean_post_title_bg_image_size":"","ocean_post_title_height":0,"ocean_post_title_bg_overlay":0.5,"ocean_post_title_bg_overlay_color":"","ocean_disable_breadcrumbs":"default","ocean_breadcrumbs_color":"","ocean_breadcrumbs_separator_color":"","ocean_breadcrumbs_links_color":"","ocean_breadcrumbs_links_hover_color":"","ocean_display_footer_widgets":"default","ocean_display_footer_bottom":"default","ocean_custom_footer_template":"0"},"product_brand":[],"product_cat":[176,189,110,122,120],"product_tag":[],"class_list":{"0":"post-6299","1":"product","2":"type-product","3":"status-publish","4":"has-post-thumbnail","6":"product_cat-marki","7":"product_cat-molly-lac-1","8":"product_cat-paznokcie","9":"product_cat-zeli","10":"product_cat-zele-i-akryle","12":"entry","13":"has-media","15":"first","16":"outofstock","17":"taxable","18":"shipping-taxable","19":"purchasable","20":"product-type-simple","21":"has-product-nav","22":"col","23":"span_1_of_3","24":"owp-content-center","25":"owp-thumbs-layout-horizontal","26":"owp-btn-normal","27":"owp-tabs-layout-horizontal"},"yoast_head":"<!-- This site is optimized with the Yoast SEO plugin v27.6 - https:\/\/yoast.com\/product\/yoast-seo-wordpress\/ -->\n<title>\u017bel buduj\u0105cy z tiksotropi\u0105 Allepaznokcie Tixo Builder Gel ProMocha15g - velesnails<\/title>\n<meta name=\"robots\" content=\"index, follow, max-snippet:-1, max-image-preview:large, max-video-preview:-1\" \/>\n<link rel=\"canonical\" href=\"https:\/\/velesnails.pl\/en\/product\/zel-budujacy-z-tiksotropia-allepaznokcie-tixo-builder-gel-promocha15g\/\" \/>\n<meta property=\"og:locale\" content=\"en_GB\" \/>\n<meta property=\"og:type\" content=\"article\" \/>\n<meta property=\"og:title\" content=\"\u017bel buduj\u0105cy z tiksotropi\u0105 Allepaznokcie Tixo Builder Gel ProMocha15g - velesnails\" \/>\n<meta property=\"og:description\" content=\"Tixo Builder Gel\u00a0to wszechstronny \u017cel, kt\u00f3ry ma w\u0142a\u015bciwo\u015bci buduj\u0105ce i\u00a0 wzmacniaj\u0105ce.\u00a0 Idealny do ka\u017cdego rodzaju stylizacji. Po\u0142\u0105czenie w\u0142a\u015bciwo\u015bci samopoziomuj\u0105cych i tiksotropii daje gwarancj\u0119 niesp\u0142ywaj\u0105cego produktu. Formu\u0142a \u017celu pozwala na zastosowanie techniki pracy bez pi\u0142owania, skracaj\u0105c czas pracy i minimalizuj\u0105c ilo\u015b\u0107 u\u017cytego produktu. Doskonale wsp\u00f3\u0142pracuje z naturaln\u0105 p\u0142ytk\u0105 paznokcia. Dzi\u0119ki zastosowaniu specjalnej formu\u0142y heatless pieczenie w [&hellip;]\" \/>\n<meta property=\"og:url\" content=\"https:\/\/velesnails.pl\/en\/product\/zel-budujacy-z-tiksotropia-allepaznokcie-tixo-builder-gel-promocha15g\/\" \/>\n<meta property=\"og:site_name\" content=\"velesnails\" \/>\n<meta property=\"article:modified_time\" content=\"2026-02-02T13:06:35+00:00\" \/>\n<meta property=\"og:image\" content=\"https:\/\/velesnails.pl\/wp-content\/uploads\/2025\/04\/zel-budujacy-z-tiksotropia-allepaznokcie-tixo-builder-gel-promocha-15g-1.jpg\" \/>\n\t<meta property=\"og:image:width\" content=\"1000\" \/>\n\t<meta property=\"og:image:height\" content=\"1000\" \/>\n\t<meta property=\"og:image:type\" content=\"image\/jpeg\" \/>\n<meta name=\"twitter:card\" content=\"summary_large_image\" \/>\n<meta name=\"twitter:label1\" content=\"Estimated reading time\" \/>\n\t<meta name=\"twitter:data1\" content=\"1 minute\" \/>\n<script type=\"application\/ld+json\" class=\"yoast-schema-graph\">{\"@context\":\"https:\\\/\\\/schema.org\",\"@graph\":[{\"@type\":\"WebPage\",\"@id\":\"https:\\\/\\\/velesnails.pl\\\/product\\\/zel-budujacy-z-tiksotropia-allepaznokcie-tixo-builder-gel-promocha15g\\\/\",\"url\":\"https:\\\/\\\/velesnails.pl\\\/product\\\/zel-budujacy-z-tiksotropia-allepaznokcie-tixo-builder-gel-promocha15g\\\/\",\"name\":\"\u017bel buduj\u0105cy z tiksotropi\u0105 Allepaznokcie Tixo Builder Gel ProMocha15g - velesnails\",\"isPartOf\":{\"@id\":\"https:\\\/\\\/velesnails.pl\\\/#website\"},\"primaryImageOfPage\":{\"@id\":\"https:\\\/\\\/velesnails.pl\\\/product\\\/zel-budujacy-z-tiksotropia-allepaznokcie-tixo-builder-gel-promocha15g\\\/#primaryimage\"},\"image\":{\"@id\":\"https:\\\/\\\/velesnails.pl\\\/product\\\/zel-budujacy-z-tiksotropia-allepaznokcie-tixo-builder-gel-promocha15g\\\/#primaryimage\"},\"thumbnailUrl\":\"https:\\\/\\\/i0.wp.com\\\/velesnails.pl\\\/wp-content\\\/uploads\\\/2025\\\/04\\\/zel-budujacy-z-tiksotropia-allepaznokcie-tixo-builder-gel-promocha-15g-1.jpg?fit=1000%2C1000&ssl=1\",\"datePublished\":\"2025-04-22T10:27:49+00:00\",\"dateModified\":\"2026-02-02T13:06:35+00:00\",\"breadcrumb\":{\"@id\":\"https:\\\/\\\/velesnails.pl\\\/product\\\/zel-budujacy-z-tiksotropia-allepaznokcie-tixo-builder-gel-promocha15g\\\/#breadcrumb\"},\"inLanguage\":\"en-GB\",\"potentialAction\":[{\"@type\":\"ReadAction\",\"target\":[\"https:\\\/\\\/velesnails.pl\\\/product\\\/zel-budujacy-z-tiksotropia-allepaznokcie-tixo-builder-gel-promocha15g\\\/\"]}]},{\"@type\":\"ImageObject\",\"inLanguage\":\"en-GB\",\"@id\":\"https:\\\/\\\/velesnails.pl\\\/product\\\/zel-budujacy-z-tiksotropia-allepaznokcie-tixo-builder-gel-promocha15g\\\/#primaryimage\",\"url\":\"https:\\\/\\\/i0.wp.com\\\/velesnails.pl\\\/wp-content\\\/uploads\\\/2025\\\/04\\\/zel-budujacy-z-tiksotropia-allepaznokcie-tixo-builder-gel-promocha-15g-1.jpg?fit=1000%2C1000&ssl=1\",\"contentUrl\":\"https:\\\/\\\/i0.wp.com\\\/velesnails.pl\\\/wp-content\\\/uploads\\\/2025\\\/04\\\/zel-budujacy-z-tiksotropia-allepaznokcie-tixo-builder-gel-promocha-15g-1.jpg?fit=1000%2C1000&ssl=1\",\"width\":1000,\"height\":1000},{\"@type\":\"BreadcrumbList\",\"@id\":\"https:\\\/\\\/velesnails.pl\\\/product\\\/zel-budujacy-z-tiksotropia-allepaznokcie-tixo-builder-gel-promocha15g\\\/#breadcrumb\",\"itemListElement\":[{\"@type\":\"ListItem\",\"position\":1,\"name\":\"\u0413\u043e\u043b\u043e\u0432\u043d\u0430\",\"item\":\"https:\\\/\\\/velesnails.pl\\\/\"},{\"@type\":\"ListItem\",\"position\":2,\"name\":\"Sklep\",\"item\":\"https:\\\/\\\/velesnails.pl\\\/shop\\\/\"},{\"@type\":\"ListItem\",\"position\":3,\"name\":\"\u017bel buduj\u0105cy z tiksotropi\u0105 Allepaznokcie Tixo Builder Gel ProMocha15g\"}]},{\"@type\":\"WebSite\",\"@id\":\"https:\\\/\\\/velesnails.pl\\\/#website\",\"url\":\"https:\\\/\\\/velesnails.pl\\\/\",\"name\":\"velesnails\",\"description\":\"Sklep z manicure\",\"publisher\":{\"@id\":\"https:\\\/\\\/velesnails.pl\\\/#organization\"},\"potentialAction\":[{\"@type\":\"SearchAction\",\"target\":{\"@type\":\"EntryPoint\",\"urlTemplate\":\"https:\\\/\\\/velesnails.pl\\\/?s={search_term_string}\"},\"query-input\":{\"@type\":\"PropertyValueSpecification\",\"valueRequired\":true,\"valueName\":\"search_term_string\"}}],\"inLanguage\":\"en-GB\"},{\"@type\":\"Organization\",\"@id\":\"https:\\\/\\\/velesnails.pl\\\/#organization\",\"name\":\"velesnails\",\"url\":\"https:\\\/\\\/velesnails.pl\\\/\",\"logo\":{\"@type\":\"ImageObject\",\"inLanguage\":\"en-GB\",\"@id\":\"https:\\\/\\\/velesnails.pl\\\/#\\\/schema\\\/logo\\\/image\\\/\",\"url\":\"https:\\\/\\\/i0.wp.com\\\/velesnails.pl\\\/wp-content\\\/uploads\\\/2025\\\/10\\\/cropped-obraz_viber_2025-10-22_13-55-55-969.jpg?fit=485%2C381&ssl=1\",\"contentUrl\":\"https:\\\/\\\/i0.wp.com\\\/velesnails.pl\\\/wp-content\\\/uploads\\\/2025\\\/10\\\/cropped-obraz_viber_2025-10-22_13-55-55-969.jpg?fit=485%2C381&ssl=1\",\"width\":485,\"height\":381,\"caption\":\"velesnails\"},\"image\":{\"@id\":\"https:\\\/\\\/velesnails.pl\\\/#\\\/schema\\\/logo\\\/image\\\/\"}}]}<\/script>\n<!-- \/ Yoast SEO plugin. -->","yoast_head_json":{"title":"\u017bel buduj\u0105cy z tiksotropi\u0105 Allepaznokcie Tixo Builder Gel ProMocha15g - velesnails","robots":{"index":"index","follow":"follow","max-snippet":"max-snippet:-1","max-image-preview":"max-image-preview:large","max-video-preview":"max-video-preview:-1"},"canonical":"https:\/\/velesnails.pl\/en\/product\/zel-budujacy-z-tiksotropia-allepaznokcie-tixo-builder-gel-promocha15g\/","og_locale":"en_GB","og_type":"article","og_title":"\u017bel buduj\u0105cy z tiksotropi\u0105 Allepaznokcie Tixo Builder Gel ProMocha15g - velesnails","og_description":"Tixo Builder Gel\u00a0to wszechstronny \u017cel, kt\u00f3ry ma w\u0142a\u015bciwo\u015bci buduj\u0105ce i\u00a0 wzmacniaj\u0105ce.\u00a0 Idealny do ka\u017cdego rodzaju stylizacji. Po\u0142\u0105czenie w\u0142a\u015bciwo\u015bci samopoziomuj\u0105cych i tiksotropii daje gwarancj\u0119 niesp\u0142ywaj\u0105cego produktu. Formu\u0142a \u017celu pozwala na zastosowanie techniki pracy bez pi\u0142owania, skracaj\u0105c czas pracy i minimalizuj\u0105c ilo\u015b\u0107 u\u017cytego produktu. Doskonale wsp\u00f3\u0142pracuje z naturaln\u0105 p\u0142ytk\u0105 paznokcia. Dzi\u0119ki zastosowaniu specjalnej formu\u0142y heatless pieczenie w [&hellip;]","og_url":"https:\/\/velesnails.pl\/en\/product\/zel-budujacy-z-tiksotropia-allepaznokcie-tixo-builder-gel-promocha15g\/","og_site_name":"velesnails","article_modified_time":"2026-02-02T13:06:35+00:00","og_image":[{"width":1000,"height":1000,"url":"https:\/\/velesnails.pl\/wp-content\/uploads\/2025\/04\/zel-budujacy-z-tiksotropia-allepaznokcie-tixo-builder-gel-promocha-15g-1.jpg","type":"image\/jpeg"}],"twitter_card":"summary_large_image","twitter_misc":{"Estimated reading time":"1 minute"},"schema":{"@context":"https:\/\/schema.org","@graph":[{"@type":"WebPage","@id":"https:\/\/velesnails.pl\/product\/zel-budujacy-z-tiksotropia-allepaznokcie-tixo-builder-gel-promocha15g\/","url":"https:\/\/velesnails.pl\/product\/zel-budujacy-z-tiksotropia-allepaznokcie-tixo-builder-gel-promocha15g\/","name":"\u017bel buduj\u0105cy z tiksotropi\u0105 Allepaznokcie Tixo Builder Gel ProMocha15g - velesnails","isPartOf":{"@id":"https:\/\/velesnails.pl\/#website"},"primaryImageOfPage":{"@id":"https:\/\/velesnails.pl\/product\/zel-budujacy-z-tiksotropia-allepaznokcie-tixo-builder-gel-promocha15g\/#primaryimage"},"image":{"@id":"https:\/\/velesnails.pl\/product\/zel-budujacy-z-tiksotropia-allepaznokcie-tixo-builder-gel-promocha15g\/#primaryimage"},"thumbnailUrl":"https:\/\/i0.wp.com\/velesnails.pl\/wp-content\/uploads\/2025\/04\/zel-budujacy-z-tiksotropia-allepaznokcie-tixo-builder-gel-promocha-15g-1.jpg?fit=1000%2C1000&ssl=1","datePublished":"2025-04-22T10:27:49+00:00","dateModified":"2026-02-02T13:06:35+00:00","breadcrumb":{"@id":"https:\/\/velesnails.pl\/product\/zel-budujacy-z-tiksotropia-allepaznokcie-tixo-builder-gel-promocha15g\/#breadcrumb"},"inLanguage":"en-GB","potentialAction":[{"@type":"ReadAction","target":["https:\/\/velesnails.pl\/product\/zel-budujacy-z-tiksotropia-allepaznokcie-tixo-builder-gel-promocha15g\/"]}]},{"@type":"ImageObject","inLanguage":"en-GB","@id":"https:\/\/velesnails.pl\/product\/zel-budujacy-z-tiksotropia-allepaznokcie-tixo-builder-gel-promocha15g\/#primaryimage","url":"https:\/\/i0.wp.com\/velesnails.pl\/wp-content\/uploads\/2025\/04\/zel-budujacy-z-tiksotropia-allepaznokcie-tixo-builder-gel-promocha-15g-1.jpg?fit=1000%2C1000&ssl=1","contentUrl":"https:\/\/i0.wp.com\/velesnails.pl\/wp-content\/uploads\/2025\/04\/zel-budujacy-z-tiksotropia-allepaznokcie-tixo-builder-gel-promocha-15g-1.jpg?fit=1000%2C1000&ssl=1","width":1000,"height":1000},{"@type":"BreadcrumbList","@id":"https:\/\/velesnails.pl\/product\/zel-budujacy-z-tiksotropia-allepaznokcie-tixo-builder-gel-promocha15g\/#breadcrumb","itemListElement":[{"@type":"ListItem","position":1,"name":"\u0413\u043e\u043b\u043e\u0432\u043d\u0430","item":"https:\/\/velesnails.pl\/"},{"@type":"ListItem","position":2,"name":"Sklep","item":"https:\/\/velesnails.pl\/shop\/"},{"@type":"ListItem","position":3,"name":"\u017bel buduj\u0105cy z tiksotropi\u0105 Allepaznokcie Tixo Builder Gel ProMocha15g"}]},{"@type":"WebSite","@id":"https:\/\/velesnails.pl\/#website","url":"https:\/\/velesnails.pl\/","name":"velesnails","description":"Manicure shop","publisher":{"@id":"https:\/\/velesnails.pl\/#organization"},"potentialAction":[{"@type":"SearchAction","target":{"@type":"EntryPoint","urlTemplate":"https:\/\/velesnails.pl\/?s={search_term_string}"},"query-input":{"@type":"PropertyValueSpecification","valueRequired":true,"valueName":"search_term_string"}}],"inLanguage":"en-GB"},{"@type":"Organization","@id":"https:\/\/velesnails.pl\/#organization","name":"velesnails","url":"https:\/\/velesnails.pl\/","logo":{"@type":"ImageObject","inLanguage":"en-GB","@id":"https:\/\/velesnails.pl\/#\/schema\/logo\/image\/","url":"https:\/\/i0.wp.com\/velesnails.pl\/wp-content\/uploads\/2025\/10\/cropped-obraz_viber_2025-10-22_13-55-55-969.jpg?fit=485%2C381&ssl=1","contentUrl":"https:\/\/i0.wp.com\/velesnails.pl\/wp-content\/uploads\/2025\/10\/cropped-obraz_viber_2025-10-22_13-55-55-969.jpg?fit=485%2C381&ssl=1","width":485,"height":381,"caption":"velesnails"},"image":{"@id":"https:\/\/velesnails.pl\/#\/schema\/logo\/image\/"}}]}},"_links":{"self":[{"href":"https:\/\/velesnails.pl\/en\/wp-json\/wp\/v2\/product\/6299","targetHints":{"allow":["GET"]}}],"collection":[{"href":"https:\/\/velesnails.pl\/en\/wp-json\/wp\/v2\/product"}],"about":[{"href":"https:\/\/velesnails.pl\/en\/wp-json\/wp\/v2\/types\/product"}],"replies":[{"embeddable":true,"href":"https:\/\/velesnails.pl\/en\/wp-json\/wp\/v2\/comments?post=6299"}],"wp:featuredmedia":[{"embeddable":true,"href":"https:\/\/velesnails.pl\/en\/wp-json\/wp\/v2\/media\/6300"}],"wp:attachment":[{"href":"https:\/\/velesnails.pl\/en\/wp-json\/wp\/v2\/media?parent=6299"}],"wp:term":[{"taxonomy":"product_brand","embeddable":true,"href":"https:\/\/velesnails.pl\/en\/wp-json\/wp\/v2\/product_brand?post=6299"},{"taxonomy":"product_cat","embeddable":true,"href":"https:\/\/velesnails.pl\/en\/wp-json\/wp\/v2\/product_cat?post=6299"},{"taxonomy":"product_tag","embeddable":true,"href":"https:\/\/velesnails.pl\/en\/wp-json\/wp\/v2\/product_tag?post=6299"}],"curies":[{"name":"wp","href":"https:\/\/api.w.org\/{rel}","templated":true}]}}