{"id":5925,"date":"2025-03-05T15:23:34","date_gmt":"2025-03-05T12:23:34","guid":{"rendered":"https:\/\/velesnails.pl\/?post_type=product&#038;p=5925"},"modified":"2025-07-24T17:23:32","modified_gmt":"2025-07-24T14:23:32","slug":"tipsy-do-szybkiego-przedluzania-paznokci-flexi-tips-molly-nails-migdal-1-plyta","status":"publish","type":"product","link":"https:\/\/velesnails.pl\/en\/product\/tipsy-do-szybkiego-przedluzania-paznokci-flexi-tips-molly-nails-migdal-1-plyta\/","title":{"rendered":"Tipsy do szybkiego przed\u0142u\u017cania paznokci Flexi Tips Molly Nails migda\u0142 1 p\u0142yta"},"content":{"rendered":"<p>Tipsy o wst\u0119pnie nadanym kszta\u0142cie, z matow\u0105 kieszonk\u0105, przyspieszaj\u0105ce i u\u0142atwiaj\u0105ce przed\u0142u\u017canie paznokci nadaj\u0105c im naturalny wygl\u0105d.<\/p>\n<p><strong>Sprawdza si\u0119:<\/strong><\/p>\n<ul>\n<li>Do ekspresowego przed\u0142u\u017cenia bez u\u017cycia szablon\u00f3w.<\/li>\n<li>Stworzenia poprawnie wyprofilowanych paznokci w kilka chwil.<\/li>\n<li>Do uzyskania naturalnego wygl\u0105du paznokci bez konieczno\u015bci nadbudowy i pi\u0142owania.<\/li>\n<li>Dla os\u00f3b pocz\u0105tkuj\u0105cych.<\/li>\n<li>Do paznokci bardzo kr\u00f3tkich i obgryzionych.<\/li>\n<\/ul>\n<p><strong>Cechy:<\/strong><\/p>\n<ul>\n<li>Elastyczne tipsy do szybkiego przed\u0142u\u017cania paznokci.<\/li>\n<li>Prze\u017aroczyste.<\/li>\n<li>Wst\u0119pnie nadany kszta\u0142t dopasowany do potrzeb.<\/li>\n<li>Ich cie\u0144sza i elastyczna struktura w obszarze sk\u00f3rek pozwala na dok\u0142adniejsz\u0105 aplikacj\u0119 \u201epod sk\u00f3rki\u201d i lepsze dopasowanie.<\/li>\n<li>Grubsza i twardsza struktura na wolnym brzegu daj\u0105ca odporno\u015b\u0107.<\/li>\n<li>Gwarantuj\u0105 poprawnie wyprowadzone kraw\u0119dzie boczne.<\/li>\n<li>Matowa kieszonka nie wymagaj\u0105ca dodatkowego przygotowania.<\/li>\n<li>\u0141atwa i szybka aplikacja.<\/li>\n<li>12 rozmiar\u00f3w pozwala dobra\u0107 tipsy do naturalnej p\u0142ytki paznokcia o r\u00f3\u017cnej szeroko\u015bci.<\/li>\n<li>Tipsy mo\u017cna swobodnie kszta\u0142towa\u0107 aby dopasowa\u0107 je do potrzeb stylizacji.<\/li>\n<li>Trwa\u0142e i odporne na uszkodzenia.<\/li>\n<li>Wykonane z elastycznego materia\u0142u, kt\u00f3ry dopasowuje si\u0119 do kszta\u0142tu naturalnego paznokcia.<\/li>\n<li>Do przymocowania tips\u00f3w na paznokciu zalecamy u\u017cycie Strong Bazy Molly Lac.<\/li>\n<li>Po odro\u015bni\u0119ciu tipsy mo\u017cna uzupe\u0142ni\u0107 Strong Baz\u0105 Molly Lac.<\/li>\n<li>Tipsy zapakowane s\u0105 w wygodne pude\u0142ko.<\/li>\n<\/ul>\n<p><strong>Method of use:<\/strong><\/p>\n<ol>\n<li>Po opracowaniu sk\u00f3rek nale\u017cy zmatowi\u0107 i odt\u0142u\u015bci\u0107 p\u0142ytk\u0119 paznokci (zalecamy Nail Prep lub Izoton)<\/li>\n<li>W razie konieczno\u015bci u\u017cyj Primera<\/li>\n<li>Dobierz rozmiar Flexi Tipsa do szeroko\u015bci naturalnego paznokcia. Pami\u0119taj, aby tips pokrywa\u0142 ca\u0142\u0105 jego powierzchni\u0119 (szczeg\u00f3lnie boki).<\/li>\n<li>Na przygotowan\u0105 p\u0142ytk\u0119 paznokcia zaaplikuj cienk\u0105 warstw\u0119 Strong Bazy i utward\u017a j\u0105 w lampie 30 sek.<\/li>\n<li>Zaaplikuj Strong Baz\u0119 wewn\u0105trz Flexi Tips i przy\u0142\u00f3\u017c go do powierzchni paznokcia naturalnego, zaczynaj\u0105c od strony sk\u00f3rek. Zwr\u00f3\u0107 uwag\u0119, by pomi\u0119dzy tipsem a paznokciem naturalnym nie pozosta\u0142o powietrze i utward\u017a w lampie 30 sek.<\/li>\n<li>Przymocowane tipsy nale\u017cy zmatowi\u0107 i wykona\u0107 dalsz\u0105 stylizacj\u0119 lakierem hybrydowym.<\/li>\n<\/ol>","protected":false},"excerpt":{"rendered":"<p>Tipsy o wst\u0119pnie nadanym kszta\u0142cie, z matow\u0105 kieszonk\u0105, przyspieszaj\u0105ce i u\u0142atwiaj\u0105ce przed\u0142u\u017canie paznokci nadaj\u0105c im naturalny wygl\u0105d. Sprawdza si\u0119: Do ekspresowego przed\u0142u\u017cenia bez u\u017cycia szablon\u00f3w. Stworzenia poprawnie wyprofilowanych paznokci w kilka chwil. Do uzyskania naturalnego wygl\u0105du paznokci bez konieczno\u015bci nadbudowy i pi\u0142owania. Dla os\u00f3b pocz\u0105tkuj\u0105cych. Do paznokci bardzo kr\u00f3tkich i obgryzionych. Cechy: Elastyczne tipsy do [&hellip;]<\/p>\n","protected":false},"featured_media":5928,"comment_status":"closed","ping_status":"closed","template":"","meta":{"om_disable_all_campaigns":false,"ocean_post_layout":"","ocean_both_sidebars_style":"","ocean_both_sidebars_content_width":0,"ocean_both_sidebars_sidebars_width":0,"ocean_sidebar":"0","ocean_second_sidebar":"0","ocean_disable_margins":"enable","ocean_add_body_class":"","ocean_shortcode_before_top_bar":"","ocean_shortcode_after_top_bar":"","ocean_shortcode_before_header":"","ocean_shortcode_after_header":"","ocean_has_shortcode":"","ocean_shortcode_after_title":"","ocean_shortcode_before_footer_widgets":"","ocean_shortcode_after_footer_widgets":"","ocean_shortcode_before_footer_bottom":"","ocean_shortcode_after_footer_bottom":"","ocean_display_top_bar":"default","ocean_display_header":"default","ocean_header_style":"","ocean_center_header_left_menu":"0","ocean_custom_header_template":"0","ocean_custom_logo":0,"ocean_custom_retina_logo":0,"ocean_custom_logo_max_width":0,"ocean_custom_logo_tablet_max_width":0,"ocean_custom_logo_mobile_max_width":0,"ocean_custom_logo_max_height":0,"ocean_custom_logo_tablet_max_height":0,"ocean_custom_logo_mobile_max_height":0,"ocean_header_custom_menu":"0","ocean_menu_typo_font_family":"0","ocean_menu_typo_font_subset":"","ocean_menu_typo_font_size":0,"ocean_menu_typo_font_size_tablet":0,"ocean_menu_typo_font_size_mobile":0,"ocean_menu_typo_font_size_unit":"px","ocean_menu_typo_font_weight":"","ocean_menu_typo_font_weight_tablet":"","ocean_menu_typo_font_weight_mobile":"","ocean_menu_typo_transform":"","ocean_menu_typo_transform_tablet":"","ocean_menu_typo_transform_mobile":"","ocean_menu_typo_line_height":0,"ocean_menu_typo_line_height_tablet":0,"ocean_menu_typo_line_height_mobile":0,"ocean_menu_typo_line_height_unit":"","ocean_menu_typo_spacing":0,"ocean_menu_typo_spacing_tablet":0,"ocean_menu_typo_spacing_mobile":0,"ocean_menu_typo_spacing_unit":"","ocean_menu_link_color":"","ocean_menu_link_color_hover":"","ocean_menu_link_color_active":"","ocean_menu_link_background":"","ocean_menu_link_hover_background":"","ocean_menu_link_active_background":"","ocean_menu_social_links_bg":"","ocean_menu_social_hover_links_bg":"","ocean_menu_social_links_color":"","ocean_menu_social_hover_links_color":"","ocean_disable_title":"default","ocean_disable_heading":"default","ocean_post_title":"","ocean_post_subheading":"","ocean_post_title_style":"","ocean_post_title_background_color":"","ocean_post_title_background":0,"ocean_post_title_bg_image_position":"","ocean_post_title_bg_image_attachment":"","ocean_post_title_bg_image_repeat":"","ocean_post_title_bg_image_size":"","ocean_post_title_height":0,"ocean_post_title_bg_overlay":0.5,"ocean_post_title_bg_overlay_color":"","ocean_disable_breadcrumbs":"default","ocean_breadcrumbs_color":"","ocean_breadcrumbs_separator_color":"","ocean_breadcrumbs_links_color":"","ocean_breadcrumbs_links_hover_color":"","ocean_display_footer_widgets":"default","ocean_display_footer_bottom":"default","ocean_custom_footer_template":"0"},"product_brand":[],"product_cat":[139,176,189,110,141],"product_tag":[],"class_list":{"0":"post-5925","1":"product","2":"type-product","3":"status-publish","4":"has-post-thumbnail","6":"product_cat-akcesoria","7":"product_cat-marki","8":"product_cat-molly-lac-1","9":"product_cat-paznokcie","10":"product_cat-tipsy","12":"entry","13":"has-media","15":"first","16":"outofstock","17":"taxable","18":"shipping-taxable","19":"purchasable","20":"product-type-simple","21":"has-product-nav","22":"col","23":"span_1_of_3","24":"owp-content-center","25":"owp-thumbs-layout-horizontal","26":"owp-btn-normal","27":"owp-tabs-layout-horizontal"},"yoast_head":"<!-- This site is optimized with the Yoast SEO plugin v27.6 - https:\/\/yoast.com\/product\/yoast-seo-wordpress\/ -->\n<title>Tipsy do szybkiego przed\u0142u\u017cania paznokci Flexi Tips Molly Nails migda\u0142 1 p\u0142yta - velesnails<\/title>\n<meta name=\"robots\" content=\"index, follow, max-snippet:-1, max-image-preview:large, max-video-preview:-1\" \/>\n<link rel=\"canonical\" href=\"https:\/\/velesnails.pl\/en\/product\/tipsy-do-szybkiego-przedluzania-paznokci-flexi-tips-molly-nails-migdal-1-plyta\/\" \/>\n<meta property=\"og:locale\" content=\"en_GB\" \/>\n<meta property=\"og:type\" content=\"article\" \/>\n<meta property=\"og:title\" content=\"Tipsy do szybkiego przed\u0142u\u017cania paznokci Flexi Tips Molly Nails migda\u0142 1 p\u0142yta - velesnails\" \/>\n<meta property=\"og:description\" content=\"Tipsy o wst\u0119pnie nadanym kszta\u0142cie, z matow\u0105 kieszonk\u0105, przyspieszaj\u0105ce i u\u0142atwiaj\u0105ce przed\u0142u\u017canie paznokci nadaj\u0105c im naturalny wygl\u0105d. Sprawdza si\u0119: Do ekspresowego przed\u0142u\u017cenia bez u\u017cycia szablon\u00f3w. Stworzenia poprawnie wyprofilowanych paznokci w kilka chwil. Do uzyskania naturalnego wygl\u0105du paznokci bez konieczno\u015bci nadbudowy i pi\u0142owania. Dla os\u00f3b pocz\u0105tkuj\u0105cych. Do paznokci bardzo kr\u00f3tkich i obgryzionych. Cechy: Elastyczne tipsy do [&hellip;]\" \/>\n<meta property=\"og:url\" content=\"https:\/\/velesnails.pl\/en\/product\/tipsy-do-szybkiego-przedluzania-paznokci-flexi-tips-molly-nails-migdal-1-plyta\/\" \/>\n<meta property=\"og:site_name\" content=\"velesnails\" \/>\n<meta property=\"article:modified_time\" content=\"2025-07-24T14:23:32+00:00\" \/>\n<meta property=\"og:image\" content=\"https:\/\/i0.wp.com\/velesnails.pl\/wp-content\/uploads\/2025\/03\/tipsy-do-szybkiego-przedluzania-paznokci-flexi-tips-molly-nails-migdal-240-szt.jpg?fit=1000%2C1000&ssl=1\" \/>\n\t<meta property=\"og:image:width\" content=\"1000\" \/>\n\t<meta property=\"og:image:height\" content=\"1000\" \/>\n\t<meta property=\"og:image:type\" content=\"image\/jpeg\" \/>\n<meta name=\"twitter:card\" content=\"summary_large_image\" \/>\n<meta name=\"twitter:label1\" content=\"Estimated reading time\" \/>\n\t<meta name=\"twitter:data1\" content=\"2 minutes\" \/>\n<script type=\"application\/ld+json\" class=\"yoast-schema-graph\">{\"@context\":\"https:\\\/\\\/schema.org\",\"@graph\":[{\"@type\":\"WebPage\",\"@id\":\"https:\\\/\\\/velesnails.pl\\\/product\\\/tipsy-do-szybkiego-przedluzania-paznokci-flexi-tips-molly-nails-migdal-1-plyta\\\/\",\"url\":\"https:\\\/\\\/velesnails.pl\\\/product\\\/tipsy-do-szybkiego-przedluzania-paznokci-flexi-tips-molly-nails-migdal-1-plyta\\\/\",\"name\":\"Tipsy do szybkiego przed\u0142u\u017cania paznokci Flexi Tips Molly Nails migda\u0142 1 p\u0142yta - velesnails\",\"isPartOf\":{\"@id\":\"https:\\\/\\\/velesnails.pl\\\/#website\"},\"primaryImageOfPage\":{\"@id\":\"https:\\\/\\\/velesnails.pl\\\/product\\\/tipsy-do-szybkiego-przedluzania-paznokci-flexi-tips-molly-nails-migdal-1-plyta\\\/#primaryimage\"},\"image\":{\"@id\":\"https:\\\/\\\/velesnails.pl\\\/product\\\/tipsy-do-szybkiego-przedluzania-paznokci-flexi-tips-molly-nails-migdal-1-plyta\\\/#primaryimage\"},\"thumbnailUrl\":\"https:\\\/\\\/i0.wp.com\\\/velesnails.pl\\\/wp-content\\\/uploads\\\/2025\\\/03\\\/tipsy-do-szybkiego-przedluzania-paznokci-flexi-tips-molly-nails-migdal-240-szt.jpg?fit=1000%2C1000&ssl=1\",\"datePublished\":\"2025-03-05T12:23:34+00:00\",\"dateModified\":\"2025-07-24T14:23:32+00:00\",\"breadcrumb\":{\"@id\":\"https:\\\/\\\/velesnails.pl\\\/product\\\/tipsy-do-szybkiego-przedluzania-paznokci-flexi-tips-molly-nails-migdal-1-plyta\\\/#breadcrumb\"},\"inLanguage\":\"en-GB\",\"potentialAction\":[{\"@type\":\"ReadAction\",\"target\":[\"https:\\\/\\\/velesnails.pl\\\/product\\\/tipsy-do-szybkiego-przedluzania-paznokci-flexi-tips-molly-nails-migdal-1-plyta\\\/\"]}]},{\"@type\":\"ImageObject\",\"inLanguage\":\"en-GB\",\"@id\":\"https:\\\/\\\/velesnails.pl\\\/product\\\/tipsy-do-szybkiego-przedluzania-paznokci-flexi-tips-molly-nails-migdal-1-plyta\\\/#primaryimage\",\"url\":\"https:\\\/\\\/i0.wp.com\\\/velesnails.pl\\\/wp-content\\\/uploads\\\/2025\\\/03\\\/tipsy-do-szybkiego-przedluzania-paznokci-flexi-tips-molly-nails-migdal-240-szt.jpg?fit=1000%2C1000&ssl=1\",\"contentUrl\":\"https:\\\/\\\/i0.wp.com\\\/velesnails.pl\\\/wp-content\\\/uploads\\\/2025\\\/03\\\/tipsy-do-szybkiego-przedluzania-paznokci-flexi-tips-molly-nails-migdal-240-szt.jpg?fit=1000%2C1000&ssl=1\",\"width\":1000,\"height\":1000},{\"@type\":\"BreadcrumbList\",\"@id\":\"https:\\\/\\\/velesnails.pl\\\/product\\\/tipsy-do-szybkiego-przedluzania-paznokci-flexi-tips-molly-nails-migdal-1-plyta\\\/#breadcrumb\",\"itemListElement\":[{\"@type\":\"ListItem\",\"position\":1,\"name\":\"\u0413\u043e\u043b\u043e\u0432\u043d\u0430\",\"item\":\"https:\\\/\\\/velesnails.pl\\\/\"},{\"@type\":\"ListItem\",\"position\":2,\"name\":\"Sklep\",\"item\":\"https:\\\/\\\/velesnails.pl\\\/shop\\\/\"},{\"@type\":\"ListItem\",\"position\":3,\"name\":\"Tipsy do szybkiego przed\u0142u\u017cania paznokci Flexi Tips Molly Nails migda\u0142 1 p\u0142yta\"}]},{\"@type\":\"WebSite\",\"@id\":\"https:\\\/\\\/velesnails.pl\\\/#website\",\"url\":\"https:\\\/\\\/velesnails.pl\\\/\",\"name\":\"velesnails\",\"description\":\"Sklep z manicure\",\"publisher\":{\"@id\":\"https:\\\/\\\/velesnails.pl\\\/#organization\"},\"potentialAction\":[{\"@type\":\"SearchAction\",\"target\":{\"@type\":\"EntryPoint\",\"urlTemplate\":\"https:\\\/\\\/velesnails.pl\\\/?s={search_term_string}\"},\"query-input\":{\"@type\":\"PropertyValueSpecification\",\"valueRequired\":true,\"valueName\":\"search_term_string\"}}],\"inLanguage\":\"en-GB\"},{\"@type\":\"Organization\",\"@id\":\"https:\\\/\\\/velesnails.pl\\\/#organization\",\"name\":\"velesnails\",\"url\":\"https:\\\/\\\/velesnails.pl\\\/\",\"logo\":{\"@type\":\"ImageObject\",\"inLanguage\":\"en-GB\",\"@id\":\"https:\\\/\\\/velesnails.pl\\\/#\\\/schema\\\/logo\\\/image\\\/\",\"url\":\"https:\\\/\\\/i0.wp.com\\\/velesnails.pl\\\/wp-content\\\/uploads\\\/2025\\\/10\\\/cropped-obraz_viber_2025-10-22_13-55-55-969.jpg?fit=485%2C381&ssl=1\",\"contentUrl\":\"https:\\\/\\\/i0.wp.com\\\/velesnails.pl\\\/wp-content\\\/uploads\\\/2025\\\/10\\\/cropped-obraz_viber_2025-10-22_13-55-55-969.jpg?fit=485%2C381&ssl=1\",\"width\":485,\"height\":381,\"caption\":\"velesnails\"},\"image\":{\"@id\":\"https:\\\/\\\/velesnails.pl\\\/#\\\/schema\\\/logo\\\/image\\\/\"}}]}<\/script>\n<!-- \/ Yoast SEO plugin. -->","yoast_head_json":{"title":"Tipsy do szybkiego przed\u0142u\u017cania paznokci Flexi Tips Molly Nails migda\u0142 1 p\u0142yta - velesnails","robots":{"index":"index","follow":"follow","max-snippet":"max-snippet:-1","max-image-preview":"max-image-preview:large","max-video-preview":"max-video-preview:-1"},"canonical":"https:\/\/velesnails.pl\/en\/product\/tipsy-do-szybkiego-przedluzania-paznokci-flexi-tips-molly-nails-migdal-1-plyta\/","og_locale":"en_GB","og_type":"article","og_title":"Tipsy do szybkiego przed\u0142u\u017cania paznokci Flexi Tips Molly Nails migda\u0142 1 p\u0142yta - velesnails","og_description":"Tipsy o wst\u0119pnie nadanym kszta\u0142cie, z matow\u0105 kieszonk\u0105, przyspieszaj\u0105ce i u\u0142atwiaj\u0105ce przed\u0142u\u017canie paznokci nadaj\u0105c im naturalny wygl\u0105d. Sprawdza si\u0119: Do ekspresowego przed\u0142u\u017cenia bez u\u017cycia szablon\u00f3w. Stworzenia poprawnie wyprofilowanych paznokci w kilka chwil. Do uzyskania naturalnego wygl\u0105du paznokci bez konieczno\u015bci nadbudowy i pi\u0142owania. Dla os\u00f3b pocz\u0105tkuj\u0105cych. Do paznokci bardzo kr\u00f3tkich i obgryzionych. Cechy: Elastyczne tipsy do [&hellip;]","og_url":"https:\/\/velesnails.pl\/en\/product\/tipsy-do-szybkiego-przedluzania-paznokci-flexi-tips-molly-nails-migdal-1-plyta\/","og_site_name":"velesnails","article_modified_time":"2025-07-24T14:23:32+00:00","og_image":[{"width":1000,"height":1000,"url":"https:\/\/i0.wp.com\/velesnails.pl\/wp-content\/uploads\/2025\/03\/tipsy-do-szybkiego-przedluzania-paznokci-flexi-tips-molly-nails-migdal-240-szt.jpg?fit=1000%2C1000&ssl=1","type":"image\/jpeg"}],"twitter_card":"summary_large_image","twitter_misc":{"Estimated reading time":"2 minutes"},"schema":{"@context":"https:\/\/schema.org","@graph":[{"@type":"WebPage","@id":"https:\/\/velesnails.pl\/product\/tipsy-do-szybkiego-przedluzania-paznokci-flexi-tips-molly-nails-migdal-1-plyta\/","url":"https:\/\/velesnails.pl\/product\/tipsy-do-szybkiego-przedluzania-paznokci-flexi-tips-molly-nails-migdal-1-plyta\/","name":"Tipsy do szybkiego przed\u0142u\u017cania paznokci Flexi Tips Molly Nails migda\u0142 1 p\u0142yta - velesnails","isPartOf":{"@id":"https:\/\/velesnails.pl\/#website"},"primaryImageOfPage":{"@id":"https:\/\/velesnails.pl\/product\/tipsy-do-szybkiego-przedluzania-paznokci-flexi-tips-molly-nails-migdal-1-plyta\/#primaryimage"},"image":{"@id":"https:\/\/velesnails.pl\/product\/tipsy-do-szybkiego-przedluzania-paznokci-flexi-tips-molly-nails-migdal-1-plyta\/#primaryimage"},"thumbnailUrl":"https:\/\/i0.wp.com\/velesnails.pl\/wp-content\/uploads\/2025\/03\/tipsy-do-szybkiego-przedluzania-paznokci-flexi-tips-molly-nails-migdal-240-szt.jpg?fit=1000%2C1000&ssl=1","datePublished":"2025-03-05T12:23:34+00:00","dateModified":"2025-07-24T14:23:32+00:00","breadcrumb":{"@id":"https:\/\/velesnails.pl\/product\/tipsy-do-szybkiego-przedluzania-paznokci-flexi-tips-molly-nails-migdal-1-plyta\/#breadcrumb"},"inLanguage":"en-GB","potentialAction":[{"@type":"ReadAction","target":["https:\/\/velesnails.pl\/product\/tipsy-do-szybkiego-przedluzania-paznokci-flexi-tips-molly-nails-migdal-1-plyta\/"]}]},{"@type":"ImageObject","inLanguage":"en-GB","@id":"https:\/\/velesnails.pl\/product\/tipsy-do-szybkiego-przedluzania-paznokci-flexi-tips-molly-nails-migdal-1-plyta\/#primaryimage","url":"https:\/\/i0.wp.com\/velesnails.pl\/wp-content\/uploads\/2025\/03\/tipsy-do-szybkiego-przedluzania-paznokci-flexi-tips-molly-nails-migdal-240-szt.jpg?fit=1000%2C1000&ssl=1","contentUrl":"https:\/\/i0.wp.com\/velesnails.pl\/wp-content\/uploads\/2025\/03\/tipsy-do-szybkiego-przedluzania-paznokci-flexi-tips-molly-nails-migdal-240-szt.jpg?fit=1000%2C1000&ssl=1","width":1000,"height":1000},{"@type":"BreadcrumbList","@id":"https:\/\/velesnails.pl\/product\/tipsy-do-szybkiego-przedluzania-paznokci-flexi-tips-molly-nails-migdal-1-plyta\/#breadcrumb","itemListElement":[{"@type":"ListItem","position":1,"name":"\u0413\u043e\u043b\u043e\u0432\u043d\u0430","item":"https:\/\/velesnails.pl\/"},{"@type":"ListItem","position":2,"name":"Sklep","item":"https:\/\/velesnails.pl\/shop\/"},{"@type":"ListItem","position":3,"name":"Tipsy do szybkiego przed\u0142u\u017cania paznokci Flexi Tips Molly Nails migda\u0142 1 p\u0142yta"}]},{"@type":"WebSite","@id":"https:\/\/velesnails.pl\/#website","url":"https:\/\/velesnails.pl\/","name":"velesnails","description":"Manicure shop","publisher":{"@id":"https:\/\/velesnails.pl\/#organization"},"potentialAction":[{"@type":"SearchAction","target":{"@type":"EntryPoint","urlTemplate":"https:\/\/velesnails.pl\/?s={search_term_string}"},"query-input":{"@type":"PropertyValueSpecification","valueRequired":true,"valueName":"search_term_string"}}],"inLanguage":"en-GB"},{"@type":"Organization","@id":"https:\/\/velesnails.pl\/#organization","name":"velesnails","url":"https:\/\/velesnails.pl\/","logo":{"@type":"ImageObject","inLanguage":"en-GB","@id":"https:\/\/velesnails.pl\/#\/schema\/logo\/image\/","url":"https:\/\/i0.wp.com\/velesnails.pl\/wp-content\/uploads\/2025\/10\/cropped-obraz_viber_2025-10-22_13-55-55-969.jpg?fit=485%2C381&ssl=1","contentUrl":"https:\/\/i0.wp.com\/velesnails.pl\/wp-content\/uploads\/2025\/10\/cropped-obraz_viber_2025-10-22_13-55-55-969.jpg?fit=485%2C381&ssl=1","width":485,"height":381,"caption":"velesnails"},"image":{"@id":"https:\/\/velesnails.pl\/#\/schema\/logo\/image\/"}}]}},"_links":{"self":[{"href":"https:\/\/velesnails.pl\/en\/wp-json\/wp\/v2\/product\/5925","targetHints":{"allow":["GET"]}}],"collection":[{"href":"https:\/\/velesnails.pl\/en\/wp-json\/wp\/v2\/product"}],"about":[{"href":"https:\/\/velesnails.pl\/en\/wp-json\/wp\/v2\/types\/product"}],"replies":[{"embeddable":true,"href":"https:\/\/velesnails.pl\/en\/wp-json\/wp\/v2\/comments?post=5925"}],"wp:featuredmedia":[{"embeddable":true,"href":"https:\/\/velesnails.pl\/en\/wp-json\/wp\/v2\/media\/5928"}],"wp:attachment":[{"href":"https:\/\/velesnails.pl\/en\/wp-json\/wp\/v2\/media?parent=5925"}],"wp:term":[{"taxonomy":"product_brand","embeddable":true,"href":"https:\/\/velesnails.pl\/en\/wp-json\/wp\/v2\/product_brand?post=5925"},{"taxonomy":"product_cat","embeddable":true,"href":"https:\/\/velesnails.pl\/en\/wp-json\/wp\/v2\/product_cat?post=5925"},{"taxonomy":"product_tag","embeddable":true,"href":"https:\/\/velesnails.pl\/en\/wp-json\/wp\/v2\/product_tag?post=5925"}],"curies":[{"name":"wp","href":"https:\/\/api.w.org\/{rel}","templated":true}]}}