{"id":5906,"date":"2025-03-05T13:46:09","date_gmt":"2025-03-05T10:46:09","guid":{"rendered":"https:\/\/velesnails.pl\/?post_type=product&#038;p=5906"},"modified":"2026-01-18T11:44:29","modified_gmt":"2026-01-18T08:44:29","slug":"guma-ochronna-protector-gum-mollylac-10-ml","status":"publish","type":"product","link":"https:\/\/velesnails.pl\/en\/product\/guma-ochronna-protector-gum-mollylac-10-ml\/","title":{"rendered":"Guma ochronna Protector Gum MollyLac 10 ml"},"content":{"rendered":"<h2>Guma ochronna Protector Gum MollyLac 10 ml<\/h2>\n<p>Chro\u0144 sk\u00f3rki z\u00a0<strong>Protector Gum Molly Lac<\/strong>! Oszcz\u0119dzaj czas!<\/p>\n<p>Idealne rozwi\u0105zanie przed zabrudzeniem i zalaniem sk\u00f3rek<\/p>\n<p>U\u017cywasz blaszek do stempli? Wykonujesz ombre g\u0105beczk\u0105?<\/p>\n<p>Teraz nie musisz si\u0119 martwi\u0107. Po sko\u0144czonej stylizacji wystarczy \u015bci\u0105gn\u0105\u0107\u00a0<strong>Protector Gum Molly Lac<\/strong>\u00a0i ciesz si\u0119 czystymi i nienaruszonymi sk\u00f3rkami wok\u00f3\u0142 paznokci!<\/p>\n<ol>\n<li>Na\u0142\u00f3\u017c Protector Gum na sk\u00f3rki dooko\u0142a paznokcia.<\/li>\n<li>zostaw preparat do wyschni\u0119cia &#8211; stanie si\u0119 on matowy.<\/li>\n<li>Wykonaj swoje ulubione ombre lub zdobienie paznokci.<\/li>\n<li>Za pomoc\u0105 p\u0119sety usu\u0144 delikatnie ochronn\u0105 gum\u0119.<\/li>\n<li>Ciesz si\u0119 swoj\u0105 idealn\u0105 stylizacj\u0105.<\/li>\n<\/ol>\n<p><strong>Ostrze\u017cenia:<\/strong><\/p>\n<ul>\n<li>Keep out of the reach of children.<\/li>\n<li>May cause an allergic reaction.<\/li>\n<li>Avoid contact with eyes.<\/li>\n<li>Please read the directions for use carefully.<\/li>\n<\/ul>","protected":false},"excerpt":{"rendered":"<p>Guma ochronna Protector Gum MollyLac 10 ml Chro\u0144 sk\u00f3rki z\u00a0Protector Gum Molly Lac! Oszcz\u0119dzaj czas! Idealne rozwi\u0105zanie przed zabrudzeniem i zalaniem sk\u00f3rek U\u017cywasz blaszek do stempli? Wykonujesz ombre g\u0105beczk\u0105? Teraz nie musisz si\u0119 martwi\u0107. Po sko\u0144czonej stylizacji wystarczy \u015bci\u0105gn\u0105\u0107\u00a0Protector Gum Molly Lac\u00a0i ciesz si\u0119 czystymi i nienaruszonymi sk\u00f3rkami wok\u00f3\u0142 paznokci! Na\u0142\u00f3\u017c Protector Gum na sk\u00f3rki [&hellip;]<\/p>\n","protected":false},"featured_media":5909,"comment_status":"closed","ping_status":"closed","template":"","meta":{"om_disable_all_campaigns":false,"ocean_post_layout":"","ocean_both_sidebars_style":"","ocean_both_sidebars_content_width":0,"ocean_both_sidebars_sidebars_width":0,"ocean_sidebar":"0","ocean_second_sidebar":"0","ocean_disable_margins":"enable","ocean_add_body_class":"","ocean_shortcode_before_top_bar":"","ocean_shortcode_after_top_bar":"","ocean_shortcode_before_header":"","ocean_shortcode_after_header":"","ocean_has_shortcode":"","ocean_shortcode_after_title":"","ocean_shortcode_before_footer_widgets":"","ocean_shortcode_after_footer_widgets":"","ocean_shortcode_before_footer_bottom":"","ocean_shortcode_after_footer_bottom":"","ocean_display_top_bar":"default","ocean_display_header":"default","ocean_header_style":"","ocean_center_header_left_menu":"0","ocean_custom_header_template":"0","ocean_custom_logo":0,"ocean_custom_retina_logo":0,"ocean_custom_logo_max_width":0,"ocean_custom_logo_tablet_max_width":0,"ocean_custom_logo_mobile_max_width":0,"ocean_custom_logo_max_height":0,"ocean_custom_logo_tablet_max_height":0,"ocean_custom_logo_mobile_max_height":0,"ocean_header_custom_menu":"0","ocean_menu_typo_font_family":"0","ocean_menu_typo_font_subset":"","ocean_menu_typo_font_size":0,"ocean_menu_typo_font_size_tablet":0,"ocean_menu_typo_font_size_mobile":0,"ocean_menu_typo_font_size_unit":"px","ocean_menu_typo_font_weight":"","ocean_menu_typo_font_weight_tablet":"","ocean_menu_typo_font_weight_mobile":"","ocean_menu_typo_transform":"","ocean_menu_typo_transform_tablet":"","ocean_menu_typo_transform_mobile":"","ocean_menu_typo_line_height":0,"ocean_menu_typo_line_height_tablet":0,"ocean_menu_typo_line_height_mobile":0,"ocean_menu_typo_line_height_unit":"","ocean_menu_typo_spacing":0,"ocean_menu_typo_spacing_tablet":0,"ocean_menu_typo_spacing_mobile":0,"ocean_menu_typo_spacing_unit":"","ocean_menu_link_color":"","ocean_menu_link_color_hover":"","ocean_menu_link_color_active":"","ocean_menu_link_background":"","ocean_menu_link_hover_background":"","ocean_menu_link_active_background":"","ocean_menu_social_links_bg":"","ocean_menu_social_hover_links_bg":"","ocean_menu_social_links_color":"","ocean_menu_social_hover_links_color":"","ocean_disable_title":"default","ocean_disable_heading":"default","ocean_post_title":"","ocean_post_subheading":"","ocean_post_title_style":"","ocean_post_title_background_color":"","ocean_post_title_background":0,"ocean_post_title_bg_image_position":"","ocean_post_title_bg_image_attachment":"","ocean_post_title_bg_image_repeat":"","ocean_post_title_bg_image_size":"","ocean_post_title_height":0,"ocean_post_title_bg_overlay":0.5,"ocean_post_title_bg_overlay_color":"","ocean_disable_breadcrumbs":"default","ocean_breadcrumbs_color":"","ocean_breadcrumbs_separator_color":"","ocean_breadcrumbs_links_color":"","ocean_breadcrumbs_links_hover_color":"","ocean_display_footer_widgets":"default","ocean_display_footer_bottom":"default","ocean_custom_footer_template":"0"},"product_brand":[],"product_cat":[197,139,176,189,125,110,129],"product_tag":[],"class_list":{"0":"post-5906","1":"product","2":"type-product","3":"status-publish","4":"has-post-thumbnail","6":"product_cat-acsesoria-1","7":"product_cat-akcesoria","8":"product_cat-marki","9":"product_cat-molly-lac-1","10":"product_cat-nail-art","11":"product_cat-paznokcie","12":"product_cat-stamping","14":"entry","15":"has-media","17":"first","18":"instock","19":"taxable","20":"shipping-taxable","21":"purchasable","22":"product-type-simple","23":"has-product-nav","24":"col","25":"span_1_of_3","26":"owp-content-center","27":"owp-thumbs-layout-horizontal","28":"owp-btn-normal","29":"owp-tabs-layout-horizontal"},"yoast_head":"<!-- This site is optimized with the Yoast SEO plugin v27.6 - https:\/\/yoast.com\/product\/yoast-seo-wordpress\/ -->\n<title>Guma ochronna Protector Gum MollyLac 10 ml - velesnails<\/title>\n<meta name=\"robots\" content=\"index, follow, max-snippet:-1, max-image-preview:large, max-video-preview:-1\" \/>\n<link rel=\"canonical\" href=\"https:\/\/velesnails.pl\/en\/product\/guma-ochronna-protector-gum-mollylac-10-ml\/\" \/>\n<meta property=\"og:locale\" content=\"en_GB\" \/>\n<meta property=\"og:type\" content=\"article\" \/>\n<meta property=\"og:title\" content=\"Guma ochronna Protector Gum MollyLac 10 ml - velesnails\" \/>\n<meta property=\"og:description\" content=\"Guma ochronna Protector Gum MollyLac 10 ml Chro\u0144 sk\u00f3rki z\u00a0Protector Gum Molly Lac! Oszcz\u0119dzaj czas! Idealne rozwi\u0105zanie przed zabrudzeniem i zalaniem sk\u00f3rek U\u017cywasz blaszek do stempli? Wykonujesz ombre g\u0105beczk\u0105? Teraz nie musisz si\u0119 martwi\u0107. Po sko\u0144czonej stylizacji wystarczy \u015bci\u0105gn\u0105\u0107\u00a0Protector Gum Molly Lac\u00a0i ciesz si\u0119 czystymi i nienaruszonymi sk\u00f3rkami wok\u00f3\u0142 paznokci! Na\u0142\u00f3\u017c Protector Gum na sk\u00f3rki [&hellip;]\" \/>\n<meta property=\"og:url\" content=\"https:\/\/velesnails.pl\/en\/product\/guma-ochronna-protector-gum-mollylac-10-ml\/\" \/>\n<meta property=\"og:site_name\" content=\"velesnails\" \/>\n<meta property=\"article:modified_time\" content=\"2026-01-18T08:44:29+00:00\" \/>\n<meta property=\"og:image\" content=\"https:\/\/velesnails.pl\/wp-content\/uploads\/2025\/03\/guma-ochronna-protector-gum-mollylac-10-ml.jpg\" \/>\n\t<meta property=\"og:image:width\" content=\"1000\" \/>\n\t<meta property=\"og:image:height\" content=\"1000\" \/>\n\t<meta property=\"og:image:type\" content=\"image\/jpeg\" \/>\n<meta name=\"twitter:card\" content=\"summary_large_image\" \/>\n<meta name=\"twitter:label1\" content=\"Estimated reading time\" \/>\n\t<meta name=\"twitter:data1\" content=\"1 minute\" \/>\n<script type=\"application\/ld+json\" class=\"yoast-schema-graph\">{\"@context\":\"https:\\\/\\\/schema.org\",\"@graph\":[{\"@type\":\"WebPage\",\"@id\":\"https:\\\/\\\/velesnails.pl\\\/product\\\/guma-ochronna-protector-gum-mollylac-10-ml\\\/\",\"url\":\"https:\\\/\\\/velesnails.pl\\\/product\\\/guma-ochronna-protector-gum-mollylac-10-ml\\\/\",\"name\":\"Guma ochronna Protector Gum MollyLac 10 ml - velesnails\",\"isPartOf\":{\"@id\":\"https:\\\/\\\/velesnails.pl\\\/#website\"},\"primaryImageOfPage\":{\"@id\":\"https:\\\/\\\/velesnails.pl\\\/product\\\/guma-ochronna-protector-gum-mollylac-10-ml\\\/#primaryimage\"},\"image\":{\"@id\":\"https:\\\/\\\/velesnails.pl\\\/product\\\/guma-ochronna-protector-gum-mollylac-10-ml\\\/#primaryimage\"},\"thumbnailUrl\":\"https:\\\/\\\/i0.wp.com\\\/velesnails.pl\\\/wp-content\\\/uploads\\\/2025\\\/03\\\/guma-ochronna-protector-gum-mollylac-10-ml.jpg?fit=1000%2C1000&ssl=1\",\"datePublished\":\"2025-03-05T10:46:09+00:00\",\"dateModified\":\"2026-01-18T08:44:29+00:00\",\"breadcrumb\":{\"@id\":\"https:\\\/\\\/velesnails.pl\\\/product\\\/guma-ochronna-protector-gum-mollylac-10-ml\\\/#breadcrumb\"},\"inLanguage\":\"en-GB\",\"potentialAction\":[{\"@type\":\"ReadAction\",\"target\":[\"https:\\\/\\\/velesnails.pl\\\/product\\\/guma-ochronna-protector-gum-mollylac-10-ml\\\/\"]}]},{\"@type\":\"ImageObject\",\"inLanguage\":\"en-GB\",\"@id\":\"https:\\\/\\\/velesnails.pl\\\/product\\\/guma-ochronna-protector-gum-mollylac-10-ml\\\/#primaryimage\",\"url\":\"https:\\\/\\\/i0.wp.com\\\/velesnails.pl\\\/wp-content\\\/uploads\\\/2025\\\/03\\\/guma-ochronna-protector-gum-mollylac-10-ml.jpg?fit=1000%2C1000&ssl=1\",\"contentUrl\":\"https:\\\/\\\/i0.wp.com\\\/velesnails.pl\\\/wp-content\\\/uploads\\\/2025\\\/03\\\/guma-ochronna-protector-gum-mollylac-10-ml.jpg?fit=1000%2C1000&ssl=1\",\"width\":1000,\"height\":1000},{\"@type\":\"BreadcrumbList\",\"@id\":\"https:\\\/\\\/velesnails.pl\\\/product\\\/guma-ochronna-protector-gum-mollylac-10-ml\\\/#breadcrumb\",\"itemListElement\":[{\"@type\":\"ListItem\",\"position\":1,\"name\":\"\u0413\u043e\u043b\u043e\u0432\u043d\u0430\",\"item\":\"https:\\\/\\\/velesnails.pl\\\/\"},{\"@type\":\"ListItem\",\"position\":2,\"name\":\"Sklep\",\"item\":\"https:\\\/\\\/velesnails.pl\\\/shop\\\/\"},{\"@type\":\"ListItem\",\"position\":3,\"name\":\"Guma ochronna Protector Gum MollyLac 10 ml\"}]},{\"@type\":\"WebSite\",\"@id\":\"https:\\\/\\\/velesnails.pl\\\/#website\",\"url\":\"https:\\\/\\\/velesnails.pl\\\/\",\"name\":\"velesnails\",\"description\":\"Sklep z manicure\",\"publisher\":{\"@id\":\"https:\\\/\\\/velesnails.pl\\\/#organization\"},\"potentialAction\":[{\"@type\":\"SearchAction\",\"target\":{\"@type\":\"EntryPoint\",\"urlTemplate\":\"https:\\\/\\\/velesnails.pl\\\/?s={search_term_string}\"},\"query-input\":{\"@type\":\"PropertyValueSpecification\",\"valueRequired\":true,\"valueName\":\"search_term_string\"}}],\"inLanguage\":\"en-GB\"},{\"@type\":\"Organization\",\"@id\":\"https:\\\/\\\/velesnails.pl\\\/#organization\",\"name\":\"velesnails\",\"url\":\"https:\\\/\\\/velesnails.pl\\\/\",\"logo\":{\"@type\":\"ImageObject\",\"inLanguage\":\"en-GB\",\"@id\":\"https:\\\/\\\/velesnails.pl\\\/#\\\/schema\\\/logo\\\/image\\\/\",\"url\":\"https:\\\/\\\/i0.wp.com\\\/velesnails.pl\\\/wp-content\\\/uploads\\\/2025\\\/10\\\/cropped-obraz_viber_2025-10-22_13-55-55-969.jpg?fit=485%2C381&ssl=1\",\"contentUrl\":\"https:\\\/\\\/i0.wp.com\\\/velesnails.pl\\\/wp-content\\\/uploads\\\/2025\\\/10\\\/cropped-obraz_viber_2025-10-22_13-55-55-969.jpg?fit=485%2C381&ssl=1\",\"width\":485,\"height\":381,\"caption\":\"velesnails\"},\"image\":{\"@id\":\"https:\\\/\\\/velesnails.pl\\\/#\\\/schema\\\/logo\\\/image\\\/\"}}]}<\/script>\n<!-- \/ Yoast SEO plugin. -->","yoast_head_json":{"title":"Guma ochronna Protector Gum MollyLac 10 ml - velesnails","robots":{"index":"index","follow":"follow","max-snippet":"max-snippet:-1","max-image-preview":"max-image-preview:large","max-video-preview":"max-video-preview:-1"},"canonical":"https:\/\/velesnails.pl\/en\/product\/guma-ochronna-protector-gum-mollylac-10-ml\/","og_locale":"en_GB","og_type":"article","og_title":"Guma ochronna Protector Gum MollyLac 10 ml - velesnails","og_description":"Guma ochronna Protector Gum MollyLac 10 ml Chro\u0144 sk\u00f3rki z\u00a0Protector Gum Molly Lac! Oszcz\u0119dzaj czas! Idealne rozwi\u0105zanie przed zabrudzeniem i zalaniem sk\u00f3rek U\u017cywasz blaszek do stempli? Wykonujesz ombre g\u0105beczk\u0105? Teraz nie musisz si\u0119 martwi\u0107. Po sko\u0144czonej stylizacji wystarczy \u015bci\u0105gn\u0105\u0107\u00a0Protector Gum Molly Lac\u00a0i ciesz si\u0119 czystymi i nienaruszonymi sk\u00f3rkami wok\u00f3\u0142 paznokci! Na\u0142\u00f3\u017c Protector Gum na sk\u00f3rki [&hellip;]","og_url":"https:\/\/velesnails.pl\/en\/product\/guma-ochronna-protector-gum-mollylac-10-ml\/","og_site_name":"velesnails","article_modified_time":"2026-01-18T08:44:29+00:00","og_image":[{"width":1000,"height":1000,"url":"https:\/\/velesnails.pl\/wp-content\/uploads\/2025\/03\/guma-ochronna-protector-gum-mollylac-10-ml.jpg","type":"image\/jpeg"}],"twitter_card":"summary_large_image","twitter_misc":{"Estimated reading time":"1 minute"},"schema":{"@context":"https:\/\/schema.org","@graph":[{"@type":"WebPage","@id":"https:\/\/velesnails.pl\/product\/guma-ochronna-protector-gum-mollylac-10-ml\/","url":"https:\/\/velesnails.pl\/product\/guma-ochronna-protector-gum-mollylac-10-ml\/","name":"Guma ochronna Protector Gum MollyLac 10 ml - velesnails","isPartOf":{"@id":"https:\/\/velesnails.pl\/#website"},"primaryImageOfPage":{"@id":"https:\/\/velesnails.pl\/product\/guma-ochronna-protector-gum-mollylac-10-ml\/#primaryimage"},"image":{"@id":"https:\/\/velesnails.pl\/product\/guma-ochronna-protector-gum-mollylac-10-ml\/#primaryimage"},"thumbnailUrl":"https:\/\/i0.wp.com\/velesnails.pl\/wp-content\/uploads\/2025\/03\/guma-ochronna-protector-gum-mollylac-10-ml.jpg?fit=1000%2C1000&ssl=1","datePublished":"2025-03-05T10:46:09+00:00","dateModified":"2026-01-18T08:44:29+00:00","breadcrumb":{"@id":"https:\/\/velesnails.pl\/product\/guma-ochronna-protector-gum-mollylac-10-ml\/#breadcrumb"},"inLanguage":"en-GB","potentialAction":[{"@type":"ReadAction","target":["https:\/\/velesnails.pl\/product\/guma-ochronna-protector-gum-mollylac-10-ml\/"]}]},{"@type":"ImageObject","inLanguage":"en-GB","@id":"https:\/\/velesnails.pl\/product\/guma-ochronna-protector-gum-mollylac-10-ml\/#primaryimage","url":"https:\/\/i0.wp.com\/velesnails.pl\/wp-content\/uploads\/2025\/03\/guma-ochronna-protector-gum-mollylac-10-ml.jpg?fit=1000%2C1000&ssl=1","contentUrl":"https:\/\/i0.wp.com\/velesnails.pl\/wp-content\/uploads\/2025\/03\/guma-ochronna-protector-gum-mollylac-10-ml.jpg?fit=1000%2C1000&ssl=1","width":1000,"height":1000},{"@type":"BreadcrumbList","@id":"https:\/\/velesnails.pl\/product\/guma-ochronna-protector-gum-mollylac-10-ml\/#breadcrumb","itemListElement":[{"@type":"ListItem","position":1,"name":"\u0413\u043e\u043b\u043e\u0432\u043d\u0430","item":"https:\/\/velesnails.pl\/"},{"@type":"ListItem","position":2,"name":"Sklep","item":"https:\/\/velesnails.pl\/shop\/"},{"@type":"ListItem","position":3,"name":"Guma ochronna Protector Gum MollyLac 10 ml"}]},{"@type":"WebSite","@id":"https:\/\/velesnails.pl\/#website","url":"https:\/\/velesnails.pl\/","name":"velesnails","description":"Manicure shop","publisher":{"@id":"https:\/\/velesnails.pl\/#organization"},"potentialAction":[{"@type":"SearchAction","target":{"@type":"EntryPoint","urlTemplate":"https:\/\/velesnails.pl\/?s={search_term_string}"},"query-input":{"@type":"PropertyValueSpecification","valueRequired":true,"valueName":"search_term_string"}}],"inLanguage":"en-GB"},{"@type":"Organization","@id":"https:\/\/velesnails.pl\/#organization","name":"velesnails","url":"https:\/\/velesnails.pl\/","logo":{"@type":"ImageObject","inLanguage":"en-GB","@id":"https:\/\/velesnails.pl\/#\/schema\/logo\/image\/","url":"https:\/\/i0.wp.com\/velesnails.pl\/wp-content\/uploads\/2025\/10\/cropped-obraz_viber_2025-10-22_13-55-55-969.jpg?fit=485%2C381&ssl=1","contentUrl":"https:\/\/i0.wp.com\/velesnails.pl\/wp-content\/uploads\/2025\/10\/cropped-obraz_viber_2025-10-22_13-55-55-969.jpg?fit=485%2C381&ssl=1","width":485,"height":381,"caption":"velesnails"},"image":{"@id":"https:\/\/velesnails.pl\/#\/schema\/logo\/image\/"}}]}},"_links":{"self":[{"href":"https:\/\/velesnails.pl\/en\/wp-json\/wp\/v2\/product\/5906","targetHints":{"allow":["GET"]}}],"collection":[{"href":"https:\/\/velesnails.pl\/en\/wp-json\/wp\/v2\/product"}],"about":[{"href":"https:\/\/velesnails.pl\/en\/wp-json\/wp\/v2\/types\/product"}],"replies":[{"embeddable":true,"href":"https:\/\/velesnails.pl\/en\/wp-json\/wp\/v2\/comments?post=5906"}],"wp:featuredmedia":[{"embeddable":true,"href":"https:\/\/velesnails.pl\/en\/wp-json\/wp\/v2\/media\/5909"}],"wp:attachment":[{"href":"https:\/\/velesnails.pl\/en\/wp-json\/wp\/v2\/media?parent=5906"}],"wp:term":[{"taxonomy":"product_brand","embeddable":true,"href":"https:\/\/velesnails.pl\/en\/wp-json\/wp\/v2\/product_brand?post=5906"},{"taxonomy":"product_cat","embeddable":true,"href":"https:\/\/velesnails.pl\/en\/wp-json\/wp\/v2\/product_cat?post=5906"},{"taxonomy":"product_tag","embeddable":true,"href":"https:\/\/velesnails.pl\/en\/wp-json\/wp\/v2\/product_tag?post=5906"}],"curies":[{"name":"wp","href":"https:\/\/api.w.org\/{rel}","templated":true}]}}