{"id":5784,"date":"2025-02-20T18:02:55","date_gmt":"2025-02-20T15:02:55","guid":{"rendered":"https:\/\/velesnails.pl\/?post_type=product&#038;p=5784"},"modified":"2025-09-01T11:08:21","modified_gmt":"2025-09-01T08:08:21","slug":"polerka-polksiezyc-mini-expert-41-100-180-grit-20-szt","status":"publish","type":"product","link":"https:\/\/velesnails.pl\/en\/product\/polerka-polksiezyc-mini-expert-41-100-180-grit-20-szt\/","title":{"rendered":"Polerka p\u00f3\u0142ksi\u0119\u017cyc mini EXPERT 41 100\/180 grit (20 szt)"},"content":{"rendered":"<ul>\n<li>S\u0142u\u017cy do wyr\u00f3wnywania p\u0142ytki paznokciowej, nadania niezb\u0119dnego kszta\u0142tu i przygotowania do na\u0142o\u017cenia sztucznego materia\u0142u.<\/li>\n<li>Nadaje si\u0119 do korekcji i wyg\u0142adzania nier\u00f3wno\u015bci p\u0142ytki paznokcia po modelowaniu, a tak\u017ce polerowania sztucznych paznokci.<\/li>\n<li>Kszta\u0142t p\u00f3\u0142ksi\u0119\u017cyca i niewielki rozmiar pilnika jest \u0142atwy w u\u017cyciu i pozwala na precyzyjne polerowanie.<\/li>\n<li>Zaokr\u0105glone ko\u0144c\u00f3wki polerki zosta\u0142y specjalnie obrobione, nie skalecz\u0105 klienta i pozwol\u0105 na komfortow\u0105 prac\u0119 w okolice wa\u0142\u00f3w paznokciowych i przy sk\u00f3rkach.<\/li>\n<li>Wysokiej jako\u015bci materia\u0142 \u015bcierny zachowuje swoje w\u0142a\u015bciwo\u015bci przez d\u0142ugi czas.<\/li>\n<li>2 strony robocze.<\/li>\n<li>\u015acierniwo o gradacji 100\/180.<\/li>\n<li>Rozmiar polerki 85*30*12 mm.<\/li>\n<li>Opakowanie 20 sztuk.<\/li>\n<li>Do jednorazowego u\u017cytku.<\/li>\n<\/ul>","protected":false},"excerpt":{"rendered":"<p>S\u0142u\u017cy do wyr\u00f3wnywania p\u0142ytki paznokciowej, nadania niezb\u0119dnego kszta\u0142tu i przygotowania do na\u0142o\u017cenia sztucznego materia\u0142u. Nadaje si\u0119 do korekcji i wyg\u0142adzania nier\u00f3wno\u015bci p\u0142ytki paznokcia po modelowaniu, a tak\u017ce polerowania sztucznych paznokci. Kszta\u0142t p\u00f3\u0142ksi\u0119\u017cyca i niewielki rozmiar pilnika jest \u0142atwy w u\u017cyciu i pozwala na precyzyjne polerowanie. Zaokr\u0105glone ko\u0144c\u00f3wki polerki zosta\u0142y specjalnie obrobione, nie skalecz\u0105 klienta i [&hellip;]<\/p>\n","protected":false},"featured_media":5786,"comment_status":"closed","ping_status":"closed","template":"","meta":{"om_disable_all_campaigns":false,"ocean_post_layout":"","ocean_both_sidebars_style":"","ocean_both_sidebars_content_width":0,"ocean_both_sidebars_sidebars_width":0,"ocean_sidebar":"0","ocean_second_sidebar":"0","ocean_disable_margins":"enable","ocean_add_body_class":"","ocean_shortcode_before_top_bar":"","ocean_shortcode_after_top_bar":"","ocean_shortcode_before_header":"","ocean_shortcode_after_header":"","ocean_has_shortcode":"","ocean_shortcode_after_title":"","ocean_shortcode_before_footer_widgets":"","ocean_shortcode_after_footer_widgets":"","ocean_shortcode_before_footer_bottom":"","ocean_shortcode_after_footer_bottom":"","ocean_display_top_bar":"default","ocean_display_header":"default","ocean_header_style":"","ocean_center_header_left_menu":"0","ocean_custom_header_template":"0","ocean_custom_logo":0,"ocean_custom_retina_logo":0,"ocean_custom_logo_max_width":0,"ocean_custom_logo_tablet_max_width":0,"ocean_custom_logo_mobile_max_width":0,"ocean_custom_logo_max_height":0,"ocean_custom_logo_tablet_max_height":0,"ocean_custom_logo_mobile_max_height":0,"ocean_header_custom_menu":"0","ocean_menu_typo_font_family":"0","ocean_menu_typo_font_subset":"","ocean_menu_typo_font_size":0,"ocean_menu_typo_font_size_tablet":0,"ocean_menu_typo_font_size_mobile":0,"ocean_menu_typo_font_size_unit":"px","ocean_menu_typo_font_weight":"","ocean_menu_typo_font_weight_tablet":"","ocean_menu_typo_font_weight_mobile":"","ocean_menu_typo_transform":"","ocean_menu_typo_transform_tablet":"","ocean_menu_typo_transform_mobile":"","ocean_menu_typo_line_height":0,"ocean_menu_typo_line_height_tablet":0,"ocean_menu_typo_line_height_mobile":0,"ocean_menu_typo_line_height_unit":"","ocean_menu_typo_spacing":0,"ocean_menu_typo_spacing_tablet":0,"ocean_menu_typo_spacing_mobile":0,"ocean_menu_typo_spacing_unit":"","ocean_menu_link_color":"","ocean_menu_link_color_hover":"","ocean_menu_link_color_active":"","ocean_menu_link_background":"","ocean_menu_link_hover_background":"","ocean_menu_link_active_background":"","ocean_menu_social_links_bg":"","ocean_menu_social_hover_links_bg":"","ocean_menu_social_links_color":"","ocean_menu_social_hover_links_color":"","ocean_disable_title":"default","ocean_disable_heading":"default","ocean_post_title":"","ocean_post_subheading":"","ocean_post_title_style":"","ocean_post_title_background_color":"","ocean_post_title_background":0,"ocean_post_title_bg_image_position":"","ocean_post_title_bg_image_attachment":"","ocean_post_title_bg_image_repeat":"","ocean_post_title_bg_image_size":"","ocean_post_title_height":0,"ocean_post_title_bg_overlay":0.5,"ocean_post_title_bg_overlay_color":"","ocean_disable_breadcrumbs":"default","ocean_breadcrumbs_color":"","ocean_breadcrumbs_separator_color":"","ocean_breadcrumbs_links_color":"","ocean_breadcrumbs_links_hover_color":"","ocean_display_footer_widgets":"default","ocean_display_footer_bottom":"default","ocean_custom_footer_template":"0"},"product_brand":[],"product_cat":[176,110,147,149,183],"product_tag":[],"class_list":{"0":"post-5784","1":"product","2":"type-product","3":"status-publish","4":"has-post-thumbnail","6":"product_cat-marki","7":"product_cat-paznokcie","8":"product_cat-pilniki-i-polerki","9":"product_cat-polerki","10":"product_cat-staleks-1","12":"entry","13":"has-media","15":"first","16":"outofstock","17":"taxable","18":"shipping-taxable","19":"purchasable","20":"product-type-simple","21":"has-product-nav","22":"col","23":"span_1_of_3","24":"owp-content-center","25":"owp-thumbs-layout-horizontal","26":"owp-btn-normal","27":"owp-tabs-layout-horizontal"},"yoast_head":"<!-- This site is optimized with the Yoast SEO plugin v27.5 - https:\/\/yoast.com\/product\/yoast-seo-wordpress\/ -->\n<title>Polerka p\u00f3\u0142ksi\u0119\u017cyc mini EXPERT 41 100\/180 grit (20 szt) - velesnails<\/title>\n<meta name=\"robots\" content=\"index, follow, max-snippet:-1, max-image-preview:large, max-video-preview:-1\" \/>\n<link rel=\"canonical\" href=\"https:\/\/velesnails.pl\/en\/product\/polerka-polksiezyc-mini-expert-41-100-180-grit-20-szt\/\" \/>\n<meta property=\"og:locale\" content=\"en_GB\" \/>\n<meta property=\"og:type\" content=\"article\" \/>\n<meta property=\"og:title\" content=\"Polerka p\u00f3\u0142ksi\u0119\u017cyc mini EXPERT 41 100\/180 grit (20 szt) - velesnails\" \/>\n<meta property=\"og:description\" content=\"S\u0142u\u017cy do wyr\u00f3wnywania p\u0142ytki paznokciowej, nadania niezb\u0119dnego kszta\u0142tu i przygotowania do na\u0142o\u017cenia sztucznego materia\u0142u. Nadaje si\u0119 do korekcji i wyg\u0142adzania nier\u00f3wno\u015bci p\u0142ytki paznokcia po modelowaniu, a tak\u017ce polerowania sztucznych paznokci. Kszta\u0142t p\u00f3\u0142ksi\u0119\u017cyca i niewielki rozmiar pilnika jest \u0142atwy w u\u017cyciu i pozwala na precyzyjne polerowanie. Zaokr\u0105glone ko\u0144c\u00f3wki polerki zosta\u0142y specjalnie obrobione, nie skalecz\u0105 klienta i [&hellip;]\" \/>\n<meta property=\"og:url\" content=\"https:\/\/velesnails.pl\/en\/product\/polerka-polksiezyc-mini-expert-41-100-180-grit-20-szt\/\" \/>\n<meta property=\"og:site_name\" content=\"velesnails\" \/>\n<meta property=\"article:modified_time\" content=\"2025-09-01T08:08:21+00:00\" \/>\n<meta property=\"og:image\" content=\"https:\/\/i0.wp.com\/velesnails.pl\/wp-content\/uploads\/2025\/02\/%D0%97%D0%BD%D1%96%D0%BC%D0%BE%D0%BA-%D0%B5%D0%BA%D1%80%D0%B0%D0%BD%D0%B0-2025-02-21-160612.png?fit=1052%2C790&ssl=1\" \/>\n\t<meta property=\"og:image:width\" content=\"1052\" \/>\n\t<meta property=\"og:image:height\" content=\"790\" \/>\n\t<meta property=\"og:image:type\" content=\"image\/png\" \/>\n<meta name=\"twitter:card\" content=\"summary_large_image\" \/>\n<meta name=\"twitter:label1\" content=\"Estimated reading time\" \/>\n\t<meta name=\"twitter:data1\" content=\"1 minute\" \/>\n<script type=\"application\/ld+json\" class=\"yoast-schema-graph\">{\"@context\":\"https:\\\/\\\/schema.org\",\"@graph\":[{\"@type\":\"WebPage\",\"@id\":\"https:\\\/\\\/velesnails.pl\\\/product\\\/polerka-polksiezyc-mini-expert-41-100-180-grit-20-szt\\\/\",\"url\":\"https:\\\/\\\/velesnails.pl\\\/product\\\/polerka-polksiezyc-mini-expert-41-100-180-grit-20-szt\\\/\",\"name\":\"Polerka p\u00f3\u0142ksi\u0119\u017cyc mini EXPERT 41 100\\\/180 grit (20 szt) - velesnails\",\"isPartOf\":{\"@id\":\"https:\\\/\\\/velesnails.pl\\\/#website\"},\"primaryImageOfPage\":{\"@id\":\"https:\\\/\\\/velesnails.pl\\\/product\\\/polerka-polksiezyc-mini-expert-41-100-180-grit-20-szt\\\/#primaryimage\"},\"image\":{\"@id\":\"https:\\\/\\\/velesnails.pl\\\/product\\\/polerka-polksiezyc-mini-expert-41-100-180-grit-20-szt\\\/#primaryimage\"},\"thumbnailUrl\":\"https:\\\/\\\/i0.wp.com\\\/velesnails.pl\\\/wp-content\\\/uploads\\\/2025\\\/02\\\/%D0%97%D0%BD%D1%96%D0%BC%D0%BE%D0%BA-%D0%B5%D0%BA%D1%80%D0%B0%D0%BD%D0%B0-2025-02-21-160612.png?fit=1052%2C790&ssl=1\",\"datePublished\":\"2025-02-20T15:02:55+00:00\",\"dateModified\":\"2025-09-01T08:08:21+00:00\",\"breadcrumb\":{\"@id\":\"https:\\\/\\\/velesnails.pl\\\/product\\\/polerka-polksiezyc-mini-expert-41-100-180-grit-20-szt\\\/#breadcrumb\"},\"inLanguage\":\"en-GB\",\"potentialAction\":[{\"@type\":\"ReadAction\",\"target\":[\"https:\\\/\\\/velesnails.pl\\\/product\\\/polerka-polksiezyc-mini-expert-41-100-180-grit-20-szt\\\/\"]}]},{\"@type\":\"ImageObject\",\"inLanguage\":\"en-GB\",\"@id\":\"https:\\\/\\\/velesnails.pl\\\/product\\\/polerka-polksiezyc-mini-expert-41-100-180-grit-20-szt\\\/#primaryimage\",\"url\":\"https:\\\/\\\/i0.wp.com\\\/velesnails.pl\\\/wp-content\\\/uploads\\\/2025\\\/02\\\/%D0%97%D0%BD%D1%96%D0%BC%D0%BE%D0%BA-%D0%B5%D0%BA%D1%80%D0%B0%D0%BD%D0%B0-2025-02-21-160612.png?fit=1052%2C790&ssl=1\",\"contentUrl\":\"https:\\\/\\\/i0.wp.com\\\/velesnails.pl\\\/wp-content\\\/uploads\\\/2025\\\/02\\\/%D0%97%D0%BD%D1%96%D0%BC%D0%BE%D0%BA-%D0%B5%D0%BA%D1%80%D0%B0%D0%BD%D0%B0-2025-02-21-160612.png?fit=1052%2C790&ssl=1\",\"width\":1052,\"height\":790},{\"@type\":\"BreadcrumbList\",\"@id\":\"https:\\\/\\\/velesnails.pl\\\/product\\\/polerka-polksiezyc-mini-expert-41-100-180-grit-20-szt\\\/#breadcrumb\",\"itemListElement\":[{\"@type\":\"ListItem\",\"position\":1,\"name\":\"\u0413\u043e\u043b\u043e\u0432\u043d\u0430\",\"item\":\"https:\\\/\\\/velesnails.pl\\\/\"},{\"@type\":\"ListItem\",\"position\":2,\"name\":\"Sklep\",\"item\":\"https:\\\/\\\/velesnails.pl\\\/shop\\\/\"},{\"@type\":\"ListItem\",\"position\":3,\"name\":\"Polerka p\u00f3\u0142ksi\u0119\u017cyc mini EXPERT 41 100\\\/180 grit (20 szt)\"}]},{\"@type\":\"WebSite\",\"@id\":\"https:\\\/\\\/velesnails.pl\\\/#website\",\"url\":\"https:\\\/\\\/velesnails.pl\\\/\",\"name\":\"velesnails\",\"description\":\"Sklep z manicure\",\"publisher\":{\"@id\":\"https:\\\/\\\/velesnails.pl\\\/#organization\"},\"potentialAction\":[{\"@type\":\"SearchAction\",\"target\":{\"@type\":\"EntryPoint\",\"urlTemplate\":\"https:\\\/\\\/velesnails.pl\\\/?s={search_term_string}\"},\"query-input\":{\"@type\":\"PropertyValueSpecification\",\"valueRequired\":true,\"valueName\":\"search_term_string\"}}],\"inLanguage\":\"en-GB\"},{\"@type\":\"Organization\",\"@id\":\"https:\\\/\\\/velesnails.pl\\\/#organization\",\"name\":\"velesnails\",\"url\":\"https:\\\/\\\/velesnails.pl\\\/\",\"logo\":{\"@type\":\"ImageObject\",\"inLanguage\":\"en-GB\",\"@id\":\"https:\\\/\\\/velesnails.pl\\\/#\\\/schema\\\/logo\\\/image\\\/\",\"url\":\"https:\\\/\\\/i0.wp.com\\\/velesnails.pl\\\/wp-content\\\/uploads\\\/2025\\\/10\\\/cropped-obraz_viber_2025-10-22_13-55-55-969.jpg?fit=485%2C381&ssl=1\",\"contentUrl\":\"https:\\\/\\\/i0.wp.com\\\/velesnails.pl\\\/wp-content\\\/uploads\\\/2025\\\/10\\\/cropped-obraz_viber_2025-10-22_13-55-55-969.jpg?fit=485%2C381&ssl=1\",\"width\":485,\"height\":381,\"caption\":\"velesnails\"},\"image\":{\"@id\":\"https:\\\/\\\/velesnails.pl\\\/#\\\/schema\\\/logo\\\/image\\\/\"}}]}<\/script>\n<!-- \/ Yoast SEO plugin. -->","yoast_head_json":{"title":"Polerka p\u00f3\u0142ksi\u0119\u017cyc mini EXPERT 41 100\/180 grit (20 szt) - velesnails","robots":{"index":"index","follow":"follow","max-snippet":"max-snippet:-1","max-image-preview":"max-image-preview:large","max-video-preview":"max-video-preview:-1"},"canonical":"https:\/\/velesnails.pl\/en\/product\/polerka-polksiezyc-mini-expert-41-100-180-grit-20-szt\/","og_locale":"en_GB","og_type":"article","og_title":"Polerka p\u00f3\u0142ksi\u0119\u017cyc mini EXPERT 41 100\/180 grit (20 szt) - velesnails","og_description":"S\u0142u\u017cy do wyr\u00f3wnywania p\u0142ytki paznokciowej, nadania niezb\u0119dnego kszta\u0142tu i przygotowania do na\u0142o\u017cenia sztucznego materia\u0142u. Nadaje si\u0119 do korekcji i wyg\u0142adzania nier\u00f3wno\u015bci p\u0142ytki paznokcia po modelowaniu, a tak\u017ce polerowania sztucznych paznokci. Kszta\u0142t p\u00f3\u0142ksi\u0119\u017cyca i niewielki rozmiar pilnika jest \u0142atwy w u\u017cyciu i pozwala na precyzyjne polerowanie. Zaokr\u0105glone ko\u0144c\u00f3wki polerki zosta\u0142y specjalnie obrobione, nie skalecz\u0105 klienta i [&hellip;]","og_url":"https:\/\/velesnails.pl\/en\/product\/polerka-polksiezyc-mini-expert-41-100-180-grit-20-szt\/","og_site_name":"velesnails","article_modified_time":"2025-09-01T08:08:21+00:00","og_image":[{"width":1052,"height":790,"url":"https:\/\/i0.wp.com\/velesnails.pl\/wp-content\/uploads\/2025\/02\/%D0%97%D0%BD%D1%96%D0%BC%D0%BE%D0%BA-%D0%B5%D0%BA%D1%80%D0%B0%D0%BD%D0%B0-2025-02-21-160612.png?fit=1052%2C790&ssl=1","type":"image\/png"}],"twitter_card":"summary_large_image","twitter_misc":{"Estimated reading time":"1 minute"},"schema":{"@context":"https:\/\/schema.org","@graph":[{"@type":"WebPage","@id":"https:\/\/velesnails.pl\/product\/polerka-polksiezyc-mini-expert-41-100-180-grit-20-szt\/","url":"https:\/\/velesnails.pl\/product\/polerka-polksiezyc-mini-expert-41-100-180-grit-20-szt\/","name":"Polerka p\u00f3\u0142ksi\u0119\u017cyc mini EXPERT 41 100\/180 grit (20 szt) - velesnails","isPartOf":{"@id":"https:\/\/velesnails.pl\/#website"},"primaryImageOfPage":{"@id":"https:\/\/velesnails.pl\/product\/polerka-polksiezyc-mini-expert-41-100-180-grit-20-szt\/#primaryimage"},"image":{"@id":"https:\/\/velesnails.pl\/product\/polerka-polksiezyc-mini-expert-41-100-180-grit-20-szt\/#primaryimage"},"thumbnailUrl":"https:\/\/i0.wp.com\/velesnails.pl\/wp-content\/uploads\/2025\/02\/%D0%97%D0%BD%D1%96%D0%BC%D0%BE%D0%BA-%D0%B5%D0%BA%D1%80%D0%B0%D0%BD%D0%B0-2025-02-21-160612.png?fit=1052%2C790&ssl=1","datePublished":"2025-02-20T15:02:55+00:00","dateModified":"2025-09-01T08:08:21+00:00","breadcrumb":{"@id":"https:\/\/velesnails.pl\/product\/polerka-polksiezyc-mini-expert-41-100-180-grit-20-szt\/#breadcrumb"},"inLanguage":"en-GB","potentialAction":[{"@type":"ReadAction","target":["https:\/\/velesnails.pl\/product\/polerka-polksiezyc-mini-expert-41-100-180-grit-20-szt\/"]}]},{"@type":"ImageObject","inLanguage":"en-GB","@id":"https:\/\/velesnails.pl\/product\/polerka-polksiezyc-mini-expert-41-100-180-grit-20-szt\/#primaryimage","url":"https:\/\/i0.wp.com\/velesnails.pl\/wp-content\/uploads\/2025\/02\/%D0%97%D0%BD%D1%96%D0%BC%D0%BE%D0%BA-%D0%B5%D0%BA%D1%80%D0%B0%D0%BD%D0%B0-2025-02-21-160612.png?fit=1052%2C790&ssl=1","contentUrl":"https:\/\/i0.wp.com\/velesnails.pl\/wp-content\/uploads\/2025\/02\/%D0%97%D0%BD%D1%96%D0%BC%D0%BE%D0%BA-%D0%B5%D0%BA%D1%80%D0%B0%D0%BD%D0%B0-2025-02-21-160612.png?fit=1052%2C790&ssl=1","width":1052,"height":790},{"@type":"BreadcrumbList","@id":"https:\/\/velesnails.pl\/product\/polerka-polksiezyc-mini-expert-41-100-180-grit-20-szt\/#breadcrumb","itemListElement":[{"@type":"ListItem","position":1,"name":"\u0413\u043e\u043b\u043e\u0432\u043d\u0430","item":"https:\/\/velesnails.pl\/"},{"@type":"ListItem","position":2,"name":"Sklep","item":"https:\/\/velesnails.pl\/shop\/"},{"@type":"ListItem","position":3,"name":"Polerka p\u00f3\u0142ksi\u0119\u017cyc mini EXPERT 41 100\/180 grit (20 szt)"}]},{"@type":"WebSite","@id":"https:\/\/velesnails.pl\/#website","url":"https:\/\/velesnails.pl\/","name":"velesnails","description":"Manicure shop","publisher":{"@id":"https:\/\/velesnails.pl\/#organization"},"potentialAction":[{"@type":"SearchAction","target":{"@type":"EntryPoint","urlTemplate":"https:\/\/velesnails.pl\/?s={search_term_string}"},"query-input":{"@type":"PropertyValueSpecification","valueRequired":true,"valueName":"search_term_string"}}],"inLanguage":"en-GB"},{"@type":"Organization","@id":"https:\/\/velesnails.pl\/#organization","name":"velesnails","url":"https:\/\/velesnails.pl\/","logo":{"@type":"ImageObject","inLanguage":"en-GB","@id":"https:\/\/velesnails.pl\/#\/schema\/logo\/image\/","url":"https:\/\/i0.wp.com\/velesnails.pl\/wp-content\/uploads\/2025\/10\/cropped-obraz_viber_2025-10-22_13-55-55-969.jpg?fit=485%2C381&ssl=1","contentUrl":"https:\/\/i0.wp.com\/velesnails.pl\/wp-content\/uploads\/2025\/10\/cropped-obraz_viber_2025-10-22_13-55-55-969.jpg?fit=485%2C381&ssl=1","width":485,"height":381,"caption":"velesnails"},"image":{"@id":"https:\/\/velesnails.pl\/#\/schema\/logo\/image\/"}}]}},"_links":{"self":[{"href":"https:\/\/velesnails.pl\/en\/wp-json\/wp\/v2\/product\/5784","targetHints":{"allow":["GET"]}}],"collection":[{"href":"https:\/\/velesnails.pl\/en\/wp-json\/wp\/v2\/product"}],"about":[{"href":"https:\/\/velesnails.pl\/en\/wp-json\/wp\/v2\/types\/product"}],"replies":[{"embeddable":true,"href":"https:\/\/velesnails.pl\/en\/wp-json\/wp\/v2\/comments?post=5784"}],"wp:featuredmedia":[{"embeddable":true,"href":"https:\/\/velesnails.pl\/en\/wp-json\/wp\/v2\/media\/5786"}],"wp:attachment":[{"href":"https:\/\/velesnails.pl\/en\/wp-json\/wp\/v2\/media?parent=5784"}],"wp:term":[{"taxonomy":"product_brand","embeddable":true,"href":"https:\/\/velesnails.pl\/en\/wp-json\/wp\/v2\/product_brand?post=5784"},{"taxonomy":"product_cat","embeddable":true,"href":"https:\/\/velesnails.pl\/en\/wp-json\/wp\/v2\/product_cat?post=5784"},{"taxonomy":"product_tag","embeddable":true,"href":"https:\/\/velesnails.pl\/en\/wp-json\/wp\/v2\/product_tag?post=5784"}],"curies":[{"name":"wp","href":"https:\/\/api.w.org\/{rel}","templated":true}]}}