{"id":5737,"date":"2025-02-07T16:27:07","date_gmt":"2025-02-07T13:27:07","guid":{"rendered":"https:\/\/velesnails.pl\/?post_type=product&#038;p=5737"},"modified":"2026-03-31T17:02:35","modified_gmt":"2026-03-31T14:02:35","slug":"pedzelek-do-zelu-2w1-z-krysztalkami-clavier-6mm-10mm","status":"publish","type":"product","link":"https:\/\/velesnails.pl\/en\/product\/pedzelek-do-zelu-2w1-z-krysztalkami-clavier-6mm-10mm\/","title":{"rendered":"P\u0119dzelek do \u017celu 2w1 z kryszta\u0142kami Clavier 6mm\/10mm"},"content":{"rendered":"<h2 class=\"wp-block-heading\">P\u0119dzelek 2w1 dwustronny do zdobie\u0144\/\u017celu<\/h2>\n<p><strong>P\u0119dzelek do \u017celu 2w1 dwustronny do zdobie\u0144 z kryszta\u0142kami<\/strong>, to eleganckie i funkcjonalne narz\u0119dzie, kt\u00f3re doskonale sprawdzi si\u0119 przy tworzeniu precyzyjnych wzor\u00f3w na paznokciach. Jego smuk\u0142y kszta\u0142t i wysokiej jako\u015bci w\u0142osie pozwalaj\u0105 na dok\u0142adne aplikowanie lakieru oraz wykonywanie skomplikowanych zdobie\u0144. R\u0105czka p\u0119dzelka ozdobiona jest b\u0142yszcz\u0105cymi kryszta\u0142kami, co nadaje mu wyj\u0105tkowego wygl\u0105du i dodaje odrobiny luksusu ka\u017cdemu manicure. Idealny zar\u00f3wno dla profesjonalist\u00f3w, jak i os\u00f3b zajmuj\u0105cych si\u0119 stylizacj\u0105 paznokci w domu.<\/p>\n<p>Precyzyjny, designerski p\u0119dzelek kreatywnej stylistki do nail artu o<strong>\u00a0d\u0142ugo\u015bci w\u0142osia 6mm\/10mm.\u00a0<\/strong>Posiada wygodn\u0105 i niezb\u0119dn\u0105 zatyczk\u0119, dzi\u0119ki kt\u00f3rej Tw\u00f3j p\u0119dzel si\u0119 nie zniszczy. Doskonale wywa\u017cony, \u015bwietnie le\u017cy w d\u0142oni, umo\u017cliwiaj\u0105c bezproblemow\u0105, precyzyjn\u0105 prac\u0119. Posiada najwy\u017cszej jako\u015bci w\u0142osie syntetyczne.<\/p>\n<h2 class=\"wp-block-heading\">Idealny do zdobie\u0144 o ultracienkich liniach i kraw\u0119dziach, odporny na uszkodzenia!<\/h2>\n<p>Na jednym ko\u0144cu p\u0119dzelka mo\u017cesz znale\u017a\u0107 cienki i precyzyjny p\u0119dzelek\u00a0<strong>o d\u0142ugo\u015bci 10mm.\u00a0<\/strong>Ten p\u0119dzelek jest idealny do wykonywania szczeg\u00f3\u0142owych zdobie\u0144, takich jak delikatne linie, kropki, paski czy inne skomplikowane wzory. Dzi\u0119ki cienkiemu i precyzyjnemu ko\u0144cowi, mo\u017cna uzyska\u0107 precyzyjne detale i subtelne zdobienia.<\/p>\n<p>Dedykowany do zdobie\u0144 o ultracienkich liniach i kraw\u0119dziach, do pracy z lakierami hybrydowymi i g\u0119stszymi produktami, jak \u017cele do zdobie\u0144, np. Artistic Gel.<\/p>\n<p>Ze wzgl\u0119du na materia\u0142 wykonania \u2013 jest odporny na uszkodzenia mechaniczne i czynniki chemiczne (na przyk\u0142ad kontakt z preparatami pomocniczymi), dzi\u0119ki czemu b\u0119dzie s\u0142u\u017cy\u0142 d\u0142ugi czas.<\/p>\n<h2 class=\"wp-block-heading\">Wyj\u0105tkowy, designerski p\u0119dzel do aplikacji \u017celu i akrylo\u017celu. Dzi\u0119ki niemu z \u0142atwo\u015bci\u0105 przed\u0142u\u017cysz, nadbudujesz paznokie\u0107.<\/h2>\n<p>Na drugim ko\u0144cu znajduje si\u0119 p\u0119dzelek do \u017celu i akrylo\u017celu okr\u0105g\u0142y<strong>\u00a0o d\u0142ugo\u015bci 8mm i szeroko\u015bci 6mm.\u00a0<\/strong>Okr\u0105g\u0142y kszta\u0142t tego p\u0119dzelka r\u00f3wnie\u017c ma swoje korzy\u015bci. Zapewnia on \u0142atw\u0105 aplikacj\u0119 \u017celu w zaokr\u0105glonych miejscach, takich jak kszta\u0142towanie i budowanie wypuk\u0142ych powierzchni na paznokciach. Posiada odpowiednie w\u0142osie i kszta\u0142t, aby u\u0142atwi\u0107 aplikacj\u0119 \u017celu i zapewni\u0107 r\u00f3wnomierne rozprowadzanie.<\/p>\n<p>Dzi\u0119ki doskona\u0142ej spr\u0119\u017cysto\u015bci w\u0142osia, p\u0119dzelek usprawnia prac\u0119 i umo\u017cliwia precyzyjne aplikowanie \u017celu. Jego kszta\u0142t jest zaprojektowany tak, aby r\u00f3wnomierne rozprowadza\u0107 \u017cel, nawet w trudno dost\u0119pnych miejscach przy wa\u0142ach bocznych paznokcia.<\/p>\n<p>Ten p\u0119dzel jest idealny do r\u00f3\u017cnych technik, takich jak przed\u0142u\u017canie i budowanie paznokci na formie, tipsie lub nadbudowa naturalnej p\u0142ytki paznokcia. Mo\u017ce by\u0107 r\u00f3wnie\u017c u\u017cywany przy metodzie \u201e\u017cel bez pi\u0142owania\u201d, co oznacza, \u017ce p\u0119dzelek jest odpowiedni dla os\u00f3b, kt\u00f3re preferuj\u0105 minimalne pi\u0142owanie paznokci.<\/p>\n<p>Dodatkowo, aluminiowa r\u0119koje\u015b\u0107 p\u0119dzelka zosta\u0142a specjalnie wyprofilowana i ozdobiona, co nie tylko zapewnia komfort pracy, ale r\u00f3wnie\u017c dodaje walor\u00f3w estetycznych. Dzi\u0119ki temu p\u0119dzelek nie tylko spe\u0142nia swoje funkcje praktyczne, ale tak\u017ce prezentuje si\u0119 stylowo i elegancko.<\/p>\n<p><strong>P\u0119dzelki dwustronne do zdobie\u0144<\/strong>\u00a0s\u0105 wygodne, poniewa\u017c zapewniaj\u0105 r\u00f3\u017cnorodno\u015b\u0107 narz\u0119dzi w jednym. Nie musisz posiada\u0107 wielu oddzielnych p\u0119dzelk\u00f3w do r\u00f3\u017cnych technik zdobienia, co oszcz\u0119dza miejsce i u\u0142atwia przechowywanie<\/p>","protected":false},"excerpt":{"rendered":"<p>P\u0119dzelek 2w1 dwustronny do zdobie\u0144\/\u017celu P\u0119dzelek do \u017celu 2w1 dwustronny do zdobie\u0144 z kryszta\u0142kami, to eleganckie i funkcjonalne narz\u0119dzie, kt\u00f3re doskonale sprawdzi si\u0119 przy tworzeniu precyzyjnych wzor\u00f3w na paznokciach. Jego smuk\u0142y kszta\u0142t i wysokiej jako\u015bci w\u0142osie pozwalaj\u0105 na dok\u0142adne aplikowanie lakieru oraz wykonywanie skomplikowanych zdobie\u0144. R\u0105czka p\u0119dzelka ozdobiona jest b\u0142yszcz\u0105cymi kryszta\u0142kami, co nadaje mu wyj\u0105tkowego [&hellip;]<\/p>\n","protected":false},"featured_media":5738,"comment_status":"closed","ping_status":"closed","template":"","meta":{"om_disable_all_campaigns":false,"ocean_post_layout":"","ocean_both_sidebars_style":"","ocean_both_sidebars_content_width":0,"ocean_both_sidebars_sidebars_width":0,"ocean_sidebar":"0","ocean_second_sidebar":"0","ocean_disable_margins":"enable","ocean_add_body_class":"","ocean_shortcode_before_top_bar":"","ocean_shortcode_after_top_bar":"","ocean_shortcode_before_header":"","ocean_shortcode_after_header":"","ocean_has_shortcode":"","ocean_shortcode_after_title":"","ocean_shortcode_before_footer_widgets":"","ocean_shortcode_after_footer_widgets":"","ocean_shortcode_before_footer_bottom":"","ocean_shortcode_after_footer_bottom":"","ocean_display_top_bar":"default","ocean_display_header":"default","ocean_header_style":"","ocean_center_header_left_menu":"0","ocean_custom_header_template":"0","ocean_custom_logo":0,"ocean_custom_retina_logo":0,"ocean_custom_logo_max_width":0,"ocean_custom_logo_tablet_max_width":0,"ocean_custom_logo_mobile_max_width":0,"ocean_custom_logo_max_height":0,"ocean_custom_logo_tablet_max_height":0,"ocean_custom_logo_mobile_max_height":0,"ocean_header_custom_menu":"0","ocean_menu_typo_font_family":"0","ocean_menu_typo_font_subset":"","ocean_menu_typo_font_size":0,"ocean_menu_typo_font_size_tablet":0,"ocean_menu_typo_font_size_mobile":0,"ocean_menu_typo_font_size_unit":"px","ocean_menu_typo_font_weight":"","ocean_menu_typo_font_weight_tablet":"","ocean_menu_typo_font_weight_mobile":"","ocean_menu_typo_transform":"","ocean_menu_typo_transform_tablet":"","ocean_menu_typo_transform_mobile":"","ocean_menu_typo_line_height":0,"ocean_menu_typo_line_height_tablet":0,"ocean_menu_typo_line_height_mobile":0,"ocean_menu_typo_line_height_unit":"","ocean_menu_typo_spacing":0,"ocean_menu_typo_spacing_tablet":0,"ocean_menu_typo_spacing_mobile":0,"ocean_menu_typo_spacing_unit":"","ocean_menu_link_color":"","ocean_menu_link_color_hover":"","ocean_menu_link_color_active":"","ocean_menu_link_background":"","ocean_menu_link_hover_background":"","ocean_menu_link_active_background":"","ocean_menu_social_links_bg":"","ocean_menu_social_hover_links_bg":"","ocean_menu_social_links_color":"","ocean_menu_social_hover_links_color":"","ocean_disable_title":"default","ocean_disable_heading":"default","ocean_post_title":"","ocean_post_subheading":"","ocean_post_title_style":"","ocean_post_title_background_color":"","ocean_post_title_background":0,"ocean_post_title_bg_image_position":"","ocean_post_title_bg_image_attachment":"","ocean_post_title_bg_image_repeat":"","ocean_post_title_bg_image_size":"","ocean_post_title_height":0,"ocean_post_title_bg_overlay":0.5,"ocean_post_title_bg_overlay_color":"","ocean_disable_breadcrumbs":"default","ocean_breadcrumbs_color":"","ocean_breadcrumbs_separator_color":"","ocean_breadcrumbs_links_color":"","ocean_breadcrumbs_links_hover_color":"","ocean_display_footer_widgets":"default","ocean_display_footer_bottom":"default","ocean_custom_footer_template":"0"},"product_brand":[],"product_cat":[190,176,110,144,145,146],"product_tag":[],"class_list":{"0":"post-5737","1":"product","2":"type-product","3":"status-publish","4":"has-post-thumbnail","6":"product_cat-clavier-1","7":"product_cat-marki","8":"product_cat-paznokcie","9":"product_cat-pedzelki","10":"product_cat-pedzelki-do-zdobien","11":"product_cat-pedzelki-do-zelu","13":"entry","14":"has-media","16":"first","17":"instock","18":"taxable","19":"shipping-taxable","20":"purchasable","21":"product-type-simple","22":"has-product-nav","23":"col","24":"span_1_of_3","25":"owp-content-center","26":"owp-thumbs-layout-horizontal","27":"owp-btn-normal","28":"owp-tabs-layout-horizontal"},"yoast_head":"<!-- This site is optimized with the Yoast SEO plugin v27.6 - https:\/\/yoast.com\/product\/yoast-seo-wordpress\/ -->\n<title>P\u0119dzelek do \u017celu 2w1 z kryszta\u0142kami Clavier 6mm\/10mm - velesnails<\/title>\n<meta name=\"robots\" content=\"index, follow, max-snippet:-1, max-image-preview:large, max-video-preview:-1\" \/>\n<link rel=\"canonical\" href=\"https:\/\/velesnails.pl\/en\/product\/pedzelek-do-zelu-2w1-z-krysztalkami-clavier-6mm-10mm\/\" \/>\n<meta property=\"og:locale\" content=\"en_GB\" \/>\n<meta property=\"og:type\" content=\"article\" \/>\n<meta property=\"og:title\" content=\"P\u0119dzelek do \u017celu 2w1 z kryszta\u0142kami Clavier 6mm\/10mm - velesnails\" \/>\n<meta property=\"og:description\" content=\"P\u0119dzelek 2w1 dwustronny do zdobie\u0144\/\u017celu P\u0119dzelek do \u017celu 2w1 dwustronny do zdobie\u0144 z kryszta\u0142kami, to eleganckie i funkcjonalne narz\u0119dzie, kt\u00f3re doskonale sprawdzi si\u0119 przy tworzeniu precyzyjnych wzor\u00f3w na paznokciach. Jego smuk\u0142y kszta\u0142t i wysokiej jako\u015bci w\u0142osie pozwalaj\u0105 na dok\u0142adne aplikowanie lakieru oraz wykonywanie skomplikowanych zdobie\u0144. R\u0105czka p\u0119dzelka ozdobiona jest b\u0142yszcz\u0105cymi kryszta\u0142kami, co nadaje mu wyj\u0105tkowego [&hellip;]\" \/>\n<meta property=\"og:url\" content=\"https:\/\/velesnails.pl\/en\/product\/pedzelek-do-zelu-2w1-z-krysztalkami-clavier-6mm-10mm\/\" \/>\n<meta property=\"og:site_name\" content=\"velesnails\" \/>\n<meta property=\"article:modified_time\" content=\"2026-03-31T14:02:35+00:00\" \/>\n<meta property=\"og:image\" content=\"https:\/\/velesnails.pl\/wp-content\/uploads\/2025\/02\/1.jpg\" \/>\n\t<meta property=\"og:image:width\" content=\"1280\" \/>\n\t<meta property=\"og:image:height\" content=\"1280\" \/>\n\t<meta property=\"og:image:type\" content=\"image\/jpeg\" \/>\n<meta name=\"twitter:card\" content=\"summary_large_image\" \/>\n<meta name=\"twitter:label1\" content=\"Estimated reading time\" \/>\n\t<meta name=\"twitter:data1\" content=\"3 minutes\" \/>\n<script type=\"application\/ld+json\" class=\"yoast-schema-graph\">{\"@context\":\"https:\\\/\\\/schema.org\",\"@graph\":[{\"@type\":\"WebPage\",\"@id\":\"https:\\\/\\\/velesnails.pl\\\/product\\\/pedzelek-do-zelu-2w1-z-krysztalkami-clavier-6mm-10mm\\\/\",\"url\":\"https:\\\/\\\/velesnails.pl\\\/product\\\/pedzelek-do-zelu-2w1-z-krysztalkami-clavier-6mm-10mm\\\/\",\"name\":\"P\u0119dzelek do \u017celu 2w1 z kryszta\u0142kami Clavier 6mm\\\/10mm - velesnails\",\"isPartOf\":{\"@id\":\"https:\\\/\\\/velesnails.pl\\\/#website\"},\"primaryImageOfPage\":{\"@id\":\"https:\\\/\\\/velesnails.pl\\\/product\\\/pedzelek-do-zelu-2w1-z-krysztalkami-clavier-6mm-10mm\\\/#primaryimage\"},\"image\":{\"@id\":\"https:\\\/\\\/velesnails.pl\\\/product\\\/pedzelek-do-zelu-2w1-z-krysztalkami-clavier-6mm-10mm\\\/#primaryimage\"},\"thumbnailUrl\":\"https:\\\/\\\/i0.wp.com\\\/velesnails.pl\\\/wp-content\\\/uploads\\\/2025\\\/02\\\/1.jpg?fit=1280%2C1280&ssl=1\",\"datePublished\":\"2025-02-07T13:27:07+00:00\",\"dateModified\":\"2026-03-31T14:02:35+00:00\",\"breadcrumb\":{\"@id\":\"https:\\\/\\\/velesnails.pl\\\/product\\\/pedzelek-do-zelu-2w1-z-krysztalkami-clavier-6mm-10mm\\\/#breadcrumb\"},\"inLanguage\":\"en-GB\",\"potentialAction\":[{\"@type\":\"ReadAction\",\"target\":[\"https:\\\/\\\/velesnails.pl\\\/product\\\/pedzelek-do-zelu-2w1-z-krysztalkami-clavier-6mm-10mm\\\/\"]}]},{\"@type\":\"ImageObject\",\"inLanguage\":\"en-GB\",\"@id\":\"https:\\\/\\\/velesnails.pl\\\/product\\\/pedzelek-do-zelu-2w1-z-krysztalkami-clavier-6mm-10mm\\\/#primaryimage\",\"url\":\"https:\\\/\\\/i0.wp.com\\\/velesnails.pl\\\/wp-content\\\/uploads\\\/2025\\\/02\\\/1.jpg?fit=1280%2C1280&ssl=1\",\"contentUrl\":\"https:\\\/\\\/i0.wp.com\\\/velesnails.pl\\\/wp-content\\\/uploads\\\/2025\\\/02\\\/1.jpg?fit=1280%2C1280&ssl=1\",\"width\":1280,\"height\":1280},{\"@type\":\"BreadcrumbList\",\"@id\":\"https:\\\/\\\/velesnails.pl\\\/product\\\/pedzelek-do-zelu-2w1-z-krysztalkami-clavier-6mm-10mm\\\/#breadcrumb\",\"itemListElement\":[{\"@type\":\"ListItem\",\"position\":1,\"name\":\"\u0413\u043e\u043b\u043e\u0432\u043d\u0430\",\"item\":\"https:\\\/\\\/velesnails.pl\\\/\"},{\"@type\":\"ListItem\",\"position\":2,\"name\":\"Sklep\",\"item\":\"https:\\\/\\\/velesnails.pl\\\/shop\\\/\"},{\"@type\":\"ListItem\",\"position\":3,\"name\":\"P\u0119dzelek do \u017celu 2w1 z kryszta\u0142kami Clavier 6mm\\\/10mm\"}]},{\"@type\":\"WebSite\",\"@id\":\"https:\\\/\\\/velesnails.pl\\\/#website\",\"url\":\"https:\\\/\\\/velesnails.pl\\\/\",\"name\":\"velesnails\",\"description\":\"Sklep z manicure\",\"publisher\":{\"@id\":\"https:\\\/\\\/velesnails.pl\\\/#organization\"},\"potentialAction\":[{\"@type\":\"SearchAction\",\"target\":{\"@type\":\"EntryPoint\",\"urlTemplate\":\"https:\\\/\\\/velesnails.pl\\\/?s={search_term_string}\"},\"query-input\":{\"@type\":\"PropertyValueSpecification\",\"valueRequired\":true,\"valueName\":\"search_term_string\"}}],\"inLanguage\":\"en-GB\"},{\"@type\":\"Organization\",\"@id\":\"https:\\\/\\\/velesnails.pl\\\/#organization\",\"name\":\"velesnails\",\"url\":\"https:\\\/\\\/velesnails.pl\\\/\",\"logo\":{\"@type\":\"ImageObject\",\"inLanguage\":\"en-GB\",\"@id\":\"https:\\\/\\\/velesnails.pl\\\/#\\\/schema\\\/logo\\\/image\\\/\",\"url\":\"https:\\\/\\\/i0.wp.com\\\/velesnails.pl\\\/wp-content\\\/uploads\\\/2025\\\/10\\\/cropped-obraz_viber_2025-10-22_13-55-55-969.jpg?fit=485%2C381&ssl=1\",\"contentUrl\":\"https:\\\/\\\/i0.wp.com\\\/velesnails.pl\\\/wp-content\\\/uploads\\\/2025\\\/10\\\/cropped-obraz_viber_2025-10-22_13-55-55-969.jpg?fit=485%2C381&ssl=1\",\"width\":485,\"height\":381,\"caption\":\"velesnails\"},\"image\":{\"@id\":\"https:\\\/\\\/velesnails.pl\\\/#\\\/schema\\\/logo\\\/image\\\/\"}}]}<\/script>\n<!-- \/ Yoast SEO plugin. -->","yoast_head_json":{"title":"P\u0119dzelek do \u017celu 2w1 z kryszta\u0142kami Clavier 6mm\/10mm - velesnails","robots":{"index":"index","follow":"follow","max-snippet":"max-snippet:-1","max-image-preview":"max-image-preview:large","max-video-preview":"max-video-preview:-1"},"canonical":"https:\/\/velesnails.pl\/en\/product\/pedzelek-do-zelu-2w1-z-krysztalkami-clavier-6mm-10mm\/","og_locale":"en_GB","og_type":"article","og_title":"P\u0119dzelek do \u017celu 2w1 z kryszta\u0142kami Clavier 6mm\/10mm - velesnails","og_description":"P\u0119dzelek 2w1 dwustronny do zdobie\u0144\/\u017celu P\u0119dzelek do \u017celu 2w1 dwustronny do zdobie\u0144 z kryszta\u0142kami, to eleganckie i funkcjonalne narz\u0119dzie, kt\u00f3re doskonale sprawdzi si\u0119 przy tworzeniu precyzyjnych wzor\u00f3w na paznokciach. Jego smuk\u0142y kszta\u0142t i wysokiej jako\u015bci w\u0142osie pozwalaj\u0105 na dok\u0142adne aplikowanie lakieru oraz wykonywanie skomplikowanych zdobie\u0144. R\u0105czka p\u0119dzelka ozdobiona jest b\u0142yszcz\u0105cymi kryszta\u0142kami, co nadaje mu wyj\u0105tkowego [&hellip;]","og_url":"https:\/\/velesnails.pl\/en\/product\/pedzelek-do-zelu-2w1-z-krysztalkami-clavier-6mm-10mm\/","og_site_name":"velesnails","article_modified_time":"2026-03-31T14:02:35+00:00","og_image":[{"width":1280,"height":1280,"url":"https:\/\/velesnails.pl\/wp-content\/uploads\/2025\/02\/1.jpg","type":"image\/jpeg"}],"twitter_card":"summary_large_image","twitter_misc":{"Estimated reading time":"3 minutes"},"schema":{"@context":"https:\/\/schema.org","@graph":[{"@type":"WebPage","@id":"https:\/\/velesnails.pl\/product\/pedzelek-do-zelu-2w1-z-krysztalkami-clavier-6mm-10mm\/","url":"https:\/\/velesnails.pl\/product\/pedzelek-do-zelu-2w1-z-krysztalkami-clavier-6mm-10mm\/","name":"P\u0119dzelek do \u017celu 2w1 z kryszta\u0142kami Clavier 6mm\/10mm - velesnails","isPartOf":{"@id":"https:\/\/velesnails.pl\/#website"},"primaryImageOfPage":{"@id":"https:\/\/velesnails.pl\/product\/pedzelek-do-zelu-2w1-z-krysztalkami-clavier-6mm-10mm\/#primaryimage"},"image":{"@id":"https:\/\/velesnails.pl\/product\/pedzelek-do-zelu-2w1-z-krysztalkami-clavier-6mm-10mm\/#primaryimage"},"thumbnailUrl":"https:\/\/i0.wp.com\/velesnails.pl\/wp-content\/uploads\/2025\/02\/1.jpg?fit=1280%2C1280&ssl=1","datePublished":"2025-02-07T13:27:07+00:00","dateModified":"2026-03-31T14:02:35+00:00","breadcrumb":{"@id":"https:\/\/velesnails.pl\/product\/pedzelek-do-zelu-2w1-z-krysztalkami-clavier-6mm-10mm\/#breadcrumb"},"inLanguage":"en-GB","potentialAction":[{"@type":"ReadAction","target":["https:\/\/velesnails.pl\/product\/pedzelek-do-zelu-2w1-z-krysztalkami-clavier-6mm-10mm\/"]}]},{"@type":"ImageObject","inLanguage":"en-GB","@id":"https:\/\/velesnails.pl\/product\/pedzelek-do-zelu-2w1-z-krysztalkami-clavier-6mm-10mm\/#primaryimage","url":"https:\/\/i0.wp.com\/velesnails.pl\/wp-content\/uploads\/2025\/02\/1.jpg?fit=1280%2C1280&ssl=1","contentUrl":"https:\/\/i0.wp.com\/velesnails.pl\/wp-content\/uploads\/2025\/02\/1.jpg?fit=1280%2C1280&ssl=1","width":1280,"height":1280},{"@type":"BreadcrumbList","@id":"https:\/\/velesnails.pl\/product\/pedzelek-do-zelu-2w1-z-krysztalkami-clavier-6mm-10mm\/#breadcrumb","itemListElement":[{"@type":"ListItem","position":1,"name":"\u0413\u043e\u043b\u043e\u0432\u043d\u0430","item":"https:\/\/velesnails.pl\/"},{"@type":"ListItem","position":2,"name":"Sklep","item":"https:\/\/velesnails.pl\/shop\/"},{"@type":"ListItem","position":3,"name":"P\u0119dzelek do \u017celu 2w1 z kryszta\u0142kami Clavier 6mm\/10mm"}]},{"@type":"WebSite","@id":"https:\/\/velesnails.pl\/#website","url":"https:\/\/velesnails.pl\/","name":"velesnails","description":"Manicure shop","publisher":{"@id":"https:\/\/velesnails.pl\/#organization"},"potentialAction":[{"@type":"SearchAction","target":{"@type":"EntryPoint","urlTemplate":"https:\/\/velesnails.pl\/?s={search_term_string}"},"query-input":{"@type":"PropertyValueSpecification","valueRequired":true,"valueName":"search_term_string"}}],"inLanguage":"en-GB"},{"@type":"Organization","@id":"https:\/\/velesnails.pl\/#organization","name":"velesnails","url":"https:\/\/velesnails.pl\/","logo":{"@type":"ImageObject","inLanguage":"en-GB","@id":"https:\/\/velesnails.pl\/#\/schema\/logo\/image\/","url":"https:\/\/i0.wp.com\/velesnails.pl\/wp-content\/uploads\/2025\/10\/cropped-obraz_viber_2025-10-22_13-55-55-969.jpg?fit=485%2C381&ssl=1","contentUrl":"https:\/\/i0.wp.com\/velesnails.pl\/wp-content\/uploads\/2025\/10\/cropped-obraz_viber_2025-10-22_13-55-55-969.jpg?fit=485%2C381&ssl=1","width":485,"height":381,"caption":"velesnails"},"image":{"@id":"https:\/\/velesnails.pl\/#\/schema\/logo\/image\/"}}]}},"_links":{"self":[{"href":"https:\/\/velesnails.pl\/en\/wp-json\/wp\/v2\/product\/5737","targetHints":{"allow":["GET"]}}],"collection":[{"href":"https:\/\/velesnails.pl\/en\/wp-json\/wp\/v2\/product"}],"about":[{"href":"https:\/\/velesnails.pl\/en\/wp-json\/wp\/v2\/types\/product"}],"replies":[{"embeddable":true,"href":"https:\/\/velesnails.pl\/en\/wp-json\/wp\/v2\/comments?post=5737"}],"wp:featuredmedia":[{"embeddable":true,"href":"https:\/\/velesnails.pl\/en\/wp-json\/wp\/v2\/media\/5738"}],"wp:attachment":[{"href":"https:\/\/velesnails.pl\/en\/wp-json\/wp\/v2\/media?parent=5737"}],"wp:term":[{"taxonomy":"product_brand","embeddable":true,"href":"https:\/\/velesnails.pl\/en\/wp-json\/wp\/v2\/product_brand?post=5737"},{"taxonomy":"product_cat","embeddable":true,"href":"https:\/\/velesnails.pl\/en\/wp-json\/wp\/v2\/product_cat?post=5737"},{"taxonomy":"product_tag","embeddable":true,"href":"https:\/\/velesnails.pl\/en\/wp-json\/wp\/v2\/product_tag?post=5737"}],"curies":[{"name":"wp","href":"https:\/\/api.w.org\/{rel}","templated":true}]}}