{"id":5699,"date":"2025-02-04T17:45:43","date_gmt":"2025-02-04T14:45:43","guid":{"rendered":"https:\/\/velesnails.pl\/?post_type=product&#038;p=5699"},"modified":"2026-03-31T16:59:21","modified_gmt":"2026-03-31T13:59:21","slug":"frez-diamentowy-plomien-czerwony-21-mm","status":"publish","type":"product","link":"https:\/\/velesnails.pl\/en\/product\/frez-diamentowy-plomien-czerwony-21-mm\/","title":{"rendered":"Frez diamentowy &#8211; p\u0142omie\u0144 niebieski, 2,1 mm"},"content":{"rendered":"<p>Dok\u0142adnie i wyj\u0105tkowo delikatnie\u00a0<strong>usuwa powierzchni\u0119 wok\u00f3\u0142 sk\u00f3rek<\/strong>, nie uszkadzaj\u0105c p\u0142ytki paznokcia. Idealny do pracy przy wa\u0142ach paznokci, zgrubia\u0142ych sk\u00f3rkach, przydatny przy usuwaniu zagrzybie\u0144, zielonych bakterii na p\u0142ytce oraz do pracy przy wrastaj\u0105cych paznokciach tak\u017ce przy pedicure. Mo\u017cesz go tak\u017ce u\u017cy\u0107 podczas obr\u00f3bki sztucznych paznokci np. do czyszczenia ich od spodu.<br \/>\nMog\u0105 by\u0107\u00a0<strong>sterylizowane<\/strong>\u00a0w autoklawach lub innych urz\u0105dzeniach przeznaczonych do sterylizacji narz\u0119dzi.<\/p>\n<p><strong>Wymiary:<\/strong><\/p>\n<ul>\n<li>\u015arednica trzpienia: 2,1 mm (uniwersalny)<\/li>\n<li>Cz\u0119\u015b\u0107 pracuj\u0105ca: 8 x 2 mm<\/li>\n<li>D\u0142ugo\u015b\u0107 ca\u0142kowita: 45 mm<\/li>\n<\/ul>\n<p>&nbsp;<\/p>","protected":false},"excerpt":{"rendered":"<p>Dok\u0142adnie i wyj\u0105tkowo delikatnie\u00a0usuwa powierzchni\u0119 wok\u00f3\u0142 sk\u00f3rek, nie uszkadzaj\u0105c p\u0142ytki paznokcia. Idealny do pracy przy wa\u0142ach paznokci, zgrubia\u0142ych sk\u00f3rkach, przydatny przy usuwaniu zagrzybie\u0144, zielonych bakterii na p\u0142ytce oraz do pracy przy wrastaj\u0105cych paznokciach tak\u017ce przy pedicure. Mo\u017cesz go tak\u017ce u\u017cy\u0107 podczas obr\u00f3bki sztucznych paznokci np. do czyszczenia ich od spodu. Mog\u0105 by\u0107\u00a0sterylizowane\u00a0w autoklawach lub innych [&hellip;]<\/p>\n","protected":false},"featured_media":5700,"comment_status":"closed","ping_status":"closed","template":"","meta":{"om_disable_all_campaigns":false,"ocean_post_layout":"","ocean_both_sidebars_style":"","ocean_both_sidebars_content_width":0,"ocean_both_sidebars_sidebars_width":0,"ocean_sidebar":"0","ocean_second_sidebar":"0","ocean_disable_margins":"enable","ocean_add_body_class":"","ocean_shortcode_before_top_bar":"","ocean_shortcode_after_top_bar":"","ocean_shortcode_before_header":"","ocean_shortcode_after_header":"","ocean_has_shortcode":"","ocean_shortcode_after_title":"","ocean_shortcode_before_footer_widgets":"","ocean_shortcode_after_footer_widgets":"","ocean_shortcode_before_footer_bottom":"","ocean_shortcode_after_footer_bottom":"","ocean_display_top_bar":"default","ocean_display_header":"default","ocean_header_style":"","ocean_center_header_left_menu":"0","ocean_custom_header_template":"0","ocean_custom_logo":0,"ocean_custom_retina_logo":0,"ocean_custom_logo_max_width":0,"ocean_custom_logo_tablet_max_width":0,"ocean_custom_logo_mobile_max_width":0,"ocean_custom_logo_max_height":0,"ocean_custom_logo_tablet_max_height":0,"ocean_custom_logo_mobile_max_height":0,"ocean_header_custom_menu":"0","ocean_menu_typo_font_family":"0","ocean_menu_typo_font_subset":"","ocean_menu_typo_font_size":0,"ocean_menu_typo_font_size_tablet":0,"ocean_menu_typo_font_size_mobile":0,"ocean_menu_typo_font_size_unit":"px","ocean_menu_typo_font_weight":"","ocean_menu_typo_font_weight_tablet":"","ocean_menu_typo_font_weight_mobile":"","ocean_menu_typo_transform":"","ocean_menu_typo_transform_tablet":"","ocean_menu_typo_transform_mobile":"","ocean_menu_typo_line_height":0,"ocean_menu_typo_line_height_tablet":0,"ocean_menu_typo_line_height_mobile":0,"ocean_menu_typo_line_height_unit":"","ocean_menu_typo_spacing":0,"ocean_menu_typo_spacing_tablet":0,"ocean_menu_typo_spacing_mobile":0,"ocean_menu_typo_spacing_unit":"","ocean_menu_link_color":"","ocean_menu_link_color_hover":"","ocean_menu_link_color_active":"","ocean_menu_link_background":"","ocean_menu_link_hover_background":"","ocean_menu_link_active_background":"","ocean_menu_social_links_bg":"","ocean_menu_social_hover_links_bg":"","ocean_menu_social_links_color":"","ocean_menu_social_hover_links_color":"","ocean_disable_title":"default","ocean_disable_heading":"default","ocean_post_title":"","ocean_post_subheading":"","ocean_post_title_style":"","ocean_post_title_background_color":"","ocean_post_title_background":0,"ocean_post_title_bg_image_position":"","ocean_post_title_bg_image_attachment":"","ocean_post_title_bg_image_repeat":"","ocean_post_title_bg_image_size":"","ocean_post_title_height":0,"ocean_post_title_bg_overlay":0.5,"ocean_post_title_bg_overlay_color":"","ocean_disable_breadcrumbs":"default","ocean_breadcrumbs_color":"","ocean_breadcrumbs_separator_color":"","ocean_breadcrumbs_links_color":"","ocean_breadcrumbs_links_hover_color":"","ocean_display_footer_widgets":"default","ocean_display_footer_bottom":"default","ocean_custom_footer_template":"0"},"product_brand":[],"product_cat":[190,160,158,176,110],"product_tag":[],"class_list":{"0":"post-5699","1":"product","2":"type-product","3":"status-publish","4":"has-post-thumbnail","6":"product_cat-clavier-1","7":"product_cat-diamentowe","8":"product_cat-frezy","9":"product_cat-marki","10":"product_cat-paznokcie","12":"entry","13":"has-media","15":"first","16":"instock","17":"taxable","18":"shipping-taxable","19":"purchasable","20":"product-type-simple","21":"has-product-nav","22":"col","23":"span_1_of_3","24":"owp-content-center","25":"owp-thumbs-layout-horizontal","26":"owp-btn-normal","27":"owp-tabs-layout-horizontal"},"yoast_head":"<!-- This site is optimized with the Yoast SEO plugin v27.6 - https:\/\/yoast.com\/product\/yoast-seo-wordpress\/ -->\n<title>Frez diamentowy - p\u0142omie\u0144 niebieski, 2,1 mm - velesnails<\/title>\n<meta name=\"robots\" content=\"index, follow, max-snippet:-1, max-image-preview:large, max-video-preview:-1\" \/>\n<link rel=\"canonical\" href=\"https:\/\/velesnails.pl\/en\/product\/frez-diamentowy-plomien-czerwony-21-mm\/\" \/>\n<meta property=\"og:locale\" content=\"en_GB\" \/>\n<meta property=\"og:type\" content=\"article\" \/>\n<meta property=\"og:title\" content=\"Frez diamentowy - p\u0142omie\u0144 niebieski, 2,1 mm - velesnails\" \/>\n<meta property=\"og:description\" content=\"Dok\u0142adnie i wyj\u0105tkowo delikatnie\u00a0usuwa powierzchni\u0119 wok\u00f3\u0142 sk\u00f3rek, nie uszkadzaj\u0105c p\u0142ytki paznokcia. Idealny do pracy przy wa\u0142ach paznokci, zgrubia\u0142ych sk\u00f3rkach, przydatny przy usuwaniu zagrzybie\u0144, zielonych bakterii na p\u0142ytce oraz do pracy przy wrastaj\u0105cych paznokciach tak\u017ce przy pedicure. Mo\u017cesz go tak\u017ce u\u017cy\u0107 podczas obr\u00f3bki sztucznych paznokci np. do czyszczenia ich od spodu. Mog\u0105 by\u0107\u00a0sterylizowane\u00a0w autoklawach lub innych [&hellip;]\" \/>\n<meta property=\"og:url\" content=\"https:\/\/velesnails.pl\/en\/product\/frez-diamentowy-plomien-czerwony-21-mm\/\" \/>\n<meta property=\"og:site_name\" content=\"velesnails\" \/>\n<meta property=\"article:modified_time\" content=\"2026-03-31T13:59:21+00:00\" \/>\n<meta property=\"og:image\" content=\"https:\/\/velesnails.pl\/wp-content\/uploads\/2025\/02\/\u0417\u043d\u0456\u043c\u043e\u043a-\u0435\u043a\u0440\u0430\u043d\u0430-2025-02-04-154646.png\" \/>\n\t<meta property=\"og:image:width\" content=\"804\" \/>\n\t<meta property=\"og:image:height\" content=\"852\" \/>\n\t<meta property=\"og:image:type\" content=\"image\/png\" \/>\n<meta name=\"twitter:card\" content=\"summary_large_image\" \/>\n<script type=\"application\/ld+json\" class=\"yoast-schema-graph\">{\"@context\":\"https:\\\/\\\/schema.org\",\"@graph\":[{\"@type\":\"WebPage\",\"@id\":\"https:\\\/\\\/velesnails.pl\\\/product\\\/frez-diamentowy-plomien-czerwony-21-mm\\\/\",\"url\":\"https:\\\/\\\/velesnails.pl\\\/product\\\/frez-diamentowy-plomien-czerwony-21-mm\\\/\",\"name\":\"Frez diamentowy - p\u0142omie\u0144 niebieski, 2,1 mm - velesnails\",\"isPartOf\":{\"@id\":\"https:\\\/\\\/velesnails.pl\\\/#website\"},\"primaryImageOfPage\":{\"@id\":\"https:\\\/\\\/velesnails.pl\\\/product\\\/frez-diamentowy-plomien-czerwony-21-mm\\\/#primaryimage\"},\"image\":{\"@id\":\"https:\\\/\\\/velesnails.pl\\\/product\\\/frez-diamentowy-plomien-czerwony-21-mm\\\/#primaryimage\"},\"thumbnailUrl\":\"https:\\\/\\\/i0.wp.com\\\/velesnails.pl\\\/wp-content\\\/uploads\\\/2025\\\/02\\\/%D0%97%D0%BD%D1%96%D0%BC%D0%BE%D0%BA-%D0%B5%D0%BA%D1%80%D0%B0%D0%BD%D0%B0-2025-02-04-154646.png?fit=804%2C852&ssl=1\",\"datePublished\":\"2025-02-04T14:45:43+00:00\",\"dateModified\":\"2026-03-31T13:59:21+00:00\",\"breadcrumb\":{\"@id\":\"https:\\\/\\\/velesnails.pl\\\/product\\\/frez-diamentowy-plomien-czerwony-21-mm\\\/#breadcrumb\"},\"inLanguage\":\"en-GB\",\"potentialAction\":[{\"@type\":\"ReadAction\",\"target\":[\"https:\\\/\\\/velesnails.pl\\\/product\\\/frez-diamentowy-plomien-czerwony-21-mm\\\/\"]}]},{\"@type\":\"ImageObject\",\"inLanguage\":\"en-GB\",\"@id\":\"https:\\\/\\\/velesnails.pl\\\/product\\\/frez-diamentowy-plomien-czerwony-21-mm\\\/#primaryimage\",\"url\":\"https:\\\/\\\/i0.wp.com\\\/velesnails.pl\\\/wp-content\\\/uploads\\\/2025\\\/02\\\/%D0%97%D0%BD%D1%96%D0%BC%D0%BE%D0%BA-%D0%B5%D0%BA%D1%80%D0%B0%D0%BD%D0%B0-2025-02-04-154646.png?fit=804%2C852&ssl=1\",\"contentUrl\":\"https:\\\/\\\/i0.wp.com\\\/velesnails.pl\\\/wp-content\\\/uploads\\\/2025\\\/02\\\/%D0%97%D0%BD%D1%96%D0%BC%D0%BE%D0%BA-%D0%B5%D0%BA%D1%80%D0%B0%D0%BD%D0%B0-2025-02-04-154646.png?fit=804%2C852&ssl=1\",\"width\":804,\"height\":852},{\"@type\":\"BreadcrumbList\",\"@id\":\"https:\\\/\\\/velesnails.pl\\\/product\\\/frez-diamentowy-plomien-czerwony-21-mm\\\/#breadcrumb\",\"itemListElement\":[{\"@type\":\"ListItem\",\"position\":1,\"name\":\"\u0413\u043e\u043b\u043e\u0432\u043d\u0430\",\"item\":\"https:\\\/\\\/velesnails.pl\\\/\"},{\"@type\":\"ListItem\",\"position\":2,\"name\":\"Sklep\",\"item\":\"https:\\\/\\\/velesnails.pl\\\/shop\\\/\"},{\"@type\":\"ListItem\",\"position\":3,\"name\":\"Frez diamentowy &#8211; p\u0142omie\u0144 niebieski, 2,1 mm\"}]},{\"@type\":\"WebSite\",\"@id\":\"https:\\\/\\\/velesnails.pl\\\/#website\",\"url\":\"https:\\\/\\\/velesnails.pl\\\/\",\"name\":\"velesnails\",\"description\":\"Sklep z manicure\",\"publisher\":{\"@id\":\"https:\\\/\\\/velesnails.pl\\\/#organization\"},\"potentialAction\":[{\"@type\":\"SearchAction\",\"target\":{\"@type\":\"EntryPoint\",\"urlTemplate\":\"https:\\\/\\\/velesnails.pl\\\/?s={search_term_string}\"},\"query-input\":{\"@type\":\"PropertyValueSpecification\",\"valueRequired\":true,\"valueName\":\"search_term_string\"}}],\"inLanguage\":\"en-GB\"},{\"@type\":\"Organization\",\"@id\":\"https:\\\/\\\/velesnails.pl\\\/#organization\",\"name\":\"velesnails\",\"url\":\"https:\\\/\\\/velesnails.pl\\\/\",\"logo\":{\"@type\":\"ImageObject\",\"inLanguage\":\"en-GB\",\"@id\":\"https:\\\/\\\/velesnails.pl\\\/#\\\/schema\\\/logo\\\/image\\\/\",\"url\":\"https:\\\/\\\/i0.wp.com\\\/velesnails.pl\\\/wp-content\\\/uploads\\\/2025\\\/10\\\/cropped-obraz_viber_2025-10-22_13-55-55-969.jpg?fit=485%2C381&ssl=1\",\"contentUrl\":\"https:\\\/\\\/i0.wp.com\\\/velesnails.pl\\\/wp-content\\\/uploads\\\/2025\\\/10\\\/cropped-obraz_viber_2025-10-22_13-55-55-969.jpg?fit=485%2C381&ssl=1\",\"width\":485,\"height\":381,\"caption\":\"velesnails\"},\"image\":{\"@id\":\"https:\\\/\\\/velesnails.pl\\\/#\\\/schema\\\/logo\\\/image\\\/\"}}]}<\/script>\n<!-- \/ Yoast SEO plugin. -->","yoast_head_json":{"title":"Frez diamentowy - p\u0142omie\u0144 niebieski, 2,1 mm - velesnails","robots":{"index":"index","follow":"follow","max-snippet":"max-snippet:-1","max-image-preview":"max-image-preview:large","max-video-preview":"max-video-preview:-1"},"canonical":"https:\/\/velesnails.pl\/en\/product\/frez-diamentowy-plomien-czerwony-21-mm\/","og_locale":"en_GB","og_type":"article","og_title":"Frez diamentowy - p\u0142omie\u0144 niebieski, 2,1 mm - velesnails","og_description":"Dok\u0142adnie i wyj\u0105tkowo delikatnie\u00a0usuwa powierzchni\u0119 wok\u00f3\u0142 sk\u00f3rek, nie uszkadzaj\u0105c p\u0142ytki paznokcia. Idealny do pracy przy wa\u0142ach paznokci, zgrubia\u0142ych sk\u00f3rkach, przydatny przy usuwaniu zagrzybie\u0144, zielonych bakterii na p\u0142ytce oraz do pracy przy wrastaj\u0105cych paznokciach tak\u017ce przy pedicure. Mo\u017cesz go tak\u017ce u\u017cy\u0107 podczas obr\u00f3bki sztucznych paznokci np. do czyszczenia ich od spodu. Mog\u0105 by\u0107\u00a0sterylizowane\u00a0w autoklawach lub innych [&hellip;]","og_url":"https:\/\/velesnails.pl\/en\/product\/frez-diamentowy-plomien-czerwony-21-mm\/","og_site_name":"velesnails","article_modified_time":"2026-03-31T13:59:21+00:00","og_image":[{"width":804,"height":852,"url":"https:\/\/velesnails.pl\/wp-content\/uploads\/2025\/02\/\u0417\u043d\u0456\u043c\u043e\u043a-\u0435\u043a\u0440\u0430\u043d\u0430-2025-02-04-154646.png","type":"image\/png"}],"twitter_card":"summary_large_image","schema":{"@context":"https:\/\/schema.org","@graph":[{"@type":"WebPage","@id":"https:\/\/velesnails.pl\/product\/frez-diamentowy-plomien-czerwony-21-mm\/","url":"https:\/\/velesnails.pl\/product\/frez-diamentowy-plomien-czerwony-21-mm\/","name":"Frez diamentowy - p\u0142omie\u0144 niebieski, 2,1 mm - velesnails","isPartOf":{"@id":"https:\/\/velesnails.pl\/#website"},"primaryImageOfPage":{"@id":"https:\/\/velesnails.pl\/product\/frez-diamentowy-plomien-czerwony-21-mm\/#primaryimage"},"image":{"@id":"https:\/\/velesnails.pl\/product\/frez-diamentowy-plomien-czerwony-21-mm\/#primaryimage"},"thumbnailUrl":"https:\/\/i0.wp.com\/velesnails.pl\/wp-content\/uploads\/2025\/02\/%D0%97%D0%BD%D1%96%D0%BC%D0%BE%D0%BA-%D0%B5%D0%BA%D1%80%D0%B0%D0%BD%D0%B0-2025-02-04-154646.png?fit=804%2C852&ssl=1","datePublished":"2025-02-04T14:45:43+00:00","dateModified":"2026-03-31T13:59:21+00:00","breadcrumb":{"@id":"https:\/\/velesnails.pl\/product\/frez-diamentowy-plomien-czerwony-21-mm\/#breadcrumb"},"inLanguage":"en-GB","potentialAction":[{"@type":"ReadAction","target":["https:\/\/velesnails.pl\/product\/frez-diamentowy-plomien-czerwony-21-mm\/"]}]},{"@type":"ImageObject","inLanguage":"en-GB","@id":"https:\/\/velesnails.pl\/product\/frez-diamentowy-plomien-czerwony-21-mm\/#primaryimage","url":"https:\/\/i0.wp.com\/velesnails.pl\/wp-content\/uploads\/2025\/02\/%D0%97%D0%BD%D1%96%D0%BC%D0%BE%D0%BA-%D0%B5%D0%BA%D1%80%D0%B0%D0%BD%D0%B0-2025-02-04-154646.png?fit=804%2C852&ssl=1","contentUrl":"https:\/\/i0.wp.com\/velesnails.pl\/wp-content\/uploads\/2025\/02\/%D0%97%D0%BD%D1%96%D0%BC%D0%BE%D0%BA-%D0%B5%D0%BA%D1%80%D0%B0%D0%BD%D0%B0-2025-02-04-154646.png?fit=804%2C852&ssl=1","width":804,"height":852},{"@type":"BreadcrumbList","@id":"https:\/\/velesnails.pl\/product\/frez-diamentowy-plomien-czerwony-21-mm\/#breadcrumb","itemListElement":[{"@type":"ListItem","position":1,"name":"\u0413\u043e\u043b\u043e\u0432\u043d\u0430","item":"https:\/\/velesnails.pl\/"},{"@type":"ListItem","position":2,"name":"Sklep","item":"https:\/\/velesnails.pl\/shop\/"},{"@type":"ListItem","position":3,"name":"Frez diamentowy &#8211; p\u0142omie\u0144 niebieski, 2,1 mm"}]},{"@type":"WebSite","@id":"https:\/\/velesnails.pl\/#website","url":"https:\/\/velesnails.pl\/","name":"velesnails","description":"Manicure shop","publisher":{"@id":"https:\/\/velesnails.pl\/#organization"},"potentialAction":[{"@type":"SearchAction","target":{"@type":"EntryPoint","urlTemplate":"https:\/\/velesnails.pl\/?s={search_term_string}"},"query-input":{"@type":"PropertyValueSpecification","valueRequired":true,"valueName":"search_term_string"}}],"inLanguage":"en-GB"},{"@type":"Organization","@id":"https:\/\/velesnails.pl\/#organization","name":"velesnails","url":"https:\/\/velesnails.pl\/","logo":{"@type":"ImageObject","inLanguage":"en-GB","@id":"https:\/\/velesnails.pl\/#\/schema\/logo\/image\/","url":"https:\/\/i0.wp.com\/velesnails.pl\/wp-content\/uploads\/2025\/10\/cropped-obraz_viber_2025-10-22_13-55-55-969.jpg?fit=485%2C381&ssl=1","contentUrl":"https:\/\/i0.wp.com\/velesnails.pl\/wp-content\/uploads\/2025\/10\/cropped-obraz_viber_2025-10-22_13-55-55-969.jpg?fit=485%2C381&ssl=1","width":485,"height":381,"caption":"velesnails"},"image":{"@id":"https:\/\/velesnails.pl\/#\/schema\/logo\/image\/"}}]}},"_links":{"self":[{"href":"https:\/\/velesnails.pl\/en\/wp-json\/wp\/v2\/product\/5699","targetHints":{"allow":["GET"]}}],"collection":[{"href":"https:\/\/velesnails.pl\/en\/wp-json\/wp\/v2\/product"}],"about":[{"href":"https:\/\/velesnails.pl\/en\/wp-json\/wp\/v2\/types\/product"}],"replies":[{"embeddable":true,"href":"https:\/\/velesnails.pl\/en\/wp-json\/wp\/v2\/comments?post=5699"}],"wp:featuredmedia":[{"embeddable":true,"href":"https:\/\/velesnails.pl\/en\/wp-json\/wp\/v2\/media\/5700"}],"wp:attachment":[{"href":"https:\/\/velesnails.pl\/en\/wp-json\/wp\/v2\/media?parent=5699"}],"wp:term":[{"taxonomy":"product_brand","embeddable":true,"href":"https:\/\/velesnails.pl\/en\/wp-json\/wp\/v2\/product_brand?post=5699"},{"taxonomy":"product_cat","embeddable":true,"href":"https:\/\/velesnails.pl\/en\/wp-json\/wp\/v2\/product_cat?post=5699"},{"taxonomy":"product_tag","embeddable":true,"href":"https:\/\/velesnails.pl\/en\/wp-json\/wp\/v2\/product_tag?post=5699"}],"curies":[{"name":"wp","href":"https:\/\/api.w.org\/{rel}","templated":true}]}}