{"id":5263,"date":"2024-10-11T16:58:05","date_gmt":"2024-10-11T13:58:05","guid":{"rendered":"https:\/\/velesnails.pl\/?post_type=product&#038;p=5263"},"modified":"2025-09-04T17:14:51","modified_gmt":"2025-09-04T14:14:51","slug":"baby-boomer-airbrush-white-5g","status":"publish","type":"product","link":"https:\/\/velesnails.pl\/en\/product\/baby-boomer-airbrush-white-5g\/","title":{"rendered":"Baby Boomer Airbrush White 5g"},"content":{"rendered":"<h1><strong>Bia\u0142y py\u0142ek do paznokci Baby Boomer Airbrush White\u00a0<\/strong><\/h1>\n<p>Zawsze chcia\u0142a\u015b si\u0119 nauczy\u0107 tworzy\u0107\u00a0<strong>modne\u00a0<\/strong><strong>zdobienie baby boomer<\/strong><strong>\u00a0lub\u00a0aurora nails<\/strong>, ale\u00a0nie do ko\u0144ca potrafi\u0142a\u015b wykona\u0107 idealne przej\u015bcie pomi\u0119dzy nak\u0142adanymi kolorami? Ten problem nie b\u0119dzie Ci\u0119 dotyczy\u0142, gdy si\u0119gniesz po nowo\u015b\u0107 z\u00a0oferty\u00a0NEONAIL.\u00a0<strong>To py\u0142ek w\u00a0butelce z\u00a0atomizerem!<\/strong>\u00a0Wystarczy spryska\u0107 paznokcie, a\u00a0od razu pojawi si\u0119 na\u00a0nich\u00a0<strong>tafla koloru<\/strong>, kt\u00f3ra pi\u0119knie b\u0119dzie \u0142\u0105czy\u0107 si\u0119 z\u00a0zaaplikowanym wcze\u015bniej odcieniem bazowym. Je\u015bli wi\u0119c\u00a0nie masz wprawy, albo\u00a0jeste\u015b osob\u0105 pocz\u0105tkuj\u0105c\u0105, si\u0119gnij po\u00a0<strong>py\u0142ek do paznokci<\/strong><strong>\u00a0w\u00a0sprayu,<\/strong>\u00a0by w\u00a0szybki i\u00a0\u0142atwy spos\u00f3b przygotowa\u0107 r\u00f3\u017cne modne zdobienia.<\/p>\n<h1><strong>Bia\u0142y py\u0142ek do paznokci w\u00a0sprayu ozdobi manicure w\u00a0kilka chwil<\/strong><\/h1>\n<p>Baby Boomer Airbrush White to\u00a0<strong>bia\u0142y py\u0142ek do paznokci<\/strong>\u00a0zamkni\u0119ty w\u00a0buteleczce z\u00a0atomizerem. Dzi\u0119ki temu nie potrzebujesz \u017cadnych dodatkowych akcesori\u00f3w, by stworzy\u0107 idealne przej\u015bcie kolor\u00f3w w\u00a0stylu ombre lub\u00a0baby boomer manicure, kt\u00f3rego krycie mo\u017cesz stopniowa\u0107. Trzeba jedynie\u00a0<strong>spryska\u0107 paznokcie bia\u0142ym py\u0142kiem,<\/strong>\u00a0a\u00a0w kilka chwil samodzielnie stworzysz efektowny\u00a0manicure, obok kt\u00f3rego trudno b\u0119dzie przej\u015b\u0107 oboj\u0119tnie!<\/p>\n<div class=\"ewa-rteLine\"><\/div>","protected":false},"excerpt":{"rendered":"<p>Bia\u0142y py\u0142ek do paznokci Baby Boomer Airbrush White\u00a0 Zawsze chcia\u0142a\u015b si\u0119 nauczy\u0107 tworzy\u0107\u00a0modne\u00a0zdobienie baby boomer\u00a0lub\u00a0aurora nails, ale\u00a0nie do ko\u0144ca potrafi\u0142a\u015b wykona\u0107 idealne przej\u015bcie pomi\u0119dzy nak\u0142adanymi kolorami? Ten problem nie b\u0119dzie Ci\u0119 dotyczy\u0142, gdy si\u0119gniesz po nowo\u015b\u0107 z\u00a0oferty\u00a0NEONAIL.\u00a0To py\u0142ek w\u00a0butelce z\u00a0atomizerem!\u00a0Wystarczy spryska\u0107 paznokcie, a\u00a0od razu pojawi si\u0119 na\u00a0nich\u00a0tafla koloru, kt\u00f3ra pi\u0119knie b\u0119dzie \u0142\u0105czy\u0107 si\u0119 z\u00a0zaaplikowanym wcze\u015bniej [&hellip;]<\/p>\n","protected":false},"featured_media":5264,"comment_status":"closed","ping_status":"closed","template":"","meta":{"om_disable_all_campaigns":false,"ocean_post_layout":"","ocean_both_sidebars_style":"","ocean_both_sidebars_content_width":0,"ocean_both_sidebars_sidebars_width":0,"ocean_sidebar":"0","ocean_second_sidebar":"0","ocean_disable_margins":"enable","ocean_add_body_class":"","ocean_shortcode_before_top_bar":"","ocean_shortcode_after_top_bar":"","ocean_shortcode_before_header":"","ocean_shortcode_after_header":"","ocean_has_shortcode":"","ocean_shortcode_after_title":"","ocean_shortcode_before_footer_widgets":"","ocean_shortcode_after_footer_widgets":"","ocean_shortcode_before_footer_bottom":"","ocean_shortcode_after_footer_bottom":"","ocean_display_top_bar":"default","ocean_display_header":"default","ocean_header_style":"","ocean_center_header_left_menu":"0","ocean_custom_header_template":"0","ocean_custom_logo":0,"ocean_custom_retina_logo":0,"ocean_custom_logo_max_width":0,"ocean_custom_logo_tablet_max_width":0,"ocean_custom_logo_mobile_max_width":0,"ocean_custom_logo_max_height":0,"ocean_custom_logo_tablet_max_height":0,"ocean_custom_logo_mobile_max_height":0,"ocean_header_custom_menu":"0","ocean_menu_typo_font_family":"0","ocean_menu_typo_font_subset":"","ocean_menu_typo_font_size":0,"ocean_menu_typo_font_size_tablet":0,"ocean_menu_typo_font_size_mobile":0,"ocean_menu_typo_font_size_unit":"px","ocean_menu_typo_font_weight":"","ocean_menu_typo_font_weight_tablet":"","ocean_menu_typo_font_weight_mobile":"","ocean_menu_typo_transform":"","ocean_menu_typo_transform_tablet":"","ocean_menu_typo_transform_mobile":"","ocean_menu_typo_line_height":0,"ocean_menu_typo_line_height_tablet":0,"ocean_menu_typo_line_height_mobile":0,"ocean_menu_typo_line_height_unit":"","ocean_menu_typo_spacing":0,"ocean_menu_typo_spacing_tablet":0,"ocean_menu_typo_spacing_mobile":0,"ocean_menu_typo_spacing_unit":"","ocean_menu_link_color":"","ocean_menu_link_color_hover":"","ocean_menu_link_color_active":"","ocean_menu_link_background":"","ocean_menu_link_hover_background":"","ocean_menu_link_active_background":"","ocean_menu_social_links_bg":"","ocean_menu_social_hover_links_bg":"","ocean_menu_social_links_color":"","ocean_menu_social_hover_links_color":"","ocean_disable_title":"default","ocean_disable_heading":"default","ocean_post_title":"","ocean_post_subheading":"","ocean_post_title_style":"","ocean_post_title_background_color":"","ocean_post_title_background":0,"ocean_post_title_bg_image_position":"","ocean_post_title_bg_image_attachment":"","ocean_post_title_bg_image_repeat":"","ocean_post_title_bg_image_size":"","ocean_post_title_height":0,"ocean_post_title_bg_overlay":0.5,"ocean_post_title_bg_overlay_color":"","ocean_disable_breadcrumbs":"default","ocean_breadcrumbs_color":"","ocean_breadcrumbs_separator_color":"","ocean_breadcrumbs_links_color":"","ocean_breadcrumbs_links_hover_color":"","ocean_display_footer_widgets":"default","ocean_display_footer_bottom":"default","ocean_custom_footer_template":"0"},"product_brand":[],"product_cat":[176,125,193,110,126],"product_tag":[],"class_list":{"0":"post-5263","1":"product","2":"type-product","3":"status-publish","4":"has-post-thumbnail","6":"product_cat-marki","7":"product_cat-nail-art","8":"product_cat-neonails-1","9":"product_cat-paznokcie","10":"product_cat-zel-do-zdobien","12":"entry","13":"has-media","15":"first","16":"instock","17":"taxable","18":"shipping-taxable","19":"purchasable","20":"product-type-simple","21":"has-product-nav","22":"col","23":"span_1_of_3","24":"owp-content-center","25":"owp-thumbs-layout-horizontal","26":"owp-btn-normal","27":"owp-tabs-layout-horizontal","28":"has-no-thumbnails"},"yoast_head":"<!-- This site is optimized with the Yoast SEO plugin v27.6 - https:\/\/yoast.com\/product\/yoast-seo-wordpress\/ -->\n<title>Baby Boomer Airbrush White 5g - velesnails<\/title>\n<meta name=\"robots\" content=\"index, follow, max-snippet:-1, max-image-preview:large, max-video-preview:-1\" \/>\n<link rel=\"canonical\" href=\"https:\/\/velesnails.pl\/en\/product\/baby-boomer-airbrush-white-5g\/\" \/>\n<meta property=\"og:locale\" content=\"en_GB\" \/>\n<meta property=\"og:type\" content=\"article\" \/>\n<meta property=\"og:title\" content=\"Baby Boomer Airbrush White 5g - velesnails\" \/>\n<meta property=\"og:description\" content=\"Bia\u0142y py\u0142ek do paznokci Baby Boomer Airbrush White\u00a0 Zawsze chcia\u0142a\u015b si\u0119 nauczy\u0107 tworzy\u0107\u00a0modne\u00a0zdobienie baby boomer\u00a0lub\u00a0aurora nails, ale\u00a0nie do ko\u0144ca potrafi\u0142a\u015b wykona\u0107 idealne przej\u015bcie pomi\u0119dzy nak\u0142adanymi kolorami? Ten problem nie b\u0119dzie Ci\u0119 dotyczy\u0142, gdy si\u0119gniesz po nowo\u015b\u0107 z\u00a0oferty\u00a0NEONAIL.\u00a0To py\u0142ek w\u00a0butelce z\u00a0atomizerem!\u00a0Wystarczy spryska\u0107 paznokcie, a\u00a0od razu pojawi si\u0119 na\u00a0nich\u00a0tafla koloru, kt\u00f3ra pi\u0119knie b\u0119dzie \u0142\u0105czy\u0107 si\u0119 z\u00a0zaaplikowanym wcze\u015bniej [&hellip;]\" \/>\n<meta property=\"og:url\" content=\"https:\/\/velesnails.pl\/en\/product\/baby-boomer-airbrush-white-5g\/\" \/>\n<meta property=\"og:site_name\" content=\"velesnails\" \/>\n<meta property=\"article:modified_time\" content=\"2025-09-04T14:14:51+00:00\" \/>\n<meta property=\"og:image\" content=\"https:\/\/i0.wp.com\/velesnails.pl\/wp-content\/uploads\/2024\/10\/%D0%97%D0%BD%D1%96%D0%BC%D0%BE%D0%BA-%D0%B5%D0%BA%D1%80%D0%B0%D0%BD%D0%B0-2024-09-30-150326.png?fit=608%2C484&ssl=1\" \/>\n\t<meta property=\"og:image:width\" content=\"608\" \/>\n\t<meta property=\"og:image:height\" content=\"484\" \/>\n\t<meta property=\"og:image:type\" content=\"image\/png\" \/>\n<meta name=\"twitter:card\" content=\"summary_large_image\" \/>\n<meta name=\"twitter:label1\" content=\"Estimated reading time\" \/>\n\t<meta name=\"twitter:data1\" content=\"1 minute\" \/>\n<script type=\"application\/ld+json\" class=\"yoast-schema-graph\">{\"@context\":\"https:\\\/\\\/schema.org\",\"@graph\":[{\"@type\":\"WebPage\",\"@id\":\"https:\\\/\\\/velesnails.pl\\\/product\\\/baby-boomer-airbrush-white-5g\\\/\",\"url\":\"https:\\\/\\\/velesnails.pl\\\/product\\\/baby-boomer-airbrush-white-5g\\\/\",\"name\":\"Baby Boomer Airbrush White 5g - velesnails\",\"isPartOf\":{\"@id\":\"https:\\\/\\\/velesnails.pl\\\/#website\"},\"primaryImageOfPage\":{\"@id\":\"https:\\\/\\\/velesnails.pl\\\/product\\\/baby-boomer-airbrush-white-5g\\\/#primaryimage\"},\"image\":{\"@id\":\"https:\\\/\\\/velesnails.pl\\\/product\\\/baby-boomer-airbrush-white-5g\\\/#primaryimage\"},\"thumbnailUrl\":\"https:\\\/\\\/i0.wp.com\\\/velesnails.pl\\\/wp-content\\\/uploads\\\/2024\\\/10\\\/%D0%97%D0%BD%D1%96%D0%BC%D0%BE%D0%BA-%D0%B5%D0%BA%D1%80%D0%B0%D0%BD%D0%B0-2024-09-30-150326.png?fit=608%2C484&ssl=1\",\"datePublished\":\"2024-10-11T13:58:05+00:00\",\"dateModified\":\"2025-09-04T14:14:51+00:00\",\"breadcrumb\":{\"@id\":\"https:\\\/\\\/velesnails.pl\\\/product\\\/baby-boomer-airbrush-white-5g\\\/#breadcrumb\"},\"inLanguage\":\"en-GB\",\"potentialAction\":[{\"@type\":\"ReadAction\",\"target\":[\"https:\\\/\\\/velesnails.pl\\\/product\\\/baby-boomer-airbrush-white-5g\\\/\"]}]},{\"@type\":\"ImageObject\",\"inLanguage\":\"en-GB\",\"@id\":\"https:\\\/\\\/velesnails.pl\\\/product\\\/baby-boomer-airbrush-white-5g\\\/#primaryimage\",\"url\":\"https:\\\/\\\/i0.wp.com\\\/velesnails.pl\\\/wp-content\\\/uploads\\\/2024\\\/10\\\/%D0%97%D0%BD%D1%96%D0%BC%D0%BE%D0%BA-%D0%B5%D0%BA%D1%80%D0%B0%D0%BD%D0%B0-2024-09-30-150326.png?fit=608%2C484&ssl=1\",\"contentUrl\":\"https:\\\/\\\/i0.wp.com\\\/velesnails.pl\\\/wp-content\\\/uploads\\\/2024\\\/10\\\/%D0%97%D0%BD%D1%96%D0%BC%D0%BE%D0%BA-%D0%B5%D0%BA%D1%80%D0%B0%D0%BD%D0%B0-2024-09-30-150326.png?fit=608%2C484&ssl=1\",\"width\":608,\"height\":484},{\"@type\":\"BreadcrumbList\",\"@id\":\"https:\\\/\\\/velesnails.pl\\\/product\\\/baby-boomer-airbrush-white-5g\\\/#breadcrumb\",\"itemListElement\":[{\"@type\":\"ListItem\",\"position\":1,\"name\":\"\u0413\u043e\u043b\u043e\u0432\u043d\u0430\",\"item\":\"https:\\\/\\\/velesnails.pl\\\/\"},{\"@type\":\"ListItem\",\"position\":2,\"name\":\"Sklep\",\"item\":\"https:\\\/\\\/velesnails.pl\\\/shop\\\/\"},{\"@type\":\"ListItem\",\"position\":3,\"name\":\"Baby Boomer Airbrush White 5g\"}]},{\"@type\":\"WebSite\",\"@id\":\"https:\\\/\\\/velesnails.pl\\\/#website\",\"url\":\"https:\\\/\\\/velesnails.pl\\\/\",\"name\":\"velesnails\",\"description\":\"Sklep z manicure\",\"publisher\":{\"@id\":\"https:\\\/\\\/velesnails.pl\\\/#organization\"},\"potentialAction\":[{\"@type\":\"SearchAction\",\"target\":{\"@type\":\"EntryPoint\",\"urlTemplate\":\"https:\\\/\\\/velesnails.pl\\\/?s={search_term_string}\"},\"query-input\":{\"@type\":\"PropertyValueSpecification\",\"valueRequired\":true,\"valueName\":\"search_term_string\"}}],\"inLanguage\":\"en-GB\"},{\"@type\":\"Organization\",\"@id\":\"https:\\\/\\\/velesnails.pl\\\/#organization\",\"name\":\"velesnails\",\"url\":\"https:\\\/\\\/velesnails.pl\\\/\",\"logo\":{\"@type\":\"ImageObject\",\"inLanguage\":\"en-GB\",\"@id\":\"https:\\\/\\\/velesnails.pl\\\/#\\\/schema\\\/logo\\\/image\\\/\",\"url\":\"https:\\\/\\\/i0.wp.com\\\/velesnails.pl\\\/wp-content\\\/uploads\\\/2025\\\/10\\\/cropped-obraz_viber_2025-10-22_13-55-55-969.jpg?fit=485%2C381&ssl=1\",\"contentUrl\":\"https:\\\/\\\/i0.wp.com\\\/velesnails.pl\\\/wp-content\\\/uploads\\\/2025\\\/10\\\/cropped-obraz_viber_2025-10-22_13-55-55-969.jpg?fit=485%2C381&ssl=1\",\"width\":485,\"height\":381,\"caption\":\"velesnails\"},\"image\":{\"@id\":\"https:\\\/\\\/velesnails.pl\\\/#\\\/schema\\\/logo\\\/image\\\/\"}}]}<\/script>\n<!-- \/ Yoast SEO plugin. -->","yoast_head_json":{"title":"Baby Boomer Airbrush White 5g - velesnails","robots":{"index":"index","follow":"follow","max-snippet":"max-snippet:-1","max-image-preview":"max-image-preview:large","max-video-preview":"max-video-preview:-1"},"canonical":"https:\/\/velesnails.pl\/en\/product\/baby-boomer-airbrush-white-5g\/","og_locale":"en_GB","og_type":"article","og_title":"Baby Boomer Airbrush White 5g - velesnails","og_description":"Bia\u0142y py\u0142ek do paznokci Baby Boomer Airbrush White\u00a0 Zawsze chcia\u0142a\u015b si\u0119 nauczy\u0107 tworzy\u0107\u00a0modne\u00a0zdobienie baby boomer\u00a0lub\u00a0aurora nails, ale\u00a0nie do ko\u0144ca potrafi\u0142a\u015b wykona\u0107 idealne przej\u015bcie pomi\u0119dzy nak\u0142adanymi kolorami? Ten problem nie b\u0119dzie Ci\u0119 dotyczy\u0142, gdy si\u0119gniesz po nowo\u015b\u0107 z\u00a0oferty\u00a0NEONAIL.\u00a0To py\u0142ek w\u00a0butelce z\u00a0atomizerem!\u00a0Wystarczy spryska\u0107 paznokcie, a\u00a0od razu pojawi si\u0119 na\u00a0nich\u00a0tafla koloru, kt\u00f3ra pi\u0119knie b\u0119dzie \u0142\u0105czy\u0107 si\u0119 z\u00a0zaaplikowanym wcze\u015bniej [&hellip;]","og_url":"https:\/\/velesnails.pl\/en\/product\/baby-boomer-airbrush-white-5g\/","og_site_name":"velesnails","article_modified_time":"2025-09-04T14:14:51+00:00","og_image":[{"width":608,"height":484,"url":"https:\/\/i0.wp.com\/velesnails.pl\/wp-content\/uploads\/2024\/10\/%D0%97%D0%BD%D1%96%D0%BC%D0%BE%D0%BA-%D0%B5%D0%BA%D1%80%D0%B0%D0%BD%D0%B0-2024-09-30-150326.png?fit=608%2C484&ssl=1","type":"image\/png"}],"twitter_card":"summary_large_image","twitter_misc":{"Estimated reading time":"1 minute"},"schema":{"@context":"https:\/\/schema.org","@graph":[{"@type":"WebPage","@id":"https:\/\/velesnails.pl\/product\/baby-boomer-airbrush-white-5g\/","url":"https:\/\/velesnails.pl\/product\/baby-boomer-airbrush-white-5g\/","name":"Baby Boomer Airbrush White 5g - velesnails","isPartOf":{"@id":"https:\/\/velesnails.pl\/#website"},"primaryImageOfPage":{"@id":"https:\/\/velesnails.pl\/product\/baby-boomer-airbrush-white-5g\/#primaryimage"},"image":{"@id":"https:\/\/velesnails.pl\/product\/baby-boomer-airbrush-white-5g\/#primaryimage"},"thumbnailUrl":"https:\/\/i0.wp.com\/velesnails.pl\/wp-content\/uploads\/2024\/10\/%D0%97%D0%BD%D1%96%D0%BC%D0%BE%D0%BA-%D0%B5%D0%BA%D1%80%D0%B0%D0%BD%D0%B0-2024-09-30-150326.png?fit=608%2C484&ssl=1","datePublished":"2024-10-11T13:58:05+00:00","dateModified":"2025-09-04T14:14:51+00:00","breadcrumb":{"@id":"https:\/\/velesnails.pl\/product\/baby-boomer-airbrush-white-5g\/#breadcrumb"},"inLanguage":"en-GB","potentialAction":[{"@type":"ReadAction","target":["https:\/\/velesnails.pl\/product\/baby-boomer-airbrush-white-5g\/"]}]},{"@type":"ImageObject","inLanguage":"en-GB","@id":"https:\/\/velesnails.pl\/product\/baby-boomer-airbrush-white-5g\/#primaryimage","url":"https:\/\/i0.wp.com\/velesnails.pl\/wp-content\/uploads\/2024\/10\/%D0%97%D0%BD%D1%96%D0%BC%D0%BE%D0%BA-%D0%B5%D0%BA%D1%80%D0%B0%D0%BD%D0%B0-2024-09-30-150326.png?fit=608%2C484&ssl=1","contentUrl":"https:\/\/i0.wp.com\/velesnails.pl\/wp-content\/uploads\/2024\/10\/%D0%97%D0%BD%D1%96%D0%BC%D0%BE%D0%BA-%D0%B5%D0%BA%D1%80%D0%B0%D0%BD%D0%B0-2024-09-30-150326.png?fit=608%2C484&ssl=1","width":608,"height":484},{"@type":"BreadcrumbList","@id":"https:\/\/velesnails.pl\/product\/baby-boomer-airbrush-white-5g\/#breadcrumb","itemListElement":[{"@type":"ListItem","position":1,"name":"\u0413\u043e\u043b\u043e\u0432\u043d\u0430","item":"https:\/\/velesnails.pl\/"},{"@type":"ListItem","position":2,"name":"Sklep","item":"https:\/\/velesnails.pl\/shop\/"},{"@type":"ListItem","position":3,"name":"Baby Boomer Airbrush White 5g"}]},{"@type":"WebSite","@id":"https:\/\/velesnails.pl\/#website","url":"https:\/\/velesnails.pl\/","name":"velesnails","description":"Manicure shop","publisher":{"@id":"https:\/\/velesnails.pl\/#organization"},"potentialAction":[{"@type":"SearchAction","target":{"@type":"EntryPoint","urlTemplate":"https:\/\/velesnails.pl\/?s={search_term_string}"},"query-input":{"@type":"PropertyValueSpecification","valueRequired":true,"valueName":"search_term_string"}}],"inLanguage":"en-GB"},{"@type":"Organization","@id":"https:\/\/velesnails.pl\/#organization","name":"velesnails","url":"https:\/\/velesnails.pl\/","logo":{"@type":"ImageObject","inLanguage":"en-GB","@id":"https:\/\/velesnails.pl\/#\/schema\/logo\/image\/","url":"https:\/\/i0.wp.com\/velesnails.pl\/wp-content\/uploads\/2025\/10\/cropped-obraz_viber_2025-10-22_13-55-55-969.jpg?fit=485%2C381&ssl=1","contentUrl":"https:\/\/i0.wp.com\/velesnails.pl\/wp-content\/uploads\/2025\/10\/cropped-obraz_viber_2025-10-22_13-55-55-969.jpg?fit=485%2C381&ssl=1","width":485,"height":381,"caption":"velesnails"},"image":{"@id":"https:\/\/velesnails.pl\/#\/schema\/logo\/image\/"}}]}},"_links":{"self":[{"href":"https:\/\/velesnails.pl\/en\/wp-json\/wp\/v2\/product\/5263","targetHints":{"allow":["GET"]}}],"collection":[{"href":"https:\/\/velesnails.pl\/en\/wp-json\/wp\/v2\/product"}],"about":[{"href":"https:\/\/velesnails.pl\/en\/wp-json\/wp\/v2\/types\/product"}],"replies":[{"embeddable":true,"href":"https:\/\/velesnails.pl\/en\/wp-json\/wp\/v2\/comments?post=5263"}],"wp:featuredmedia":[{"embeddable":true,"href":"https:\/\/velesnails.pl\/en\/wp-json\/wp\/v2\/media\/5264"}],"wp:attachment":[{"href":"https:\/\/velesnails.pl\/en\/wp-json\/wp\/v2\/media?parent=5263"}],"wp:term":[{"taxonomy":"product_brand","embeddable":true,"href":"https:\/\/velesnails.pl\/en\/wp-json\/wp\/v2\/product_brand?post=5263"},{"taxonomy":"product_cat","embeddable":true,"href":"https:\/\/velesnails.pl\/en\/wp-json\/wp\/v2\/product_cat?post=5263"},{"taxonomy":"product_tag","embeddable":true,"href":"https:\/\/velesnails.pl\/en\/wp-json\/wp\/v2\/product_tag?post=5263"}],"curies":[{"name":"wp","href":"https:\/\/api.w.org\/{rel}","templated":true}]}}