{"id":5257,"date":"2024-10-11T16:52:07","date_gmt":"2024-10-11T13:52:07","guid":{"rendered":"https:\/\/velesnails.pl\/?post_type=product&#038;p=5257"},"modified":"2024-10-11T17:04:05","modified_gmt":"2024-10-11T14:04:05","slug":"blaszka-do-stempli-27","status":"publish","type":"product","link":"https:\/\/velesnails.pl\/en\/product\/blaszka-do-stempli-27\/","title":{"rendered":"Blaszka do stempli 27"},"content":{"rendered":"<p><strong>Blaszka do stampingu nr 27<\/strong>\u00a0to narz\u0119dzie, dzi\u0119ki kt\u00f3remu wykonasz\u00a0<strong>atrakcyjne<\/strong>\u00a0<strong>wzory\u00a0<\/strong>metod\u0105 stemplow\u0105. Produkt jest dedykowany do u\u017cycia razem ze stemplem i\u00a0stamping \u017celami NEONAIL. Idealnie wpisuje si\u0119 w\u00a0<strong>trendy manicure na\u00a0lato<\/strong>! Blaszka zawiera\u00a0<strong>63 wzory na\u00a0paznokcie<\/strong>, kt\u00f3re pokocha ka\u017cda zodiakara! Produkt przedstawia\u00a0<strong>motywy astrologiczne w\u00a0r\u00f3\u017cnych ods\u0142onach<\/strong>. Wykonaj modne zdobienia paznokci w\u00a0stylu\u00a0<strong>Zodiac Nails<\/strong>! Znajd\u017a sw\u00f3j znak zodiaku i\u00a0podkre\u015bl charakter.<\/p>\n<p>Naniesiesz go na\u00a0paznokcie w\u00a0mgnieniu oka, a\u00a0zdobienie b\u0119dzie za ka\u017cdym razem\u00a0<strong>doskonale precyzyjne<\/strong>! Przy\u0142\u00f3\u017c stempel do wybranego wzoru i\u00a0odbij, lekko dociskaj\u0105c. Wszystkie zdobienia gwarantuj\u0105 powtarzalno\u015b\u0107 i\u00a0pewno\u015b\u0107, \u017ce\u00a0motyw zawsze b\u0119dzie taki sam \u2013\u00a0<strong>z idealnie zachowanymi detalami<\/strong>.<\/p>","protected":false},"excerpt":{"rendered":"<p>Blaszka do stampingu nr 27\u00a0to narz\u0119dzie, dzi\u0119ki kt\u00f3remu wykonasz\u00a0atrakcyjne\u00a0wzory\u00a0metod\u0105 stemplow\u0105. Produkt jest dedykowany do u\u017cycia razem ze stemplem i\u00a0stamping \u017celami NEONAIL. Idealnie wpisuje si\u0119 w\u00a0trendy manicure na\u00a0lato! Blaszka zawiera\u00a063 wzory na\u00a0paznokcie, kt\u00f3re pokocha ka\u017cda zodiakara! Produkt przedstawia\u00a0motywy astrologiczne w\u00a0r\u00f3\u017cnych ods\u0142onach. Wykonaj modne zdobienia paznokci w\u00a0stylu\u00a0Zodiac Nails! Znajd\u017a sw\u00f3j znak zodiaku i\u00a0podkre\u015bl charakter. Naniesiesz go na\u00a0paznokcie [&hellip;]<\/p>\n","protected":false},"featured_media":5258,"comment_status":"closed","ping_status":"closed","template":"","meta":{"om_disable_all_campaigns":false,"ocean_post_layout":"","ocean_both_sidebars_style":"","ocean_both_sidebars_content_width":0,"ocean_both_sidebars_sidebars_width":0,"ocean_sidebar":"0","ocean_second_sidebar":"0","ocean_disable_margins":"enable","ocean_add_body_class":"","ocean_shortcode_before_top_bar":"","ocean_shortcode_after_top_bar":"","ocean_shortcode_before_header":"","ocean_shortcode_after_header":"","ocean_has_shortcode":"","ocean_shortcode_after_title":"","ocean_shortcode_before_footer_widgets":"","ocean_shortcode_after_footer_widgets":"","ocean_shortcode_before_footer_bottom":"","ocean_shortcode_after_footer_bottom":"","ocean_display_top_bar":"default","ocean_display_header":"default","ocean_header_style":"","ocean_center_header_left_menu":"0","ocean_custom_header_template":"0","ocean_custom_logo":0,"ocean_custom_retina_logo":0,"ocean_custom_logo_max_width":0,"ocean_custom_logo_tablet_max_width":0,"ocean_custom_logo_mobile_max_width":0,"ocean_custom_logo_max_height":0,"ocean_custom_logo_tablet_max_height":0,"ocean_custom_logo_mobile_max_height":0,"ocean_header_custom_menu":"0","ocean_menu_typo_font_family":"0","ocean_menu_typo_font_subset":"","ocean_menu_typo_font_size":0,"ocean_menu_typo_font_size_tablet":0,"ocean_menu_typo_font_size_mobile":0,"ocean_menu_typo_font_size_unit":"px","ocean_menu_typo_font_weight":"","ocean_menu_typo_font_weight_tablet":"","ocean_menu_typo_font_weight_mobile":"","ocean_menu_typo_transform":"","ocean_menu_typo_transform_tablet":"","ocean_menu_typo_transform_mobile":"","ocean_menu_typo_line_height":0,"ocean_menu_typo_line_height_tablet":0,"ocean_menu_typo_line_height_mobile":0,"ocean_menu_typo_line_height_unit":"","ocean_menu_typo_spacing":0,"ocean_menu_typo_spacing_tablet":0,"ocean_menu_typo_spacing_mobile":0,"ocean_menu_typo_spacing_unit":"","ocean_menu_link_color":"","ocean_menu_link_color_hover":"","ocean_menu_link_color_active":"","ocean_menu_link_background":"","ocean_menu_link_hover_background":"","ocean_menu_link_active_background":"","ocean_menu_social_links_bg":"","ocean_menu_social_hover_links_bg":"","ocean_menu_social_links_color":"","ocean_menu_social_hover_links_color":"","ocean_disable_title":"default","ocean_disable_heading":"default","ocean_post_title":"","ocean_post_subheading":"","ocean_post_title_style":"","ocean_post_title_background_color":"","ocean_post_title_background":0,"ocean_post_title_bg_image_position":"","ocean_post_title_bg_image_attachment":"","ocean_post_title_bg_image_repeat":"","ocean_post_title_bg_image_size":"","ocean_post_title_height":0,"ocean_post_title_bg_overlay":0.5,"ocean_post_title_bg_overlay_color":"","ocean_disable_breadcrumbs":"default","ocean_breadcrumbs_color":"","ocean_breadcrumbs_separator_color":"","ocean_breadcrumbs_links_color":"","ocean_breadcrumbs_links_hover_color":"","ocean_display_footer_widgets":"default","ocean_display_footer_bottom":"default","ocean_custom_footer_template":"0"},"product_brand":[],"product_cat":[176,125,193,110,129],"product_tag":[],"class_list":{"0":"post-5257","1":"product","2":"type-product","3":"status-publish","4":"has-post-thumbnail","6":"product_cat-marki","7":"product_cat-nail-art","8":"product_cat-neonails-1","9":"product_cat-paznokcie","10":"product_cat-stamping","12":"entry","13":"has-media","15":"first","16":"instock","17":"taxable","18":"shipping-taxable","19":"purchasable","20":"product-type-simple","21":"has-product-nav","22":"col","23":"span_1_of_3","24":"owp-content-center","25":"owp-thumbs-layout-horizontal","26":"owp-btn-normal","27":"owp-tabs-layout-horizontal"},"yoast_head":"<!-- This site is optimized with the Yoast SEO plugin v27.5 - https:\/\/yoast.com\/product\/yoast-seo-wordpress\/ -->\n<title>Blaszka do stempli 27 - velesnails<\/title>\n<meta name=\"robots\" content=\"index, follow, max-snippet:-1, max-image-preview:large, max-video-preview:-1\" \/>\n<link rel=\"canonical\" href=\"https:\/\/velesnails.pl\/en\/product\/blaszka-do-stempli-27\/\" \/>\n<meta property=\"og:locale\" content=\"en_GB\" \/>\n<meta property=\"og:type\" content=\"article\" \/>\n<meta property=\"og:title\" content=\"Blaszka do stempli 27 - velesnails\" \/>\n<meta property=\"og:description\" content=\"Blaszka do stampingu nr 27\u00a0to narz\u0119dzie, dzi\u0119ki kt\u00f3remu wykonasz\u00a0atrakcyjne\u00a0wzory\u00a0metod\u0105 stemplow\u0105. Produkt jest dedykowany do u\u017cycia razem ze stemplem i\u00a0stamping \u017celami NEONAIL. Idealnie wpisuje si\u0119 w\u00a0trendy manicure na\u00a0lato! Blaszka zawiera\u00a063 wzory na\u00a0paznokcie, kt\u00f3re pokocha ka\u017cda zodiakara! Produkt przedstawia\u00a0motywy astrologiczne w\u00a0r\u00f3\u017cnych ods\u0142onach. Wykonaj modne zdobienia paznokci w\u00a0stylu\u00a0Zodiac Nails! Znajd\u017a sw\u00f3j znak zodiaku i\u00a0podkre\u015bl charakter. Naniesiesz go na\u00a0paznokcie [&hellip;]\" \/>\n<meta property=\"og:url\" content=\"https:\/\/velesnails.pl\/en\/product\/blaszka-do-stempli-27\/\" \/>\n<meta property=\"og:site_name\" content=\"velesnails\" \/>\n<meta property=\"article:modified_time\" content=\"2024-10-11T14:04:05+00:00\" \/>\n<meta property=\"og:image\" content=\"https:\/\/i0.wp.com\/velesnails.pl\/wp-content\/uploads\/2024\/10\/%D0%97%D0%BD%D1%96%D0%BC%D0%BE%D0%BA-%D0%B5%D0%BA%D1%80%D0%B0%D0%BD%D0%B0-2024-10-11-155400.png?fit=881%2C893&ssl=1\" \/>\n\t<meta property=\"og:image:width\" content=\"881\" \/>\n\t<meta property=\"og:image:height\" content=\"893\" \/>\n\t<meta property=\"og:image:type\" content=\"image\/png\" \/>\n<meta name=\"twitter:card\" content=\"summary_large_image\" \/>\n<meta name=\"twitter:label1\" content=\"Estimated reading time\" \/>\n\t<meta name=\"twitter:data1\" content=\"1 minute\" \/>\n<script type=\"application\/ld+json\" class=\"yoast-schema-graph\">{\"@context\":\"https:\\\/\\\/schema.org\",\"@graph\":[{\"@type\":\"WebPage\",\"@id\":\"https:\\\/\\\/velesnails.pl\\\/product\\\/blaszka-do-stempli-27\\\/\",\"url\":\"https:\\\/\\\/velesnails.pl\\\/product\\\/blaszka-do-stempli-27\\\/\",\"name\":\"Blaszka do stempli 27 - velesnails\",\"isPartOf\":{\"@id\":\"https:\\\/\\\/velesnails.pl\\\/#website\"},\"primaryImageOfPage\":{\"@id\":\"https:\\\/\\\/velesnails.pl\\\/product\\\/blaszka-do-stempli-27\\\/#primaryimage\"},\"image\":{\"@id\":\"https:\\\/\\\/velesnails.pl\\\/product\\\/blaszka-do-stempli-27\\\/#primaryimage\"},\"thumbnailUrl\":\"https:\\\/\\\/i0.wp.com\\\/velesnails.pl\\\/wp-content\\\/uploads\\\/2024\\\/10\\\/%D0%97%D0%BD%D1%96%D0%BC%D0%BE%D0%BA-%D0%B5%D0%BA%D1%80%D0%B0%D0%BD%D0%B0-2024-10-11-155400.png?fit=881%2C893&ssl=1\",\"datePublished\":\"2024-10-11T13:52:07+00:00\",\"dateModified\":\"2024-10-11T14:04:05+00:00\",\"breadcrumb\":{\"@id\":\"https:\\\/\\\/velesnails.pl\\\/product\\\/blaszka-do-stempli-27\\\/#breadcrumb\"},\"inLanguage\":\"en-GB\",\"potentialAction\":[{\"@type\":\"ReadAction\",\"target\":[\"https:\\\/\\\/velesnails.pl\\\/product\\\/blaszka-do-stempli-27\\\/\"]}]},{\"@type\":\"ImageObject\",\"inLanguage\":\"en-GB\",\"@id\":\"https:\\\/\\\/velesnails.pl\\\/product\\\/blaszka-do-stempli-27\\\/#primaryimage\",\"url\":\"https:\\\/\\\/i0.wp.com\\\/velesnails.pl\\\/wp-content\\\/uploads\\\/2024\\\/10\\\/%D0%97%D0%BD%D1%96%D0%BC%D0%BE%D0%BA-%D0%B5%D0%BA%D1%80%D0%B0%D0%BD%D0%B0-2024-10-11-155400.png?fit=881%2C893&ssl=1\",\"contentUrl\":\"https:\\\/\\\/i0.wp.com\\\/velesnails.pl\\\/wp-content\\\/uploads\\\/2024\\\/10\\\/%D0%97%D0%BD%D1%96%D0%BC%D0%BE%D0%BA-%D0%B5%D0%BA%D1%80%D0%B0%D0%BD%D0%B0-2024-10-11-155400.png?fit=881%2C893&ssl=1\",\"width\":881,\"height\":893},{\"@type\":\"BreadcrumbList\",\"@id\":\"https:\\\/\\\/velesnails.pl\\\/product\\\/blaszka-do-stempli-27\\\/#breadcrumb\",\"itemListElement\":[{\"@type\":\"ListItem\",\"position\":1,\"name\":\"\u0413\u043e\u043b\u043e\u0432\u043d\u0430\",\"item\":\"https:\\\/\\\/velesnails.pl\\\/\"},{\"@type\":\"ListItem\",\"position\":2,\"name\":\"Sklep\",\"item\":\"https:\\\/\\\/velesnails.pl\\\/shop\\\/\"},{\"@type\":\"ListItem\",\"position\":3,\"name\":\"Blaszka do stempli 27\"}]},{\"@type\":\"WebSite\",\"@id\":\"https:\\\/\\\/velesnails.pl\\\/#website\",\"url\":\"https:\\\/\\\/velesnails.pl\\\/\",\"name\":\"velesnails\",\"description\":\"Sklep z manicure\",\"publisher\":{\"@id\":\"https:\\\/\\\/velesnails.pl\\\/#organization\"},\"potentialAction\":[{\"@type\":\"SearchAction\",\"target\":{\"@type\":\"EntryPoint\",\"urlTemplate\":\"https:\\\/\\\/velesnails.pl\\\/?s={search_term_string}\"},\"query-input\":{\"@type\":\"PropertyValueSpecification\",\"valueRequired\":true,\"valueName\":\"search_term_string\"}}],\"inLanguage\":\"en-GB\"},{\"@type\":\"Organization\",\"@id\":\"https:\\\/\\\/velesnails.pl\\\/#organization\",\"name\":\"velesnails\",\"url\":\"https:\\\/\\\/velesnails.pl\\\/\",\"logo\":{\"@type\":\"ImageObject\",\"inLanguage\":\"en-GB\",\"@id\":\"https:\\\/\\\/velesnails.pl\\\/#\\\/schema\\\/logo\\\/image\\\/\",\"url\":\"https:\\\/\\\/i0.wp.com\\\/velesnails.pl\\\/wp-content\\\/uploads\\\/2025\\\/10\\\/cropped-obraz_viber_2025-10-22_13-55-55-969.jpg?fit=485%2C381&ssl=1\",\"contentUrl\":\"https:\\\/\\\/i0.wp.com\\\/velesnails.pl\\\/wp-content\\\/uploads\\\/2025\\\/10\\\/cropped-obraz_viber_2025-10-22_13-55-55-969.jpg?fit=485%2C381&ssl=1\",\"width\":485,\"height\":381,\"caption\":\"velesnails\"},\"image\":{\"@id\":\"https:\\\/\\\/velesnails.pl\\\/#\\\/schema\\\/logo\\\/image\\\/\"}}]}<\/script>\n<!-- \/ Yoast SEO plugin. -->","yoast_head_json":{"title":"Blaszka do stempli 27 - velesnails","robots":{"index":"index","follow":"follow","max-snippet":"max-snippet:-1","max-image-preview":"max-image-preview:large","max-video-preview":"max-video-preview:-1"},"canonical":"https:\/\/velesnails.pl\/en\/product\/blaszka-do-stempli-27\/","og_locale":"en_GB","og_type":"article","og_title":"Blaszka do stempli 27 - velesnails","og_description":"Blaszka do stampingu nr 27\u00a0to narz\u0119dzie, dzi\u0119ki kt\u00f3remu wykonasz\u00a0atrakcyjne\u00a0wzory\u00a0metod\u0105 stemplow\u0105. Produkt jest dedykowany do u\u017cycia razem ze stemplem i\u00a0stamping \u017celami NEONAIL. Idealnie wpisuje si\u0119 w\u00a0trendy manicure na\u00a0lato! Blaszka zawiera\u00a063 wzory na\u00a0paznokcie, kt\u00f3re pokocha ka\u017cda zodiakara! Produkt przedstawia\u00a0motywy astrologiczne w\u00a0r\u00f3\u017cnych ods\u0142onach. Wykonaj modne zdobienia paznokci w\u00a0stylu\u00a0Zodiac Nails! Znajd\u017a sw\u00f3j znak zodiaku i\u00a0podkre\u015bl charakter. Naniesiesz go na\u00a0paznokcie [&hellip;]","og_url":"https:\/\/velesnails.pl\/en\/product\/blaszka-do-stempli-27\/","og_site_name":"velesnails","article_modified_time":"2024-10-11T14:04:05+00:00","og_image":[{"width":881,"height":893,"url":"https:\/\/i0.wp.com\/velesnails.pl\/wp-content\/uploads\/2024\/10\/%D0%97%D0%BD%D1%96%D0%BC%D0%BE%D0%BA-%D0%B5%D0%BA%D1%80%D0%B0%D0%BD%D0%B0-2024-10-11-155400.png?fit=881%2C893&ssl=1","type":"image\/png"}],"twitter_card":"summary_large_image","twitter_misc":{"Estimated reading time":"1 minute"},"schema":{"@context":"https:\/\/schema.org","@graph":[{"@type":"WebPage","@id":"https:\/\/velesnails.pl\/product\/blaszka-do-stempli-27\/","url":"https:\/\/velesnails.pl\/product\/blaszka-do-stempli-27\/","name":"Blaszka do stempli 27 - velesnails","isPartOf":{"@id":"https:\/\/velesnails.pl\/#website"},"primaryImageOfPage":{"@id":"https:\/\/velesnails.pl\/product\/blaszka-do-stempli-27\/#primaryimage"},"image":{"@id":"https:\/\/velesnails.pl\/product\/blaszka-do-stempli-27\/#primaryimage"},"thumbnailUrl":"https:\/\/i0.wp.com\/velesnails.pl\/wp-content\/uploads\/2024\/10\/%D0%97%D0%BD%D1%96%D0%BC%D0%BE%D0%BA-%D0%B5%D0%BA%D1%80%D0%B0%D0%BD%D0%B0-2024-10-11-155400.png?fit=881%2C893&ssl=1","datePublished":"2024-10-11T13:52:07+00:00","dateModified":"2024-10-11T14:04:05+00:00","breadcrumb":{"@id":"https:\/\/velesnails.pl\/product\/blaszka-do-stempli-27\/#breadcrumb"},"inLanguage":"en-GB","potentialAction":[{"@type":"ReadAction","target":["https:\/\/velesnails.pl\/product\/blaszka-do-stempli-27\/"]}]},{"@type":"ImageObject","inLanguage":"en-GB","@id":"https:\/\/velesnails.pl\/product\/blaszka-do-stempli-27\/#primaryimage","url":"https:\/\/i0.wp.com\/velesnails.pl\/wp-content\/uploads\/2024\/10\/%D0%97%D0%BD%D1%96%D0%BC%D0%BE%D0%BA-%D0%B5%D0%BA%D1%80%D0%B0%D0%BD%D0%B0-2024-10-11-155400.png?fit=881%2C893&ssl=1","contentUrl":"https:\/\/i0.wp.com\/velesnails.pl\/wp-content\/uploads\/2024\/10\/%D0%97%D0%BD%D1%96%D0%BC%D0%BE%D0%BA-%D0%B5%D0%BA%D1%80%D0%B0%D0%BD%D0%B0-2024-10-11-155400.png?fit=881%2C893&ssl=1","width":881,"height":893},{"@type":"BreadcrumbList","@id":"https:\/\/velesnails.pl\/product\/blaszka-do-stempli-27\/#breadcrumb","itemListElement":[{"@type":"ListItem","position":1,"name":"\u0413\u043e\u043b\u043e\u0432\u043d\u0430","item":"https:\/\/velesnails.pl\/"},{"@type":"ListItem","position":2,"name":"Sklep","item":"https:\/\/velesnails.pl\/shop\/"},{"@type":"ListItem","position":3,"name":"Blaszka do stempli 27"}]},{"@type":"WebSite","@id":"https:\/\/velesnails.pl\/#website","url":"https:\/\/velesnails.pl\/","name":"velesnails","description":"Manicure shop","publisher":{"@id":"https:\/\/velesnails.pl\/#organization"},"potentialAction":[{"@type":"SearchAction","target":{"@type":"EntryPoint","urlTemplate":"https:\/\/velesnails.pl\/?s={search_term_string}"},"query-input":{"@type":"PropertyValueSpecification","valueRequired":true,"valueName":"search_term_string"}}],"inLanguage":"en-GB"},{"@type":"Organization","@id":"https:\/\/velesnails.pl\/#organization","name":"velesnails","url":"https:\/\/velesnails.pl\/","logo":{"@type":"ImageObject","inLanguage":"en-GB","@id":"https:\/\/velesnails.pl\/#\/schema\/logo\/image\/","url":"https:\/\/i0.wp.com\/velesnails.pl\/wp-content\/uploads\/2025\/10\/cropped-obraz_viber_2025-10-22_13-55-55-969.jpg?fit=485%2C381&ssl=1","contentUrl":"https:\/\/i0.wp.com\/velesnails.pl\/wp-content\/uploads\/2025\/10\/cropped-obraz_viber_2025-10-22_13-55-55-969.jpg?fit=485%2C381&ssl=1","width":485,"height":381,"caption":"velesnails"},"image":{"@id":"https:\/\/velesnails.pl\/#\/schema\/logo\/image\/"}}]}},"_links":{"self":[{"href":"https:\/\/velesnails.pl\/en\/wp-json\/wp\/v2\/product\/5257","targetHints":{"allow":["GET"]}}],"collection":[{"href":"https:\/\/velesnails.pl\/en\/wp-json\/wp\/v2\/product"}],"about":[{"href":"https:\/\/velesnails.pl\/en\/wp-json\/wp\/v2\/types\/product"}],"replies":[{"embeddable":true,"href":"https:\/\/velesnails.pl\/en\/wp-json\/wp\/v2\/comments?post=5257"}],"wp:featuredmedia":[{"embeddable":true,"href":"https:\/\/velesnails.pl\/en\/wp-json\/wp\/v2\/media\/5258"}],"wp:attachment":[{"href":"https:\/\/velesnails.pl\/en\/wp-json\/wp\/v2\/media?parent=5257"}],"wp:term":[{"taxonomy":"product_brand","embeddable":true,"href":"https:\/\/velesnails.pl\/en\/wp-json\/wp\/v2\/product_brand?post=5257"},{"taxonomy":"product_cat","embeddable":true,"href":"https:\/\/velesnails.pl\/en\/wp-json\/wp\/v2\/product_cat?post=5257"},{"taxonomy":"product_tag","embeddable":true,"href":"https:\/\/velesnails.pl\/en\/wp-json\/wp\/v2\/product_tag?post=5257"}],"curies":[{"name":"wp","href":"https:\/\/api.w.org\/{rel}","templated":true}]}}