{"id":5245,"date":"2024-10-11T16:06:07","date_gmt":"2024-10-11T13:06:07","guid":{"rendered":"https:\/\/velesnails.pl\/?post_type=product&#038;p=5245"},"modified":"2024-10-11T17:07:17","modified_gmt":"2024-10-11T14:07:17","slug":"blaszka-do-stempli-17","status":"publish","type":"product","link":"https:\/\/velesnails.pl\/en\/product\/blaszka-do-stempli-17\/","title":{"rendered":"Blaszka do stempli 17"},"content":{"rendered":"<h2><strong>Blaszka do stempli 17 \u2013 zimowy manicure w\u00a0kilka chwil<\/strong><\/h2>\n<p>Marz\u0105 Ci si\u0119 pi\u0119kne<strong>\u00a0zimowe zdobienia na\u00a0paznokciach<\/strong>, ale\u00a0nie potrafisz namalowa\u0107 ich r\u0119cznie? A mo\u017ce masz niewiele czasu na\u00a0ozdobienie mani i\u00a0chcesz w\u00a0kilka chwil doda\u0107 mu wyj\u0105tkowego wygl\u0105du? W takim przypadku warto si\u0119gn\u0105\u0107 po<strong>\u00a0blaszk\u0119 do stempli 17<\/strong>, by metod\u0105 stampingu nanie\u015b\u0107\u00a0<strong>zimowe wzory na\u00a0paznokcie<\/strong>. To profesjonalny produkt wysokiej jako\u015bci, kt\u00f3ry sprawi, \u017ce\u00a0zdobienia szybko, \u0142atwo oraz\u00a0bez narusze\u0144 przeniesiesz na\u00a0manicure.<\/p>\n<h3><strong>Koronki i\u00a0\u015bnie\u017cynki to must have zimowych stylizacji paznokci \u2013 wystarczy blaszka do stampingu<\/strong><\/h3>\n<p><strong>Blaszka do stempli 17 to a\u017c 60 r\u00f3\u017cnych zimowych wzor\u00f3w.<\/strong>\u00a0Znajdziesz w\u015br\u00f3d nich r\u00f3\u017cne\u00a0<strong>\u015bnie\u017cynki oraz\u00a0koronki<\/strong>, kt\u00f3re nadadz\u0105 ka\u017cdej stylizacji wyj\u0105tkowego charakteru. Wystarczy, \u017ce\u00a0na wybrane zdobienie naniesiesz\u00a0dedykowany \u017cel do stampingu NEONAIL\u00a0i\u00a0odbijesz go stemplem. Potrzebujesz tylko kilku minut, \u017ceby b\u0142yskawicznie stworzy\u0107\u00a0<strong>zjawiskowy manicure<\/strong>. Pami\u0119taj te\u017c, \u017ce\u00a0zdobienia mo\u017cesz dowolnie \u0142\u0105czy\u0107, a\u00a0dzi\u0119ki ilo\u015bci dost\u0119pnych wzor\u00f3w na\u00a0jednej blaszce masz naprawd\u0119 spore mo\u017cliwo\u015bci. Chcesz wyr\u00f3\u017cni\u0107 si\u0119\u00a0<strong>zimowym zdobieniem paznokci<\/strong>? Si\u0119gnij po\u00a0<strong>blaszk<\/strong><strong>i\u00a0<\/strong><strong>do stempli<\/strong><strong>.<\/strong><\/p>","protected":false},"excerpt":{"rendered":"<p>Blaszka do stempli 17 \u2013 zimowy manicure w\u00a0kilka chwil Marz\u0105 Ci si\u0119 pi\u0119kne\u00a0zimowe zdobienia na\u00a0paznokciach, ale\u00a0nie potrafisz namalowa\u0107 ich r\u0119cznie? A mo\u017ce masz niewiele czasu na\u00a0ozdobienie mani i\u00a0chcesz w\u00a0kilka chwil doda\u0107 mu wyj\u0105tkowego wygl\u0105du? W takim przypadku warto si\u0119gn\u0105\u0107 po\u00a0blaszk\u0119 do stempli 17, by metod\u0105 stampingu nanie\u015b\u0107\u00a0zimowe wzory na\u00a0paznokcie. To profesjonalny produkt wysokiej jako\u015bci, kt\u00f3ry [&hellip;]<\/p>\n","protected":false},"featured_media":5246,"comment_status":"closed","ping_status":"closed","template":"","meta":{"om_disable_all_campaigns":false,"ocean_post_layout":"","ocean_both_sidebars_style":"","ocean_both_sidebars_content_width":0,"ocean_both_sidebars_sidebars_width":0,"ocean_sidebar":"0","ocean_second_sidebar":"0","ocean_disable_margins":"enable","ocean_add_body_class":"","ocean_shortcode_before_top_bar":"","ocean_shortcode_after_top_bar":"","ocean_shortcode_before_header":"","ocean_shortcode_after_header":"","ocean_has_shortcode":"","ocean_shortcode_after_title":"","ocean_shortcode_before_footer_widgets":"","ocean_shortcode_after_footer_widgets":"","ocean_shortcode_before_footer_bottom":"","ocean_shortcode_after_footer_bottom":"","ocean_display_top_bar":"default","ocean_display_header":"default","ocean_header_style":"","ocean_center_header_left_menu":"0","ocean_custom_header_template":"0","ocean_custom_logo":0,"ocean_custom_retina_logo":0,"ocean_custom_logo_max_width":0,"ocean_custom_logo_tablet_max_width":0,"ocean_custom_logo_mobile_max_width":0,"ocean_custom_logo_max_height":0,"ocean_custom_logo_tablet_max_height":0,"ocean_custom_logo_mobile_max_height":0,"ocean_header_custom_menu":"0","ocean_menu_typo_font_family":"0","ocean_menu_typo_font_subset":"","ocean_menu_typo_font_size":0,"ocean_menu_typo_font_size_tablet":0,"ocean_menu_typo_font_size_mobile":0,"ocean_menu_typo_font_size_unit":"px","ocean_menu_typo_font_weight":"","ocean_menu_typo_font_weight_tablet":"","ocean_menu_typo_font_weight_mobile":"","ocean_menu_typo_transform":"","ocean_menu_typo_transform_tablet":"","ocean_menu_typo_transform_mobile":"","ocean_menu_typo_line_height":0,"ocean_menu_typo_line_height_tablet":0,"ocean_menu_typo_line_height_mobile":0,"ocean_menu_typo_line_height_unit":"","ocean_menu_typo_spacing":0,"ocean_menu_typo_spacing_tablet":0,"ocean_menu_typo_spacing_mobile":0,"ocean_menu_typo_spacing_unit":"","ocean_menu_link_color":"","ocean_menu_link_color_hover":"","ocean_menu_link_color_active":"","ocean_menu_link_background":"","ocean_menu_link_hover_background":"","ocean_menu_link_active_background":"","ocean_menu_social_links_bg":"","ocean_menu_social_hover_links_bg":"","ocean_menu_social_links_color":"","ocean_menu_social_hover_links_color":"","ocean_disable_title":"default","ocean_disable_heading":"default","ocean_post_title":"","ocean_post_subheading":"","ocean_post_title_style":"","ocean_post_title_background_color":"","ocean_post_title_background":0,"ocean_post_title_bg_image_position":"","ocean_post_title_bg_image_attachment":"","ocean_post_title_bg_image_repeat":"","ocean_post_title_bg_image_size":"","ocean_post_title_height":0,"ocean_post_title_bg_overlay":0.5,"ocean_post_title_bg_overlay_color":"","ocean_disable_breadcrumbs":"default","ocean_breadcrumbs_color":"","ocean_breadcrumbs_separator_color":"","ocean_breadcrumbs_links_color":"","ocean_breadcrumbs_links_hover_color":"","ocean_display_footer_widgets":"default","ocean_display_footer_bottom":"default","ocean_custom_footer_template":"0"},"product_brand":[],"product_cat":[176,125,193,110,129],"product_tag":[],"class_list":{"0":"post-5245","1":"product","2":"type-product","3":"status-publish","4":"has-post-thumbnail","6":"product_cat-marki","7":"product_cat-nail-art","8":"product_cat-neonails-1","9":"product_cat-paznokcie","10":"product_cat-stamping","12":"entry","13":"has-media","15":"first","16":"instock","17":"taxable","18":"shipping-taxable","19":"purchasable","20":"product-type-simple","21":"has-product-nav","22":"col","23":"span_1_of_3","24":"owp-content-center","25":"owp-thumbs-layout-horizontal","26":"owp-btn-normal","27":"owp-tabs-layout-horizontal"},"yoast_head":"<!-- This site is optimized with the Yoast SEO plugin v27.5 - https:\/\/yoast.com\/product\/yoast-seo-wordpress\/ -->\n<title>Blaszka do stempli 17 - velesnails<\/title>\n<meta name=\"robots\" content=\"index, follow, max-snippet:-1, max-image-preview:large, max-video-preview:-1\" \/>\n<link rel=\"canonical\" href=\"https:\/\/velesnails.pl\/en\/product\/blaszka-do-stempli-17\/\" \/>\n<meta property=\"og:locale\" content=\"en_GB\" \/>\n<meta property=\"og:type\" content=\"article\" \/>\n<meta property=\"og:title\" content=\"Blaszka do stempli 17 - velesnails\" \/>\n<meta property=\"og:description\" content=\"Blaszka do stempli 17 \u2013 zimowy manicure w\u00a0kilka chwil Marz\u0105 Ci si\u0119 pi\u0119kne\u00a0zimowe zdobienia na\u00a0paznokciach, ale\u00a0nie potrafisz namalowa\u0107 ich r\u0119cznie? A mo\u017ce masz niewiele czasu na\u00a0ozdobienie mani i\u00a0chcesz w\u00a0kilka chwil doda\u0107 mu wyj\u0105tkowego wygl\u0105du? W takim przypadku warto si\u0119gn\u0105\u0107 po\u00a0blaszk\u0119 do stempli 17, by metod\u0105 stampingu nanie\u015b\u0107\u00a0zimowe wzory na\u00a0paznokcie. To profesjonalny produkt wysokiej jako\u015bci, kt\u00f3ry [&hellip;]\" \/>\n<meta property=\"og:url\" content=\"https:\/\/velesnails.pl\/en\/product\/blaszka-do-stempli-17\/\" \/>\n<meta property=\"og:site_name\" content=\"velesnails\" \/>\n<meta property=\"article:modified_time\" content=\"2024-10-11T14:07:17+00:00\" \/>\n<meta property=\"og:image\" content=\"https:\/\/i0.wp.com\/velesnails.pl\/wp-content\/uploads\/2024\/10\/%D0%97%D0%BD%D1%96%D0%BC%D0%BE%D0%BA-%D0%B5%D0%BA%D1%80%D0%B0%D0%BD%D0%B0-2024-10-11-150507.png?fit=882%2C876&ssl=1\" \/>\n\t<meta property=\"og:image:width\" content=\"882\" \/>\n\t<meta property=\"og:image:height\" content=\"876\" \/>\n\t<meta property=\"og:image:type\" content=\"image\/png\" \/>\n<meta name=\"twitter:card\" content=\"summary_large_image\" \/>\n<meta name=\"twitter:label1\" content=\"Estimated reading time\" \/>\n\t<meta name=\"twitter:data1\" content=\"1 minute\" \/>\n<script type=\"application\/ld+json\" class=\"yoast-schema-graph\">{\"@context\":\"https:\\\/\\\/schema.org\",\"@graph\":[{\"@type\":\"WebPage\",\"@id\":\"https:\\\/\\\/velesnails.pl\\\/product\\\/blaszka-do-stempli-17\\\/\",\"url\":\"https:\\\/\\\/velesnails.pl\\\/product\\\/blaszka-do-stempli-17\\\/\",\"name\":\"Blaszka do stempli 17 - velesnails\",\"isPartOf\":{\"@id\":\"https:\\\/\\\/velesnails.pl\\\/#website\"},\"primaryImageOfPage\":{\"@id\":\"https:\\\/\\\/velesnails.pl\\\/product\\\/blaszka-do-stempli-17\\\/#primaryimage\"},\"image\":{\"@id\":\"https:\\\/\\\/velesnails.pl\\\/product\\\/blaszka-do-stempli-17\\\/#primaryimage\"},\"thumbnailUrl\":\"https:\\\/\\\/i0.wp.com\\\/velesnails.pl\\\/wp-content\\\/uploads\\\/2024\\\/10\\\/%D0%97%D0%BD%D1%96%D0%BC%D0%BE%D0%BA-%D0%B5%D0%BA%D1%80%D0%B0%D0%BD%D0%B0-2024-10-11-150507.png?fit=882%2C876&ssl=1\",\"datePublished\":\"2024-10-11T13:06:07+00:00\",\"dateModified\":\"2024-10-11T14:07:17+00:00\",\"breadcrumb\":{\"@id\":\"https:\\\/\\\/velesnails.pl\\\/product\\\/blaszka-do-stempli-17\\\/#breadcrumb\"},\"inLanguage\":\"en-GB\",\"potentialAction\":[{\"@type\":\"ReadAction\",\"target\":[\"https:\\\/\\\/velesnails.pl\\\/product\\\/blaszka-do-stempli-17\\\/\"]}]},{\"@type\":\"ImageObject\",\"inLanguage\":\"en-GB\",\"@id\":\"https:\\\/\\\/velesnails.pl\\\/product\\\/blaszka-do-stempli-17\\\/#primaryimage\",\"url\":\"https:\\\/\\\/i0.wp.com\\\/velesnails.pl\\\/wp-content\\\/uploads\\\/2024\\\/10\\\/%D0%97%D0%BD%D1%96%D0%BC%D0%BE%D0%BA-%D0%B5%D0%BA%D1%80%D0%B0%D0%BD%D0%B0-2024-10-11-150507.png?fit=882%2C876&ssl=1\",\"contentUrl\":\"https:\\\/\\\/i0.wp.com\\\/velesnails.pl\\\/wp-content\\\/uploads\\\/2024\\\/10\\\/%D0%97%D0%BD%D1%96%D0%BC%D0%BE%D0%BA-%D0%B5%D0%BA%D1%80%D0%B0%D0%BD%D0%B0-2024-10-11-150507.png?fit=882%2C876&ssl=1\",\"width\":882,\"height\":876},{\"@type\":\"BreadcrumbList\",\"@id\":\"https:\\\/\\\/velesnails.pl\\\/product\\\/blaszka-do-stempli-17\\\/#breadcrumb\",\"itemListElement\":[{\"@type\":\"ListItem\",\"position\":1,\"name\":\"\u0413\u043e\u043b\u043e\u0432\u043d\u0430\",\"item\":\"https:\\\/\\\/velesnails.pl\\\/\"},{\"@type\":\"ListItem\",\"position\":2,\"name\":\"Sklep\",\"item\":\"https:\\\/\\\/velesnails.pl\\\/shop\\\/\"},{\"@type\":\"ListItem\",\"position\":3,\"name\":\"Blaszka do stempli 17\"}]},{\"@type\":\"WebSite\",\"@id\":\"https:\\\/\\\/velesnails.pl\\\/#website\",\"url\":\"https:\\\/\\\/velesnails.pl\\\/\",\"name\":\"velesnails\",\"description\":\"Sklep z manicure\",\"publisher\":{\"@id\":\"https:\\\/\\\/velesnails.pl\\\/#organization\"},\"potentialAction\":[{\"@type\":\"SearchAction\",\"target\":{\"@type\":\"EntryPoint\",\"urlTemplate\":\"https:\\\/\\\/velesnails.pl\\\/?s={search_term_string}\"},\"query-input\":{\"@type\":\"PropertyValueSpecification\",\"valueRequired\":true,\"valueName\":\"search_term_string\"}}],\"inLanguage\":\"en-GB\"},{\"@type\":\"Organization\",\"@id\":\"https:\\\/\\\/velesnails.pl\\\/#organization\",\"name\":\"velesnails\",\"url\":\"https:\\\/\\\/velesnails.pl\\\/\",\"logo\":{\"@type\":\"ImageObject\",\"inLanguage\":\"en-GB\",\"@id\":\"https:\\\/\\\/velesnails.pl\\\/#\\\/schema\\\/logo\\\/image\\\/\",\"url\":\"https:\\\/\\\/i0.wp.com\\\/velesnails.pl\\\/wp-content\\\/uploads\\\/2025\\\/10\\\/cropped-obraz_viber_2025-10-22_13-55-55-969.jpg?fit=485%2C381&ssl=1\",\"contentUrl\":\"https:\\\/\\\/i0.wp.com\\\/velesnails.pl\\\/wp-content\\\/uploads\\\/2025\\\/10\\\/cropped-obraz_viber_2025-10-22_13-55-55-969.jpg?fit=485%2C381&ssl=1\",\"width\":485,\"height\":381,\"caption\":\"velesnails\"},\"image\":{\"@id\":\"https:\\\/\\\/velesnails.pl\\\/#\\\/schema\\\/logo\\\/image\\\/\"}}]}<\/script>\n<!-- \/ Yoast SEO plugin. -->","yoast_head_json":{"title":"Blaszka do stempli 17 - velesnails","robots":{"index":"index","follow":"follow","max-snippet":"max-snippet:-1","max-image-preview":"max-image-preview:large","max-video-preview":"max-video-preview:-1"},"canonical":"https:\/\/velesnails.pl\/en\/product\/blaszka-do-stempli-17\/","og_locale":"en_GB","og_type":"article","og_title":"Blaszka do stempli 17 - velesnails","og_description":"Blaszka do stempli 17 \u2013 zimowy manicure w\u00a0kilka chwil Marz\u0105 Ci si\u0119 pi\u0119kne\u00a0zimowe zdobienia na\u00a0paznokciach, ale\u00a0nie potrafisz namalowa\u0107 ich r\u0119cznie? A mo\u017ce masz niewiele czasu na\u00a0ozdobienie mani i\u00a0chcesz w\u00a0kilka chwil doda\u0107 mu wyj\u0105tkowego wygl\u0105du? W takim przypadku warto si\u0119gn\u0105\u0107 po\u00a0blaszk\u0119 do stempli 17, by metod\u0105 stampingu nanie\u015b\u0107\u00a0zimowe wzory na\u00a0paznokcie. To profesjonalny produkt wysokiej jako\u015bci, kt\u00f3ry [&hellip;]","og_url":"https:\/\/velesnails.pl\/en\/product\/blaszka-do-stempli-17\/","og_site_name":"velesnails","article_modified_time":"2024-10-11T14:07:17+00:00","og_image":[{"width":882,"height":876,"url":"https:\/\/i0.wp.com\/velesnails.pl\/wp-content\/uploads\/2024\/10\/%D0%97%D0%BD%D1%96%D0%BC%D0%BE%D0%BA-%D0%B5%D0%BA%D1%80%D0%B0%D0%BD%D0%B0-2024-10-11-150507.png?fit=882%2C876&ssl=1","type":"image\/png"}],"twitter_card":"summary_large_image","twitter_misc":{"Estimated reading time":"1 minute"},"schema":{"@context":"https:\/\/schema.org","@graph":[{"@type":"WebPage","@id":"https:\/\/velesnails.pl\/product\/blaszka-do-stempli-17\/","url":"https:\/\/velesnails.pl\/product\/blaszka-do-stempli-17\/","name":"Blaszka do stempli 17 - velesnails","isPartOf":{"@id":"https:\/\/velesnails.pl\/#website"},"primaryImageOfPage":{"@id":"https:\/\/velesnails.pl\/product\/blaszka-do-stempli-17\/#primaryimage"},"image":{"@id":"https:\/\/velesnails.pl\/product\/blaszka-do-stempli-17\/#primaryimage"},"thumbnailUrl":"https:\/\/i0.wp.com\/velesnails.pl\/wp-content\/uploads\/2024\/10\/%D0%97%D0%BD%D1%96%D0%BC%D0%BE%D0%BA-%D0%B5%D0%BA%D1%80%D0%B0%D0%BD%D0%B0-2024-10-11-150507.png?fit=882%2C876&ssl=1","datePublished":"2024-10-11T13:06:07+00:00","dateModified":"2024-10-11T14:07:17+00:00","breadcrumb":{"@id":"https:\/\/velesnails.pl\/product\/blaszka-do-stempli-17\/#breadcrumb"},"inLanguage":"en-GB","potentialAction":[{"@type":"ReadAction","target":["https:\/\/velesnails.pl\/product\/blaszka-do-stempli-17\/"]}]},{"@type":"ImageObject","inLanguage":"en-GB","@id":"https:\/\/velesnails.pl\/product\/blaszka-do-stempli-17\/#primaryimage","url":"https:\/\/i0.wp.com\/velesnails.pl\/wp-content\/uploads\/2024\/10\/%D0%97%D0%BD%D1%96%D0%BC%D0%BE%D0%BA-%D0%B5%D0%BA%D1%80%D0%B0%D0%BD%D0%B0-2024-10-11-150507.png?fit=882%2C876&ssl=1","contentUrl":"https:\/\/i0.wp.com\/velesnails.pl\/wp-content\/uploads\/2024\/10\/%D0%97%D0%BD%D1%96%D0%BC%D0%BE%D0%BA-%D0%B5%D0%BA%D1%80%D0%B0%D0%BD%D0%B0-2024-10-11-150507.png?fit=882%2C876&ssl=1","width":882,"height":876},{"@type":"BreadcrumbList","@id":"https:\/\/velesnails.pl\/product\/blaszka-do-stempli-17\/#breadcrumb","itemListElement":[{"@type":"ListItem","position":1,"name":"\u0413\u043e\u043b\u043e\u0432\u043d\u0430","item":"https:\/\/velesnails.pl\/"},{"@type":"ListItem","position":2,"name":"Sklep","item":"https:\/\/velesnails.pl\/shop\/"},{"@type":"ListItem","position":3,"name":"Blaszka do stempli 17"}]},{"@type":"WebSite","@id":"https:\/\/velesnails.pl\/#website","url":"https:\/\/velesnails.pl\/","name":"velesnails","description":"Manicure shop","publisher":{"@id":"https:\/\/velesnails.pl\/#organization"},"potentialAction":[{"@type":"SearchAction","target":{"@type":"EntryPoint","urlTemplate":"https:\/\/velesnails.pl\/?s={search_term_string}"},"query-input":{"@type":"PropertyValueSpecification","valueRequired":true,"valueName":"search_term_string"}}],"inLanguage":"en-GB"},{"@type":"Organization","@id":"https:\/\/velesnails.pl\/#organization","name":"velesnails","url":"https:\/\/velesnails.pl\/","logo":{"@type":"ImageObject","inLanguage":"en-GB","@id":"https:\/\/velesnails.pl\/#\/schema\/logo\/image\/","url":"https:\/\/i0.wp.com\/velesnails.pl\/wp-content\/uploads\/2025\/10\/cropped-obraz_viber_2025-10-22_13-55-55-969.jpg?fit=485%2C381&ssl=1","contentUrl":"https:\/\/i0.wp.com\/velesnails.pl\/wp-content\/uploads\/2025\/10\/cropped-obraz_viber_2025-10-22_13-55-55-969.jpg?fit=485%2C381&ssl=1","width":485,"height":381,"caption":"velesnails"},"image":{"@id":"https:\/\/velesnails.pl\/#\/schema\/logo\/image\/"}}]}},"_links":{"self":[{"href":"https:\/\/velesnails.pl\/en\/wp-json\/wp\/v2\/product\/5245","targetHints":{"allow":["GET"]}}],"collection":[{"href":"https:\/\/velesnails.pl\/en\/wp-json\/wp\/v2\/product"}],"about":[{"href":"https:\/\/velesnails.pl\/en\/wp-json\/wp\/v2\/types\/product"}],"replies":[{"embeddable":true,"href":"https:\/\/velesnails.pl\/en\/wp-json\/wp\/v2\/comments?post=5245"}],"wp:featuredmedia":[{"embeddable":true,"href":"https:\/\/velesnails.pl\/en\/wp-json\/wp\/v2\/media\/5246"}],"wp:attachment":[{"href":"https:\/\/velesnails.pl\/en\/wp-json\/wp\/v2\/media?parent=5245"}],"wp:term":[{"taxonomy":"product_brand","embeddable":true,"href":"https:\/\/velesnails.pl\/en\/wp-json\/wp\/v2\/product_brand?post=5245"},{"taxonomy":"product_cat","embeddable":true,"href":"https:\/\/velesnails.pl\/en\/wp-json\/wp\/v2\/product_cat?post=5245"},{"taxonomy":"product_tag","embeddable":true,"href":"https:\/\/velesnails.pl\/en\/wp-json\/wp\/v2\/product_tag?post=5245"}],"curies":[{"name":"wp","href":"https:\/\/api.w.org\/{rel}","templated":true}]}}