{"id":5243,"date":"2024-10-11T16:01:37","date_gmt":"2024-10-11T13:01:37","guid":{"rendered":"https:\/\/velesnails.pl\/?post_type=product&#038;p=5243"},"modified":"2024-11-07T18:17:49","modified_gmt":"2024-11-07T15:17:49","slug":"weganski-lakier-klasyczny-72-ml-base-top","status":"publish","type":"product","link":"https:\/\/velesnails.pl\/en\/product\/weganski-lakier-klasyczny-72-ml-base-top\/","title":{"rendered":"Wega\u0144ski lakier klasyczny 7,2 ml &#8211; Base\/top"},"content":{"rendered":"<p><strong>Wega\u0144ski lakier klasyczny do paznokci PLANT-BASED WONDER\u00a07,2 ml &#8211; PURE BASE\/TOP<\/strong><\/p>\n<p>Poznaj lakier bogaty w\u00a0natur\u0119!\u00a0<strong>PLANT-BASED WONDER<\/strong>\u00a0to a\u017c\u00a0<strong>77% sk\u0142adnik\u00f3w pochodzenia naturalnego!<\/strong><\/p>\n<p>Cenisz sobie produkty zawieraj\u0105ce\u00a0<strong>sk\u0142adniki pochodzenia naturalnego<\/strong>\u00a0i\u00a0zale\u017cy Ci na\u00a0<strong>wega\u0144skim lakierze,\u00a0<\/strong>kt\u00f3ry dope\u0142ni ka\u017cdy Tw\u00f3j manicure lub\u00a0pedicure? Postaw na<strong>\u00a0PURE BASE\/TOP<\/strong>, czyli baz\u0119 oraz\u00a0top w\u00a0jednej buteleczce!<\/p>\n<h3><strong>Wybierz PURE BASE\/TOP, je\u015bli chcesz:<\/strong><\/h3>\n<ul>\n<li>Mie\u0107\u00a0<strong>produkt 2w1<\/strong>, czyli top i\u00a0baz\u0119 do lakier\u00f3w\u00a0<strong>PLANT-BASED WONDER\u00a0<\/strong>w jednej buteleczce;<\/li>\n<li>Nosi\u0107\u00a0<strong>trwa\u0142y manicure lub\u00a0pedicure<\/strong>, kt\u00f3ry wykonasz za pomoc\u0105<strong>\u00a0wega\u0144skich produkt\u00f3w do paznokci;<\/strong><\/li>\n<li><strong>Wspom\u00f3c regeneracj\u0119 paznokci i\u00a0utwardzi\u0107 je<\/strong>\u00a0bez rezygnacji z\u00a0perfekcyjnego mani;<\/li>\n<li>Tworzy\u0107 sw\u00f3j manicure wykorzystuj\u0105c tylko\u00a0<strong>wega\u0144skie lakiery\u00a0klasyczne<\/strong>\u00a0zawieraj\u0105ce\u00a0<strong>sk\u0142adniki pochodzenia naturalnego;<\/strong><\/li>\n<li>Cieszy\u0107 si\u0119 pi\u0119knie pomalowanymi paznokciami\u00a0<strong>nawet do 5 dni;<\/strong><\/li>\n<li><strong>W<\/strong>\u00a0<strong>szybki i\u00a0\u0142atwy spos\u00f3b wykona\u0107 stylizacj\u0119,<\/strong>\u00a0kt\u00f3ra dopasuje si\u0119 do Ciebie i\u00a0Twojego charakteru!<\/li>\n<\/ul>\n<p>Decyduj\u0105c si\u0119 na\u00a0<strong>wega\u0144skie lakiery\u00a0klasyczne\u00a0<\/strong>\u00a0z\u00a0kolekcji\u00a0<strong>PLANT-BASED WONDER,\u00a0<\/strong>wybierz te\u017c\u00a0<strong>PURE BASE\/TOP,\u00a0<\/strong>aby stworzy\u0107 duet idealny! To nie tylko przed\u0142u\u017cona trwa\u0142o\u015b\u0107 i\u00a0ochrona manicure, lecz\u00a0tak\u017ce\u00a0<strong>sk\u0142adniki pochodzenia naturalnego<\/strong>, kt\u00f3re zadbaj\u0105 o\u00a0Twoje paznokcie!<\/p>","protected":false},"excerpt":{"rendered":"<p>Wega\u0144ski lakier klasyczny do paznokci PLANT-BASED WONDER\u00a07,2 ml &#8211; PURE BASE\/TOP Poznaj lakier bogaty w\u00a0natur\u0119!\u00a0PLANT-BASED WONDER\u00a0to a\u017c\u00a077% sk\u0142adnik\u00f3w pochodzenia naturalnego! Cenisz sobie produkty zawieraj\u0105ce\u00a0sk\u0142adniki pochodzenia naturalnego\u00a0i\u00a0zale\u017cy Ci na\u00a0wega\u0144skim lakierze,\u00a0kt\u00f3ry dope\u0142ni ka\u017cdy Tw\u00f3j manicure lub\u00a0pedicure? Postaw na\u00a0PURE BASE\/TOP, czyli baz\u0119 oraz\u00a0top w\u00a0jednej buteleczce! Wybierz PURE BASE\/TOP, je\u015bli chcesz: Mie\u0107\u00a0produkt 2w1, czyli top i\u00a0baz\u0119 do lakier\u00f3w\u00a0PLANT-BASED WONDER\u00a0w [&hellip;]<\/p>\n","protected":false},"featured_media":5244,"comment_status":"closed","ping_status":"closed","template":"","meta":{"om_disable_all_campaigns":false,"ocean_post_layout":"","ocean_both_sidebars_style":"","ocean_both_sidebars_content_width":0,"ocean_both_sidebars_sidebars_width":0,"ocean_sidebar":"0","ocean_second_sidebar":"0","ocean_disable_margins":"enable","ocean_add_body_class":"","ocean_shortcode_before_top_bar":"","ocean_shortcode_after_top_bar":"","ocean_shortcode_before_header":"","ocean_shortcode_after_header":"","ocean_has_shortcode":"","ocean_shortcode_after_title":"","ocean_shortcode_before_footer_widgets":"","ocean_shortcode_after_footer_widgets":"","ocean_shortcode_before_footer_bottom":"","ocean_shortcode_after_footer_bottom":"","ocean_display_top_bar":"default","ocean_display_header":"default","ocean_header_style":"","ocean_center_header_left_menu":"0","ocean_custom_header_template":"0","ocean_custom_logo":0,"ocean_custom_retina_logo":0,"ocean_custom_logo_max_width":0,"ocean_custom_logo_tablet_max_width":0,"ocean_custom_logo_mobile_max_width":0,"ocean_custom_logo_max_height":0,"ocean_custom_logo_tablet_max_height":0,"ocean_custom_logo_mobile_max_height":0,"ocean_header_custom_menu":"0","ocean_menu_typo_font_family":"0","ocean_menu_typo_font_subset":"","ocean_menu_typo_font_size":0,"ocean_menu_typo_font_size_tablet":0,"ocean_menu_typo_font_size_mobile":0,"ocean_menu_typo_font_size_unit":"px","ocean_menu_typo_font_weight":"","ocean_menu_typo_font_weight_tablet":"","ocean_menu_typo_font_weight_mobile":"","ocean_menu_typo_transform":"","ocean_menu_typo_transform_tablet":"","ocean_menu_typo_transform_mobile":"","ocean_menu_typo_line_height":0,"ocean_menu_typo_line_height_tablet":0,"ocean_menu_typo_line_height_mobile":0,"ocean_menu_typo_line_height_unit":"","ocean_menu_typo_spacing":0,"ocean_menu_typo_spacing_tablet":0,"ocean_menu_typo_spacing_mobile":0,"ocean_menu_typo_spacing_unit":"","ocean_menu_link_color":"","ocean_menu_link_color_hover":"","ocean_menu_link_color_active":"","ocean_menu_link_background":"","ocean_menu_link_hover_background":"","ocean_menu_link_active_background":"","ocean_menu_social_links_bg":"","ocean_menu_social_hover_links_bg":"","ocean_menu_social_links_color":"","ocean_menu_social_hover_links_color":"","ocean_disable_title":"default","ocean_disable_heading":"default","ocean_post_title":"","ocean_post_subheading":"","ocean_post_title_style":"","ocean_post_title_background_color":"","ocean_post_title_background":0,"ocean_post_title_bg_image_position":"","ocean_post_title_bg_image_attachment":"","ocean_post_title_bg_image_repeat":"","ocean_post_title_bg_image_size":"","ocean_post_title_height":0,"ocean_post_title_bg_overlay":0.5,"ocean_post_title_bg_overlay_color":"","ocean_disable_breadcrumbs":"default","ocean_breadcrumbs_color":"","ocean_breadcrumbs_separator_color":"","ocean_breadcrumbs_links_color":"","ocean_breadcrumbs_links_hover_color":"","ocean_display_footer_widgets":"default","ocean_display_footer_bottom":"default","ocean_custom_footer_template":"0"},"product_brand":[],"product_cat":[124,176,193,110],"product_tag":[],"class_list":{"0":"post-5243","1":"product","2":"type-product","3":"status-publish","4":"has-post-thumbnail","6":"product_cat-lakiery-klasyczne","7":"product_cat-marki","8":"product_cat-neonails-1","9":"product_cat-paznokcie","11":"entry","12":"has-media","14":"first","15":"outofstock","16":"taxable","17":"shipping-taxable","18":"purchasable","19":"product-type-simple","20":"has-product-nav","21":"col","22":"span_1_of_3","23":"owp-content-center","24":"owp-thumbs-layout-horizontal","25":"owp-btn-normal","26":"owp-tabs-layout-horizontal","27":"has-no-thumbnails"},"yoast_head":"<!-- This site is optimized with the Yoast SEO plugin v27.5 - https:\/\/yoast.com\/product\/yoast-seo-wordpress\/ -->\n<title>Wega\u0144ski lakier klasyczny 7,2 ml - Base\/top - velesnails<\/title>\n<meta name=\"robots\" content=\"index, follow, max-snippet:-1, max-image-preview:large, max-video-preview:-1\" \/>\n<link rel=\"canonical\" href=\"https:\/\/velesnails.pl\/en\/product\/weganski-lakier-klasyczny-72-ml-base-top\/\" \/>\n<meta property=\"og:locale\" content=\"en_GB\" \/>\n<meta property=\"og:type\" content=\"article\" \/>\n<meta property=\"og:title\" content=\"Wega\u0144ski lakier klasyczny 7,2 ml - Base\/top - velesnails\" \/>\n<meta property=\"og:description\" content=\"Wega\u0144ski lakier klasyczny do paznokci PLANT-BASED WONDER\u00a07,2 ml &#8211; PURE BASE\/TOP Poznaj lakier bogaty w\u00a0natur\u0119!\u00a0PLANT-BASED WONDER\u00a0to a\u017c\u00a077% sk\u0142adnik\u00f3w pochodzenia naturalnego! Cenisz sobie produkty zawieraj\u0105ce\u00a0sk\u0142adniki pochodzenia naturalnego\u00a0i\u00a0zale\u017cy Ci na\u00a0wega\u0144skim lakierze,\u00a0kt\u00f3ry dope\u0142ni ka\u017cdy Tw\u00f3j manicure lub\u00a0pedicure? Postaw na\u00a0PURE BASE\/TOP, czyli baz\u0119 oraz\u00a0top w\u00a0jednej buteleczce! Wybierz PURE BASE\/TOP, je\u015bli chcesz: Mie\u0107\u00a0produkt 2w1, czyli top i\u00a0baz\u0119 do lakier\u00f3w\u00a0PLANT-BASED WONDER\u00a0w [&hellip;]\" \/>\n<meta property=\"og:url\" content=\"https:\/\/velesnails.pl\/en\/product\/weganski-lakier-klasyczny-72-ml-base-top\/\" \/>\n<meta property=\"og:site_name\" content=\"velesnails\" \/>\n<meta property=\"article:modified_time\" content=\"2024-11-07T15:17:49+00:00\" \/>\n<meta property=\"og:image\" content=\"https:\/\/i0.wp.com\/velesnails.pl\/wp-content\/uploads\/2024\/10\/%D0%97%D0%BD%D1%96%D0%BC%D0%BE%D0%BA-%D0%B5%D0%BA%D1%80%D0%B0%D0%BD%D0%B0-2024-10-11-150115.png?fit=781%2C578&ssl=1\" \/>\n\t<meta property=\"og:image:width\" content=\"781\" \/>\n\t<meta property=\"og:image:height\" content=\"578\" \/>\n\t<meta property=\"og:image:type\" content=\"image\/png\" \/>\n<meta name=\"twitter:card\" content=\"summary_large_image\" \/>\n<meta name=\"twitter:label1\" content=\"Estimated reading time\" \/>\n\t<meta name=\"twitter:data1\" content=\"1 minute\" \/>\n<script type=\"application\/ld+json\" class=\"yoast-schema-graph\">{\"@context\":\"https:\\\/\\\/schema.org\",\"@graph\":[{\"@type\":\"WebPage\",\"@id\":\"https:\\\/\\\/velesnails.pl\\\/product\\\/weganski-lakier-klasyczny-72-ml-base-top\\\/\",\"url\":\"https:\\\/\\\/velesnails.pl\\\/product\\\/weganski-lakier-klasyczny-72-ml-base-top\\\/\",\"name\":\"Wega\u0144ski lakier klasyczny 7,2 ml - Base\\\/top - velesnails\",\"isPartOf\":{\"@id\":\"https:\\\/\\\/velesnails.pl\\\/#website\"},\"primaryImageOfPage\":{\"@id\":\"https:\\\/\\\/velesnails.pl\\\/product\\\/weganski-lakier-klasyczny-72-ml-base-top\\\/#primaryimage\"},\"image\":{\"@id\":\"https:\\\/\\\/velesnails.pl\\\/product\\\/weganski-lakier-klasyczny-72-ml-base-top\\\/#primaryimage\"},\"thumbnailUrl\":\"https:\\\/\\\/i0.wp.com\\\/velesnails.pl\\\/wp-content\\\/uploads\\\/2024\\\/10\\\/%D0%97%D0%BD%D1%96%D0%BC%D0%BE%D0%BA-%D0%B5%D0%BA%D1%80%D0%B0%D0%BD%D0%B0-2024-10-11-150115.png?fit=781%2C578&ssl=1\",\"datePublished\":\"2024-10-11T13:01:37+00:00\",\"dateModified\":\"2024-11-07T15:17:49+00:00\",\"breadcrumb\":{\"@id\":\"https:\\\/\\\/velesnails.pl\\\/product\\\/weganski-lakier-klasyczny-72-ml-base-top\\\/#breadcrumb\"},\"inLanguage\":\"en-GB\",\"potentialAction\":[{\"@type\":\"ReadAction\",\"target\":[\"https:\\\/\\\/velesnails.pl\\\/product\\\/weganski-lakier-klasyczny-72-ml-base-top\\\/\"]}]},{\"@type\":\"ImageObject\",\"inLanguage\":\"en-GB\",\"@id\":\"https:\\\/\\\/velesnails.pl\\\/product\\\/weganski-lakier-klasyczny-72-ml-base-top\\\/#primaryimage\",\"url\":\"https:\\\/\\\/i0.wp.com\\\/velesnails.pl\\\/wp-content\\\/uploads\\\/2024\\\/10\\\/%D0%97%D0%BD%D1%96%D0%BC%D0%BE%D0%BA-%D0%B5%D0%BA%D1%80%D0%B0%D0%BD%D0%B0-2024-10-11-150115.png?fit=781%2C578&ssl=1\",\"contentUrl\":\"https:\\\/\\\/i0.wp.com\\\/velesnails.pl\\\/wp-content\\\/uploads\\\/2024\\\/10\\\/%D0%97%D0%BD%D1%96%D0%BC%D0%BE%D0%BA-%D0%B5%D0%BA%D1%80%D0%B0%D0%BD%D0%B0-2024-10-11-150115.png?fit=781%2C578&ssl=1\",\"width\":781,\"height\":578},{\"@type\":\"BreadcrumbList\",\"@id\":\"https:\\\/\\\/velesnails.pl\\\/product\\\/weganski-lakier-klasyczny-72-ml-base-top\\\/#breadcrumb\",\"itemListElement\":[{\"@type\":\"ListItem\",\"position\":1,\"name\":\"\u0413\u043e\u043b\u043e\u0432\u043d\u0430\",\"item\":\"https:\\\/\\\/velesnails.pl\\\/\"},{\"@type\":\"ListItem\",\"position\":2,\"name\":\"Sklep\",\"item\":\"https:\\\/\\\/velesnails.pl\\\/shop\\\/\"},{\"@type\":\"ListItem\",\"position\":3,\"name\":\"Wega\u0144ski lakier klasyczny 7,2 ml &#8211; Base\\\/top\"}]},{\"@type\":\"WebSite\",\"@id\":\"https:\\\/\\\/velesnails.pl\\\/#website\",\"url\":\"https:\\\/\\\/velesnails.pl\\\/\",\"name\":\"velesnails\",\"description\":\"Sklep z manicure\",\"publisher\":{\"@id\":\"https:\\\/\\\/velesnails.pl\\\/#organization\"},\"potentialAction\":[{\"@type\":\"SearchAction\",\"target\":{\"@type\":\"EntryPoint\",\"urlTemplate\":\"https:\\\/\\\/velesnails.pl\\\/?s={search_term_string}\"},\"query-input\":{\"@type\":\"PropertyValueSpecification\",\"valueRequired\":true,\"valueName\":\"search_term_string\"}}],\"inLanguage\":\"en-GB\"},{\"@type\":\"Organization\",\"@id\":\"https:\\\/\\\/velesnails.pl\\\/#organization\",\"name\":\"velesnails\",\"url\":\"https:\\\/\\\/velesnails.pl\\\/\",\"logo\":{\"@type\":\"ImageObject\",\"inLanguage\":\"en-GB\",\"@id\":\"https:\\\/\\\/velesnails.pl\\\/#\\\/schema\\\/logo\\\/image\\\/\",\"url\":\"https:\\\/\\\/i0.wp.com\\\/velesnails.pl\\\/wp-content\\\/uploads\\\/2025\\\/10\\\/cropped-obraz_viber_2025-10-22_13-55-55-969.jpg?fit=485%2C381&ssl=1\",\"contentUrl\":\"https:\\\/\\\/i0.wp.com\\\/velesnails.pl\\\/wp-content\\\/uploads\\\/2025\\\/10\\\/cropped-obraz_viber_2025-10-22_13-55-55-969.jpg?fit=485%2C381&ssl=1\",\"width\":485,\"height\":381,\"caption\":\"velesnails\"},\"image\":{\"@id\":\"https:\\\/\\\/velesnails.pl\\\/#\\\/schema\\\/logo\\\/image\\\/\"}}]}<\/script>\n<!-- \/ Yoast SEO plugin. -->","yoast_head_json":{"title":"Wega\u0144ski lakier klasyczny 7,2 ml - Base\/top - velesnails","robots":{"index":"index","follow":"follow","max-snippet":"max-snippet:-1","max-image-preview":"max-image-preview:large","max-video-preview":"max-video-preview:-1"},"canonical":"https:\/\/velesnails.pl\/en\/product\/weganski-lakier-klasyczny-72-ml-base-top\/","og_locale":"en_GB","og_type":"article","og_title":"Wega\u0144ski lakier klasyczny 7,2 ml - Base\/top - velesnails","og_description":"Wega\u0144ski lakier klasyczny do paznokci PLANT-BASED WONDER\u00a07,2 ml &#8211; PURE BASE\/TOP Poznaj lakier bogaty w\u00a0natur\u0119!\u00a0PLANT-BASED WONDER\u00a0to a\u017c\u00a077% sk\u0142adnik\u00f3w pochodzenia naturalnego! Cenisz sobie produkty zawieraj\u0105ce\u00a0sk\u0142adniki pochodzenia naturalnego\u00a0i\u00a0zale\u017cy Ci na\u00a0wega\u0144skim lakierze,\u00a0kt\u00f3ry dope\u0142ni ka\u017cdy Tw\u00f3j manicure lub\u00a0pedicure? Postaw na\u00a0PURE BASE\/TOP, czyli baz\u0119 oraz\u00a0top w\u00a0jednej buteleczce! Wybierz PURE BASE\/TOP, je\u015bli chcesz: Mie\u0107\u00a0produkt 2w1, czyli top i\u00a0baz\u0119 do lakier\u00f3w\u00a0PLANT-BASED WONDER\u00a0w [&hellip;]","og_url":"https:\/\/velesnails.pl\/en\/product\/weganski-lakier-klasyczny-72-ml-base-top\/","og_site_name":"velesnails","article_modified_time":"2024-11-07T15:17:49+00:00","og_image":[{"width":781,"height":578,"url":"https:\/\/i0.wp.com\/velesnails.pl\/wp-content\/uploads\/2024\/10\/%D0%97%D0%BD%D1%96%D0%BC%D0%BE%D0%BA-%D0%B5%D0%BA%D1%80%D0%B0%D0%BD%D0%B0-2024-10-11-150115.png?fit=781%2C578&ssl=1","type":"image\/png"}],"twitter_card":"summary_large_image","twitter_misc":{"Estimated reading time":"1 minute"},"schema":{"@context":"https:\/\/schema.org","@graph":[{"@type":"WebPage","@id":"https:\/\/velesnails.pl\/product\/weganski-lakier-klasyczny-72-ml-base-top\/","url":"https:\/\/velesnails.pl\/product\/weganski-lakier-klasyczny-72-ml-base-top\/","name":"Wega\u0144ski lakier klasyczny 7,2 ml - Base\/top - velesnails","isPartOf":{"@id":"https:\/\/velesnails.pl\/#website"},"primaryImageOfPage":{"@id":"https:\/\/velesnails.pl\/product\/weganski-lakier-klasyczny-72-ml-base-top\/#primaryimage"},"image":{"@id":"https:\/\/velesnails.pl\/product\/weganski-lakier-klasyczny-72-ml-base-top\/#primaryimage"},"thumbnailUrl":"https:\/\/i0.wp.com\/velesnails.pl\/wp-content\/uploads\/2024\/10\/%D0%97%D0%BD%D1%96%D0%BC%D0%BE%D0%BA-%D0%B5%D0%BA%D1%80%D0%B0%D0%BD%D0%B0-2024-10-11-150115.png?fit=781%2C578&ssl=1","datePublished":"2024-10-11T13:01:37+00:00","dateModified":"2024-11-07T15:17:49+00:00","breadcrumb":{"@id":"https:\/\/velesnails.pl\/product\/weganski-lakier-klasyczny-72-ml-base-top\/#breadcrumb"},"inLanguage":"en-GB","potentialAction":[{"@type":"ReadAction","target":["https:\/\/velesnails.pl\/product\/weganski-lakier-klasyczny-72-ml-base-top\/"]}]},{"@type":"ImageObject","inLanguage":"en-GB","@id":"https:\/\/velesnails.pl\/product\/weganski-lakier-klasyczny-72-ml-base-top\/#primaryimage","url":"https:\/\/i0.wp.com\/velesnails.pl\/wp-content\/uploads\/2024\/10\/%D0%97%D0%BD%D1%96%D0%BC%D0%BE%D0%BA-%D0%B5%D0%BA%D1%80%D0%B0%D0%BD%D0%B0-2024-10-11-150115.png?fit=781%2C578&ssl=1","contentUrl":"https:\/\/i0.wp.com\/velesnails.pl\/wp-content\/uploads\/2024\/10\/%D0%97%D0%BD%D1%96%D0%BC%D0%BE%D0%BA-%D0%B5%D0%BA%D1%80%D0%B0%D0%BD%D0%B0-2024-10-11-150115.png?fit=781%2C578&ssl=1","width":781,"height":578},{"@type":"BreadcrumbList","@id":"https:\/\/velesnails.pl\/product\/weganski-lakier-klasyczny-72-ml-base-top\/#breadcrumb","itemListElement":[{"@type":"ListItem","position":1,"name":"\u0413\u043e\u043b\u043e\u0432\u043d\u0430","item":"https:\/\/velesnails.pl\/"},{"@type":"ListItem","position":2,"name":"Sklep","item":"https:\/\/velesnails.pl\/shop\/"},{"@type":"ListItem","position":3,"name":"Wega\u0144ski lakier klasyczny 7,2 ml &#8211; Base\/top"}]},{"@type":"WebSite","@id":"https:\/\/velesnails.pl\/#website","url":"https:\/\/velesnails.pl\/","name":"velesnails","description":"Manicure shop","publisher":{"@id":"https:\/\/velesnails.pl\/#organization"},"potentialAction":[{"@type":"SearchAction","target":{"@type":"EntryPoint","urlTemplate":"https:\/\/velesnails.pl\/?s={search_term_string}"},"query-input":{"@type":"PropertyValueSpecification","valueRequired":true,"valueName":"search_term_string"}}],"inLanguage":"en-GB"},{"@type":"Organization","@id":"https:\/\/velesnails.pl\/#organization","name":"velesnails","url":"https:\/\/velesnails.pl\/","logo":{"@type":"ImageObject","inLanguage":"en-GB","@id":"https:\/\/velesnails.pl\/#\/schema\/logo\/image\/","url":"https:\/\/i0.wp.com\/velesnails.pl\/wp-content\/uploads\/2025\/10\/cropped-obraz_viber_2025-10-22_13-55-55-969.jpg?fit=485%2C381&ssl=1","contentUrl":"https:\/\/i0.wp.com\/velesnails.pl\/wp-content\/uploads\/2025\/10\/cropped-obraz_viber_2025-10-22_13-55-55-969.jpg?fit=485%2C381&ssl=1","width":485,"height":381,"caption":"velesnails"},"image":{"@id":"https:\/\/velesnails.pl\/#\/schema\/logo\/image\/"}}]}},"_links":{"self":[{"href":"https:\/\/velesnails.pl\/en\/wp-json\/wp\/v2\/product\/5243","targetHints":{"allow":["GET"]}}],"collection":[{"href":"https:\/\/velesnails.pl\/en\/wp-json\/wp\/v2\/product"}],"about":[{"href":"https:\/\/velesnails.pl\/en\/wp-json\/wp\/v2\/types\/product"}],"replies":[{"embeddable":true,"href":"https:\/\/velesnails.pl\/en\/wp-json\/wp\/v2\/comments?post=5243"}],"wp:featuredmedia":[{"embeddable":true,"href":"https:\/\/velesnails.pl\/en\/wp-json\/wp\/v2\/media\/5244"}],"wp:attachment":[{"href":"https:\/\/velesnails.pl\/en\/wp-json\/wp\/v2\/media?parent=5243"}],"wp:term":[{"taxonomy":"product_brand","embeddable":true,"href":"https:\/\/velesnails.pl\/en\/wp-json\/wp\/v2\/product_brand?post=5243"},{"taxonomy":"product_cat","embeddable":true,"href":"https:\/\/velesnails.pl\/en\/wp-json\/wp\/v2\/product_cat?post=5243"},{"taxonomy":"product_tag","embeddable":true,"href":"https:\/\/velesnails.pl\/en\/wp-json\/wp\/v2\/product_tag?post=5243"}],"curies":[{"name":"wp","href":"https:\/\/api.w.org\/{rel}","templated":true}]}}