{"id":5221,"date":"2024-10-11T15:24:06","date_gmt":"2024-10-11T12:24:06","guid":{"rendered":"https:\/\/velesnails.pl\/?post_type=product&#038;p=5221"},"modified":"2025-10-27T14:24:58","modified_gmt":"2025-10-27T11:24:58","slug":"3w1-lakier-hybrydowy-simple-72-g-dark","status":"publish","type":"product","link":"https:\/\/velesnails.pl\/en\/product\/3w1-lakier-hybrydowy-simple-72-g-dark\/","title":{"rendered":"3w1 Lakier Hybrydowy SIMPLE 7,2 g &#8211; DARK"},"content":{"rendered":"<h2 style=\"font-weight: 200 !important;\"><strong style=\"font-weight: 600;\">3w1 Lakier Hybrydowy SIMPLE 7,2 g &#8211; DARK<\/strong><\/h2>\n<p><span data-contrast=\"auto\">Od teraz zawsze znajdziesz czas na\u00a0to, aby stworzy\u0107 trwa\u0142y manicure! Dlaczego? Jego wykonanie zajmie Ci tylko 20 minut! Postaw na\u00a0szybki i\u00a0prosty spos\u00f3b, kt\u00f3ry zawsze pozwoli Ci cieszy\u0107 si\u0119 pi\u0119knymi paznokciami. Poznaj lakier hybrydowy z\u00a0kolekcji Simple \u2013 na\u0142\u00f3\u017c\u00a0<strong>dwie cienkie warstwy<\/strong>\u00a0i\u00a0ka\u017cd\u0105 z\u00a0nich utward\u017a w\u00a0lampie LED. Tak, to takie proste!<\/span><\/p>\n<p><span data-contrast=\"auto\">Zdecyduj si\u0119 na\u00a0kolor pe\u0142en szyku i\u00a0elegancji, kt\u00f3ry \u015bwietnie wkomponuje si\u0119 zar\u00f3wno w\u00a0biznesowe, jak i\u00a0codzienne stylizacje. Postaw na\u00a0klasyczn\u0105, g\u0142\u0119bok\u0105 czer\u0144\u00a0<\/span><strong><span data-contrast=\"auto\">Dark<\/span><\/strong><span data-contrast=\"auto\">, aby stworzy\u0107 ponadczasowy manicure lub\u00a0pedicure.<\/span><\/p>\n<p><span data-contrast=\"auto\">Masz ochot\u0119 na\u00a0paznokcie w\u00a0czarnym, kobiecym kolorze? Postaw na\u00a0hybryd\u0119 Simple i\u00a0stw\u00f3rz swoj\u0105 stylizacj\u0119 tylko w\u00a020 minut!<\/span><\/p>\n<p style=\"font-weight: 400;\"><strong>SIMPLE 3w1: mocne strony:<\/strong><\/p>\n<p style=\"font-weight: 400;\"><strong>\u2705 3w1: baza, kolor, top w\u00a01 butelce,<\/strong><\/p>\n<p style=\"font-weight: 400;\"><strong>\u2705 wzbogacony o\u00a0proteiny jedwabiu, kt\u00f3re zabezpiecz\u0105 twoj\u0105 p\u0142ytk\u0119,<\/strong><\/p>\n<p>\u2705 trwa\u0142o\u015b\u0107 a\u017c do 14 dni,<\/p>\n<p><strong>\u2705 szybka aplikacja w\u00a020 minut &#8211; tylko 2 warstwy i\u00a0gotowe!<\/strong><\/p>\n<p>&nbsp;<\/p>\n<p>PEG-3 TRIMETHYLOLPROPANE TRIACRYLATE, ALIPHATIC URETHANE ACRYLATE, BIS-(HEMA\/ETHYLHEXYL) POLY(1,4-BUTANEDIOL)-9\/TMDI\/IPDI COPOLYMER, PENTAERYTHRITYL TETRAMERCAPTOPROPIONATE, BIS-HEA POLY(HEXAMETHYLENE\/METHYLPENTYLENE CARBONATE)\/IPDI COPOLYMER, BIS(GLYCERYL DIMETHACRYLATE) PYROMELLITATE, HEMA, HYDROXYCYCLOHEXYL PHENYL KETONE, TRIMETHYLBENZOYL DIPHENYLPHOSPHINE OXIDE, ISOBORNYL METHACRYLATE, SILICA DIMETHYL SILYLATE, GLYCERYL DIMETHACRYLATE, CELLULOSE ACETATE BUTYRATE, ISOSTEARIC ACID, ISOSTEAROYL HYDROLYZED SILK, P-HYDROXYANISOLE, BHT, +\/- CI 77491, CI 77492, CI 77499, CI 77891, CI 77289, CI 15850, CI 77742, CI 19140, CI 15985.&#8221;<\/p>\n<p>Tylko do u\u017cytku profesjonalnego. Prosz\u0119 uwa\u017cnie przeczyta\u0107 spos\u00f3b u\u017cycia. Unika\u0107 kontaktu ze sk\u00f3r\u0105. Unika\u0107 kontaktu z oczami. Mo\u017ce powodowa\u0107 reakcj\u0119 alergiczn\u0105. Zaprzesta\u0107 stosowania przy wyst\u0105pieniu podra\u017cnienia. Przechowywa\u0107 z dala od dzieci.<\/p>\n<p>W przypadku wyst\u0105pienia niepokoj\u0105cych objaw\u00f3w zaprzesta\u0107 stosowania i niezw\u0142ocznie usun\u0105\u0107 produkt z p\u0142ytki paznokcia.<\/p>","protected":false},"excerpt":{"rendered":"<p>3w1 Lakier Hybrydowy SIMPLE 7,2 g &#8211; DARK Od teraz zawsze znajdziesz czas na\u00a0to, aby stworzy\u0107 trwa\u0142y manicure! Dlaczego? Jego wykonanie zajmie Ci tylko 20 minut! Postaw na\u00a0szybki i\u00a0prosty spos\u00f3b, kt\u00f3ry zawsze pozwoli Ci cieszy\u0107 si\u0119 pi\u0119knymi paznokciami. Poznaj lakier hybrydowy z\u00a0kolekcji Simple \u2013 na\u0142\u00f3\u017c\u00a0dwie cienkie warstwy\u00a0i\u00a0ka\u017cd\u0105 z\u00a0nich utward\u017a w\u00a0lampie LED. Tak, to takie proste! [&hellip;]<\/p>\n","protected":false},"featured_media":5222,"comment_status":"closed","ping_status":"closed","template":"","meta":{"om_disable_all_campaigns":false,"ocean_post_layout":"","ocean_both_sidebars_style":"","ocean_both_sidebars_content_width":0,"ocean_both_sidebars_sidebars_width":0,"ocean_sidebar":"0","ocean_second_sidebar":"0","ocean_disable_margins":"enable","ocean_add_body_class":"","ocean_shortcode_before_top_bar":"","ocean_shortcode_after_top_bar":"","ocean_shortcode_before_header":"","ocean_shortcode_after_header":"","ocean_has_shortcode":"","ocean_shortcode_after_title":"","ocean_shortcode_before_footer_widgets":"","ocean_shortcode_after_footer_widgets":"","ocean_shortcode_before_footer_bottom":"","ocean_shortcode_after_footer_bottom":"","ocean_display_top_bar":"default","ocean_display_header":"default","ocean_header_style":"","ocean_center_header_left_menu":"0","ocean_custom_header_template":"0","ocean_custom_logo":0,"ocean_custom_retina_logo":0,"ocean_custom_logo_max_width":0,"ocean_custom_logo_tablet_max_width":0,"ocean_custom_logo_mobile_max_width":0,"ocean_custom_logo_max_height":0,"ocean_custom_logo_tablet_max_height":0,"ocean_custom_logo_mobile_max_height":0,"ocean_header_custom_menu":"0","ocean_menu_typo_font_family":"0","ocean_menu_typo_font_subset":"","ocean_menu_typo_font_size":0,"ocean_menu_typo_font_size_tablet":0,"ocean_menu_typo_font_size_mobile":0,"ocean_menu_typo_font_size_unit":"px","ocean_menu_typo_font_weight":"","ocean_menu_typo_font_weight_tablet":"","ocean_menu_typo_font_weight_mobile":"","ocean_menu_typo_transform":"","ocean_menu_typo_transform_tablet":"","ocean_menu_typo_transform_mobile":"","ocean_menu_typo_line_height":0,"ocean_menu_typo_line_height_tablet":0,"ocean_menu_typo_line_height_mobile":0,"ocean_menu_typo_line_height_unit":"","ocean_menu_typo_spacing":0,"ocean_menu_typo_spacing_tablet":0,"ocean_menu_typo_spacing_mobile":0,"ocean_menu_typo_spacing_unit":"","ocean_menu_link_color":"","ocean_menu_link_color_hover":"","ocean_menu_link_color_active":"","ocean_menu_link_background":"","ocean_menu_link_hover_background":"","ocean_menu_link_active_background":"","ocean_menu_social_links_bg":"","ocean_menu_social_hover_links_bg":"","ocean_menu_social_links_color":"","ocean_menu_social_hover_links_color":"","ocean_disable_title":"default","ocean_disable_heading":"default","ocean_post_title":"","ocean_post_subheading":"","ocean_post_title_style":"","ocean_post_title_background_color":"","ocean_post_title_background":0,"ocean_post_title_bg_image_position":"","ocean_post_title_bg_image_attachment":"","ocean_post_title_bg_image_repeat":"","ocean_post_title_bg_image_size":"","ocean_post_title_height":0,"ocean_post_title_bg_overlay":0.5,"ocean_post_title_bg_overlay_color":"","ocean_disable_breadcrumbs":"default","ocean_breadcrumbs_color":"","ocean_breadcrumbs_separator_color":"","ocean_breadcrumbs_links_color":"","ocean_breadcrumbs_links_hover_color":"","ocean_display_footer_widgets":"default","ocean_display_footer_bottom":"default","ocean_custom_footer_template":"0"},"product_brand":[],"product_cat":[111,176,193,117,110],"product_tag":[],"class_list":{"0":"post-5221","1":"product","2":"type-product","3":"status-publish","4":"has-post-thumbnail","6":"product_cat-lakiery-hybrydowe","7":"product_cat-marki","8":"product_cat-neonails-1","9":"product_cat-neonail","10":"product_cat-paznokcie","12":"entry","13":"has-media","15":"first","16":"outofstock","17":"sale","18":"taxable","19":"shipping-taxable","20":"purchasable","21":"product-type-simple","22":"has-product-nav","23":"col","24":"span_1_of_3","25":"owp-content-center","26":"owp-thumbs-layout-horizontal","27":"owp-btn-normal","28":"owp-tabs-layout-horizontal","29":"has-no-thumbnails"},"yoast_head":"<!-- This site is optimized with the Yoast SEO plugin v27.6 - https:\/\/yoast.com\/product\/yoast-seo-wordpress\/ -->\n<title>3w1 Lakier Hybrydowy SIMPLE 7,2 g - DARK - velesnails<\/title>\n<meta name=\"robots\" content=\"index, follow, max-snippet:-1, max-image-preview:large, max-video-preview:-1\" \/>\n<link rel=\"canonical\" href=\"https:\/\/velesnails.pl\/en\/product\/3w1-lakier-hybrydowy-simple-72-g-dark\/\" \/>\n<meta property=\"og:locale\" content=\"en_GB\" \/>\n<meta property=\"og:type\" content=\"article\" \/>\n<meta property=\"og:title\" content=\"3w1 Lakier Hybrydowy SIMPLE 7,2 g - DARK - velesnails\" \/>\n<meta property=\"og:description\" content=\"3w1 Lakier Hybrydowy SIMPLE 7,2 g &#8211; DARK Od teraz zawsze znajdziesz czas na\u00a0to, aby stworzy\u0107 trwa\u0142y manicure! Dlaczego? Jego wykonanie zajmie Ci tylko 20 minut! Postaw na\u00a0szybki i\u00a0prosty spos\u00f3b, kt\u00f3ry zawsze pozwoli Ci cieszy\u0107 si\u0119 pi\u0119knymi paznokciami. Poznaj lakier hybrydowy z\u00a0kolekcji Simple \u2013 na\u0142\u00f3\u017c\u00a0dwie cienkie warstwy\u00a0i\u00a0ka\u017cd\u0105 z\u00a0nich utward\u017a w\u00a0lampie LED. Tak, to takie proste! [&hellip;]\" \/>\n<meta property=\"og:url\" content=\"https:\/\/velesnails.pl\/en\/product\/3w1-lakier-hybrydowy-simple-72-g-dark\/\" \/>\n<meta property=\"og:site_name\" content=\"velesnails\" \/>\n<meta property=\"article:modified_time\" content=\"2025-10-27T11:24:58+00:00\" \/>\n<meta property=\"og:image\" content=\"https:\/\/velesnails.pl\/wp-content\/uploads\/2024\/10\/\u0417\u043d\u0456\u043c\u043e\u043a-\u0435\u043a\u0440\u0430\u043d\u0430-2024-10-11-142717.png\" \/>\n\t<meta property=\"og:image:width\" content=\"781\" \/>\n\t<meta property=\"og:image:height\" content=\"585\" \/>\n\t<meta property=\"og:image:type\" content=\"image\/png\" \/>\n<meta name=\"twitter:card\" content=\"summary_large_image\" \/>\n<meta name=\"twitter:label1\" content=\"Estimated reading time\" \/>\n\t<meta name=\"twitter:data1\" content=\"1 minute\" \/>\n<script type=\"application\/ld+json\" class=\"yoast-schema-graph\">{\"@context\":\"https:\\\/\\\/schema.org\",\"@graph\":[{\"@type\":\"WebPage\",\"@id\":\"https:\\\/\\\/velesnails.pl\\\/product\\\/3w1-lakier-hybrydowy-simple-72-g-dark\\\/\",\"url\":\"https:\\\/\\\/velesnails.pl\\\/product\\\/3w1-lakier-hybrydowy-simple-72-g-dark\\\/\",\"name\":\"3w1 Lakier Hybrydowy SIMPLE 7,2 g - DARK - velesnails\",\"isPartOf\":{\"@id\":\"https:\\\/\\\/velesnails.pl\\\/#website\"},\"primaryImageOfPage\":{\"@id\":\"https:\\\/\\\/velesnails.pl\\\/product\\\/3w1-lakier-hybrydowy-simple-72-g-dark\\\/#primaryimage\"},\"image\":{\"@id\":\"https:\\\/\\\/velesnails.pl\\\/product\\\/3w1-lakier-hybrydowy-simple-72-g-dark\\\/#primaryimage\"},\"thumbnailUrl\":\"https:\\\/\\\/i0.wp.com\\\/velesnails.pl\\\/wp-content\\\/uploads\\\/2024\\\/10\\\/%D0%97%D0%BD%D1%96%D0%BC%D0%BE%D0%BA-%D0%B5%D0%BA%D1%80%D0%B0%D0%BD%D0%B0-2024-10-11-142717.png?fit=781%2C585&ssl=1\",\"datePublished\":\"2024-10-11T12:24:06+00:00\",\"dateModified\":\"2025-10-27T11:24:58+00:00\",\"breadcrumb\":{\"@id\":\"https:\\\/\\\/velesnails.pl\\\/product\\\/3w1-lakier-hybrydowy-simple-72-g-dark\\\/#breadcrumb\"},\"inLanguage\":\"en-GB\",\"potentialAction\":[{\"@type\":\"ReadAction\",\"target\":[\"https:\\\/\\\/velesnails.pl\\\/product\\\/3w1-lakier-hybrydowy-simple-72-g-dark\\\/\"]}]},{\"@type\":\"ImageObject\",\"inLanguage\":\"en-GB\",\"@id\":\"https:\\\/\\\/velesnails.pl\\\/product\\\/3w1-lakier-hybrydowy-simple-72-g-dark\\\/#primaryimage\",\"url\":\"https:\\\/\\\/i0.wp.com\\\/velesnails.pl\\\/wp-content\\\/uploads\\\/2024\\\/10\\\/%D0%97%D0%BD%D1%96%D0%BC%D0%BE%D0%BA-%D0%B5%D0%BA%D1%80%D0%B0%D0%BD%D0%B0-2024-10-11-142717.png?fit=781%2C585&ssl=1\",\"contentUrl\":\"https:\\\/\\\/i0.wp.com\\\/velesnails.pl\\\/wp-content\\\/uploads\\\/2024\\\/10\\\/%D0%97%D0%BD%D1%96%D0%BC%D0%BE%D0%BA-%D0%B5%D0%BA%D1%80%D0%B0%D0%BD%D0%B0-2024-10-11-142717.png?fit=781%2C585&ssl=1\",\"width\":781,\"height\":585},{\"@type\":\"BreadcrumbList\",\"@id\":\"https:\\\/\\\/velesnails.pl\\\/product\\\/3w1-lakier-hybrydowy-simple-72-g-dark\\\/#breadcrumb\",\"itemListElement\":[{\"@type\":\"ListItem\",\"position\":1,\"name\":\"\u0413\u043e\u043b\u043e\u0432\u043d\u0430\",\"item\":\"https:\\\/\\\/velesnails.pl\\\/\"},{\"@type\":\"ListItem\",\"position\":2,\"name\":\"Sklep\",\"item\":\"https:\\\/\\\/velesnails.pl\\\/shop\\\/\"},{\"@type\":\"ListItem\",\"position\":3,\"name\":\"3w1 Lakier Hybrydowy SIMPLE 7,2 g &#8211; DARK\"}]},{\"@type\":\"WebSite\",\"@id\":\"https:\\\/\\\/velesnails.pl\\\/#website\",\"url\":\"https:\\\/\\\/velesnails.pl\\\/\",\"name\":\"velesnails\",\"description\":\"Sklep z manicure\",\"publisher\":{\"@id\":\"https:\\\/\\\/velesnails.pl\\\/#organization\"},\"potentialAction\":[{\"@type\":\"SearchAction\",\"target\":{\"@type\":\"EntryPoint\",\"urlTemplate\":\"https:\\\/\\\/velesnails.pl\\\/?s={search_term_string}\"},\"query-input\":{\"@type\":\"PropertyValueSpecification\",\"valueRequired\":true,\"valueName\":\"search_term_string\"}}],\"inLanguage\":\"en-GB\"},{\"@type\":\"Organization\",\"@id\":\"https:\\\/\\\/velesnails.pl\\\/#organization\",\"name\":\"velesnails\",\"url\":\"https:\\\/\\\/velesnails.pl\\\/\",\"logo\":{\"@type\":\"ImageObject\",\"inLanguage\":\"en-GB\",\"@id\":\"https:\\\/\\\/velesnails.pl\\\/#\\\/schema\\\/logo\\\/image\\\/\",\"url\":\"https:\\\/\\\/i0.wp.com\\\/velesnails.pl\\\/wp-content\\\/uploads\\\/2025\\\/10\\\/cropped-obraz_viber_2025-10-22_13-55-55-969.jpg?fit=485%2C381&ssl=1\",\"contentUrl\":\"https:\\\/\\\/i0.wp.com\\\/velesnails.pl\\\/wp-content\\\/uploads\\\/2025\\\/10\\\/cropped-obraz_viber_2025-10-22_13-55-55-969.jpg?fit=485%2C381&ssl=1\",\"width\":485,\"height\":381,\"caption\":\"velesnails\"},\"image\":{\"@id\":\"https:\\\/\\\/velesnails.pl\\\/#\\\/schema\\\/logo\\\/image\\\/\"}}]}<\/script>\n<!-- \/ Yoast SEO plugin. -->","yoast_head_json":{"title":"3w1 Lakier Hybrydowy SIMPLE 7,2 g - DARK - velesnails","robots":{"index":"index","follow":"follow","max-snippet":"max-snippet:-1","max-image-preview":"max-image-preview:large","max-video-preview":"max-video-preview:-1"},"canonical":"https:\/\/velesnails.pl\/en\/product\/3w1-lakier-hybrydowy-simple-72-g-dark\/","og_locale":"en_GB","og_type":"article","og_title":"3w1 Lakier Hybrydowy SIMPLE 7,2 g - DARK - velesnails","og_description":"3w1 Lakier Hybrydowy SIMPLE 7,2 g &#8211; DARK Od teraz zawsze znajdziesz czas na\u00a0to, aby stworzy\u0107 trwa\u0142y manicure! Dlaczego? Jego wykonanie zajmie Ci tylko 20 minut! Postaw na\u00a0szybki i\u00a0prosty spos\u00f3b, kt\u00f3ry zawsze pozwoli Ci cieszy\u0107 si\u0119 pi\u0119knymi paznokciami. Poznaj lakier hybrydowy z\u00a0kolekcji Simple \u2013 na\u0142\u00f3\u017c\u00a0dwie cienkie warstwy\u00a0i\u00a0ka\u017cd\u0105 z\u00a0nich utward\u017a w\u00a0lampie LED. Tak, to takie proste! [&hellip;]","og_url":"https:\/\/velesnails.pl\/en\/product\/3w1-lakier-hybrydowy-simple-72-g-dark\/","og_site_name":"velesnails","article_modified_time":"2025-10-27T11:24:58+00:00","og_image":[{"width":781,"height":585,"url":"https:\/\/velesnails.pl\/wp-content\/uploads\/2024\/10\/\u0417\u043d\u0456\u043c\u043e\u043a-\u0435\u043a\u0440\u0430\u043d\u0430-2024-10-11-142717.png","type":"image\/png"}],"twitter_card":"summary_large_image","twitter_misc":{"Estimated reading time":"1 minute"},"schema":{"@context":"https:\/\/schema.org","@graph":[{"@type":"WebPage","@id":"https:\/\/velesnails.pl\/product\/3w1-lakier-hybrydowy-simple-72-g-dark\/","url":"https:\/\/velesnails.pl\/product\/3w1-lakier-hybrydowy-simple-72-g-dark\/","name":"3w1 Lakier Hybrydowy SIMPLE 7,2 g - DARK - velesnails","isPartOf":{"@id":"https:\/\/velesnails.pl\/#website"},"primaryImageOfPage":{"@id":"https:\/\/velesnails.pl\/product\/3w1-lakier-hybrydowy-simple-72-g-dark\/#primaryimage"},"image":{"@id":"https:\/\/velesnails.pl\/product\/3w1-lakier-hybrydowy-simple-72-g-dark\/#primaryimage"},"thumbnailUrl":"https:\/\/i0.wp.com\/velesnails.pl\/wp-content\/uploads\/2024\/10\/%D0%97%D0%BD%D1%96%D0%BC%D0%BE%D0%BA-%D0%B5%D0%BA%D1%80%D0%B0%D0%BD%D0%B0-2024-10-11-142717.png?fit=781%2C585&ssl=1","datePublished":"2024-10-11T12:24:06+00:00","dateModified":"2025-10-27T11:24:58+00:00","breadcrumb":{"@id":"https:\/\/velesnails.pl\/product\/3w1-lakier-hybrydowy-simple-72-g-dark\/#breadcrumb"},"inLanguage":"en-GB","potentialAction":[{"@type":"ReadAction","target":["https:\/\/velesnails.pl\/product\/3w1-lakier-hybrydowy-simple-72-g-dark\/"]}]},{"@type":"ImageObject","inLanguage":"en-GB","@id":"https:\/\/velesnails.pl\/product\/3w1-lakier-hybrydowy-simple-72-g-dark\/#primaryimage","url":"https:\/\/i0.wp.com\/velesnails.pl\/wp-content\/uploads\/2024\/10\/%D0%97%D0%BD%D1%96%D0%BC%D0%BE%D0%BA-%D0%B5%D0%BA%D1%80%D0%B0%D0%BD%D0%B0-2024-10-11-142717.png?fit=781%2C585&ssl=1","contentUrl":"https:\/\/i0.wp.com\/velesnails.pl\/wp-content\/uploads\/2024\/10\/%D0%97%D0%BD%D1%96%D0%BC%D0%BE%D0%BA-%D0%B5%D0%BA%D1%80%D0%B0%D0%BD%D0%B0-2024-10-11-142717.png?fit=781%2C585&ssl=1","width":781,"height":585},{"@type":"BreadcrumbList","@id":"https:\/\/velesnails.pl\/product\/3w1-lakier-hybrydowy-simple-72-g-dark\/#breadcrumb","itemListElement":[{"@type":"ListItem","position":1,"name":"\u0413\u043e\u043b\u043e\u0432\u043d\u0430","item":"https:\/\/velesnails.pl\/"},{"@type":"ListItem","position":2,"name":"Sklep","item":"https:\/\/velesnails.pl\/shop\/"},{"@type":"ListItem","position":3,"name":"3w1 Lakier Hybrydowy SIMPLE 7,2 g &#8211; DARK"}]},{"@type":"WebSite","@id":"https:\/\/velesnails.pl\/#website","url":"https:\/\/velesnails.pl\/","name":"velesnails","description":"Manicure shop","publisher":{"@id":"https:\/\/velesnails.pl\/#organization"},"potentialAction":[{"@type":"SearchAction","target":{"@type":"EntryPoint","urlTemplate":"https:\/\/velesnails.pl\/?s={search_term_string}"},"query-input":{"@type":"PropertyValueSpecification","valueRequired":true,"valueName":"search_term_string"}}],"inLanguage":"en-GB"},{"@type":"Organization","@id":"https:\/\/velesnails.pl\/#organization","name":"velesnails","url":"https:\/\/velesnails.pl\/","logo":{"@type":"ImageObject","inLanguage":"en-GB","@id":"https:\/\/velesnails.pl\/#\/schema\/logo\/image\/","url":"https:\/\/i0.wp.com\/velesnails.pl\/wp-content\/uploads\/2025\/10\/cropped-obraz_viber_2025-10-22_13-55-55-969.jpg?fit=485%2C381&ssl=1","contentUrl":"https:\/\/i0.wp.com\/velesnails.pl\/wp-content\/uploads\/2025\/10\/cropped-obraz_viber_2025-10-22_13-55-55-969.jpg?fit=485%2C381&ssl=1","width":485,"height":381,"caption":"velesnails"},"image":{"@id":"https:\/\/velesnails.pl\/#\/schema\/logo\/image\/"}}]}},"_links":{"self":[{"href":"https:\/\/velesnails.pl\/en\/wp-json\/wp\/v2\/product\/5221","targetHints":{"allow":["GET"]}}],"collection":[{"href":"https:\/\/velesnails.pl\/en\/wp-json\/wp\/v2\/product"}],"about":[{"href":"https:\/\/velesnails.pl\/en\/wp-json\/wp\/v2\/types\/product"}],"replies":[{"embeddable":true,"href":"https:\/\/velesnails.pl\/en\/wp-json\/wp\/v2\/comments?post=5221"}],"wp:featuredmedia":[{"embeddable":true,"href":"https:\/\/velesnails.pl\/en\/wp-json\/wp\/v2\/media\/5222"}],"wp:attachment":[{"href":"https:\/\/velesnails.pl\/en\/wp-json\/wp\/v2\/media?parent=5221"}],"wp:term":[{"taxonomy":"product_brand","embeddable":true,"href":"https:\/\/velesnails.pl\/en\/wp-json\/wp\/v2\/product_brand?post=5221"},{"taxonomy":"product_cat","embeddable":true,"href":"https:\/\/velesnails.pl\/en\/wp-json\/wp\/v2\/product_cat?post=5221"},{"taxonomy":"product_tag","embeddable":true,"href":"https:\/\/velesnails.pl\/en\/wp-json\/wp\/v2\/product_tag?post=5221"}],"curies":[{"name":"wp","href":"https:\/\/api.w.org\/{rel}","templated":true}]}}