{"id":5203,"date":"2024-10-11T14:45:45","date_gmt":"2024-10-11T11:45:45","guid":{"rendered":"https:\/\/velesnails.pl\/?post_type=product&#038;p=5203"},"modified":"2025-10-27T14:24:59","modified_gmt":"2025-10-27T11:24:59","slug":"lakier-hybrydowy-go-see-the-world-72-ml","status":"publish","type":"product","link":"https:\/\/velesnails.pl\/en\/product\/lakier-hybrydowy-go-see-the-world-72-ml\/","title":{"rendered":"Lakier hybrydowy Go See The World 7,2 ml"},"content":{"rendered":"<p><strong>Go See The World\u00a0<\/strong>to\u00a0<strong>czerwony\u00a0lakier hybrydowy\u00a0o\u00a0mocnym nasyceniu<\/strong>. \u015awietnie wpisuje si\u0119 w\u00a0<strong>trendy manicure na\u00a0jesie\u0144 2024<\/strong>. Jest jednym z\u00a0<strong>7 wariant\u00f3w\u00a0kolekcji Let\u2019s Make Memories<\/strong>.\u00a0Z nim mo\u017cesz smakowa\u0107 ka\u017cdy moment i\u00a0bawi\u0107 si\u0119 manicure. Pi\u0119kno kobieco\u015bci, fun, odkrywanie nowych horyzont\u00f3w\u2026 i\u00a0metod zdobienia paznokci \u2013 sku\u015b si\u0119 na\u00a0estetyczn\u0105 przygod\u0119! Lakier ma\u00a0<strong>pe\u0142ne krycie<\/strong>\u00a0oraz\u00a0daje\u00a0<strong>klasyczny<\/strong>\u00a0<strong>efekt<\/strong>, kt\u00f3ry jest doskona\u0142y w\u00a0ka\u017cdej sytuacji.<\/p>\n<p>Hybryd\u0119 cechuje\u00a0<strong>idealna konsystencja<\/strong>, kt\u00f3ra zapewnia\u00a0<strong>cudny kolor i\u00a0po\u0142ysk a\u017c do 21 dni<\/strong>. Dzi\u0119ki temu produktowi stworzysz\u00a0<strong>czerwony manicure<\/strong>, kt\u00f3ry urozmaici ka\u017cd\u0105 wycieczk\u0119. Ucieszy Ci\u0119\u00a0<strong>\u0142atwa aplikacja<\/strong>\u00a0\u2013 lakier nie tworzy smug i\u00a0nie sp\u0142ywa na\u00a0sk\u00f3rki. To\u00a0<strong>\u015bwietne<\/strong>\u00a0<strong>rozwi\u0105zanie dla<\/strong>\u00a0<strong>os\u00f3b pocz\u0105tkuj\u0105cych<\/strong>. Hybryd\u0119 utwardzisz prosto\u00a0w lampie LED lub\u00a0UV. Nie czekaj, a\u017c produkt wyschnie \u2013 utrwal mani ekspresowo.<\/p>\n<p>&nbsp;<\/p>\n<p>Ingredients: Bis-HPMA Poly(Butylene\/Hexamethylene Carbonate)\/IPDI Copolymer, Hydroxypropyl Methacrylate, Sucrose Benzoate, Bis-Trimethylbenzoyl Phenylphosphine Oxide, Ethyl Trimethylbenzoyl Phenylphosphinate, Silica, BHT, p-Hydroxyanisole, +\/- CI 77891, CI 77491, CI 77510, CI 77289, CI 77492, CI 77499, CI 77742, CI 15850, CI 74260, CI 77266, CI 74160, CI 15880, CI 15985, CI 19140, CI 12490.<\/p>\n<p>Tylko do u\u017cytku profesjonalnego. Prosz\u0119 uwa\u017cnie przeczyta\u0107 spos\u00f3b u\u017cycia. Unika\u0107 kontaktu ze sk\u00f3r\u0105. Unika\u0107 kontaktu z oczami. Mo\u017ce powodowa\u0107 reakcj\u0119 alergiczn\u0105. Zaprzesta\u0107 stosowania przy wyst\u0105pieniu podra\u017cnienia. Przechowywa\u0107 z dala od dzieci.<\/p>","protected":false},"excerpt":{"rendered":"<p>Go See The World\u00a0to\u00a0czerwony\u00a0lakier hybrydowy\u00a0o\u00a0mocnym nasyceniu. \u015awietnie wpisuje si\u0119 w\u00a0trendy manicure na\u00a0jesie\u0144 2024. Jest jednym z\u00a07 wariant\u00f3w\u00a0kolekcji Let\u2019s Make Memories.\u00a0Z nim mo\u017cesz smakowa\u0107 ka\u017cdy moment i\u00a0bawi\u0107 si\u0119 manicure. Pi\u0119kno kobieco\u015bci, fun, odkrywanie nowych horyzont\u00f3w\u2026 i\u00a0metod zdobienia paznokci \u2013 sku\u015b si\u0119 na\u00a0estetyczn\u0105 przygod\u0119! Lakier ma\u00a0pe\u0142ne krycie\u00a0oraz\u00a0daje\u00a0klasyczny\u00a0efekt, kt\u00f3ry jest doskona\u0142y w\u00a0ka\u017cdej sytuacji. Hybryd\u0119 cechuje\u00a0idealna konsystencja, kt\u00f3ra zapewnia\u00a0cudny [&hellip;]<\/p>\n","protected":false},"featured_media":5204,"comment_status":"closed","ping_status":"closed","template":"","meta":{"om_disable_all_campaigns":false,"ocean_post_layout":"","ocean_both_sidebars_style":"","ocean_both_sidebars_content_width":0,"ocean_both_sidebars_sidebars_width":0,"ocean_sidebar":"0","ocean_second_sidebar":"0","ocean_disable_margins":"enable","ocean_add_body_class":"","ocean_shortcode_before_top_bar":"","ocean_shortcode_after_top_bar":"","ocean_shortcode_before_header":"","ocean_shortcode_after_header":"","ocean_has_shortcode":"","ocean_shortcode_after_title":"","ocean_shortcode_before_footer_widgets":"","ocean_shortcode_after_footer_widgets":"","ocean_shortcode_before_footer_bottom":"","ocean_shortcode_after_footer_bottom":"","ocean_display_top_bar":"default","ocean_display_header":"default","ocean_header_style":"","ocean_center_header_left_menu":"0","ocean_custom_header_template":"0","ocean_custom_logo":0,"ocean_custom_retina_logo":0,"ocean_custom_logo_max_width":0,"ocean_custom_logo_tablet_max_width":0,"ocean_custom_logo_mobile_max_width":0,"ocean_custom_logo_max_height":0,"ocean_custom_logo_tablet_max_height":0,"ocean_custom_logo_mobile_max_height":0,"ocean_header_custom_menu":"0","ocean_menu_typo_font_family":"0","ocean_menu_typo_font_subset":"","ocean_menu_typo_font_size":0,"ocean_menu_typo_font_size_tablet":0,"ocean_menu_typo_font_size_mobile":0,"ocean_menu_typo_font_size_unit":"px","ocean_menu_typo_font_weight":"","ocean_menu_typo_font_weight_tablet":"","ocean_menu_typo_font_weight_mobile":"","ocean_menu_typo_transform":"","ocean_menu_typo_transform_tablet":"","ocean_menu_typo_transform_mobile":"","ocean_menu_typo_line_height":0,"ocean_menu_typo_line_height_tablet":0,"ocean_menu_typo_line_height_mobile":0,"ocean_menu_typo_line_height_unit":"","ocean_menu_typo_spacing":0,"ocean_menu_typo_spacing_tablet":0,"ocean_menu_typo_spacing_mobile":0,"ocean_menu_typo_spacing_unit":"","ocean_menu_link_color":"","ocean_menu_link_color_hover":"","ocean_menu_link_color_active":"","ocean_menu_link_background":"","ocean_menu_link_hover_background":"","ocean_menu_link_active_background":"","ocean_menu_social_links_bg":"","ocean_menu_social_hover_links_bg":"","ocean_menu_social_links_color":"","ocean_menu_social_hover_links_color":"","ocean_disable_title":"default","ocean_disable_heading":"default","ocean_post_title":"","ocean_post_subheading":"","ocean_post_title_style":"","ocean_post_title_background_color":"","ocean_post_title_background":0,"ocean_post_title_bg_image_position":"","ocean_post_title_bg_image_attachment":"","ocean_post_title_bg_image_repeat":"","ocean_post_title_bg_image_size":"","ocean_post_title_height":0,"ocean_post_title_bg_overlay":0.5,"ocean_post_title_bg_overlay_color":"","ocean_disable_breadcrumbs":"default","ocean_breadcrumbs_color":"","ocean_breadcrumbs_separator_color":"","ocean_breadcrumbs_links_color":"","ocean_breadcrumbs_links_hover_color":"","ocean_display_footer_widgets":"default","ocean_display_footer_bottom":"default","ocean_custom_footer_template":"0"},"product_brand":[],"product_cat":[111,176,193,117,110],"product_tag":[],"class_list":{"0":"post-5203","1":"product","2":"type-product","3":"status-publish","4":"has-post-thumbnail","6":"product_cat-lakiery-hybrydowe","7":"product_cat-marki","8":"product_cat-neonails-1","9":"product_cat-neonail","10":"product_cat-paznokcie","12":"entry","13":"has-media","15":"first","16":"instock","17":"sale","18":"taxable","19":"shipping-taxable","20":"purchasable","21":"product-type-simple","22":"has-product-nav","23":"col","24":"span_1_of_3","25":"owp-content-center","26":"owp-thumbs-layout-horizontal","27":"owp-btn-normal","28":"owp-tabs-layout-horizontal"},"yoast_head":"<!-- This site is optimized with the Yoast SEO plugin v27.6 - https:\/\/yoast.com\/product\/yoast-seo-wordpress\/ -->\n<title>Lakier hybrydowy Go See The World 7,2 ml - velesnails<\/title>\n<meta name=\"robots\" content=\"index, follow, max-snippet:-1, max-image-preview:large, max-video-preview:-1\" \/>\n<link rel=\"canonical\" href=\"https:\/\/velesnails.pl\/en\/product\/lakier-hybrydowy-go-see-the-world-72-ml\/\" \/>\n<meta property=\"og:locale\" content=\"en_GB\" \/>\n<meta property=\"og:type\" content=\"article\" \/>\n<meta property=\"og:title\" content=\"Lakier hybrydowy Go See The World 7,2 ml - velesnails\" \/>\n<meta property=\"og:description\" content=\"Go See The World\u00a0to\u00a0czerwony\u00a0lakier hybrydowy\u00a0o\u00a0mocnym nasyceniu. \u015awietnie wpisuje si\u0119 w\u00a0trendy manicure na\u00a0jesie\u0144 2024. Jest jednym z\u00a07 wariant\u00f3w\u00a0kolekcji Let\u2019s Make Memories.\u00a0Z nim mo\u017cesz smakowa\u0107 ka\u017cdy moment i\u00a0bawi\u0107 si\u0119 manicure. Pi\u0119kno kobieco\u015bci, fun, odkrywanie nowych horyzont\u00f3w\u2026 i\u00a0metod zdobienia paznokci \u2013 sku\u015b si\u0119 na\u00a0estetyczn\u0105 przygod\u0119! Lakier ma\u00a0pe\u0142ne krycie\u00a0oraz\u00a0daje\u00a0klasyczny\u00a0efekt, kt\u00f3ry jest doskona\u0142y w\u00a0ka\u017cdej sytuacji. Hybryd\u0119 cechuje\u00a0idealna konsystencja, kt\u00f3ra zapewnia\u00a0cudny [&hellip;]\" \/>\n<meta property=\"og:url\" content=\"https:\/\/velesnails.pl\/en\/product\/lakier-hybrydowy-go-see-the-world-72-ml\/\" \/>\n<meta property=\"og:site_name\" content=\"velesnails\" \/>\n<meta property=\"article:modified_time\" content=\"2025-10-27T11:24:59+00:00\" \/>\n<meta property=\"og:image\" content=\"https:\/\/velesnails.pl\/wp-content\/uploads\/2024\/10\/\u0417\u043d\u0456\u043c\u043e\u043a-\u0435\u043a\u0440\u0430\u043d\u0430-2024-10-11-134712.png\" \/>\n\t<meta property=\"og:image:width\" content=\"794\" \/>\n\t<meta property=\"og:image:height\" content=\"593\" \/>\n\t<meta property=\"og:image:type\" content=\"image\/png\" \/>\n<meta name=\"twitter:card\" content=\"summary_large_image\" \/>\n<meta name=\"twitter:label1\" content=\"Estimated reading time\" \/>\n\t<meta name=\"twitter:data1\" content=\"1 minute\" \/>\n<script type=\"application\/ld+json\" class=\"yoast-schema-graph\">{\"@context\":\"https:\\\/\\\/schema.org\",\"@graph\":[{\"@type\":\"WebPage\",\"@id\":\"https:\\\/\\\/velesnails.pl\\\/product\\\/lakier-hybrydowy-go-see-the-world-72-ml\\\/\",\"url\":\"https:\\\/\\\/velesnails.pl\\\/product\\\/lakier-hybrydowy-go-see-the-world-72-ml\\\/\",\"name\":\"Lakier hybrydowy Go See The World 7,2 ml - velesnails\",\"isPartOf\":{\"@id\":\"https:\\\/\\\/velesnails.pl\\\/#website\"},\"primaryImageOfPage\":{\"@id\":\"https:\\\/\\\/velesnails.pl\\\/product\\\/lakier-hybrydowy-go-see-the-world-72-ml\\\/#primaryimage\"},\"image\":{\"@id\":\"https:\\\/\\\/velesnails.pl\\\/product\\\/lakier-hybrydowy-go-see-the-world-72-ml\\\/#primaryimage\"},\"thumbnailUrl\":\"https:\\\/\\\/i0.wp.com\\\/velesnails.pl\\\/wp-content\\\/uploads\\\/2024\\\/10\\\/%D0%97%D0%BD%D1%96%D0%BC%D0%BE%D0%BA-%D0%B5%D0%BA%D1%80%D0%B0%D0%BD%D0%B0-2024-10-11-134712.png?fit=794%2C593&ssl=1\",\"datePublished\":\"2024-10-11T11:45:45+00:00\",\"dateModified\":\"2025-10-27T11:24:59+00:00\",\"breadcrumb\":{\"@id\":\"https:\\\/\\\/velesnails.pl\\\/product\\\/lakier-hybrydowy-go-see-the-world-72-ml\\\/#breadcrumb\"},\"inLanguage\":\"en-GB\",\"potentialAction\":[{\"@type\":\"ReadAction\",\"target\":[\"https:\\\/\\\/velesnails.pl\\\/product\\\/lakier-hybrydowy-go-see-the-world-72-ml\\\/\"]}]},{\"@type\":\"ImageObject\",\"inLanguage\":\"en-GB\",\"@id\":\"https:\\\/\\\/velesnails.pl\\\/product\\\/lakier-hybrydowy-go-see-the-world-72-ml\\\/#primaryimage\",\"url\":\"https:\\\/\\\/i0.wp.com\\\/velesnails.pl\\\/wp-content\\\/uploads\\\/2024\\\/10\\\/%D0%97%D0%BD%D1%96%D0%BC%D0%BE%D0%BA-%D0%B5%D0%BA%D1%80%D0%B0%D0%BD%D0%B0-2024-10-11-134712.png?fit=794%2C593&ssl=1\",\"contentUrl\":\"https:\\\/\\\/i0.wp.com\\\/velesnails.pl\\\/wp-content\\\/uploads\\\/2024\\\/10\\\/%D0%97%D0%BD%D1%96%D0%BC%D0%BE%D0%BA-%D0%B5%D0%BA%D1%80%D0%B0%D0%BD%D0%B0-2024-10-11-134712.png?fit=794%2C593&ssl=1\",\"width\":794,\"height\":593},{\"@type\":\"BreadcrumbList\",\"@id\":\"https:\\\/\\\/velesnails.pl\\\/product\\\/lakier-hybrydowy-go-see-the-world-72-ml\\\/#breadcrumb\",\"itemListElement\":[{\"@type\":\"ListItem\",\"position\":1,\"name\":\"\u0413\u043e\u043b\u043e\u0432\u043d\u0430\",\"item\":\"https:\\\/\\\/velesnails.pl\\\/\"},{\"@type\":\"ListItem\",\"position\":2,\"name\":\"Sklep\",\"item\":\"https:\\\/\\\/velesnails.pl\\\/shop\\\/\"},{\"@type\":\"ListItem\",\"position\":3,\"name\":\"Lakier hybrydowy Go See The World 7,2 ml\"}]},{\"@type\":\"WebSite\",\"@id\":\"https:\\\/\\\/velesnails.pl\\\/#website\",\"url\":\"https:\\\/\\\/velesnails.pl\\\/\",\"name\":\"velesnails\",\"description\":\"Sklep z manicure\",\"publisher\":{\"@id\":\"https:\\\/\\\/velesnails.pl\\\/#organization\"},\"potentialAction\":[{\"@type\":\"SearchAction\",\"target\":{\"@type\":\"EntryPoint\",\"urlTemplate\":\"https:\\\/\\\/velesnails.pl\\\/?s={search_term_string}\"},\"query-input\":{\"@type\":\"PropertyValueSpecification\",\"valueRequired\":true,\"valueName\":\"search_term_string\"}}],\"inLanguage\":\"en-GB\"},{\"@type\":\"Organization\",\"@id\":\"https:\\\/\\\/velesnails.pl\\\/#organization\",\"name\":\"velesnails\",\"url\":\"https:\\\/\\\/velesnails.pl\\\/\",\"logo\":{\"@type\":\"ImageObject\",\"inLanguage\":\"en-GB\",\"@id\":\"https:\\\/\\\/velesnails.pl\\\/#\\\/schema\\\/logo\\\/image\\\/\",\"url\":\"https:\\\/\\\/i0.wp.com\\\/velesnails.pl\\\/wp-content\\\/uploads\\\/2025\\\/10\\\/cropped-obraz_viber_2025-10-22_13-55-55-969.jpg?fit=485%2C381&ssl=1\",\"contentUrl\":\"https:\\\/\\\/i0.wp.com\\\/velesnails.pl\\\/wp-content\\\/uploads\\\/2025\\\/10\\\/cropped-obraz_viber_2025-10-22_13-55-55-969.jpg?fit=485%2C381&ssl=1\",\"width\":485,\"height\":381,\"caption\":\"velesnails\"},\"image\":{\"@id\":\"https:\\\/\\\/velesnails.pl\\\/#\\\/schema\\\/logo\\\/image\\\/\"}}]}<\/script>\n<!-- \/ Yoast SEO plugin. -->","yoast_head_json":{"title":"Lakier hybrydowy Go See The World 7,2 ml - velesnails","robots":{"index":"index","follow":"follow","max-snippet":"max-snippet:-1","max-image-preview":"max-image-preview:large","max-video-preview":"max-video-preview:-1"},"canonical":"https:\/\/velesnails.pl\/en\/product\/lakier-hybrydowy-go-see-the-world-72-ml\/","og_locale":"en_GB","og_type":"article","og_title":"Lakier hybrydowy Go See The World 7,2 ml - velesnails","og_description":"Go See The World\u00a0to\u00a0czerwony\u00a0lakier hybrydowy\u00a0o\u00a0mocnym nasyceniu. \u015awietnie wpisuje si\u0119 w\u00a0trendy manicure na\u00a0jesie\u0144 2024. Jest jednym z\u00a07 wariant\u00f3w\u00a0kolekcji Let\u2019s Make Memories.\u00a0Z nim mo\u017cesz smakowa\u0107 ka\u017cdy moment i\u00a0bawi\u0107 si\u0119 manicure. Pi\u0119kno kobieco\u015bci, fun, odkrywanie nowych horyzont\u00f3w\u2026 i\u00a0metod zdobienia paznokci \u2013 sku\u015b si\u0119 na\u00a0estetyczn\u0105 przygod\u0119! Lakier ma\u00a0pe\u0142ne krycie\u00a0oraz\u00a0daje\u00a0klasyczny\u00a0efekt, kt\u00f3ry jest doskona\u0142y w\u00a0ka\u017cdej sytuacji. Hybryd\u0119 cechuje\u00a0idealna konsystencja, kt\u00f3ra zapewnia\u00a0cudny [&hellip;]","og_url":"https:\/\/velesnails.pl\/en\/product\/lakier-hybrydowy-go-see-the-world-72-ml\/","og_site_name":"velesnails","article_modified_time":"2025-10-27T11:24:59+00:00","og_image":[{"width":794,"height":593,"url":"https:\/\/velesnails.pl\/wp-content\/uploads\/2024\/10\/\u0417\u043d\u0456\u043c\u043e\u043a-\u0435\u043a\u0440\u0430\u043d\u0430-2024-10-11-134712.png","type":"image\/png"}],"twitter_card":"summary_large_image","twitter_misc":{"Estimated reading time":"1 minute"},"schema":{"@context":"https:\/\/schema.org","@graph":[{"@type":"WebPage","@id":"https:\/\/velesnails.pl\/product\/lakier-hybrydowy-go-see-the-world-72-ml\/","url":"https:\/\/velesnails.pl\/product\/lakier-hybrydowy-go-see-the-world-72-ml\/","name":"Lakier hybrydowy Go See The World 7,2 ml - velesnails","isPartOf":{"@id":"https:\/\/velesnails.pl\/#website"},"primaryImageOfPage":{"@id":"https:\/\/velesnails.pl\/product\/lakier-hybrydowy-go-see-the-world-72-ml\/#primaryimage"},"image":{"@id":"https:\/\/velesnails.pl\/product\/lakier-hybrydowy-go-see-the-world-72-ml\/#primaryimage"},"thumbnailUrl":"https:\/\/i0.wp.com\/velesnails.pl\/wp-content\/uploads\/2024\/10\/%D0%97%D0%BD%D1%96%D0%BC%D0%BE%D0%BA-%D0%B5%D0%BA%D1%80%D0%B0%D0%BD%D0%B0-2024-10-11-134712.png?fit=794%2C593&ssl=1","datePublished":"2024-10-11T11:45:45+00:00","dateModified":"2025-10-27T11:24:59+00:00","breadcrumb":{"@id":"https:\/\/velesnails.pl\/product\/lakier-hybrydowy-go-see-the-world-72-ml\/#breadcrumb"},"inLanguage":"en-GB","potentialAction":[{"@type":"ReadAction","target":["https:\/\/velesnails.pl\/product\/lakier-hybrydowy-go-see-the-world-72-ml\/"]}]},{"@type":"ImageObject","inLanguage":"en-GB","@id":"https:\/\/velesnails.pl\/product\/lakier-hybrydowy-go-see-the-world-72-ml\/#primaryimage","url":"https:\/\/i0.wp.com\/velesnails.pl\/wp-content\/uploads\/2024\/10\/%D0%97%D0%BD%D1%96%D0%BC%D0%BE%D0%BA-%D0%B5%D0%BA%D1%80%D0%B0%D0%BD%D0%B0-2024-10-11-134712.png?fit=794%2C593&ssl=1","contentUrl":"https:\/\/i0.wp.com\/velesnails.pl\/wp-content\/uploads\/2024\/10\/%D0%97%D0%BD%D1%96%D0%BC%D0%BE%D0%BA-%D0%B5%D0%BA%D1%80%D0%B0%D0%BD%D0%B0-2024-10-11-134712.png?fit=794%2C593&ssl=1","width":794,"height":593},{"@type":"BreadcrumbList","@id":"https:\/\/velesnails.pl\/product\/lakier-hybrydowy-go-see-the-world-72-ml\/#breadcrumb","itemListElement":[{"@type":"ListItem","position":1,"name":"\u0413\u043e\u043b\u043e\u0432\u043d\u0430","item":"https:\/\/velesnails.pl\/"},{"@type":"ListItem","position":2,"name":"Sklep","item":"https:\/\/velesnails.pl\/shop\/"},{"@type":"ListItem","position":3,"name":"Lakier hybrydowy Go See The World 7,2 ml"}]},{"@type":"WebSite","@id":"https:\/\/velesnails.pl\/#website","url":"https:\/\/velesnails.pl\/","name":"velesnails","description":"Manicure shop","publisher":{"@id":"https:\/\/velesnails.pl\/#organization"},"potentialAction":[{"@type":"SearchAction","target":{"@type":"EntryPoint","urlTemplate":"https:\/\/velesnails.pl\/?s={search_term_string}"},"query-input":{"@type":"PropertyValueSpecification","valueRequired":true,"valueName":"search_term_string"}}],"inLanguage":"en-GB"},{"@type":"Organization","@id":"https:\/\/velesnails.pl\/#organization","name":"velesnails","url":"https:\/\/velesnails.pl\/","logo":{"@type":"ImageObject","inLanguage":"en-GB","@id":"https:\/\/velesnails.pl\/#\/schema\/logo\/image\/","url":"https:\/\/i0.wp.com\/velesnails.pl\/wp-content\/uploads\/2025\/10\/cropped-obraz_viber_2025-10-22_13-55-55-969.jpg?fit=485%2C381&ssl=1","contentUrl":"https:\/\/i0.wp.com\/velesnails.pl\/wp-content\/uploads\/2025\/10\/cropped-obraz_viber_2025-10-22_13-55-55-969.jpg?fit=485%2C381&ssl=1","width":485,"height":381,"caption":"velesnails"},"image":{"@id":"https:\/\/velesnails.pl\/#\/schema\/logo\/image\/"}}]}},"_links":{"self":[{"href":"https:\/\/velesnails.pl\/en\/wp-json\/wp\/v2\/product\/5203","targetHints":{"allow":["GET"]}}],"collection":[{"href":"https:\/\/velesnails.pl\/en\/wp-json\/wp\/v2\/product"}],"about":[{"href":"https:\/\/velesnails.pl\/en\/wp-json\/wp\/v2\/types\/product"}],"replies":[{"embeddable":true,"href":"https:\/\/velesnails.pl\/en\/wp-json\/wp\/v2\/comments?post=5203"}],"wp:featuredmedia":[{"embeddable":true,"href":"https:\/\/velesnails.pl\/en\/wp-json\/wp\/v2\/media\/5204"}],"wp:attachment":[{"href":"https:\/\/velesnails.pl\/en\/wp-json\/wp\/v2\/media?parent=5203"}],"wp:term":[{"taxonomy":"product_brand","embeddable":true,"href":"https:\/\/velesnails.pl\/en\/wp-json\/wp\/v2\/product_brand?post=5203"},{"taxonomy":"product_cat","embeddable":true,"href":"https:\/\/velesnails.pl\/en\/wp-json\/wp\/v2\/product_cat?post=5203"},{"taxonomy":"product_tag","embeddable":true,"href":"https:\/\/velesnails.pl\/en\/wp-json\/wp\/v2\/product_tag?post=5203"}],"curies":[{"name":"wp","href":"https:\/\/api.w.org\/{rel}","templated":true}]}}