{"id":5201,"date":"2024-10-11T14:40:08","date_gmt":"2024-10-11T11:40:08","guid":{"rendered":"https:\/\/velesnails.pl\/?post_type=product&#038;p=5201"},"modified":"2025-10-27T14:26:04","modified_gmt":"2025-10-27T11:26:04","slug":"lakier-hybrydowy-joy-in-every-moment-72-ml","status":"publish","type":"product","link":"https:\/\/velesnails.pl\/en\/product\/lakier-hybrydowy-joy-in-every-moment-72-ml\/","title":{"rendered":"Lakier hybrydowy Joy In Every Moment 7,2 ml"},"content":{"rendered":"<h3><strong>O produkcie<\/strong><\/h3>\n<p><strong>Joy In Every Moment<\/strong>\u00a0to\u00a0<strong>bordowy\u00a0<\/strong><a href=\"https:\/\/www.neonail.pl\/katalog\/manicure\/lakiery\/zele-hybrydowe-uv\/\"><strong>lakier hybrydowy<\/strong><\/a><strong>\u00a0o\u00a0burgundowym odcieniu<\/strong>. Ten naturalny kolor to niezawodny\u00a0<strong>trend manicure na\u00a0jesie\u0144 2024<\/strong>\u00a0i\u00a0jedna z\u00a0<strong>7 ods\u0142on\u00a0<a title=\"Kolekcja Let's Make Memories\" href=\"https:\/\/www.neonail.pl\/katalog\/manicure\/lakiery\/zele-hybrydowe-uv\/kolekcja-lets-make-memories\/\">kolekcji Let\u2019s Make Memories<\/a><\/strong>. Podkre\u015bla pi\u0119kno ka\u017cdej chwili i\u00a0zach\u0119ca do eksperyment\u00f3w z\u00a0manicure. Poczuj rado\u015b\u0107 p\u0142yn\u0105c\u0105 z\u00a0odkrywania nowych miejsc, spotka\u0144 i\u00a0kobiecego stylu. Lakier daje\u00a0<strong>pe\u0142ne krycie<\/strong>\u00a0i\u00a0tworzy klasyczny\u00a0<strong>efekt<\/strong>, kt\u00f3ry zawsze si\u0119 sprawdza.<\/p>\n<p>Lakier cechuje\u00a0<strong>odpowiednia konsystencja<\/strong>, dzi\u0119ki kt\u00f3rej Tw\u00f3j manicure zachowa\u00a0<strong>pi\u0119kny kolor i\u00a0po\u0142ysk a\u017c do 21 dni<\/strong>. Jest\u00a0<strong>odporny na\u00a0uszkodzenia<\/strong>. Ten produkt sprawi, \u017ce\u00a0z \u0142atwo\u015bci\u0105 uzyskasz atrakcyjnie wyko\u0144czone,\u00a0<strong>bordowe paznokcie<\/strong>. Jego aplikacja przebiega bez problemu \u2013 hybryda nie sp\u0142ywa na\u00a0sk\u00f3rki ani\u00a0nie zostawia smug. W\u0142a\u015bnie dlatego\u00a0produkt jest\u00a0<strong>przyjazny osobom pocz\u0105tkuj\u0105cym<\/strong>. Utwardzisz j\u0105\u00a0<a href=\"https:\/\/www.neonail.pl\/katalog\/manicure\/urzadzenia-zestawy\/lampy-led\/\">w lampie LED lub\u00a0UV<\/a>. Dzi\u0119ki temu nie musisz czeka\u0107, a\u017c produkt wyschnie sam.<\/p>\n<h3><strong>Co zyskujesz?<\/strong><\/h3>\n<p>Jeste\u015b g\u0142odna nowych wra\u017ce\u0144? Interesuje Ci\u0119 estetyczny manicure? Poznaj\u00a0<a rel=\"nofollow\" href=\"https:\/\/www.neonail.pl\/odkryj-nasze-nowosci.html\">nowo\u015b\u0107<\/a>\u00a0\u2013\u00a0<strong>lakier hybrydowy Joy In Every Moment<\/strong>\u00a0i\u00a0zobacz, co zyskujesz:<\/p>\n<ul>\n<li><strong>modny manicure o\u00a0trwa\u0142o\u015bci do 21 dni<\/strong>\u00a0\u2013 podejmujesz wyzwania? Du\u017co podr\u00f3\u017cujesz? Od teraz\u00a0<strong>mo\u017cesz ci\u0105gle by\u0107 w\u00a0ruchu<\/strong>\u00a0\u2013 postaw na\u00a0hybryd\u0119, kt\u00f3rej\u00a0<strong>kolor zachowuje idealn\u0105 \u015bwie\u017co\u015b\u0107<\/strong>\u00a0a\u017c do 3 tygodni! Daj sobie szans\u0119 na\u00a0<a href=\"https:\/\/www.neonail.pl\/katalog\/manicure\/\"><strong>perfekcyjny manicure<\/strong><\/a><strong>\u00a0bez odprysk\u00f3w<\/strong>\u00a0i\u00a0baw si\u0119 ka\u017cd\u0105 chwil\u0105;<\/li>\n<li><strong>uniwersalny efekt na\u00a0ka\u017cd\u0105 okazj\u0119<\/strong>\u00a0\u2013 lakier hybrydowy daje klasyczne wyko\u0144czenie, kt\u00f3remu towarzyszy\u00a0<strong>ol\u015bniewaj\u0105cy po\u0142ysk<\/strong>. Ten sprawdzony efekt dopasuje si\u0119 do ka\u017cdego outfitu i\u00a0sytuacji. Zyskaj pewno\u015b\u0107, \u017ce\u00a0<strong>zawsze b\u0119dziesz \u015bwietnie wygl\u0105da\u0107\u00a0<\/strong>\u2013 bez kompromis\u00f3w!\u00a0<strong>Bordowe paznokcie<\/strong>\u00a0to doskona\u0142a propozycja dla kobiet, kt\u00f3re lubi\u0105 czu\u0107 si\u0119 wyj\u0105tkowo na\u00a0co dzie\u0144 i\u00a0od \u015bwi\u0119ta;<\/li>\n<li><strong>wygodna aplikacja bez smug i\u00a0zalanych sk\u00f3rek<\/strong>\u00a0\u2013 zalet\u0105 produktu jest idealna konsystencja, dzi\u0119ki kt\u00f3rej lakier nie sp\u0142ywa na\u00a0sk\u00f3rki i\u00a0kompletnie nie pozostawia smug. Z kolei\u00a0<strong>wyprofilowany p\u0119dzelek<\/strong>\u00a0sprawi, \u017ce\u00a0<strong>zaaplikujesz lakier precyzyjnie<\/strong>;<\/li>\n<li><strong>produkt idealny do tworzenia r\u00f3\u017cnych zdobie\u0144<\/strong>\u00a0\u2013 ten kolor \u015bwietnie \u0142\u0105czy si\u0119 z\u00a0ka\u017cdym lakierem nale\u017c\u0105cym do kolekcji. To tak\u017ce\u00a0<strong>idealne t\u0142o pod zdobienia paznokci<\/strong>. Dzi\u0119ki hybrydzie z\u00a0\u0142atwo\u015bci\u0105 wyeksponujesz dowolne wzorki i\u00a0<strong>stworzysz wiele ciekawych stylizacji<\/strong>.<\/li>\n<\/ul>\n<p>&nbsp;<\/p>\n<p>&nbsp;<\/p>\n<p>Ingredients: Bis-HPMA Poly(Butylene\/Hexamethylene Carbonate)\/IPDI Copolymer, Hydroxypropyl Methacrylate, Sucrose Benzoate, Bis-Trimethylbenzoyl Phenylphosphine Oxide, Ethyl Trimethylbenzoyl Phenylphosphinate, Silica, BHT, p-Hydroxyanisole, +\/- CI 77891, CI 77491, CI 77510, CI 77289, CI 77492, CI 77499, CI 77742, CI 15850, CI 74260, CI 77266, CI 74160, CI 15880, CI 15985, CI 19140, CI 12490.<\/p>\n<p>Tylko do u\u017cytku profesjonalnego. Prosz\u0119 uwa\u017cnie przeczyta\u0107 spos\u00f3b u\u017cycia. Unika\u0107 kontaktu ze sk\u00f3r\u0105. Unika\u0107 kontaktu z oczami. Mo\u017ce powodowa\u0107 reakcj\u0119 alergiczn\u0105. Zaprzesta\u0107 stosowania przy wyst\u0105pieniu podra\u017cnienia. Przechowywa\u0107 z dala od dzieci.<\/p>","protected":false},"excerpt":{"rendered":"<p>O produkcie Joy In Every Moment\u00a0to\u00a0bordowy\u00a0lakier hybrydowy\u00a0o\u00a0burgundowym odcieniu. Ten naturalny kolor to niezawodny\u00a0trend manicure na\u00a0jesie\u0144 2024\u00a0i\u00a0jedna z\u00a07 ods\u0142on\u00a0kolekcji Let\u2019s Make Memories. Podkre\u015bla pi\u0119kno ka\u017cdej chwili i\u00a0zach\u0119ca do eksperyment\u00f3w z\u00a0manicure. Poczuj rado\u015b\u0107 p\u0142yn\u0105c\u0105 z\u00a0odkrywania nowych miejsc, spotka\u0144 i\u00a0kobiecego stylu. Lakier daje\u00a0pe\u0142ne krycie\u00a0i\u00a0tworzy klasyczny\u00a0efekt, kt\u00f3ry zawsze si\u0119 sprawdza. Lakier cechuje\u00a0odpowiednia konsystencja, dzi\u0119ki kt\u00f3rej Tw\u00f3j manicure zachowa\u00a0pi\u0119kny kolor [&hellip;]<\/p>\n","protected":false},"featured_media":5202,"comment_status":"closed","ping_status":"closed","template":"","meta":{"om_disable_all_campaigns":false,"ocean_post_layout":"","ocean_both_sidebars_style":"","ocean_both_sidebars_content_width":0,"ocean_both_sidebars_sidebars_width":0,"ocean_sidebar":"0","ocean_second_sidebar":"0","ocean_disable_margins":"enable","ocean_add_body_class":"","ocean_shortcode_before_top_bar":"","ocean_shortcode_after_top_bar":"","ocean_shortcode_before_header":"","ocean_shortcode_after_header":"","ocean_has_shortcode":"","ocean_shortcode_after_title":"","ocean_shortcode_before_footer_widgets":"","ocean_shortcode_after_footer_widgets":"","ocean_shortcode_before_footer_bottom":"","ocean_shortcode_after_footer_bottom":"","ocean_display_top_bar":"default","ocean_display_header":"default","ocean_header_style":"","ocean_center_header_left_menu":"0","ocean_custom_header_template":"0","ocean_custom_logo":0,"ocean_custom_retina_logo":0,"ocean_custom_logo_max_width":0,"ocean_custom_logo_tablet_max_width":0,"ocean_custom_logo_mobile_max_width":0,"ocean_custom_logo_max_height":0,"ocean_custom_logo_tablet_max_height":0,"ocean_custom_logo_mobile_max_height":0,"ocean_header_custom_menu":"0","ocean_menu_typo_font_family":"0","ocean_menu_typo_font_subset":"","ocean_menu_typo_font_size":0,"ocean_menu_typo_font_size_tablet":0,"ocean_menu_typo_font_size_mobile":0,"ocean_menu_typo_font_size_unit":"px","ocean_menu_typo_font_weight":"","ocean_menu_typo_font_weight_tablet":"","ocean_menu_typo_font_weight_mobile":"","ocean_menu_typo_transform":"","ocean_menu_typo_transform_tablet":"","ocean_menu_typo_transform_mobile":"","ocean_menu_typo_line_height":0,"ocean_menu_typo_line_height_tablet":0,"ocean_menu_typo_line_height_mobile":0,"ocean_menu_typo_line_height_unit":"","ocean_menu_typo_spacing":0,"ocean_menu_typo_spacing_tablet":0,"ocean_menu_typo_spacing_mobile":0,"ocean_menu_typo_spacing_unit":"","ocean_menu_link_color":"","ocean_menu_link_color_hover":"","ocean_menu_link_color_active":"","ocean_menu_link_background":"","ocean_menu_link_hover_background":"","ocean_menu_link_active_background":"","ocean_menu_social_links_bg":"","ocean_menu_social_hover_links_bg":"","ocean_menu_social_links_color":"","ocean_menu_social_hover_links_color":"","ocean_disable_title":"default","ocean_disable_heading":"default","ocean_post_title":"","ocean_post_subheading":"","ocean_post_title_style":"","ocean_post_title_background_color":"","ocean_post_title_background":0,"ocean_post_title_bg_image_position":"","ocean_post_title_bg_image_attachment":"","ocean_post_title_bg_image_repeat":"","ocean_post_title_bg_image_size":"","ocean_post_title_height":0,"ocean_post_title_bg_overlay":0.5,"ocean_post_title_bg_overlay_color":"","ocean_disable_breadcrumbs":"default","ocean_breadcrumbs_color":"","ocean_breadcrumbs_separator_color":"","ocean_breadcrumbs_links_color":"","ocean_breadcrumbs_links_hover_color":"","ocean_display_footer_widgets":"default","ocean_display_footer_bottom":"default","ocean_custom_footer_template":"0"},"product_brand":[],"product_cat":[111,176,193,117,110],"product_tag":[],"class_list":{"0":"post-5201","1":"product","2":"type-product","3":"status-publish","4":"has-post-thumbnail","6":"product_cat-lakiery-hybrydowe","7":"product_cat-marki","8":"product_cat-neonails-1","9":"product_cat-neonail","10":"product_cat-paznokcie","12":"entry","13":"has-media","15":"first","16":"instock","17":"sale","18":"taxable","19":"shipping-taxable","20":"purchasable","21":"product-type-simple","22":"has-product-nav","23":"col","24":"span_1_of_3","25":"owp-content-center","26":"owp-thumbs-layout-horizontal","27":"owp-btn-normal","28":"owp-tabs-layout-horizontal","29":"has-no-thumbnails"},"yoast_head":"<!-- This site is optimized with the Yoast SEO plugin v27.6 - https:\/\/yoast.com\/product\/yoast-seo-wordpress\/ -->\n<title>Lakier hybrydowy Joy In Every Moment 7,2 ml - velesnails<\/title>\n<meta name=\"robots\" content=\"index, follow, max-snippet:-1, max-image-preview:large, max-video-preview:-1\" \/>\n<link rel=\"canonical\" href=\"https:\/\/velesnails.pl\/en\/product\/lakier-hybrydowy-joy-in-every-moment-72-ml\/\" \/>\n<meta property=\"og:locale\" content=\"en_GB\" \/>\n<meta property=\"og:type\" content=\"article\" \/>\n<meta property=\"og:title\" content=\"Lakier hybrydowy Joy In Every Moment 7,2 ml - velesnails\" \/>\n<meta property=\"og:description\" content=\"O produkcie Joy In Every Moment\u00a0to\u00a0bordowy\u00a0lakier hybrydowy\u00a0o\u00a0burgundowym odcieniu. Ten naturalny kolor to niezawodny\u00a0trend manicure na\u00a0jesie\u0144 2024\u00a0i\u00a0jedna z\u00a07 ods\u0142on\u00a0kolekcji Let\u2019s Make Memories. Podkre\u015bla pi\u0119kno ka\u017cdej chwili i\u00a0zach\u0119ca do eksperyment\u00f3w z\u00a0manicure. Poczuj rado\u015b\u0107 p\u0142yn\u0105c\u0105 z\u00a0odkrywania nowych miejsc, spotka\u0144 i\u00a0kobiecego stylu. Lakier daje\u00a0pe\u0142ne krycie\u00a0i\u00a0tworzy klasyczny\u00a0efekt, kt\u00f3ry zawsze si\u0119 sprawdza. Lakier cechuje\u00a0odpowiednia konsystencja, dzi\u0119ki kt\u00f3rej Tw\u00f3j manicure zachowa\u00a0pi\u0119kny kolor [&hellip;]\" \/>\n<meta property=\"og:url\" content=\"https:\/\/velesnails.pl\/en\/product\/lakier-hybrydowy-joy-in-every-moment-72-ml\/\" \/>\n<meta property=\"og:site_name\" content=\"velesnails\" \/>\n<meta property=\"article:modified_time\" content=\"2025-10-27T11:26:04+00:00\" \/>\n<meta property=\"og:image\" content=\"https:\/\/velesnails.pl\/wp-content\/uploads\/2024\/10\/\u0417\u043d\u0456\u043c\u043e\u043a-\u0435\u043a\u0440\u0430\u043d\u0430-2024-10-11-134206.png\" \/>\n\t<meta property=\"og:image:width\" content=\"565\" \/>\n\t<meta property=\"og:image:height\" content=\"460\" \/>\n\t<meta property=\"og:image:type\" content=\"image\/png\" \/>\n<meta name=\"twitter:card\" content=\"summary_large_image\" \/>\n<meta name=\"twitter:label1\" content=\"Estimated reading time\" \/>\n\t<meta name=\"twitter:data1\" content=\"2 minutes\" \/>\n<script type=\"application\/ld+json\" class=\"yoast-schema-graph\">{\"@context\":\"https:\\\/\\\/schema.org\",\"@graph\":[{\"@type\":\"WebPage\",\"@id\":\"https:\\\/\\\/velesnails.pl\\\/product\\\/lakier-hybrydowy-joy-in-every-moment-72-ml\\\/\",\"url\":\"https:\\\/\\\/velesnails.pl\\\/product\\\/lakier-hybrydowy-joy-in-every-moment-72-ml\\\/\",\"name\":\"Lakier hybrydowy Joy In Every Moment 7,2 ml - velesnails\",\"isPartOf\":{\"@id\":\"https:\\\/\\\/velesnails.pl\\\/#website\"},\"primaryImageOfPage\":{\"@id\":\"https:\\\/\\\/velesnails.pl\\\/product\\\/lakier-hybrydowy-joy-in-every-moment-72-ml\\\/#primaryimage\"},\"image\":{\"@id\":\"https:\\\/\\\/velesnails.pl\\\/product\\\/lakier-hybrydowy-joy-in-every-moment-72-ml\\\/#primaryimage\"},\"thumbnailUrl\":\"https:\\\/\\\/i0.wp.com\\\/velesnails.pl\\\/wp-content\\\/uploads\\\/2024\\\/10\\\/%D0%97%D0%BD%D1%96%D0%BC%D0%BE%D0%BA-%D0%B5%D0%BA%D1%80%D0%B0%D0%BD%D0%B0-2024-10-11-134206.png?fit=565%2C460&ssl=1\",\"datePublished\":\"2024-10-11T11:40:08+00:00\",\"dateModified\":\"2025-10-27T11:26:04+00:00\",\"breadcrumb\":{\"@id\":\"https:\\\/\\\/velesnails.pl\\\/product\\\/lakier-hybrydowy-joy-in-every-moment-72-ml\\\/#breadcrumb\"},\"inLanguage\":\"en-GB\",\"potentialAction\":[{\"@type\":\"ReadAction\",\"target\":[\"https:\\\/\\\/velesnails.pl\\\/product\\\/lakier-hybrydowy-joy-in-every-moment-72-ml\\\/\"]}]},{\"@type\":\"ImageObject\",\"inLanguage\":\"en-GB\",\"@id\":\"https:\\\/\\\/velesnails.pl\\\/product\\\/lakier-hybrydowy-joy-in-every-moment-72-ml\\\/#primaryimage\",\"url\":\"https:\\\/\\\/i0.wp.com\\\/velesnails.pl\\\/wp-content\\\/uploads\\\/2024\\\/10\\\/%D0%97%D0%BD%D1%96%D0%BC%D0%BE%D0%BA-%D0%B5%D0%BA%D1%80%D0%B0%D0%BD%D0%B0-2024-10-11-134206.png?fit=565%2C460&ssl=1\",\"contentUrl\":\"https:\\\/\\\/i0.wp.com\\\/velesnails.pl\\\/wp-content\\\/uploads\\\/2024\\\/10\\\/%D0%97%D0%BD%D1%96%D0%BC%D0%BE%D0%BA-%D0%B5%D0%BA%D1%80%D0%B0%D0%BD%D0%B0-2024-10-11-134206.png?fit=565%2C460&ssl=1\",\"width\":565,\"height\":460},{\"@type\":\"BreadcrumbList\",\"@id\":\"https:\\\/\\\/velesnails.pl\\\/product\\\/lakier-hybrydowy-joy-in-every-moment-72-ml\\\/#breadcrumb\",\"itemListElement\":[{\"@type\":\"ListItem\",\"position\":1,\"name\":\"\u0413\u043e\u043b\u043e\u0432\u043d\u0430\",\"item\":\"https:\\\/\\\/velesnails.pl\\\/\"},{\"@type\":\"ListItem\",\"position\":2,\"name\":\"Sklep\",\"item\":\"https:\\\/\\\/velesnails.pl\\\/shop\\\/\"},{\"@type\":\"ListItem\",\"position\":3,\"name\":\"Lakier hybrydowy Joy In Every Moment 7,2 ml\"}]},{\"@type\":\"WebSite\",\"@id\":\"https:\\\/\\\/velesnails.pl\\\/#website\",\"url\":\"https:\\\/\\\/velesnails.pl\\\/\",\"name\":\"velesnails\",\"description\":\"Sklep z manicure\",\"publisher\":{\"@id\":\"https:\\\/\\\/velesnails.pl\\\/#organization\"},\"potentialAction\":[{\"@type\":\"SearchAction\",\"target\":{\"@type\":\"EntryPoint\",\"urlTemplate\":\"https:\\\/\\\/velesnails.pl\\\/?s={search_term_string}\"},\"query-input\":{\"@type\":\"PropertyValueSpecification\",\"valueRequired\":true,\"valueName\":\"search_term_string\"}}],\"inLanguage\":\"en-GB\"},{\"@type\":\"Organization\",\"@id\":\"https:\\\/\\\/velesnails.pl\\\/#organization\",\"name\":\"velesnails\",\"url\":\"https:\\\/\\\/velesnails.pl\\\/\",\"logo\":{\"@type\":\"ImageObject\",\"inLanguage\":\"en-GB\",\"@id\":\"https:\\\/\\\/velesnails.pl\\\/#\\\/schema\\\/logo\\\/image\\\/\",\"url\":\"https:\\\/\\\/i0.wp.com\\\/velesnails.pl\\\/wp-content\\\/uploads\\\/2025\\\/10\\\/cropped-obraz_viber_2025-10-22_13-55-55-969.jpg?fit=485%2C381&ssl=1\",\"contentUrl\":\"https:\\\/\\\/i0.wp.com\\\/velesnails.pl\\\/wp-content\\\/uploads\\\/2025\\\/10\\\/cropped-obraz_viber_2025-10-22_13-55-55-969.jpg?fit=485%2C381&ssl=1\",\"width\":485,\"height\":381,\"caption\":\"velesnails\"},\"image\":{\"@id\":\"https:\\\/\\\/velesnails.pl\\\/#\\\/schema\\\/logo\\\/image\\\/\"}}]}<\/script>\n<!-- \/ Yoast SEO plugin. -->","yoast_head_json":{"title":"Lakier hybrydowy Joy In Every Moment 7,2 ml - velesnails","robots":{"index":"index","follow":"follow","max-snippet":"max-snippet:-1","max-image-preview":"max-image-preview:large","max-video-preview":"max-video-preview:-1"},"canonical":"https:\/\/velesnails.pl\/en\/product\/lakier-hybrydowy-joy-in-every-moment-72-ml\/","og_locale":"en_GB","og_type":"article","og_title":"Lakier hybrydowy Joy In Every Moment 7,2 ml - velesnails","og_description":"O produkcie Joy In Every Moment\u00a0to\u00a0bordowy\u00a0lakier hybrydowy\u00a0o\u00a0burgundowym odcieniu. Ten naturalny kolor to niezawodny\u00a0trend manicure na\u00a0jesie\u0144 2024\u00a0i\u00a0jedna z\u00a07 ods\u0142on\u00a0kolekcji Let\u2019s Make Memories. Podkre\u015bla pi\u0119kno ka\u017cdej chwili i\u00a0zach\u0119ca do eksperyment\u00f3w z\u00a0manicure. Poczuj rado\u015b\u0107 p\u0142yn\u0105c\u0105 z\u00a0odkrywania nowych miejsc, spotka\u0144 i\u00a0kobiecego stylu. Lakier daje\u00a0pe\u0142ne krycie\u00a0i\u00a0tworzy klasyczny\u00a0efekt, kt\u00f3ry zawsze si\u0119 sprawdza. Lakier cechuje\u00a0odpowiednia konsystencja, dzi\u0119ki kt\u00f3rej Tw\u00f3j manicure zachowa\u00a0pi\u0119kny kolor [&hellip;]","og_url":"https:\/\/velesnails.pl\/en\/product\/lakier-hybrydowy-joy-in-every-moment-72-ml\/","og_site_name":"velesnails","article_modified_time":"2025-10-27T11:26:04+00:00","og_image":[{"width":565,"height":460,"url":"https:\/\/velesnails.pl\/wp-content\/uploads\/2024\/10\/\u0417\u043d\u0456\u043c\u043e\u043a-\u0435\u043a\u0440\u0430\u043d\u0430-2024-10-11-134206.png","type":"image\/png"}],"twitter_card":"summary_large_image","twitter_misc":{"Estimated reading time":"2 minutes"},"schema":{"@context":"https:\/\/schema.org","@graph":[{"@type":"WebPage","@id":"https:\/\/velesnails.pl\/product\/lakier-hybrydowy-joy-in-every-moment-72-ml\/","url":"https:\/\/velesnails.pl\/product\/lakier-hybrydowy-joy-in-every-moment-72-ml\/","name":"Lakier hybrydowy Joy In Every Moment 7,2 ml - velesnails","isPartOf":{"@id":"https:\/\/velesnails.pl\/#website"},"primaryImageOfPage":{"@id":"https:\/\/velesnails.pl\/product\/lakier-hybrydowy-joy-in-every-moment-72-ml\/#primaryimage"},"image":{"@id":"https:\/\/velesnails.pl\/product\/lakier-hybrydowy-joy-in-every-moment-72-ml\/#primaryimage"},"thumbnailUrl":"https:\/\/i0.wp.com\/velesnails.pl\/wp-content\/uploads\/2024\/10\/%D0%97%D0%BD%D1%96%D0%BC%D0%BE%D0%BA-%D0%B5%D0%BA%D1%80%D0%B0%D0%BD%D0%B0-2024-10-11-134206.png?fit=565%2C460&ssl=1","datePublished":"2024-10-11T11:40:08+00:00","dateModified":"2025-10-27T11:26:04+00:00","breadcrumb":{"@id":"https:\/\/velesnails.pl\/product\/lakier-hybrydowy-joy-in-every-moment-72-ml\/#breadcrumb"},"inLanguage":"en-GB","potentialAction":[{"@type":"ReadAction","target":["https:\/\/velesnails.pl\/product\/lakier-hybrydowy-joy-in-every-moment-72-ml\/"]}]},{"@type":"ImageObject","inLanguage":"en-GB","@id":"https:\/\/velesnails.pl\/product\/lakier-hybrydowy-joy-in-every-moment-72-ml\/#primaryimage","url":"https:\/\/i0.wp.com\/velesnails.pl\/wp-content\/uploads\/2024\/10\/%D0%97%D0%BD%D1%96%D0%BC%D0%BE%D0%BA-%D0%B5%D0%BA%D1%80%D0%B0%D0%BD%D0%B0-2024-10-11-134206.png?fit=565%2C460&ssl=1","contentUrl":"https:\/\/i0.wp.com\/velesnails.pl\/wp-content\/uploads\/2024\/10\/%D0%97%D0%BD%D1%96%D0%BC%D0%BE%D0%BA-%D0%B5%D0%BA%D1%80%D0%B0%D0%BD%D0%B0-2024-10-11-134206.png?fit=565%2C460&ssl=1","width":565,"height":460},{"@type":"BreadcrumbList","@id":"https:\/\/velesnails.pl\/product\/lakier-hybrydowy-joy-in-every-moment-72-ml\/#breadcrumb","itemListElement":[{"@type":"ListItem","position":1,"name":"\u0413\u043e\u043b\u043e\u0432\u043d\u0430","item":"https:\/\/velesnails.pl\/"},{"@type":"ListItem","position":2,"name":"Sklep","item":"https:\/\/velesnails.pl\/shop\/"},{"@type":"ListItem","position":3,"name":"Lakier hybrydowy Joy In Every Moment 7,2 ml"}]},{"@type":"WebSite","@id":"https:\/\/velesnails.pl\/#website","url":"https:\/\/velesnails.pl\/","name":"velesnails","description":"Manicure shop","publisher":{"@id":"https:\/\/velesnails.pl\/#organization"},"potentialAction":[{"@type":"SearchAction","target":{"@type":"EntryPoint","urlTemplate":"https:\/\/velesnails.pl\/?s={search_term_string}"},"query-input":{"@type":"PropertyValueSpecification","valueRequired":true,"valueName":"search_term_string"}}],"inLanguage":"en-GB"},{"@type":"Organization","@id":"https:\/\/velesnails.pl\/#organization","name":"velesnails","url":"https:\/\/velesnails.pl\/","logo":{"@type":"ImageObject","inLanguage":"en-GB","@id":"https:\/\/velesnails.pl\/#\/schema\/logo\/image\/","url":"https:\/\/i0.wp.com\/velesnails.pl\/wp-content\/uploads\/2025\/10\/cropped-obraz_viber_2025-10-22_13-55-55-969.jpg?fit=485%2C381&ssl=1","contentUrl":"https:\/\/i0.wp.com\/velesnails.pl\/wp-content\/uploads\/2025\/10\/cropped-obraz_viber_2025-10-22_13-55-55-969.jpg?fit=485%2C381&ssl=1","width":485,"height":381,"caption":"velesnails"},"image":{"@id":"https:\/\/velesnails.pl\/#\/schema\/logo\/image\/"}}]}},"_links":{"self":[{"href":"https:\/\/velesnails.pl\/en\/wp-json\/wp\/v2\/product\/5201","targetHints":{"allow":["GET"]}}],"collection":[{"href":"https:\/\/velesnails.pl\/en\/wp-json\/wp\/v2\/product"}],"about":[{"href":"https:\/\/velesnails.pl\/en\/wp-json\/wp\/v2\/types\/product"}],"replies":[{"embeddable":true,"href":"https:\/\/velesnails.pl\/en\/wp-json\/wp\/v2\/comments?post=5201"}],"wp:featuredmedia":[{"embeddable":true,"href":"https:\/\/velesnails.pl\/en\/wp-json\/wp\/v2\/media\/5202"}],"wp:attachment":[{"href":"https:\/\/velesnails.pl\/en\/wp-json\/wp\/v2\/media?parent=5201"}],"wp:term":[{"taxonomy":"product_brand","embeddable":true,"href":"https:\/\/velesnails.pl\/en\/wp-json\/wp\/v2\/product_brand?post=5201"},{"taxonomy":"product_cat","embeddable":true,"href":"https:\/\/velesnails.pl\/en\/wp-json\/wp\/v2\/product_cat?post=5201"},{"taxonomy":"product_tag","embeddable":true,"href":"https:\/\/velesnails.pl\/en\/wp-json\/wp\/v2\/product_tag?post=5201"}],"curies":[{"name":"wp","href":"https:\/\/api.w.org\/{rel}","templated":true}]}}