{"id":4511,"date":"2024-09-17T14:45:45","date_gmt":"2024-09-17T11:45:45","guid":{"rendered":"https:\/\/velesnails.pl\/?post_type=product&#038;p=4511"},"modified":"2026-01-18T11:55:57","modified_gmt":"2026-01-18T08:55:57","slug":"tacka-na-narzedzia-serce-rozowe-zloto","status":"publish","type":"product","link":"https:\/\/velesnails.pl\/en\/product\/tacka-na-narzedzia-serce-rozowe-zloto\/","title":{"rendered":"Tacka na narz\u0119dzia serce &#8211; r\u00f3\u017cowe z\u0142oto"},"content":{"rendered":"<p>Profilowana tacka na narz\u0119dzia i akcesoria do manicure,\u00a0kt\u00f3ra umo\u017cliwi Ci organizacj\u0119 oraz utrzymanie porz\u0105dku na stanowisku pracy w salonie. Produkt r\u00f3wnie\u017c sprawdzi si\u0119 jako elegancki dodatek, jak r\u00f3wnie\u017c tacka do dezynfekcji narz\u0119dzi.\u00a0Jej wykonanie sprawia, \u017ce mo\u017cna j\u0105 \u0142atwo czy\u015bci\u0107 oraz dezynfekowa\u0107.<\/p>\n<p>Produkt wykonany jest\u00a0ze stali nierdzewnej, dzi\u0119ki temu jest trwa\u0142y i odporny na korozj\u0119.<\/p>\n<p>&nbsp;<\/p>\n<p>Wymiary:\u00a016 x 15\u00a0cm<\/p>\n<p>&nbsp;<\/p>\n<p>Zalecenia: Przed po\u0142o\u017ceniem narz\u0119dzi nale\u017cy na dno tacki po\u0142o\u017cy\u0107 r\u0119cznik w\u0142\u00f3kninowy, b\u0105d\u017a serwet\u0119, aby zabezpieczy\u0107 tack\u0119 przed zarysowaniami.<\/p>","protected":false},"excerpt":{"rendered":"<p>Profilowana tacka na narz\u0119dzia i akcesoria do manicure,\u00a0kt\u00f3ra umo\u017cliwi Ci organizacj\u0119 oraz utrzymanie porz\u0105dku na stanowisku pracy w salonie. Produkt r\u00f3wnie\u017c sprawdzi si\u0119 jako elegancki dodatek, jak r\u00f3wnie\u017c tacka do dezynfekcji narz\u0119dzi.\u00a0Jej wykonanie sprawia, \u017ce mo\u017cna j\u0105 \u0142atwo czy\u015bci\u0107 oraz dezynfekowa\u0107. Produkt wykonany jest\u00a0ze stali nierdzewnej, dzi\u0119ki temu jest trwa\u0142y i odporny na korozj\u0119. &nbsp; [&hellip;]<\/p>\n","protected":false},"featured_media":4512,"comment_status":"open","ping_status":"closed","template":"","meta":{"om_disable_all_campaigns":false,"ocean_post_layout":"","ocean_both_sidebars_style":"","ocean_both_sidebars_content_width":0,"ocean_both_sidebars_sidebars_width":0,"ocean_sidebar":"0","ocean_second_sidebar":"0","ocean_disable_margins":"enable","ocean_add_body_class":"","ocean_shortcode_before_top_bar":"","ocean_shortcode_after_top_bar":"","ocean_shortcode_before_header":"","ocean_shortcode_after_header":"","ocean_has_shortcode":"","ocean_shortcode_after_title":"","ocean_shortcode_before_footer_widgets":"","ocean_shortcode_after_footer_widgets":"","ocean_shortcode_before_footer_bottom":"","ocean_shortcode_after_footer_bottom":"","ocean_display_top_bar":"default","ocean_display_header":"default","ocean_header_style":"","ocean_center_header_left_menu":"0","ocean_custom_header_template":"0","ocean_custom_logo":0,"ocean_custom_retina_logo":0,"ocean_custom_logo_max_width":0,"ocean_custom_logo_tablet_max_width":0,"ocean_custom_logo_mobile_max_width":0,"ocean_custom_logo_max_height":0,"ocean_custom_logo_tablet_max_height":0,"ocean_custom_logo_mobile_max_height":0,"ocean_header_custom_menu":"0","ocean_menu_typo_font_family":"0","ocean_menu_typo_font_subset":"","ocean_menu_typo_font_size":0,"ocean_menu_typo_font_size_tablet":0,"ocean_menu_typo_font_size_mobile":0,"ocean_menu_typo_font_size_unit":"px","ocean_menu_typo_font_weight":"","ocean_menu_typo_font_weight_tablet":"","ocean_menu_typo_font_weight_mobile":"","ocean_menu_typo_transform":"","ocean_menu_typo_transform_tablet":"","ocean_menu_typo_transform_mobile":"","ocean_menu_typo_line_height":0,"ocean_menu_typo_line_height_tablet":0,"ocean_menu_typo_line_height_mobile":0,"ocean_menu_typo_line_height_unit":"","ocean_menu_typo_spacing":0,"ocean_menu_typo_spacing_tablet":0,"ocean_menu_typo_spacing_mobile":0,"ocean_menu_typo_spacing_unit":"","ocean_menu_link_color":"","ocean_menu_link_color_hover":"","ocean_menu_link_color_active":"","ocean_menu_link_background":"","ocean_menu_link_hover_background":"","ocean_menu_link_active_background":"","ocean_menu_social_links_bg":"","ocean_menu_social_hover_links_bg":"","ocean_menu_social_links_color":"","ocean_menu_social_hover_links_color":"","ocean_disable_title":"default","ocean_disable_heading":"default","ocean_post_title":"","ocean_post_subheading":"","ocean_post_title_style":"","ocean_post_title_background_color":"","ocean_post_title_background":0,"ocean_post_title_bg_image_position":"","ocean_post_title_bg_image_attachment":"","ocean_post_title_bg_image_repeat":"","ocean_post_title_bg_image_size":"","ocean_post_title_height":0,"ocean_post_title_bg_overlay":0.5,"ocean_post_title_bg_overlay_color":"","ocean_disable_breadcrumbs":"default","ocean_breadcrumbs_color":"","ocean_breadcrumbs_separator_color":"","ocean_breadcrumbs_links_color":"","ocean_breadcrumbs_links_hover_color":"","ocean_display_footer_widgets":"default","ocean_display_footer_bottom":"default","ocean_custom_footer_template":"0"},"product_brand":[],"product_cat":[195,197,139,176,110],"product_tag":[],"class_list":{"0":"post-4511","1":"product","2":"type-product","3":"status-publish","4":"has-post-thumbnail","6":"product_cat-alle-lac","7":"product_cat-acsesoria-1","8":"product_cat-akcesoria","9":"product_cat-marki","10":"product_cat-paznokcie","12":"entry","13":"has-media","15":"first","16":"instock","17":"taxable","18":"shipping-taxable","19":"purchasable","20":"product-type-simple","21":"has-product-nav","22":"col","23":"span_1_of_3","24":"owp-content-center","25":"owp-thumbs-layout-horizontal","26":"owp-btn-normal","27":"owp-tabs-layout-horizontal"},"yoast_head":"<!-- This site is optimized with the Yoast SEO plugin v27.5 - https:\/\/yoast.com\/product\/yoast-seo-wordpress\/ -->\n<title>Tacka na narz\u0119dzia serce - r\u00f3\u017cowe z\u0142oto - velesnails<\/title>\n<meta name=\"robots\" content=\"index, follow, max-snippet:-1, max-image-preview:large, max-video-preview:-1\" \/>\n<link rel=\"canonical\" href=\"https:\/\/velesnails.pl\/en\/product\/tacka-na-narzedzia-serce-rozowe-zloto\/\" \/>\n<meta property=\"og:locale\" content=\"en_GB\" \/>\n<meta property=\"og:type\" content=\"article\" \/>\n<meta property=\"og:title\" content=\"Tacka na narz\u0119dzia serce - r\u00f3\u017cowe z\u0142oto - velesnails\" \/>\n<meta property=\"og:description\" content=\"Profilowana tacka na narz\u0119dzia i akcesoria do manicure,\u00a0kt\u00f3ra umo\u017cliwi Ci organizacj\u0119 oraz utrzymanie porz\u0105dku na stanowisku pracy w salonie. Produkt r\u00f3wnie\u017c sprawdzi si\u0119 jako elegancki dodatek, jak r\u00f3wnie\u017c tacka do dezynfekcji narz\u0119dzi.\u00a0Jej wykonanie sprawia, \u017ce mo\u017cna j\u0105 \u0142atwo czy\u015bci\u0107 oraz dezynfekowa\u0107. Produkt wykonany jest\u00a0ze stali nierdzewnej, dzi\u0119ki temu jest trwa\u0142y i odporny na korozj\u0119. &nbsp; [&hellip;]\" \/>\n<meta property=\"og:url\" content=\"https:\/\/velesnails.pl\/en\/product\/tacka-na-narzedzia-serce-rozowe-zloto\/\" \/>\n<meta property=\"og:site_name\" content=\"velesnails\" \/>\n<meta property=\"article:modified_time\" content=\"2026-01-18T08:55:57+00:00\" \/>\n<meta property=\"og:image\" content=\"https:\/\/velesnails.pl\/wp-content\/uploads\/2024\/09\/\u0417\u043d\u0456\u043c\u043e\u043a-\u0435\u043a\u0440\u0430\u043d\u0430-2024-09-17-134710.jpg\" \/>\n\t<meta property=\"og:image:width\" content=\"493\" \/>\n\t<meta property=\"og:image:height\" content=\"500\" \/>\n\t<meta property=\"og:image:type\" content=\"image\/jpeg\" \/>\n<meta name=\"twitter:card\" content=\"summary_large_image\" \/>\n<meta name=\"twitter:label1\" content=\"Estimated reading time\" \/>\n\t<meta name=\"twitter:data1\" content=\"1 minute\" \/>\n<script type=\"application\/ld+json\" class=\"yoast-schema-graph\">{\"@context\":\"https:\\\/\\\/schema.org\",\"@graph\":[{\"@type\":\"WebPage\",\"@id\":\"https:\\\/\\\/velesnails.pl\\\/product\\\/tacka-na-narzedzia-serce-rozowe-zloto\\\/\",\"url\":\"https:\\\/\\\/velesnails.pl\\\/product\\\/tacka-na-narzedzia-serce-rozowe-zloto\\\/\",\"name\":\"Tacka na narz\u0119dzia serce - r\u00f3\u017cowe z\u0142oto - velesnails\",\"isPartOf\":{\"@id\":\"https:\\\/\\\/velesnails.pl\\\/#website\"},\"primaryImageOfPage\":{\"@id\":\"https:\\\/\\\/velesnails.pl\\\/product\\\/tacka-na-narzedzia-serce-rozowe-zloto\\\/#primaryimage\"},\"image\":{\"@id\":\"https:\\\/\\\/velesnails.pl\\\/product\\\/tacka-na-narzedzia-serce-rozowe-zloto\\\/#primaryimage\"},\"thumbnailUrl\":\"https:\\\/\\\/i0.wp.com\\\/velesnails.pl\\\/wp-content\\\/uploads\\\/2024\\\/09\\\/%D0%97%D0%BD%D1%96%D0%BC%D0%BE%D0%BA-%D0%B5%D0%BA%D1%80%D0%B0%D0%BD%D0%B0-2024-09-17-134710.jpg?fit=493%2C500&ssl=1\",\"datePublished\":\"2024-09-17T11:45:45+00:00\",\"dateModified\":\"2026-01-18T08:55:57+00:00\",\"breadcrumb\":{\"@id\":\"https:\\\/\\\/velesnails.pl\\\/product\\\/tacka-na-narzedzia-serce-rozowe-zloto\\\/#breadcrumb\"},\"inLanguage\":\"en-GB\",\"potentialAction\":[{\"@type\":\"ReadAction\",\"target\":[\"https:\\\/\\\/velesnails.pl\\\/product\\\/tacka-na-narzedzia-serce-rozowe-zloto\\\/\"]}]},{\"@type\":\"ImageObject\",\"inLanguage\":\"en-GB\",\"@id\":\"https:\\\/\\\/velesnails.pl\\\/product\\\/tacka-na-narzedzia-serce-rozowe-zloto\\\/#primaryimage\",\"url\":\"https:\\\/\\\/i0.wp.com\\\/velesnails.pl\\\/wp-content\\\/uploads\\\/2024\\\/09\\\/%D0%97%D0%BD%D1%96%D0%BC%D0%BE%D0%BA-%D0%B5%D0%BA%D1%80%D0%B0%D0%BD%D0%B0-2024-09-17-134710.jpg?fit=493%2C500&ssl=1\",\"contentUrl\":\"https:\\\/\\\/i0.wp.com\\\/velesnails.pl\\\/wp-content\\\/uploads\\\/2024\\\/09\\\/%D0%97%D0%BD%D1%96%D0%BC%D0%BE%D0%BA-%D0%B5%D0%BA%D1%80%D0%B0%D0%BD%D0%B0-2024-09-17-134710.jpg?fit=493%2C500&ssl=1\",\"width\":493,\"height\":500},{\"@type\":\"BreadcrumbList\",\"@id\":\"https:\\\/\\\/velesnails.pl\\\/product\\\/tacka-na-narzedzia-serce-rozowe-zloto\\\/#breadcrumb\",\"itemListElement\":[{\"@type\":\"ListItem\",\"position\":1,\"name\":\"\u0413\u043e\u043b\u043e\u0432\u043d\u0430\",\"item\":\"https:\\\/\\\/velesnails.pl\\\/\"},{\"@type\":\"ListItem\",\"position\":2,\"name\":\"Sklep\",\"item\":\"https:\\\/\\\/velesnails.pl\\\/shop\\\/\"},{\"@type\":\"ListItem\",\"position\":3,\"name\":\"Tacka na narz\u0119dzia serce &#8211; r\u00f3\u017cowe z\u0142oto\"}]},{\"@type\":\"WebSite\",\"@id\":\"https:\\\/\\\/velesnails.pl\\\/#website\",\"url\":\"https:\\\/\\\/velesnails.pl\\\/\",\"name\":\"velesnails\",\"description\":\"Sklep z manicure\",\"publisher\":{\"@id\":\"https:\\\/\\\/velesnails.pl\\\/#organization\"},\"potentialAction\":[{\"@type\":\"SearchAction\",\"target\":{\"@type\":\"EntryPoint\",\"urlTemplate\":\"https:\\\/\\\/velesnails.pl\\\/?s={search_term_string}\"},\"query-input\":{\"@type\":\"PropertyValueSpecification\",\"valueRequired\":true,\"valueName\":\"search_term_string\"}}],\"inLanguage\":\"en-GB\"},{\"@type\":\"Organization\",\"@id\":\"https:\\\/\\\/velesnails.pl\\\/#organization\",\"name\":\"velesnails\",\"url\":\"https:\\\/\\\/velesnails.pl\\\/\",\"logo\":{\"@type\":\"ImageObject\",\"inLanguage\":\"en-GB\",\"@id\":\"https:\\\/\\\/velesnails.pl\\\/#\\\/schema\\\/logo\\\/image\\\/\",\"url\":\"https:\\\/\\\/i0.wp.com\\\/velesnails.pl\\\/wp-content\\\/uploads\\\/2025\\\/10\\\/cropped-obraz_viber_2025-10-22_13-55-55-969.jpg?fit=485%2C381&ssl=1\",\"contentUrl\":\"https:\\\/\\\/i0.wp.com\\\/velesnails.pl\\\/wp-content\\\/uploads\\\/2025\\\/10\\\/cropped-obraz_viber_2025-10-22_13-55-55-969.jpg?fit=485%2C381&ssl=1\",\"width\":485,\"height\":381,\"caption\":\"velesnails\"},\"image\":{\"@id\":\"https:\\\/\\\/velesnails.pl\\\/#\\\/schema\\\/logo\\\/image\\\/\"}}]}<\/script>\n<!-- \/ Yoast SEO plugin. -->","yoast_head_json":{"title":"Tacka na narz\u0119dzia serce - r\u00f3\u017cowe z\u0142oto - velesnails","robots":{"index":"index","follow":"follow","max-snippet":"max-snippet:-1","max-image-preview":"max-image-preview:large","max-video-preview":"max-video-preview:-1"},"canonical":"https:\/\/velesnails.pl\/en\/product\/tacka-na-narzedzia-serce-rozowe-zloto\/","og_locale":"en_GB","og_type":"article","og_title":"Tacka na narz\u0119dzia serce - r\u00f3\u017cowe z\u0142oto - velesnails","og_description":"Profilowana tacka na narz\u0119dzia i akcesoria do manicure,\u00a0kt\u00f3ra umo\u017cliwi Ci organizacj\u0119 oraz utrzymanie porz\u0105dku na stanowisku pracy w salonie. Produkt r\u00f3wnie\u017c sprawdzi si\u0119 jako elegancki dodatek, jak r\u00f3wnie\u017c tacka do dezynfekcji narz\u0119dzi.\u00a0Jej wykonanie sprawia, \u017ce mo\u017cna j\u0105 \u0142atwo czy\u015bci\u0107 oraz dezynfekowa\u0107. Produkt wykonany jest\u00a0ze stali nierdzewnej, dzi\u0119ki temu jest trwa\u0142y i odporny na korozj\u0119. &nbsp; [&hellip;]","og_url":"https:\/\/velesnails.pl\/en\/product\/tacka-na-narzedzia-serce-rozowe-zloto\/","og_site_name":"velesnails","article_modified_time":"2026-01-18T08:55:57+00:00","og_image":[{"width":493,"height":500,"url":"https:\/\/velesnails.pl\/wp-content\/uploads\/2024\/09\/\u0417\u043d\u0456\u043c\u043e\u043a-\u0435\u043a\u0440\u0430\u043d\u0430-2024-09-17-134710.jpg","type":"image\/jpeg"}],"twitter_card":"summary_large_image","twitter_misc":{"Estimated reading time":"1 minute"},"schema":{"@context":"https:\/\/schema.org","@graph":[{"@type":"WebPage","@id":"https:\/\/velesnails.pl\/product\/tacka-na-narzedzia-serce-rozowe-zloto\/","url":"https:\/\/velesnails.pl\/product\/tacka-na-narzedzia-serce-rozowe-zloto\/","name":"Tacka na narz\u0119dzia serce - r\u00f3\u017cowe z\u0142oto - velesnails","isPartOf":{"@id":"https:\/\/velesnails.pl\/#website"},"primaryImageOfPage":{"@id":"https:\/\/velesnails.pl\/product\/tacka-na-narzedzia-serce-rozowe-zloto\/#primaryimage"},"image":{"@id":"https:\/\/velesnails.pl\/product\/tacka-na-narzedzia-serce-rozowe-zloto\/#primaryimage"},"thumbnailUrl":"https:\/\/i0.wp.com\/velesnails.pl\/wp-content\/uploads\/2024\/09\/%D0%97%D0%BD%D1%96%D0%BC%D0%BE%D0%BA-%D0%B5%D0%BA%D1%80%D0%B0%D0%BD%D0%B0-2024-09-17-134710.jpg?fit=493%2C500&ssl=1","datePublished":"2024-09-17T11:45:45+00:00","dateModified":"2026-01-18T08:55:57+00:00","breadcrumb":{"@id":"https:\/\/velesnails.pl\/product\/tacka-na-narzedzia-serce-rozowe-zloto\/#breadcrumb"},"inLanguage":"en-GB","potentialAction":[{"@type":"ReadAction","target":["https:\/\/velesnails.pl\/product\/tacka-na-narzedzia-serce-rozowe-zloto\/"]}]},{"@type":"ImageObject","inLanguage":"en-GB","@id":"https:\/\/velesnails.pl\/product\/tacka-na-narzedzia-serce-rozowe-zloto\/#primaryimage","url":"https:\/\/i0.wp.com\/velesnails.pl\/wp-content\/uploads\/2024\/09\/%D0%97%D0%BD%D1%96%D0%BC%D0%BE%D0%BA-%D0%B5%D0%BA%D1%80%D0%B0%D0%BD%D0%B0-2024-09-17-134710.jpg?fit=493%2C500&ssl=1","contentUrl":"https:\/\/i0.wp.com\/velesnails.pl\/wp-content\/uploads\/2024\/09\/%D0%97%D0%BD%D1%96%D0%BC%D0%BE%D0%BA-%D0%B5%D0%BA%D1%80%D0%B0%D0%BD%D0%B0-2024-09-17-134710.jpg?fit=493%2C500&ssl=1","width":493,"height":500},{"@type":"BreadcrumbList","@id":"https:\/\/velesnails.pl\/product\/tacka-na-narzedzia-serce-rozowe-zloto\/#breadcrumb","itemListElement":[{"@type":"ListItem","position":1,"name":"\u0413\u043e\u043b\u043e\u0432\u043d\u0430","item":"https:\/\/velesnails.pl\/"},{"@type":"ListItem","position":2,"name":"Sklep","item":"https:\/\/velesnails.pl\/shop\/"},{"@type":"ListItem","position":3,"name":"Tacka na narz\u0119dzia serce &#8211; r\u00f3\u017cowe z\u0142oto"}]},{"@type":"WebSite","@id":"https:\/\/velesnails.pl\/#website","url":"https:\/\/velesnails.pl\/","name":"velesnails","description":"Manicure shop","publisher":{"@id":"https:\/\/velesnails.pl\/#organization"},"potentialAction":[{"@type":"SearchAction","target":{"@type":"EntryPoint","urlTemplate":"https:\/\/velesnails.pl\/?s={search_term_string}"},"query-input":{"@type":"PropertyValueSpecification","valueRequired":true,"valueName":"search_term_string"}}],"inLanguage":"en-GB"},{"@type":"Organization","@id":"https:\/\/velesnails.pl\/#organization","name":"velesnails","url":"https:\/\/velesnails.pl\/","logo":{"@type":"ImageObject","inLanguage":"en-GB","@id":"https:\/\/velesnails.pl\/#\/schema\/logo\/image\/","url":"https:\/\/i0.wp.com\/velesnails.pl\/wp-content\/uploads\/2025\/10\/cropped-obraz_viber_2025-10-22_13-55-55-969.jpg?fit=485%2C381&ssl=1","contentUrl":"https:\/\/i0.wp.com\/velesnails.pl\/wp-content\/uploads\/2025\/10\/cropped-obraz_viber_2025-10-22_13-55-55-969.jpg?fit=485%2C381&ssl=1","width":485,"height":381,"caption":"velesnails"},"image":{"@id":"https:\/\/velesnails.pl\/#\/schema\/logo\/image\/"}}]}},"_links":{"self":[{"href":"https:\/\/velesnails.pl\/en\/wp-json\/wp\/v2\/product\/4511","targetHints":{"allow":["GET"]}}],"collection":[{"href":"https:\/\/velesnails.pl\/en\/wp-json\/wp\/v2\/product"}],"about":[{"href":"https:\/\/velesnails.pl\/en\/wp-json\/wp\/v2\/types\/product"}],"replies":[{"embeddable":true,"href":"https:\/\/velesnails.pl\/en\/wp-json\/wp\/v2\/comments?post=4511"}],"wp:featuredmedia":[{"embeddable":true,"href":"https:\/\/velesnails.pl\/en\/wp-json\/wp\/v2\/media\/4512"}],"wp:attachment":[{"href":"https:\/\/velesnails.pl\/en\/wp-json\/wp\/v2\/media?parent=4511"}],"wp:term":[{"taxonomy":"product_brand","embeddable":true,"href":"https:\/\/velesnails.pl\/en\/wp-json\/wp\/v2\/product_brand?post=4511"},{"taxonomy":"product_cat","embeddable":true,"href":"https:\/\/velesnails.pl\/en\/wp-json\/wp\/v2\/product_cat?post=4511"},{"taxonomy":"product_tag","embeddable":true,"href":"https:\/\/velesnails.pl\/en\/wp-json\/wp\/v2\/product_tag?post=4511"}],"curies":[{"name":"wp","href":"https:\/\/api.w.org\/{rel}","templated":true}]}}