{"id":4098,"date":"2024-08-26T13:41:53","date_gmt":"2024-08-26T10:41:53","guid":{"rendered":"https:\/\/velesnails.pl\/?post_type=product&#038;p=4098"},"modified":"2024-09-10T13:15:15","modified_gmt":"2024-09-10T10:15:15","slug":"preparat-do-skorek-65-ml-super-fast-cuticle-remover-gel","status":"publish","type":"product","link":"https:\/\/velesnails.pl\/en\/product\/preparat-do-skorek-65-ml-super-fast-cuticle-remover-gel\/","title":{"rendered":"Preparat do sk\u00f3rek 6,5 ml &#8211; Super Fast Cuticle Remover Gel"},"content":{"rendered":"<h2 class=\"h1 single-product__box-title\">Preparat do sk\u00f3rek 6,5 ml &#8211; Super Fast Cuticle Remover Gel<\/h2>\n<div class=\"product-textcontent\">\n<p><strong>Super Fast Cuticle Remover Gel\u00a0<\/strong>to\u00a0<strong>preparat do sk\u00f3rek<\/strong>\u00a0<strong>o transparentnym odcieniu<\/strong>. Nale\u017cy do linii piel\u0119gnacyjnej\u00a0<strong>NEONAIL Treatment<\/strong>. Produkt\u00a0<strong>zmi\u0119kcza i\u00a0usuwa suche, stwardnia\u0142e sk\u00f3rki wok\u00f3\u0142 paznokci w\u00a0szybkim czasie<\/strong>. Preparat\u00a0<strong>zawiera skuteczne sk\u0142adniki<\/strong>, kt\u00f3rych dzia\u0142anie potwierdzi\u0142o niezale\u017cne laboratorium w\u00a0trakcie bada\u0144 aplikacyjnych.<\/p>\n<p>Zosta\u0142 on stworzony\u00a0<strong>dla os\u00f3b,<\/strong>\u00a0<strong>kt\u00f3re chc\u0105 w\u00a0prosty i\u00a0szybki spos\u00f3b odsun\u0105\u0107 sk\u00f3rki z\u00a0wa\u0142\u00f3w oko\u0142opaznokciowych oraz\u00a0z\u0142uszczy\u0107 lub\/i usun\u0105\u0107 niechciane b\u0142onki narastaj\u0105ce na\u00a0paznokie\u0107<\/strong>. Aby zauwa\u017cy\u0107 dzia\u0142anie preparatu, na\u0142\u00f3\u017c go na\u00a0sk\u00f3rki na\u00a0ok. 10 sekund. U\u017cywaj\u0105c kopytka lub\u00a0drewnianego patyczka, usu\u0144 zb\u0119dny nab\u0142onek. Na koniec umyj r\u0119ce ciep\u0142\u0105 wod\u0105 z\u00a0myd\u0142em.<\/p>\n<p>Preparat jest ca\u0142kowicie wega\u0144ski \u2013 nie ma w\u00a0nim sk\u0142adnik\u00f3w pochodzenia zwierz\u0119cego. Uzyska\u0142\u00a0certyfikat PETA\u00a0oraz\u00a0Vegan Friendly.<\/p>\n<p>Produkt jest zamkni\u0119ty w\u00a0szronionej, szklanej butelce o\u00a0pojemno\u015bci 6,5 ml. Do preparatu do\u0142\u0105czono r\u00f3wnie\u017c drewniany patyczek, cleaner oraz\u00a0metalowe kopytko.<\/p>\n<p>&nbsp;<\/p>\n<\/div>","protected":false},"excerpt":{"rendered":"<p>Preparat do sk\u00f3rek 6,5 ml &#8211; Super Fast Cuticle Remover Gel Super Fast Cuticle Remover Gel\u00a0to\u00a0preparat do sk\u00f3rek\u00a0o transparentnym odcieniu. Nale\u017cy do linii piel\u0119gnacyjnej\u00a0NEONAIL Treatment. Produkt\u00a0zmi\u0119kcza i\u00a0usuwa suche, stwardnia\u0142e sk\u00f3rki wok\u00f3\u0142 paznokci w\u00a0szybkim czasie. Preparat\u00a0zawiera skuteczne sk\u0142adniki, kt\u00f3rych dzia\u0142anie potwierdzi\u0142o niezale\u017cne laboratorium w\u00a0trakcie bada\u0144 aplikacyjnych. Zosta\u0142 on stworzony\u00a0dla os\u00f3b,\u00a0kt\u00f3re chc\u0105 w\u00a0prosty i\u00a0szybki spos\u00f3b odsun\u0105\u0107 sk\u00f3rki [&hellip;]<\/p>\n","protected":false},"featured_media":4099,"comment_status":"open","ping_status":"closed","template":"","meta":{"om_disable_all_campaigns":false,"ocean_post_layout":"","ocean_both_sidebars_style":"","ocean_both_sidebars_content_width":0,"ocean_both_sidebars_sidebars_width":0,"ocean_sidebar":"0","ocean_second_sidebar":"0","ocean_disable_margins":"enable","ocean_add_body_class":"","ocean_shortcode_before_top_bar":"","ocean_shortcode_after_top_bar":"","ocean_shortcode_before_header":"","ocean_shortcode_after_header":"","ocean_has_shortcode":"","ocean_shortcode_after_title":"","ocean_shortcode_before_footer_widgets":"","ocean_shortcode_after_footer_widgets":"","ocean_shortcode_before_footer_bottom":"","ocean_shortcode_after_footer_bottom":"","ocean_display_top_bar":"default","ocean_display_header":"default","ocean_header_style":"","ocean_center_header_left_menu":"0","ocean_custom_header_template":"0","ocean_custom_logo":0,"ocean_custom_retina_logo":0,"ocean_custom_logo_max_width":0,"ocean_custom_logo_tablet_max_width":0,"ocean_custom_logo_mobile_max_width":0,"ocean_custom_logo_max_height":0,"ocean_custom_logo_tablet_max_height":0,"ocean_custom_logo_mobile_max_height":0,"ocean_header_custom_menu":"0","ocean_menu_typo_font_family":"0","ocean_menu_typo_font_subset":"","ocean_menu_typo_font_size":0,"ocean_menu_typo_font_size_tablet":0,"ocean_menu_typo_font_size_mobile":0,"ocean_menu_typo_font_size_unit":"px","ocean_menu_typo_font_weight":"","ocean_menu_typo_font_weight_tablet":"","ocean_menu_typo_font_weight_mobile":"","ocean_menu_typo_transform":"","ocean_menu_typo_transform_tablet":"","ocean_menu_typo_transform_mobile":"","ocean_menu_typo_line_height":0,"ocean_menu_typo_line_height_tablet":0,"ocean_menu_typo_line_height_mobile":0,"ocean_menu_typo_line_height_unit":"","ocean_menu_typo_spacing":0,"ocean_menu_typo_spacing_tablet":0,"ocean_menu_typo_spacing_mobile":0,"ocean_menu_typo_spacing_unit":"","ocean_menu_link_color":"","ocean_menu_link_color_hover":"","ocean_menu_link_color_active":"","ocean_menu_link_background":"","ocean_menu_link_hover_background":"","ocean_menu_link_active_background":"","ocean_menu_social_links_bg":"","ocean_menu_social_hover_links_bg":"","ocean_menu_social_links_color":"","ocean_menu_social_hover_links_color":"","ocean_disable_title":"default","ocean_disable_heading":"default","ocean_post_title":"","ocean_post_subheading":"","ocean_post_title_style":"","ocean_post_title_background_color":"","ocean_post_title_background":0,"ocean_post_title_bg_image_position":"","ocean_post_title_bg_image_attachment":"","ocean_post_title_bg_image_repeat":"","ocean_post_title_bg_image_size":"","ocean_post_title_height":0,"ocean_post_title_bg_overlay":0.5,"ocean_post_title_bg_overlay_color":"","ocean_disable_breadcrumbs":"default","ocean_breadcrumbs_color":"","ocean_breadcrumbs_separator_color":"","ocean_breadcrumbs_links_color":"","ocean_breadcrumbs_links_hover_color":"","ocean_display_footer_widgets":"default","ocean_display_footer_bottom":"default","ocean_custom_footer_template":"0"},"product_brand":[],"product_cat":[176,193,110,132,138],"product_tag":[],"class_list":{"0":"post-4098","1":"product","2":"type-product","3":"status-publish","4":"has-post-thumbnail","6":"product_cat-marki","7":"product_cat-neonails-1","8":"product_cat-paznokcie","9":"product_cat-plyny-i-preparaty","10":"product_cat-prepsraty-do-usuwania-skorek","12":"entry","13":"has-media","15":"first","16":"outofstock","17":"taxable","18":"shipping-taxable","19":"purchasable","20":"product-type-simple","21":"has-product-nav","22":"col","23":"span_1_of_3","24":"owp-content-center","25":"owp-thumbs-layout-horizontal","26":"owp-btn-normal","27":"owp-tabs-layout-horizontal"},"yoast_head":"<!-- This site is optimized with the Yoast SEO plugin v27.3 - https:\/\/yoast.com\/product\/yoast-seo-wordpress\/ -->\n<title>Preparat do sk\u00f3rek 6,5 ml - Super Fast Cuticle Remover Gel - velesnails<\/title>\n<meta name=\"robots\" content=\"index, follow, max-snippet:-1, max-image-preview:large, max-video-preview:-1\" \/>\n<link rel=\"canonical\" href=\"https:\/\/velesnails.pl\/en\/product\/preparat-do-skorek-65-ml-super-fast-cuticle-remover-gel\/\" \/>\n<meta property=\"og:locale\" content=\"en_GB\" \/>\n<meta property=\"og:type\" content=\"article\" \/>\n<meta property=\"og:title\" content=\"Preparat do sk\u00f3rek 6,5 ml - Super Fast Cuticle Remover Gel - velesnails\" \/>\n<meta property=\"og:description\" content=\"Preparat do sk\u00f3rek 6,5 ml &#8211; Super Fast Cuticle Remover Gel Super Fast Cuticle Remover Gel\u00a0to\u00a0preparat do sk\u00f3rek\u00a0o transparentnym odcieniu. Nale\u017cy do linii piel\u0119gnacyjnej\u00a0NEONAIL Treatment. Produkt\u00a0zmi\u0119kcza i\u00a0usuwa suche, stwardnia\u0142e sk\u00f3rki wok\u00f3\u0142 paznokci w\u00a0szybkim czasie. Preparat\u00a0zawiera skuteczne sk\u0142adniki, kt\u00f3rych dzia\u0142anie potwierdzi\u0142o niezale\u017cne laboratorium w\u00a0trakcie bada\u0144 aplikacyjnych. Zosta\u0142 on stworzony\u00a0dla os\u00f3b,\u00a0kt\u00f3re chc\u0105 w\u00a0prosty i\u00a0szybki spos\u00f3b odsun\u0105\u0107 sk\u00f3rki [&hellip;]\" \/>\n<meta property=\"og:url\" content=\"https:\/\/velesnails.pl\/en\/product\/preparat-do-skorek-65-ml-super-fast-cuticle-remover-gel\/\" \/>\n<meta property=\"og:site_name\" content=\"velesnails\" \/>\n<meta property=\"article:modified_time\" content=\"2024-09-10T10:15:15+00:00\" \/>\n<meta property=\"og:image\" content=\"https:\/\/i0.wp.com\/velesnails.pl\/wp-content\/uploads\/2024\/08\/%D0%97%D0%BD%D1%96%D0%BC%D0%BE%D0%BA-%D0%B5%D0%BA%D1%80%D0%B0%D0%BD%D0%B0-2024-08-26-124420.png?fit=889%2C890&ssl=1\" \/>\n\t<meta property=\"og:image:width\" content=\"889\" \/>\n\t<meta property=\"og:image:height\" content=\"890\" \/>\n\t<meta property=\"og:image:type\" content=\"image\/png\" \/>\n<meta name=\"twitter:card\" content=\"summary_large_image\" \/>\n<meta name=\"twitter:label1\" content=\"Estimated reading time\" \/>\n\t<meta name=\"twitter:data1\" content=\"1 minute\" \/>\n<script type=\"application\/ld+json\" class=\"yoast-schema-graph\">{\"@context\":\"https:\\\/\\\/schema.org\",\"@graph\":[{\"@type\":\"WebPage\",\"@id\":\"https:\\\/\\\/velesnails.pl\\\/product\\\/preparat-do-skorek-65-ml-super-fast-cuticle-remover-gel\\\/\",\"url\":\"https:\\\/\\\/velesnails.pl\\\/product\\\/preparat-do-skorek-65-ml-super-fast-cuticle-remover-gel\\\/\",\"name\":\"Preparat do sk\u00f3rek 6,5 ml - Super Fast Cuticle Remover Gel - velesnails\",\"isPartOf\":{\"@id\":\"https:\\\/\\\/velesnails.pl\\\/#website\"},\"primaryImageOfPage\":{\"@id\":\"https:\\\/\\\/velesnails.pl\\\/product\\\/preparat-do-skorek-65-ml-super-fast-cuticle-remover-gel\\\/#primaryimage\"},\"image\":{\"@id\":\"https:\\\/\\\/velesnails.pl\\\/product\\\/preparat-do-skorek-65-ml-super-fast-cuticle-remover-gel\\\/#primaryimage\"},\"thumbnailUrl\":\"https:\\\/\\\/i0.wp.com\\\/velesnails.pl\\\/wp-content\\\/uploads\\\/2024\\\/08\\\/%D0%97%D0%BD%D1%96%D0%BC%D0%BE%D0%BA-%D0%B5%D0%BA%D1%80%D0%B0%D0%BD%D0%B0-2024-08-26-124420.png?fit=889%2C890&ssl=1\",\"datePublished\":\"2024-08-26T10:41:53+00:00\",\"dateModified\":\"2024-09-10T10:15:15+00:00\",\"breadcrumb\":{\"@id\":\"https:\\\/\\\/velesnails.pl\\\/product\\\/preparat-do-skorek-65-ml-super-fast-cuticle-remover-gel\\\/#breadcrumb\"},\"inLanguage\":\"en-GB\",\"potentialAction\":[{\"@type\":\"ReadAction\",\"target\":[\"https:\\\/\\\/velesnails.pl\\\/product\\\/preparat-do-skorek-65-ml-super-fast-cuticle-remover-gel\\\/\"]}]},{\"@type\":\"ImageObject\",\"inLanguage\":\"en-GB\",\"@id\":\"https:\\\/\\\/velesnails.pl\\\/product\\\/preparat-do-skorek-65-ml-super-fast-cuticle-remover-gel\\\/#primaryimage\",\"url\":\"https:\\\/\\\/i0.wp.com\\\/velesnails.pl\\\/wp-content\\\/uploads\\\/2024\\\/08\\\/%D0%97%D0%BD%D1%96%D0%BC%D0%BE%D0%BA-%D0%B5%D0%BA%D1%80%D0%B0%D0%BD%D0%B0-2024-08-26-124420.png?fit=889%2C890&ssl=1\",\"contentUrl\":\"https:\\\/\\\/i0.wp.com\\\/velesnails.pl\\\/wp-content\\\/uploads\\\/2024\\\/08\\\/%D0%97%D0%BD%D1%96%D0%BC%D0%BE%D0%BA-%D0%B5%D0%BA%D1%80%D0%B0%D0%BD%D0%B0-2024-08-26-124420.png?fit=889%2C890&ssl=1\",\"width\":889,\"height\":890},{\"@type\":\"BreadcrumbList\",\"@id\":\"https:\\\/\\\/velesnails.pl\\\/product\\\/preparat-do-skorek-65-ml-super-fast-cuticle-remover-gel\\\/#breadcrumb\",\"itemListElement\":[{\"@type\":\"ListItem\",\"position\":1,\"name\":\"\u0413\u043e\u043b\u043e\u0432\u043d\u0430\",\"item\":\"https:\\\/\\\/velesnails.pl\\\/\"},{\"@type\":\"ListItem\",\"position\":2,\"name\":\"Sklep\",\"item\":\"https:\\\/\\\/velesnails.pl\\\/shop\\\/\"},{\"@type\":\"ListItem\",\"position\":3,\"name\":\"Preparat do sk\u00f3rek 6,5 ml &#8211; Super Fast Cuticle Remover Gel\"}]},{\"@type\":\"WebSite\",\"@id\":\"https:\\\/\\\/velesnails.pl\\\/#website\",\"url\":\"https:\\\/\\\/velesnails.pl\\\/\",\"name\":\"velesnails\",\"description\":\"Sklep z manicure\",\"publisher\":{\"@id\":\"https:\\\/\\\/velesnails.pl\\\/#organization\"},\"potentialAction\":[{\"@type\":\"SearchAction\",\"target\":{\"@type\":\"EntryPoint\",\"urlTemplate\":\"https:\\\/\\\/velesnails.pl\\\/?s={search_term_string}\"},\"query-input\":{\"@type\":\"PropertyValueSpecification\",\"valueRequired\":true,\"valueName\":\"search_term_string\"}}],\"inLanguage\":\"en-GB\"},{\"@type\":\"Organization\",\"@id\":\"https:\\\/\\\/velesnails.pl\\\/#organization\",\"name\":\"velesnails\",\"url\":\"https:\\\/\\\/velesnails.pl\\\/\",\"logo\":{\"@type\":\"ImageObject\",\"inLanguage\":\"en-GB\",\"@id\":\"https:\\\/\\\/velesnails.pl\\\/#\\\/schema\\\/logo\\\/image\\\/\",\"url\":\"https:\\\/\\\/i0.wp.com\\\/velesnails.pl\\\/wp-content\\\/uploads\\\/2025\\\/10\\\/cropped-obraz_viber_2025-10-22_13-55-55-969.jpg?fit=485%2C381&ssl=1\",\"contentUrl\":\"https:\\\/\\\/i0.wp.com\\\/velesnails.pl\\\/wp-content\\\/uploads\\\/2025\\\/10\\\/cropped-obraz_viber_2025-10-22_13-55-55-969.jpg?fit=485%2C381&ssl=1\",\"width\":485,\"height\":381,\"caption\":\"velesnails\"},\"image\":{\"@id\":\"https:\\\/\\\/velesnails.pl\\\/#\\\/schema\\\/logo\\\/image\\\/\"}}]}<\/script>\n<!-- \/ Yoast SEO plugin. -->","yoast_head_json":{"title":"Preparat do sk\u00f3rek 6,5 ml - Super Fast Cuticle Remover Gel - velesnails","robots":{"index":"index","follow":"follow","max-snippet":"max-snippet:-1","max-image-preview":"max-image-preview:large","max-video-preview":"max-video-preview:-1"},"canonical":"https:\/\/velesnails.pl\/en\/product\/preparat-do-skorek-65-ml-super-fast-cuticle-remover-gel\/","og_locale":"en_GB","og_type":"article","og_title":"Preparat do sk\u00f3rek 6,5 ml - Super Fast Cuticle Remover Gel - velesnails","og_description":"Preparat do sk\u00f3rek 6,5 ml &#8211; Super Fast Cuticle Remover Gel Super Fast Cuticle Remover Gel\u00a0to\u00a0preparat do sk\u00f3rek\u00a0o transparentnym odcieniu. Nale\u017cy do linii piel\u0119gnacyjnej\u00a0NEONAIL Treatment. Produkt\u00a0zmi\u0119kcza i\u00a0usuwa suche, stwardnia\u0142e sk\u00f3rki wok\u00f3\u0142 paznokci w\u00a0szybkim czasie. Preparat\u00a0zawiera skuteczne sk\u0142adniki, kt\u00f3rych dzia\u0142anie potwierdzi\u0142o niezale\u017cne laboratorium w\u00a0trakcie bada\u0144 aplikacyjnych. Zosta\u0142 on stworzony\u00a0dla os\u00f3b,\u00a0kt\u00f3re chc\u0105 w\u00a0prosty i\u00a0szybki spos\u00f3b odsun\u0105\u0107 sk\u00f3rki [&hellip;]","og_url":"https:\/\/velesnails.pl\/en\/product\/preparat-do-skorek-65-ml-super-fast-cuticle-remover-gel\/","og_site_name":"velesnails","article_modified_time":"2024-09-10T10:15:15+00:00","og_image":[{"width":889,"height":890,"url":"https:\/\/i0.wp.com\/velesnails.pl\/wp-content\/uploads\/2024\/08\/%D0%97%D0%BD%D1%96%D0%BC%D0%BE%D0%BA-%D0%B5%D0%BA%D1%80%D0%B0%D0%BD%D0%B0-2024-08-26-124420.png?fit=889%2C890&ssl=1","type":"image\/png"}],"twitter_card":"summary_large_image","twitter_misc":{"Estimated reading time":"1 minute"},"schema":{"@context":"https:\/\/schema.org","@graph":[{"@type":"WebPage","@id":"https:\/\/velesnails.pl\/product\/preparat-do-skorek-65-ml-super-fast-cuticle-remover-gel\/","url":"https:\/\/velesnails.pl\/product\/preparat-do-skorek-65-ml-super-fast-cuticle-remover-gel\/","name":"Preparat do sk\u00f3rek 6,5 ml - Super Fast Cuticle Remover Gel - velesnails","isPartOf":{"@id":"https:\/\/velesnails.pl\/#website"},"primaryImageOfPage":{"@id":"https:\/\/velesnails.pl\/product\/preparat-do-skorek-65-ml-super-fast-cuticle-remover-gel\/#primaryimage"},"image":{"@id":"https:\/\/velesnails.pl\/product\/preparat-do-skorek-65-ml-super-fast-cuticle-remover-gel\/#primaryimage"},"thumbnailUrl":"https:\/\/i0.wp.com\/velesnails.pl\/wp-content\/uploads\/2024\/08\/%D0%97%D0%BD%D1%96%D0%BC%D0%BE%D0%BA-%D0%B5%D0%BA%D1%80%D0%B0%D0%BD%D0%B0-2024-08-26-124420.png?fit=889%2C890&ssl=1","datePublished":"2024-08-26T10:41:53+00:00","dateModified":"2024-09-10T10:15:15+00:00","breadcrumb":{"@id":"https:\/\/velesnails.pl\/product\/preparat-do-skorek-65-ml-super-fast-cuticle-remover-gel\/#breadcrumb"},"inLanguage":"en-GB","potentialAction":[{"@type":"ReadAction","target":["https:\/\/velesnails.pl\/product\/preparat-do-skorek-65-ml-super-fast-cuticle-remover-gel\/"]}]},{"@type":"ImageObject","inLanguage":"en-GB","@id":"https:\/\/velesnails.pl\/product\/preparat-do-skorek-65-ml-super-fast-cuticle-remover-gel\/#primaryimage","url":"https:\/\/i0.wp.com\/velesnails.pl\/wp-content\/uploads\/2024\/08\/%D0%97%D0%BD%D1%96%D0%BC%D0%BE%D0%BA-%D0%B5%D0%BA%D1%80%D0%B0%D0%BD%D0%B0-2024-08-26-124420.png?fit=889%2C890&ssl=1","contentUrl":"https:\/\/i0.wp.com\/velesnails.pl\/wp-content\/uploads\/2024\/08\/%D0%97%D0%BD%D1%96%D0%BC%D0%BE%D0%BA-%D0%B5%D0%BA%D1%80%D0%B0%D0%BD%D0%B0-2024-08-26-124420.png?fit=889%2C890&ssl=1","width":889,"height":890},{"@type":"BreadcrumbList","@id":"https:\/\/velesnails.pl\/product\/preparat-do-skorek-65-ml-super-fast-cuticle-remover-gel\/#breadcrumb","itemListElement":[{"@type":"ListItem","position":1,"name":"\u0413\u043e\u043b\u043e\u0432\u043d\u0430","item":"https:\/\/velesnails.pl\/"},{"@type":"ListItem","position":2,"name":"Sklep","item":"https:\/\/velesnails.pl\/shop\/"},{"@type":"ListItem","position":3,"name":"Preparat do sk\u00f3rek 6,5 ml &#8211; Super Fast Cuticle Remover Gel"}]},{"@type":"WebSite","@id":"https:\/\/velesnails.pl\/#website","url":"https:\/\/velesnails.pl\/","name":"velesnails","description":"Manicure shop","publisher":{"@id":"https:\/\/velesnails.pl\/#organization"},"potentialAction":[{"@type":"SearchAction","target":{"@type":"EntryPoint","urlTemplate":"https:\/\/velesnails.pl\/?s={search_term_string}"},"query-input":{"@type":"PropertyValueSpecification","valueRequired":true,"valueName":"search_term_string"}}],"inLanguage":"en-GB"},{"@type":"Organization","@id":"https:\/\/velesnails.pl\/#organization","name":"velesnails","url":"https:\/\/velesnails.pl\/","logo":{"@type":"ImageObject","inLanguage":"en-GB","@id":"https:\/\/velesnails.pl\/#\/schema\/logo\/image\/","url":"https:\/\/i0.wp.com\/velesnails.pl\/wp-content\/uploads\/2025\/10\/cropped-obraz_viber_2025-10-22_13-55-55-969.jpg?fit=485%2C381&ssl=1","contentUrl":"https:\/\/i0.wp.com\/velesnails.pl\/wp-content\/uploads\/2025\/10\/cropped-obraz_viber_2025-10-22_13-55-55-969.jpg?fit=485%2C381&ssl=1","width":485,"height":381,"caption":"velesnails"},"image":{"@id":"https:\/\/velesnails.pl\/#\/schema\/logo\/image\/"}}]}},"_links":{"self":[{"href":"https:\/\/velesnails.pl\/en\/wp-json\/wp\/v2\/product\/4098","targetHints":{"allow":["GET"]}}],"collection":[{"href":"https:\/\/velesnails.pl\/en\/wp-json\/wp\/v2\/product"}],"about":[{"href":"https:\/\/velesnails.pl\/en\/wp-json\/wp\/v2\/types\/product"}],"replies":[{"embeddable":true,"href":"https:\/\/velesnails.pl\/en\/wp-json\/wp\/v2\/comments?post=4098"}],"wp:featuredmedia":[{"embeddable":true,"href":"https:\/\/velesnails.pl\/en\/wp-json\/wp\/v2\/media\/4099"}],"wp:attachment":[{"href":"https:\/\/velesnails.pl\/en\/wp-json\/wp\/v2\/media?parent=4098"}],"wp:term":[{"taxonomy":"product_brand","embeddable":true,"href":"https:\/\/velesnails.pl\/en\/wp-json\/wp\/v2\/product_brand?post=4098"},{"taxonomy":"product_cat","embeddable":true,"href":"https:\/\/velesnails.pl\/en\/wp-json\/wp\/v2\/product_cat?post=4098"},{"taxonomy":"product_tag","embeddable":true,"href":"https:\/\/velesnails.pl\/en\/wp-json\/wp\/v2\/product_tag?post=4098"}],"curies":[{"name":"wp","href":"https:\/\/api.w.org\/{rel}","templated":true}]}}