{"id":4070,"date":"2024-08-26T11:48:16","date_gmt":"2024-08-26T08:48:16","guid":{"rendered":"https:\/\/velesnails.pl\/?post_type=product&#038;p=4070"},"modified":"2024-11-19T18:40:37","modified_gmt":"2024-11-19T15:40:37","slug":"weganski-lakier-klasyczny-72-ml-pure-grape","status":"publish","type":"product","link":"https:\/\/velesnails.pl\/en\/product\/weganski-lakier-klasyczny-72-ml-pure-grape\/","title":{"rendered":"Wega\u0144ski lakier klasyczny 7,2 ml &#8211; pure grape"},"content":{"rendered":"<p><strong>Wega\u0144ski lakier do paznokci PLANT BASED WONDER\u00a07,2 ml &#8211; PURE GRAPE\u00a0<\/strong>\u00a0Odkryj mo\u017cliwo\u015bci, jakie daj\u0105 Ci wega\u0144skie\u00a0<strong>lakiery do paznokci<\/strong>\u00a0z\u00a0kolekcji\u00a0<strong>PLANT-BASED WONDER!\u00a0<\/strong>To nie tylko pi\u0119kne kolory \u2013 to te\u017c produkty zawieraj\u0105ce\u00a0<strong>sk\u0142adniki pochodzenia naturalnego<\/strong>! Znajdziesz w\u00a0nim mi\u0119dzy innym\u00a0<strong>magnez oraz\u00a0wap\u0144<\/strong>, kt\u00f3re piel\u0119gnuj\u0105 i\u00a0poprawiaj\u0105 kondycj\u0119 paznokci. Lubisz nosi\u0107 ciemne, kobiece barwy? Zdecydowanie si\u0119gnij po\u00a0<strong>wega\u0144ski lakier w\u00a0kolorze fioletu<\/strong>, czyli\u00a0<strong>PURE GRAPE\u00a0<\/strong>z kolekcji\u00a0<strong>PLANT-BASED WONDER.\u00a0<\/strong>Wystarcz\u0105 jedynie\u00a0<strong>dwie cienkie warstwy<\/strong>, aby uzyska\u0107 perfekcyjn\u0105 tafl\u0119 i\u00a0t<strong>rwa\u0142o\u015b\u0107 nawet do 5 dni.<\/strong>\u00a0A kiedy postanowisz zmieni\u0107 odcie\u0144 paznokci, z\u00a0\u0142atwo\u015bci\u0105 zmyjesz poprzedni\u0105 barw\u0119!<\/p>","protected":false},"excerpt":{"rendered":"<p>Wega\u0144ski lakier do paznokci PLANT BASED WONDER\u00a07,2 ml &#8211; PURE GRAPE\u00a0\u00a0Odkryj mo\u017cliwo\u015bci, jakie daj\u0105 Ci wega\u0144skie\u00a0lakiery do paznokci\u00a0z\u00a0kolekcji\u00a0PLANT-BASED WONDER!\u00a0To nie tylko pi\u0119kne kolory \u2013 to te\u017c produkty zawieraj\u0105ce\u00a0sk\u0142adniki pochodzenia naturalnego! Znajdziesz w\u00a0nim mi\u0119dzy innym\u00a0magnez oraz\u00a0wap\u0144, kt\u00f3re piel\u0119gnuj\u0105 i\u00a0poprawiaj\u0105 kondycj\u0119 paznokci. Lubisz nosi\u0107 ciemne, kobiece barwy? Zdecydowanie si\u0119gnij po\u00a0wega\u0144ski lakier w\u00a0kolorze fioletu, czyli\u00a0PURE GRAPE\u00a0z kolekcji\u00a0PLANT-BASED WONDER.\u00a0Wystarcz\u0105 [&hellip;]<\/p>\n","protected":false},"featured_media":4071,"comment_status":"closed","ping_status":"closed","template":"","meta":{"om_disable_all_campaigns":false,"ocean_post_layout":"","ocean_both_sidebars_style":"","ocean_both_sidebars_content_width":0,"ocean_both_sidebars_sidebars_width":0,"ocean_sidebar":"0","ocean_second_sidebar":"0","ocean_disable_margins":"enable","ocean_add_body_class":"","ocean_shortcode_before_top_bar":"","ocean_shortcode_after_top_bar":"","ocean_shortcode_before_header":"","ocean_shortcode_after_header":"","ocean_has_shortcode":"","ocean_shortcode_after_title":"","ocean_shortcode_before_footer_widgets":"","ocean_shortcode_after_footer_widgets":"","ocean_shortcode_before_footer_bottom":"","ocean_shortcode_after_footer_bottom":"","ocean_display_top_bar":"default","ocean_display_header":"default","ocean_header_style":"","ocean_center_header_left_menu":"0","ocean_custom_header_template":"0","ocean_custom_logo":0,"ocean_custom_retina_logo":0,"ocean_custom_logo_max_width":0,"ocean_custom_logo_tablet_max_width":0,"ocean_custom_logo_mobile_max_width":0,"ocean_custom_logo_max_height":0,"ocean_custom_logo_tablet_max_height":0,"ocean_custom_logo_mobile_max_height":0,"ocean_header_custom_menu":"0","ocean_menu_typo_font_family":"0","ocean_menu_typo_font_subset":"","ocean_menu_typo_font_size":0,"ocean_menu_typo_font_size_tablet":0,"ocean_menu_typo_font_size_mobile":0,"ocean_menu_typo_font_size_unit":"px","ocean_menu_typo_font_weight":"","ocean_menu_typo_font_weight_tablet":"","ocean_menu_typo_font_weight_mobile":"","ocean_menu_typo_transform":"","ocean_menu_typo_transform_tablet":"","ocean_menu_typo_transform_mobile":"","ocean_menu_typo_line_height":0,"ocean_menu_typo_line_height_tablet":0,"ocean_menu_typo_line_height_mobile":0,"ocean_menu_typo_line_height_unit":"","ocean_menu_typo_spacing":0,"ocean_menu_typo_spacing_tablet":0,"ocean_menu_typo_spacing_mobile":0,"ocean_menu_typo_spacing_unit":"","ocean_menu_link_color":"","ocean_menu_link_color_hover":"","ocean_menu_link_color_active":"","ocean_menu_link_background":"","ocean_menu_link_hover_background":"","ocean_menu_link_active_background":"","ocean_menu_social_links_bg":"","ocean_menu_social_hover_links_bg":"","ocean_menu_social_links_color":"","ocean_menu_social_hover_links_color":"","ocean_disable_title":"default","ocean_disable_heading":"default","ocean_post_title":"","ocean_post_subheading":"","ocean_post_title_style":"","ocean_post_title_background_color":"","ocean_post_title_background":0,"ocean_post_title_bg_image_position":"","ocean_post_title_bg_image_attachment":"","ocean_post_title_bg_image_repeat":"","ocean_post_title_bg_image_size":"","ocean_post_title_height":0,"ocean_post_title_bg_overlay":0.5,"ocean_post_title_bg_overlay_color":"","ocean_disable_breadcrumbs":"default","ocean_breadcrumbs_color":"","ocean_breadcrumbs_separator_color":"","ocean_breadcrumbs_links_color":"","ocean_breadcrumbs_links_hover_color":"","ocean_display_footer_widgets":"default","ocean_display_footer_bottom":"default","ocean_custom_footer_template":"0"},"product_brand":[],"product_cat":[124,176,193,110],"product_tag":[],"class_list":{"0":"post-4070","1":"product","2":"type-product","3":"status-publish","4":"has-post-thumbnail","6":"product_cat-lakiery-klasyczne","7":"product_cat-marki","8":"product_cat-neonails-1","9":"product_cat-paznokcie","11":"entry","12":"has-media","14":"first","15":"instock","16":"taxable","17":"shipping-taxable","18":"purchasable","19":"product-type-simple","20":"has-product-nav","21":"col","22":"span_1_of_3","23":"owp-content-center","24":"owp-thumbs-layout-horizontal","25":"owp-btn-normal","26":"owp-tabs-layout-horizontal","27":"has-no-thumbnails"},"yoast_head":"<!-- This site is optimized with the Yoast SEO plugin v27.6 - https:\/\/yoast.com\/product\/yoast-seo-wordpress\/ -->\n<title>Wega\u0144ski lakier klasyczny 7,2 ml - pure grape - velesnails<\/title>\n<meta name=\"robots\" content=\"index, follow, max-snippet:-1, max-image-preview:large, max-video-preview:-1\" \/>\n<link rel=\"canonical\" href=\"https:\/\/velesnails.pl\/en\/product\/weganski-lakier-klasyczny-72-ml-pure-grape\/\" \/>\n<meta property=\"og:locale\" content=\"en_GB\" \/>\n<meta property=\"og:type\" content=\"article\" \/>\n<meta property=\"og:title\" content=\"Wega\u0144ski lakier klasyczny 7,2 ml - pure grape - velesnails\" \/>\n<meta property=\"og:description\" content=\"Wega\u0144ski lakier do paznokci PLANT BASED WONDER\u00a07,2 ml &#8211; PURE GRAPE\u00a0\u00a0Odkryj mo\u017cliwo\u015bci, jakie daj\u0105 Ci wega\u0144skie\u00a0lakiery do paznokci\u00a0z\u00a0kolekcji\u00a0PLANT-BASED WONDER!\u00a0To nie tylko pi\u0119kne kolory \u2013 to te\u017c produkty zawieraj\u0105ce\u00a0sk\u0142adniki pochodzenia naturalnego! Znajdziesz w\u00a0nim mi\u0119dzy innym\u00a0magnez oraz\u00a0wap\u0144, kt\u00f3re piel\u0119gnuj\u0105 i\u00a0poprawiaj\u0105 kondycj\u0119 paznokci. Lubisz nosi\u0107 ciemne, kobiece barwy? Zdecydowanie si\u0119gnij po\u00a0wega\u0144ski lakier w\u00a0kolorze fioletu, czyli\u00a0PURE GRAPE\u00a0z kolekcji\u00a0PLANT-BASED WONDER.\u00a0Wystarcz\u0105 [&hellip;]\" \/>\n<meta property=\"og:url\" content=\"https:\/\/velesnails.pl\/en\/product\/weganski-lakier-klasyczny-72-ml-pure-grape\/\" \/>\n<meta property=\"og:site_name\" content=\"velesnails\" \/>\n<meta property=\"article:modified_time\" content=\"2024-11-19T15:40:37+00:00\" \/>\n<meta property=\"og:image\" content=\"https:\/\/i0.wp.com\/velesnails.pl\/wp-content\/uploads\/2024\/08\/%D0%97%D0%BD%D1%96%D0%BC%D0%BE%D0%BA-%D0%B5%D0%BA%D1%80%D0%B0%D0%BD%D0%B0-2024-08-26-112452.png?fit=780%2C583&ssl=1\" \/>\n\t<meta property=\"og:image:width\" content=\"780\" \/>\n\t<meta property=\"og:image:height\" content=\"583\" \/>\n\t<meta property=\"og:image:type\" content=\"image\/png\" \/>\n<meta name=\"twitter:card\" content=\"summary_large_image\" \/>\n<meta name=\"twitter:label1\" content=\"Estimated reading time\" \/>\n\t<meta name=\"twitter:data1\" content=\"1 minute\" \/>\n<script type=\"application\/ld+json\" class=\"yoast-schema-graph\">{\"@context\":\"https:\\\/\\\/schema.org\",\"@graph\":[{\"@type\":\"WebPage\",\"@id\":\"https:\\\/\\\/velesnails.pl\\\/product\\\/weganski-lakier-klasyczny-72-ml-pure-grape\\\/\",\"url\":\"https:\\\/\\\/velesnails.pl\\\/product\\\/weganski-lakier-klasyczny-72-ml-pure-grape\\\/\",\"name\":\"Wega\u0144ski lakier klasyczny 7,2 ml - pure grape - velesnails\",\"isPartOf\":{\"@id\":\"https:\\\/\\\/velesnails.pl\\\/#website\"},\"primaryImageOfPage\":{\"@id\":\"https:\\\/\\\/velesnails.pl\\\/product\\\/weganski-lakier-klasyczny-72-ml-pure-grape\\\/#primaryimage\"},\"image\":{\"@id\":\"https:\\\/\\\/velesnails.pl\\\/product\\\/weganski-lakier-klasyczny-72-ml-pure-grape\\\/#primaryimage\"},\"thumbnailUrl\":\"https:\\\/\\\/i0.wp.com\\\/velesnails.pl\\\/wp-content\\\/uploads\\\/2024\\\/08\\\/%D0%97%D0%BD%D1%96%D0%BC%D0%BE%D0%BA-%D0%B5%D0%BA%D1%80%D0%B0%D0%BD%D0%B0-2024-08-26-112452.png?fit=780%2C583&ssl=1\",\"datePublished\":\"2024-08-26T08:48:16+00:00\",\"dateModified\":\"2024-11-19T15:40:37+00:00\",\"breadcrumb\":{\"@id\":\"https:\\\/\\\/velesnails.pl\\\/product\\\/weganski-lakier-klasyczny-72-ml-pure-grape\\\/#breadcrumb\"},\"inLanguage\":\"en-GB\",\"potentialAction\":[{\"@type\":\"ReadAction\",\"target\":[\"https:\\\/\\\/velesnails.pl\\\/product\\\/weganski-lakier-klasyczny-72-ml-pure-grape\\\/\"]}]},{\"@type\":\"ImageObject\",\"inLanguage\":\"en-GB\",\"@id\":\"https:\\\/\\\/velesnails.pl\\\/product\\\/weganski-lakier-klasyczny-72-ml-pure-grape\\\/#primaryimage\",\"url\":\"https:\\\/\\\/i0.wp.com\\\/velesnails.pl\\\/wp-content\\\/uploads\\\/2024\\\/08\\\/%D0%97%D0%BD%D1%96%D0%BC%D0%BE%D0%BA-%D0%B5%D0%BA%D1%80%D0%B0%D0%BD%D0%B0-2024-08-26-112452.png?fit=780%2C583&ssl=1\",\"contentUrl\":\"https:\\\/\\\/i0.wp.com\\\/velesnails.pl\\\/wp-content\\\/uploads\\\/2024\\\/08\\\/%D0%97%D0%BD%D1%96%D0%BC%D0%BE%D0%BA-%D0%B5%D0%BA%D1%80%D0%B0%D0%BD%D0%B0-2024-08-26-112452.png?fit=780%2C583&ssl=1\",\"width\":780,\"height\":583},{\"@type\":\"BreadcrumbList\",\"@id\":\"https:\\\/\\\/velesnails.pl\\\/product\\\/weganski-lakier-klasyczny-72-ml-pure-grape\\\/#breadcrumb\",\"itemListElement\":[{\"@type\":\"ListItem\",\"position\":1,\"name\":\"\u0413\u043e\u043b\u043e\u0432\u043d\u0430\",\"item\":\"https:\\\/\\\/velesnails.pl\\\/\"},{\"@type\":\"ListItem\",\"position\":2,\"name\":\"Sklep\",\"item\":\"https:\\\/\\\/velesnails.pl\\\/shop\\\/\"},{\"@type\":\"ListItem\",\"position\":3,\"name\":\"Wega\u0144ski lakier klasyczny 7,2 ml &#8211; pure grape\"}]},{\"@type\":\"WebSite\",\"@id\":\"https:\\\/\\\/velesnails.pl\\\/#website\",\"url\":\"https:\\\/\\\/velesnails.pl\\\/\",\"name\":\"velesnails\",\"description\":\"Sklep z manicure\",\"publisher\":{\"@id\":\"https:\\\/\\\/velesnails.pl\\\/#organization\"},\"potentialAction\":[{\"@type\":\"SearchAction\",\"target\":{\"@type\":\"EntryPoint\",\"urlTemplate\":\"https:\\\/\\\/velesnails.pl\\\/?s={search_term_string}\"},\"query-input\":{\"@type\":\"PropertyValueSpecification\",\"valueRequired\":true,\"valueName\":\"search_term_string\"}}],\"inLanguage\":\"en-GB\"},{\"@type\":\"Organization\",\"@id\":\"https:\\\/\\\/velesnails.pl\\\/#organization\",\"name\":\"velesnails\",\"url\":\"https:\\\/\\\/velesnails.pl\\\/\",\"logo\":{\"@type\":\"ImageObject\",\"inLanguage\":\"en-GB\",\"@id\":\"https:\\\/\\\/velesnails.pl\\\/#\\\/schema\\\/logo\\\/image\\\/\",\"url\":\"https:\\\/\\\/i0.wp.com\\\/velesnails.pl\\\/wp-content\\\/uploads\\\/2025\\\/10\\\/cropped-obraz_viber_2025-10-22_13-55-55-969.jpg?fit=485%2C381&ssl=1\",\"contentUrl\":\"https:\\\/\\\/i0.wp.com\\\/velesnails.pl\\\/wp-content\\\/uploads\\\/2025\\\/10\\\/cropped-obraz_viber_2025-10-22_13-55-55-969.jpg?fit=485%2C381&ssl=1\",\"width\":485,\"height\":381,\"caption\":\"velesnails\"},\"image\":{\"@id\":\"https:\\\/\\\/velesnails.pl\\\/#\\\/schema\\\/logo\\\/image\\\/\"}}]}<\/script>\n<!-- \/ Yoast SEO plugin. -->","yoast_head_json":{"title":"Wega\u0144ski lakier klasyczny 7,2 ml - pure grape - velesnails","robots":{"index":"index","follow":"follow","max-snippet":"max-snippet:-1","max-image-preview":"max-image-preview:large","max-video-preview":"max-video-preview:-1"},"canonical":"https:\/\/velesnails.pl\/en\/product\/weganski-lakier-klasyczny-72-ml-pure-grape\/","og_locale":"en_GB","og_type":"article","og_title":"Wega\u0144ski lakier klasyczny 7,2 ml - pure grape - velesnails","og_description":"Wega\u0144ski lakier do paznokci PLANT BASED WONDER\u00a07,2 ml &#8211; PURE GRAPE\u00a0\u00a0Odkryj mo\u017cliwo\u015bci, jakie daj\u0105 Ci wega\u0144skie\u00a0lakiery do paznokci\u00a0z\u00a0kolekcji\u00a0PLANT-BASED WONDER!\u00a0To nie tylko pi\u0119kne kolory \u2013 to te\u017c produkty zawieraj\u0105ce\u00a0sk\u0142adniki pochodzenia naturalnego! Znajdziesz w\u00a0nim mi\u0119dzy innym\u00a0magnez oraz\u00a0wap\u0144, kt\u00f3re piel\u0119gnuj\u0105 i\u00a0poprawiaj\u0105 kondycj\u0119 paznokci. Lubisz nosi\u0107 ciemne, kobiece barwy? Zdecydowanie si\u0119gnij po\u00a0wega\u0144ski lakier w\u00a0kolorze fioletu, czyli\u00a0PURE GRAPE\u00a0z kolekcji\u00a0PLANT-BASED WONDER.\u00a0Wystarcz\u0105 [&hellip;]","og_url":"https:\/\/velesnails.pl\/en\/product\/weganski-lakier-klasyczny-72-ml-pure-grape\/","og_site_name":"velesnails","article_modified_time":"2024-11-19T15:40:37+00:00","og_image":[{"width":780,"height":583,"url":"https:\/\/i0.wp.com\/velesnails.pl\/wp-content\/uploads\/2024\/08\/%D0%97%D0%BD%D1%96%D0%BC%D0%BE%D0%BA-%D0%B5%D0%BA%D1%80%D0%B0%D0%BD%D0%B0-2024-08-26-112452.png?fit=780%2C583&ssl=1","type":"image\/png"}],"twitter_card":"summary_large_image","twitter_misc":{"Estimated reading time":"1 minute"},"schema":{"@context":"https:\/\/schema.org","@graph":[{"@type":"WebPage","@id":"https:\/\/velesnails.pl\/product\/weganski-lakier-klasyczny-72-ml-pure-grape\/","url":"https:\/\/velesnails.pl\/product\/weganski-lakier-klasyczny-72-ml-pure-grape\/","name":"Wega\u0144ski lakier klasyczny 7,2 ml - pure grape - velesnails","isPartOf":{"@id":"https:\/\/velesnails.pl\/#website"},"primaryImageOfPage":{"@id":"https:\/\/velesnails.pl\/product\/weganski-lakier-klasyczny-72-ml-pure-grape\/#primaryimage"},"image":{"@id":"https:\/\/velesnails.pl\/product\/weganski-lakier-klasyczny-72-ml-pure-grape\/#primaryimage"},"thumbnailUrl":"https:\/\/i0.wp.com\/velesnails.pl\/wp-content\/uploads\/2024\/08\/%D0%97%D0%BD%D1%96%D0%BC%D0%BE%D0%BA-%D0%B5%D0%BA%D1%80%D0%B0%D0%BD%D0%B0-2024-08-26-112452.png?fit=780%2C583&ssl=1","datePublished":"2024-08-26T08:48:16+00:00","dateModified":"2024-11-19T15:40:37+00:00","breadcrumb":{"@id":"https:\/\/velesnails.pl\/product\/weganski-lakier-klasyczny-72-ml-pure-grape\/#breadcrumb"},"inLanguage":"en-GB","potentialAction":[{"@type":"ReadAction","target":["https:\/\/velesnails.pl\/product\/weganski-lakier-klasyczny-72-ml-pure-grape\/"]}]},{"@type":"ImageObject","inLanguage":"en-GB","@id":"https:\/\/velesnails.pl\/product\/weganski-lakier-klasyczny-72-ml-pure-grape\/#primaryimage","url":"https:\/\/i0.wp.com\/velesnails.pl\/wp-content\/uploads\/2024\/08\/%D0%97%D0%BD%D1%96%D0%BC%D0%BE%D0%BA-%D0%B5%D0%BA%D1%80%D0%B0%D0%BD%D0%B0-2024-08-26-112452.png?fit=780%2C583&ssl=1","contentUrl":"https:\/\/i0.wp.com\/velesnails.pl\/wp-content\/uploads\/2024\/08\/%D0%97%D0%BD%D1%96%D0%BC%D0%BE%D0%BA-%D0%B5%D0%BA%D1%80%D0%B0%D0%BD%D0%B0-2024-08-26-112452.png?fit=780%2C583&ssl=1","width":780,"height":583},{"@type":"BreadcrumbList","@id":"https:\/\/velesnails.pl\/product\/weganski-lakier-klasyczny-72-ml-pure-grape\/#breadcrumb","itemListElement":[{"@type":"ListItem","position":1,"name":"\u0413\u043e\u043b\u043e\u0432\u043d\u0430","item":"https:\/\/velesnails.pl\/"},{"@type":"ListItem","position":2,"name":"Sklep","item":"https:\/\/velesnails.pl\/shop\/"},{"@type":"ListItem","position":3,"name":"Wega\u0144ski lakier klasyczny 7,2 ml &#8211; pure grape"}]},{"@type":"WebSite","@id":"https:\/\/velesnails.pl\/#website","url":"https:\/\/velesnails.pl\/","name":"velesnails","description":"Manicure shop","publisher":{"@id":"https:\/\/velesnails.pl\/#organization"},"potentialAction":[{"@type":"SearchAction","target":{"@type":"EntryPoint","urlTemplate":"https:\/\/velesnails.pl\/?s={search_term_string}"},"query-input":{"@type":"PropertyValueSpecification","valueRequired":true,"valueName":"search_term_string"}}],"inLanguage":"en-GB"},{"@type":"Organization","@id":"https:\/\/velesnails.pl\/#organization","name":"velesnails","url":"https:\/\/velesnails.pl\/","logo":{"@type":"ImageObject","inLanguage":"en-GB","@id":"https:\/\/velesnails.pl\/#\/schema\/logo\/image\/","url":"https:\/\/i0.wp.com\/velesnails.pl\/wp-content\/uploads\/2025\/10\/cropped-obraz_viber_2025-10-22_13-55-55-969.jpg?fit=485%2C381&ssl=1","contentUrl":"https:\/\/i0.wp.com\/velesnails.pl\/wp-content\/uploads\/2025\/10\/cropped-obraz_viber_2025-10-22_13-55-55-969.jpg?fit=485%2C381&ssl=1","width":485,"height":381,"caption":"velesnails"},"image":{"@id":"https:\/\/velesnails.pl\/#\/schema\/logo\/image\/"}}]}},"_links":{"self":[{"href":"https:\/\/velesnails.pl\/en\/wp-json\/wp\/v2\/product\/4070","targetHints":{"allow":["GET"]}}],"collection":[{"href":"https:\/\/velesnails.pl\/en\/wp-json\/wp\/v2\/product"}],"about":[{"href":"https:\/\/velesnails.pl\/en\/wp-json\/wp\/v2\/types\/product"}],"replies":[{"embeddable":true,"href":"https:\/\/velesnails.pl\/en\/wp-json\/wp\/v2\/comments?post=4070"}],"wp:featuredmedia":[{"embeddable":true,"href":"https:\/\/velesnails.pl\/en\/wp-json\/wp\/v2\/media\/4071"}],"wp:attachment":[{"href":"https:\/\/velesnails.pl\/en\/wp-json\/wp\/v2\/media?parent=4070"}],"wp:term":[{"taxonomy":"product_brand","embeddable":true,"href":"https:\/\/velesnails.pl\/en\/wp-json\/wp\/v2\/product_brand?post=4070"},{"taxonomy":"product_cat","embeddable":true,"href":"https:\/\/velesnails.pl\/en\/wp-json\/wp\/v2\/product_cat?post=4070"},{"taxonomy":"product_tag","embeddable":true,"href":"https:\/\/velesnails.pl\/en\/wp-json\/wp\/v2\/product_tag?post=4070"}],"curies":[{"name":"wp","href":"https:\/\/api.w.org\/{rel}","templated":true}]}}