{"id":3807,"date":"2024-07-31T13:18:00","date_gmt":"2024-07-31T10:18:00","guid":{"rendered":"https:\/\/velesnails.loc\/?post_type=product&#038;p=3807"},"modified":"2026-01-18T09:42:09","modified_gmt":"2026-01-18T06:42:09","slug":"erbel-wosk-do-depilacji-pink-100ml","status":"publish","type":"product","link":"https:\/\/velesnails.pl\/en\/product\/erbel-wosk-do-depilacji-pink-100ml\/","title":{"rendered":"Erbel Wosk do depilacji Pink 100ml"},"content":{"rendered":"<p>Skuteczny w usuwaniu nawet twardych i mocnych w\u0142os\u00f3w.<\/p>\n<p>Wosk schnie bardzo szybko i mo\u017ce by\u0107 zdejmowany ju\u017c po oko\u0142o 10 sekundach od chwili na\u0142o\u017cenia.<\/p>\n<p>Pozosta\u0142o\u015bci wosku usuwamy OLEJKIEM PO DEPILACJI, nast\u0119pnie nak\u0142adamy, zawieraj\u0105ce mentol i \u0142agodz\u0105ce podra\u017cnienia MLECZKO PO DEPILACJI lub KREM<\/p>\n<p>Wk\u0142ad z woskiem posiada szerok\u0105 rolk\u0119 typu &#8222;roll-on&#8221; u\u0142atwiaj\u0105c\u0105 jego r\u00f3wnomierne rozprowadznie.<\/p>\n<p>Method of use:<\/p>\n<p>Wk\u0142ad z woskiem nale\u017cy w\u0142o\u017cy\u0107 do podgrzewacza i pod\u0142\u0105czy\u0107 go do pr\u0105du.<br \/>\nPodczas rozgrzewania si\u0119 wosku nale\u017cy przygotowa\u0107 sk\u00f3r\u0119 w miejscach, gdzie ma by\u0107 przeprowadzona depilacja.<br \/>\nAby zabieg usuwania w\u0142os\u00f3w by\u0142 dok\u0142adniejszy, sk\u00f3r\u0119 nale\u017cy uprzednio oczy\u015bci\u0107 i odt\u0142u\u015bci\u0107 (LOTION PRZED DEPILACJ\u0104), a nast\u0119pnie osuszy\u0107.<br \/>\nKorzystne jest wykonanie dzie\u0144 wcze\u015bniej peelingu. Niezalecane jest stosowanie balsam\u00f3w ani krem\u00f3w. Mo\u017cna natomiast zastosowa\u0107 talk lub zasypk\u0119, kt\u00f3re absorbuj\u0105 wilgo\u0107 powsta\u0142\u0105 przy poceniu.<br \/>\nDotyczy to w szczeg\u00f3lno\u015bci miejsc pod pachami, gdzie umiejscowionych jest najwi\u0119cej gruczo\u0142\u00f3w potowych. Po oko\u0142o 20-25 minutach rozgrzewania wosk jest gotowy do u\u017cycia.<br \/>\nAby upewni\u0107 si\u0119 co do temperatury i konsystencji wosku, nale\u017cy sprawdzi\u0107 go na pasku.<br \/>\nJe\u015bli wosk jest odpowiedni, nak\u0142ada si\u0119 r\u00f3wnomiernie, nie ci\u0105gnie si\u0119, ani te\u017c nie parzy, to mo\u017cna rozpocz\u0105\u0107 zabieg depilacji. Je\u017celi wosk jest g\u0119sty- nale\u017cy go dogrza\u0107.<br \/>\nWosk nak\u0142adamy zgodnie z kierunkiem wzrostu w\u0142osa. Nast\u0119pnie do wosku przyk\u0142adamy i dociskamy pasek fizelinowy.<br \/>\nJedn\u0105 r\u0119k\u0105 przytrzymujemy okolice poni\u017cej paska i lekko naci\u0105gamy sk\u00f3r\u0119 zgodnie z kierunkiem nak\u0142adania wosku, natomiast drug\u0105 r\u0119k\u0105 energicznie odrywamy pasek w kierunku przeciwnym do wzrostu w\u0142osa.<br \/>\nW celu z\u0142agodzenia b\u00f3lu i uczucia pieczenia nale\u017cy mocno przycisn\u0105\u0107 d\u0142o\u0144 do depilowanego miejsca.<br \/>\nPo zako\u0144czeniu zabiegu ewentualne pozosta\u0142o\u015bci nale\u017cy zmy\u0107 OLEJKIEM PO DEPILACJI, a w przypadku wosku cukrowego wod\u0105 bez u\u017cycia detergent\u00f3w.<br \/>\nNa koniec nak\u0142adamy \u0142agodz\u0105ce podra\u017cnienia MLECZKO PO DEPILACJI lub op\u00f3\u017aniaj\u0105cy wzrost cebulki w\u0142osa KREM PO DEPILACJI, kt\u00f3ry sprawi, i\u017c w\u0142osy stan\u0105 si\u0119 delikatniejsze i cie\u0144sze, a kolejne zabiegi depilacji mniej bolesne.<br \/>\nW zale\u017cno\u015bci od potrzeb zabieg nale\u017cy powt\u00f3rzy\u0107 po up\u0142ywie 3-4 tygodni.<br \/>\nPrecautions:<\/p>\n<p>Nie nale\u017cy:<\/p>\n<p>opala\u0107 si\u0119 przed planowanym zabiegiem depilacji;<br \/>\nw miejscach gdzie ma by\u0107 przeprowadzona depilacja, nie wykonywa\u0107 zabieg\u00f3w kosmetycznych, np. kwasy, oczyszczanie,itp<br \/>\ntu\u017c przed na\u0142o\u017ceniem wosku nie u\u017cywa\u0107 krem\u00f3w, ani balsam\u00f3w<br \/>\nsprawdza\u0107 na sk\u00f3rze, czy wosk ma odpowiedni\u0105 temperatur\u0119<br \/>\nnak\u0142ada\u0107 wosku \u201epod w\u0142os\u201d<br \/>\nzrywa\u0107 paska zgodnie z kierunkiem wzrostu w\u0142osa<br \/>\nu\u017cywa\u0107 kosmetyk\u00f3w na bazie alkoholu<br \/>\npo depilacji nie mo\u017cna opala\u0107 si\u0119, jak r\u00f3wnie\u017c nie nale\u017cy wykonywa\u0107 zabieg\u00f3w kosmetycznych takich, jak: kwasy, oczyszczanie, itp.<\/p>","protected":false},"excerpt":{"rendered":"<p>Skuteczny w usuwaniu nawet twardych i mocnych w\u0142os\u00f3w. Wosk schnie bardzo szybko i mo\u017ce by\u0107 zdejmowany ju\u017c po oko\u0142o 10 sekundach od chwili na\u0142o\u017cenia. Pozosta\u0142o\u015bci wosku usuwamy OLEJKIEM PO DEPILACJI, nast\u0119pnie nak\u0142adamy, zawieraj\u0105ce mentol i \u0142agodz\u0105ce podra\u017cnienia MLECZKO PO DEPILACJI lub KREM Wk\u0142ad z woskiem posiada szerok\u0105 rolk\u0119 typu &#8222;roll-on&#8221; u\u0142atwiaj\u0105c\u0105 jego r\u00f3wnomierne rozprowadznie. Spos\u00f3b [&hellip;]<\/p>\n","protected":false},"featured_media":3808,"comment_status":"open","ping_status":"closed","template":"","meta":{"om_disable_all_campaigns":false,"ocean_post_layout":"","ocean_both_sidebars_style":"","ocean_both_sidebars_content_width":0,"ocean_both_sidebars_sidebars_width":0,"ocean_sidebar":"0","ocean_second_sidebar":"0","ocean_disable_margins":"enable","ocean_add_body_class":"","ocean_shortcode_before_top_bar":"","ocean_shortcode_after_top_bar":"","ocean_shortcode_before_header":"","ocean_shortcode_after_header":"","ocean_has_shortcode":"","ocean_shortcode_after_title":"","ocean_shortcode_before_footer_widgets":"","ocean_shortcode_after_footer_widgets":"","ocean_shortcode_before_footer_bottom":"","ocean_shortcode_after_footer_bottom":"","ocean_display_top_bar":"default","ocean_display_header":"default","ocean_header_style":"","ocean_center_header_left_menu":"0","ocean_custom_header_template":"0","ocean_custom_logo":0,"ocean_custom_retina_logo":0,"ocean_custom_logo_max_width":0,"ocean_custom_logo_tablet_max_width":0,"ocean_custom_logo_mobile_max_width":0,"ocean_custom_logo_max_height":0,"ocean_custom_logo_tablet_max_height":0,"ocean_custom_logo_mobile_max_height":0,"ocean_header_custom_menu":"0","ocean_menu_typo_font_family":"0","ocean_menu_typo_font_subset":"","ocean_menu_typo_font_size":0,"ocean_menu_typo_font_size_tablet":0,"ocean_menu_typo_font_size_mobile":0,"ocean_menu_typo_font_size_unit":"px","ocean_menu_typo_font_weight":"","ocean_menu_typo_font_weight_tablet":"","ocean_menu_typo_font_weight_mobile":"","ocean_menu_typo_transform":"","ocean_menu_typo_transform_tablet":"","ocean_menu_typo_transform_mobile":"","ocean_menu_typo_line_height":0,"ocean_menu_typo_line_height_tablet":0,"ocean_menu_typo_line_height_mobile":0,"ocean_menu_typo_line_height_unit":"","ocean_menu_typo_spacing":0,"ocean_menu_typo_spacing_tablet":0,"ocean_menu_typo_spacing_mobile":0,"ocean_menu_typo_spacing_unit":"","ocean_menu_link_color":"","ocean_menu_link_color_hover":"","ocean_menu_link_color_active":"","ocean_menu_link_background":"","ocean_menu_link_hover_background":"","ocean_menu_link_active_background":"","ocean_menu_social_links_bg":"","ocean_menu_social_hover_links_bg":"","ocean_menu_social_links_color":"","ocean_menu_social_hover_links_color":"","ocean_disable_title":"default","ocean_disable_heading":"default","ocean_post_title":"","ocean_post_subheading":"","ocean_post_title_style":"","ocean_post_title_background_color":"","ocean_post_title_background":0,"ocean_post_title_bg_image_position":"","ocean_post_title_bg_image_attachment":"","ocean_post_title_bg_image_repeat":"","ocean_post_title_bg_image_size":"","ocean_post_title_height":0,"ocean_post_title_bg_overlay":0.5,"ocean_post_title_bg_overlay_color":"","ocean_disable_breadcrumbs":"default","ocean_breadcrumbs_color":"","ocean_breadcrumbs_separator_color":"","ocean_breadcrumbs_links_color":"","ocean_breadcrumbs_links_hover_color":"","ocean_display_footer_widgets":"default","ocean_display_footer_bottom":"default","ocean_custom_footer_template":"0"},"product_brand":[],"product_cat":[170,172],"product_tag":[],"class_list":{"0":"post-3807","1":"product","2":"type-product","3":"status-publish","4":"has-post-thumbnail","6":"product_cat-depilacja","7":"product_cat-woski","9":"entry","10":"has-media","12":"first","13":"instock","14":"taxable","15":"shipping-taxable","16":"purchasable","17":"product-type-simple","18":"has-product-nav","19":"col","20":"span_1_of_3","21":"owp-content-center","22":"owp-thumbs-layout-horizontal","23":"owp-btn-normal","24":"owp-tabs-layout-horizontal","25":"has-no-thumbnails"},"yoast_head":"<!-- This site is optimized with the Yoast SEO plugin v27.6 - https:\/\/yoast.com\/product\/yoast-seo-wordpress\/ -->\n<title>Erbel Wosk do depilacji Pink 100ml - velesnails<\/title>\n<meta name=\"robots\" content=\"index, follow, max-snippet:-1, max-image-preview:large, max-video-preview:-1\" \/>\n<link rel=\"canonical\" href=\"https:\/\/velesnails.pl\/en\/product\/erbel-wosk-do-depilacji-pink-100ml\/\" \/>\n<meta property=\"og:locale\" content=\"en_GB\" \/>\n<meta property=\"og:type\" content=\"article\" \/>\n<meta property=\"og:title\" content=\"Erbel Wosk do depilacji Pink 100ml - velesnails\" \/>\n<meta property=\"og:description\" content=\"Skuteczny w usuwaniu nawet twardych i mocnych w\u0142os\u00f3w. Wosk schnie bardzo szybko i mo\u017ce by\u0107 zdejmowany ju\u017c po oko\u0142o 10 sekundach od chwili na\u0142o\u017cenia. Pozosta\u0142o\u015bci wosku usuwamy OLEJKIEM PO DEPILACJI, nast\u0119pnie nak\u0142adamy, zawieraj\u0105ce mentol i \u0142agodz\u0105ce podra\u017cnienia MLECZKO PO DEPILACJI lub KREM Wk\u0142ad z woskiem posiada szerok\u0105 rolk\u0119 typu &#8222;roll-on&#8221; u\u0142atwiaj\u0105c\u0105 jego r\u00f3wnomierne rozprowadznie. Spos\u00f3b [&hellip;]\" \/>\n<meta property=\"og:url\" content=\"https:\/\/velesnails.pl\/en\/product\/erbel-wosk-do-depilacji-pink-100ml\/\" \/>\n<meta property=\"og:site_name\" content=\"velesnails\" \/>\n<meta property=\"article:modified_time\" content=\"2026-01-18T06:42:09+00:00\" \/>\n<meta property=\"og:image\" content=\"https:\/\/velesnails.pl\/wp-content\/uploads\/2024\/07\/Erbel-Wosk-do-depilacji-Pink-100ml.png\" \/>\n\t<meta property=\"og:image:width\" content=\"833\" \/>\n\t<meta property=\"og:image:height\" content=\"818\" \/>\n\t<meta property=\"og:image:type\" content=\"image\/png\" \/>\n<meta name=\"twitter:card\" content=\"summary_large_image\" \/>\n<meta name=\"twitter:label1\" content=\"Estimated reading time\" \/>\n\t<meta name=\"twitter:data1\" content=\"3 minutes\" \/>\n<script type=\"application\/ld+json\" class=\"yoast-schema-graph\">{\"@context\":\"https:\\\/\\\/schema.org\",\"@graph\":[{\"@type\":\"WebPage\",\"@id\":\"https:\\\/\\\/velesnails.pl\\\/product\\\/erbel-wosk-do-depilacji-pink-100ml\\\/\",\"url\":\"https:\\\/\\\/velesnails.pl\\\/product\\\/erbel-wosk-do-depilacji-pink-100ml\\\/\",\"name\":\"Erbel Wosk do depilacji Pink 100ml - velesnails\",\"isPartOf\":{\"@id\":\"https:\\\/\\\/velesnails.pl\\\/#website\"},\"primaryImageOfPage\":{\"@id\":\"https:\\\/\\\/velesnails.pl\\\/product\\\/erbel-wosk-do-depilacji-pink-100ml\\\/#primaryimage\"},\"image\":{\"@id\":\"https:\\\/\\\/velesnails.pl\\\/product\\\/erbel-wosk-do-depilacji-pink-100ml\\\/#primaryimage\"},\"thumbnailUrl\":\"https:\\\/\\\/i0.wp.com\\\/velesnails.pl\\\/wp-content\\\/uploads\\\/2024\\\/07\\\/Erbel-Wosk-do-depilacji-Pink-100ml.png?fit=833%2C818&ssl=1\",\"datePublished\":\"2024-07-31T10:18:00+00:00\",\"dateModified\":\"2026-01-18T06:42:09+00:00\",\"breadcrumb\":{\"@id\":\"https:\\\/\\\/velesnails.pl\\\/product\\\/erbel-wosk-do-depilacji-pink-100ml\\\/#breadcrumb\"},\"inLanguage\":\"en-GB\",\"potentialAction\":[{\"@type\":\"ReadAction\",\"target\":[\"https:\\\/\\\/velesnails.pl\\\/product\\\/erbel-wosk-do-depilacji-pink-100ml\\\/\"]}]},{\"@type\":\"ImageObject\",\"inLanguage\":\"en-GB\",\"@id\":\"https:\\\/\\\/velesnails.pl\\\/product\\\/erbel-wosk-do-depilacji-pink-100ml\\\/#primaryimage\",\"url\":\"https:\\\/\\\/i0.wp.com\\\/velesnails.pl\\\/wp-content\\\/uploads\\\/2024\\\/07\\\/Erbel-Wosk-do-depilacji-Pink-100ml.png?fit=833%2C818&ssl=1\",\"contentUrl\":\"https:\\\/\\\/i0.wp.com\\\/velesnails.pl\\\/wp-content\\\/uploads\\\/2024\\\/07\\\/Erbel-Wosk-do-depilacji-Pink-100ml.png?fit=833%2C818&ssl=1\",\"width\":833,\"height\":818},{\"@type\":\"BreadcrumbList\",\"@id\":\"https:\\\/\\\/velesnails.pl\\\/product\\\/erbel-wosk-do-depilacji-pink-100ml\\\/#breadcrumb\",\"itemListElement\":[{\"@type\":\"ListItem\",\"position\":1,\"name\":\"\u0413\u043e\u043b\u043e\u0432\u043d\u0430\",\"item\":\"https:\\\/\\\/velesnails.pl\\\/\"},{\"@type\":\"ListItem\",\"position\":2,\"name\":\"Sklep\",\"item\":\"https:\\\/\\\/velesnails.pl\\\/shop\\\/\"},{\"@type\":\"ListItem\",\"position\":3,\"name\":\"Erbel Wosk do depilacji Pink 100ml\"}]},{\"@type\":\"WebSite\",\"@id\":\"https:\\\/\\\/velesnails.pl\\\/#website\",\"url\":\"https:\\\/\\\/velesnails.pl\\\/\",\"name\":\"velesnails\",\"description\":\"Sklep z manicure\",\"publisher\":{\"@id\":\"https:\\\/\\\/velesnails.pl\\\/#organization\"},\"potentialAction\":[{\"@type\":\"SearchAction\",\"target\":{\"@type\":\"EntryPoint\",\"urlTemplate\":\"https:\\\/\\\/velesnails.pl\\\/?s={search_term_string}\"},\"query-input\":{\"@type\":\"PropertyValueSpecification\",\"valueRequired\":true,\"valueName\":\"search_term_string\"}}],\"inLanguage\":\"en-GB\"},{\"@type\":\"Organization\",\"@id\":\"https:\\\/\\\/velesnails.pl\\\/#organization\",\"name\":\"velesnails\",\"url\":\"https:\\\/\\\/velesnails.pl\\\/\",\"logo\":{\"@type\":\"ImageObject\",\"inLanguage\":\"en-GB\",\"@id\":\"https:\\\/\\\/velesnails.pl\\\/#\\\/schema\\\/logo\\\/image\\\/\",\"url\":\"https:\\\/\\\/i0.wp.com\\\/velesnails.pl\\\/wp-content\\\/uploads\\\/2025\\\/10\\\/cropped-obraz_viber_2025-10-22_13-55-55-969.jpg?fit=485%2C381&ssl=1\",\"contentUrl\":\"https:\\\/\\\/i0.wp.com\\\/velesnails.pl\\\/wp-content\\\/uploads\\\/2025\\\/10\\\/cropped-obraz_viber_2025-10-22_13-55-55-969.jpg?fit=485%2C381&ssl=1\",\"width\":485,\"height\":381,\"caption\":\"velesnails\"},\"image\":{\"@id\":\"https:\\\/\\\/velesnails.pl\\\/#\\\/schema\\\/logo\\\/image\\\/\"}}]}<\/script>\n<!-- \/ Yoast SEO plugin. -->","yoast_head_json":{"title":"Erbel Wosk do depilacji Pink 100ml - velesnails","robots":{"index":"index","follow":"follow","max-snippet":"max-snippet:-1","max-image-preview":"max-image-preview:large","max-video-preview":"max-video-preview:-1"},"canonical":"https:\/\/velesnails.pl\/en\/product\/erbel-wosk-do-depilacji-pink-100ml\/","og_locale":"en_GB","og_type":"article","og_title":"Erbel Wosk do depilacji Pink 100ml - velesnails","og_description":"Skuteczny w usuwaniu nawet twardych i mocnych w\u0142os\u00f3w. Wosk schnie bardzo szybko i mo\u017ce by\u0107 zdejmowany ju\u017c po oko\u0142o 10 sekundach od chwili na\u0142o\u017cenia. Pozosta\u0142o\u015bci wosku usuwamy OLEJKIEM PO DEPILACJI, nast\u0119pnie nak\u0142adamy, zawieraj\u0105ce mentol i \u0142agodz\u0105ce podra\u017cnienia MLECZKO PO DEPILACJI lub KREM Wk\u0142ad z woskiem posiada szerok\u0105 rolk\u0119 typu &#8222;roll-on&#8221; u\u0142atwiaj\u0105c\u0105 jego r\u00f3wnomierne rozprowadznie. Spos\u00f3b [&hellip;]","og_url":"https:\/\/velesnails.pl\/en\/product\/erbel-wosk-do-depilacji-pink-100ml\/","og_site_name":"velesnails","article_modified_time":"2026-01-18T06:42:09+00:00","og_image":[{"width":833,"height":818,"url":"https:\/\/velesnails.pl\/wp-content\/uploads\/2024\/07\/Erbel-Wosk-do-depilacji-Pink-100ml.png","type":"image\/png"}],"twitter_card":"summary_large_image","twitter_misc":{"Estimated reading time":"3 minutes"},"schema":{"@context":"https:\/\/schema.org","@graph":[{"@type":"WebPage","@id":"https:\/\/velesnails.pl\/product\/erbel-wosk-do-depilacji-pink-100ml\/","url":"https:\/\/velesnails.pl\/product\/erbel-wosk-do-depilacji-pink-100ml\/","name":"Erbel Wosk do depilacji Pink 100ml - velesnails","isPartOf":{"@id":"https:\/\/velesnails.pl\/#website"},"primaryImageOfPage":{"@id":"https:\/\/velesnails.pl\/product\/erbel-wosk-do-depilacji-pink-100ml\/#primaryimage"},"image":{"@id":"https:\/\/velesnails.pl\/product\/erbel-wosk-do-depilacji-pink-100ml\/#primaryimage"},"thumbnailUrl":"https:\/\/i0.wp.com\/velesnails.pl\/wp-content\/uploads\/2024\/07\/Erbel-Wosk-do-depilacji-Pink-100ml.png?fit=833%2C818&ssl=1","datePublished":"2024-07-31T10:18:00+00:00","dateModified":"2026-01-18T06:42:09+00:00","breadcrumb":{"@id":"https:\/\/velesnails.pl\/product\/erbel-wosk-do-depilacji-pink-100ml\/#breadcrumb"},"inLanguage":"en-GB","potentialAction":[{"@type":"ReadAction","target":["https:\/\/velesnails.pl\/product\/erbel-wosk-do-depilacji-pink-100ml\/"]}]},{"@type":"ImageObject","inLanguage":"en-GB","@id":"https:\/\/velesnails.pl\/product\/erbel-wosk-do-depilacji-pink-100ml\/#primaryimage","url":"https:\/\/i0.wp.com\/velesnails.pl\/wp-content\/uploads\/2024\/07\/Erbel-Wosk-do-depilacji-Pink-100ml.png?fit=833%2C818&ssl=1","contentUrl":"https:\/\/i0.wp.com\/velesnails.pl\/wp-content\/uploads\/2024\/07\/Erbel-Wosk-do-depilacji-Pink-100ml.png?fit=833%2C818&ssl=1","width":833,"height":818},{"@type":"BreadcrumbList","@id":"https:\/\/velesnails.pl\/product\/erbel-wosk-do-depilacji-pink-100ml\/#breadcrumb","itemListElement":[{"@type":"ListItem","position":1,"name":"\u0413\u043e\u043b\u043e\u0432\u043d\u0430","item":"https:\/\/velesnails.pl\/"},{"@type":"ListItem","position":2,"name":"Sklep","item":"https:\/\/velesnails.pl\/shop\/"},{"@type":"ListItem","position":3,"name":"Erbel Wosk do depilacji Pink 100ml"}]},{"@type":"WebSite","@id":"https:\/\/velesnails.pl\/#website","url":"https:\/\/velesnails.pl\/","name":"velesnails","description":"Manicure shop","publisher":{"@id":"https:\/\/velesnails.pl\/#organization"},"potentialAction":[{"@type":"SearchAction","target":{"@type":"EntryPoint","urlTemplate":"https:\/\/velesnails.pl\/?s={search_term_string}"},"query-input":{"@type":"PropertyValueSpecification","valueRequired":true,"valueName":"search_term_string"}}],"inLanguage":"en-GB"},{"@type":"Organization","@id":"https:\/\/velesnails.pl\/#organization","name":"velesnails","url":"https:\/\/velesnails.pl\/","logo":{"@type":"ImageObject","inLanguage":"en-GB","@id":"https:\/\/velesnails.pl\/#\/schema\/logo\/image\/","url":"https:\/\/i0.wp.com\/velesnails.pl\/wp-content\/uploads\/2025\/10\/cropped-obraz_viber_2025-10-22_13-55-55-969.jpg?fit=485%2C381&ssl=1","contentUrl":"https:\/\/i0.wp.com\/velesnails.pl\/wp-content\/uploads\/2025\/10\/cropped-obraz_viber_2025-10-22_13-55-55-969.jpg?fit=485%2C381&ssl=1","width":485,"height":381,"caption":"velesnails"},"image":{"@id":"https:\/\/velesnails.pl\/#\/schema\/logo\/image\/"}}]}},"_links":{"self":[{"href":"https:\/\/velesnails.pl\/en\/wp-json\/wp\/v2\/product\/3807","targetHints":{"allow":["GET"]}}],"collection":[{"href":"https:\/\/velesnails.pl\/en\/wp-json\/wp\/v2\/product"}],"about":[{"href":"https:\/\/velesnails.pl\/en\/wp-json\/wp\/v2\/types\/product"}],"replies":[{"embeddable":true,"href":"https:\/\/velesnails.pl\/en\/wp-json\/wp\/v2\/comments?post=3807"}],"wp:featuredmedia":[{"embeddable":true,"href":"https:\/\/velesnails.pl\/en\/wp-json\/wp\/v2\/media\/3808"}],"wp:attachment":[{"href":"https:\/\/velesnails.pl\/en\/wp-json\/wp\/v2\/media?parent=3807"}],"wp:term":[{"taxonomy":"product_brand","embeddable":true,"href":"https:\/\/velesnails.pl\/en\/wp-json\/wp\/v2\/product_brand?post=3807"},{"taxonomy":"product_cat","embeddable":true,"href":"https:\/\/velesnails.pl\/en\/wp-json\/wp\/v2\/product_cat?post=3807"},{"taxonomy":"product_tag","embeddable":true,"href":"https:\/\/velesnails.pl\/en\/wp-json\/wp\/v2\/product_tag?post=3807"}],"curies":[{"name":"wp","href":"https:\/\/api.w.org\/{rel}","templated":true}]}}