{"id":3801,"date":"2024-07-31T13:00:51","date_gmt":"2024-07-31T10:00:51","guid":{"rendered":"https:\/\/velesnails.loc\/?post_type=product&#038;p=3801"},"modified":"2026-01-18T09:42:45","modified_gmt":"2026-01-18T06:42:45","slug":"velvet-wosk-do-depilacji-karite-100-ml","status":"publish","type":"product","link":"https:\/\/velesnails.pl\/en\/product\/velvet-wosk-do-depilacji-karite-100-ml\/","title":{"rendered":"Velvet Wosk do depilacji Karite 100 ml"},"content":{"rendered":"<p>Wosk charakteryzuje si\u0119 doskona\u0142\u0105 przyczepno\u015bci\u0105, jest \u0142atwy w rozprowadzaniu, usuwa nawet uporczywie mocne ow\u0142osienie. Jest \u0142agodny dla sk\u00f3ry, \u0142atwo si\u0119 rozgrzewa w naczyniu z gor\u0105c\u0105 wod\u0105 oraz w standardowych podgrzewaczach do aplikator\u00f3w. Ewentualne resztki \u0142atwo zmywa si\u0119 oliwk\u0105 po depilacji. Regularne jego stosowanie os\u0142abia w\u0142osy i spowalnia ich odrastanie. Wosk posiada szerok\u0105 rolk\u0119 typu &#8222;roll-on&#8221; u\u0142atwiaj\u0105c\u0105 jego r\u00f3wnomierne rozprowadzanie. Najnowsza budowa rolki sprawia, \u017ce depilacja b\u0119dzie jeszcze \u0142atwiejsza i wydajniejsza.<\/p>\n<p>produkt profesjonalny- stosowany w salonach kosmetycznych;<br \/>\nprodukt oryginalny w 100% wyprodukowany we W\u0142oszech,<br \/>\nwosk przeznaczony do sk\u00f3ry normalnej oraz twardych i mocnych w\u0142os\u00f3w;<br \/>\ndzi\u0119ki zawarto\u015bci azulenu posiada w\u0142a\u015bciwo\u015bci \u0142agodz\u0105ce oraz przeciwzapalne;<br \/>\nwk\u0142ad posiada opatentowany system nowej generacji typu &#8222;roll-on&#8221;, kt\u00f3ry zapobiega nadmiernemu wyciekaniu wosku oraz u\u0142atwia jego rozprowadzanie;<br \/>\nidealny do wykonania zabiegu depilacji w domu<br \/>\nrezultatem jest mi\u0119kka i g\u0142adka sk\u00f3ra przez oko\u0142o 3 tygodnie;<br \/>\nnie powoduje podra\u017cnie\u0144, nie uczula,<br \/>\nposiada szerok\u0105 (46 mm) rolk\u0119 &#8211; u\u0142atwiaj\u0105c\u0105 nak\u0142adanie wosku;<br \/>\nwymiary wk\u0142adu bez rolki: 112x52x22 mm;<br \/>\nwymiary wk\u0142adu z rolk\u0105: 138x58x28 mm;<br \/>\nMethod of use:<\/p>\n<p>1. Dzie\u0144 przed depilacj\u0105&#8230;<\/p>\n<p>wykonanie peelingu ziarnistego;<br \/>\n2. Tu\u017c przed depilacj\u0105&#8230;<\/p>\n<p>wk\u0142ad z woskiem nale\u017cy w\u0142o\u017cy\u0107 do podgrzewacza i pod\u0142\u0105czy\u0107 do pr\u0105du (ok.20, 30min);<br \/>\nnast\u0119pnie oczy\u015bci\u0107 i odt\u0142u\u015bci\u0107 sk\u00f3r\u0119 Lotionem Przed Depilacj\u0105, kt\u00f3ry dodatkowo posiada w\u0142a\u015bciwo\u015bci znieczulaj\u0105ce;<br \/>\ndok\u0142adne osuszy\u0107 sk\u00f3r\u0119;<br \/>\nmo\u017cna zastosowa\u0107 talk lub zasypk\u0119,<br \/>\n3. Depilacja&#8230;<\/p>\n<p>nale\u017cy sprawdzi\u0107 na pasku do depilacji, czy podgrzany wosk swobodnie si\u0119 rozprowadza;<br \/>\nje\u017celi wosk jest g\u0119sty i \u017ale si\u0119 rozprowadza nale\u017cy go dogrza\u0107 (ok 5-10min);<br \/>\nwosk nak\u0142ada\u0107 zgodnie z kierunkiem wzrostu w\u0142osa;<br \/>\nna wosk przy\u0142o\u017cy\u0107 i docisn\u0105\u0107 pasek;<br \/>\njedn\u0105 r\u0119k\u0105 przytrzyma\u0107 okolice poni\u017cej paska i lekko naci\u0105gn\u0105\u0107 sk\u00f3r\u0119 zgodnie z kierunkiem nak\u0142adania wosku;<br \/>\ndrug\u0105 r\u0119k\u0105 energicznie oderwa\u0107 pasek w kierunku przeciwnym do wzrostu w\u0142osa;<br \/>\nw celu z\u0142agodzenia b\u00f3lu, po oderwaniu paska nale\u017cy mocno przycisn\u0105\u0107 d\u0142o\u0144 do depilowanego miejsca;<br \/>\npozosta\u0142o\u015bci po wosku nale\u017cy zmy\u0107 Olejkiem Po Depilacji;<br \/>\nw celu z\u0142agodzenia podra\u017cnie\u0144 polecamy Mleczko Po Depilacji;<br \/>\nzastosowanie dodatkowo Kremu Po Depilacji b\u0119dzie zapobiega\u0142o wrastaniu w\u0142osa, op\u00f3\u017ani jego odrost, w\u0142oski b\u0119d\u0105 s\u0142absze, a kolejne zabiegi mniej bolesne;<br \/>\n4. Dzie\u0144 po depilacji&#8230;<\/p>\n<p>nawil\u017canie sk\u00f3ry;<br \/>\nstosowanie jeszcze przez kilka dni Kremu Po Depilacji;<br \/>\nPrecautions:<\/p>\n<p>Nie nale\u017cy:<\/p>\n<p>opala\u0107 si\u0119 przed planowanym zabiegiem depilacji;<br \/>\nw miejscach gdzie ma by\u0107 przeprowadzona depilacja, nie wykonywa\u0107 zabieg\u00f3w kosmetycznych, np. kwasy, oczyszczanie, itp;<br \/>\ntu\u017c przed na\u0142o\u017ceniem wosku nie u\u017cywa\u0107 krem\u00f3w, ani balsam\u00f3w;<br \/>\nsprawdza\u0107 na sk\u00f3rze, czy wosk ma odpowiedni\u0105 temperatur\u0119;<br \/>\nnak\u0142ada\u0107 wosku \u201epod w\u0142os\u201d;<br \/>\nzrywa\u0107 paska zgodnie z kierunkiem wzrostu w\u0142osa;<br \/>\nu\u017cywa\u0107 kosmetyk\u00f3w na bazie alkoholu;<br \/>\npo depilacji nie mo\u017cna opala\u0107 si\u0119, jak r\u00f3wnie\u017c nie nale\u017cy wykonywa\u0107 zabieg\u00f3w kosmetycznych takich, jak: kwasy, oczyszczanie, itp.<\/p>","protected":false},"excerpt":{"rendered":"<p>Wosk charakteryzuje si\u0119 doskona\u0142\u0105 przyczepno\u015bci\u0105, jest \u0142atwy w rozprowadzaniu, usuwa nawet uporczywie mocne ow\u0142osienie. Jest \u0142agodny dla sk\u00f3ry, \u0142atwo si\u0119 rozgrzewa w naczyniu z gor\u0105c\u0105 wod\u0105 oraz w standardowych podgrzewaczach do aplikator\u00f3w. Ewentualne resztki \u0142atwo zmywa si\u0119 oliwk\u0105 po depilacji. Regularne jego stosowanie os\u0142abia w\u0142osy i spowalnia ich odrastanie. Wosk posiada szerok\u0105 rolk\u0119 typu &#8222;roll-on&#8221; [&hellip;]<\/p>\n","protected":false},"featured_media":3802,"comment_status":"open","ping_status":"closed","template":"","meta":{"om_disable_all_campaigns":false,"ocean_post_layout":"","ocean_both_sidebars_style":"","ocean_both_sidebars_content_width":0,"ocean_both_sidebars_sidebars_width":0,"ocean_sidebar":"0","ocean_second_sidebar":"0","ocean_disable_margins":"enable","ocean_add_body_class":"","ocean_shortcode_before_top_bar":"","ocean_shortcode_after_top_bar":"","ocean_shortcode_before_header":"","ocean_shortcode_after_header":"","ocean_has_shortcode":"","ocean_shortcode_after_title":"","ocean_shortcode_before_footer_widgets":"","ocean_shortcode_after_footer_widgets":"","ocean_shortcode_before_footer_bottom":"","ocean_shortcode_after_footer_bottom":"","ocean_display_top_bar":"default","ocean_display_header":"default","ocean_header_style":"","ocean_center_header_left_menu":"0","ocean_custom_header_template":"0","ocean_custom_logo":0,"ocean_custom_retina_logo":0,"ocean_custom_logo_max_width":0,"ocean_custom_logo_tablet_max_width":0,"ocean_custom_logo_mobile_max_width":0,"ocean_custom_logo_max_height":0,"ocean_custom_logo_tablet_max_height":0,"ocean_custom_logo_mobile_max_height":0,"ocean_header_custom_menu":"0","ocean_menu_typo_font_family":"0","ocean_menu_typo_font_subset":"","ocean_menu_typo_font_size":0,"ocean_menu_typo_font_size_tablet":0,"ocean_menu_typo_font_size_mobile":0,"ocean_menu_typo_font_size_unit":"px","ocean_menu_typo_font_weight":"","ocean_menu_typo_font_weight_tablet":"","ocean_menu_typo_font_weight_mobile":"","ocean_menu_typo_transform":"","ocean_menu_typo_transform_tablet":"","ocean_menu_typo_transform_mobile":"","ocean_menu_typo_line_height":0,"ocean_menu_typo_line_height_tablet":0,"ocean_menu_typo_line_height_mobile":0,"ocean_menu_typo_line_height_unit":"","ocean_menu_typo_spacing":0,"ocean_menu_typo_spacing_tablet":0,"ocean_menu_typo_spacing_mobile":0,"ocean_menu_typo_spacing_unit":"","ocean_menu_link_color":"","ocean_menu_link_color_hover":"","ocean_menu_link_color_active":"","ocean_menu_link_background":"","ocean_menu_link_hover_background":"","ocean_menu_link_active_background":"","ocean_menu_social_links_bg":"","ocean_menu_social_hover_links_bg":"","ocean_menu_social_links_color":"","ocean_menu_social_hover_links_color":"","ocean_disable_title":"default","ocean_disable_heading":"default","ocean_post_title":"","ocean_post_subheading":"","ocean_post_title_style":"","ocean_post_title_background_color":"","ocean_post_title_background":0,"ocean_post_title_bg_image_position":"","ocean_post_title_bg_image_attachment":"","ocean_post_title_bg_image_repeat":"","ocean_post_title_bg_image_size":"","ocean_post_title_height":0,"ocean_post_title_bg_overlay":0.5,"ocean_post_title_bg_overlay_color":"","ocean_disable_breadcrumbs":"default","ocean_breadcrumbs_color":"","ocean_breadcrumbs_separator_color":"","ocean_breadcrumbs_links_color":"","ocean_breadcrumbs_links_hover_color":"","ocean_display_footer_widgets":"default","ocean_display_footer_bottom":"default","ocean_custom_footer_template":"0"},"product_brand":[],"product_cat":[170,172],"product_tag":[],"class_list":{"0":"post-3801","1":"product","2":"type-product","3":"status-publish","4":"has-post-thumbnail","6":"product_cat-depilacja","7":"product_cat-woski","9":"entry","10":"has-media","12":"first","13":"instock","14":"taxable","15":"shipping-taxable","16":"purchasable","17":"product-type-simple","18":"has-product-nav","19":"col","20":"span_1_of_3","21":"owp-content-center","22":"owp-thumbs-layout-horizontal","23":"owp-btn-normal","24":"owp-tabs-layout-horizontal","25":"has-no-thumbnails"},"yoast_head":"<!-- This site is optimized with the Yoast SEO plugin v27.5 - https:\/\/yoast.com\/product\/yoast-seo-wordpress\/ -->\n<title>Velvet Wosk do depilacji Karite 100 ml - velesnails<\/title>\n<meta name=\"robots\" content=\"index, follow, max-snippet:-1, max-image-preview:large, max-video-preview:-1\" \/>\n<link rel=\"canonical\" href=\"https:\/\/velesnails.pl\/en\/product\/velvet-wosk-do-depilacji-karite-100-ml\/\" \/>\n<meta property=\"og:locale\" content=\"en_GB\" \/>\n<meta property=\"og:type\" content=\"article\" \/>\n<meta property=\"og:title\" content=\"Velvet Wosk do depilacji Karite 100 ml - velesnails\" \/>\n<meta property=\"og:description\" content=\"Wosk charakteryzuje si\u0119 doskona\u0142\u0105 przyczepno\u015bci\u0105, jest \u0142atwy w rozprowadzaniu, usuwa nawet uporczywie mocne ow\u0142osienie. Jest \u0142agodny dla sk\u00f3ry, \u0142atwo si\u0119 rozgrzewa w naczyniu z gor\u0105c\u0105 wod\u0105 oraz w standardowych podgrzewaczach do aplikator\u00f3w. Ewentualne resztki \u0142atwo zmywa si\u0119 oliwk\u0105 po depilacji. Regularne jego stosowanie os\u0142abia w\u0142osy i spowalnia ich odrastanie. Wosk posiada szerok\u0105 rolk\u0119 typu &#8222;roll-on&#8221; [&hellip;]\" \/>\n<meta property=\"og:url\" content=\"https:\/\/velesnails.pl\/en\/product\/velvet-wosk-do-depilacji-karite-100-ml\/\" \/>\n<meta property=\"og:site_name\" content=\"velesnails\" \/>\n<meta property=\"article:modified_time\" content=\"2026-01-18T06:42:45+00:00\" \/>\n<meta property=\"og:image\" content=\"https:\/\/velesnails.pl\/wp-content\/uploads\/2024\/07\/Velvet-Wosk-do-depilacji-Karite-100-ml.png\" \/>\n\t<meta property=\"og:image:width\" content=\"845\" \/>\n\t<meta property=\"og:image:height\" content=\"848\" \/>\n\t<meta property=\"og:image:type\" content=\"image\/png\" \/>\n<meta name=\"twitter:card\" content=\"summary_large_image\" \/>\n<meta name=\"twitter:label1\" content=\"Estimated reading time\" \/>\n\t<meta name=\"twitter:data1\" content=\"3 minutes\" \/>\n<script type=\"application\/ld+json\" class=\"yoast-schema-graph\">{\"@context\":\"https:\\\/\\\/schema.org\",\"@graph\":[{\"@type\":\"WebPage\",\"@id\":\"https:\\\/\\\/velesnails.pl\\\/product\\\/velvet-wosk-do-depilacji-karite-100-ml\\\/\",\"url\":\"https:\\\/\\\/velesnails.pl\\\/product\\\/velvet-wosk-do-depilacji-karite-100-ml\\\/\",\"name\":\"Velvet Wosk do depilacji Karite 100 ml - velesnails\",\"isPartOf\":{\"@id\":\"https:\\\/\\\/velesnails.pl\\\/#website\"},\"primaryImageOfPage\":{\"@id\":\"https:\\\/\\\/velesnails.pl\\\/product\\\/velvet-wosk-do-depilacji-karite-100-ml\\\/#primaryimage\"},\"image\":{\"@id\":\"https:\\\/\\\/velesnails.pl\\\/product\\\/velvet-wosk-do-depilacji-karite-100-ml\\\/#primaryimage\"},\"thumbnailUrl\":\"https:\\\/\\\/i0.wp.com\\\/velesnails.pl\\\/wp-content\\\/uploads\\\/2024\\\/07\\\/Velvet-Wosk-do-depilacji-Karite-100-ml.png?fit=845%2C848&ssl=1\",\"datePublished\":\"2024-07-31T10:00:51+00:00\",\"dateModified\":\"2026-01-18T06:42:45+00:00\",\"breadcrumb\":{\"@id\":\"https:\\\/\\\/velesnails.pl\\\/product\\\/velvet-wosk-do-depilacji-karite-100-ml\\\/#breadcrumb\"},\"inLanguage\":\"en-GB\",\"potentialAction\":[{\"@type\":\"ReadAction\",\"target\":[\"https:\\\/\\\/velesnails.pl\\\/product\\\/velvet-wosk-do-depilacji-karite-100-ml\\\/\"]}]},{\"@type\":\"ImageObject\",\"inLanguage\":\"en-GB\",\"@id\":\"https:\\\/\\\/velesnails.pl\\\/product\\\/velvet-wosk-do-depilacji-karite-100-ml\\\/#primaryimage\",\"url\":\"https:\\\/\\\/i0.wp.com\\\/velesnails.pl\\\/wp-content\\\/uploads\\\/2024\\\/07\\\/Velvet-Wosk-do-depilacji-Karite-100-ml.png?fit=845%2C848&ssl=1\",\"contentUrl\":\"https:\\\/\\\/i0.wp.com\\\/velesnails.pl\\\/wp-content\\\/uploads\\\/2024\\\/07\\\/Velvet-Wosk-do-depilacji-Karite-100-ml.png?fit=845%2C848&ssl=1\",\"width\":845,\"height\":848},{\"@type\":\"BreadcrumbList\",\"@id\":\"https:\\\/\\\/velesnails.pl\\\/product\\\/velvet-wosk-do-depilacji-karite-100-ml\\\/#breadcrumb\",\"itemListElement\":[{\"@type\":\"ListItem\",\"position\":1,\"name\":\"\u0413\u043e\u043b\u043e\u0432\u043d\u0430\",\"item\":\"https:\\\/\\\/velesnails.pl\\\/\"},{\"@type\":\"ListItem\",\"position\":2,\"name\":\"Sklep\",\"item\":\"https:\\\/\\\/velesnails.pl\\\/shop\\\/\"},{\"@type\":\"ListItem\",\"position\":3,\"name\":\"Velvet Wosk do depilacji Karite 100 ml\"}]},{\"@type\":\"WebSite\",\"@id\":\"https:\\\/\\\/velesnails.pl\\\/#website\",\"url\":\"https:\\\/\\\/velesnails.pl\\\/\",\"name\":\"velesnails\",\"description\":\"Sklep z manicure\",\"publisher\":{\"@id\":\"https:\\\/\\\/velesnails.pl\\\/#organization\"},\"potentialAction\":[{\"@type\":\"SearchAction\",\"target\":{\"@type\":\"EntryPoint\",\"urlTemplate\":\"https:\\\/\\\/velesnails.pl\\\/?s={search_term_string}\"},\"query-input\":{\"@type\":\"PropertyValueSpecification\",\"valueRequired\":true,\"valueName\":\"search_term_string\"}}],\"inLanguage\":\"en-GB\"},{\"@type\":\"Organization\",\"@id\":\"https:\\\/\\\/velesnails.pl\\\/#organization\",\"name\":\"velesnails\",\"url\":\"https:\\\/\\\/velesnails.pl\\\/\",\"logo\":{\"@type\":\"ImageObject\",\"inLanguage\":\"en-GB\",\"@id\":\"https:\\\/\\\/velesnails.pl\\\/#\\\/schema\\\/logo\\\/image\\\/\",\"url\":\"https:\\\/\\\/i0.wp.com\\\/velesnails.pl\\\/wp-content\\\/uploads\\\/2025\\\/10\\\/cropped-obraz_viber_2025-10-22_13-55-55-969.jpg?fit=485%2C381&ssl=1\",\"contentUrl\":\"https:\\\/\\\/i0.wp.com\\\/velesnails.pl\\\/wp-content\\\/uploads\\\/2025\\\/10\\\/cropped-obraz_viber_2025-10-22_13-55-55-969.jpg?fit=485%2C381&ssl=1\",\"width\":485,\"height\":381,\"caption\":\"velesnails\"},\"image\":{\"@id\":\"https:\\\/\\\/velesnails.pl\\\/#\\\/schema\\\/logo\\\/image\\\/\"}}]}<\/script>\n<!-- \/ Yoast SEO plugin. -->","yoast_head_json":{"title":"Velvet Wosk do depilacji Karite 100 ml - velesnails","robots":{"index":"index","follow":"follow","max-snippet":"max-snippet:-1","max-image-preview":"max-image-preview:large","max-video-preview":"max-video-preview:-1"},"canonical":"https:\/\/velesnails.pl\/en\/product\/velvet-wosk-do-depilacji-karite-100-ml\/","og_locale":"en_GB","og_type":"article","og_title":"Velvet Wosk do depilacji Karite 100 ml - velesnails","og_description":"Wosk charakteryzuje si\u0119 doskona\u0142\u0105 przyczepno\u015bci\u0105, jest \u0142atwy w rozprowadzaniu, usuwa nawet uporczywie mocne ow\u0142osienie. Jest \u0142agodny dla sk\u00f3ry, \u0142atwo si\u0119 rozgrzewa w naczyniu z gor\u0105c\u0105 wod\u0105 oraz w standardowych podgrzewaczach do aplikator\u00f3w. Ewentualne resztki \u0142atwo zmywa si\u0119 oliwk\u0105 po depilacji. Regularne jego stosowanie os\u0142abia w\u0142osy i spowalnia ich odrastanie. Wosk posiada szerok\u0105 rolk\u0119 typu &#8222;roll-on&#8221; [&hellip;]","og_url":"https:\/\/velesnails.pl\/en\/product\/velvet-wosk-do-depilacji-karite-100-ml\/","og_site_name":"velesnails","article_modified_time":"2026-01-18T06:42:45+00:00","og_image":[{"width":845,"height":848,"url":"https:\/\/velesnails.pl\/wp-content\/uploads\/2024\/07\/Velvet-Wosk-do-depilacji-Karite-100-ml.png","type":"image\/png"}],"twitter_card":"summary_large_image","twitter_misc":{"Estimated reading time":"3 minutes"},"schema":{"@context":"https:\/\/schema.org","@graph":[{"@type":"WebPage","@id":"https:\/\/velesnails.pl\/product\/velvet-wosk-do-depilacji-karite-100-ml\/","url":"https:\/\/velesnails.pl\/product\/velvet-wosk-do-depilacji-karite-100-ml\/","name":"Velvet Wosk do depilacji Karite 100 ml - velesnails","isPartOf":{"@id":"https:\/\/velesnails.pl\/#website"},"primaryImageOfPage":{"@id":"https:\/\/velesnails.pl\/product\/velvet-wosk-do-depilacji-karite-100-ml\/#primaryimage"},"image":{"@id":"https:\/\/velesnails.pl\/product\/velvet-wosk-do-depilacji-karite-100-ml\/#primaryimage"},"thumbnailUrl":"https:\/\/i0.wp.com\/velesnails.pl\/wp-content\/uploads\/2024\/07\/Velvet-Wosk-do-depilacji-Karite-100-ml.png?fit=845%2C848&ssl=1","datePublished":"2024-07-31T10:00:51+00:00","dateModified":"2026-01-18T06:42:45+00:00","breadcrumb":{"@id":"https:\/\/velesnails.pl\/product\/velvet-wosk-do-depilacji-karite-100-ml\/#breadcrumb"},"inLanguage":"en-GB","potentialAction":[{"@type":"ReadAction","target":["https:\/\/velesnails.pl\/product\/velvet-wosk-do-depilacji-karite-100-ml\/"]}]},{"@type":"ImageObject","inLanguage":"en-GB","@id":"https:\/\/velesnails.pl\/product\/velvet-wosk-do-depilacji-karite-100-ml\/#primaryimage","url":"https:\/\/i0.wp.com\/velesnails.pl\/wp-content\/uploads\/2024\/07\/Velvet-Wosk-do-depilacji-Karite-100-ml.png?fit=845%2C848&ssl=1","contentUrl":"https:\/\/i0.wp.com\/velesnails.pl\/wp-content\/uploads\/2024\/07\/Velvet-Wosk-do-depilacji-Karite-100-ml.png?fit=845%2C848&ssl=1","width":845,"height":848},{"@type":"BreadcrumbList","@id":"https:\/\/velesnails.pl\/product\/velvet-wosk-do-depilacji-karite-100-ml\/#breadcrumb","itemListElement":[{"@type":"ListItem","position":1,"name":"\u0413\u043e\u043b\u043e\u0432\u043d\u0430","item":"https:\/\/velesnails.pl\/"},{"@type":"ListItem","position":2,"name":"Sklep","item":"https:\/\/velesnails.pl\/shop\/"},{"@type":"ListItem","position":3,"name":"Velvet Wosk do depilacji Karite 100 ml"}]},{"@type":"WebSite","@id":"https:\/\/velesnails.pl\/#website","url":"https:\/\/velesnails.pl\/","name":"velesnails","description":"Manicure shop","publisher":{"@id":"https:\/\/velesnails.pl\/#organization"},"potentialAction":[{"@type":"SearchAction","target":{"@type":"EntryPoint","urlTemplate":"https:\/\/velesnails.pl\/?s={search_term_string}"},"query-input":{"@type":"PropertyValueSpecification","valueRequired":true,"valueName":"search_term_string"}}],"inLanguage":"en-GB"},{"@type":"Organization","@id":"https:\/\/velesnails.pl\/#organization","name":"velesnails","url":"https:\/\/velesnails.pl\/","logo":{"@type":"ImageObject","inLanguage":"en-GB","@id":"https:\/\/velesnails.pl\/#\/schema\/logo\/image\/","url":"https:\/\/i0.wp.com\/velesnails.pl\/wp-content\/uploads\/2025\/10\/cropped-obraz_viber_2025-10-22_13-55-55-969.jpg?fit=485%2C381&ssl=1","contentUrl":"https:\/\/i0.wp.com\/velesnails.pl\/wp-content\/uploads\/2025\/10\/cropped-obraz_viber_2025-10-22_13-55-55-969.jpg?fit=485%2C381&ssl=1","width":485,"height":381,"caption":"velesnails"},"image":{"@id":"https:\/\/velesnails.pl\/#\/schema\/logo\/image\/"}}]}},"_links":{"self":[{"href":"https:\/\/velesnails.pl\/en\/wp-json\/wp\/v2\/product\/3801","targetHints":{"allow":["GET"]}}],"collection":[{"href":"https:\/\/velesnails.pl\/en\/wp-json\/wp\/v2\/product"}],"about":[{"href":"https:\/\/velesnails.pl\/en\/wp-json\/wp\/v2\/types\/product"}],"replies":[{"embeddable":true,"href":"https:\/\/velesnails.pl\/en\/wp-json\/wp\/v2\/comments?post=3801"}],"wp:featuredmedia":[{"embeddable":true,"href":"https:\/\/velesnails.pl\/en\/wp-json\/wp\/v2\/media\/3802"}],"wp:attachment":[{"href":"https:\/\/velesnails.pl\/en\/wp-json\/wp\/v2\/media?parent=3801"}],"wp:term":[{"taxonomy":"product_brand","embeddable":true,"href":"https:\/\/velesnails.pl\/en\/wp-json\/wp\/v2\/product_brand?post=3801"},{"taxonomy":"product_cat","embeddable":true,"href":"https:\/\/velesnails.pl\/en\/wp-json\/wp\/v2\/product_cat?post=3801"},{"taxonomy":"product_tag","embeddable":true,"href":"https:\/\/velesnails.pl\/en\/wp-json\/wp\/v2\/product_tag?post=3801"}],"curies":[{"name":"wp","href":"https:\/\/api.w.org\/{rel}","templated":true}]}}