{"id":3789,"date":"2024-07-31T12:18:47","date_gmt":"2024-07-31T09:18:47","guid":{"rendered":"https:\/\/velesnails.loc\/?post_type=product&#038;p=3789"},"modified":"2026-01-18T10:38:50","modified_gmt":"2026-01-18T07:38:50","slug":"bielenda-luksusowy-krem-regenerujacy-na-dlonie-i-paznokcie-500-ml","status":"publish","type":"product","link":"https:\/\/velesnails.pl\/en\/product\/bielenda-luksusowy-krem-regenerujacy-na-dlonie-i-paznokcie-500-ml\/","title":{"rendered":"Bielenda luksusowy krem regeneruj\u0105cy na d\u0142onie i paznokcie 500 ml"},"content":{"rendered":"<p>Silnie regeneruj\u0105cy preparat o satynowej konsystencji i doskona\u0142ej wch\u0142anialno\u015bci. W spos\u00f3b widoczny i efektowny uj\u0119drnia i wyg\u0142adza sk\u00f3r\u0119 r\u0105k, kt\u00f3ra staje si\u0119 aksamitnie mi\u0119kka i delikatna w dotyku.<\/p>\n<p>Sk\u0142adniki aktywne:<\/p>\n<p>Proteiny jedwabiu &#8211; jak niewidzialna r\u0119kawiczka chroni\u0105 sk\u00f3r\u0119 przed szkodliwym wp\u0142ywem zewn\u0119trznego \u015brodowiska, a mikrokokon z fibroiny (bia\u0142ko jedwabiu) skutecznie zatrzymuje wod\u0119 w nask\u00f3rku i pomaga utrzyma\u0107 spr\u0119\u017cysto\u015b\u0107 sk\u00f3ry.<br \/>\nKompleks witamin: PP, B5, B6, C, i E od\u017cywia i wzmacnia nask\u00f3rek i paznokcie, dotlenia i rewiatlizuje sk\u00f3r\u0119, chroni przed starzeniem i pojawieniem si\u0119 zmarszczek.<br \/>\nWapno i D-pantenol wnikaj\u0105 w p\u0142ytki paznokciowe wi\u0105\u017c\u0105 si\u0119 z keratyn\u0105 paznokci i doskonale je wzmacniaj\u0105.<br \/>\nMethod of use:<\/p>\n<p>Niewielk\u0105 ilo\u015b\u0107 kremu delikatnie wmasowa\u0107 w sk\u00f3r\u0119 d\u0142oni, przestrzenie mi\u0119dzy palcami i paznokcie.<br \/>\nRezultat: D\u0142ugotrwale nawil\u017cona, jedwabi\u015bcie mi\u0119kka i g\u0142adka sk\u00f3ra d\u0142oni.<\/p>\n<p>Pojemno\u015b\u0107: 500 ml<\/p>","protected":false},"excerpt":{"rendered":"<p>Silnie regeneruj\u0105cy preparat o satynowej konsystencji i doskona\u0142ej wch\u0142anialno\u015bci. W spos\u00f3b widoczny i efektowny uj\u0119drnia i wyg\u0142adza sk\u00f3r\u0119 r\u0105k, kt\u00f3ra staje si\u0119 aksamitnie mi\u0119kka i delikatna w dotyku. Sk\u0142adniki aktywne: Proteiny jedwabiu &#8211; jak niewidzialna r\u0119kawiczka chroni\u0105 sk\u00f3r\u0119 przed szkodliwym wp\u0142ywem zewn\u0119trznego \u015brodowiska, a mikrokokon z fibroiny (bia\u0142ko jedwabiu) skutecznie zatrzymuje wod\u0119 w nask\u00f3rku i [&hellip;]<\/p>\n","protected":false},"featured_media":3790,"comment_status":"open","ping_status":"closed","template":"","meta":{"om_disable_all_campaigns":false,"ocean_post_layout":"","ocean_both_sidebars_style":"","ocean_both_sidebars_content_width":0,"ocean_both_sidebars_sidebars_width":0,"ocean_sidebar":"0","ocean_second_sidebar":"0","ocean_disable_margins":"enable","ocean_add_body_class":"","ocean_shortcode_before_top_bar":"","ocean_shortcode_after_top_bar":"","ocean_shortcode_before_header":"","ocean_shortcode_after_header":"","ocean_has_shortcode":"","ocean_shortcode_after_title":"","ocean_shortcode_before_footer_widgets":"","ocean_shortcode_after_footer_widgets":"","ocean_shortcode_before_footer_bottom":"","ocean_shortcode_after_footer_bottom":"","ocean_display_top_bar":"default","ocean_display_header":"default","ocean_header_style":"","ocean_center_header_left_menu":"0","ocean_custom_header_template":"0","ocean_custom_logo":0,"ocean_custom_retina_logo":0,"ocean_custom_logo_max_width":0,"ocean_custom_logo_tablet_max_width":0,"ocean_custom_logo_mobile_max_width":0,"ocean_custom_logo_max_height":0,"ocean_custom_logo_tablet_max_height":0,"ocean_custom_logo_mobile_max_height":0,"ocean_header_custom_menu":"0","ocean_menu_typo_font_family":"0","ocean_menu_typo_font_subset":"","ocean_menu_typo_font_size":0,"ocean_menu_typo_font_size_tablet":0,"ocean_menu_typo_font_size_mobile":0,"ocean_menu_typo_font_size_unit":"px","ocean_menu_typo_font_weight":"","ocean_menu_typo_font_weight_tablet":"","ocean_menu_typo_font_weight_mobile":"","ocean_menu_typo_transform":"","ocean_menu_typo_transform_tablet":"","ocean_menu_typo_transform_mobile":"","ocean_menu_typo_line_height":0,"ocean_menu_typo_line_height_tablet":0,"ocean_menu_typo_line_height_mobile":0,"ocean_menu_typo_line_height_unit":"","ocean_menu_typo_spacing":0,"ocean_menu_typo_spacing_tablet":0,"ocean_menu_typo_spacing_mobile":0,"ocean_menu_typo_spacing_unit":"","ocean_menu_link_color":"","ocean_menu_link_color_hover":"","ocean_menu_link_color_active":"","ocean_menu_link_background":"","ocean_menu_link_hover_background":"","ocean_menu_link_active_background":"","ocean_menu_social_links_bg":"","ocean_menu_social_hover_links_bg":"","ocean_menu_social_links_color":"","ocean_menu_social_hover_links_color":"","ocean_disable_title":"default","ocean_disable_heading":"default","ocean_post_title":"","ocean_post_subheading":"","ocean_post_title_style":"","ocean_post_title_background_color":"","ocean_post_title_background":0,"ocean_post_title_bg_image_position":"","ocean_post_title_bg_image_attachment":"","ocean_post_title_bg_image_repeat":"","ocean_post_title_bg_image_size":"","ocean_post_title_height":0,"ocean_post_title_bg_overlay":0.5,"ocean_post_title_bg_overlay_color":"","ocean_disable_breadcrumbs":"default","ocean_breadcrumbs_color":"","ocean_breadcrumbs_separator_color":"","ocean_breadcrumbs_links_color":"","ocean_breadcrumbs_links_hover_color":"","ocean_display_footer_widgets":"default","ocean_display_footer_bottom":"default","ocean_custom_footer_template":"0"},"product_brand":[],"product_cat":[169,110],"product_tag":[],"class_list":{"0":"post-3789","1":"product","2":"type-product","3":"status-publish","4":"has-post-thumbnail","6":"product_cat-kosmetyki-i-preparaty","7":"product_cat-paznokcie","9":"entry","10":"has-media","12":"first","13":"instock","14":"taxable","15":"shipping-taxable","16":"purchasable","17":"product-type-simple","18":"has-product-nav","19":"col","20":"span_1_of_3","21":"owp-content-center","22":"owp-thumbs-layout-horizontal","23":"owp-btn-normal","24":"owp-tabs-layout-horizontal","25":"has-no-thumbnails"},"yoast_head":"<!-- This site is optimized with the Yoast SEO plugin v27.6 - https:\/\/yoast.com\/product\/yoast-seo-wordpress\/ -->\n<title>Bielenda luksusowy krem regeneruj\u0105cy na d\u0142onie i paznokcie 500 ml - velesnails<\/title>\n<meta name=\"robots\" content=\"index, follow, max-snippet:-1, max-image-preview:large, max-video-preview:-1\" \/>\n<link rel=\"canonical\" href=\"https:\/\/velesnails.pl\/en\/product\/bielenda-luksusowy-krem-regenerujacy-na-dlonie-i-paznokcie-500-ml\/\" \/>\n<meta property=\"og:locale\" content=\"en_GB\" \/>\n<meta property=\"og:type\" content=\"article\" \/>\n<meta property=\"og:title\" content=\"Bielenda luksusowy krem regeneruj\u0105cy na d\u0142onie i paznokcie 500 ml - velesnails\" \/>\n<meta property=\"og:description\" content=\"Silnie regeneruj\u0105cy preparat o satynowej konsystencji i doskona\u0142ej wch\u0142anialno\u015bci. W spos\u00f3b widoczny i efektowny uj\u0119drnia i wyg\u0142adza sk\u00f3r\u0119 r\u0105k, kt\u00f3ra staje si\u0119 aksamitnie mi\u0119kka i delikatna w dotyku. Sk\u0142adniki aktywne: Proteiny jedwabiu &#8211; jak niewidzialna r\u0119kawiczka chroni\u0105 sk\u00f3r\u0119 przed szkodliwym wp\u0142ywem zewn\u0119trznego \u015brodowiska, a mikrokokon z fibroiny (bia\u0142ko jedwabiu) skutecznie zatrzymuje wod\u0119 w nask\u00f3rku i [&hellip;]\" \/>\n<meta property=\"og:url\" content=\"https:\/\/velesnails.pl\/en\/product\/bielenda-luksusowy-krem-regenerujacy-na-dlonie-i-paznokcie-500-ml\/\" \/>\n<meta property=\"og:site_name\" content=\"velesnails\" \/>\n<meta property=\"article:modified_time\" content=\"2026-01-18T07:38:50+00:00\" \/>\n<meta property=\"og:image\" content=\"https:\/\/velesnails.pl\/wp-content\/uploads\/2024\/07\/Bielenda-luksusowy-krem-500-ml.png\" \/>\n\t<meta property=\"og:image:width\" content=\"837\" \/>\n\t<meta property=\"og:image:height\" content=\"853\" \/>\n\t<meta property=\"og:image:type\" content=\"image\/png\" \/>\n<meta name=\"twitter:card\" content=\"summary_large_image\" \/>\n<meta name=\"twitter:label1\" content=\"Estimated reading time\" \/>\n\t<meta name=\"twitter:data1\" content=\"1 minute\" \/>\n<script type=\"application\/ld+json\" class=\"yoast-schema-graph\">{\"@context\":\"https:\\\/\\\/schema.org\",\"@graph\":[{\"@type\":\"WebPage\",\"@id\":\"https:\\\/\\\/velesnails.pl\\\/product\\\/bielenda-luksusowy-krem-regenerujacy-na-dlonie-i-paznokcie-500-ml\\\/\",\"url\":\"https:\\\/\\\/velesnails.pl\\\/product\\\/bielenda-luksusowy-krem-regenerujacy-na-dlonie-i-paznokcie-500-ml\\\/\",\"name\":\"Bielenda luksusowy krem regeneruj\u0105cy na d\u0142onie i paznokcie 500 ml - velesnails\",\"isPartOf\":{\"@id\":\"https:\\\/\\\/velesnails.pl\\\/#website\"},\"primaryImageOfPage\":{\"@id\":\"https:\\\/\\\/velesnails.pl\\\/product\\\/bielenda-luksusowy-krem-regenerujacy-na-dlonie-i-paznokcie-500-ml\\\/#primaryimage\"},\"image\":{\"@id\":\"https:\\\/\\\/velesnails.pl\\\/product\\\/bielenda-luksusowy-krem-regenerujacy-na-dlonie-i-paznokcie-500-ml\\\/#primaryimage\"},\"thumbnailUrl\":\"https:\\\/\\\/i0.wp.com\\\/velesnails.pl\\\/wp-content\\\/uploads\\\/2024\\\/07\\\/Bielenda-luksusowy-krem-500-ml.png?fit=837%2C853&ssl=1\",\"datePublished\":\"2024-07-31T09:18:47+00:00\",\"dateModified\":\"2026-01-18T07:38:50+00:00\",\"breadcrumb\":{\"@id\":\"https:\\\/\\\/velesnails.pl\\\/product\\\/bielenda-luksusowy-krem-regenerujacy-na-dlonie-i-paznokcie-500-ml\\\/#breadcrumb\"},\"inLanguage\":\"en-GB\",\"potentialAction\":[{\"@type\":\"ReadAction\",\"target\":[\"https:\\\/\\\/velesnails.pl\\\/product\\\/bielenda-luksusowy-krem-regenerujacy-na-dlonie-i-paznokcie-500-ml\\\/\"]}]},{\"@type\":\"ImageObject\",\"inLanguage\":\"en-GB\",\"@id\":\"https:\\\/\\\/velesnails.pl\\\/product\\\/bielenda-luksusowy-krem-regenerujacy-na-dlonie-i-paznokcie-500-ml\\\/#primaryimage\",\"url\":\"https:\\\/\\\/i0.wp.com\\\/velesnails.pl\\\/wp-content\\\/uploads\\\/2024\\\/07\\\/Bielenda-luksusowy-krem-500-ml.png?fit=837%2C853&ssl=1\",\"contentUrl\":\"https:\\\/\\\/i0.wp.com\\\/velesnails.pl\\\/wp-content\\\/uploads\\\/2024\\\/07\\\/Bielenda-luksusowy-krem-500-ml.png?fit=837%2C853&ssl=1\",\"width\":837,\"height\":853},{\"@type\":\"BreadcrumbList\",\"@id\":\"https:\\\/\\\/velesnails.pl\\\/product\\\/bielenda-luksusowy-krem-regenerujacy-na-dlonie-i-paznokcie-500-ml\\\/#breadcrumb\",\"itemListElement\":[{\"@type\":\"ListItem\",\"position\":1,\"name\":\"\u0413\u043e\u043b\u043e\u0432\u043d\u0430\",\"item\":\"https:\\\/\\\/velesnails.pl\\\/\"},{\"@type\":\"ListItem\",\"position\":2,\"name\":\"Sklep\",\"item\":\"https:\\\/\\\/velesnails.pl\\\/shop\\\/\"},{\"@type\":\"ListItem\",\"position\":3,\"name\":\"Bielenda luksusowy krem regeneruj\u0105cy na d\u0142onie i paznokcie 500 ml\"}]},{\"@type\":\"WebSite\",\"@id\":\"https:\\\/\\\/velesnails.pl\\\/#website\",\"url\":\"https:\\\/\\\/velesnails.pl\\\/\",\"name\":\"velesnails\",\"description\":\"Sklep z manicure\",\"publisher\":{\"@id\":\"https:\\\/\\\/velesnails.pl\\\/#organization\"},\"potentialAction\":[{\"@type\":\"SearchAction\",\"target\":{\"@type\":\"EntryPoint\",\"urlTemplate\":\"https:\\\/\\\/velesnails.pl\\\/?s={search_term_string}\"},\"query-input\":{\"@type\":\"PropertyValueSpecification\",\"valueRequired\":true,\"valueName\":\"search_term_string\"}}],\"inLanguage\":\"en-GB\"},{\"@type\":\"Organization\",\"@id\":\"https:\\\/\\\/velesnails.pl\\\/#organization\",\"name\":\"velesnails\",\"url\":\"https:\\\/\\\/velesnails.pl\\\/\",\"logo\":{\"@type\":\"ImageObject\",\"inLanguage\":\"en-GB\",\"@id\":\"https:\\\/\\\/velesnails.pl\\\/#\\\/schema\\\/logo\\\/image\\\/\",\"url\":\"https:\\\/\\\/i0.wp.com\\\/velesnails.pl\\\/wp-content\\\/uploads\\\/2025\\\/10\\\/cropped-obraz_viber_2025-10-22_13-55-55-969.jpg?fit=485%2C381&ssl=1\",\"contentUrl\":\"https:\\\/\\\/i0.wp.com\\\/velesnails.pl\\\/wp-content\\\/uploads\\\/2025\\\/10\\\/cropped-obraz_viber_2025-10-22_13-55-55-969.jpg?fit=485%2C381&ssl=1\",\"width\":485,\"height\":381,\"caption\":\"velesnails\"},\"image\":{\"@id\":\"https:\\\/\\\/velesnails.pl\\\/#\\\/schema\\\/logo\\\/image\\\/\"}}]}<\/script>\n<!-- \/ Yoast SEO plugin. -->","yoast_head_json":{"title":"Bielenda luksusowy krem regeneruj\u0105cy na d\u0142onie i paznokcie 500 ml - velesnails","robots":{"index":"index","follow":"follow","max-snippet":"max-snippet:-1","max-image-preview":"max-image-preview:large","max-video-preview":"max-video-preview:-1"},"canonical":"https:\/\/velesnails.pl\/en\/product\/bielenda-luksusowy-krem-regenerujacy-na-dlonie-i-paznokcie-500-ml\/","og_locale":"en_GB","og_type":"article","og_title":"Bielenda luksusowy krem regeneruj\u0105cy na d\u0142onie i paznokcie 500 ml - velesnails","og_description":"Silnie regeneruj\u0105cy preparat o satynowej konsystencji i doskona\u0142ej wch\u0142anialno\u015bci. W spos\u00f3b widoczny i efektowny uj\u0119drnia i wyg\u0142adza sk\u00f3r\u0119 r\u0105k, kt\u00f3ra staje si\u0119 aksamitnie mi\u0119kka i delikatna w dotyku. Sk\u0142adniki aktywne: Proteiny jedwabiu &#8211; jak niewidzialna r\u0119kawiczka chroni\u0105 sk\u00f3r\u0119 przed szkodliwym wp\u0142ywem zewn\u0119trznego \u015brodowiska, a mikrokokon z fibroiny (bia\u0142ko jedwabiu) skutecznie zatrzymuje wod\u0119 w nask\u00f3rku i [&hellip;]","og_url":"https:\/\/velesnails.pl\/en\/product\/bielenda-luksusowy-krem-regenerujacy-na-dlonie-i-paznokcie-500-ml\/","og_site_name":"velesnails","article_modified_time":"2026-01-18T07:38:50+00:00","og_image":[{"width":837,"height":853,"url":"https:\/\/velesnails.pl\/wp-content\/uploads\/2024\/07\/Bielenda-luksusowy-krem-500-ml.png","type":"image\/png"}],"twitter_card":"summary_large_image","twitter_misc":{"Estimated reading time":"1 minute"},"schema":{"@context":"https:\/\/schema.org","@graph":[{"@type":"WebPage","@id":"https:\/\/velesnails.pl\/product\/bielenda-luksusowy-krem-regenerujacy-na-dlonie-i-paznokcie-500-ml\/","url":"https:\/\/velesnails.pl\/product\/bielenda-luksusowy-krem-regenerujacy-na-dlonie-i-paznokcie-500-ml\/","name":"Bielenda luksusowy krem regeneruj\u0105cy na d\u0142onie i paznokcie 500 ml - velesnails","isPartOf":{"@id":"https:\/\/velesnails.pl\/#website"},"primaryImageOfPage":{"@id":"https:\/\/velesnails.pl\/product\/bielenda-luksusowy-krem-regenerujacy-na-dlonie-i-paznokcie-500-ml\/#primaryimage"},"image":{"@id":"https:\/\/velesnails.pl\/product\/bielenda-luksusowy-krem-regenerujacy-na-dlonie-i-paznokcie-500-ml\/#primaryimage"},"thumbnailUrl":"https:\/\/i0.wp.com\/velesnails.pl\/wp-content\/uploads\/2024\/07\/Bielenda-luksusowy-krem-500-ml.png?fit=837%2C853&ssl=1","datePublished":"2024-07-31T09:18:47+00:00","dateModified":"2026-01-18T07:38:50+00:00","breadcrumb":{"@id":"https:\/\/velesnails.pl\/product\/bielenda-luksusowy-krem-regenerujacy-na-dlonie-i-paznokcie-500-ml\/#breadcrumb"},"inLanguage":"en-GB","potentialAction":[{"@type":"ReadAction","target":["https:\/\/velesnails.pl\/product\/bielenda-luksusowy-krem-regenerujacy-na-dlonie-i-paznokcie-500-ml\/"]}]},{"@type":"ImageObject","inLanguage":"en-GB","@id":"https:\/\/velesnails.pl\/product\/bielenda-luksusowy-krem-regenerujacy-na-dlonie-i-paznokcie-500-ml\/#primaryimage","url":"https:\/\/i0.wp.com\/velesnails.pl\/wp-content\/uploads\/2024\/07\/Bielenda-luksusowy-krem-500-ml.png?fit=837%2C853&ssl=1","contentUrl":"https:\/\/i0.wp.com\/velesnails.pl\/wp-content\/uploads\/2024\/07\/Bielenda-luksusowy-krem-500-ml.png?fit=837%2C853&ssl=1","width":837,"height":853},{"@type":"BreadcrumbList","@id":"https:\/\/velesnails.pl\/product\/bielenda-luksusowy-krem-regenerujacy-na-dlonie-i-paznokcie-500-ml\/#breadcrumb","itemListElement":[{"@type":"ListItem","position":1,"name":"\u0413\u043e\u043b\u043e\u0432\u043d\u0430","item":"https:\/\/velesnails.pl\/"},{"@type":"ListItem","position":2,"name":"Sklep","item":"https:\/\/velesnails.pl\/shop\/"},{"@type":"ListItem","position":3,"name":"Bielenda luksusowy krem regeneruj\u0105cy na d\u0142onie i paznokcie 500 ml"}]},{"@type":"WebSite","@id":"https:\/\/velesnails.pl\/#website","url":"https:\/\/velesnails.pl\/","name":"velesnails","description":"Manicure shop","publisher":{"@id":"https:\/\/velesnails.pl\/#organization"},"potentialAction":[{"@type":"SearchAction","target":{"@type":"EntryPoint","urlTemplate":"https:\/\/velesnails.pl\/?s={search_term_string}"},"query-input":{"@type":"PropertyValueSpecification","valueRequired":true,"valueName":"search_term_string"}}],"inLanguage":"en-GB"},{"@type":"Organization","@id":"https:\/\/velesnails.pl\/#organization","name":"velesnails","url":"https:\/\/velesnails.pl\/","logo":{"@type":"ImageObject","inLanguage":"en-GB","@id":"https:\/\/velesnails.pl\/#\/schema\/logo\/image\/","url":"https:\/\/i0.wp.com\/velesnails.pl\/wp-content\/uploads\/2025\/10\/cropped-obraz_viber_2025-10-22_13-55-55-969.jpg?fit=485%2C381&ssl=1","contentUrl":"https:\/\/i0.wp.com\/velesnails.pl\/wp-content\/uploads\/2025\/10\/cropped-obraz_viber_2025-10-22_13-55-55-969.jpg?fit=485%2C381&ssl=1","width":485,"height":381,"caption":"velesnails"},"image":{"@id":"https:\/\/velesnails.pl\/#\/schema\/logo\/image\/"}}]}},"_links":{"self":[{"href":"https:\/\/velesnails.pl\/en\/wp-json\/wp\/v2\/product\/3789","targetHints":{"allow":["GET"]}}],"collection":[{"href":"https:\/\/velesnails.pl\/en\/wp-json\/wp\/v2\/product"}],"about":[{"href":"https:\/\/velesnails.pl\/en\/wp-json\/wp\/v2\/types\/product"}],"replies":[{"embeddable":true,"href":"https:\/\/velesnails.pl\/en\/wp-json\/wp\/v2\/comments?post=3789"}],"wp:featuredmedia":[{"embeddable":true,"href":"https:\/\/velesnails.pl\/en\/wp-json\/wp\/v2\/media\/3790"}],"wp:attachment":[{"href":"https:\/\/velesnails.pl\/en\/wp-json\/wp\/v2\/media?parent=3789"}],"wp:term":[{"taxonomy":"product_brand","embeddable":true,"href":"https:\/\/velesnails.pl\/en\/wp-json\/wp\/v2\/product_brand?post=3789"},{"taxonomy":"product_cat","embeddable":true,"href":"https:\/\/velesnails.pl\/en\/wp-json\/wp\/v2\/product_cat?post=3789"},{"taxonomy":"product_tag","embeddable":true,"href":"https:\/\/velesnails.pl\/en\/wp-json\/wp\/v2\/product_tag?post=3789"}],"curies":[{"name":"wp","href":"https:\/\/api.w.org\/{rel}","templated":true}]}}