{"id":3763,"date":"2024-07-31T11:01:33","date_gmt":"2024-07-31T08:01:33","guid":{"rendered":"https:\/\/velesnails.loc\/?post_type=product&#038;p=3763"},"modified":"2026-01-27T15:35:30","modified_gmt":"2026-01-27T12:35:30","slug":"patyczki-kosmetyczne-precyzyjne-100szt","status":"publish","type":"product","link":"https:\/\/velesnails.pl\/en\/product\/patyczki-kosmetyczne-precyzyjne-100szt\/","title":{"rendered":"Patyczki kosmetyczne\/precyzyjne 100szt"},"content":{"rendered":"<p>Drewniane patyczki do sk\u00f3rek z bawe\u0142n\u0105 to narz\u0119dzia u\u017cywane podczas piel\u0119gnacji paznokci, kt\u00f3re \u0142\u0105cz\u0105 w sobie zalety drewnianych patyczk\u00f3w i delikatno\u015bci bawe\u0142nianej ko\u0144c\u00f3wki. Pozwalaj\u0105 na precyzyjne i delikatne odpychanie sk\u00f3rek oraz utrzymanie estetycznego wygl\u0105du paznokci.<\/p>\n<p>Cho\u0107 g\u0142\u00f3wnym celem tych patyczk\u00f3w jest odpychanie sk\u00f3rek wok\u00f3\u0142 paznokci podczas manicure i pedicure. Warstwa bawe\u0142niana na ko\u0144c\u00f3wkach jest delikatna dla sk\u00f3ry, co pomaga unikn\u0105\u0107 podra\u017cnie\u0144 lub uszkodze\u0144, drewniane patyczki z bawe\u0142n\u0105 maj\u0105 r\u00f3wnie\u017c inne zastosowania.<\/p>\n<p>Oto kilka zastosowa\u0144 tych patyczk\u00f3w:<\/p>\n<p>Poprawa makija\u017cu: Precyzyjna ko\u0144c\u00f3wka patyczka pozwala delikatnie usuwa\u0107 nadmiar kosmetyk\u00f3w, korygowa\u0107 kontury ust czy oczu oraz wyg\u0142adza\u0107 kraw\u0119dzie makija\u017cu. Mo\u017cesz r\u00f3wnie\u017c u\u017cywa\u0107 ich do rozmywania kreski eyelinerem lub cieni do oczu.<\/p>\n<p>Przed\u0142u\u017canie rz\u0119s: Podczas zabiegu przed\u0142u\u017cania rz\u0119s, patyczki mog\u0105 by\u0107 wykorzystywane do rozdzielania i prostowania rz\u0119s, co pozwala uzyska\u0107 bardziej naturalny efekt.<\/p>\n<p>Manicure i pedicure: Patyczki s\u0105 przydatne do usuwania nadmiaru lakieru do paznokci, korygowania drobnych b\u0142\u0119d\u00f3w podczas malowania paznokci, a tak\u017ce do przesuwania i kszta\u0142towania sk\u00f3rek wok\u00f3\u0142 paznokci.<\/p>\n<p>Czyszczenie trudno dost\u0119pnych miejsc: Dzi\u0119ki swojej precyzji i delikatno\u015bci, patyczki mog\u0105 by\u0107 u\u017cywane do oczyszczania trudno dost\u0119pnych miejsc na sk\u00f3rze, takich jak zakamarki nosa czy okolice oczu.<\/p>\n<p>SPECYFIKACJA:<\/p>\n<p>100 sztuk<br \/>\nd\u0142ugo\u015b\u0107 7 cm<br \/>\nprodukt jednorazowego u\u017cytku<\/p>","protected":false},"excerpt":{"rendered":"<p>Drewniane patyczki do sk\u00f3rek z bawe\u0142n\u0105 to narz\u0119dzia u\u017cywane podczas piel\u0119gnacji paznokci, kt\u00f3re \u0142\u0105cz\u0105 w sobie zalety drewnianych patyczk\u00f3w i delikatno\u015bci bawe\u0142nianej ko\u0144c\u00f3wki. Pozwalaj\u0105 na precyzyjne i delikatne odpychanie sk\u00f3rek oraz utrzymanie estetycznego wygl\u0105du paznokci. Cho\u0107 g\u0142\u00f3wnym celem tych patyczk\u00f3w jest odpychanie sk\u00f3rek wok\u00f3\u0142 paznokci podczas manicure i pedicure. Warstwa bawe\u0142niana na ko\u0144c\u00f3wkach jest delikatna [&hellip;]<\/p>\n","protected":false},"featured_media":3764,"comment_status":"closed","ping_status":"closed","template":"","meta":{"om_disable_all_campaigns":false,"ocean_post_layout":"","ocean_both_sidebars_style":"","ocean_both_sidebars_content_width":0,"ocean_both_sidebars_sidebars_width":0,"ocean_sidebar":"0","ocean_second_sidebar":"0","ocean_disable_margins":"enable","ocean_add_body_class":"","ocean_shortcode_before_top_bar":"","ocean_shortcode_after_top_bar":"","ocean_shortcode_before_header":"","ocean_shortcode_after_header":"","ocean_has_shortcode":"","ocean_shortcode_after_title":"","ocean_shortcode_before_footer_widgets":"","ocean_shortcode_after_footer_widgets":"","ocean_shortcode_before_footer_bottom":"","ocean_shortcode_after_footer_bottom":"","ocean_display_top_bar":"default","ocean_display_header":"default","ocean_header_style":"","ocean_center_header_left_menu":"0","ocean_custom_header_template":"0","ocean_custom_logo":0,"ocean_custom_retina_logo":0,"ocean_custom_logo_max_width":0,"ocean_custom_logo_tablet_max_width":0,"ocean_custom_logo_mobile_max_width":0,"ocean_custom_logo_max_height":0,"ocean_custom_logo_tablet_max_height":0,"ocean_custom_logo_mobile_max_height":0,"ocean_header_custom_menu":"0","ocean_menu_typo_font_family":"0","ocean_menu_typo_font_subset":"","ocean_menu_typo_font_size":0,"ocean_menu_typo_font_size_tablet":0,"ocean_menu_typo_font_size_mobile":0,"ocean_menu_typo_font_size_unit":"px","ocean_menu_typo_font_weight":"","ocean_menu_typo_font_weight_tablet":"","ocean_menu_typo_font_weight_mobile":"","ocean_menu_typo_transform":"","ocean_menu_typo_transform_tablet":"","ocean_menu_typo_transform_mobile":"","ocean_menu_typo_line_height":0,"ocean_menu_typo_line_height_tablet":0,"ocean_menu_typo_line_height_mobile":0,"ocean_menu_typo_line_height_unit":"","ocean_menu_typo_spacing":0,"ocean_menu_typo_spacing_tablet":0,"ocean_menu_typo_spacing_mobile":0,"ocean_menu_typo_spacing_unit":"","ocean_menu_link_color":"","ocean_menu_link_color_hover":"","ocean_menu_link_color_active":"","ocean_menu_link_background":"","ocean_menu_link_hover_background":"","ocean_menu_link_active_background":"","ocean_menu_social_links_bg":"","ocean_menu_social_hover_links_bg":"","ocean_menu_social_links_color":"","ocean_menu_social_hover_links_color":"","ocean_disable_title":"default","ocean_disable_heading":"default","ocean_post_title":"","ocean_post_subheading":"","ocean_post_title_style":"","ocean_post_title_background_color":"","ocean_post_title_background":0,"ocean_post_title_bg_image_position":"","ocean_post_title_bg_image_attachment":"","ocean_post_title_bg_image_repeat":"","ocean_post_title_bg_image_size":"","ocean_post_title_height":0,"ocean_post_title_bg_overlay":0.5,"ocean_post_title_bg_overlay_color":"","ocean_disable_breadcrumbs":"default","ocean_breadcrumbs_color":"","ocean_breadcrumbs_separator_color":"","ocean_breadcrumbs_links_color":"","ocean_breadcrumbs_links_hover_color":"","ocean_display_footer_widgets":"default","ocean_display_footer_bottom":"default","ocean_custom_footer_template":"0"},"product_brand":[],"product_cat":[168,110],"product_tag":[],"class_list":{"0":"post-3763","1":"product","2":"type-product","3":"status-publish","4":"has-post-thumbnail","6":"product_cat-artykuly-jednorazowego-uzytku","7":"product_cat-paznokcie","9":"entry","10":"has-media","12":"first","13":"instock","14":"taxable","15":"shipping-taxable","16":"purchasable","17":"product-type-simple","18":"has-product-nav","19":"col","20":"span_1_of_3","21":"owp-content-center","22":"owp-thumbs-layout-horizontal","23":"owp-btn-normal","24":"owp-tabs-layout-horizontal","25":"has-no-thumbnails"},"yoast_head":"<!-- This site is optimized with the Yoast SEO plugin v27.6 - https:\/\/yoast.com\/product\/yoast-seo-wordpress\/ -->\n<title>Patyczki kosmetyczne\/precyzyjne 100szt - velesnails<\/title>\n<meta name=\"robots\" content=\"index, follow, max-snippet:-1, max-image-preview:large, max-video-preview:-1\" \/>\n<link rel=\"canonical\" href=\"https:\/\/velesnails.pl\/en\/product\/patyczki-kosmetyczne-precyzyjne-100szt\/\" \/>\n<meta property=\"og:locale\" content=\"en_GB\" \/>\n<meta property=\"og:type\" content=\"article\" \/>\n<meta property=\"og:title\" content=\"Patyczki kosmetyczne\/precyzyjne 100szt - velesnails\" \/>\n<meta property=\"og:description\" content=\"Drewniane patyczki do sk\u00f3rek z bawe\u0142n\u0105 to narz\u0119dzia u\u017cywane podczas piel\u0119gnacji paznokci, kt\u00f3re \u0142\u0105cz\u0105 w sobie zalety drewnianych patyczk\u00f3w i delikatno\u015bci bawe\u0142nianej ko\u0144c\u00f3wki. Pozwalaj\u0105 na precyzyjne i delikatne odpychanie sk\u00f3rek oraz utrzymanie estetycznego wygl\u0105du paznokci. Cho\u0107 g\u0142\u00f3wnym celem tych patyczk\u00f3w jest odpychanie sk\u00f3rek wok\u00f3\u0142 paznokci podczas manicure i pedicure. Warstwa bawe\u0142niana na ko\u0144c\u00f3wkach jest delikatna [&hellip;]\" \/>\n<meta property=\"og:url\" content=\"https:\/\/velesnails.pl\/en\/product\/patyczki-kosmetyczne-precyzyjne-100szt\/\" \/>\n<meta property=\"og:site_name\" content=\"velesnails\" \/>\n<meta property=\"article:modified_time\" content=\"2026-01-27T12:35:30+00:00\" \/>\n<meta property=\"og:image\" content=\"https:\/\/velesnails.pl\/wp-content\/uploads\/2024\/07\/Patyczki-kosmetyczne.jpg\" \/>\n\t<meta property=\"og:image:width\" content=\"500\" \/>\n\t<meta property=\"og:image:height\" content=\"477\" \/>\n\t<meta property=\"og:image:type\" content=\"image\/jpeg\" \/>\n<meta name=\"twitter:card\" content=\"summary_large_image\" \/>\n<meta name=\"twitter:label1\" content=\"Estimated reading time\" \/>\n\t<meta name=\"twitter:data1\" content=\"1 minute\" \/>\n<script type=\"application\/ld+json\" class=\"yoast-schema-graph\">{\"@context\":\"https:\\\/\\\/schema.org\",\"@graph\":[{\"@type\":\"WebPage\",\"@id\":\"https:\\\/\\\/velesnails.pl\\\/product\\\/patyczki-kosmetyczne-precyzyjne-100szt\\\/\",\"url\":\"https:\\\/\\\/velesnails.pl\\\/product\\\/patyczki-kosmetyczne-precyzyjne-100szt\\\/\",\"name\":\"Patyczki kosmetyczne\\\/precyzyjne 100szt - velesnails\",\"isPartOf\":{\"@id\":\"https:\\\/\\\/velesnails.pl\\\/#website\"},\"primaryImageOfPage\":{\"@id\":\"https:\\\/\\\/velesnails.pl\\\/product\\\/patyczki-kosmetyczne-precyzyjne-100szt\\\/#primaryimage\"},\"image\":{\"@id\":\"https:\\\/\\\/velesnails.pl\\\/product\\\/patyczki-kosmetyczne-precyzyjne-100szt\\\/#primaryimage\"},\"thumbnailUrl\":\"https:\\\/\\\/i0.wp.com\\\/velesnails.pl\\\/wp-content\\\/uploads\\\/2024\\\/07\\\/Patyczki-kosmetyczne.jpg?fit=500%2C477&ssl=1\",\"datePublished\":\"2024-07-31T08:01:33+00:00\",\"dateModified\":\"2026-01-27T12:35:30+00:00\",\"breadcrumb\":{\"@id\":\"https:\\\/\\\/velesnails.pl\\\/product\\\/patyczki-kosmetyczne-precyzyjne-100szt\\\/#breadcrumb\"},\"inLanguage\":\"en-GB\",\"potentialAction\":[{\"@type\":\"ReadAction\",\"target\":[\"https:\\\/\\\/velesnails.pl\\\/product\\\/patyczki-kosmetyczne-precyzyjne-100szt\\\/\"]}]},{\"@type\":\"ImageObject\",\"inLanguage\":\"en-GB\",\"@id\":\"https:\\\/\\\/velesnails.pl\\\/product\\\/patyczki-kosmetyczne-precyzyjne-100szt\\\/#primaryimage\",\"url\":\"https:\\\/\\\/i0.wp.com\\\/velesnails.pl\\\/wp-content\\\/uploads\\\/2024\\\/07\\\/Patyczki-kosmetyczne.jpg?fit=500%2C477&ssl=1\",\"contentUrl\":\"https:\\\/\\\/i0.wp.com\\\/velesnails.pl\\\/wp-content\\\/uploads\\\/2024\\\/07\\\/Patyczki-kosmetyczne.jpg?fit=500%2C477&ssl=1\",\"width\":500,\"height\":477},{\"@type\":\"BreadcrumbList\",\"@id\":\"https:\\\/\\\/velesnails.pl\\\/product\\\/patyczki-kosmetyczne-precyzyjne-100szt\\\/#breadcrumb\",\"itemListElement\":[{\"@type\":\"ListItem\",\"position\":1,\"name\":\"\u0413\u043e\u043b\u043e\u0432\u043d\u0430\",\"item\":\"https:\\\/\\\/velesnails.pl\\\/\"},{\"@type\":\"ListItem\",\"position\":2,\"name\":\"Sklep\",\"item\":\"https:\\\/\\\/velesnails.pl\\\/shop\\\/\"},{\"@type\":\"ListItem\",\"position\":3,\"name\":\"Patyczki kosmetyczne\\\/precyzyjne 100szt\"}]},{\"@type\":\"WebSite\",\"@id\":\"https:\\\/\\\/velesnails.pl\\\/#website\",\"url\":\"https:\\\/\\\/velesnails.pl\\\/\",\"name\":\"velesnails\",\"description\":\"Sklep z manicure\",\"publisher\":{\"@id\":\"https:\\\/\\\/velesnails.pl\\\/#organization\"},\"potentialAction\":[{\"@type\":\"SearchAction\",\"target\":{\"@type\":\"EntryPoint\",\"urlTemplate\":\"https:\\\/\\\/velesnails.pl\\\/?s={search_term_string}\"},\"query-input\":{\"@type\":\"PropertyValueSpecification\",\"valueRequired\":true,\"valueName\":\"search_term_string\"}}],\"inLanguage\":\"en-GB\"},{\"@type\":\"Organization\",\"@id\":\"https:\\\/\\\/velesnails.pl\\\/#organization\",\"name\":\"velesnails\",\"url\":\"https:\\\/\\\/velesnails.pl\\\/\",\"logo\":{\"@type\":\"ImageObject\",\"inLanguage\":\"en-GB\",\"@id\":\"https:\\\/\\\/velesnails.pl\\\/#\\\/schema\\\/logo\\\/image\\\/\",\"url\":\"https:\\\/\\\/i0.wp.com\\\/velesnails.pl\\\/wp-content\\\/uploads\\\/2025\\\/10\\\/cropped-obraz_viber_2025-10-22_13-55-55-969.jpg?fit=485%2C381&ssl=1\",\"contentUrl\":\"https:\\\/\\\/i0.wp.com\\\/velesnails.pl\\\/wp-content\\\/uploads\\\/2025\\\/10\\\/cropped-obraz_viber_2025-10-22_13-55-55-969.jpg?fit=485%2C381&ssl=1\",\"width\":485,\"height\":381,\"caption\":\"velesnails\"},\"image\":{\"@id\":\"https:\\\/\\\/velesnails.pl\\\/#\\\/schema\\\/logo\\\/image\\\/\"}}]}<\/script>\n<!-- \/ Yoast SEO plugin. -->","yoast_head_json":{"title":"Patyczki kosmetyczne\/precyzyjne 100szt - velesnails","robots":{"index":"index","follow":"follow","max-snippet":"max-snippet:-1","max-image-preview":"max-image-preview:large","max-video-preview":"max-video-preview:-1"},"canonical":"https:\/\/velesnails.pl\/en\/product\/patyczki-kosmetyczne-precyzyjne-100szt\/","og_locale":"en_GB","og_type":"article","og_title":"Patyczki kosmetyczne\/precyzyjne 100szt - velesnails","og_description":"Drewniane patyczki do sk\u00f3rek z bawe\u0142n\u0105 to narz\u0119dzia u\u017cywane podczas piel\u0119gnacji paznokci, kt\u00f3re \u0142\u0105cz\u0105 w sobie zalety drewnianych patyczk\u00f3w i delikatno\u015bci bawe\u0142nianej ko\u0144c\u00f3wki. Pozwalaj\u0105 na precyzyjne i delikatne odpychanie sk\u00f3rek oraz utrzymanie estetycznego wygl\u0105du paznokci. Cho\u0107 g\u0142\u00f3wnym celem tych patyczk\u00f3w jest odpychanie sk\u00f3rek wok\u00f3\u0142 paznokci podczas manicure i pedicure. Warstwa bawe\u0142niana na ko\u0144c\u00f3wkach jest delikatna [&hellip;]","og_url":"https:\/\/velesnails.pl\/en\/product\/patyczki-kosmetyczne-precyzyjne-100szt\/","og_site_name":"velesnails","article_modified_time":"2026-01-27T12:35:30+00:00","og_image":[{"width":500,"height":477,"url":"https:\/\/velesnails.pl\/wp-content\/uploads\/2024\/07\/Patyczki-kosmetyczne.jpg","type":"image\/jpeg"}],"twitter_card":"summary_large_image","twitter_misc":{"Estimated reading time":"1 minute"},"schema":{"@context":"https:\/\/schema.org","@graph":[{"@type":"WebPage","@id":"https:\/\/velesnails.pl\/product\/patyczki-kosmetyczne-precyzyjne-100szt\/","url":"https:\/\/velesnails.pl\/product\/patyczki-kosmetyczne-precyzyjne-100szt\/","name":"Patyczki kosmetyczne\/precyzyjne 100szt - velesnails","isPartOf":{"@id":"https:\/\/velesnails.pl\/#website"},"primaryImageOfPage":{"@id":"https:\/\/velesnails.pl\/product\/patyczki-kosmetyczne-precyzyjne-100szt\/#primaryimage"},"image":{"@id":"https:\/\/velesnails.pl\/product\/patyczki-kosmetyczne-precyzyjne-100szt\/#primaryimage"},"thumbnailUrl":"https:\/\/i0.wp.com\/velesnails.pl\/wp-content\/uploads\/2024\/07\/Patyczki-kosmetyczne.jpg?fit=500%2C477&ssl=1","datePublished":"2024-07-31T08:01:33+00:00","dateModified":"2026-01-27T12:35:30+00:00","breadcrumb":{"@id":"https:\/\/velesnails.pl\/product\/patyczki-kosmetyczne-precyzyjne-100szt\/#breadcrumb"},"inLanguage":"en-GB","potentialAction":[{"@type":"ReadAction","target":["https:\/\/velesnails.pl\/product\/patyczki-kosmetyczne-precyzyjne-100szt\/"]}]},{"@type":"ImageObject","inLanguage":"en-GB","@id":"https:\/\/velesnails.pl\/product\/patyczki-kosmetyczne-precyzyjne-100szt\/#primaryimage","url":"https:\/\/i0.wp.com\/velesnails.pl\/wp-content\/uploads\/2024\/07\/Patyczki-kosmetyczne.jpg?fit=500%2C477&ssl=1","contentUrl":"https:\/\/i0.wp.com\/velesnails.pl\/wp-content\/uploads\/2024\/07\/Patyczki-kosmetyczne.jpg?fit=500%2C477&ssl=1","width":500,"height":477},{"@type":"BreadcrumbList","@id":"https:\/\/velesnails.pl\/product\/patyczki-kosmetyczne-precyzyjne-100szt\/#breadcrumb","itemListElement":[{"@type":"ListItem","position":1,"name":"\u0413\u043e\u043b\u043e\u0432\u043d\u0430","item":"https:\/\/velesnails.pl\/"},{"@type":"ListItem","position":2,"name":"Sklep","item":"https:\/\/velesnails.pl\/shop\/"},{"@type":"ListItem","position":3,"name":"Patyczki kosmetyczne\/precyzyjne 100szt"}]},{"@type":"WebSite","@id":"https:\/\/velesnails.pl\/#website","url":"https:\/\/velesnails.pl\/","name":"velesnails","description":"Manicure shop","publisher":{"@id":"https:\/\/velesnails.pl\/#organization"},"potentialAction":[{"@type":"SearchAction","target":{"@type":"EntryPoint","urlTemplate":"https:\/\/velesnails.pl\/?s={search_term_string}"},"query-input":{"@type":"PropertyValueSpecification","valueRequired":true,"valueName":"search_term_string"}}],"inLanguage":"en-GB"},{"@type":"Organization","@id":"https:\/\/velesnails.pl\/#organization","name":"velesnails","url":"https:\/\/velesnails.pl\/","logo":{"@type":"ImageObject","inLanguage":"en-GB","@id":"https:\/\/velesnails.pl\/#\/schema\/logo\/image\/","url":"https:\/\/i0.wp.com\/velesnails.pl\/wp-content\/uploads\/2025\/10\/cropped-obraz_viber_2025-10-22_13-55-55-969.jpg?fit=485%2C381&ssl=1","contentUrl":"https:\/\/i0.wp.com\/velesnails.pl\/wp-content\/uploads\/2025\/10\/cropped-obraz_viber_2025-10-22_13-55-55-969.jpg?fit=485%2C381&ssl=1","width":485,"height":381,"caption":"velesnails"},"image":{"@id":"https:\/\/velesnails.pl\/#\/schema\/logo\/image\/"}}]}},"_links":{"self":[{"href":"https:\/\/velesnails.pl\/en\/wp-json\/wp\/v2\/product\/3763","targetHints":{"allow":["GET"]}}],"collection":[{"href":"https:\/\/velesnails.pl\/en\/wp-json\/wp\/v2\/product"}],"about":[{"href":"https:\/\/velesnails.pl\/en\/wp-json\/wp\/v2\/types\/product"}],"replies":[{"embeddable":true,"href":"https:\/\/velesnails.pl\/en\/wp-json\/wp\/v2\/comments?post=3763"}],"wp:featuredmedia":[{"embeddable":true,"href":"https:\/\/velesnails.pl\/en\/wp-json\/wp\/v2\/media\/3764"}],"wp:attachment":[{"href":"https:\/\/velesnails.pl\/en\/wp-json\/wp\/v2\/media?parent=3763"}],"wp:term":[{"taxonomy":"product_brand","embeddable":true,"href":"https:\/\/velesnails.pl\/en\/wp-json\/wp\/v2\/product_brand?post=3763"},{"taxonomy":"product_cat","embeddable":true,"href":"https:\/\/velesnails.pl\/en\/wp-json\/wp\/v2\/product_cat?post=3763"},{"taxonomy":"product_tag","embeddable":true,"href":"https:\/\/velesnails.pl\/en\/wp-json\/wp\/v2\/product_tag?post=3763"}],"curies":[{"name":"wp","href":"https:\/\/api.w.org\/{rel}","templated":true}]}}