{"id":3704,"date":"2024-07-30T13:52:13","date_gmt":"2024-07-30T10:52:13","guid":{"rendered":"https:\/\/velesnails.loc\/?post_type=product&#038;p=3704"},"modified":"2024-11-23T18:48:21","modified_gmt":"2024-11-23T15:48:21","slug":"clavier-filtr-do-pochlaniacza-pylu-dc-3","status":"publish","type":"product","link":"https:\/\/velesnails.pl\/en\/product\/clavier-filtr-do-pochlaniacza-pylu-dc-3\/","title":{"rendered":"Clavier Filtr do poch\u0142aniacza py\u0142u DC-3"},"content":{"rendered":"<p>Filtr jest \u0142atwy w czyszczeniu, wielorazowy i wystarczy na d\u0142ugi czas.<br \/>\nCo sprawia, \u017ce poch\u0142aniacz bezworkowy jest znacznie lepszym rozwi\u0105zaniem od standardowego?<\/p>\n<p>Odpowiednio zaprojektowany filtr do poch\u0142aniacza powoduje, \u017ce nieczysto\u015bci osiadaj\u0105 na nim, nie przechodz\u0105c dalej, co eliminuje ryzyko pozostawienia warstwy py\u0142u na elementach konstrukcji. Dzi\u0119ki temu procesowi, poch\u0142aniacz bezworkowy skutecznie usuwa szkodliwe substancje z powietrza, co nie tylko poprawia jako\u015b\u0107 powietrza, ale tak\u017ce chroni wn\u0119trze urz\u0105dzenia przed zanieczyszczeniami, co przek\u0142ada si\u0119 na d\u0142u\u017csz\u0105 \u017cywotno\u015b\u0107 i wydajno\u015b\u0107 urz\u0105dzenia.<\/p>\n<p>Uwaga:<\/p>\n<p>nie moczy\u0107<br \/>\nczy\u015bci\u0107 filtr na sucho<\/p>","protected":false},"excerpt":{"rendered":"<p>Filtr jest \u0142atwy w czyszczeniu, wielorazowy i wystarczy na d\u0142ugi czas. Co sprawia, \u017ce poch\u0142aniacz bezworkowy jest znacznie lepszym rozwi\u0105zaniem od standardowego? Odpowiednio zaprojektowany filtr do poch\u0142aniacza powoduje, \u017ce nieczysto\u015bci osiadaj\u0105 na nim, nie przechodz\u0105c dalej, co eliminuje ryzyko pozostawienia warstwy py\u0142u na elementach konstrukcji. Dzi\u0119ki temu procesowi, poch\u0142aniacz bezworkowy skutecznie usuwa szkodliwe substancje z [&hellip;]<\/p>\n","protected":false},"featured_media":3705,"comment_status":"open","ping_status":"closed","template":"","meta":{"om_disable_all_campaigns":false,"ocean_post_layout":"","ocean_both_sidebars_style":"","ocean_both_sidebars_content_width":0,"ocean_both_sidebars_sidebars_width":0,"ocean_sidebar":"0","ocean_second_sidebar":"0","ocean_disable_margins":"enable","ocean_add_body_class":"","ocean_shortcode_before_top_bar":"","ocean_shortcode_after_top_bar":"","ocean_shortcode_before_header":"","ocean_shortcode_after_header":"","ocean_has_shortcode":"","ocean_shortcode_after_title":"","ocean_shortcode_before_footer_widgets":"","ocean_shortcode_after_footer_widgets":"","ocean_shortcode_before_footer_bottom":"","ocean_shortcode_after_footer_bottom":"","ocean_display_top_bar":"default","ocean_display_header":"default","ocean_header_style":"","ocean_center_header_left_menu":"0","ocean_custom_header_template":"0","ocean_custom_logo":0,"ocean_custom_retina_logo":0,"ocean_custom_logo_max_width":0,"ocean_custom_logo_tablet_max_width":0,"ocean_custom_logo_mobile_max_width":0,"ocean_custom_logo_max_height":0,"ocean_custom_logo_tablet_max_height":0,"ocean_custom_logo_mobile_max_height":0,"ocean_header_custom_menu":"0","ocean_menu_typo_font_family":"0","ocean_menu_typo_font_subset":"","ocean_menu_typo_font_size":0,"ocean_menu_typo_font_size_tablet":0,"ocean_menu_typo_font_size_mobile":0,"ocean_menu_typo_font_size_unit":"px","ocean_menu_typo_font_weight":"","ocean_menu_typo_font_weight_tablet":"","ocean_menu_typo_font_weight_mobile":"","ocean_menu_typo_transform":"","ocean_menu_typo_transform_tablet":"","ocean_menu_typo_transform_mobile":"","ocean_menu_typo_line_height":0,"ocean_menu_typo_line_height_tablet":0,"ocean_menu_typo_line_height_mobile":0,"ocean_menu_typo_line_height_unit":"","ocean_menu_typo_spacing":0,"ocean_menu_typo_spacing_tablet":0,"ocean_menu_typo_spacing_mobile":0,"ocean_menu_typo_spacing_unit":"","ocean_menu_link_color":"","ocean_menu_link_color_hover":"","ocean_menu_link_color_active":"","ocean_menu_link_background":"","ocean_menu_link_hover_background":"","ocean_menu_link_active_background":"","ocean_menu_social_links_bg":"","ocean_menu_social_hover_links_bg":"","ocean_menu_social_links_color":"","ocean_menu_social_hover_links_color":"","ocean_disable_title":"default","ocean_disable_heading":"default","ocean_post_title":"","ocean_post_subheading":"","ocean_post_title_style":"","ocean_post_title_background_color":"","ocean_post_title_background":0,"ocean_post_title_bg_image_position":"","ocean_post_title_bg_image_attachment":"","ocean_post_title_bg_image_repeat":"","ocean_post_title_bg_image_size":"","ocean_post_title_height":0,"ocean_post_title_bg_overlay":0.5,"ocean_post_title_bg_overlay_color":"","ocean_disable_breadcrumbs":"default","ocean_breadcrumbs_color":"","ocean_breadcrumbs_separator_color":"","ocean_breadcrumbs_links_color":"","ocean_breadcrumbs_links_hover_color":"","ocean_display_footer_widgets":"default","ocean_display_footer_bottom":"default","ocean_custom_footer_template":"0"},"product_brand":[],"product_cat":[190,176,110,167,164],"product_tag":[],"class_list":{"0":"post-3704","1":"product","2":"type-product","3":"status-publish","4":"has-post-thumbnail","6":"product_cat-clavier-1","7":"product_cat-marki","8":"product_cat-paznokcie","9":"product_cat-pochlaniacze-pylu","10":"product_cat-urzadzenia","12":"entry","13":"has-media","15":"first","16":"outofstock","17":"taxable","18":"shipping-taxable","19":"purchasable","20":"product-type-simple","21":"has-product-nav","22":"col","23":"span_1_of_3","24":"owp-content-center","25":"owp-thumbs-layout-horizontal","26":"owp-btn-normal","27":"owp-tabs-layout-horizontal","28":"has-no-thumbnails"},"yoast_head":"<!-- This site is optimized with the Yoast SEO plugin v27.6 - https:\/\/yoast.com\/product\/yoast-seo-wordpress\/ -->\n<title>Clavier Filtr do poch\u0142aniacza py\u0142u DC-3 - velesnails<\/title>\n<meta name=\"robots\" content=\"index, follow, max-snippet:-1, max-image-preview:large, max-video-preview:-1\" \/>\n<link rel=\"canonical\" href=\"https:\/\/velesnails.pl\/en\/product\/clavier-filtr-do-pochlaniacza-pylu-dc-3\/\" \/>\n<meta property=\"og:locale\" content=\"en_GB\" \/>\n<meta property=\"og:type\" content=\"article\" \/>\n<meta property=\"og:title\" content=\"Clavier Filtr do poch\u0142aniacza py\u0142u DC-3 - velesnails\" \/>\n<meta property=\"og:description\" content=\"Filtr jest \u0142atwy w czyszczeniu, wielorazowy i wystarczy na d\u0142ugi czas. Co sprawia, \u017ce poch\u0142aniacz bezworkowy jest znacznie lepszym rozwi\u0105zaniem od standardowego? Odpowiednio zaprojektowany filtr do poch\u0142aniacza powoduje, \u017ce nieczysto\u015bci osiadaj\u0105 na nim, nie przechodz\u0105c dalej, co eliminuje ryzyko pozostawienia warstwy py\u0142u na elementach konstrukcji. Dzi\u0119ki temu procesowi, poch\u0142aniacz bezworkowy skutecznie usuwa szkodliwe substancje z [&hellip;]\" \/>\n<meta property=\"og:url\" content=\"https:\/\/velesnails.pl\/en\/product\/clavier-filtr-do-pochlaniacza-pylu-dc-3\/\" \/>\n<meta property=\"og:site_name\" content=\"velesnails\" \/>\n<meta property=\"article:modified_time\" content=\"2024-11-23T15:48:21+00:00\" \/>\n<meta property=\"og:image\" content=\"https:\/\/velesnails.pl\/wp-content\/uploads\/2024\/07\/Clavier-Filtr-do-DC-3.png\" \/>\n\t<meta property=\"og:image:width\" content=\"774\" \/>\n\t<meta property=\"og:image:height\" content=\"740\" \/>\n\t<meta property=\"og:image:type\" content=\"image\/png\" \/>\n<meta name=\"twitter:card\" content=\"summary_large_image\" \/>\n<meta name=\"twitter:label1\" content=\"Estimated reading time\" \/>\n\t<meta name=\"twitter:data1\" content=\"1 minute\" \/>\n<script type=\"application\/ld+json\" class=\"yoast-schema-graph\">{\"@context\":\"https:\\\/\\\/schema.org\",\"@graph\":[{\"@type\":\"WebPage\",\"@id\":\"https:\\\/\\\/velesnails.pl\\\/product\\\/clavier-filtr-do-pochlaniacza-pylu-dc-3\\\/\",\"url\":\"https:\\\/\\\/velesnails.pl\\\/product\\\/clavier-filtr-do-pochlaniacza-pylu-dc-3\\\/\",\"name\":\"Clavier Filtr do poch\u0142aniacza py\u0142u DC-3 - velesnails\",\"isPartOf\":{\"@id\":\"https:\\\/\\\/velesnails.pl\\\/#website\"},\"primaryImageOfPage\":{\"@id\":\"https:\\\/\\\/velesnails.pl\\\/product\\\/clavier-filtr-do-pochlaniacza-pylu-dc-3\\\/#primaryimage\"},\"image\":{\"@id\":\"https:\\\/\\\/velesnails.pl\\\/product\\\/clavier-filtr-do-pochlaniacza-pylu-dc-3\\\/#primaryimage\"},\"thumbnailUrl\":\"https:\\\/\\\/i0.wp.com\\\/velesnails.pl\\\/wp-content\\\/uploads\\\/2024\\\/07\\\/Clavier-Filtr-do-DC-3.png?fit=774%2C740&ssl=1\",\"datePublished\":\"2024-07-30T10:52:13+00:00\",\"dateModified\":\"2024-11-23T15:48:21+00:00\",\"breadcrumb\":{\"@id\":\"https:\\\/\\\/velesnails.pl\\\/product\\\/clavier-filtr-do-pochlaniacza-pylu-dc-3\\\/#breadcrumb\"},\"inLanguage\":\"en-GB\",\"potentialAction\":[{\"@type\":\"ReadAction\",\"target\":[\"https:\\\/\\\/velesnails.pl\\\/product\\\/clavier-filtr-do-pochlaniacza-pylu-dc-3\\\/\"]}]},{\"@type\":\"ImageObject\",\"inLanguage\":\"en-GB\",\"@id\":\"https:\\\/\\\/velesnails.pl\\\/product\\\/clavier-filtr-do-pochlaniacza-pylu-dc-3\\\/#primaryimage\",\"url\":\"https:\\\/\\\/i0.wp.com\\\/velesnails.pl\\\/wp-content\\\/uploads\\\/2024\\\/07\\\/Clavier-Filtr-do-DC-3.png?fit=774%2C740&ssl=1\",\"contentUrl\":\"https:\\\/\\\/i0.wp.com\\\/velesnails.pl\\\/wp-content\\\/uploads\\\/2024\\\/07\\\/Clavier-Filtr-do-DC-3.png?fit=774%2C740&ssl=1\",\"width\":774,\"height\":740},{\"@type\":\"BreadcrumbList\",\"@id\":\"https:\\\/\\\/velesnails.pl\\\/product\\\/clavier-filtr-do-pochlaniacza-pylu-dc-3\\\/#breadcrumb\",\"itemListElement\":[{\"@type\":\"ListItem\",\"position\":1,\"name\":\"\u0413\u043e\u043b\u043e\u0432\u043d\u0430\",\"item\":\"https:\\\/\\\/velesnails.pl\\\/\"},{\"@type\":\"ListItem\",\"position\":2,\"name\":\"Sklep\",\"item\":\"https:\\\/\\\/velesnails.pl\\\/shop\\\/\"},{\"@type\":\"ListItem\",\"position\":3,\"name\":\"Clavier Filtr do poch\u0142aniacza py\u0142u DC-3\"}]},{\"@type\":\"WebSite\",\"@id\":\"https:\\\/\\\/velesnails.pl\\\/#website\",\"url\":\"https:\\\/\\\/velesnails.pl\\\/\",\"name\":\"velesnails\",\"description\":\"Sklep z manicure\",\"publisher\":{\"@id\":\"https:\\\/\\\/velesnails.pl\\\/#organization\"},\"potentialAction\":[{\"@type\":\"SearchAction\",\"target\":{\"@type\":\"EntryPoint\",\"urlTemplate\":\"https:\\\/\\\/velesnails.pl\\\/?s={search_term_string}\"},\"query-input\":{\"@type\":\"PropertyValueSpecification\",\"valueRequired\":true,\"valueName\":\"search_term_string\"}}],\"inLanguage\":\"en-GB\"},{\"@type\":\"Organization\",\"@id\":\"https:\\\/\\\/velesnails.pl\\\/#organization\",\"name\":\"velesnails\",\"url\":\"https:\\\/\\\/velesnails.pl\\\/\",\"logo\":{\"@type\":\"ImageObject\",\"inLanguage\":\"en-GB\",\"@id\":\"https:\\\/\\\/velesnails.pl\\\/#\\\/schema\\\/logo\\\/image\\\/\",\"url\":\"https:\\\/\\\/i0.wp.com\\\/velesnails.pl\\\/wp-content\\\/uploads\\\/2025\\\/10\\\/cropped-obraz_viber_2025-10-22_13-55-55-969.jpg?fit=485%2C381&ssl=1\",\"contentUrl\":\"https:\\\/\\\/i0.wp.com\\\/velesnails.pl\\\/wp-content\\\/uploads\\\/2025\\\/10\\\/cropped-obraz_viber_2025-10-22_13-55-55-969.jpg?fit=485%2C381&ssl=1\",\"width\":485,\"height\":381,\"caption\":\"velesnails\"},\"image\":{\"@id\":\"https:\\\/\\\/velesnails.pl\\\/#\\\/schema\\\/logo\\\/image\\\/\"}}]}<\/script>\n<!-- \/ Yoast SEO plugin. -->","yoast_head_json":{"title":"Clavier Filtr do poch\u0142aniacza py\u0142u DC-3 - velesnails","robots":{"index":"index","follow":"follow","max-snippet":"max-snippet:-1","max-image-preview":"max-image-preview:large","max-video-preview":"max-video-preview:-1"},"canonical":"https:\/\/velesnails.pl\/en\/product\/clavier-filtr-do-pochlaniacza-pylu-dc-3\/","og_locale":"en_GB","og_type":"article","og_title":"Clavier Filtr do poch\u0142aniacza py\u0142u DC-3 - velesnails","og_description":"Filtr jest \u0142atwy w czyszczeniu, wielorazowy i wystarczy na d\u0142ugi czas. Co sprawia, \u017ce poch\u0142aniacz bezworkowy jest znacznie lepszym rozwi\u0105zaniem od standardowego? Odpowiednio zaprojektowany filtr do poch\u0142aniacza powoduje, \u017ce nieczysto\u015bci osiadaj\u0105 na nim, nie przechodz\u0105c dalej, co eliminuje ryzyko pozostawienia warstwy py\u0142u na elementach konstrukcji. Dzi\u0119ki temu procesowi, poch\u0142aniacz bezworkowy skutecznie usuwa szkodliwe substancje z [&hellip;]","og_url":"https:\/\/velesnails.pl\/en\/product\/clavier-filtr-do-pochlaniacza-pylu-dc-3\/","og_site_name":"velesnails","article_modified_time":"2024-11-23T15:48:21+00:00","og_image":[{"width":774,"height":740,"url":"https:\/\/velesnails.pl\/wp-content\/uploads\/2024\/07\/Clavier-Filtr-do-DC-3.png","type":"image\/png"}],"twitter_card":"summary_large_image","twitter_misc":{"Estimated reading time":"1 minute"},"schema":{"@context":"https:\/\/schema.org","@graph":[{"@type":"WebPage","@id":"https:\/\/velesnails.pl\/product\/clavier-filtr-do-pochlaniacza-pylu-dc-3\/","url":"https:\/\/velesnails.pl\/product\/clavier-filtr-do-pochlaniacza-pylu-dc-3\/","name":"Clavier Filtr do poch\u0142aniacza py\u0142u DC-3 - velesnails","isPartOf":{"@id":"https:\/\/velesnails.pl\/#website"},"primaryImageOfPage":{"@id":"https:\/\/velesnails.pl\/product\/clavier-filtr-do-pochlaniacza-pylu-dc-3\/#primaryimage"},"image":{"@id":"https:\/\/velesnails.pl\/product\/clavier-filtr-do-pochlaniacza-pylu-dc-3\/#primaryimage"},"thumbnailUrl":"https:\/\/i0.wp.com\/velesnails.pl\/wp-content\/uploads\/2024\/07\/Clavier-Filtr-do-DC-3.png?fit=774%2C740&ssl=1","datePublished":"2024-07-30T10:52:13+00:00","dateModified":"2024-11-23T15:48:21+00:00","breadcrumb":{"@id":"https:\/\/velesnails.pl\/product\/clavier-filtr-do-pochlaniacza-pylu-dc-3\/#breadcrumb"},"inLanguage":"en-GB","potentialAction":[{"@type":"ReadAction","target":["https:\/\/velesnails.pl\/product\/clavier-filtr-do-pochlaniacza-pylu-dc-3\/"]}]},{"@type":"ImageObject","inLanguage":"en-GB","@id":"https:\/\/velesnails.pl\/product\/clavier-filtr-do-pochlaniacza-pylu-dc-3\/#primaryimage","url":"https:\/\/i0.wp.com\/velesnails.pl\/wp-content\/uploads\/2024\/07\/Clavier-Filtr-do-DC-3.png?fit=774%2C740&ssl=1","contentUrl":"https:\/\/i0.wp.com\/velesnails.pl\/wp-content\/uploads\/2024\/07\/Clavier-Filtr-do-DC-3.png?fit=774%2C740&ssl=1","width":774,"height":740},{"@type":"BreadcrumbList","@id":"https:\/\/velesnails.pl\/product\/clavier-filtr-do-pochlaniacza-pylu-dc-3\/#breadcrumb","itemListElement":[{"@type":"ListItem","position":1,"name":"\u0413\u043e\u043b\u043e\u0432\u043d\u0430","item":"https:\/\/velesnails.pl\/"},{"@type":"ListItem","position":2,"name":"Sklep","item":"https:\/\/velesnails.pl\/shop\/"},{"@type":"ListItem","position":3,"name":"Clavier Filtr do poch\u0142aniacza py\u0142u DC-3"}]},{"@type":"WebSite","@id":"https:\/\/velesnails.pl\/#website","url":"https:\/\/velesnails.pl\/","name":"velesnails","description":"Manicure shop","publisher":{"@id":"https:\/\/velesnails.pl\/#organization"},"potentialAction":[{"@type":"SearchAction","target":{"@type":"EntryPoint","urlTemplate":"https:\/\/velesnails.pl\/?s={search_term_string}"},"query-input":{"@type":"PropertyValueSpecification","valueRequired":true,"valueName":"search_term_string"}}],"inLanguage":"en-GB"},{"@type":"Organization","@id":"https:\/\/velesnails.pl\/#organization","name":"velesnails","url":"https:\/\/velesnails.pl\/","logo":{"@type":"ImageObject","inLanguage":"en-GB","@id":"https:\/\/velesnails.pl\/#\/schema\/logo\/image\/","url":"https:\/\/i0.wp.com\/velesnails.pl\/wp-content\/uploads\/2025\/10\/cropped-obraz_viber_2025-10-22_13-55-55-969.jpg?fit=485%2C381&ssl=1","contentUrl":"https:\/\/i0.wp.com\/velesnails.pl\/wp-content\/uploads\/2025\/10\/cropped-obraz_viber_2025-10-22_13-55-55-969.jpg?fit=485%2C381&ssl=1","width":485,"height":381,"caption":"velesnails"},"image":{"@id":"https:\/\/velesnails.pl\/#\/schema\/logo\/image\/"}}]}},"_links":{"self":[{"href":"https:\/\/velesnails.pl\/en\/wp-json\/wp\/v2\/product\/3704","targetHints":{"allow":["GET"]}}],"collection":[{"href":"https:\/\/velesnails.pl\/en\/wp-json\/wp\/v2\/product"}],"about":[{"href":"https:\/\/velesnails.pl\/en\/wp-json\/wp\/v2\/types\/product"}],"replies":[{"embeddable":true,"href":"https:\/\/velesnails.pl\/en\/wp-json\/wp\/v2\/comments?post=3704"}],"wp:featuredmedia":[{"embeddable":true,"href":"https:\/\/velesnails.pl\/en\/wp-json\/wp\/v2\/media\/3705"}],"wp:attachment":[{"href":"https:\/\/velesnails.pl\/en\/wp-json\/wp\/v2\/media?parent=3704"}],"wp:term":[{"taxonomy":"product_brand","embeddable":true,"href":"https:\/\/velesnails.pl\/en\/wp-json\/wp\/v2\/product_brand?post=3704"},{"taxonomy":"product_cat","embeddable":true,"href":"https:\/\/velesnails.pl\/en\/wp-json\/wp\/v2\/product_cat?post=3704"},{"taxonomy":"product_tag","embeddable":true,"href":"https:\/\/velesnails.pl\/en\/wp-json\/wp\/v2\/product_tag?post=3704"}],"curies":[{"name":"wp","href":"https:\/\/api.w.org\/{rel}","templated":true}]}}