{"id":3690,"date":"2024-07-30T13:07:40","date_gmt":"2024-07-30T10:07:40","guid":{"rendered":"https:\/\/velesnails.loc\/?post_type=product&#038;p=3690"},"modified":"2024-11-09T13:17:38","modified_gmt":"2024-11-09T10:17:38","slug":"molly-nails-frezarka-m12-do-manicure-i-pedicure-68w-biala-white","status":"publish","type":"product","link":"https:\/\/velesnails.pl\/en\/product\/molly-nails-frezarka-m12-do-manicure-i-pedicure-68w-biala-white\/","title":{"rendered":"Molly Nails Frezarka M12 do manicure i pedicure 68W bia\u0142a white"},"content":{"rendered":"<p>M12 to profesjonalna, wysokiej jako\u015bci frezarka o doskona\u0142ych parametrach u\u017cytkowych \u2013 ogromnej mocy oraz skali obrot\u00f3w, pozwalaj\u0105cych na prac\u0119 zar\u00f3wno przy manicure jak i pedicure wraz z opracowaniem podeszwy st\u00f3p. B\u0119dzie idealna zar\u00f3wno w codziennej pracy salonu stylizacji paznokci jak i u\u017cytku domowego przez bardzo wymagaj\u0105ce u\u017cytkowniczki, poszukuj\u0105ce niezawodnych rozwi\u0105za\u0144.<\/p>\n<p>Jednymi z istotnych cech frezarki M12 jest ergonomiczna budowa pozbawiona kant\u00f3w i miejsc trudnodost\u0119pnych w czyszczeniu, co po pierwsze chroni przed przypadkowymi urazami, po drugie \u2013 zapewnia utrzymanie urz\u0105dzenia w czysto\u015bci. Idealny ci\u0119\u017car, jak na tak niewielki gabaryt powoduje, \u017ce frezarka jest stabilna i nie przesuwa si\u0119 po blacie powierzchni roboczej podczas pracy. Metalowa r\u0105czka ma idealny ergonomiczny kszta\u0142t, dopasowany do ka\u017cdej d\u0142oni. Mimo solidnego wykonania nie jest ci\u0119\u017cka, co powoduje, \u017ce nawet wielogodzinna praca nie obci\u0105\u017ca d\u0142oni i nie nadwyr\u0119\u017ca nadgarstka.<\/p>\n<p>Ogromna moc 68W i p\u0142ynna regulacja obrot\u00f3w w zakresie od 0 do 35 000 to komfort i gwarancja perfekcyjnej pracy nawet w zabiegach na stopy.<\/p>\n<p>Dodatkowym atutem jest w 100% biodegradowalne pude\u0142ko urz\u0105dzenia oraz gratis, czyli komplet frez\u00f3w znajduj\u0105cy si\u0119 w zestawie.<\/p>\n<p>Baza frezarki posiada:<\/p>\n<p>przycisk ON\/OFF (w\u0142\u0105czanie\/wy\u0142\u0105czanie)<br \/>\nprzycisk HAND\/FOOT (prze\u0142\u0105cznik starowania d\u0142oni\u0105\/peda\u0142em no\u017cnym)<br \/>\nprzycisk R\/F, czyli prze\u0142\u0105cznik obrot\u00f3w (prawo\/lewo)<br \/>\npokr\u0119t\u0142o manualne pozwalaj\u0105ce na ustawienie odpowiedniej pr\u0119dko\u015bci obrot\u00f3w<br \/>\nwy\u015bwietlacz LCD, na kt\u00f3rym dost\u0119pne s\u0105 informacje o aktualnej pr\u0119dko\u015bci obrot\u00f3w frez\u00f3w<br \/>\notwory na frezy u\u017cywane podczas stylizacji<br \/>\nW sk\u0142ad zestawu wchodz\u0105:<\/p>\n<p>g\u0142owica frezarki<br \/>\nbaza frezarki<br \/>\npeda\u0142 do obs\u0142ugi urz\u0105dzenia stop\u0105<br \/>\nuchwyt frezarki<br \/>\ngumowa podstawka pod g\u0142owic\u0119<br \/>\nkomplet frez\u00f3w<br \/>\ninstrukcja<br \/>\ngwarancja pisemna<br \/>\npeda\u0142 do obs\u0142ugi nog\u0105<br \/>\nDane techniczne:<\/p>\n<p>Napi\u0119cie wej\u015bciowe: AC 220V<br \/>\nNapi\u0119cie wyj\u015bciowe: DC 15,6V<br \/>\nMoc maksymalna: 68W<br \/>\nObroty: 0-35 000 obrot\u00f3w na minut\u0119<br \/>\nWymiary:<\/p>\n<p>D\u0142ugo\u015b\u0107: ok.13,5 cm<br \/>\nSzeroko\u015b\u0107: ok. 11 cm<br \/>\nWysoko\u015b\u0107: ok. 9 cm<br \/>\nD\u0142ugo\u015b\u0107 kabla: ok. 136 cm<\/p>","protected":false},"excerpt":{"rendered":"<p>M12 to profesjonalna, wysokiej jako\u015bci frezarka o doskona\u0142ych parametrach u\u017cytkowych \u2013 ogromnej mocy oraz skali obrot\u00f3w, pozwalaj\u0105cych na prac\u0119 zar\u00f3wno przy manicure jak i pedicure wraz z opracowaniem podeszwy st\u00f3p. B\u0119dzie idealna zar\u00f3wno w codziennej pracy salonu stylizacji paznokci jak i u\u017cytku domowego przez bardzo wymagaj\u0105ce u\u017cytkowniczki, poszukuj\u0105ce niezawodnych rozwi\u0105za\u0144. Jednymi z istotnych cech frezarki [&hellip;]<\/p>\n","protected":false},"featured_media":3691,"comment_status":"closed","ping_status":"closed","template":"","meta":{"om_disable_all_campaigns":false,"ocean_post_layout":"","ocean_both_sidebars_style":"","ocean_both_sidebars_content_width":0,"ocean_both_sidebars_sidebars_width":0,"ocean_sidebar":"0","ocean_second_sidebar":"0","ocean_disable_margins":"enable","ocean_add_body_class":"","ocean_shortcode_before_top_bar":"","ocean_shortcode_after_top_bar":"","ocean_shortcode_before_header":"","ocean_shortcode_after_header":"","ocean_has_shortcode":"","ocean_shortcode_after_title":"","ocean_shortcode_before_footer_widgets":"","ocean_shortcode_after_footer_widgets":"","ocean_shortcode_before_footer_bottom":"","ocean_shortcode_after_footer_bottom":"","ocean_display_top_bar":"default","ocean_display_header":"default","ocean_header_style":"","ocean_center_header_left_menu":"0","ocean_custom_header_template":"0","ocean_custom_logo":0,"ocean_custom_retina_logo":0,"ocean_custom_logo_max_width":0,"ocean_custom_logo_tablet_max_width":0,"ocean_custom_logo_mobile_max_width":0,"ocean_custom_logo_max_height":0,"ocean_custom_logo_tablet_max_height":0,"ocean_custom_logo_mobile_max_height":0,"ocean_header_custom_menu":"0","ocean_menu_typo_font_family":"0","ocean_menu_typo_font_subset":"","ocean_menu_typo_font_size":0,"ocean_menu_typo_font_size_tablet":0,"ocean_menu_typo_font_size_mobile":0,"ocean_menu_typo_font_size_unit":"px","ocean_menu_typo_font_weight":"","ocean_menu_typo_font_weight_tablet":"","ocean_menu_typo_font_weight_mobile":"","ocean_menu_typo_transform":"","ocean_menu_typo_transform_tablet":"","ocean_menu_typo_transform_mobile":"","ocean_menu_typo_line_height":0,"ocean_menu_typo_line_height_tablet":0,"ocean_menu_typo_line_height_mobile":0,"ocean_menu_typo_line_height_unit":"","ocean_menu_typo_spacing":0,"ocean_menu_typo_spacing_tablet":0,"ocean_menu_typo_spacing_mobile":0,"ocean_menu_typo_spacing_unit":"","ocean_menu_link_color":"","ocean_menu_link_color_hover":"","ocean_menu_link_color_active":"","ocean_menu_link_background":"","ocean_menu_link_hover_background":"","ocean_menu_link_active_background":"","ocean_menu_social_links_bg":"","ocean_menu_social_hover_links_bg":"","ocean_menu_social_links_color":"","ocean_menu_social_hover_links_color":"","ocean_disable_title":"default","ocean_disable_heading":"default","ocean_post_title":"","ocean_post_subheading":"","ocean_post_title_style":"","ocean_post_title_background_color":"","ocean_post_title_background":0,"ocean_post_title_bg_image_position":"","ocean_post_title_bg_image_attachment":"","ocean_post_title_bg_image_repeat":"","ocean_post_title_bg_image_size":"","ocean_post_title_height":0,"ocean_post_title_bg_overlay":0.5,"ocean_post_title_bg_overlay_color":"","ocean_disable_breadcrumbs":"default","ocean_breadcrumbs_color":"","ocean_breadcrumbs_separator_color":"","ocean_breadcrumbs_links_color":"","ocean_breadcrumbs_links_hover_color":"","ocean_display_footer_widgets":"default","ocean_display_footer_bottom":"default","ocean_custom_footer_template":"0"},"product_brand":[],"product_cat":[166,176,191,110,164],"product_tag":[],"class_list":{"0":"post-3690","1":"product","2":"type-product","3":"status-publish","4":"has-post-thumbnail","6":"product_cat-frezarki","7":"product_cat-marki","8":"product_cat-mollynails-1","9":"product_cat-paznokcie","10":"product_cat-urzadzenia","12":"entry","13":"has-media","15":"first","16":"outofstock","17":"taxable","18":"shipping-taxable","19":"purchasable","20":"product-type-simple","21":"has-product-nav","22":"col","23":"span_1_of_3","24":"owp-content-center","25":"owp-thumbs-layout-horizontal","26":"owp-btn-normal","27":"owp-tabs-layout-horizontal","28":"has-no-thumbnails"},"yoast_head":"<!-- This site is optimized with the Yoast SEO plugin v27.6 - https:\/\/yoast.com\/product\/yoast-seo-wordpress\/ -->\n<title>Molly Nails Frezarka M12 do manicure i pedicure 68W bia\u0142a white - velesnails<\/title>\n<meta name=\"robots\" content=\"index, follow, max-snippet:-1, max-image-preview:large, max-video-preview:-1\" \/>\n<link rel=\"canonical\" href=\"https:\/\/velesnails.pl\/en\/product\/molly-nails-frezarka-m12-do-manicure-i-pedicure-68w-biala-white\/\" \/>\n<meta property=\"og:locale\" content=\"en_GB\" \/>\n<meta property=\"og:type\" content=\"article\" \/>\n<meta property=\"og:title\" content=\"Molly Nails Frezarka M12 do manicure i pedicure 68W bia\u0142a white - velesnails\" \/>\n<meta property=\"og:description\" content=\"M12 to profesjonalna, wysokiej jako\u015bci frezarka o doskona\u0142ych parametrach u\u017cytkowych \u2013 ogromnej mocy oraz skali obrot\u00f3w, pozwalaj\u0105cych na prac\u0119 zar\u00f3wno przy manicure jak i pedicure wraz z opracowaniem podeszwy st\u00f3p. B\u0119dzie idealna zar\u00f3wno w codziennej pracy salonu stylizacji paznokci jak i u\u017cytku domowego przez bardzo wymagaj\u0105ce u\u017cytkowniczki, poszukuj\u0105ce niezawodnych rozwi\u0105za\u0144. Jednymi z istotnych cech frezarki [&hellip;]\" \/>\n<meta property=\"og:url\" content=\"https:\/\/velesnails.pl\/en\/product\/molly-nails-frezarka-m12-do-manicure-i-pedicure-68w-biala-white\/\" \/>\n<meta property=\"og:site_name\" content=\"velesnails\" \/>\n<meta property=\"article:modified_time\" content=\"2024-11-09T10:17:38+00:00\" \/>\n<meta property=\"og:image\" content=\"https:\/\/i0.wp.com\/velesnails.pl\/wp-content\/uploads\/2024\/07\/Molly-Nails-Frezarka-M12.jpg?fit=500%2C498&ssl=1\" \/>\n\t<meta property=\"og:image:width\" content=\"500\" \/>\n\t<meta property=\"og:image:height\" content=\"498\" \/>\n\t<meta property=\"og:image:type\" content=\"image\/jpeg\" \/>\n<meta name=\"twitter:card\" content=\"summary_large_image\" \/>\n<meta name=\"twitter:label1\" content=\"Estimated reading time\" \/>\n\t<meta name=\"twitter:data1\" content=\"2 minutes\" \/>\n<script type=\"application\/ld+json\" class=\"yoast-schema-graph\">{\"@context\":\"https:\\\/\\\/schema.org\",\"@graph\":[{\"@type\":\"WebPage\",\"@id\":\"https:\\\/\\\/velesnails.pl\\\/product\\\/molly-nails-frezarka-m12-do-manicure-i-pedicure-68w-biala-white\\\/\",\"url\":\"https:\\\/\\\/velesnails.pl\\\/product\\\/molly-nails-frezarka-m12-do-manicure-i-pedicure-68w-biala-white\\\/\",\"name\":\"Molly Nails Frezarka M12 do manicure i pedicure 68W bia\u0142a white - velesnails\",\"isPartOf\":{\"@id\":\"https:\\\/\\\/velesnails.pl\\\/#website\"},\"primaryImageOfPage\":{\"@id\":\"https:\\\/\\\/velesnails.pl\\\/product\\\/molly-nails-frezarka-m12-do-manicure-i-pedicure-68w-biala-white\\\/#primaryimage\"},\"image\":{\"@id\":\"https:\\\/\\\/velesnails.pl\\\/product\\\/molly-nails-frezarka-m12-do-manicure-i-pedicure-68w-biala-white\\\/#primaryimage\"},\"thumbnailUrl\":\"https:\\\/\\\/i0.wp.com\\\/velesnails.pl\\\/wp-content\\\/uploads\\\/2024\\\/07\\\/Molly-Nails-Frezarka-M12.jpg?fit=500%2C498&ssl=1\",\"datePublished\":\"2024-07-30T10:07:40+00:00\",\"dateModified\":\"2024-11-09T10:17:38+00:00\",\"breadcrumb\":{\"@id\":\"https:\\\/\\\/velesnails.pl\\\/product\\\/molly-nails-frezarka-m12-do-manicure-i-pedicure-68w-biala-white\\\/#breadcrumb\"},\"inLanguage\":\"en-GB\",\"potentialAction\":[{\"@type\":\"ReadAction\",\"target\":[\"https:\\\/\\\/velesnails.pl\\\/product\\\/molly-nails-frezarka-m12-do-manicure-i-pedicure-68w-biala-white\\\/\"]}]},{\"@type\":\"ImageObject\",\"inLanguage\":\"en-GB\",\"@id\":\"https:\\\/\\\/velesnails.pl\\\/product\\\/molly-nails-frezarka-m12-do-manicure-i-pedicure-68w-biala-white\\\/#primaryimage\",\"url\":\"https:\\\/\\\/i0.wp.com\\\/velesnails.pl\\\/wp-content\\\/uploads\\\/2024\\\/07\\\/Molly-Nails-Frezarka-M12.jpg?fit=500%2C498&ssl=1\",\"contentUrl\":\"https:\\\/\\\/i0.wp.com\\\/velesnails.pl\\\/wp-content\\\/uploads\\\/2024\\\/07\\\/Molly-Nails-Frezarka-M12.jpg?fit=500%2C498&ssl=1\",\"width\":500,\"height\":498},{\"@type\":\"BreadcrumbList\",\"@id\":\"https:\\\/\\\/velesnails.pl\\\/product\\\/molly-nails-frezarka-m12-do-manicure-i-pedicure-68w-biala-white\\\/#breadcrumb\",\"itemListElement\":[{\"@type\":\"ListItem\",\"position\":1,\"name\":\"\u0413\u043e\u043b\u043e\u0432\u043d\u0430\",\"item\":\"https:\\\/\\\/velesnails.pl\\\/\"},{\"@type\":\"ListItem\",\"position\":2,\"name\":\"Sklep\",\"item\":\"https:\\\/\\\/velesnails.pl\\\/shop\\\/\"},{\"@type\":\"ListItem\",\"position\":3,\"name\":\"Molly Nails Frezarka M12 do manicure i pedicure 68W bia\u0142a white\"}]},{\"@type\":\"WebSite\",\"@id\":\"https:\\\/\\\/velesnails.pl\\\/#website\",\"url\":\"https:\\\/\\\/velesnails.pl\\\/\",\"name\":\"velesnails\",\"description\":\"Sklep z manicure\",\"publisher\":{\"@id\":\"https:\\\/\\\/velesnails.pl\\\/#organization\"},\"potentialAction\":[{\"@type\":\"SearchAction\",\"target\":{\"@type\":\"EntryPoint\",\"urlTemplate\":\"https:\\\/\\\/velesnails.pl\\\/?s={search_term_string}\"},\"query-input\":{\"@type\":\"PropertyValueSpecification\",\"valueRequired\":true,\"valueName\":\"search_term_string\"}}],\"inLanguage\":\"en-GB\"},{\"@type\":\"Organization\",\"@id\":\"https:\\\/\\\/velesnails.pl\\\/#organization\",\"name\":\"velesnails\",\"url\":\"https:\\\/\\\/velesnails.pl\\\/\",\"logo\":{\"@type\":\"ImageObject\",\"inLanguage\":\"en-GB\",\"@id\":\"https:\\\/\\\/velesnails.pl\\\/#\\\/schema\\\/logo\\\/image\\\/\",\"url\":\"https:\\\/\\\/i0.wp.com\\\/velesnails.pl\\\/wp-content\\\/uploads\\\/2025\\\/10\\\/cropped-obraz_viber_2025-10-22_13-55-55-969.jpg?fit=485%2C381&ssl=1\",\"contentUrl\":\"https:\\\/\\\/i0.wp.com\\\/velesnails.pl\\\/wp-content\\\/uploads\\\/2025\\\/10\\\/cropped-obraz_viber_2025-10-22_13-55-55-969.jpg?fit=485%2C381&ssl=1\",\"width\":485,\"height\":381,\"caption\":\"velesnails\"},\"image\":{\"@id\":\"https:\\\/\\\/velesnails.pl\\\/#\\\/schema\\\/logo\\\/image\\\/\"}}]}<\/script>\n<!-- \/ Yoast SEO plugin. -->","yoast_head_json":{"title":"Molly Nails Frezarka M12 do manicure i pedicure 68W bia\u0142a white - velesnails","robots":{"index":"index","follow":"follow","max-snippet":"max-snippet:-1","max-image-preview":"max-image-preview:large","max-video-preview":"max-video-preview:-1"},"canonical":"https:\/\/velesnails.pl\/en\/product\/molly-nails-frezarka-m12-do-manicure-i-pedicure-68w-biala-white\/","og_locale":"en_GB","og_type":"article","og_title":"Molly Nails Frezarka M12 do manicure i pedicure 68W bia\u0142a white - velesnails","og_description":"M12 to profesjonalna, wysokiej jako\u015bci frezarka o doskona\u0142ych parametrach u\u017cytkowych \u2013 ogromnej mocy oraz skali obrot\u00f3w, pozwalaj\u0105cych na prac\u0119 zar\u00f3wno przy manicure jak i pedicure wraz z opracowaniem podeszwy st\u00f3p. B\u0119dzie idealna zar\u00f3wno w codziennej pracy salonu stylizacji paznokci jak i u\u017cytku domowego przez bardzo wymagaj\u0105ce u\u017cytkowniczki, poszukuj\u0105ce niezawodnych rozwi\u0105za\u0144. Jednymi z istotnych cech frezarki [&hellip;]","og_url":"https:\/\/velesnails.pl\/en\/product\/molly-nails-frezarka-m12-do-manicure-i-pedicure-68w-biala-white\/","og_site_name":"velesnails","article_modified_time":"2024-11-09T10:17:38+00:00","og_image":[{"width":500,"height":498,"url":"https:\/\/i0.wp.com\/velesnails.pl\/wp-content\/uploads\/2024\/07\/Molly-Nails-Frezarka-M12.jpg?fit=500%2C498&ssl=1","type":"image\/jpeg"}],"twitter_card":"summary_large_image","twitter_misc":{"Estimated reading time":"2 minutes"},"schema":{"@context":"https:\/\/schema.org","@graph":[{"@type":"WebPage","@id":"https:\/\/velesnails.pl\/product\/molly-nails-frezarka-m12-do-manicure-i-pedicure-68w-biala-white\/","url":"https:\/\/velesnails.pl\/product\/molly-nails-frezarka-m12-do-manicure-i-pedicure-68w-biala-white\/","name":"Molly Nails Frezarka M12 do manicure i pedicure 68W bia\u0142a white - velesnails","isPartOf":{"@id":"https:\/\/velesnails.pl\/#website"},"primaryImageOfPage":{"@id":"https:\/\/velesnails.pl\/product\/molly-nails-frezarka-m12-do-manicure-i-pedicure-68w-biala-white\/#primaryimage"},"image":{"@id":"https:\/\/velesnails.pl\/product\/molly-nails-frezarka-m12-do-manicure-i-pedicure-68w-biala-white\/#primaryimage"},"thumbnailUrl":"https:\/\/i0.wp.com\/velesnails.pl\/wp-content\/uploads\/2024\/07\/Molly-Nails-Frezarka-M12.jpg?fit=500%2C498&ssl=1","datePublished":"2024-07-30T10:07:40+00:00","dateModified":"2024-11-09T10:17:38+00:00","breadcrumb":{"@id":"https:\/\/velesnails.pl\/product\/molly-nails-frezarka-m12-do-manicure-i-pedicure-68w-biala-white\/#breadcrumb"},"inLanguage":"en-GB","potentialAction":[{"@type":"ReadAction","target":["https:\/\/velesnails.pl\/product\/molly-nails-frezarka-m12-do-manicure-i-pedicure-68w-biala-white\/"]}]},{"@type":"ImageObject","inLanguage":"en-GB","@id":"https:\/\/velesnails.pl\/product\/molly-nails-frezarka-m12-do-manicure-i-pedicure-68w-biala-white\/#primaryimage","url":"https:\/\/i0.wp.com\/velesnails.pl\/wp-content\/uploads\/2024\/07\/Molly-Nails-Frezarka-M12.jpg?fit=500%2C498&ssl=1","contentUrl":"https:\/\/i0.wp.com\/velesnails.pl\/wp-content\/uploads\/2024\/07\/Molly-Nails-Frezarka-M12.jpg?fit=500%2C498&ssl=1","width":500,"height":498},{"@type":"BreadcrumbList","@id":"https:\/\/velesnails.pl\/product\/molly-nails-frezarka-m12-do-manicure-i-pedicure-68w-biala-white\/#breadcrumb","itemListElement":[{"@type":"ListItem","position":1,"name":"\u0413\u043e\u043b\u043e\u0432\u043d\u0430","item":"https:\/\/velesnails.pl\/"},{"@type":"ListItem","position":2,"name":"Sklep","item":"https:\/\/velesnails.pl\/shop\/"},{"@type":"ListItem","position":3,"name":"Molly Nails Frezarka M12 do manicure i pedicure 68W bia\u0142a white"}]},{"@type":"WebSite","@id":"https:\/\/velesnails.pl\/#website","url":"https:\/\/velesnails.pl\/","name":"velesnails","description":"Manicure shop","publisher":{"@id":"https:\/\/velesnails.pl\/#organization"},"potentialAction":[{"@type":"SearchAction","target":{"@type":"EntryPoint","urlTemplate":"https:\/\/velesnails.pl\/?s={search_term_string}"},"query-input":{"@type":"PropertyValueSpecification","valueRequired":true,"valueName":"search_term_string"}}],"inLanguage":"en-GB"},{"@type":"Organization","@id":"https:\/\/velesnails.pl\/#organization","name":"velesnails","url":"https:\/\/velesnails.pl\/","logo":{"@type":"ImageObject","inLanguage":"en-GB","@id":"https:\/\/velesnails.pl\/#\/schema\/logo\/image\/","url":"https:\/\/i0.wp.com\/velesnails.pl\/wp-content\/uploads\/2025\/10\/cropped-obraz_viber_2025-10-22_13-55-55-969.jpg?fit=485%2C381&ssl=1","contentUrl":"https:\/\/i0.wp.com\/velesnails.pl\/wp-content\/uploads\/2025\/10\/cropped-obraz_viber_2025-10-22_13-55-55-969.jpg?fit=485%2C381&ssl=1","width":485,"height":381,"caption":"velesnails"},"image":{"@id":"https:\/\/velesnails.pl\/#\/schema\/logo\/image\/"}}]}},"_links":{"self":[{"href":"https:\/\/velesnails.pl\/en\/wp-json\/wp\/v2\/product\/3690","targetHints":{"allow":["GET"]}}],"collection":[{"href":"https:\/\/velesnails.pl\/en\/wp-json\/wp\/v2\/product"}],"about":[{"href":"https:\/\/velesnails.pl\/en\/wp-json\/wp\/v2\/types\/product"}],"replies":[{"embeddable":true,"href":"https:\/\/velesnails.pl\/en\/wp-json\/wp\/v2\/comments?post=3690"}],"wp:featuredmedia":[{"embeddable":true,"href":"https:\/\/velesnails.pl\/en\/wp-json\/wp\/v2\/media\/3691"}],"wp:attachment":[{"href":"https:\/\/velesnails.pl\/en\/wp-json\/wp\/v2\/media?parent=3690"}],"wp:term":[{"taxonomy":"product_brand","embeddable":true,"href":"https:\/\/velesnails.pl\/en\/wp-json\/wp\/v2\/product_brand?post=3690"},{"taxonomy":"product_cat","embeddable":true,"href":"https:\/\/velesnails.pl\/en\/wp-json\/wp\/v2\/product_cat?post=3690"},{"taxonomy":"product_tag","embeddable":true,"href":"https:\/\/velesnails.pl\/en\/wp-json\/wp\/v2\/product_tag?post=3690"}],"curies":[{"name":"wp","href":"https:\/\/api.w.org\/{rel}","templated":true}]}}