{"id":3679,"date":"2024-07-30T12:45:57","date_gmt":"2024-07-30T09:45:57","guid":{"rendered":"https:\/\/velesnails.loc\/?post_type=product&#038;p=3679"},"modified":"2026-03-28T20:45:40","modified_gmt":"2026-03-28T17:45:40","slug":"saeyang-frezarka-marathon-3-champion-white-h200","status":"publish","type":"product","link":"https:\/\/velesnails.pl\/en\/product\/saeyang-frezarka-marathon-3-champion-white-h200\/","title":{"rendered":"Saeyang frezarka Marathon 3 Champion white + H200"},"content":{"rendered":"<p>Marka Saeyang posiada w swojej ofercie wysokiej jako\u015bci narz\u0119dzia przydatne podczas wykonywania profesjonalnych zabieg\u00f3w manicure oraz pedicure. Produkty Saeyang, cenione w gronie kosmetolog\u00f3w, charakteryzuj\u0105 si\u0119 doskona\u0142\u0105 jako\u015bci\u0105 wykonania, precyzj\u0105 oraz zastosowaniem innowacyjnych rozwi\u0105za\u0144.<\/p>\n<p>Profesjonalne urz\u0105dzenie do zabieg\u00f3w manicure i pedicure<br \/>\nWysokiej klasy frezarka Saeyang Marathon 3 Champion to polecane przez kosmetolog\u00f3w urz\u0105dzenie, kt\u00f3re u\u0142atwi dok\u0142adne opracowanie sk\u00f3rek i paznokci oraz usuwanie pozosta\u0142o\u015bci poprzednich stylizacji, co znacznie usprawnia przygotowanie ich pod dalsze zabiegi. Dobre wywa\u017cenie g\u0142owicy oraz doskonale przemy\u015blane funkcjonalno\u015bci sprawiaj\u0105, \u017ce frezarka doskonale sprawdzi si\u0119 zar\u00f3wno w u\u017cytku profesjonalnym, jak i domowym.<\/p>\n<p>Praktyczna g\u0142owica H200<br \/>\nFunkcjonalna g\u0142owica H200 doskonale le\u017cy w r\u0119ce, co gwarantuje wysoki komfort pracy. Wyposa\u017cona jest w prosty w obs\u0142udze system Twist-Lock, kt\u00f3ry pozwala na szybk\u0105 i p\u0142ynn\u0105 wymian\u0119 frez\u00f3w. Dzi\u0119ki temu praca z urz\u0105dzeniem jest wyj\u0105tkowo \u0142atwa oraz intuicyjna, co zostanie docenione r\u00f3wnie\u017c przez bardziej wymagaj\u0105cych u\u017cytkownik\u00f3w. Element jest odpowiednio wywa\u017cony i ergonomicznie wyprofilowany, a dodatkowo drgania g\u0142owicy zosta\u0142y ograniczone, dzi\u0119ki czemu nawet wielogodzinna praca z frezark\u0105 nie m\u0119czy nadmiernie r\u0119ki. Elastyczny kabel spr\u0119\u017cynka zapewnia wysoki komfort pracy, osi\u0105gaj\u0105c nawet 135 cm d\u0142ugo\u015bci przy znacznym rozci\u0105gni\u0119ciu.<\/p>\n<p>\u0141atwo\u015b\u0107 sterowania<br \/>\nRegulacja pr\u0119dko\u015bci przy u\u017cyciu pokr\u0119t\u0142a jest mo\u017cliwa do 30 000 obrot\u00f3w na minut\u0119, co pozwala na dostosowanie do indywidualnych potrzeb, a co za tym idzie komfortowe wykonywanie szerokiej gamy zabieg\u00f3w. Dodatkowo dioda kontrolna \u015bwieci w kolorze zielonym, u\u0142atwiaj\u0105c rozpoznanie, czy frezarka pracuje na minimalnych obrotach. Praca z urz\u0105dzeniem jest wyj\u0105tkowo \u0142atwa, efektywna oraz intuicyjna, co zostanie docenione r\u00f3wnie\u017c przez bardziej wymagaj\u0105cych u\u017cytkownik\u00f3w.<\/p>\n<p>Precyzyjne funkcjonalno\u015bci dla komfortu u\u017cytkowania<br \/>\nDo\u0142\u0105czone do zestawu akcesoria zapewniaj\u0105 bezpiecze\u0144stwo oraz wygod\u0119 korzystania. Frezarka wyposa\u017cona jest w nap\u0119d no\u017cny, umo\u017cliwiaj\u0105cy precyzyjne kontrolowanie pracy g\u0142owicy i swobodn\u0105, komfortow\u0105 prac\u0119, dzi\u0119ki mo\u017cliwo\u015bci sterowania urz\u0105dzeniem bez u\u017cycia r\u0105k. W trakcie pracy g\u0142owic\u0119 bezpiecznie mo\u017cna od\u0142o\u017cy\u0107 na do\u0142\u0105czony do zestawu dedykowany silikonowy stojak lub odwiesi\u0107 dzi\u0119ki wygodnemu plastikowemu uchwytowi, kt\u00f3ry mo\u017cna zamontowa\u0107 po obu stronach urz\u0105dzenia. Miejsce na frezy na obudowie pozwala na przygotowanie niezb\u0119dnych narz\u0119dzi, by mie\u0107 je pod r\u0119k\u0105 w trakcie pracy.<\/p>\n<p>Nowoczesne urz\u0105dzenie, cenione przez specjalist\u00f3w<br \/>\nKultowa frezarka Saeyang Marathon 3 Champion o ergonomicznym kszta\u0142cie doskonale \u0142\u0105czy funkcjonalno\u015b\u0107 z estetyk\u0105. Futurystyczna obudowa w odcieniach bieli doskonale wpasuje si\u0119 w ka\u017cde wn\u0119trze i \u015bwietnie sprawdzi si\u0119 nawet w niewielkich przestrzeniach. Dodatkowo urz\u0105dzenie wyposa\u017cone jest w gumowane stopki, kt\u00f3re nie tylko zapewniaj\u0105 stabilno\u015b\u0107, ale r\u00f3wnie\u017c chroni\u0105 powierzchni\u0119, na kt\u00f3rej stoi, przed ewentualnymi uszkodzeniami. Dzi\u0119ki tym cechom, to urz\u0105dzenie nie tylko doskonale spe\u0142nia swoje funkcje, ale r\u00f3wnie\u017c stanowi elegancki element wystroju wn\u0119trza, podkre\u015blaj\u0105c nowoczesny charakter pomieszczenia.<\/p>","protected":false},"excerpt":{"rendered":"<p>Marka Saeyang posiada w swojej ofercie wysokiej jako\u015bci narz\u0119dzia przydatne podczas wykonywania profesjonalnych zabieg\u00f3w manicure oraz pedicure. Produkty Saeyang, cenione w gronie kosmetolog\u00f3w, charakteryzuj\u0105 si\u0119 doskona\u0142\u0105 jako\u015bci\u0105 wykonania, precyzj\u0105 oraz zastosowaniem innowacyjnych rozwi\u0105za\u0144. Profesjonalne urz\u0105dzenie do zabieg\u00f3w manicure i pedicure Wysokiej klasy frezarka Saeyang Marathon 3 Champion to polecane przez kosmetolog\u00f3w urz\u0105dzenie, kt\u00f3re u\u0142atwi dok\u0142adne [&hellip;]<\/p>\n","protected":false},"featured_media":3680,"comment_status":"open","ping_status":"closed","template":"","meta":{"om_disable_all_campaigns":false,"ocean_post_layout":"","ocean_both_sidebars_style":"","ocean_both_sidebars_content_width":0,"ocean_both_sidebars_sidebars_width":0,"ocean_sidebar":"0","ocean_second_sidebar":"0","ocean_disable_margins":"enable","ocean_add_body_class":"","ocean_shortcode_before_top_bar":"","ocean_shortcode_after_top_bar":"","ocean_shortcode_before_header":"","ocean_shortcode_after_header":"","ocean_has_shortcode":"","ocean_shortcode_after_title":"","ocean_shortcode_before_footer_widgets":"","ocean_shortcode_after_footer_widgets":"","ocean_shortcode_before_footer_bottom":"","ocean_shortcode_after_footer_bottom":"","ocean_display_top_bar":"default","ocean_display_header":"default","ocean_header_style":"","ocean_center_header_left_menu":"0","ocean_custom_header_template":"0","ocean_custom_logo":0,"ocean_custom_retina_logo":0,"ocean_custom_logo_max_width":0,"ocean_custom_logo_tablet_max_width":0,"ocean_custom_logo_mobile_max_width":0,"ocean_custom_logo_max_height":0,"ocean_custom_logo_tablet_max_height":0,"ocean_custom_logo_mobile_max_height":0,"ocean_header_custom_menu":"0","ocean_menu_typo_font_family":"0","ocean_menu_typo_font_subset":"","ocean_menu_typo_font_size":0,"ocean_menu_typo_font_size_tablet":0,"ocean_menu_typo_font_size_mobile":0,"ocean_menu_typo_font_size_unit":"px","ocean_menu_typo_font_weight":"","ocean_menu_typo_font_weight_tablet":"","ocean_menu_typo_font_weight_mobile":"","ocean_menu_typo_transform":"","ocean_menu_typo_transform_tablet":"","ocean_menu_typo_transform_mobile":"","ocean_menu_typo_line_height":0,"ocean_menu_typo_line_height_tablet":0,"ocean_menu_typo_line_height_mobile":0,"ocean_menu_typo_line_height_unit":"","ocean_menu_typo_spacing":0,"ocean_menu_typo_spacing_tablet":0,"ocean_menu_typo_spacing_mobile":0,"ocean_menu_typo_spacing_unit":"","ocean_menu_link_color":"","ocean_menu_link_color_hover":"","ocean_menu_link_color_active":"","ocean_menu_link_background":"","ocean_menu_link_hover_background":"","ocean_menu_link_active_background":"","ocean_menu_social_links_bg":"","ocean_menu_social_hover_links_bg":"","ocean_menu_social_links_color":"","ocean_menu_social_hover_links_color":"","ocean_disable_title":"default","ocean_disable_heading":"default","ocean_post_title":"","ocean_post_subheading":"","ocean_post_title_style":"","ocean_post_title_background_color":"","ocean_post_title_background":0,"ocean_post_title_bg_image_position":"","ocean_post_title_bg_image_attachment":"","ocean_post_title_bg_image_repeat":"","ocean_post_title_bg_image_size":"","ocean_post_title_height":0,"ocean_post_title_bg_overlay":0.5,"ocean_post_title_bg_overlay_color":"","ocean_disable_breadcrumbs":"default","ocean_breadcrumbs_color":"","ocean_breadcrumbs_separator_color":"","ocean_breadcrumbs_links_color":"","ocean_breadcrumbs_links_hover_color":"","ocean_display_footer_widgets":"default","ocean_display_footer_bottom":"default","ocean_custom_footer_template":"0"},"product_brand":[],"product_cat":[166,110,164],"product_tag":[],"class_list":{"0":"post-3679","1":"product","2":"type-product","3":"status-publish","4":"has-post-thumbnail","6":"product_cat-frezarki","7":"product_cat-paznokcie","8":"product_cat-urzadzenia","10":"entry","11":"has-media","13":"first","14":"outofstock","15":"taxable","16":"shipping-taxable","17":"purchasable","18":"product-type-simple","19":"has-product-nav","20":"col","21":"span_1_of_3","22":"owp-content-center","23":"owp-thumbs-layout-horizontal","24":"owp-btn-normal","25":"owp-tabs-layout-horizontal","26":"has-no-thumbnails"},"yoast_head":"<!-- This site is optimized with the Yoast SEO plugin v27.6 - https:\/\/yoast.com\/product\/yoast-seo-wordpress\/ -->\n<title>Saeyang frezarka Marathon 3 Champion white + H200 - velesnails<\/title>\n<meta name=\"robots\" content=\"index, follow, max-snippet:-1, max-image-preview:large, max-video-preview:-1\" \/>\n<link rel=\"canonical\" href=\"https:\/\/velesnails.pl\/en\/product\/saeyang-frezarka-marathon-3-champion-white-h200\/\" \/>\n<meta property=\"og:locale\" content=\"en_GB\" \/>\n<meta property=\"og:type\" content=\"article\" \/>\n<meta property=\"og:title\" content=\"Saeyang frezarka Marathon 3 Champion white + H200 - velesnails\" \/>\n<meta property=\"og:description\" content=\"Marka Saeyang posiada w swojej ofercie wysokiej jako\u015bci narz\u0119dzia przydatne podczas wykonywania profesjonalnych zabieg\u00f3w manicure oraz pedicure. Produkty Saeyang, cenione w gronie kosmetolog\u00f3w, charakteryzuj\u0105 si\u0119 doskona\u0142\u0105 jako\u015bci\u0105 wykonania, precyzj\u0105 oraz zastosowaniem innowacyjnych rozwi\u0105za\u0144. Profesjonalne urz\u0105dzenie do zabieg\u00f3w manicure i pedicure Wysokiej klasy frezarka Saeyang Marathon 3 Champion to polecane przez kosmetolog\u00f3w urz\u0105dzenie, kt\u00f3re u\u0142atwi dok\u0142adne [&hellip;]\" \/>\n<meta property=\"og:url\" content=\"https:\/\/velesnails.pl\/en\/product\/saeyang-frezarka-marathon-3-champion-white-h200\/\" \/>\n<meta property=\"og:site_name\" content=\"velesnails\" \/>\n<meta property=\"article:modified_time\" content=\"2026-03-28T17:45:40+00:00\" \/>\n<meta property=\"og:image\" content=\"https:\/\/velesnails.pl\/wp-content\/uploads\/2024\/07\/Saeyang-frezarka-Marathon-3-Champion-white-H200.png\" \/>\n\t<meta property=\"og:image:width\" content=\"664\" \/>\n\t<meta property=\"og:image:height\" content=\"457\" \/>\n\t<meta property=\"og:image:type\" content=\"image\/png\" \/>\n<meta name=\"twitter:card\" content=\"summary_large_image\" \/>\n<meta name=\"twitter:label1\" content=\"Estimated reading time\" \/>\n\t<meta name=\"twitter:data1\" content=\"3 minutes\" \/>\n<script type=\"application\/ld+json\" class=\"yoast-schema-graph\">{\"@context\":\"https:\\\/\\\/schema.org\",\"@graph\":[{\"@type\":\"WebPage\",\"@id\":\"https:\\\/\\\/velesnails.pl\\\/product\\\/saeyang-frezarka-marathon-3-champion-white-h200\\\/\",\"url\":\"https:\\\/\\\/velesnails.pl\\\/product\\\/saeyang-frezarka-marathon-3-champion-white-h200\\\/\",\"name\":\"Saeyang frezarka Marathon 3 Champion white + H200 - velesnails\",\"isPartOf\":{\"@id\":\"https:\\\/\\\/velesnails.pl\\\/#website\"},\"primaryImageOfPage\":{\"@id\":\"https:\\\/\\\/velesnails.pl\\\/product\\\/saeyang-frezarka-marathon-3-champion-white-h200\\\/#primaryimage\"},\"image\":{\"@id\":\"https:\\\/\\\/velesnails.pl\\\/product\\\/saeyang-frezarka-marathon-3-champion-white-h200\\\/#primaryimage\"},\"thumbnailUrl\":\"https:\\\/\\\/i0.wp.com\\\/velesnails.pl\\\/wp-content\\\/uploads\\\/2024\\\/07\\\/Saeyang-frezarka-Marathon-3-Champion-white-H200.png?fit=664%2C457&ssl=1\",\"datePublished\":\"2024-07-30T09:45:57+00:00\",\"dateModified\":\"2026-03-28T17:45:40+00:00\",\"breadcrumb\":{\"@id\":\"https:\\\/\\\/velesnails.pl\\\/product\\\/saeyang-frezarka-marathon-3-champion-white-h200\\\/#breadcrumb\"},\"inLanguage\":\"en-GB\",\"potentialAction\":[{\"@type\":\"ReadAction\",\"target\":[\"https:\\\/\\\/velesnails.pl\\\/product\\\/saeyang-frezarka-marathon-3-champion-white-h200\\\/\"]}]},{\"@type\":\"ImageObject\",\"inLanguage\":\"en-GB\",\"@id\":\"https:\\\/\\\/velesnails.pl\\\/product\\\/saeyang-frezarka-marathon-3-champion-white-h200\\\/#primaryimage\",\"url\":\"https:\\\/\\\/i0.wp.com\\\/velesnails.pl\\\/wp-content\\\/uploads\\\/2024\\\/07\\\/Saeyang-frezarka-Marathon-3-Champion-white-H200.png?fit=664%2C457&ssl=1\",\"contentUrl\":\"https:\\\/\\\/i0.wp.com\\\/velesnails.pl\\\/wp-content\\\/uploads\\\/2024\\\/07\\\/Saeyang-frezarka-Marathon-3-Champion-white-H200.png?fit=664%2C457&ssl=1\",\"width\":664,\"height\":457},{\"@type\":\"BreadcrumbList\",\"@id\":\"https:\\\/\\\/velesnails.pl\\\/product\\\/saeyang-frezarka-marathon-3-champion-white-h200\\\/#breadcrumb\",\"itemListElement\":[{\"@type\":\"ListItem\",\"position\":1,\"name\":\"\u0413\u043e\u043b\u043e\u0432\u043d\u0430\",\"item\":\"https:\\\/\\\/velesnails.pl\\\/\"},{\"@type\":\"ListItem\",\"position\":2,\"name\":\"Sklep\",\"item\":\"https:\\\/\\\/velesnails.pl\\\/shop\\\/\"},{\"@type\":\"ListItem\",\"position\":3,\"name\":\"Saeyang frezarka Marathon 3 Champion white + H200\"}]},{\"@type\":\"WebSite\",\"@id\":\"https:\\\/\\\/velesnails.pl\\\/#website\",\"url\":\"https:\\\/\\\/velesnails.pl\\\/\",\"name\":\"velesnails\",\"description\":\"Sklep z manicure\",\"publisher\":{\"@id\":\"https:\\\/\\\/velesnails.pl\\\/#organization\"},\"potentialAction\":[{\"@type\":\"SearchAction\",\"target\":{\"@type\":\"EntryPoint\",\"urlTemplate\":\"https:\\\/\\\/velesnails.pl\\\/?s={search_term_string}\"},\"query-input\":{\"@type\":\"PropertyValueSpecification\",\"valueRequired\":true,\"valueName\":\"search_term_string\"}}],\"inLanguage\":\"en-GB\"},{\"@type\":\"Organization\",\"@id\":\"https:\\\/\\\/velesnails.pl\\\/#organization\",\"name\":\"velesnails\",\"url\":\"https:\\\/\\\/velesnails.pl\\\/\",\"logo\":{\"@type\":\"ImageObject\",\"inLanguage\":\"en-GB\",\"@id\":\"https:\\\/\\\/velesnails.pl\\\/#\\\/schema\\\/logo\\\/image\\\/\",\"url\":\"https:\\\/\\\/i0.wp.com\\\/velesnails.pl\\\/wp-content\\\/uploads\\\/2025\\\/10\\\/cropped-obraz_viber_2025-10-22_13-55-55-969.jpg?fit=485%2C381&ssl=1\",\"contentUrl\":\"https:\\\/\\\/i0.wp.com\\\/velesnails.pl\\\/wp-content\\\/uploads\\\/2025\\\/10\\\/cropped-obraz_viber_2025-10-22_13-55-55-969.jpg?fit=485%2C381&ssl=1\",\"width\":485,\"height\":381,\"caption\":\"velesnails\"},\"image\":{\"@id\":\"https:\\\/\\\/velesnails.pl\\\/#\\\/schema\\\/logo\\\/image\\\/\"}}]}<\/script>\n<!-- \/ Yoast SEO plugin. -->","yoast_head_json":{"title":"Saeyang frezarka Marathon 3 Champion white + H200 - velesnails","robots":{"index":"index","follow":"follow","max-snippet":"max-snippet:-1","max-image-preview":"max-image-preview:large","max-video-preview":"max-video-preview:-1"},"canonical":"https:\/\/velesnails.pl\/en\/product\/saeyang-frezarka-marathon-3-champion-white-h200\/","og_locale":"en_GB","og_type":"article","og_title":"Saeyang frezarka Marathon 3 Champion white + H200 - velesnails","og_description":"Marka Saeyang posiada w swojej ofercie wysokiej jako\u015bci narz\u0119dzia przydatne podczas wykonywania profesjonalnych zabieg\u00f3w manicure oraz pedicure. Produkty Saeyang, cenione w gronie kosmetolog\u00f3w, charakteryzuj\u0105 si\u0119 doskona\u0142\u0105 jako\u015bci\u0105 wykonania, precyzj\u0105 oraz zastosowaniem innowacyjnych rozwi\u0105za\u0144. Profesjonalne urz\u0105dzenie do zabieg\u00f3w manicure i pedicure Wysokiej klasy frezarka Saeyang Marathon 3 Champion to polecane przez kosmetolog\u00f3w urz\u0105dzenie, kt\u00f3re u\u0142atwi dok\u0142adne [&hellip;]","og_url":"https:\/\/velesnails.pl\/en\/product\/saeyang-frezarka-marathon-3-champion-white-h200\/","og_site_name":"velesnails","article_modified_time":"2026-03-28T17:45:40+00:00","og_image":[{"width":664,"height":457,"url":"https:\/\/velesnails.pl\/wp-content\/uploads\/2024\/07\/Saeyang-frezarka-Marathon-3-Champion-white-H200.png","type":"image\/png"}],"twitter_card":"summary_large_image","twitter_misc":{"Estimated reading time":"3 minutes"},"schema":{"@context":"https:\/\/schema.org","@graph":[{"@type":"WebPage","@id":"https:\/\/velesnails.pl\/product\/saeyang-frezarka-marathon-3-champion-white-h200\/","url":"https:\/\/velesnails.pl\/product\/saeyang-frezarka-marathon-3-champion-white-h200\/","name":"Saeyang frezarka Marathon 3 Champion white + H200 - velesnails","isPartOf":{"@id":"https:\/\/velesnails.pl\/#website"},"primaryImageOfPage":{"@id":"https:\/\/velesnails.pl\/product\/saeyang-frezarka-marathon-3-champion-white-h200\/#primaryimage"},"image":{"@id":"https:\/\/velesnails.pl\/product\/saeyang-frezarka-marathon-3-champion-white-h200\/#primaryimage"},"thumbnailUrl":"https:\/\/i0.wp.com\/velesnails.pl\/wp-content\/uploads\/2024\/07\/Saeyang-frezarka-Marathon-3-Champion-white-H200.png?fit=664%2C457&ssl=1","datePublished":"2024-07-30T09:45:57+00:00","dateModified":"2026-03-28T17:45:40+00:00","breadcrumb":{"@id":"https:\/\/velesnails.pl\/product\/saeyang-frezarka-marathon-3-champion-white-h200\/#breadcrumb"},"inLanguage":"en-GB","potentialAction":[{"@type":"ReadAction","target":["https:\/\/velesnails.pl\/product\/saeyang-frezarka-marathon-3-champion-white-h200\/"]}]},{"@type":"ImageObject","inLanguage":"en-GB","@id":"https:\/\/velesnails.pl\/product\/saeyang-frezarka-marathon-3-champion-white-h200\/#primaryimage","url":"https:\/\/i0.wp.com\/velesnails.pl\/wp-content\/uploads\/2024\/07\/Saeyang-frezarka-Marathon-3-Champion-white-H200.png?fit=664%2C457&ssl=1","contentUrl":"https:\/\/i0.wp.com\/velesnails.pl\/wp-content\/uploads\/2024\/07\/Saeyang-frezarka-Marathon-3-Champion-white-H200.png?fit=664%2C457&ssl=1","width":664,"height":457},{"@type":"BreadcrumbList","@id":"https:\/\/velesnails.pl\/product\/saeyang-frezarka-marathon-3-champion-white-h200\/#breadcrumb","itemListElement":[{"@type":"ListItem","position":1,"name":"\u0413\u043e\u043b\u043e\u0432\u043d\u0430","item":"https:\/\/velesnails.pl\/"},{"@type":"ListItem","position":2,"name":"Sklep","item":"https:\/\/velesnails.pl\/shop\/"},{"@type":"ListItem","position":3,"name":"Saeyang frezarka Marathon 3 Champion white + H200"}]},{"@type":"WebSite","@id":"https:\/\/velesnails.pl\/#website","url":"https:\/\/velesnails.pl\/","name":"velesnails","description":"Manicure shop","publisher":{"@id":"https:\/\/velesnails.pl\/#organization"},"potentialAction":[{"@type":"SearchAction","target":{"@type":"EntryPoint","urlTemplate":"https:\/\/velesnails.pl\/?s={search_term_string}"},"query-input":{"@type":"PropertyValueSpecification","valueRequired":true,"valueName":"search_term_string"}}],"inLanguage":"en-GB"},{"@type":"Organization","@id":"https:\/\/velesnails.pl\/#organization","name":"velesnails","url":"https:\/\/velesnails.pl\/","logo":{"@type":"ImageObject","inLanguage":"en-GB","@id":"https:\/\/velesnails.pl\/#\/schema\/logo\/image\/","url":"https:\/\/i0.wp.com\/velesnails.pl\/wp-content\/uploads\/2025\/10\/cropped-obraz_viber_2025-10-22_13-55-55-969.jpg?fit=485%2C381&ssl=1","contentUrl":"https:\/\/i0.wp.com\/velesnails.pl\/wp-content\/uploads\/2025\/10\/cropped-obraz_viber_2025-10-22_13-55-55-969.jpg?fit=485%2C381&ssl=1","width":485,"height":381,"caption":"velesnails"},"image":{"@id":"https:\/\/velesnails.pl\/#\/schema\/logo\/image\/"}}]}},"_links":{"self":[{"href":"https:\/\/velesnails.pl\/en\/wp-json\/wp\/v2\/product\/3679","targetHints":{"allow":["GET"]}}],"collection":[{"href":"https:\/\/velesnails.pl\/en\/wp-json\/wp\/v2\/product"}],"about":[{"href":"https:\/\/velesnails.pl\/en\/wp-json\/wp\/v2\/types\/product"}],"replies":[{"embeddable":true,"href":"https:\/\/velesnails.pl\/en\/wp-json\/wp\/v2\/comments?post=3679"}],"wp:featuredmedia":[{"embeddable":true,"href":"https:\/\/velesnails.pl\/en\/wp-json\/wp\/v2\/media\/3680"}],"wp:attachment":[{"href":"https:\/\/velesnails.pl\/en\/wp-json\/wp\/v2\/media?parent=3679"}],"wp:term":[{"taxonomy":"product_brand","embeddable":true,"href":"https:\/\/velesnails.pl\/en\/wp-json\/wp\/v2\/product_brand?post=3679"},{"taxonomy":"product_cat","embeddable":true,"href":"https:\/\/velesnails.pl\/en\/wp-json\/wp\/v2\/product_cat?post=3679"},{"taxonomy":"product_tag","embeddable":true,"href":"https:\/\/velesnails.pl\/en\/wp-json\/wp\/v2\/product_tag?post=3679"}],"curies":[{"name":"wp","href":"https:\/\/api.w.org\/{rel}","templated":true}]}}