{"id":3677,"date":"2024-07-30T12:42:31","date_gmt":"2024-07-30T09:42:31","guid":{"rendered":"https:\/\/velesnails.loc\/?post_type=product&#038;p=3677"},"modified":"2025-10-14T13:29:09","modified_gmt":"2025-10-14T10:29:09","slug":"frezarka-exo-power-max-60w","status":"publish","type":"product","link":"https:\/\/velesnails.pl\/en\/product\/frezarka-exo-power-max-60w\/","title":{"rendered":"Frezarka Exo Power Max 60W"},"content":{"rendered":"<p>EXO &#8211; Jako\u015b\u0107, kt\u00f3ra inspiruje<br \/>\nEXO to nowa marka na rynku, kt\u00f3ra dostarcza najwy\u017cszej jako\u015bci produkty dla bran\u017cy kosmetologicznej i podologicznej. Odznacza si\u0119 wyj\u0105tkow\u0105 dba\u0142o\u015bci\u0105 o swe produkty oraz konsekwentn\u0105 uwa\u017cno\u015bci\u0105 na potrzeby klienta.<\/p>\n<p>Praca z ni\u0105 to przyjemno\u015b\u0107<br \/>\nFrezarka EXO POWER MAX \u015bwietnie si\u0119 sprawdzi zar\u00f3wno do manicure, jak i do pedicure. Jej moc 60W pozwoli na sprawn\u0105 i efektywn\u0105 prac\u0119 nawet przez d\u0142ugie godziny. Stworzona zosta\u0142a z najlepszych podzespo\u0142\u00f3w i materia\u0142\u00f3w wybranych przez specjalist\u00f3w z bran\u017cy.<\/p>\n<p>Zaprojektowana dla pe\u0142nej funkcjonalno\u015bci<br \/>\nG\u0142owica frezarki jest naprawd\u0119 solidna i osi\u0105ga maksymalnie nawet 35.000 obrot\u00f3w na minut\u0119. Mo\u017cesz sterowa\u0107 ni\u0105 poprzez baz\u0119, jak i r\u00f3wnie\u017c poprzez za\u0142\u0105czony nap\u0119d no\u017cny. Zmie\u0144 kierunek obracania si\u0119 g\u0142owicy jednym przyciskiem, bez konieczno\u015bci samodzielnego zatrzymywania. G\u0142owic\u0119 mo\u017cesz w\u0142o\u017cy\u0107 do uchwytu, kt\u00f3ry b\u0119dzie przymocowany do bazy. Specjalna budowa bazy pozwala na wk\u0142adanie w dziurki frez\u00f3w, aby by\u0142y dost\u0119pne pod r\u0119k\u0105.<\/p>\n<p>Twist-Lock: \u0141atwa zmiana frezu<br \/>\nZapomnij o u\u017cywaniu kluczyk\u00f3w i trzpieni, r\u0105czka TWIST-LOCK to rozwi\u0105zanie, kt\u00f3re pozwala na szybk\u0105 i \u0142atw\u0105 wymian\u0119 frezu jednym ruchem. Skr\u0119\u0107 w lewo, aby odblokowa\u0107, poluzowa\u0107 i wymieni\u0107 frez. Skr\u0119\u0107 w prawo, aby zamkn\u0105\u0107 blokad\u0119 i zamocowa\u0107 frez.<\/p>\n<p>Zacznij od zaraz<br \/>\nDo pude\u0142ka do\u0142\u0105czony jest zestaw frez\u00f3w (gratis). Mo\u017cesz dzi\u0119ki temu od razu zacz\u0105\u0107 prac\u0119 z t\u0119 frezark\u0105. Mo\u017cesz pracowa\u0107 z ni\u0105 w domu lub w swoim salonie.<\/p>\n<p>Zestaw obejmuje:<br \/>\nBaz\u0119 frezarki, g\u0142owic\u0119 frezarki, zestaw frez\u00f3w, nap\u0119d no\u017cny, uchwyt na g\u0142owic\u0119, dodatkowe szczotki, zestaw kluczy.<\/p>\n<p>Parametry techniczne:<br \/>\nMoc: 60W<br \/>\nObroty: 10.000-35.000<br \/>\nWymiary: 22 x 15.5 x 18.5 mm<br \/>\nNapi\u0119cie: 200V\/240V<\/p>","protected":false},"excerpt":{"rendered":"<p>EXO &#8211; Jako\u015b\u0107, kt\u00f3ra inspiruje EXO to nowa marka na rynku, kt\u00f3ra dostarcza najwy\u017cszej jako\u015bci produkty dla bran\u017cy kosmetologicznej i podologicznej. Odznacza si\u0119 wyj\u0105tkow\u0105 dba\u0142o\u015bci\u0105 o swe produkty oraz konsekwentn\u0105 uwa\u017cno\u015bci\u0105 na potrzeby klienta. Praca z ni\u0105 to przyjemno\u015b\u0107 Frezarka EXO POWER MAX \u015bwietnie si\u0119 sprawdzi zar\u00f3wno do manicure, jak i do pedicure. Jej moc [&hellip;]<\/p>\n","protected":false},"featured_media":3678,"comment_status":"closed","ping_status":"closed","template":"","meta":{"om_disable_all_campaigns":false,"ocean_post_layout":"","ocean_both_sidebars_style":"","ocean_both_sidebars_content_width":0,"ocean_both_sidebars_sidebars_width":0,"ocean_sidebar":"0","ocean_second_sidebar":"0","ocean_disable_margins":"enable","ocean_add_body_class":"","ocean_shortcode_before_top_bar":"","ocean_shortcode_after_top_bar":"","ocean_shortcode_before_header":"","ocean_shortcode_after_header":"","ocean_has_shortcode":"","ocean_shortcode_after_title":"","ocean_shortcode_before_footer_widgets":"","ocean_shortcode_after_footer_widgets":"","ocean_shortcode_before_footer_bottom":"","ocean_shortcode_after_footer_bottom":"","ocean_display_top_bar":"default","ocean_display_header":"default","ocean_header_style":"","ocean_center_header_left_menu":"0","ocean_custom_header_template":"0","ocean_custom_logo":0,"ocean_custom_retina_logo":0,"ocean_custom_logo_max_width":0,"ocean_custom_logo_tablet_max_width":0,"ocean_custom_logo_mobile_max_width":0,"ocean_custom_logo_max_height":0,"ocean_custom_logo_tablet_max_height":0,"ocean_custom_logo_mobile_max_height":0,"ocean_header_custom_menu":"0","ocean_menu_typo_font_family":"0","ocean_menu_typo_font_subset":"","ocean_menu_typo_font_size":0,"ocean_menu_typo_font_size_tablet":0,"ocean_menu_typo_font_size_mobile":0,"ocean_menu_typo_font_size_unit":"px","ocean_menu_typo_font_weight":"","ocean_menu_typo_font_weight_tablet":"","ocean_menu_typo_font_weight_mobile":"","ocean_menu_typo_transform":"","ocean_menu_typo_transform_tablet":"","ocean_menu_typo_transform_mobile":"","ocean_menu_typo_line_height":0,"ocean_menu_typo_line_height_tablet":0,"ocean_menu_typo_line_height_mobile":0,"ocean_menu_typo_line_height_unit":"","ocean_menu_typo_spacing":0,"ocean_menu_typo_spacing_tablet":0,"ocean_menu_typo_spacing_mobile":0,"ocean_menu_typo_spacing_unit":"","ocean_menu_link_color":"","ocean_menu_link_color_hover":"","ocean_menu_link_color_active":"","ocean_menu_link_background":"","ocean_menu_link_hover_background":"","ocean_menu_link_active_background":"","ocean_menu_social_links_bg":"","ocean_menu_social_hover_links_bg":"","ocean_menu_social_links_color":"","ocean_menu_social_hover_links_color":"","ocean_disable_title":"default","ocean_disable_heading":"default","ocean_post_title":"","ocean_post_subheading":"","ocean_post_title_style":"","ocean_post_title_background_color":"","ocean_post_title_background":0,"ocean_post_title_bg_image_position":"","ocean_post_title_bg_image_attachment":"","ocean_post_title_bg_image_repeat":"","ocean_post_title_bg_image_size":"","ocean_post_title_height":0,"ocean_post_title_bg_overlay":0.5,"ocean_post_title_bg_overlay_color":"","ocean_disable_breadcrumbs":"default","ocean_breadcrumbs_color":"","ocean_breadcrumbs_separator_color":"","ocean_breadcrumbs_links_color":"","ocean_breadcrumbs_links_hover_color":"","ocean_display_footer_widgets":"default","ocean_display_footer_bottom":"default","ocean_custom_footer_template":"0"},"product_brand":[],"product_cat":[166,164],"product_tag":[],"class_list":{"0":"post-3677","1":"product","2":"type-product","3":"status-publish","4":"has-post-thumbnail","6":"product_cat-frezarki","7":"product_cat-urzadzenia","9":"entry","10":"has-media","12":"first","13":"instock","14":"taxable","15":"shipping-taxable","16":"purchasable","17":"product-type-simple","18":"has-product-nav","19":"col","20":"span_1_of_3","21":"owp-content-center","22":"owp-thumbs-layout-horizontal","23":"owp-btn-normal","24":"owp-tabs-layout-horizontal","25":"has-no-thumbnails"},"yoast_head":"<!-- This site is optimized with the Yoast SEO plugin v27.6 - https:\/\/yoast.com\/product\/yoast-seo-wordpress\/ -->\n<title>Frezarka Exo Power Max 60W - velesnails<\/title>\n<meta name=\"robots\" content=\"index, follow, max-snippet:-1, max-image-preview:large, max-video-preview:-1\" \/>\n<link rel=\"canonical\" href=\"https:\/\/velesnails.pl\/en\/product\/frezarka-exo-power-max-60w\/\" \/>\n<meta property=\"og:locale\" content=\"en_GB\" \/>\n<meta property=\"og:type\" content=\"article\" \/>\n<meta property=\"og:title\" content=\"Frezarka Exo Power Max 60W - velesnails\" \/>\n<meta property=\"og:description\" content=\"EXO &#8211; Jako\u015b\u0107, kt\u00f3ra inspiruje EXO to nowa marka na rynku, kt\u00f3ra dostarcza najwy\u017cszej jako\u015bci produkty dla bran\u017cy kosmetologicznej i podologicznej. Odznacza si\u0119 wyj\u0105tkow\u0105 dba\u0142o\u015bci\u0105 o swe produkty oraz konsekwentn\u0105 uwa\u017cno\u015bci\u0105 na potrzeby klienta. Praca z ni\u0105 to przyjemno\u015b\u0107 Frezarka EXO POWER MAX \u015bwietnie si\u0119 sprawdzi zar\u00f3wno do manicure, jak i do pedicure. Jej moc [&hellip;]\" \/>\n<meta property=\"og:url\" content=\"https:\/\/velesnails.pl\/en\/product\/frezarka-exo-power-max-60w\/\" \/>\n<meta property=\"og:site_name\" content=\"velesnails\" \/>\n<meta property=\"article:modified_time\" content=\"2025-10-14T10:29:09+00:00\" \/>\n<meta property=\"og:image\" content=\"https:\/\/velesnails.pl\/wp-content\/uploads\/2024\/07\/Frezarka-Exo-Power-Max-60W.png\" \/>\n\t<meta property=\"og:image:width\" content=\"739\" \/>\n\t<meta property=\"og:image:height\" content=\"633\" \/>\n\t<meta property=\"og:image:type\" content=\"image\/png\" \/>\n<meta name=\"twitter:card\" content=\"summary_large_image\" \/>\n<meta name=\"twitter:label1\" content=\"Estimated reading time\" \/>\n\t<meta name=\"twitter:data1\" content=\"2 minutes\" \/>\n<script type=\"application\/ld+json\" class=\"yoast-schema-graph\">{\"@context\":\"https:\\\/\\\/schema.org\",\"@graph\":[{\"@type\":\"WebPage\",\"@id\":\"https:\\\/\\\/velesnails.pl\\\/product\\\/frezarka-exo-power-max-60w\\\/\",\"url\":\"https:\\\/\\\/velesnails.pl\\\/product\\\/frezarka-exo-power-max-60w\\\/\",\"name\":\"Frezarka Exo Power Max 60W - velesnails\",\"isPartOf\":{\"@id\":\"https:\\\/\\\/velesnails.pl\\\/#website\"},\"primaryImageOfPage\":{\"@id\":\"https:\\\/\\\/velesnails.pl\\\/product\\\/frezarka-exo-power-max-60w\\\/#primaryimage\"},\"image\":{\"@id\":\"https:\\\/\\\/velesnails.pl\\\/product\\\/frezarka-exo-power-max-60w\\\/#primaryimage\"},\"thumbnailUrl\":\"https:\\\/\\\/i0.wp.com\\\/velesnails.pl\\\/wp-content\\\/uploads\\\/2024\\\/07\\\/Frezarka-Exo-Power-Max-60W.png?fit=739%2C633&ssl=1\",\"datePublished\":\"2024-07-30T09:42:31+00:00\",\"dateModified\":\"2025-10-14T10:29:09+00:00\",\"breadcrumb\":{\"@id\":\"https:\\\/\\\/velesnails.pl\\\/product\\\/frezarka-exo-power-max-60w\\\/#breadcrumb\"},\"inLanguage\":\"en-GB\",\"potentialAction\":[{\"@type\":\"ReadAction\",\"target\":[\"https:\\\/\\\/velesnails.pl\\\/product\\\/frezarka-exo-power-max-60w\\\/\"]}]},{\"@type\":\"ImageObject\",\"inLanguage\":\"en-GB\",\"@id\":\"https:\\\/\\\/velesnails.pl\\\/product\\\/frezarka-exo-power-max-60w\\\/#primaryimage\",\"url\":\"https:\\\/\\\/i0.wp.com\\\/velesnails.pl\\\/wp-content\\\/uploads\\\/2024\\\/07\\\/Frezarka-Exo-Power-Max-60W.png?fit=739%2C633&ssl=1\",\"contentUrl\":\"https:\\\/\\\/i0.wp.com\\\/velesnails.pl\\\/wp-content\\\/uploads\\\/2024\\\/07\\\/Frezarka-Exo-Power-Max-60W.png?fit=739%2C633&ssl=1\",\"width\":739,\"height\":633},{\"@type\":\"BreadcrumbList\",\"@id\":\"https:\\\/\\\/velesnails.pl\\\/product\\\/frezarka-exo-power-max-60w\\\/#breadcrumb\",\"itemListElement\":[{\"@type\":\"ListItem\",\"position\":1,\"name\":\"\u0413\u043e\u043b\u043e\u0432\u043d\u0430\",\"item\":\"https:\\\/\\\/velesnails.pl\\\/\"},{\"@type\":\"ListItem\",\"position\":2,\"name\":\"Sklep\",\"item\":\"https:\\\/\\\/velesnails.pl\\\/shop\\\/\"},{\"@type\":\"ListItem\",\"position\":3,\"name\":\"Frezarka Exo Power Max 60W\"}]},{\"@type\":\"WebSite\",\"@id\":\"https:\\\/\\\/velesnails.pl\\\/#website\",\"url\":\"https:\\\/\\\/velesnails.pl\\\/\",\"name\":\"velesnails\",\"description\":\"Sklep z manicure\",\"publisher\":{\"@id\":\"https:\\\/\\\/velesnails.pl\\\/#organization\"},\"potentialAction\":[{\"@type\":\"SearchAction\",\"target\":{\"@type\":\"EntryPoint\",\"urlTemplate\":\"https:\\\/\\\/velesnails.pl\\\/?s={search_term_string}\"},\"query-input\":{\"@type\":\"PropertyValueSpecification\",\"valueRequired\":true,\"valueName\":\"search_term_string\"}}],\"inLanguage\":\"en-GB\"},{\"@type\":\"Organization\",\"@id\":\"https:\\\/\\\/velesnails.pl\\\/#organization\",\"name\":\"velesnails\",\"url\":\"https:\\\/\\\/velesnails.pl\\\/\",\"logo\":{\"@type\":\"ImageObject\",\"inLanguage\":\"en-GB\",\"@id\":\"https:\\\/\\\/velesnails.pl\\\/#\\\/schema\\\/logo\\\/image\\\/\",\"url\":\"https:\\\/\\\/i0.wp.com\\\/velesnails.pl\\\/wp-content\\\/uploads\\\/2025\\\/10\\\/cropped-obraz_viber_2025-10-22_13-55-55-969.jpg?fit=485%2C381&ssl=1\",\"contentUrl\":\"https:\\\/\\\/i0.wp.com\\\/velesnails.pl\\\/wp-content\\\/uploads\\\/2025\\\/10\\\/cropped-obraz_viber_2025-10-22_13-55-55-969.jpg?fit=485%2C381&ssl=1\",\"width\":485,\"height\":381,\"caption\":\"velesnails\"},\"image\":{\"@id\":\"https:\\\/\\\/velesnails.pl\\\/#\\\/schema\\\/logo\\\/image\\\/\"}}]}<\/script>\n<!-- \/ Yoast SEO plugin. -->","yoast_head_json":{"title":"Frezarka Exo Power Max 60W - velesnails","robots":{"index":"index","follow":"follow","max-snippet":"max-snippet:-1","max-image-preview":"max-image-preview:large","max-video-preview":"max-video-preview:-1"},"canonical":"https:\/\/velesnails.pl\/en\/product\/frezarka-exo-power-max-60w\/","og_locale":"en_GB","og_type":"article","og_title":"Frezarka Exo Power Max 60W - velesnails","og_description":"EXO &#8211; Jako\u015b\u0107, kt\u00f3ra inspiruje EXO to nowa marka na rynku, kt\u00f3ra dostarcza najwy\u017cszej jako\u015bci produkty dla bran\u017cy kosmetologicznej i podologicznej. Odznacza si\u0119 wyj\u0105tkow\u0105 dba\u0142o\u015bci\u0105 o swe produkty oraz konsekwentn\u0105 uwa\u017cno\u015bci\u0105 na potrzeby klienta. Praca z ni\u0105 to przyjemno\u015b\u0107 Frezarka EXO POWER MAX \u015bwietnie si\u0119 sprawdzi zar\u00f3wno do manicure, jak i do pedicure. Jej moc [&hellip;]","og_url":"https:\/\/velesnails.pl\/en\/product\/frezarka-exo-power-max-60w\/","og_site_name":"velesnails","article_modified_time":"2025-10-14T10:29:09+00:00","og_image":[{"width":739,"height":633,"url":"https:\/\/velesnails.pl\/wp-content\/uploads\/2024\/07\/Frezarka-Exo-Power-Max-60W.png","type":"image\/png"}],"twitter_card":"summary_large_image","twitter_misc":{"Estimated reading time":"2 minutes"},"schema":{"@context":"https:\/\/schema.org","@graph":[{"@type":"WebPage","@id":"https:\/\/velesnails.pl\/product\/frezarka-exo-power-max-60w\/","url":"https:\/\/velesnails.pl\/product\/frezarka-exo-power-max-60w\/","name":"Frezarka Exo Power Max 60W - velesnails","isPartOf":{"@id":"https:\/\/velesnails.pl\/#website"},"primaryImageOfPage":{"@id":"https:\/\/velesnails.pl\/product\/frezarka-exo-power-max-60w\/#primaryimage"},"image":{"@id":"https:\/\/velesnails.pl\/product\/frezarka-exo-power-max-60w\/#primaryimage"},"thumbnailUrl":"https:\/\/i0.wp.com\/velesnails.pl\/wp-content\/uploads\/2024\/07\/Frezarka-Exo-Power-Max-60W.png?fit=739%2C633&ssl=1","datePublished":"2024-07-30T09:42:31+00:00","dateModified":"2025-10-14T10:29:09+00:00","breadcrumb":{"@id":"https:\/\/velesnails.pl\/product\/frezarka-exo-power-max-60w\/#breadcrumb"},"inLanguage":"en-GB","potentialAction":[{"@type":"ReadAction","target":["https:\/\/velesnails.pl\/product\/frezarka-exo-power-max-60w\/"]}]},{"@type":"ImageObject","inLanguage":"en-GB","@id":"https:\/\/velesnails.pl\/product\/frezarka-exo-power-max-60w\/#primaryimage","url":"https:\/\/i0.wp.com\/velesnails.pl\/wp-content\/uploads\/2024\/07\/Frezarka-Exo-Power-Max-60W.png?fit=739%2C633&ssl=1","contentUrl":"https:\/\/i0.wp.com\/velesnails.pl\/wp-content\/uploads\/2024\/07\/Frezarka-Exo-Power-Max-60W.png?fit=739%2C633&ssl=1","width":739,"height":633},{"@type":"BreadcrumbList","@id":"https:\/\/velesnails.pl\/product\/frezarka-exo-power-max-60w\/#breadcrumb","itemListElement":[{"@type":"ListItem","position":1,"name":"\u0413\u043e\u043b\u043e\u0432\u043d\u0430","item":"https:\/\/velesnails.pl\/"},{"@type":"ListItem","position":2,"name":"Sklep","item":"https:\/\/velesnails.pl\/shop\/"},{"@type":"ListItem","position":3,"name":"Frezarka Exo Power Max 60W"}]},{"@type":"WebSite","@id":"https:\/\/velesnails.pl\/#website","url":"https:\/\/velesnails.pl\/","name":"velesnails","description":"Manicure shop","publisher":{"@id":"https:\/\/velesnails.pl\/#organization"},"potentialAction":[{"@type":"SearchAction","target":{"@type":"EntryPoint","urlTemplate":"https:\/\/velesnails.pl\/?s={search_term_string}"},"query-input":{"@type":"PropertyValueSpecification","valueRequired":true,"valueName":"search_term_string"}}],"inLanguage":"en-GB"},{"@type":"Organization","@id":"https:\/\/velesnails.pl\/#organization","name":"velesnails","url":"https:\/\/velesnails.pl\/","logo":{"@type":"ImageObject","inLanguage":"en-GB","@id":"https:\/\/velesnails.pl\/#\/schema\/logo\/image\/","url":"https:\/\/i0.wp.com\/velesnails.pl\/wp-content\/uploads\/2025\/10\/cropped-obraz_viber_2025-10-22_13-55-55-969.jpg?fit=485%2C381&ssl=1","contentUrl":"https:\/\/i0.wp.com\/velesnails.pl\/wp-content\/uploads\/2025\/10\/cropped-obraz_viber_2025-10-22_13-55-55-969.jpg?fit=485%2C381&ssl=1","width":485,"height":381,"caption":"velesnails"},"image":{"@id":"https:\/\/velesnails.pl\/#\/schema\/logo\/image\/"}}]}},"_links":{"self":[{"href":"https:\/\/velesnails.pl\/en\/wp-json\/wp\/v2\/product\/3677","targetHints":{"allow":["GET"]}}],"collection":[{"href":"https:\/\/velesnails.pl\/en\/wp-json\/wp\/v2\/product"}],"about":[{"href":"https:\/\/velesnails.pl\/en\/wp-json\/wp\/v2\/types\/product"}],"replies":[{"embeddable":true,"href":"https:\/\/velesnails.pl\/en\/wp-json\/wp\/v2\/comments?post=3677"}],"wp:featuredmedia":[{"embeddable":true,"href":"https:\/\/velesnails.pl\/en\/wp-json\/wp\/v2\/media\/3678"}],"wp:attachment":[{"href":"https:\/\/velesnails.pl\/en\/wp-json\/wp\/v2\/media?parent=3677"}],"wp:term":[{"taxonomy":"product_brand","embeddable":true,"href":"https:\/\/velesnails.pl\/en\/wp-json\/wp\/v2\/product_brand?post=3677"},{"taxonomy":"product_cat","embeddable":true,"href":"https:\/\/velesnails.pl\/en\/wp-json\/wp\/v2\/product_cat?post=3677"},{"taxonomy":"product_tag","embeddable":true,"href":"https:\/\/velesnails.pl\/en\/wp-json\/wp\/v2\/product_tag?post=3677"}],"curies":[{"name":"wp","href":"https:\/\/api.w.org\/{rel}","templated":true}]}}