{"id":3667,"date":"2024-07-30T12:20:55","date_gmt":"2024-07-30T09:20:55","guid":{"rendered":"https:\/\/velesnails.loc\/?post_type=product&#038;p=3667"},"modified":"2025-02-03T16:19:54","modified_gmt":"2025-02-03T13:19:54","slug":"lampa-uv-led-l5-48w-rozowa-kt","status":"publish","type":"product","link":"https:\/\/velesnails.pl\/en\/product\/lampa-uv-led-l5-48w-rozowa-kt\/","title":{"rendered":"Lampa UV LED L5 48W r\u00f3\u017cowa KT"},"content":{"rendered":"<p>Funkcjonalne urz\u0105dzenie dla pi\u0119knego manicure<br \/>\nLampa do paznokci L5 to urz\u0105dzenie, kt\u00f3re dzi\u0119ki przydatnym funkcjom pozwala na wydajne wykonywanie zabieg\u00f3w manicure oraz pedicure przy u\u017cyciu lakier\u00f3w hybrydowych, \u017celi czy innych preparat\u00f3w \u015bwiat\u0142outwardzalnych. R\u00f3wnomiernie rozmieszczone diody oraz zastosowana innowacyjna technologia Dual Led gwarantuj\u0105 doskona\u0142e utrwalenie stylizacji paznokci. Prostota obs\u0142ugi oraz przemy\u015blane funkcjonalno\u015bci sprawiaj\u0105, \u017ce lampa znakomicie sprawdzi si\u0119 zar\u00f3wno w u\u017cytku profesjonalnym, jak i domowym.<\/p>\n<p>&nbsp;<\/p>\n<p>Bezcieniowa lampa z technologi\u0105 Dual Led<br \/>\nUrz\u0105dzenie zosta\u0142o wyposa\u017cone w 33 r\u00f3wnomiernie rozmieszczone diody LED, daj\u0105ce \u0142\u0105czn\u0105 moc 48 W, eliminuj\u0105ce tzw. martw\u0105 stref\u0119. Pozwala to na odpowiednie utwardzanie \u017celi oraz lakier\u00f3w hybrydowych, zmniejszaj\u0105c nieprzyjemne odczucia. Model L5 ma zamkni\u0119ty kszta\u0142t, tzw. budk\u0119, co pozwala na dok\u0142adniejsze i szybsze utrwalanie stylizacji paznokci. Zastosowana w tym urz\u0105dzeniu technologia Dual Led sprawia, \u017ce diody emituj\u0105 \u015bwiat\u0142o o dw\u00f3ch d\u0142ugo\u015bciach fali, zapewniaj\u0105c szerokie spektrum dzia\u0142ania. Dzi\u0119ki zastosowanym rozwi\u0105zaniom lampa szybko i prawid\u0142owo utwardza nawet bardziej wymagaj\u0105ce produkty i dociera r\u00f3wnie\u017c do trudniej dost\u0119pnych miejsc na p\u0142ytce paznokcia.<\/p>\n<p>&nbsp;<\/p>\n<p>Dostosowanie czasu pracy do indywidualnych potrzeb<br \/>\nLampa wyposa\u017cona jest w timer z zaprogramowanymi czterema czasami pracy: 10, 30 s, 60 s oraz 99 s (tzw. \u201eLow Heat Mode\u201d), co wy\u015bwietlane jest na cyfrowym ekranie. Dodatkowo wbudowany sensor ruchu automatycznie uruchomi lamp\u0119 po w\u0142o\u017ceniu pod ni\u0105 palc\u00f3w stopy b\u0105d\u017a d\u0142oni, przyjmuj\u0105c maksymalny czas na\u015bwietlania 120 s. Pozwala to na dogodne dobranie d\u0142ugo\u015bci na\u015bwietlania do wykonywanej w danym momencie stylizacji oraz u\u017cywanych podczas zabiegu produkt\u00f3w.<\/p>\n<p>&nbsp;<\/p>\n<p>Tryb \u201eLow Heat Mode\u201d zapobiegaj\u0105cy odczuwaniu pieczenia<br \/>\nWspomniany system \u201eLow Heat Mode\u201d sprawia, \u017ce w trakcie utwardzania produkt\u00f3w na paznokciach urz\u0105dzenie stopniowo zwi\u0119ksza swoj\u0105 moc, tym samym wolniej si\u0119 nagrzewaj\u0105c. Zmniejsza to odczuwanie gor\u0105ca i pieczenia w trakcie na\u015bwietlania. Jest to funkcja niezast\u0105piona zw\u0142aszcza w trakcie utwardzania \u017celi, co cz\u0119sto powoduje dyskomfort.<\/p>\n<p>Demontowalny panel dolny<br \/>\nUrz\u0105dzenie posiada \u0142atwe w demonta\u017cu zdejmowane dno, co niezwykle u\u0142atwia u\u0142o\u017cenie pod ni\u0105 stopy w przypadku zabieg\u00f3w pedicure czy podologicznych. Opcja ta doskonale sprawdzi si\u0119 r\u00f3wnie\u017c w trakcie czyszczenia czy dezynfekcji sprz\u0119tu, zapewniaj\u0105c higien\u0119 i bezpiecze\u0144stwo w salonie kosmetycznym.<\/p>\n<p>&nbsp;<\/p>\n<p>Praktyczne funkcje i ergonomiczny design<br \/>\nErgonomiczny kszta\u0142t, przydatne funkcje oraz prosty design sprawiaj\u0105, \u017ce lampa jest praktycznym, a zarazem niezwykle eleganckim elementem wyposa\u017cenia salonu. Odpowiednie wymiary pozwalaj\u0105 na komfortowe u\u0142o\u017cenie ca\u0142ej d\u0142oni czy stopy pod lamp\u0105, co zapewnia r\u00f3wnomierne utwardzanie stylizacji. To niezawodne po\u0142\u0105czenie praktyczno\u015bci, estetyki i profesjonalizmu, kt\u00f3re z pewno\u015bci\u0105 spe\u0142ni oczekiwania nawet najbardziej wymagaj\u0105cych klient\u00f3w.<\/p>\n<p>Przed u\u017cyciem nale\u017cy dok\u0142adnie zapozna\u0107 si\u0119 z instrukcj\u0105.<br \/>\nW zestawie: lampa, zasilacz, instrukcja.<\/p>\n<p>Dane:<br \/>\nTimer: 10 s, 30 s, 60 s, 99 s<br \/>\nMaksymalny czas pracy: 120 s<br \/>\nSensor ruchu: tak<br \/>\nNapi\u0119cie wej\u015bciowe: 110-240 V<br \/>\nMoc: 48 W<br \/>\nIlo\u015b\u0107 diod LED: 33<br \/>\nD\u0142ugo\u015b\u0107 fal \u015bwiat\u0142a: 365 nm, 405 nm<br \/>\nWymiary: 21 x 20 x 12 cm<br \/>\nKolor obudowy: odcienie r\u00f3\u017cu<br \/>\nGwarancja: 12 miesi\u0119cy<\/p>","protected":false},"excerpt":{"rendered":"<p>Funkcjonalne urz\u0105dzenie dla pi\u0119knego manicure Lampa do paznokci L5 to urz\u0105dzenie, kt\u00f3re dzi\u0119ki przydatnym funkcjom pozwala na wydajne wykonywanie zabieg\u00f3w manicure oraz pedicure przy u\u017cyciu lakier\u00f3w hybrydowych, \u017celi czy innych preparat\u00f3w \u015bwiat\u0142outwardzalnych. R\u00f3wnomiernie rozmieszczone diody oraz zastosowana innowacyjna technologia Dual Led gwarantuj\u0105 doskona\u0142e utrwalenie stylizacji paznokci. Prostota obs\u0142ugi oraz przemy\u015blane funkcjonalno\u015bci sprawiaj\u0105, \u017ce lampa znakomicie [&hellip;]<\/p>\n","protected":false},"featured_media":3668,"comment_status":"closed","ping_status":"closed","template":"","meta":{"om_disable_all_campaigns":false,"ocean_post_layout":"","ocean_both_sidebars_style":"","ocean_both_sidebars_content_width":0,"ocean_both_sidebars_sidebars_width":0,"ocean_sidebar":"0","ocean_second_sidebar":"0","ocean_disable_margins":"enable","ocean_add_body_class":"","ocean_shortcode_before_top_bar":"","ocean_shortcode_after_top_bar":"","ocean_shortcode_before_header":"","ocean_shortcode_after_header":"","ocean_has_shortcode":"","ocean_shortcode_after_title":"","ocean_shortcode_before_footer_widgets":"","ocean_shortcode_after_footer_widgets":"","ocean_shortcode_before_footer_bottom":"","ocean_shortcode_after_footer_bottom":"","ocean_display_top_bar":"default","ocean_display_header":"default","ocean_header_style":"","ocean_center_header_left_menu":"0","ocean_custom_header_template":"0","ocean_custom_logo":0,"ocean_custom_retina_logo":0,"ocean_custom_logo_max_width":0,"ocean_custom_logo_tablet_max_width":0,"ocean_custom_logo_mobile_max_width":0,"ocean_custom_logo_max_height":0,"ocean_custom_logo_tablet_max_height":0,"ocean_custom_logo_mobile_max_height":0,"ocean_header_custom_menu":"0","ocean_menu_typo_font_family":"0","ocean_menu_typo_font_subset":"","ocean_menu_typo_font_size":0,"ocean_menu_typo_font_size_tablet":0,"ocean_menu_typo_font_size_mobile":0,"ocean_menu_typo_font_size_unit":"px","ocean_menu_typo_font_weight":"","ocean_menu_typo_font_weight_tablet":"","ocean_menu_typo_font_weight_mobile":"","ocean_menu_typo_transform":"","ocean_menu_typo_transform_tablet":"","ocean_menu_typo_transform_mobile":"","ocean_menu_typo_line_height":0,"ocean_menu_typo_line_height_tablet":0,"ocean_menu_typo_line_height_mobile":0,"ocean_menu_typo_line_height_unit":"","ocean_menu_typo_spacing":0,"ocean_menu_typo_spacing_tablet":0,"ocean_menu_typo_spacing_mobile":0,"ocean_menu_typo_spacing_unit":"","ocean_menu_link_color":"","ocean_menu_link_color_hover":"","ocean_menu_link_color_active":"","ocean_menu_link_background":"","ocean_menu_link_hover_background":"","ocean_menu_link_active_background":"","ocean_menu_social_links_bg":"","ocean_menu_social_hover_links_bg":"","ocean_menu_social_links_color":"","ocean_menu_social_hover_links_color":"","ocean_disable_title":"default","ocean_disable_heading":"default","ocean_post_title":"","ocean_post_subheading":"","ocean_post_title_style":"","ocean_post_title_background_color":"","ocean_post_title_background":0,"ocean_post_title_bg_image_position":"","ocean_post_title_bg_image_attachment":"","ocean_post_title_bg_image_repeat":"","ocean_post_title_bg_image_size":"","ocean_post_title_height":0,"ocean_post_title_bg_overlay":0.5,"ocean_post_title_bg_overlay_color":"","ocean_disable_breadcrumbs":"default","ocean_breadcrumbs_color":"","ocean_breadcrumbs_separator_color":"","ocean_breadcrumbs_links_color":"","ocean_breadcrumbs_links_hover_color":"","ocean_display_footer_widgets":"default","ocean_display_footer_bottom":"default","ocean_custom_footer_template":"0"},"product_brand":[],"product_cat":[165,110,164],"product_tag":[],"class_list":{"0":"post-3667","1":"product","2":"type-product","3":"status-publish","4":"has-post-thumbnail","6":"product_cat-lampy-uw-led","7":"product_cat-paznokcie","8":"product_cat-urzadzenia","10":"entry","11":"has-media","13":"first","14":"outofstock","15":"taxable","16":"shipping-taxable","17":"purchasable","18":"product-type-simple","19":"has-product-nav","20":"col","21":"span_1_of_3","22":"owp-content-center","23":"owp-thumbs-layout-horizontal","24":"owp-btn-normal","25":"owp-tabs-layout-horizontal","26":"has-no-thumbnails"},"yoast_head":"<!-- This site is optimized with the Yoast SEO plugin v27.4 - https:\/\/yoast.com\/product\/yoast-seo-wordpress\/ -->\n<title>Lampa UV LED L5 48W r\u00f3\u017cowa KT - velesnails<\/title>\n<meta name=\"robots\" content=\"index, follow, max-snippet:-1, max-image-preview:large, max-video-preview:-1\" \/>\n<link rel=\"canonical\" href=\"https:\/\/velesnails.pl\/en\/product\/lampa-uv-led-l5-48w-rozowa-kt\/\" \/>\n<meta property=\"og:locale\" content=\"en_GB\" \/>\n<meta property=\"og:type\" content=\"article\" \/>\n<meta property=\"og:title\" content=\"Lampa UV LED L5 48W r\u00f3\u017cowa KT - velesnails\" \/>\n<meta property=\"og:description\" content=\"Funkcjonalne urz\u0105dzenie dla pi\u0119knego manicure Lampa do paznokci L5 to urz\u0105dzenie, kt\u00f3re dzi\u0119ki przydatnym funkcjom pozwala na wydajne wykonywanie zabieg\u00f3w manicure oraz pedicure przy u\u017cyciu lakier\u00f3w hybrydowych, \u017celi czy innych preparat\u00f3w \u015bwiat\u0142outwardzalnych. R\u00f3wnomiernie rozmieszczone diody oraz zastosowana innowacyjna technologia Dual Led gwarantuj\u0105 doskona\u0142e utrwalenie stylizacji paznokci. Prostota obs\u0142ugi oraz przemy\u015blane funkcjonalno\u015bci sprawiaj\u0105, \u017ce lampa znakomicie [&hellip;]\" \/>\n<meta property=\"og:url\" content=\"https:\/\/velesnails.pl\/en\/product\/lampa-uv-led-l5-48w-rozowa-kt\/\" \/>\n<meta property=\"og:site_name\" content=\"velesnails\" \/>\n<meta property=\"article:modified_time\" content=\"2025-02-03T13:19:54+00:00\" \/>\n<meta property=\"og:image\" content=\"https:\/\/i0.wp.com\/velesnails.pl\/wp-content\/uploads\/2024\/07\/Lampa-UV-LED-L5-48W-rozowa-KT.png?fit=653%2C413&ssl=1\" \/>\n\t<meta property=\"og:image:width\" content=\"653\" \/>\n\t<meta property=\"og:image:height\" content=\"413\" \/>\n\t<meta property=\"og:image:type\" content=\"image\/png\" \/>\n<meta name=\"twitter:card\" content=\"summary_large_image\" \/>\n<meta name=\"twitter:label1\" content=\"Estimated reading time\" \/>\n\t<meta name=\"twitter:data1\" content=\"3 minutes\" \/>\n<script type=\"application\/ld+json\" class=\"yoast-schema-graph\">{\"@context\":\"https:\\\/\\\/schema.org\",\"@graph\":[{\"@type\":\"WebPage\",\"@id\":\"https:\\\/\\\/velesnails.pl\\\/product\\\/lampa-uv-led-l5-48w-rozowa-kt\\\/\",\"url\":\"https:\\\/\\\/velesnails.pl\\\/product\\\/lampa-uv-led-l5-48w-rozowa-kt\\\/\",\"name\":\"Lampa UV LED L5 48W r\u00f3\u017cowa KT - velesnails\",\"isPartOf\":{\"@id\":\"https:\\\/\\\/velesnails.pl\\\/#website\"},\"primaryImageOfPage\":{\"@id\":\"https:\\\/\\\/velesnails.pl\\\/product\\\/lampa-uv-led-l5-48w-rozowa-kt\\\/#primaryimage\"},\"image\":{\"@id\":\"https:\\\/\\\/velesnails.pl\\\/product\\\/lampa-uv-led-l5-48w-rozowa-kt\\\/#primaryimage\"},\"thumbnailUrl\":\"https:\\\/\\\/i0.wp.com\\\/velesnails.pl\\\/wp-content\\\/uploads\\\/2024\\\/07\\\/Lampa-UV-LED-L5-48W-rozowa-KT.png?fit=653%2C413&ssl=1\",\"datePublished\":\"2024-07-30T09:20:55+00:00\",\"dateModified\":\"2025-02-03T13:19:54+00:00\",\"breadcrumb\":{\"@id\":\"https:\\\/\\\/velesnails.pl\\\/product\\\/lampa-uv-led-l5-48w-rozowa-kt\\\/#breadcrumb\"},\"inLanguage\":\"en-GB\",\"potentialAction\":[{\"@type\":\"ReadAction\",\"target\":[\"https:\\\/\\\/velesnails.pl\\\/product\\\/lampa-uv-led-l5-48w-rozowa-kt\\\/\"]}]},{\"@type\":\"ImageObject\",\"inLanguage\":\"en-GB\",\"@id\":\"https:\\\/\\\/velesnails.pl\\\/product\\\/lampa-uv-led-l5-48w-rozowa-kt\\\/#primaryimage\",\"url\":\"https:\\\/\\\/i0.wp.com\\\/velesnails.pl\\\/wp-content\\\/uploads\\\/2024\\\/07\\\/Lampa-UV-LED-L5-48W-rozowa-KT.png?fit=653%2C413&ssl=1\",\"contentUrl\":\"https:\\\/\\\/i0.wp.com\\\/velesnails.pl\\\/wp-content\\\/uploads\\\/2024\\\/07\\\/Lampa-UV-LED-L5-48W-rozowa-KT.png?fit=653%2C413&ssl=1\",\"width\":653,\"height\":413},{\"@type\":\"BreadcrumbList\",\"@id\":\"https:\\\/\\\/velesnails.pl\\\/product\\\/lampa-uv-led-l5-48w-rozowa-kt\\\/#breadcrumb\",\"itemListElement\":[{\"@type\":\"ListItem\",\"position\":1,\"name\":\"\u0413\u043e\u043b\u043e\u0432\u043d\u0430\",\"item\":\"https:\\\/\\\/velesnails.pl\\\/\"},{\"@type\":\"ListItem\",\"position\":2,\"name\":\"Sklep\",\"item\":\"https:\\\/\\\/velesnails.pl\\\/shop\\\/\"},{\"@type\":\"ListItem\",\"position\":3,\"name\":\"Lampa UV LED L5 48W r\u00f3\u017cowa KT\"}]},{\"@type\":\"WebSite\",\"@id\":\"https:\\\/\\\/velesnails.pl\\\/#website\",\"url\":\"https:\\\/\\\/velesnails.pl\\\/\",\"name\":\"velesnails\",\"description\":\"Sklep z manicure\",\"publisher\":{\"@id\":\"https:\\\/\\\/velesnails.pl\\\/#organization\"},\"potentialAction\":[{\"@type\":\"SearchAction\",\"target\":{\"@type\":\"EntryPoint\",\"urlTemplate\":\"https:\\\/\\\/velesnails.pl\\\/?s={search_term_string}\"},\"query-input\":{\"@type\":\"PropertyValueSpecification\",\"valueRequired\":true,\"valueName\":\"search_term_string\"}}],\"inLanguage\":\"en-GB\"},{\"@type\":\"Organization\",\"@id\":\"https:\\\/\\\/velesnails.pl\\\/#organization\",\"name\":\"velesnails\",\"url\":\"https:\\\/\\\/velesnails.pl\\\/\",\"logo\":{\"@type\":\"ImageObject\",\"inLanguage\":\"en-GB\",\"@id\":\"https:\\\/\\\/velesnails.pl\\\/#\\\/schema\\\/logo\\\/image\\\/\",\"url\":\"https:\\\/\\\/i0.wp.com\\\/velesnails.pl\\\/wp-content\\\/uploads\\\/2025\\\/10\\\/cropped-obraz_viber_2025-10-22_13-55-55-969.jpg?fit=485%2C381&ssl=1\",\"contentUrl\":\"https:\\\/\\\/i0.wp.com\\\/velesnails.pl\\\/wp-content\\\/uploads\\\/2025\\\/10\\\/cropped-obraz_viber_2025-10-22_13-55-55-969.jpg?fit=485%2C381&ssl=1\",\"width\":485,\"height\":381,\"caption\":\"velesnails\"},\"image\":{\"@id\":\"https:\\\/\\\/velesnails.pl\\\/#\\\/schema\\\/logo\\\/image\\\/\"}}]}<\/script>\n<!-- \/ Yoast SEO plugin. -->","yoast_head_json":{"title":"Lampa UV LED L5 48W r\u00f3\u017cowa KT - velesnails","robots":{"index":"index","follow":"follow","max-snippet":"max-snippet:-1","max-image-preview":"max-image-preview:large","max-video-preview":"max-video-preview:-1"},"canonical":"https:\/\/velesnails.pl\/en\/product\/lampa-uv-led-l5-48w-rozowa-kt\/","og_locale":"en_GB","og_type":"article","og_title":"Lampa UV LED L5 48W r\u00f3\u017cowa KT - velesnails","og_description":"Funkcjonalne urz\u0105dzenie dla pi\u0119knego manicure Lampa do paznokci L5 to urz\u0105dzenie, kt\u00f3re dzi\u0119ki przydatnym funkcjom pozwala na wydajne wykonywanie zabieg\u00f3w manicure oraz pedicure przy u\u017cyciu lakier\u00f3w hybrydowych, \u017celi czy innych preparat\u00f3w \u015bwiat\u0142outwardzalnych. R\u00f3wnomiernie rozmieszczone diody oraz zastosowana innowacyjna technologia Dual Led gwarantuj\u0105 doskona\u0142e utrwalenie stylizacji paznokci. Prostota obs\u0142ugi oraz przemy\u015blane funkcjonalno\u015bci sprawiaj\u0105, \u017ce lampa znakomicie [&hellip;]","og_url":"https:\/\/velesnails.pl\/en\/product\/lampa-uv-led-l5-48w-rozowa-kt\/","og_site_name":"velesnails","article_modified_time":"2025-02-03T13:19:54+00:00","og_image":[{"width":653,"height":413,"url":"https:\/\/i0.wp.com\/velesnails.pl\/wp-content\/uploads\/2024\/07\/Lampa-UV-LED-L5-48W-rozowa-KT.png?fit=653%2C413&ssl=1","type":"image\/png"}],"twitter_card":"summary_large_image","twitter_misc":{"Estimated reading time":"3 minutes"},"schema":{"@context":"https:\/\/schema.org","@graph":[{"@type":"WebPage","@id":"https:\/\/velesnails.pl\/product\/lampa-uv-led-l5-48w-rozowa-kt\/","url":"https:\/\/velesnails.pl\/product\/lampa-uv-led-l5-48w-rozowa-kt\/","name":"Lampa UV LED L5 48W r\u00f3\u017cowa KT - velesnails","isPartOf":{"@id":"https:\/\/velesnails.pl\/#website"},"primaryImageOfPage":{"@id":"https:\/\/velesnails.pl\/product\/lampa-uv-led-l5-48w-rozowa-kt\/#primaryimage"},"image":{"@id":"https:\/\/velesnails.pl\/product\/lampa-uv-led-l5-48w-rozowa-kt\/#primaryimage"},"thumbnailUrl":"https:\/\/i0.wp.com\/velesnails.pl\/wp-content\/uploads\/2024\/07\/Lampa-UV-LED-L5-48W-rozowa-KT.png?fit=653%2C413&ssl=1","datePublished":"2024-07-30T09:20:55+00:00","dateModified":"2025-02-03T13:19:54+00:00","breadcrumb":{"@id":"https:\/\/velesnails.pl\/product\/lampa-uv-led-l5-48w-rozowa-kt\/#breadcrumb"},"inLanguage":"en-GB","potentialAction":[{"@type":"ReadAction","target":["https:\/\/velesnails.pl\/product\/lampa-uv-led-l5-48w-rozowa-kt\/"]}]},{"@type":"ImageObject","inLanguage":"en-GB","@id":"https:\/\/velesnails.pl\/product\/lampa-uv-led-l5-48w-rozowa-kt\/#primaryimage","url":"https:\/\/i0.wp.com\/velesnails.pl\/wp-content\/uploads\/2024\/07\/Lampa-UV-LED-L5-48W-rozowa-KT.png?fit=653%2C413&ssl=1","contentUrl":"https:\/\/i0.wp.com\/velesnails.pl\/wp-content\/uploads\/2024\/07\/Lampa-UV-LED-L5-48W-rozowa-KT.png?fit=653%2C413&ssl=1","width":653,"height":413},{"@type":"BreadcrumbList","@id":"https:\/\/velesnails.pl\/product\/lampa-uv-led-l5-48w-rozowa-kt\/#breadcrumb","itemListElement":[{"@type":"ListItem","position":1,"name":"\u0413\u043e\u043b\u043e\u0432\u043d\u0430","item":"https:\/\/velesnails.pl\/"},{"@type":"ListItem","position":2,"name":"Sklep","item":"https:\/\/velesnails.pl\/shop\/"},{"@type":"ListItem","position":3,"name":"Lampa UV LED L5 48W r\u00f3\u017cowa KT"}]},{"@type":"WebSite","@id":"https:\/\/velesnails.pl\/#website","url":"https:\/\/velesnails.pl\/","name":"velesnails","description":"Manicure shop","publisher":{"@id":"https:\/\/velesnails.pl\/#organization"},"potentialAction":[{"@type":"SearchAction","target":{"@type":"EntryPoint","urlTemplate":"https:\/\/velesnails.pl\/?s={search_term_string}"},"query-input":{"@type":"PropertyValueSpecification","valueRequired":true,"valueName":"search_term_string"}}],"inLanguage":"en-GB"},{"@type":"Organization","@id":"https:\/\/velesnails.pl\/#organization","name":"velesnails","url":"https:\/\/velesnails.pl\/","logo":{"@type":"ImageObject","inLanguage":"en-GB","@id":"https:\/\/velesnails.pl\/#\/schema\/logo\/image\/","url":"https:\/\/i0.wp.com\/velesnails.pl\/wp-content\/uploads\/2025\/10\/cropped-obraz_viber_2025-10-22_13-55-55-969.jpg?fit=485%2C381&ssl=1","contentUrl":"https:\/\/i0.wp.com\/velesnails.pl\/wp-content\/uploads\/2025\/10\/cropped-obraz_viber_2025-10-22_13-55-55-969.jpg?fit=485%2C381&ssl=1","width":485,"height":381,"caption":"velesnails"},"image":{"@id":"https:\/\/velesnails.pl\/#\/schema\/logo\/image\/"}}]}},"_links":{"self":[{"href":"https:\/\/velesnails.pl\/en\/wp-json\/wp\/v2\/product\/3667","targetHints":{"allow":["GET"]}}],"collection":[{"href":"https:\/\/velesnails.pl\/en\/wp-json\/wp\/v2\/product"}],"about":[{"href":"https:\/\/velesnails.pl\/en\/wp-json\/wp\/v2\/types\/product"}],"replies":[{"embeddable":true,"href":"https:\/\/velesnails.pl\/en\/wp-json\/wp\/v2\/comments?post=3667"}],"wp:featuredmedia":[{"embeddable":true,"href":"https:\/\/velesnails.pl\/en\/wp-json\/wp\/v2\/media\/3668"}],"wp:attachment":[{"href":"https:\/\/velesnails.pl\/en\/wp-json\/wp\/v2\/media?parent=3667"}],"wp:term":[{"taxonomy":"product_brand","embeddable":true,"href":"https:\/\/velesnails.pl\/en\/wp-json\/wp\/v2\/product_brand?post=3667"},{"taxonomy":"product_cat","embeddable":true,"href":"https:\/\/velesnails.pl\/en\/wp-json\/wp\/v2\/product_cat?post=3667"},{"taxonomy":"product_tag","embeddable":true,"href":"https:\/\/velesnails.pl\/en\/wp-json\/wp\/v2\/product_tag?post=3667"}],"curies":[{"name":"wp","href":"https:\/\/api.w.org\/{rel}","templated":true}]}}