{"id":3402,"date":"2024-07-28T13:46:06","date_gmt":"2024-07-28T10:46:06","guid":{"rendered":"https:\/\/velesnails.loc\/?post_type=product&#038;p=3402"},"modified":"2025-10-20T12:41:03","modified_gmt":"2025-10-20T09:41:03","slug":"staleks-pro-baza-metalowa-prosta-do-tarki-do-pedicure-expert-10","status":"publish","type":"product","link":"https:\/\/velesnails.pl\/en\/product\/staleks-pro-baza-metalowa-prosta-do-tarki-do-pedicure-expert-10\/","title":{"rendered":"Staleks Pro Baza metalowa prosta do tarki do pedicure EXPERT 10"},"content":{"rendered":"<p>Tarka metalowa do st\u00f3p Staleks MBE-10 no\u015bnik<\/p>\n<p>wykonana z wysokiej jako\u015bci stali nierdzewnej, u\u017cywanej do produkcji narz\u0119dzi chirurgicznych,<br \/>\ndo tarki przeznaczone s\u0105 nak\u0142adki \u015bcierne o r\u00f3\u017cnej gradacji, kupowane oddzielnie,<br \/>\ng\u0142adkie polerowane kraw\u0119dzie,<br \/>\nwygodny ergonomiczny uchwyt,<br \/>\nnadaje si\u0119 do sterylizacji w autoklawie.<\/p>\n<p>Metalowa tarka do st\u00f3p<br \/>\nMetalowa tarka do st\u00f3p to profesjonalny sprz\u0119t kosmetyczny pozwalaj\u0105cy na usuni\u0119cie zrogowacia\u0142ego nask\u00f3rka podczas zabiegu pedicure. W por\u00f3wnaniu do innych tego typu narz\u0119dzi dost\u0119pnych na rynku tarka Staleks zosta\u0142a wykonana z wysokiej jako\u015bci stali nierdzewnej, u\u017cywanej r\u00f3wnie\u017c podczas produkcji narz\u0119dzi chirurgicznych. Do metalowej tarki do st\u00f3p dost\u0119pnej w naszej hurtowni mo\u017cna r\u00f3wnie\u017c dokupi\u0107 nak\u0142adki \u015bcierne o r\u00f3\u017cnej gradacji, umo\u017cliwiaj\u0105ce dostosowanie tarki do stanu st\u00f3p. Opr\u00f3cz tego oferowany produkt marki Staleks mo\u017cna bezpiecznie i starannie zdezynfekowa\u0107 za pomoc\u0105 autoklawy.<\/p>\n<p>Profesjonalne wyposa\u017cenie ka\u017cdego salonu<br \/>\nTarka do st\u00f3p to podstawowe wyposa\u017cenie zar\u00f3wno salonu kosmetycznego, jak i podologicznego. Zapewnia dok\u0142adne oraz bezpieczne usuni\u0119cie zrogowacia\u0142ego nask\u00f3rka ze st\u00f3p. To idealny zabieg dla os\u00f3b zmagaj\u0105cych si\u0119 z such\u0105 sk\u00f3r\u0105 w tej cz\u0119\u015bci cia\u0142a. Dost\u0119pna w naszej hurtowni metalowa tarka do st\u00f3p ma wygodny uchwyt o ergonomicznym kszta\u0142cie, wi\u0119c podczas wykonywania czynno\u015bci pewnie le\u017cy w d\u0142oni i zapewnia p\u0142ynn\u0105 prac\u0119. Ma g\u0142adkie, polerowane kraw\u0119dzie, jest solidna i z pewno\u015bci\u0105 sprawdzi si\u0119 przez d\u0142ugi czas u\u017cytkowania.<\/p>","protected":false},"excerpt":{"rendered":"<p>Tarka metalowa do st\u00f3p Staleks MBE-10 no\u015bnik wykonana z wysokiej jako\u015bci stali nierdzewnej, u\u017cywanej do produkcji narz\u0119dzi chirurgicznych, do tarki przeznaczone s\u0105 nak\u0142adki \u015bcierne o r\u00f3\u017cnej gradacji, kupowane oddzielnie, g\u0142adkie polerowane kraw\u0119dzie, wygodny ergonomiczny uchwyt, nadaje si\u0119 do sterylizacji w autoklawie. Metalowa tarka do st\u00f3p Metalowa tarka do st\u00f3p to profesjonalny sprz\u0119t kosmetyczny pozwalaj\u0105cy na [&hellip;]<\/p>\n","protected":false},"featured_media":3403,"comment_status":"open","ping_status":"closed","template":"","meta":{"om_disable_all_campaigns":false,"ocean_post_layout":"","ocean_both_sidebars_style":"","ocean_both_sidebars_content_width":0,"ocean_both_sidebars_sidebars_width":0,"ocean_sidebar":"0","ocean_second_sidebar":"0","ocean_disable_margins":"enable","ocean_add_body_class":"","ocean_shortcode_before_top_bar":"","ocean_shortcode_after_top_bar":"","ocean_shortcode_before_header":"","ocean_shortcode_after_header":"","ocean_has_shortcode":"","ocean_shortcode_after_title":"","ocean_shortcode_before_footer_widgets":"","ocean_shortcode_after_footer_widgets":"","ocean_shortcode_before_footer_bottom":"","ocean_shortcode_after_footer_bottom":"","ocean_display_top_bar":"default","ocean_display_header":"default","ocean_header_style":"","ocean_center_header_left_menu":"0","ocean_custom_header_template":"0","ocean_custom_logo":0,"ocean_custom_retina_logo":0,"ocean_custom_logo_max_width":0,"ocean_custom_logo_tablet_max_width":0,"ocean_custom_logo_mobile_max_width":0,"ocean_custom_logo_max_height":0,"ocean_custom_logo_tablet_max_height":0,"ocean_custom_logo_mobile_max_height":0,"ocean_header_custom_menu":"0","ocean_menu_typo_font_family":"0","ocean_menu_typo_font_subset":"","ocean_menu_typo_font_size":0,"ocean_menu_typo_font_size_tablet":0,"ocean_menu_typo_font_size_mobile":0,"ocean_menu_typo_font_size_unit":"px","ocean_menu_typo_font_weight":"","ocean_menu_typo_font_weight_tablet":"","ocean_menu_typo_font_weight_mobile":"","ocean_menu_typo_transform":"","ocean_menu_typo_transform_tablet":"","ocean_menu_typo_transform_mobile":"","ocean_menu_typo_line_height":0,"ocean_menu_typo_line_height_tablet":0,"ocean_menu_typo_line_height_mobile":0,"ocean_menu_typo_line_height_unit":"","ocean_menu_typo_spacing":0,"ocean_menu_typo_spacing_tablet":0,"ocean_menu_typo_spacing_mobile":0,"ocean_menu_typo_spacing_unit":"","ocean_menu_link_color":"","ocean_menu_link_color_hover":"","ocean_menu_link_color_active":"","ocean_menu_link_background":"","ocean_menu_link_hover_background":"","ocean_menu_link_active_background":"","ocean_menu_social_links_bg":"","ocean_menu_social_hover_links_bg":"","ocean_menu_social_links_color":"","ocean_menu_social_hover_links_color":"","ocean_disable_title":"default","ocean_disable_heading":"default","ocean_post_title":"","ocean_post_subheading":"","ocean_post_title_style":"","ocean_post_title_background_color":"","ocean_post_title_background":0,"ocean_post_title_bg_image_position":"","ocean_post_title_bg_image_attachment":"","ocean_post_title_bg_image_repeat":"","ocean_post_title_bg_image_size":"","ocean_post_title_height":0,"ocean_post_title_bg_overlay":0.5,"ocean_post_title_bg_overlay_color":"","ocean_disable_breadcrumbs":"default","ocean_breadcrumbs_color":"","ocean_breadcrumbs_separator_color":"","ocean_breadcrumbs_links_color":"","ocean_breadcrumbs_links_hover_color":"","ocean_display_footer_widgets":"default","ocean_display_footer_bottom":"default","ocean_custom_footer_template":"0"},"product_brand":[],"product_cat":[176,150,110,156,183],"product_tag":[],"class_list":{"0":"post-3402","1":"product","2":"type-product","3":"status-publish","4":"has-post-thumbnail","6":"product_cat-marki","7":"product_cat-narzedzia","8":"product_cat-paznokcie","9":"product_cat-pilniki-i-nakladki","10":"product_cat-staleks-1","12":"entry","13":"has-media","15":"first","16":"instock","17":"taxable","18":"shipping-taxable","19":"purchasable","20":"product-type-simple","21":"has-product-nav","22":"col","23":"span_1_of_3","24":"owp-content-center","25":"owp-thumbs-layout-horizontal","26":"owp-btn-normal","27":"owp-tabs-layout-horizontal","28":"has-no-thumbnails"},"yoast_head":"<!-- This site is optimized with the Yoast SEO plugin v27.6 - https:\/\/yoast.com\/product\/yoast-seo-wordpress\/ -->\n<title>Staleks Pro Baza metalowa prosta do tarki do pedicure EXPERT 10 - velesnails<\/title>\n<meta name=\"robots\" content=\"index, follow, max-snippet:-1, max-image-preview:large, max-video-preview:-1\" \/>\n<link rel=\"canonical\" href=\"https:\/\/velesnails.pl\/en\/product\/staleks-pro-baza-metalowa-prosta-do-tarki-do-pedicure-expert-10\/\" \/>\n<meta property=\"og:locale\" content=\"en_GB\" \/>\n<meta property=\"og:type\" content=\"article\" \/>\n<meta property=\"og:title\" content=\"Staleks Pro Baza metalowa prosta do tarki do pedicure EXPERT 10 - velesnails\" \/>\n<meta property=\"og:description\" content=\"Tarka metalowa do st\u00f3p Staleks MBE-10 no\u015bnik wykonana z wysokiej jako\u015bci stali nierdzewnej, u\u017cywanej do produkcji narz\u0119dzi chirurgicznych, do tarki przeznaczone s\u0105 nak\u0142adki \u015bcierne o r\u00f3\u017cnej gradacji, kupowane oddzielnie, g\u0142adkie polerowane kraw\u0119dzie, wygodny ergonomiczny uchwyt, nadaje si\u0119 do sterylizacji w autoklawie. Metalowa tarka do st\u00f3p Metalowa tarka do st\u00f3p to profesjonalny sprz\u0119t kosmetyczny pozwalaj\u0105cy na [&hellip;]\" \/>\n<meta property=\"og:url\" content=\"https:\/\/velesnails.pl\/en\/product\/staleks-pro-baza-metalowa-prosta-do-tarki-do-pedicure-expert-10\/\" \/>\n<meta property=\"og:site_name\" content=\"velesnails\" \/>\n<meta property=\"article:modified_time\" content=\"2025-10-20T09:41:03+00:00\" \/>\n<meta property=\"og:image\" content=\"https:\/\/velesnails.pl\/wp-content\/uploads\/2024\/07\/Staleks-Pro-Baza-metalowa-EXPERT-10.jpg\" \/>\n\t<meta property=\"og:image:width\" content=\"464\" \/>\n\t<meta property=\"og:image:height\" content=\"500\" \/>\n\t<meta property=\"og:image:type\" content=\"image\/jpeg\" \/>\n<meta name=\"twitter:card\" content=\"summary_large_image\" \/>\n<meta name=\"twitter:label1\" content=\"Estimated reading time\" \/>\n\t<meta name=\"twitter:data1\" content=\"1 minute\" \/>\n<script type=\"application\/ld+json\" class=\"yoast-schema-graph\">{\"@context\":\"https:\\\/\\\/schema.org\",\"@graph\":[{\"@type\":\"WebPage\",\"@id\":\"https:\\\/\\\/velesnails.pl\\\/product\\\/staleks-pro-baza-metalowa-prosta-do-tarki-do-pedicure-expert-10\\\/\",\"url\":\"https:\\\/\\\/velesnails.pl\\\/product\\\/staleks-pro-baza-metalowa-prosta-do-tarki-do-pedicure-expert-10\\\/\",\"name\":\"Staleks Pro Baza metalowa prosta do tarki do pedicure EXPERT 10 - velesnails\",\"isPartOf\":{\"@id\":\"https:\\\/\\\/velesnails.pl\\\/#website\"},\"primaryImageOfPage\":{\"@id\":\"https:\\\/\\\/velesnails.pl\\\/product\\\/staleks-pro-baza-metalowa-prosta-do-tarki-do-pedicure-expert-10\\\/#primaryimage\"},\"image\":{\"@id\":\"https:\\\/\\\/velesnails.pl\\\/product\\\/staleks-pro-baza-metalowa-prosta-do-tarki-do-pedicure-expert-10\\\/#primaryimage\"},\"thumbnailUrl\":\"https:\\\/\\\/i0.wp.com\\\/velesnails.pl\\\/wp-content\\\/uploads\\\/2024\\\/07\\\/Staleks-Pro-Baza-metalowa-EXPERT-10.jpg?fit=464%2C500&ssl=1\",\"datePublished\":\"2024-07-28T10:46:06+00:00\",\"dateModified\":\"2025-10-20T09:41:03+00:00\",\"breadcrumb\":{\"@id\":\"https:\\\/\\\/velesnails.pl\\\/product\\\/staleks-pro-baza-metalowa-prosta-do-tarki-do-pedicure-expert-10\\\/#breadcrumb\"},\"inLanguage\":\"en-GB\",\"potentialAction\":[{\"@type\":\"ReadAction\",\"target\":[\"https:\\\/\\\/velesnails.pl\\\/product\\\/staleks-pro-baza-metalowa-prosta-do-tarki-do-pedicure-expert-10\\\/\"]}]},{\"@type\":\"ImageObject\",\"inLanguage\":\"en-GB\",\"@id\":\"https:\\\/\\\/velesnails.pl\\\/product\\\/staleks-pro-baza-metalowa-prosta-do-tarki-do-pedicure-expert-10\\\/#primaryimage\",\"url\":\"https:\\\/\\\/i0.wp.com\\\/velesnails.pl\\\/wp-content\\\/uploads\\\/2024\\\/07\\\/Staleks-Pro-Baza-metalowa-EXPERT-10.jpg?fit=464%2C500&ssl=1\",\"contentUrl\":\"https:\\\/\\\/i0.wp.com\\\/velesnails.pl\\\/wp-content\\\/uploads\\\/2024\\\/07\\\/Staleks-Pro-Baza-metalowa-EXPERT-10.jpg?fit=464%2C500&ssl=1\",\"width\":464,\"height\":500},{\"@type\":\"BreadcrumbList\",\"@id\":\"https:\\\/\\\/velesnails.pl\\\/product\\\/staleks-pro-baza-metalowa-prosta-do-tarki-do-pedicure-expert-10\\\/#breadcrumb\",\"itemListElement\":[{\"@type\":\"ListItem\",\"position\":1,\"name\":\"\u0413\u043e\u043b\u043e\u0432\u043d\u0430\",\"item\":\"https:\\\/\\\/velesnails.pl\\\/\"},{\"@type\":\"ListItem\",\"position\":2,\"name\":\"Sklep\",\"item\":\"https:\\\/\\\/velesnails.pl\\\/shop\\\/\"},{\"@type\":\"ListItem\",\"position\":3,\"name\":\"Staleks Pro Baza metalowa prosta do tarki do pedicure EXPERT 10\"}]},{\"@type\":\"WebSite\",\"@id\":\"https:\\\/\\\/velesnails.pl\\\/#website\",\"url\":\"https:\\\/\\\/velesnails.pl\\\/\",\"name\":\"velesnails\",\"description\":\"Sklep z manicure\",\"publisher\":{\"@id\":\"https:\\\/\\\/velesnails.pl\\\/#organization\"},\"potentialAction\":[{\"@type\":\"SearchAction\",\"target\":{\"@type\":\"EntryPoint\",\"urlTemplate\":\"https:\\\/\\\/velesnails.pl\\\/?s={search_term_string}\"},\"query-input\":{\"@type\":\"PropertyValueSpecification\",\"valueRequired\":true,\"valueName\":\"search_term_string\"}}],\"inLanguage\":\"en-GB\"},{\"@type\":\"Organization\",\"@id\":\"https:\\\/\\\/velesnails.pl\\\/#organization\",\"name\":\"velesnails\",\"url\":\"https:\\\/\\\/velesnails.pl\\\/\",\"logo\":{\"@type\":\"ImageObject\",\"inLanguage\":\"en-GB\",\"@id\":\"https:\\\/\\\/velesnails.pl\\\/#\\\/schema\\\/logo\\\/image\\\/\",\"url\":\"https:\\\/\\\/i0.wp.com\\\/velesnails.pl\\\/wp-content\\\/uploads\\\/2025\\\/10\\\/cropped-obraz_viber_2025-10-22_13-55-55-969.jpg?fit=485%2C381&ssl=1\",\"contentUrl\":\"https:\\\/\\\/i0.wp.com\\\/velesnails.pl\\\/wp-content\\\/uploads\\\/2025\\\/10\\\/cropped-obraz_viber_2025-10-22_13-55-55-969.jpg?fit=485%2C381&ssl=1\",\"width\":485,\"height\":381,\"caption\":\"velesnails\"},\"image\":{\"@id\":\"https:\\\/\\\/velesnails.pl\\\/#\\\/schema\\\/logo\\\/image\\\/\"}}]}<\/script>\n<!-- \/ Yoast SEO plugin. -->","yoast_head_json":{"title":"Staleks Pro Baza metalowa prosta do tarki do pedicure EXPERT 10 - velesnails","robots":{"index":"index","follow":"follow","max-snippet":"max-snippet:-1","max-image-preview":"max-image-preview:large","max-video-preview":"max-video-preview:-1"},"canonical":"https:\/\/velesnails.pl\/en\/product\/staleks-pro-baza-metalowa-prosta-do-tarki-do-pedicure-expert-10\/","og_locale":"en_GB","og_type":"article","og_title":"Staleks Pro Baza metalowa prosta do tarki do pedicure EXPERT 10 - velesnails","og_description":"Tarka metalowa do st\u00f3p Staleks MBE-10 no\u015bnik wykonana z wysokiej jako\u015bci stali nierdzewnej, u\u017cywanej do produkcji narz\u0119dzi chirurgicznych, do tarki przeznaczone s\u0105 nak\u0142adki \u015bcierne o r\u00f3\u017cnej gradacji, kupowane oddzielnie, g\u0142adkie polerowane kraw\u0119dzie, wygodny ergonomiczny uchwyt, nadaje si\u0119 do sterylizacji w autoklawie. Metalowa tarka do st\u00f3p Metalowa tarka do st\u00f3p to profesjonalny sprz\u0119t kosmetyczny pozwalaj\u0105cy na [&hellip;]","og_url":"https:\/\/velesnails.pl\/en\/product\/staleks-pro-baza-metalowa-prosta-do-tarki-do-pedicure-expert-10\/","og_site_name":"velesnails","article_modified_time":"2025-10-20T09:41:03+00:00","og_image":[{"width":464,"height":500,"url":"https:\/\/velesnails.pl\/wp-content\/uploads\/2024\/07\/Staleks-Pro-Baza-metalowa-EXPERT-10.jpg","type":"image\/jpeg"}],"twitter_card":"summary_large_image","twitter_misc":{"Estimated reading time":"1 minute"},"schema":{"@context":"https:\/\/schema.org","@graph":[{"@type":"WebPage","@id":"https:\/\/velesnails.pl\/product\/staleks-pro-baza-metalowa-prosta-do-tarki-do-pedicure-expert-10\/","url":"https:\/\/velesnails.pl\/product\/staleks-pro-baza-metalowa-prosta-do-tarki-do-pedicure-expert-10\/","name":"Staleks Pro Baza metalowa prosta do tarki do pedicure EXPERT 10 - velesnails","isPartOf":{"@id":"https:\/\/velesnails.pl\/#website"},"primaryImageOfPage":{"@id":"https:\/\/velesnails.pl\/product\/staleks-pro-baza-metalowa-prosta-do-tarki-do-pedicure-expert-10\/#primaryimage"},"image":{"@id":"https:\/\/velesnails.pl\/product\/staleks-pro-baza-metalowa-prosta-do-tarki-do-pedicure-expert-10\/#primaryimage"},"thumbnailUrl":"https:\/\/i0.wp.com\/velesnails.pl\/wp-content\/uploads\/2024\/07\/Staleks-Pro-Baza-metalowa-EXPERT-10.jpg?fit=464%2C500&ssl=1","datePublished":"2024-07-28T10:46:06+00:00","dateModified":"2025-10-20T09:41:03+00:00","breadcrumb":{"@id":"https:\/\/velesnails.pl\/product\/staleks-pro-baza-metalowa-prosta-do-tarki-do-pedicure-expert-10\/#breadcrumb"},"inLanguage":"en-GB","potentialAction":[{"@type":"ReadAction","target":["https:\/\/velesnails.pl\/product\/staleks-pro-baza-metalowa-prosta-do-tarki-do-pedicure-expert-10\/"]}]},{"@type":"ImageObject","inLanguage":"en-GB","@id":"https:\/\/velesnails.pl\/product\/staleks-pro-baza-metalowa-prosta-do-tarki-do-pedicure-expert-10\/#primaryimage","url":"https:\/\/i0.wp.com\/velesnails.pl\/wp-content\/uploads\/2024\/07\/Staleks-Pro-Baza-metalowa-EXPERT-10.jpg?fit=464%2C500&ssl=1","contentUrl":"https:\/\/i0.wp.com\/velesnails.pl\/wp-content\/uploads\/2024\/07\/Staleks-Pro-Baza-metalowa-EXPERT-10.jpg?fit=464%2C500&ssl=1","width":464,"height":500},{"@type":"BreadcrumbList","@id":"https:\/\/velesnails.pl\/product\/staleks-pro-baza-metalowa-prosta-do-tarki-do-pedicure-expert-10\/#breadcrumb","itemListElement":[{"@type":"ListItem","position":1,"name":"\u0413\u043e\u043b\u043e\u0432\u043d\u0430","item":"https:\/\/velesnails.pl\/"},{"@type":"ListItem","position":2,"name":"Sklep","item":"https:\/\/velesnails.pl\/shop\/"},{"@type":"ListItem","position":3,"name":"Staleks Pro Baza metalowa prosta do tarki do pedicure EXPERT 10"}]},{"@type":"WebSite","@id":"https:\/\/velesnails.pl\/#website","url":"https:\/\/velesnails.pl\/","name":"velesnails","description":"Manicure shop","publisher":{"@id":"https:\/\/velesnails.pl\/#organization"},"potentialAction":[{"@type":"SearchAction","target":{"@type":"EntryPoint","urlTemplate":"https:\/\/velesnails.pl\/?s={search_term_string}"},"query-input":{"@type":"PropertyValueSpecification","valueRequired":true,"valueName":"search_term_string"}}],"inLanguage":"en-GB"},{"@type":"Organization","@id":"https:\/\/velesnails.pl\/#organization","name":"velesnails","url":"https:\/\/velesnails.pl\/","logo":{"@type":"ImageObject","inLanguage":"en-GB","@id":"https:\/\/velesnails.pl\/#\/schema\/logo\/image\/","url":"https:\/\/i0.wp.com\/velesnails.pl\/wp-content\/uploads\/2025\/10\/cropped-obraz_viber_2025-10-22_13-55-55-969.jpg?fit=485%2C381&ssl=1","contentUrl":"https:\/\/i0.wp.com\/velesnails.pl\/wp-content\/uploads\/2025\/10\/cropped-obraz_viber_2025-10-22_13-55-55-969.jpg?fit=485%2C381&ssl=1","width":485,"height":381,"caption":"velesnails"},"image":{"@id":"https:\/\/velesnails.pl\/#\/schema\/logo\/image\/"}}]}},"_links":{"self":[{"href":"https:\/\/velesnails.pl\/en\/wp-json\/wp\/v2\/product\/3402","targetHints":{"allow":["GET"]}}],"collection":[{"href":"https:\/\/velesnails.pl\/en\/wp-json\/wp\/v2\/product"}],"about":[{"href":"https:\/\/velesnails.pl\/en\/wp-json\/wp\/v2\/types\/product"}],"replies":[{"embeddable":true,"href":"https:\/\/velesnails.pl\/en\/wp-json\/wp\/v2\/comments?post=3402"}],"wp:featuredmedia":[{"embeddable":true,"href":"https:\/\/velesnails.pl\/en\/wp-json\/wp\/v2\/media\/3403"}],"wp:attachment":[{"href":"https:\/\/velesnails.pl\/en\/wp-json\/wp\/v2\/media?parent=3402"}],"wp:term":[{"taxonomy":"product_brand","embeddable":true,"href":"https:\/\/velesnails.pl\/en\/wp-json\/wp\/v2\/product_brand?post=3402"},{"taxonomy":"product_cat","embeddable":true,"href":"https:\/\/velesnails.pl\/en\/wp-json\/wp\/v2\/product_cat?post=3402"},{"taxonomy":"product_tag","embeddable":true,"href":"https:\/\/velesnails.pl\/en\/wp-json\/wp\/v2\/product_tag?post=3402"}],"curies":[{"name":"wp","href":"https:\/\/api.w.org\/{rel}","templated":true}]}}