{"id":3391,"date":"2024-07-28T13:19:24","date_gmt":"2024-07-28T10:19:24","guid":{"rendered":"https:\/\/velesnails.loc\/?post_type=product&#038;p=3391"},"modified":"2026-01-15T08:21:34","modified_gmt":"2026-01-15T05:21:34","slug":"peeling-enzymatyczny-do-stop-farmona-podologic-medical-200-ml","status":"publish","type":"product","link":"https:\/\/velesnails.pl\/en\/product\/peeling-enzymatyczny-do-stop-farmona-podologic-medical-200-ml\/","title":{"rendered":"Peeling enzymatyczny do st\u00f3p Farmona podologic medical 200 ml"},"content":{"rendered":"<p>PRZEZNACZENIE: ka\u017cdy rodzaj sk\u00f3ry, szczeg\u00f3lnie sk\u00f3ra sucha, szorstka, pogrubiona warstwa rogowa nask\u00f3rka<\/p>\n<p>SK\u0141ADNIKI AKTYWNE: mocznik, papaina, kwas hialuronowy, kolagen, elastyna<\/p>\n<p>EFEKTY: usuwa martwe kom\u00f3rki nask\u00f3rka, wyg\u0142adza powierzchni\u0119 sk\u00f3ry, intensywnie regeneruje, nawil\u017ca, uelastycznia. Produkt polecany tak\u017ce dla diabetyk\u00f3w<\/p>\n<p>SPOS\u00d3B U\u017bYCIA: peeling nanie\u015b\u0107 r\u00f3wnomiernie na stopy i wykona\u0107 delikatny masa\u017c. Pozostawi\u0107 na 10-15 minut. Zmy\u0107 za pomoc\u0105 ciep\u0142ych, wilgotnych kompres\u00f3w.<\/p>\n<p>&nbsp;<\/p>\n<p>Seria: Farmona Professional<\/p>\n<p>Pojemno\u015b\u0107: 200 ml<\/p>\n<p>Obszar piel\u0119gnacji: stopy<\/p>\n<p>Rodzaj kosmetyku: peeling enzymatyczny<\/p>\n<pre id=\"tw-target-text\" class=\"tw-data-text tw-text-large tw-ta\" dir=\"ltr\" data-placeholder=\"\u041f\u0435\u0440\u0435\u0432\u043e\u0434\" data-ved=\"2ahUKEwj05MrI1PiOAxWPJxAIHfsyHBwQ3ewLegQICxAV\" aria-label=\"\u041f\u0435\u0440\u0435\u0432\u0435\u0434\u0435\u043d\u043d\u044b\u0439 \u0442\u0435\u043a\u0441\u0442: data wa\u017cno\u015bci do\" style=\"margin: 20px 0px;padding: 20px;border: 0px;line-height: inherit;vertical-align: baseline;font-family: monospace, monospace;font-size: 16px;font-style: normal;font-weight: 400;overflow: auto;letter-spacing: normal;text-align: start;text-indent: 0px;text-transform: none;text-decoration: none\"><span class=\"Y2IQFc\" lang=\"pl\" style=\"margin: 0px;padding: 0px;border: 0px;line-height: inherit;vertical-align: baseline;font-family: inherit;font-size: 16px;font-style: inherit;font-weight: inherit\">data wa\u017cno\u015bci do 01\/2026<\/span><\/pre>","protected":false},"excerpt":{"rendered":"<p>PRZEZNACZENIE: ka\u017cdy rodzaj sk\u00f3ry, szczeg\u00f3lnie sk\u00f3ra sucha, szorstka, pogrubiona warstwa rogowa nask\u00f3rka SK\u0141ADNIKI AKTYWNE: mocznik, papaina, kwas hialuronowy, kolagen, elastyna EFEKTY: usuwa martwe kom\u00f3rki nask\u00f3rka, wyg\u0142adza powierzchni\u0119 sk\u00f3ry, intensywnie regeneruje, nawil\u017ca, uelastycznia. Produkt polecany tak\u017ce dla diabetyk\u00f3w SPOS\u00d3B U\u017bYCIA: peeling nanie\u015b\u0107 r\u00f3wnomiernie na stopy i wykona\u0107 delikatny masa\u017c. Pozostawi\u0107 na 10-15 minut. Zmy\u0107 za pomoc\u0105 [&hellip;]<\/p>\n","protected":false},"featured_media":3854,"comment_status":"open","ping_status":"closed","template":"","meta":{"om_disable_all_campaigns":false,"ocean_post_layout":"","ocean_both_sidebars_style":"","ocean_both_sidebars_content_width":0,"ocean_both_sidebars_sidebars_width":0,"ocean_sidebar":"0","ocean_second_sidebar":"0","ocean_disable_margins":"enable","ocean_add_body_class":"","ocean_shortcode_before_top_bar":"","ocean_shortcode_after_top_bar":"","ocean_shortcode_before_header":"","ocean_shortcode_after_header":"","ocean_has_shortcode":"","ocean_shortcode_after_title":"","ocean_shortcode_before_footer_widgets":"","ocean_shortcode_after_footer_widgets":"","ocean_shortcode_before_footer_bottom":"","ocean_shortcode_after_footer_bottom":"","ocean_display_top_bar":"default","ocean_display_header":"default","ocean_header_style":"","ocean_center_header_left_menu":"0","ocean_custom_header_template":"0","ocean_custom_logo":0,"ocean_custom_retina_logo":0,"ocean_custom_logo_max_width":0,"ocean_custom_logo_tablet_max_width":0,"ocean_custom_logo_mobile_max_width":0,"ocean_custom_logo_max_height":0,"ocean_custom_logo_tablet_max_height":0,"ocean_custom_logo_mobile_max_height":0,"ocean_header_custom_menu":"0","ocean_menu_typo_font_family":"0","ocean_menu_typo_font_subset":"","ocean_menu_typo_font_size":0,"ocean_menu_typo_font_size_tablet":0,"ocean_menu_typo_font_size_mobile":0,"ocean_menu_typo_font_size_unit":"px","ocean_menu_typo_font_weight":"","ocean_menu_typo_font_weight_tablet":"","ocean_menu_typo_font_weight_mobile":"","ocean_menu_typo_transform":"","ocean_menu_typo_transform_tablet":"","ocean_menu_typo_transform_mobile":"","ocean_menu_typo_line_height":0,"ocean_menu_typo_line_height_tablet":0,"ocean_menu_typo_line_height_mobile":0,"ocean_menu_typo_line_height_unit":"","ocean_menu_typo_spacing":0,"ocean_menu_typo_spacing_tablet":0,"ocean_menu_typo_spacing_mobile":0,"ocean_menu_typo_spacing_unit":"","ocean_menu_link_color":"","ocean_menu_link_color_hover":"","ocean_menu_link_color_active":"","ocean_menu_link_background":"","ocean_menu_link_hover_background":"","ocean_menu_link_active_background":"","ocean_menu_social_links_bg":"","ocean_menu_social_hover_links_bg":"","ocean_menu_social_links_color":"","ocean_menu_social_hover_links_color":"","ocean_disable_title":"default","ocean_disable_heading":"default","ocean_post_title":"","ocean_post_subheading":"","ocean_post_title_style":"","ocean_post_title_background_color":"","ocean_post_title_background":0,"ocean_post_title_bg_image_position":"","ocean_post_title_bg_image_attachment":"","ocean_post_title_bg_image_repeat":"","ocean_post_title_bg_image_size":"","ocean_post_title_height":0,"ocean_post_title_bg_overlay":0.5,"ocean_post_title_bg_overlay_color":"","ocean_disable_breadcrumbs":"default","ocean_breadcrumbs_color":"","ocean_breadcrumbs_separator_color":"","ocean_breadcrumbs_links_color":"","ocean_breadcrumbs_links_hover_color":"","ocean_display_footer_widgets":"default","ocean_display_footer_bottom":"default","ocean_custom_footer_template":"0"},"product_brand":[],"product_cat":[169,110],"product_tag":[],"class_list":{"0":"post-3391","1":"product","2":"type-product","3":"status-publish","4":"has-post-thumbnail","6":"product_cat-kosmetyki-i-preparaty","7":"product_cat-paznokcie","9":"entry","10":"has-media","12":"first","13":"instock","14":"sale","15":"taxable","16":"shipping-taxable","17":"purchasable","18":"product-type-simple","19":"has-product-nav","20":"col","21":"span_1_of_3","22":"owp-content-center","23":"owp-thumbs-layout-horizontal","24":"owp-btn-normal","25":"owp-tabs-layout-horizontal","26":"has-no-thumbnails"},"yoast_head":"<!-- This site is optimized with the Yoast SEO plugin v27.4 - https:\/\/yoast.com\/product\/yoast-seo-wordpress\/ -->\n<title>Peeling enzymatyczny do st\u00f3p Farmona podologic medical 200 ml - velesnails<\/title>\n<meta name=\"robots\" content=\"index, follow, max-snippet:-1, max-image-preview:large, max-video-preview:-1\" \/>\n<link rel=\"canonical\" href=\"https:\/\/velesnails.pl\/en\/product\/peeling-enzymatyczny-do-stop-farmona-podologic-medical-200-ml\/\" \/>\n<meta property=\"og:locale\" content=\"en_GB\" \/>\n<meta property=\"og:type\" content=\"article\" \/>\n<meta property=\"og:title\" content=\"Peeling enzymatyczny do st\u00f3p Farmona podologic medical 200 ml - velesnails\" \/>\n<meta property=\"og:description\" content=\"PRZEZNACZENIE: ka\u017cdy rodzaj sk\u00f3ry, szczeg\u00f3lnie sk\u00f3ra sucha, szorstka, pogrubiona warstwa rogowa nask\u00f3rka SK\u0141ADNIKI AKTYWNE: mocznik, papaina, kwas hialuronowy, kolagen, elastyna EFEKTY: usuwa martwe kom\u00f3rki nask\u00f3rka, wyg\u0142adza powierzchni\u0119 sk\u00f3ry, intensywnie regeneruje, nawil\u017ca, uelastycznia. Produkt polecany tak\u017ce dla diabetyk\u00f3w SPOS\u00d3B U\u017bYCIA: peeling nanie\u015b\u0107 r\u00f3wnomiernie na stopy i wykona\u0107 delikatny masa\u017c. Pozostawi\u0107 na 10-15 minut. Zmy\u0107 za pomoc\u0105 [&hellip;]\" \/>\n<meta property=\"og:url\" content=\"https:\/\/velesnails.pl\/en\/product\/peeling-enzymatyczny-do-stop-farmona-podologic-medical-200-ml\/\" \/>\n<meta property=\"og:site_name\" content=\"velesnails\" \/>\n<meta property=\"article:modified_time\" content=\"2026-01-15T05:21:34+00:00\" \/>\n<meta property=\"og:image\" content=\"https:\/\/i0.wp.com\/velesnails.pl\/wp-content\/uploads\/2024\/07\/%D0%97%D0%BD%D1%96%D0%BC%D0%BE%D0%BA-%D0%B5%D0%BA%D1%80%D0%B0%D0%BD%D0%B0-2024-08-13-155410.png?fit=837%2C838&ssl=1\" \/>\n\t<meta property=\"og:image:width\" content=\"837\" \/>\n\t<meta property=\"og:image:height\" content=\"838\" \/>\n\t<meta property=\"og:image:type\" content=\"image\/png\" \/>\n<meta name=\"twitter:card\" content=\"summary_large_image\" \/>\n<script type=\"application\/ld+json\" class=\"yoast-schema-graph\">{\"@context\":\"https:\\\/\\\/schema.org\",\"@graph\":[{\"@type\":\"WebPage\",\"@id\":\"https:\\\/\\\/velesnails.pl\\\/product\\\/peeling-enzymatyczny-do-stop-farmona-podologic-medical-200-ml\\\/\",\"url\":\"https:\\\/\\\/velesnails.pl\\\/product\\\/peeling-enzymatyczny-do-stop-farmona-podologic-medical-200-ml\\\/\",\"name\":\"Peeling enzymatyczny do st\u00f3p Farmona podologic medical 200 ml - velesnails\",\"isPartOf\":{\"@id\":\"https:\\\/\\\/velesnails.pl\\\/#website\"},\"primaryImageOfPage\":{\"@id\":\"https:\\\/\\\/velesnails.pl\\\/product\\\/peeling-enzymatyczny-do-stop-farmona-podologic-medical-200-ml\\\/#primaryimage\"},\"image\":{\"@id\":\"https:\\\/\\\/velesnails.pl\\\/product\\\/peeling-enzymatyczny-do-stop-farmona-podologic-medical-200-ml\\\/#primaryimage\"},\"thumbnailUrl\":\"https:\\\/\\\/i0.wp.com\\\/velesnails.pl\\\/wp-content\\\/uploads\\\/2024\\\/07\\\/%D0%97%D0%BD%D1%96%D0%BC%D0%BE%D0%BA-%D0%B5%D0%BA%D1%80%D0%B0%D0%BD%D0%B0-2024-08-13-155410.png?fit=837%2C838&ssl=1\",\"datePublished\":\"2024-07-28T10:19:24+00:00\",\"dateModified\":\"2026-01-15T05:21:34+00:00\",\"breadcrumb\":{\"@id\":\"https:\\\/\\\/velesnails.pl\\\/product\\\/peeling-enzymatyczny-do-stop-farmona-podologic-medical-200-ml\\\/#breadcrumb\"},\"inLanguage\":\"en-GB\",\"potentialAction\":[{\"@type\":\"ReadAction\",\"target\":[\"https:\\\/\\\/velesnails.pl\\\/product\\\/peeling-enzymatyczny-do-stop-farmona-podologic-medical-200-ml\\\/\"]}]},{\"@type\":\"ImageObject\",\"inLanguage\":\"en-GB\",\"@id\":\"https:\\\/\\\/velesnails.pl\\\/product\\\/peeling-enzymatyczny-do-stop-farmona-podologic-medical-200-ml\\\/#primaryimage\",\"url\":\"https:\\\/\\\/i0.wp.com\\\/velesnails.pl\\\/wp-content\\\/uploads\\\/2024\\\/07\\\/%D0%97%D0%BD%D1%96%D0%BC%D0%BE%D0%BA-%D0%B5%D0%BA%D1%80%D0%B0%D0%BD%D0%B0-2024-08-13-155410.png?fit=837%2C838&ssl=1\",\"contentUrl\":\"https:\\\/\\\/i0.wp.com\\\/velesnails.pl\\\/wp-content\\\/uploads\\\/2024\\\/07\\\/%D0%97%D0%BD%D1%96%D0%BC%D0%BE%D0%BA-%D0%B5%D0%BA%D1%80%D0%B0%D0%BD%D0%B0-2024-08-13-155410.png?fit=837%2C838&ssl=1\",\"width\":837,\"height\":838},{\"@type\":\"BreadcrumbList\",\"@id\":\"https:\\\/\\\/velesnails.pl\\\/product\\\/peeling-enzymatyczny-do-stop-farmona-podologic-medical-200-ml\\\/#breadcrumb\",\"itemListElement\":[{\"@type\":\"ListItem\",\"position\":1,\"name\":\"\u0413\u043e\u043b\u043e\u0432\u043d\u0430\",\"item\":\"https:\\\/\\\/velesnails.pl\\\/\"},{\"@type\":\"ListItem\",\"position\":2,\"name\":\"Sklep\",\"item\":\"https:\\\/\\\/velesnails.pl\\\/shop\\\/\"},{\"@type\":\"ListItem\",\"position\":3,\"name\":\"Peeling enzymatyczny do st\u00f3p Farmona podologic medical 200 ml\"}]},{\"@type\":\"WebSite\",\"@id\":\"https:\\\/\\\/velesnails.pl\\\/#website\",\"url\":\"https:\\\/\\\/velesnails.pl\\\/\",\"name\":\"velesnails\",\"description\":\"Sklep z manicure\",\"publisher\":{\"@id\":\"https:\\\/\\\/velesnails.pl\\\/#organization\"},\"potentialAction\":[{\"@type\":\"SearchAction\",\"target\":{\"@type\":\"EntryPoint\",\"urlTemplate\":\"https:\\\/\\\/velesnails.pl\\\/?s={search_term_string}\"},\"query-input\":{\"@type\":\"PropertyValueSpecification\",\"valueRequired\":true,\"valueName\":\"search_term_string\"}}],\"inLanguage\":\"en-GB\"},{\"@type\":\"Organization\",\"@id\":\"https:\\\/\\\/velesnails.pl\\\/#organization\",\"name\":\"velesnails\",\"url\":\"https:\\\/\\\/velesnails.pl\\\/\",\"logo\":{\"@type\":\"ImageObject\",\"inLanguage\":\"en-GB\",\"@id\":\"https:\\\/\\\/velesnails.pl\\\/#\\\/schema\\\/logo\\\/image\\\/\",\"url\":\"https:\\\/\\\/i0.wp.com\\\/velesnails.pl\\\/wp-content\\\/uploads\\\/2025\\\/10\\\/cropped-obraz_viber_2025-10-22_13-55-55-969.jpg?fit=485%2C381&ssl=1\",\"contentUrl\":\"https:\\\/\\\/i0.wp.com\\\/velesnails.pl\\\/wp-content\\\/uploads\\\/2025\\\/10\\\/cropped-obraz_viber_2025-10-22_13-55-55-969.jpg?fit=485%2C381&ssl=1\",\"width\":485,\"height\":381,\"caption\":\"velesnails\"},\"image\":{\"@id\":\"https:\\\/\\\/velesnails.pl\\\/#\\\/schema\\\/logo\\\/image\\\/\"}}]}<\/script>\n<!-- \/ Yoast SEO plugin. -->","yoast_head_json":{"title":"Peeling enzymatyczny do st\u00f3p Farmona podologic medical 200 ml - velesnails","robots":{"index":"index","follow":"follow","max-snippet":"max-snippet:-1","max-image-preview":"max-image-preview:large","max-video-preview":"max-video-preview:-1"},"canonical":"https:\/\/velesnails.pl\/en\/product\/peeling-enzymatyczny-do-stop-farmona-podologic-medical-200-ml\/","og_locale":"en_GB","og_type":"article","og_title":"Peeling enzymatyczny do st\u00f3p Farmona podologic medical 200 ml - velesnails","og_description":"PRZEZNACZENIE: ka\u017cdy rodzaj sk\u00f3ry, szczeg\u00f3lnie sk\u00f3ra sucha, szorstka, pogrubiona warstwa rogowa nask\u00f3rka SK\u0141ADNIKI AKTYWNE: mocznik, papaina, kwas hialuronowy, kolagen, elastyna EFEKTY: usuwa martwe kom\u00f3rki nask\u00f3rka, wyg\u0142adza powierzchni\u0119 sk\u00f3ry, intensywnie regeneruje, nawil\u017ca, uelastycznia. Produkt polecany tak\u017ce dla diabetyk\u00f3w SPOS\u00d3B U\u017bYCIA: peeling nanie\u015b\u0107 r\u00f3wnomiernie na stopy i wykona\u0107 delikatny masa\u017c. Pozostawi\u0107 na 10-15 minut. Zmy\u0107 za pomoc\u0105 [&hellip;]","og_url":"https:\/\/velesnails.pl\/en\/product\/peeling-enzymatyczny-do-stop-farmona-podologic-medical-200-ml\/","og_site_name":"velesnails","article_modified_time":"2026-01-15T05:21:34+00:00","og_image":[{"width":837,"height":838,"url":"https:\/\/i0.wp.com\/velesnails.pl\/wp-content\/uploads\/2024\/07\/%D0%97%D0%BD%D1%96%D0%BC%D0%BE%D0%BA-%D0%B5%D0%BA%D1%80%D0%B0%D0%BD%D0%B0-2024-08-13-155410.png?fit=837%2C838&ssl=1","type":"image\/png"}],"twitter_card":"summary_large_image","schema":{"@context":"https:\/\/schema.org","@graph":[{"@type":"WebPage","@id":"https:\/\/velesnails.pl\/product\/peeling-enzymatyczny-do-stop-farmona-podologic-medical-200-ml\/","url":"https:\/\/velesnails.pl\/product\/peeling-enzymatyczny-do-stop-farmona-podologic-medical-200-ml\/","name":"Peeling enzymatyczny do st\u00f3p Farmona podologic medical 200 ml - velesnails","isPartOf":{"@id":"https:\/\/velesnails.pl\/#website"},"primaryImageOfPage":{"@id":"https:\/\/velesnails.pl\/product\/peeling-enzymatyczny-do-stop-farmona-podologic-medical-200-ml\/#primaryimage"},"image":{"@id":"https:\/\/velesnails.pl\/product\/peeling-enzymatyczny-do-stop-farmona-podologic-medical-200-ml\/#primaryimage"},"thumbnailUrl":"https:\/\/i0.wp.com\/velesnails.pl\/wp-content\/uploads\/2024\/07\/%D0%97%D0%BD%D1%96%D0%BC%D0%BE%D0%BA-%D0%B5%D0%BA%D1%80%D0%B0%D0%BD%D0%B0-2024-08-13-155410.png?fit=837%2C838&ssl=1","datePublished":"2024-07-28T10:19:24+00:00","dateModified":"2026-01-15T05:21:34+00:00","breadcrumb":{"@id":"https:\/\/velesnails.pl\/product\/peeling-enzymatyczny-do-stop-farmona-podologic-medical-200-ml\/#breadcrumb"},"inLanguage":"en-GB","potentialAction":[{"@type":"ReadAction","target":["https:\/\/velesnails.pl\/product\/peeling-enzymatyczny-do-stop-farmona-podologic-medical-200-ml\/"]}]},{"@type":"ImageObject","inLanguage":"en-GB","@id":"https:\/\/velesnails.pl\/product\/peeling-enzymatyczny-do-stop-farmona-podologic-medical-200-ml\/#primaryimage","url":"https:\/\/i0.wp.com\/velesnails.pl\/wp-content\/uploads\/2024\/07\/%D0%97%D0%BD%D1%96%D0%BC%D0%BE%D0%BA-%D0%B5%D0%BA%D1%80%D0%B0%D0%BD%D0%B0-2024-08-13-155410.png?fit=837%2C838&ssl=1","contentUrl":"https:\/\/i0.wp.com\/velesnails.pl\/wp-content\/uploads\/2024\/07\/%D0%97%D0%BD%D1%96%D0%BC%D0%BE%D0%BA-%D0%B5%D0%BA%D1%80%D0%B0%D0%BD%D0%B0-2024-08-13-155410.png?fit=837%2C838&ssl=1","width":837,"height":838},{"@type":"BreadcrumbList","@id":"https:\/\/velesnails.pl\/product\/peeling-enzymatyczny-do-stop-farmona-podologic-medical-200-ml\/#breadcrumb","itemListElement":[{"@type":"ListItem","position":1,"name":"\u0413\u043e\u043b\u043e\u0432\u043d\u0430","item":"https:\/\/velesnails.pl\/"},{"@type":"ListItem","position":2,"name":"Sklep","item":"https:\/\/velesnails.pl\/shop\/"},{"@type":"ListItem","position":3,"name":"Peeling enzymatyczny do st\u00f3p Farmona podologic medical 200 ml"}]},{"@type":"WebSite","@id":"https:\/\/velesnails.pl\/#website","url":"https:\/\/velesnails.pl\/","name":"velesnails","description":"Manicure shop","publisher":{"@id":"https:\/\/velesnails.pl\/#organization"},"potentialAction":[{"@type":"SearchAction","target":{"@type":"EntryPoint","urlTemplate":"https:\/\/velesnails.pl\/?s={search_term_string}"},"query-input":{"@type":"PropertyValueSpecification","valueRequired":true,"valueName":"search_term_string"}}],"inLanguage":"en-GB"},{"@type":"Organization","@id":"https:\/\/velesnails.pl\/#organization","name":"velesnails","url":"https:\/\/velesnails.pl\/","logo":{"@type":"ImageObject","inLanguage":"en-GB","@id":"https:\/\/velesnails.pl\/#\/schema\/logo\/image\/","url":"https:\/\/i0.wp.com\/velesnails.pl\/wp-content\/uploads\/2025\/10\/cropped-obraz_viber_2025-10-22_13-55-55-969.jpg?fit=485%2C381&ssl=1","contentUrl":"https:\/\/i0.wp.com\/velesnails.pl\/wp-content\/uploads\/2025\/10\/cropped-obraz_viber_2025-10-22_13-55-55-969.jpg?fit=485%2C381&ssl=1","width":485,"height":381,"caption":"velesnails"},"image":{"@id":"https:\/\/velesnails.pl\/#\/schema\/logo\/image\/"}}]}},"_links":{"self":[{"href":"https:\/\/velesnails.pl\/en\/wp-json\/wp\/v2\/product\/3391","targetHints":{"allow":["GET"]}}],"collection":[{"href":"https:\/\/velesnails.pl\/en\/wp-json\/wp\/v2\/product"}],"about":[{"href":"https:\/\/velesnails.pl\/en\/wp-json\/wp\/v2\/types\/product"}],"replies":[{"embeddable":true,"href":"https:\/\/velesnails.pl\/en\/wp-json\/wp\/v2\/comments?post=3391"}],"wp:featuredmedia":[{"embeddable":true,"href":"https:\/\/velesnails.pl\/en\/wp-json\/wp\/v2\/media\/3854"}],"wp:attachment":[{"href":"https:\/\/velesnails.pl\/en\/wp-json\/wp\/v2\/media?parent=3391"}],"wp:term":[{"taxonomy":"product_brand","embeddable":true,"href":"https:\/\/velesnails.pl\/en\/wp-json\/wp\/v2\/product_brand?post=3391"},{"taxonomy":"product_cat","embeddable":true,"href":"https:\/\/velesnails.pl\/en\/wp-json\/wp\/v2\/product_cat?post=3391"},{"taxonomy":"product_tag","embeddable":true,"href":"https:\/\/velesnails.pl\/en\/wp-json\/wp\/v2\/product_tag?post=3391"}],"curies":[{"name":"wp","href":"https:\/\/api.w.org\/{rel}","templated":true}]}}