{"id":3379,"date":"2024-07-28T12:39:21","date_gmt":"2024-07-28T09:39:21","guid":{"rendered":"https:\/\/velesnails.loc\/?post_type=product&#038;p=3379"},"modified":"2025-10-20T12:41:47","modified_gmt":"2025-10-20T09:41:47","slug":"saleks-peseta-do-brwi-beauty-care-20-type-4-waska-skosna","status":"publish","type":"product","link":"https:\/\/velesnails.pl\/en\/product\/saleks-peseta-do-brwi-beauty-care-20-type-4-waska-skosna\/","title":{"rendered":"Saleks P\u0119seta do brwi BEAUTY &#038; CARE 20 TYPE 4 (w\u0105ska sko\u015bna)"},"content":{"rendered":"<p>Kszta\u0142t brwi ma znaczenie<br \/>\nWsp\u00f3\u0142cze\u015bnie, gdy coraz wi\u0119cej kobiet decyduje si\u0119 na regulacj\u0119 kszta\u0142tu brwi i popularne zabiegi przed\u0142u\u017cania i zag\u0119szczania rz\u0119s, dobrej jako\u015bci p\u0119seta do regulacji brwi okazuje si\u0119 niezast\u0105piona. Dobra p\u0119seta do brwi bez w\u0105tpienia stanie si\u0119 najlepszym sprzymierze\u0144cem ka\u017cdej profesjonalnej kosmetyczki \u2013 pomo\u017ce okie\u0142zna\u0107 niesforne brwi lub u\u0142atwi zabieg stylizacji rz\u0119s. Z ca\u0142\u0105 pewno\u015bci\u0105 p\u0119seta do brwi TBC-20\/4 (T4-11-02) to obowi\u0105zkowe narz\u0119dzie w ka\u017cdym dobrym salonie \u2013 niezawodnie pos\u0142u\u017cy przez d\u0142ugi czas, a renomowany producent b\u0119dzie gwarancj\u0105 najwy\u017cszej jako\u015bci sprz\u0119tu.<\/p>\n<p>P\u0119seta do regulacji brwi TBC-20\/4 (T4-11-02)<br \/>\nDobra p\u0119seta do brwi to niezast\u0105pione narz\u0119dzie w wielu zabiegach, w kt\u00f3rych wymagana jest precyzja i delikatno\u015b\u0107.<\/p>\n<p>Charakterystyka:<\/p>\n<p>&#8211; p\u0119seta wykonana zosta\u0142a ze stali nierdzewnej klasy 12&#215;17,<\/p>\n<p>&#8211; w niezwykle precyzyjny spos\u00f3b chwyta wszystkie, nawet najmniejsze w\u0142oski,<\/p>\n<p>&#8211; ergonomiczny kszta\u0142t sprawia, \u017ce dobrze le\u017cy w d\u0142oni, a wg\u0142\u0119bienie r\u0105czek dodaje pewno\u015bci w jej utrzymaniu,<\/p>\n<p>&#8211; p\u0119seta jest ostrzona r\u0119cznie na \u015bciernicy diamentowej, co sprawia, \u017ce ko\u0144c\u00f3wka jest ultra cienka i delikatna,<\/p>\n<p>&#8211; wymiary p\u0119sety gwarantuj\u0105 jej uniwersalno\u015b\u0107 i por\u0119czno\u015b\u0107 (d\u0142ugo\u015b\u0107 p\u0119sety: 95 mm, d\u0142ugo\u015b\u0107 kraw\u0119dzi roboczych: 3-3,5 mm).<\/p>","protected":false},"excerpt":{"rendered":"<p>Kszta\u0142t brwi ma znaczenie Wsp\u00f3\u0142cze\u015bnie, gdy coraz wi\u0119cej kobiet decyduje si\u0119 na regulacj\u0119 kszta\u0142tu brwi i popularne zabiegi przed\u0142u\u017cania i zag\u0119szczania rz\u0119s, dobrej jako\u015bci p\u0119seta do regulacji brwi okazuje si\u0119 niezast\u0105piona. Dobra p\u0119seta do brwi bez w\u0105tpienia stanie si\u0119 najlepszym sprzymierze\u0144cem ka\u017cdej profesjonalnej kosmetyczki \u2013 pomo\u017ce okie\u0142zna\u0107 niesforne brwi lub u\u0142atwi zabieg stylizacji rz\u0119s. Z [&hellip;]<\/p>\n","protected":false},"featured_media":3380,"comment_status":"open","ping_status":"closed","template":"","meta":{"om_disable_all_campaigns":false,"ocean_post_layout":"","ocean_both_sidebars_style":"","ocean_both_sidebars_content_width":0,"ocean_both_sidebars_sidebars_width":0,"ocean_sidebar":"0","ocean_second_sidebar":"0","ocean_disable_margins":"enable","ocean_add_body_class":"","ocean_shortcode_before_top_bar":"","ocean_shortcode_after_top_bar":"","ocean_shortcode_before_header":"","ocean_shortcode_after_header":"","ocean_has_shortcode":"","ocean_shortcode_after_title":"","ocean_shortcode_before_footer_widgets":"","ocean_shortcode_after_footer_widgets":"","ocean_shortcode_before_footer_bottom":"","ocean_shortcode_after_footer_bottom":"","ocean_display_top_bar":"default","ocean_display_header":"default","ocean_header_style":"","ocean_center_header_left_menu":"0","ocean_custom_header_template":"0","ocean_custom_logo":0,"ocean_custom_retina_logo":0,"ocean_custom_logo_max_width":0,"ocean_custom_logo_tablet_max_width":0,"ocean_custom_logo_mobile_max_width":0,"ocean_custom_logo_max_height":0,"ocean_custom_logo_tablet_max_height":0,"ocean_custom_logo_mobile_max_height":0,"ocean_header_custom_menu":"0","ocean_menu_typo_font_family":"0","ocean_menu_typo_font_subset":"","ocean_menu_typo_font_size":0,"ocean_menu_typo_font_size_tablet":0,"ocean_menu_typo_font_size_mobile":0,"ocean_menu_typo_font_size_unit":"px","ocean_menu_typo_font_weight":"","ocean_menu_typo_font_weight_tablet":"","ocean_menu_typo_font_weight_mobile":"","ocean_menu_typo_transform":"","ocean_menu_typo_transform_tablet":"","ocean_menu_typo_transform_mobile":"","ocean_menu_typo_line_height":0,"ocean_menu_typo_line_height_tablet":0,"ocean_menu_typo_line_height_mobile":0,"ocean_menu_typo_line_height_unit":"","ocean_menu_typo_spacing":0,"ocean_menu_typo_spacing_tablet":0,"ocean_menu_typo_spacing_mobile":0,"ocean_menu_typo_spacing_unit":"","ocean_menu_link_color":"","ocean_menu_link_color_hover":"","ocean_menu_link_color_active":"","ocean_menu_link_background":"","ocean_menu_link_hover_background":"","ocean_menu_link_active_background":"","ocean_menu_social_links_bg":"","ocean_menu_social_hover_links_bg":"","ocean_menu_social_links_color":"","ocean_menu_social_hover_links_color":"","ocean_disable_title":"default","ocean_disable_heading":"default","ocean_post_title":"","ocean_post_subheading":"","ocean_post_title_style":"","ocean_post_title_background_color":"","ocean_post_title_background":0,"ocean_post_title_bg_image_position":"","ocean_post_title_bg_image_attachment":"","ocean_post_title_bg_image_repeat":"","ocean_post_title_bg_image_size":"","ocean_post_title_height":0,"ocean_post_title_bg_overlay":0.5,"ocean_post_title_bg_overlay_color":"","ocean_disable_breadcrumbs":"default","ocean_breadcrumbs_color":"","ocean_breadcrumbs_separator_color":"","ocean_breadcrumbs_links_color":"","ocean_breadcrumbs_links_hover_color":"","ocean_display_footer_widgets":"default","ocean_display_footer_bottom":"default","ocean_custom_footer_template":"0"},"product_brand":[],"product_cat":[176,150,110,155],"product_tag":[],"class_list":{"0":"post-3379","1":"product","2":"type-product","3":"status-publish","4":"has-post-thumbnail","6":"product_cat-marki","7":"product_cat-narzedzia","8":"product_cat-paznokcie","9":"product_cat-pesety","11":"entry","12":"has-media","14":"first","15":"outofstock","16":"taxable","17":"shipping-taxable","18":"purchasable","19":"product-type-simple","20":"has-product-nav","21":"col","22":"span_1_of_3","23":"owp-content-center","24":"owp-thumbs-layout-horizontal","25":"owp-btn-normal","26":"owp-tabs-layout-horizontal","27":"has-no-thumbnails"},"yoast_head":"<!-- This site is optimized with the Yoast SEO plugin v27.6 - https:\/\/yoast.com\/product\/yoast-seo-wordpress\/ -->\n<title>Saleks P\u0119seta do brwi BEAUTY &amp; CARE 20 TYPE 4 (w\u0105ska sko\u015bna) - velesnails<\/title>\n<meta name=\"robots\" content=\"index, follow, max-snippet:-1, max-image-preview:large, max-video-preview:-1\" \/>\n<link rel=\"canonical\" href=\"https:\/\/velesnails.pl\/en\/product\/saleks-peseta-do-brwi-beauty-care-20-type-4-waska-skosna\/\" \/>\n<meta property=\"og:locale\" content=\"en_GB\" \/>\n<meta property=\"og:type\" content=\"article\" \/>\n<meta property=\"og:title\" content=\"Saleks P\u0119seta do brwi BEAUTY &amp; CARE 20 TYPE 4 (w\u0105ska sko\u015bna) - velesnails\" \/>\n<meta property=\"og:description\" content=\"Kszta\u0142t brwi ma znaczenie Wsp\u00f3\u0142cze\u015bnie, gdy coraz wi\u0119cej kobiet decyduje si\u0119 na regulacj\u0119 kszta\u0142tu brwi i popularne zabiegi przed\u0142u\u017cania i zag\u0119szczania rz\u0119s, dobrej jako\u015bci p\u0119seta do regulacji brwi okazuje si\u0119 niezast\u0105piona. Dobra p\u0119seta do brwi bez w\u0105tpienia stanie si\u0119 najlepszym sprzymierze\u0144cem ka\u017cdej profesjonalnej kosmetyczki \u2013 pomo\u017ce okie\u0142zna\u0107 niesforne brwi lub u\u0142atwi zabieg stylizacji rz\u0119s. Z [&hellip;]\" \/>\n<meta property=\"og:url\" content=\"https:\/\/velesnails.pl\/en\/product\/saleks-peseta-do-brwi-beauty-care-20-type-4-waska-skosna\/\" \/>\n<meta property=\"og:site_name\" content=\"velesnails\" \/>\n<meta property=\"article:modified_time\" content=\"2025-10-20T09:41:47+00:00\" \/>\n<meta property=\"og:image\" content=\"https:\/\/velesnails.pl\/wp-content\/uploads\/2024\/07\/Saleks-BEAUTY-CARE-20-TYPE-4.png\" \/>\n\t<meta property=\"og:image:width\" content=\"551\" \/>\n\t<meta property=\"og:image:height\" content=\"837\" \/>\n\t<meta property=\"og:image:type\" content=\"image\/png\" \/>\n<meta name=\"twitter:card\" content=\"summary_large_image\" \/>\n<meta name=\"twitter:label1\" content=\"Estimated reading time\" \/>\n\t<meta name=\"twitter:data1\" content=\"1 minute\" \/>\n<script type=\"application\/ld+json\" class=\"yoast-schema-graph\">{\"@context\":\"https:\\\/\\\/schema.org\",\"@graph\":[{\"@type\":\"WebPage\",\"@id\":\"https:\\\/\\\/velesnails.pl\\\/product\\\/saleks-peseta-do-brwi-beauty-care-20-type-4-waska-skosna\\\/\",\"url\":\"https:\\\/\\\/velesnails.pl\\\/product\\\/saleks-peseta-do-brwi-beauty-care-20-type-4-waska-skosna\\\/\",\"name\":\"Saleks P\u0119seta do brwi BEAUTY & CARE 20 TYPE 4 (w\u0105ska sko\u015bna) - velesnails\",\"isPartOf\":{\"@id\":\"https:\\\/\\\/velesnails.pl\\\/#website\"},\"primaryImageOfPage\":{\"@id\":\"https:\\\/\\\/velesnails.pl\\\/product\\\/saleks-peseta-do-brwi-beauty-care-20-type-4-waska-skosna\\\/#primaryimage\"},\"image\":{\"@id\":\"https:\\\/\\\/velesnails.pl\\\/product\\\/saleks-peseta-do-brwi-beauty-care-20-type-4-waska-skosna\\\/#primaryimage\"},\"thumbnailUrl\":\"https:\\\/\\\/i0.wp.com\\\/velesnails.pl\\\/wp-content\\\/uploads\\\/2024\\\/07\\\/Saleks-BEAUTY-CARE-20-TYPE-4.png?fit=551%2C837&ssl=1\",\"datePublished\":\"2024-07-28T09:39:21+00:00\",\"dateModified\":\"2025-10-20T09:41:47+00:00\",\"breadcrumb\":{\"@id\":\"https:\\\/\\\/velesnails.pl\\\/product\\\/saleks-peseta-do-brwi-beauty-care-20-type-4-waska-skosna\\\/#breadcrumb\"},\"inLanguage\":\"en-GB\",\"potentialAction\":[{\"@type\":\"ReadAction\",\"target\":[\"https:\\\/\\\/velesnails.pl\\\/product\\\/saleks-peseta-do-brwi-beauty-care-20-type-4-waska-skosna\\\/\"]}]},{\"@type\":\"ImageObject\",\"inLanguage\":\"en-GB\",\"@id\":\"https:\\\/\\\/velesnails.pl\\\/product\\\/saleks-peseta-do-brwi-beauty-care-20-type-4-waska-skosna\\\/#primaryimage\",\"url\":\"https:\\\/\\\/i0.wp.com\\\/velesnails.pl\\\/wp-content\\\/uploads\\\/2024\\\/07\\\/Saleks-BEAUTY-CARE-20-TYPE-4.png?fit=551%2C837&ssl=1\",\"contentUrl\":\"https:\\\/\\\/i0.wp.com\\\/velesnails.pl\\\/wp-content\\\/uploads\\\/2024\\\/07\\\/Saleks-BEAUTY-CARE-20-TYPE-4.png?fit=551%2C837&ssl=1\",\"width\":551,\"height\":837},{\"@type\":\"BreadcrumbList\",\"@id\":\"https:\\\/\\\/velesnails.pl\\\/product\\\/saleks-peseta-do-brwi-beauty-care-20-type-4-waska-skosna\\\/#breadcrumb\",\"itemListElement\":[{\"@type\":\"ListItem\",\"position\":1,\"name\":\"\u0413\u043e\u043b\u043e\u0432\u043d\u0430\",\"item\":\"https:\\\/\\\/velesnails.pl\\\/\"},{\"@type\":\"ListItem\",\"position\":2,\"name\":\"Sklep\",\"item\":\"https:\\\/\\\/velesnails.pl\\\/shop\\\/\"},{\"@type\":\"ListItem\",\"position\":3,\"name\":\"Saleks P\u0119seta do brwi BEAUTY &#038; CARE 20 TYPE 4 (w\u0105ska sko\u015bna)\"}]},{\"@type\":\"WebSite\",\"@id\":\"https:\\\/\\\/velesnails.pl\\\/#website\",\"url\":\"https:\\\/\\\/velesnails.pl\\\/\",\"name\":\"velesnails\",\"description\":\"Sklep z manicure\",\"publisher\":{\"@id\":\"https:\\\/\\\/velesnails.pl\\\/#organization\"},\"potentialAction\":[{\"@type\":\"SearchAction\",\"target\":{\"@type\":\"EntryPoint\",\"urlTemplate\":\"https:\\\/\\\/velesnails.pl\\\/?s={search_term_string}\"},\"query-input\":{\"@type\":\"PropertyValueSpecification\",\"valueRequired\":true,\"valueName\":\"search_term_string\"}}],\"inLanguage\":\"en-GB\"},{\"@type\":\"Organization\",\"@id\":\"https:\\\/\\\/velesnails.pl\\\/#organization\",\"name\":\"velesnails\",\"url\":\"https:\\\/\\\/velesnails.pl\\\/\",\"logo\":{\"@type\":\"ImageObject\",\"inLanguage\":\"en-GB\",\"@id\":\"https:\\\/\\\/velesnails.pl\\\/#\\\/schema\\\/logo\\\/image\\\/\",\"url\":\"https:\\\/\\\/i0.wp.com\\\/velesnails.pl\\\/wp-content\\\/uploads\\\/2025\\\/10\\\/cropped-obraz_viber_2025-10-22_13-55-55-969.jpg?fit=485%2C381&ssl=1\",\"contentUrl\":\"https:\\\/\\\/i0.wp.com\\\/velesnails.pl\\\/wp-content\\\/uploads\\\/2025\\\/10\\\/cropped-obraz_viber_2025-10-22_13-55-55-969.jpg?fit=485%2C381&ssl=1\",\"width\":485,\"height\":381,\"caption\":\"velesnails\"},\"image\":{\"@id\":\"https:\\\/\\\/velesnails.pl\\\/#\\\/schema\\\/logo\\\/image\\\/\"}}]}<\/script>\n<!-- \/ Yoast SEO plugin. -->","yoast_head_json":{"title":"Saleks P\u0119seta do brwi BEAUTY & CARE 20 TYPE 4 (w\u0105ska sko\u015bna) - velesnails","robots":{"index":"index","follow":"follow","max-snippet":"max-snippet:-1","max-image-preview":"max-image-preview:large","max-video-preview":"max-video-preview:-1"},"canonical":"https:\/\/velesnails.pl\/en\/product\/saleks-peseta-do-brwi-beauty-care-20-type-4-waska-skosna\/","og_locale":"en_GB","og_type":"article","og_title":"Saleks P\u0119seta do brwi BEAUTY & CARE 20 TYPE 4 (w\u0105ska sko\u015bna) - velesnails","og_description":"Kszta\u0142t brwi ma znaczenie Wsp\u00f3\u0142cze\u015bnie, gdy coraz wi\u0119cej kobiet decyduje si\u0119 na regulacj\u0119 kszta\u0142tu brwi i popularne zabiegi przed\u0142u\u017cania i zag\u0119szczania rz\u0119s, dobrej jako\u015bci p\u0119seta do regulacji brwi okazuje si\u0119 niezast\u0105piona. Dobra p\u0119seta do brwi bez w\u0105tpienia stanie si\u0119 najlepszym sprzymierze\u0144cem ka\u017cdej profesjonalnej kosmetyczki \u2013 pomo\u017ce okie\u0142zna\u0107 niesforne brwi lub u\u0142atwi zabieg stylizacji rz\u0119s. Z [&hellip;]","og_url":"https:\/\/velesnails.pl\/en\/product\/saleks-peseta-do-brwi-beauty-care-20-type-4-waska-skosna\/","og_site_name":"velesnails","article_modified_time":"2025-10-20T09:41:47+00:00","og_image":[{"width":551,"height":837,"url":"https:\/\/velesnails.pl\/wp-content\/uploads\/2024\/07\/Saleks-BEAUTY-CARE-20-TYPE-4.png","type":"image\/png"}],"twitter_card":"summary_large_image","twitter_misc":{"Estimated reading time":"1 minute"},"schema":{"@context":"https:\/\/schema.org","@graph":[{"@type":"WebPage","@id":"https:\/\/velesnails.pl\/product\/saleks-peseta-do-brwi-beauty-care-20-type-4-waska-skosna\/","url":"https:\/\/velesnails.pl\/product\/saleks-peseta-do-brwi-beauty-care-20-type-4-waska-skosna\/","name":"Saleks P\u0119seta do brwi BEAUTY & CARE 20 TYPE 4 (w\u0105ska sko\u015bna) - velesnails","isPartOf":{"@id":"https:\/\/velesnails.pl\/#website"},"primaryImageOfPage":{"@id":"https:\/\/velesnails.pl\/product\/saleks-peseta-do-brwi-beauty-care-20-type-4-waska-skosna\/#primaryimage"},"image":{"@id":"https:\/\/velesnails.pl\/product\/saleks-peseta-do-brwi-beauty-care-20-type-4-waska-skosna\/#primaryimage"},"thumbnailUrl":"https:\/\/i0.wp.com\/velesnails.pl\/wp-content\/uploads\/2024\/07\/Saleks-BEAUTY-CARE-20-TYPE-4.png?fit=551%2C837&ssl=1","datePublished":"2024-07-28T09:39:21+00:00","dateModified":"2025-10-20T09:41:47+00:00","breadcrumb":{"@id":"https:\/\/velesnails.pl\/product\/saleks-peseta-do-brwi-beauty-care-20-type-4-waska-skosna\/#breadcrumb"},"inLanguage":"en-GB","potentialAction":[{"@type":"ReadAction","target":["https:\/\/velesnails.pl\/product\/saleks-peseta-do-brwi-beauty-care-20-type-4-waska-skosna\/"]}]},{"@type":"ImageObject","inLanguage":"en-GB","@id":"https:\/\/velesnails.pl\/product\/saleks-peseta-do-brwi-beauty-care-20-type-4-waska-skosna\/#primaryimage","url":"https:\/\/i0.wp.com\/velesnails.pl\/wp-content\/uploads\/2024\/07\/Saleks-BEAUTY-CARE-20-TYPE-4.png?fit=551%2C837&ssl=1","contentUrl":"https:\/\/i0.wp.com\/velesnails.pl\/wp-content\/uploads\/2024\/07\/Saleks-BEAUTY-CARE-20-TYPE-4.png?fit=551%2C837&ssl=1","width":551,"height":837},{"@type":"BreadcrumbList","@id":"https:\/\/velesnails.pl\/product\/saleks-peseta-do-brwi-beauty-care-20-type-4-waska-skosna\/#breadcrumb","itemListElement":[{"@type":"ListItem","position":1,"name":"\u0413\u043e\u043b\u043e\u0432\u043d\u0430","item":"https:\/\/velesnails.pl\/"},{"@type":"ListItem","position":2,"name":"Sklep","item":"https:\/\/velesnails.pl\/shop\/"},{"@type":"ListItem","position":3,"name":"Saleks P\u0119seta do brwi BEAUTY &#038; CARE 20 TYPE 4 (w\u0105ska sko\u015bna)"}]},{"@type":"WebSite","@id":"https:\/\/velesnails.pl\/#website","url":"https:\/\/velesnails.pl\/","name":"velesnails","description":"Manicure shop","publisher":{"@id":"https:\/\/velesnails.pl\/#organization"},"potentialAction":[{"@type":"SearchAction","target":{"@type":"EntryPoint","urlTemplate":"https:\/\/velesnails.pl\/?s={search_term_string}"},"query-input":{"@type":"PropertyValueSpecification","valueRequired":true,"valueName":"search_term_string"}}],"inLanguage":"en-GB"},{"@type":"Organization","@id":"https:\/\/velesnails.pl\/#organization","name":"velesnails","url":"https:\/\/velesnails.pl\/","logo":{"@type":"ImageObject","inLanguage":"en-GB","@id":"https:\/\/velesnails.pl\/#\/schema\/logo\/image\/","url":"https:\/\/i0.wp.com\/velesnails.pl\/wp-content\/uploads\/2025\/10\/cropped-obraz_viber_2025-10-22_13-55-55-969.jpg?fit=485%2C381&ssl=1","contentUrl":"https:\/\/i0.wp.com\/velesnails.pl\/wp-content\/uploads\/2025\/10\/cropped-obraz_viber_2025-10-22_13-55-55-969.jpg?fit=485%2C381&ssl=1","width":485,"height":381,"caption":"velesnails"},"image":{"@id":"https:\/\/velesnails.pl\/#\/schema\/logo\/image\/"}}]}},"_links":{"self":[{"href":"https:\/\/velesnails.pl\/en\/wp-json\/wp\/v2\/product\/3379","targetHints":{"allow":["GET"]}}],"collection":[{"href":"https:\/\/velesnails.pl\/en\/wp-json\/wp\/v2\/product"}],"about":[{"href":"https:\/\/velesnails.pl\/en\/wp-json\/wp\/v2\/types\/product"}],"replies":[{"embeddable":true,"href":"https:\/\/velesnails.pl\/en\/wp-json\/wp\/v2\/comments?post=3379"}],"wp:featuredmedia":[{"embeddable":true,"href":"https:\/\/velesnails.pl\/en\/wp-json\/wp\/v2\/media\/3380"}],"wp:attachment":[{"href":"https:\/\/velesnails.pl\/en\/wp-json\/wp\/v2\/media?parent=3379"}],"wp:term":[{"taxonomy":"product_brand","embeddable":true,"href":"https:\/\/velesnails.pl\/en\/wp-json\/wp\/v2\/product_brand?post=3379"},{"taxonomy":"product_cat","embeddable":true,"href":"https:\/\/velesnails.pl\/en\/wp-json\/wp\/v2\/product_cat?post=3379"},{"taxonomy":"product_tag","embeddable":true,"href":"https:\/\/velesnails.pl\/en\/wp-json\/wp\/v2\/product_tag?post=3379"}],"curies":[{"name":"wp","href":"https:\/\/api.w.org\/{rel}","templated":true}]}}