{"id":3373,"date":"2024-07-28T12:27:44","date_gmt":"2024-07-28T09:27:44","guid":{"rendered":"https:\/\/velesnails.loc\/?post_type=product&#038;p=3373"},"modified":"2025-10-20T12:41:48","modified_gmt":"2025-10-20T09:41:48","slug":"staleks-peseta-do-brwi-beauty-care-11-type-1-szeroka-prosta","status":"publish","type":"product","link":"https:\/\/velesnails.pl\/en\/product\/staleks-peseta-do-brwi-beauty-care-11-type-1-szeroka-prosta\/","title":{"rendered":"Staleks P\u0119seta do brwi BEAUTY &#038; CARE 11 TYPE 1 (szeroka prosta)"},"content":{"rendered":"<p>W arsenale ka\u017cdej dziewczyny musi istnie\u0107 niezawodny asystent do modelowania wygl\u0105du brwi. P\u0119seta do brwi Staleks Beauty &amp; Care 11, zaprojektowana specjalnie do u\u017cytku domowego, aby doskonale sprosta\u0107 temu zadaniu.<br \/>\nWszystkie p\u0119sety Staleks Beauty &amp; Care 11 s\u0105 wykonane w delikatnym r\u00f3\u017cowym kolorze, co czyni to narz\u0119dzie stylowym towarzyszem. P\u0119seta TBC-11\/1 ma proste uchwyty i szerokie, proste kraw\u0119dzie. D\u0142ugo\u015b\u0107 narz\u0119dzia 95 mm, szeroko\u015b\u0107 kraw\u0119dzi 3,8 mm.<br \/>\nCechy p\u0119sety Staleks Beauty &amp; Care 11 TBC-11\/1:<br \/>\n-stylowy jasny wygl\u0105d;<br \/>\n-medyczna stal nierdzewna;<br \/>\n-wychwytywanie w\u0142os\u00f3w o dowolnej grubo\u015bci;<br \/>\n-zmniejszenie ryzyka \u0142amania si\u0119 w\u0142os\u00f3w dzi\u0119ki szczelnemu zamkni\u0119ciu p\u0142aszczyzn roboczych;<br \/>\n-redukcja zaczerwienie\u0144 po zabiegu dzi\u0119ki wypolerowanej zewn\u0119trznej stronie cz\u0119\u015bci roboczej, kt\u00f3ra nie uszkadza sk\u00f3ry;<br \/>\n-r\u0119czne ostrzenie kraw\u0119dzi roboczych. \u2060<\/p>","protected":false},"excerpt":{"rendered":"<p>W arsenale ka\u017cdej dziewczyny musi istnie\u0107 niezawodny asystent do modelowania wygl\u0105du brwi. P\u0119seta do brwi Staleks Beauty &amp; Care 11, zaprojektowana specjalnie do u\u017cytku domowego, aby doskonale sprosta\u0107 temu zadaniu. Wszystkie p\u0119sety Staleks Beauty &amp; Care 11 s\u0105 wykonane w delikatnym r\u00f3\u017cowym kolorze, co czyni to narz\u0119dzie stylowym towarzyszem. P\u0119seta TBC-11\/1 ma proste uchwyty i [&hellip;]<\/p>\n","protected":false},"featured_media":3374,"comment_status":"open","ping_status":"closed","template":"","meta":{"om_disable_all_campaigns":false,"ocean_post_layout":"","ocean_both_sidebars_style":"","ocean_both_sidebars_content_width":0,"ocean_both_sidebars_sidebars_width":0,"ocean_sidebar":"0","ocean_second_sidebar":"0","ocean_disable_margins":"enable","ocean_add_body_class":"","ocean_shortcode_before_top_bar":"","ocean_shortcode_after_top_bar":"","ocean_shortcode_before_header":"","ocean_shortcode_after_header":"","ocean_has_shortcode":"","ocean_shortcode_after_title":"","ocean_shortcode_before_footer_widgets":"","ocean_shortcode_after_footer_widgets":"","ocean_shortcode_before_footer_bottom":"","ocean_shortcode_after_footer_bottom":"","ocean_display_top_bar":"default","ocean_display_header":"default","ocean_header_style":"","ocean_center_header_left_menu":"0","ocean_custom_header_template":"0","ocean_custom_logo":0,"ocean_custom_retina_logo":0,"ocean_custom_logo_max_width":0,"ocean_custom_logo_tablet_max_width":0,"ocean_custom_logo_mobile_max_width":0,"ocean_custom_logo_max_height":0,"ocean_custom_logo_tablet_max_height":0,"ocean_custom_logo_mobile_max_height":0,"ocean_header_custom_menu":"0","ocean_menu_typo_font_family":"0","ocean_menu_typo_font_subset":"","ocean_menu_typo_font_size":0,"ocean_menu_typo_font_size_tablet":0,"ocean_menu_typo_font_size_mobile":0,"ocean_menu_typo_font_size_unit":"px","ocean_menu_typo_font_weight":"","ocean_menu_typo_font_weight_tablet":"","ocean_menu_typo_font_weight_mobile":"","ocean_menu_typo_transform":"","ocean_menu_typo_transform_tablet":"","ocean_menu_typo_transform_mobile":"","ocean_menu_typo_line_height":0,"ocean_menu_typo_line_height_tablet":0,"ocean_menu_typo_line_height_mobile":0,"ocean_menu_typo_line_height_unit":"","ocean_menu_typo_spacing":0,"ocean_menu_typo_spacing_tablet":0,"ocean_menu_typo_spacing_mobile":0,"ocean_menu_typo_spacing_unit":"","ocean_menu_link_color":"","ocean_menu_link_color_hover":"","ocean_menu_link_color_active":"","ocean_menu_link_background":"","ocean_menu_link_hover_background":"","ocean_menu_link_active_background":"","ocean_menu_social_links_bg":"","ocean_menu_social_hover_links_bg":"","ocean_menu_social_links_color":"","ocean_menu_social_hover_links_color":"","ocean_disable_title":"default","ocean_disable_heading":"default","ocean_post_title":"","ocean_post_subheading":"","ocean_post_title_style":"","ocean_post_title_background_color":"","ocean_post_title_background":0,"ocean_post_title_bg_image_position":"","ocean_post_title_bg_image_attachment":"","ocean_post_title_bg_image_repeat":"","ocean_post_title_bg_image_size":"","ocean_post_title_height":0,"ocean_post_title_bg_overlay":0.5,"ocean_post_title_bg_overlay_color":"","ocean_disable_breadcrumbs":"default","ocean_breadcrumbs_color":"","ocean_breadcrumbs_separator_color":"","ocean_breadcrumbs_links_color":"","ocean_breadcrumbs_links_hover_color":"","ocean_display_footer_widgets":"default","ocean_display_footer_bottom":"default","ocean_custom_footer_template":"0"},"product_brand":[],"product_cat":[176,150,110,155,183],"product_tag":[],"class_list":{"0":"post-3373","1":"product","2":"type-product","3":"status-publish","4":"has-post-thumbnail","6":"product_cat-marki","7":"product_cat-narzedzia","8":"product_cat-paznokcie","9":"product_cat-pesety","10":"product_cat-staleks-1","12":"entry","13":"has-media","15":"first","16":"instock","17":"taxable","18":"shipping-taxable","19":"purchasable","20":"product-type-simple","21":"has-product-nav","22":"col","23":"span_1_of_3","24":"owp-content-center","25":"owp-thumbs-layout-horizontal","26":"owp-btn-normal","27":"owp-tabs-layout-horizontal","28":"has-no-thumbnails"},"yoast_head":"<!-- This site is optimized with the Yoast SEO plugin v27.5 - https:\/\/yoast.com\/product\/yoast-seo-wordpress\/ -->\n<title>Staleks P\u0119seta do brwi BEAUTY &amp; CARE 11 TYPE 1 (szeroka prosta) - velesnails<\/title>\n<meta name=\"robots\" content=\"index, follow, max-snippet:-1, max-image-preview:large, max-video-preview:-1\" \/>\n<link rel=\"canonical\" href=\"https:\/\/velesnails.pl\/en\/product\/staleks-peseta-do-brwi-beauty-care-11-type-1-szeroka-prosta\/\" \/>\n<meta property=\"og:locale\" content=\"en_GB\" \/>\n<meta property=\"og:type\" content=\"article\" \/>\n<meta property=\"og:title\" content=\"Staleks P\u0119seta do brwi BEAUTY &amp; CARE 11 TYPE 1 (szeroka prosta) - velesnails\" \/>\n<meta property=\"og:description\" content=\"W arsenale ka\u017cdej dziewczyny musi istnie\u0107 niezawodny asystent do modelowania wygl\u0105du brwi. P\u0119seta do brwi Staleks Beauty &amp; Care 11, zaprojektowana specjalnie do u\u017cytku domowego, aby doskonale sprosta\u0107 temu zadaniu. Wszystkie p\u0119sety Staleks Beauty &amp; Care 11 s\u0105 wykonane w delikatnym r\u00f3\u017cowym kolorze, co czyni to narz\u0119dzie stylowym towarzyszem. P\u0119seta TBC-11\/1 ma proste uchwyty i [&hellip;]\" \/>\n<meta property=\"og:url\" content=\"https:\/\/velesnails.pl\/en\/product\/staleks-peseta-do-brwi-beauty-care-11-type-1-szeroka-prosta\/\" \/>\n<meta property=\"og:site_name\" content=\"velesnails\" \/>\n<meta property=\"article:modified_time\" content=\"2025-10-20T09:41:48+00:00\" \/>\n<meta property=\"og:image\" content=\"https:\/\/velesnails.pl\/wp-content\/uploads\/2024\/07\/Staleks-BEAUTY-CARE-11-TYPE-1.png\" \/>\n\t<meta property=\"og:image:width\" content=\"564\" \/>\n\t<meta property=\"og:image:height\" content=\"560\" \/>\n\t<meta property=\"og:image:type\" content=\"image\/png\" \/>\n<meta name=\"twitter:card\" content=\"summary_large_image\" \/>\n<meta name=\"twitter:label1\" content=\"Estimated reading time\" \/>\n\t<meta name=\"twitter:data1\" content=\"1 minute\" \/>\n<script type=\"application\/ld+json\" class=\"yoast-schema-graph\">{\"@context\":\"https:\\\/\\\/schema.org\",\"@graph\":[{\"@type\":\"WebPage\",\"@id\":\"https:\\\/\\\/velesnails.pl\\\/product\\\/staleks-peseta-do-brwi-beauty-care-11-type-1-szeroka-prosta\\\/\",\"url\":\"https:\\\/\\\/velesnails.pl\\\/product\\\/staleks-peseta-do-brwi-beauty-care-11-type-1-szeroka-prosta\\\/\",\"name\":\"Staleks P\u0119seta do brwi BEAUTY & CARE 11 TYPE 1 (szeroka prosta) - velesnails\",\"isPartOf\":{\"@id\":\"https:\\\/\\\/velesnails.pl\\\/#website\"},\"primaryImageOfPage\":{\"@id\":\"https:\\\/\\\/velesnails.pl\\\/product\\\/staleks-peseta-do-brwi-beauty-care-11-type-1-szeroka-prosta\\\/#primaryimage\"},\"image\":{\"@id\":\"https:\\\/\\\/velesnails.pl\\\/product\\\/staleks-peseta-do-brwi-beauty-care-11-type-1-szeroka-prosta\\\/#primaryimage\"},\"thumbnailUrl\":\"https:\\\/\\\/i0.wp.com\\\/velesnails.pl\\\/wp-content\\\/uploads\\\/2024\\\/07\\\/Staleks-BEAUTY-CARE-11-TYPE-1.png?fit=564%2C560&ssl=1\",\"datePublished\":\"2024-07-28T09:27:44+00:00\",\"dateModified\":\"2025-10-20T09:41:48+00:00\",\"breadcrumb\":{\"@id\":\"https:\\\/\\\/velesnails.pl\\\/product\\\/staleks-peseta-do-brwi-beauty-care-11-type-1-szeroka-prosta\\\/#breadcrumb\"},\"inLanguage\":\"en-GB\",\"potentialAction\":[{\"@type\":\"ReadAction\",\"target\":[\"https:\\\/\\\/velesnails.pl\\\/product\\\/staleks-peseta-do-brwi-beauty-care-11-type-1-szeroka-prosta\\\/\"]}]},{\"@type\":\"ImageObject\",\"inLanguage\":\"en-GB\",\"@id\":\"https:\\\/\\\/velesnails.pl\\\/product\\\/staleks-peseta-do-brwi-beauty-care-11-type-1-szeroka-prosta\\\/#primaryimage\",\"url\":\"https:\\\/\\\/i0.wp.com\\\/velesnails.pl\\\/wp-content\\\/uploads\\\/2024\\\/07\\\/Staleks-BEAUTY-CARE-11-TYPE-1.png?fit=564%2C560&ssl=1\",\"contentUrl\":\"https:\\\/\\\/i0.wp.com\\\/velesnails.pl\\\/wp-content\\\/uploads\\\/2024\\\/07\\\/Staleks-BEAUTY-CARE-11-TYPE-1.png?fit=564%2C560&ssl=1\",\"width\":564,\"height\":560},{\"@type\":\"BreadcrumbList\",\"@id\":\"https:\\\/\\\/velesnails.pl\\\/product\\\/staleks-peseta-do-brwi-beauty-care-11-type-1-szeroka-prosta\\\/#breadcrumb\",\"itemListElement\":[{\"@type\":\"ListItem\",\"position\":1,\"name\":\"\u0413\u043e\u043b\u043e\u0432\u043d\u0430\",\"item\":\"https:\\\/\\\/velesnails.pl\\\/\"},{\"@type\":\"ListItem\",\"position\":2,\"name\":\"Sklep\",\"item\":\"https:\\\/\\\/velesnails.pl\\\/shop\\\/\"},{\"@type\":\"ListItem\",\"position\":3,\"name\":\"Staleks P\u0119seta do brwi BEAUTY &#038; CARE 11 TYPE 1 (szeroka prosta)\"}]},{\"@type\":\"WebSite\",\"@id\":\"https:\\\/\\\/velesnails.pl\\\/#website\",\"url\":\"https:\\\/\\\/velesnails.pl\\\/\",\"name\":\"velesnails\",\"description\":\"Sklep z manicure\",\"publisher\":{\"@id\":\"https:\\\/\\\/velesnails.pl\\\/#organization\"},\"potentialAction\":[{\"@type\":\"SearchAction\",\"target\":{\"@type\":\"EntryPoint\",\"urlTemplate\":\"https:\\\/\\\/velesnails.pl\\\/?s={search_term_string}\"},\"query-input\":{\"@type\":\"PropertyValueSpecification\",\"valueRequired\":true,\"valueName\":\"search_term_string\"}}],\"inLanguage\":\"en-GB\"},{\"@type\":\"Organization\",\"@id\":\"https:\\\/\\\/velesnails.pl\\\/#organization\",\"name\":\"velesnails\",\"url\":\"https:\\\/\\\/velesnails.pl\\\/\",\"logo\":{\"@type\":\"ImageObject\",\"inLanguage\":\"en-GB\",\"@id\":\"https:\\\/\\\/velesnails.pl\\\/#\\\/schema\\\/logo\\\/image\\\/\",\"url\":\"https:\\\/\\\/i0.wp.com\\\/velesnails.pl\\\/wp-content\\\/uploads\\\/2025\\\/10\\\/cropped-obraz_viber_2025-10-22_13-55-55-969.jpg?fit=485%2C381&ssl=1\",\"contentUrl\":\"https:\\\/\\\/i0.wp.com\\\/velesnails.pl\\\/wp-content\\\/uploads\\\/2025\\\/10\\\/cropped-obraz_viber_2025-10-22_13-55-55-969.jpg?fit=485%2C381&ssl=1\",\"width\":485,\"height\":381,\"caption\":\"velesnails\"},\"image\":{\"@id\":\"https:\\\/\\\/velesnails.pl\\\/#\\\/schema\\\/logo\\\/image\\\/\"}}]}<\/script>\n<!-- \/ Yoast SEO plugin. -->","yoast_head_json":{"title":"Staleks P\u0119seta do brwi BEAUTY & CARE 11 TYPE 1 (szeroka prosta) - velesnails","robots":{"index":"index","follow":"follow","max-snippet":"max-snippet:-1","max-image-preview":"max-image-preview:large","max-video-preview":"max-video-preview:-1"},"canonical":"https:\/\/velesnails.pl\/en\/product\/staleks-peseta-do-brwi-beauty-care-11-type-1-szeroka-prosta\/","og_locale":"en_GB","og_type":"article","og_title":"Staleks P\u0119seta do brwi BEAUTY & CARE 11 TYPE 1 (szeroka prosta) - velesnails","og_description":"W arsenale ka\u017cdej dziewczyny musi istnie\u0107 niezawodny asystent do modelowania wygl\u0105du brwi. P\u0119seta do brwi Staleks Beauty &amp; Care 11, zaprojektowana specjalnie do u\u017cytku domowego, aby doskonale sprosta\u0107 temu zadaniu. Wszystkie p\u0119sety Staleks Beauty &amp; Care 11 s\u0105 wykonane w delikatnym r\u00f3\u017cowym kolorze, co czyni to narz\u0119dzie stylowym towarzyszem. P\u0119seta TBC-11\/1 ma proste uchwyty i [&hellip;]","og_url":"https:\/\/velesnails.pl\/en\/product\/staleks-peseta-do-brwi-beauty-care-11-type-1-szeroka-prosta\/","og_site_name":"velesnails","article_modified_time":"2025-10-20T09:41:48+00:00","og_image":[{"width":564,"height":560,"url":"https:\/\/velesnails.pl\/wp-content\/uploads\/2024\/07\/Staleks-BEAUTY-CARE-11-TYPE-1.png","type":"image\/png"}],"twitter_card":"summary_large_image","twitter_misc":{"Estimated reading time":"1 minute"},"schema":{"@context":"https:\/\/schema.org","@graph":[{"@type":"WebPage","@id":"https:\/\/velesnails.pl\/product\/staleks-peseta-do-brwi-beauty-care-11-type-1-szeroka-prosta\/","url":"https:\/\/velesnails.pl\/product\/staleks-peseta-do-brwi-beauty-care-11-type-1-szeroka-prosta\/","name":"Staleks P\u0119seta do brwi BEAUTY & CARE 11 TYPE 1 (szeroka prosta) - velesnails","isPartOf":{"@id":"https:\/\/velesnails.pl\/#website"},"primaryImageOfPage":{"@id":"https:\/\/velesnails.pl\/product\/staleks-peseta-do-brwi-beauty-care-11-type-1-szeroka-prosta\/#primaryimage"},"image":{"@id":"https:\/\/velesnails.pl\/product\/staleks-peseta-do-brwi-beauty-care-11-type-1-szeroka-prosta\/#primaryimage"},"thumbnailUrl":"https:\/\/i0.wp.com\/velesnails.pl\/wp-content\/uploads\/2024\/07\/Staleks-BEAUTY-CARE-11-TYPE-1.png?fit=564%2C560&ssl=1","datePublished":"2024-07-28T09:27:44+00:00","dateModified":"2025-10-20T09:41:48+00:00","breadcrumb":{"@id":"https:\/\/velesnails.pl\/product\/staleks-peseta-do-brwi-beauty-care-11-type-1-szeroka-prosta\/#breadcrumb"},"inLanguage":"en-GB","potentialAction":[{"@type":"ReadAction","target":["https:\/\/velesnails.pl\/product\/staleks-peseta-do-brwi-beauty-care-11-type-1-szeroka-prosta\/"]}]},{"@type":"ImageObject","inLanguage":"en-GB","@id":"https:\/\/velesnails.pl\/product\/staleks-peseta-do-brwi-beauty-care-11-type-1-szeroka-prosta\/#primaryimage","url":"https:\/\/i0.wp.com\/velesnails.pl\/wp-content\/uploads\/2024\/07\/Staleks-BEAUTY-CARE-11-TYPE-1.png?fit=564%2C560&ssl=1","contentUrl":"https:\/\/i0.wp.com\/velesnails.pl\/wp-content\/uploads\/2024\/07\/Staleks-BEAUTY-CARE-11-TYPE-1.png?fit=564%2C560&ssl=1","width":564,"height":560},{"@type":"BreadcrumbList","@id":"https:\/\/velesnails.pl\/product\/staleks-peseta-do-brwi-beauty-care-11-type-1-szeroka-prosta\/#breadcrumb","itemListElement":[{"@type":"ListItem","position":1,"name":"\u0413\u043e\u043b\u043e\u0432\u043d\u0430","item":"https:\/\/velesnails.pl\/"},{"@type":"ListItem","position":2,"name":"Sklep","item":"https:\/\/velesnails.pl\/shop\/"},{"@type":"ListItem","position":3,"name":"Staleks P\u0119seta do brwi BEAUTY &#038; CARE 11 TYPE 1 (szeroka prosta)"}]},{"@type":"WebSite","@id":"https:\/\/velesnails.pl\/#website","url":"https:\/\/velesnails.pl\/","name":"velesnails","description":"Manicure shop","publisher":{"@id":"https:\/\/velesnails.pl\/#organization"},"potentialAction":[{"@type":"SearchAction","target":{"@type":"EntryPoint","urlTemplate":"https:\/\/velesnails.pl\/?s={search_term_string}"},"query-input":{"@type":"PropertyValueSpecification","valueRequired":true,"valueName":"search_term_string"}}],"inLanguage":"en-GB"},{"@type":"Organization","@id":"https:\/\/velesnails.pl\/#organization","name":"velesnails","url":"https:\/\/velesnails.pl\/","logo":{"@type":"ImageObject","inLanguage":"en-GB","@id":"https:\/\/velesnails.pl\/#\/schema\/logo\/image\/","url":"https:\/\/i0.wp.com\/velesnails.pl\/wp-content\/uploads\/2025\/10\/cropped-obraz_viber_2025-10-22_13-55-55-969.jpg?fit=485%2C381&ssl=1","contentUrl":"https:\/\/i0.wp.com\/velesnails.pl\/wp-content\/uploads\/2025\/10\/cropped-obraz_viber_2025-10-22_13-55-55-969.jpg?fit=485%2C381&ssl=1","width":485,"height":381,"caption":"velesnails"},"image":{"@id":"https:\/\/velesnails.pl\/#\/schema\/logo\/image\/"}}]}},"_links":{"self":[{"href":"https:\/\/velesnails.pl\/en\/wp-json\/wp\/v2\/product\/3373","targetHints":{"allow":["GET"]}}],"collection":[{"href":"https:\/\/velesnails.pl\/en\/wp-json\/wp\/v2\/product"}],"about":[{"href":"https:\/\/velesnails.pl\/en\/wp-json\/wp\/v2\/types\/product"}],"replies":[{"embeddable":true,"href":"https:\/\/velesnails.pl\/en\/wp-json\/wp\/v2\/comments?post=3373"}],"wp:featuredmedia":[{"embeddable":true,"href":"https:\/\/velesnails.pl\/en\/wp-json\/wp\/v2\/media\/3374"}],"wp:attachment":[{"href":"https:\/\/velesnails.pl\/en\/wp-json\/wp\/v2\/media?parent=3373"}],"wp:term":[{"taxonomy":"product_brand","embeddable":true,"href":"https:\/\/velesnails.pl\/en\/wp-json\/wp\/v2\/product_brand?post=3373"},{"taxonomy":"product_cat","embeddable":true,"href":"https:\/\/velesnails.pl\/en\/wp-json\/wp\/v2\/product_cat?post=3373"},{"taxonomy":"product_tag","embeddable":true,"href":"https:\/\/velesnails.pl\/en\/wp-json\/wp\/v2\/product_tag?post=3373"}],"curies":[{"name":"wp","href":"https:\/\/api.w.org\/{rel}","templated":true}]}}