{"id":3346,"date":"2024-07-28T11:26:10","date_gmt":"2024-07-28T08:26:10","guid":{"rendered":"https:\/\/velesnails.loc\/?post_type=product&#038;p=3346"},"modified":"2025-10-20T12:42:32","modified_gmt":"2025-10-20T09:42:32","slug":"staleks-pro-kopytko-do-manicure-expert-51-type-2-kopytko-skosne-i-pierscien","status":"publish","type":"product","link":"https:\/\/velesnails.pl\/en\/product\/staleks-pro-kopytko-do-manicure-expert-51-type-2-kopytko-skosne-i-pierscien\/","title":{"rendered":"Staleks Pro Kopytko do manicure EXPERT 51 TYPE 2 (kopytko sko\u015bne i pier\u015bcie\u0144)"},"content":{"rendered":"<p>Szpatu\u0142ka do paznokci STALEKS PRO EXPERT 51 TYP 2 PE-51\/2 to profesjonalne narz\u0119dzie przeznaczone do wykonywania manicure i pedicure. Cz\u0119\u015b\u0107 robocza \u201epusher sko\u015bny\u201d s\u0142u\u017cy do podnoszenia i odsuwania szorstkich i mocno osadzonych sk\u00f3rek. Cz\u0119\u015b\u0107 robocza posiada skos, kt\u00f3ry zapewnia wygod\u0119 i dok\u0142adno\u015b\u0107 podczas pracy. Kolejn\u0105 cz\u0119\u015bci\u0105 robocz\u0105 narz\u0119dzia jest \u201epier\u015bcie\u0144\u201d, przeznaczony do oczyszczania p\u0142ytki paznokcia ze skrzydlika. Pterygium to nadmiar sk\u00f3ry, kt\u00f3ry mo\u017ce gromadzi\u0107 si\u0119 na p\u0142ytce paznokcia.<br \/>\nSzpatu\u0142ka posiada profesjonalne r\u0119czne ostrzenie, co zapewnia ostro\u015b\u0107 i trwa\u0142o\u015b\u0107 narz\u0119dzia. Stal nierdzewna 08X18H10 (AISI 304), z kt\u00f3rej wykonane jest ostrze, posiada wysok\u0105 odporno\u015b\u0107 na korozj\u0119, co gwarantuje trwa\u0142o\u015b\u0107 i higien\u0119 narz\u0119dzia. Szpatu\u0142ka posiada rowkowan\u0105 r\u0119koje\u015b\u0107, kt\u00f3ra poprawia chwyt narz\u0119dzia w d\u0142oniach oraz zapewnia pewne i wygodne u\u017cytkowanie. Matowa powierzchnia r\u0119koje\u015bci jest przyjemna w dotyku i zapobiega wy\u015blizgiwaniu si\u0119.<\/p>\n<p>Cechy szpatu\u0142ki do paznokci STALEKS PRO EXPERT 51 TYP 2 PE-51\/2:<br \/>\n-ostrze ma dwie cz\u0119\u015bci robocze &#8211; \u201esko\u015bny popychacz\u201d i \u201epier\u015bcie\u0144\u201d;<br \/>\n-narz\u0119dzie posiada profesjonalne r\u0119czne ostrzenie;<br \/>\n-wykonany ze stali nierdzewnej 08X18H10 (AISI 304), kt\u00f3ra posiada wysok\u0105 odporno\u015b\u0107 na korozj\u0119 i trwa\u0142o\u015b\u0107;<br \/>\nR\u0119koje\u015b\u0107 szpatu\u0142ki posiada karbowan\u0105 powierzchni\u0119, kt\u00f3ra poprawia trzymanie narz\u0119dzia w d\u0142oniach.<br \/>\nAplikacja szpatu\u0142ki do paznokci STALEKS PRO EXPERT 51 TYP 2 PE-51\/2:<br \/>\n-Korzystanie ze \u015bci\u0119tej cz\u0119\u015bci roboczej: U\u017cyj \u015bci\u0119tej cz\u0119\u015bci roboczej ostrza, aby unie\u015b\u0107 i odepchn\u0105\u0107 nask\u00f3rek. Delikatnie i ostro\u017cnie chod\u017a wzd\u0142u\u017c nask\u00f3rka, odsuwaj\u0105c go od paznokcia.<br \/>\n-U\u017cywaj\u0105c cz\u0119\u015bci roboczej \u201epier\u015bcie\u0144\u201d: aby oczy\u015bci\u0107 p\u0142ytk\u0119 paznokcia ze skrzydlika, u\u017cyj cz\u0119\u015bci roboczej w postaci pier\u015bcienia. Umie\u015b\u0107 pier\u015bcie\u0144 szpatu\u0142ki na skrzydliku i delikatnie zeskrob nadmiar sk\u00f3ry.<\/p>","protected":false},"excerpt":{"rendered":"<p>Szpatu\u0142ka do paznokci STALEKS PRO EXPERT 51 TYP 2 PE-51\/2 to profesjonalne narz\u0119dzie przeznaczone do wykonywania manicure i pedicure. Cz\u0119\u015b\u0107 robocza \u201epusher sko\u015bny\u201d s\u0142u\u017cy do podnoszenia i odsuwania szorstkich i mocno osadzonych sk\u00f3rek. Cz\u0119\u015b\u0107 robocza posiada skos, kt\u00f3ry zapewnia wygod\u0119 i dok\u0142adno\u015b\u0107 podczas pracy. Kolejn\u0105 cz\u0119\u015bci\u0105 robocz\u0105 narz\u0119dzia jest \u201epier\u015bcie\u0144\u201d, przeznaczony do oczyszczania p\u0142ytki paznokcia [&hellip;]<\/p>\n","protected":false},"featured_media":3347,"comment_status":"closed","ping_status":"closed","template":"","meta":{"om_disable_all_campaigns":false,"ocean_post_layout":"","ocean_both_sidebars_style":"","ocean_both_sidebars_content_width":0,"ocean_both_sidebars_sidebars_width":0,"ocean_sidebar":"0","ocean_second_sidebar":"0","ocean_disable_margins":"enable","ocean_add_body_class":"","ocean_shortcode_before_top_bar":"","ocean_shortcode_after_top_bar":"","ocean_shortcode_before_header":"","ocean_shortcode_after_header":"","ocean_has_shortcode":"","ocean_shortcode_after_title":"","ocean_shortcode_before_footer_widgets":"","ocean_shortcode_after_footer_widgets":"","ocean_shortcode_before_footer_bottom":"","ocean_shortcode_after_footer_bottom":"","ocean_display_top_bar":"default","ocean_display_header":"default","ocean_header_style":"","ocean_center_header_left_menu":"0","ocean_custom_header_template":"0","ocean_custom_logo":0,"ocean_custom_retina_logo":0,"ocean_custom_logo_max_width":0,"ocean_custom_logo_tablet_max_width":0,"ocean_custom_logo_mobile_max_width":0,"ocean_custom_logo_max_height":0,"ocean_custom_logo_tablet_max_height":0,"ocean_custom_logo_mobile_max_height":0,"ocean_header_custom_menu":"0","ocean_menu_typo_font_family":"0","ocean_menu_typo_font_subset":"","ocean_menu_typo_font_size":0,"ocean_menu_typo_font_size_tablet":0,"ocean_menu_typo_font_size_mobile":0,"ocean_menu_typo_font_size_unit":"px","ocean_menu_typo_font_weight":"","ocean_menu_typo_font_weight_tablet":"","ocean_menu_typo_font_weight_mobile":"","ocean_menu_typo_transform":"","ocean_menu_typo_transform_tablet":"","ocean_menu_typo_transform_mobile":"","ocean_menu_typo_line_height":0,"ocean_menu_typo_line_height_tablet":0,"ocean_menu_typo_line_height_mobile":0,"ocean_menu_typo_line_height_unit":"","ocean_menu_typo_spacing":0,"ocean_menu_typo_spacing_tablet":0,"ocean_menu_typo_spacing_mobile":0,"ocean_menu_typo_spacing_unit":"","ocean_menu_link_color":"","ocean_menu_link_color_hover":"","ocean_menu_link_color_active":"","ocean_menu_link_background":"","ocean_menu_link_hover_background":"","ocean_menu_link_active_background":"","ocean_menu_social_links_bg":"","ocean_menu_social_hover_links_bg":"","ocean_menu_social_links_color":"","ocean_menu_social_hover_links_color":"","ocean_disable_title":"default","ocean_disable_heading":"default","ocean_post_title":"","ocean_post_subheading":"","ocean_post_title_style":"","ocean_post_title_background_color":"","ocean_post_title_background":0,"ocean_post_title_bg_image_position":"","ocean_post_title_bg_image_attachment":"","ocean_post_title_bg_image_repeat":"","ocean_post_title_bg_image_size":"","ocean_post_title_height":0,"ocean_post_title_bg_overlay":0.5,"ocean_post_title_bg_overlay_color":"","ocean_disable_breadcrumbs":"default","ocean_breadcrumbs_color":"","ocean_breadcrumbs_separator_color":"","ocean_breadcrumbs_links_color":"","ocean_breadcrumbs_links_hover_color":"","ocean_display_footer_widgets":"default","ocean_display_footer_bottom":"default","ocean_custom_footer_template":"0"},"product_brand":[],"product_cat":[154,176,150,110,183],"product_tag":[],"class_list":{"0":"post-3346","1":"product","2":"type-product","3":"status-publish","4":"has-post-thumbnail","6":"product_cat-kopytka-sondy","7":"product_cat-marki","8":"product_cat-narzedzia","9":"product_cat-paznokcie","10":"product_cat-staleks-1","12":"entry","13":"has-media","15":"first","16":"outofstock","17":"taxable","18":"shipping-taxable","19":"purchasable","20":"product-type-simple","21":"has-product-nav","22":"col","23":"span_1_of_3","24":"owp-content-center","25":"owp-thumbs-layout-horizontal","26":"owp-btn-normal","27":"owp-tabs-layout-horizontal","28":"has-no-thumbnails"},"yoast_head":"<!-- This site is optimized with the Yoast SEO plugin v27.5 - https:\/\/yoast.com\/product\/yoast-seo-wordpress\/ -->\n<title>Staleks Pro Kopytko do manicure EXPERT 51 TYPE 2 (kopytko sko\u015bne i pier\u015bcie\u0144) - velesnails<\/title>\n<meta name=\"robots\" content=\"index, follow, max-snippet:-1, max-image-preview:large, max-video-preview:-1\" \/>\n<link rel=\"canonical\" href=\"https:\/\/velesnails.pl\/en\/product\/staleks-pro-kopytko-do-manicure-expert-51-type-2-kopytko-skosne-i-pierscien\/\" \/>\n<meta property=\"og:locale\" content=\"en_GB\" \/>\n<meta property=\"og:type\" content=\"article\" \/>\n<meta property=\"og:title\" content=\"Staleks Pro Kopytko do manicure EXPERT 51 TYPE 2 (kopytko sko\u015bne i pier\u015bcie\u0144) - velesnails\" \/>\n<meta property=\"og:description\" content=\"Szpatu\u0142ka do paznokci STALEKS PRO EXPERT 51 TYP 2 PE-51\/2 to profesjonalne narz\u0119dzie przeznaczone do wykonywania manicure i pedicure. Cz\u0119\u015b\u0107 robocza \u201epusher sko\u015bny\u201d s\u0142u\u017cy do podnoszenia i odsuwania szorstkich i mocno osadzonych sk\u00f3rek. Cz\u0119\u015b\u0107 robocza posiada skos, kt\u00f3ry zapewnia wygod\u0119 i dok\u0142adno\u015b\u0107 podczas pracy. Kolejn\u0105 cz\u0119\u015bci\u0105 robocz\u0105 narz\u0119dzia jest \u201epier\u015bcie\u0144\u201d, przeznaczony do oczyszczania p\u0142ytki paznokcia [&hellip;]\" \/>\n<meta property=\"og:url\" content=\"https:\/\/velesnails.pl\/en\/product\/staleks-pro-kopytko-do-manicure-expert-51-type-2-kopytko-skosne-i-pierscien\/\" \/>\n<meta property=\"og:site_name\" content=\"velesnails\" \/>\n<meta property=\"article:modified_time\" content=\"2025-10-20T09:42:32+00:00\" \/>\n<meta property=\"og:image\" content=\"https:\/\/velesnails.pl\/wp-content\/uploads\/2024\/07\/Staleks-Pro-EXPERT-51-TYPE-2.png\" \/>\n\t<meta property=\"og:image:width\" content=\"794\" \/>\n\t<meta property=\"og:image:height\" content=\"812\" \/>\n\t<meta property=\"og:image:type\" content=\"image\/png\" \/>\n<meta name=\"twitter:card\" content=\"summary_large_image\" \/>\n<meta name=\"twitter:label1\" content=\"Estimated reading time\" \/>\n\t<meta name=\"twitter:data1\" content=\"2 minutes\" \/>\n<script type=\"application\/ld+json\" class=\"yoast-schema-graph\">{\"@context\":\"https:\\\/\\\/schema.org\",\"@graph\":[{\"@type\":\"WebPage\",\"@id\":\"https:\\\/\\\/velesnails.pl\\\/product\\\/staleks-pro-kopytko-do-manicure-expert-51-type-2-kopytko-skosne-i-pierscien\\\/\",\"url\":\"https:\\\/\\\/velesnails.pl\\\/product\\\/staleks-pro-kopytko-do-manicure-expert-51-type-2-kopytko-skosne-i-pierscien\\\/\",\"name\":\"Staleks Pro Kopytko do manicure EXPERT 51 TYPE 2 (kopytko sko\u015bne i pier\u015bcie\u0144) - velesnails\",\"isPartOf\":{\"@id\":\"https:\\\/\\\/velesnails.pl\\\/#website\"},\"primaryImageOfPage\":{\"@id\":\"https:\\\/\\\/velesnails.pl\\\/product\\\/staleks-pro-kopytko-do-manicure-expert-51-type-2-kopytko-skosne-i-pierscien\\\/#primaryimage\"},\"image\":{\"@id\":\"https:\\\/\\\/velesnails.pl\\\/product\\\/staleks-pro-kopytko-do-manicure-expert-51-type-2-kopytko-skosne-i-pierscien\\\/#primaryimage\"},\"thumbnailUrl\":\"https:\\\/\\\/i0.wp.com\\\/velesnails.pl\\\/wp-content\\\/uploads\\\/2024\\\/07\\\/Staleks-Pro-EXPERT-51-TYPE-2.png?fit=794%2C812&ssl=1\",\"datePublished\":\"2024-07-28T08:26:10+00:00\",\"dateModified\":\"2025-10-20T09:42:32+00:00\",\"breadcrumb\":{\"@id\":\"https:\\\/\\\/velesnails.pl\\\/product\\\/staleks-pro-kopytko-do-manicure-expert-51-type-2-kopytko-skosne-i-pierscien\\\/#breadcrumb\"},\"inLanguage\":\"en-GB\",\"potentialAction\":[{\"@type\":\"ReadAction\",\"target\":[\"https:\\\/\\\/velesnails.pl\\\/product\\\/staleks-pro-kopytko-do-manicure-expert-51-type-2-kopytko-skosne-i-pierscien\\\/\"]}]},{\"@type\":\"ImageObject\",\"inLanguage\":\"en-GB\",\"@id\":\"https:\\\/\\\/velesnails.pl\\\/product\\\/staleks-pro-kopytko-do-manicure-expert-51-type-2-kopytko-skosne-i-pierscien\\\/#primaryimage\",\"url\":\"https:\\\/\\\/i0.wp.com\\\/velesnails.pl\\\/wp-content\\\/uploads\\\/2024\\\/07\\\/Staleks-Pro-EXPERT-51-TYPE-2.png?fit=794%2C812&ssl=1\",\"contentUrl\":\"https:\\\/\\\/i0.wp.com\\\/velesnails.pl\\\/wp-content\\\/uploads\\\/2024\\\/07\\\/Staleks-Pro-EXPERT-51-TYPE-2.png?fit=794%2C812&ssl=1\",\"width\":794,\"height\":812},{\"@type\":\"BreadcrumbList\",\"@id\":\"https:\\\/\\\/velesnails.pl\\\/product\\\/staleks-pro-kopytko-do-manicure-expert-51-type-2-kopytko-skosne-i-pierscien\\\/#breadcrumb\",\"itemListElement\":[{\"@type\":\"ListItem\",\"position\":1,\"name\":\"\u0413\u043e\u043b\u043e\u0432\u043d\u0430\",\"item\":\"https:\\\/\\\/velesnails.pl\\\/\"},{\"@type\":\"ListItem\",\"position\":2,\"name\":\"Sklep\",\"item\":\"https:\\\/\\\/velesnails.pl\\\/shop\\\/\"},{\"@type\":\"ListItem\",\"position\":3,\"name\":\"Staleks Pro Kopytko do manicure EXPERT 51 TYPE 2 (kopytko sko\u015bne i pier\u015bcie\u0144)\"}]},{\"@type\":\"WebSite\",\"@id\":\"https:\\\/\\\/velesnails.pl\\\/#website\",\"url\":\"https:\\\/\\\/velesnails.pl\\\/\",\"name\":\"velesnails\",\"description\":\"Sklep z manicure\",\"publisher\":{\"@id\":\"https:\\\/\\\/velesnails.pl\\\/#organization\"},\"potentialAction\":[{\"@type\":\"SearchAction\",\"target\":{\"@type\":\"EntryPoint\",\"urlTemplate\":\"https:\\\/\\\/velesnails.pl\\\/?s={search_term_string}\"},\"query-input\":{\"@type\":\"PropertyValueSpecification\",\"valueRequired\":true,\"valueName\":\"search_term_string\"}}],\"inLanguage\":\"en-GB\"},{\"@type\":\"Organization\",\"@id\":\"https:\\\/\\\/velesnails.pl\\\/#organization\",\"name\":\"velesnails\",\"url\":\"https:\\\/\\\/velesnails.pl\\\/\",\"logo\":{\"@type\":\"ImageObject\",\"inLanguage\":\"en-GB\",\"@id\":\"https:\\\/\\\/velesnails.pl\\\/#\\\/schema\\\/logo\\\/image\\\/\",\"url\":\"https:\\\/\\\/i0.wp.com\\\/velesnails.pl\\\/wp-content\\\/uploads\\\/2025\\\/10\\\/cropped-obraz_viber_2025-10-22_13-55-55-969.jpg?fit=485%2C381&ssl=1\",\"contentUrl\":\"https:\\\/\\\/i0.wp.com\\\/velesnails.pl\\\/wp-content\\\/uploads\\\/2025\\\/10\\\/cropped-obraz_viber_2025-10-22_13-55-55-969.jpg?fit=485%2C381&ssl=1\",\"width\":485,\"height\":381,\"caption\":\"velesnails\"},\"image\":{\"@id\":\"https:\\\/\\\/velesnails.pl\\\/#\\\/schema\\\/logo\\\/image\\\/\"}}]}<\/script>\n<!-- \/ Yoast SEO plugin. -->","yoast_head_json":{"title":"Staleks Pro Kopytko do manicure EXPERT 51 TYPE 2 (kopytko sko\u015bne i pier\u015bcie\u0144) - velesnails","robots":{"index":"index","follow":"follow","max-snippet":"max-snippet:-1","max-image-preview":"max-image-preview:large","max-video-preview":"max-video-preview:-1"},"canonical":"https:\/\/velesnails.pl\/en\/product\/staleks-pro-kopytko-do-manicure-expert-51-type-2-kopytko-skosne-i-pierscien\/","og_locale":"en_GB","og_type":"article","og_title":"Staleks Pro Kopytko do manicure EXPERT 51 TYPE 2 (kopytko sko\u015bne i pier\u015bcie\u0144) - velesnails","og_description":"Szpatu\u0142ka do paznokci STALEKS PRO EXPERT 51 TYP 2 PE-51\/2 to profesjonalne narz\u0119dzie przeznaczone do wykonywania manicure i pedicure. Cz\u0119\u015b\u0107 robocza \u201epusher sko\u015bny\u201d s\u0142u\u017cy do podnoszenia i odsuwania szorstkich i mocno osadzonych sk\u00f3rek. Cz\u0119\u015b\u0107 robocza posiada skos, kt\u00f3ry zapewnia wygod\u0119 i dok\u0142adno\u015b\u0107 podczas pracy. Kolejn\u0105 cz\u0119\u015bci\u0105 robocz\u0105 narz\u0119dzia jest \u201epier\u015bcie\u0144\u201d, przeznaczony do oczyszczania p\u0142ytki paznokcia [&hellip;]","og_url":"https:\/\/velesnails.pl\/en\/product\/staleks-pro-kopytko-do-manicure-expert-51-type-2-kopytko-skosne-i-pierscien\/","og_site_name":"velesnails","article_modified_time":"2025-10-20T09:42:32+00:00","og_image":[{"width":794,"height":812,"url":"https:\/\/velesnails.pl\/wp-content\/uploads\/2024\/07\/Staleks-Pro-EXPERT-51-TYPE-2.png","type":"image\/png"}],"twitter_card":"summary_large_image","twitter_misc":{"Estimated reading time":"2 minutes"},"schema":{"@context":"https:\/\/schema.org","@graph":[{"@type":"WebPage","@id":"https:\/\/velesnails.pl\/product\/staleks-pro-kopytko-do-manicure-expert-51-type-2-kopytko-skosne-i-pierscien\/","url":"https:\/\/velesnails.pl\/product\/staleks-pro-kopytko-do-manicure-expert-51-type-2-kopytko-skosne-i-pierscien\/","name":"Staleks Pro Kopytko do manicure EXPERT 51 TYPE 2 (kopytko sko\u015bne i pier\u015bcie\u0144) - velesnails","isPartOf":{"@id":"https:\/\/velesnails.pl\/#website"},"primaryImageOfPage":{"@id":"https:\/\/velesnails.pl\/product\/staleks-pro-kopytko-do-manicure-expert-51-type-2-kopytko-skosne-i-pierscien\/#primaryimage"},"image":{"@id":"https:\/\/velesnails.pl\/product\/staleks-pro-kopytko-do-manicure-expert-51-type-2-kopytko-skosne-i-pierscien\/#primaryimage"},"thumbnailUrl":"https:\/\/i0.wp.com\/velesnails.pl\/wp-content\/uploads\/2024\/07\/Staleks-Pro-EXPERT-51-TYPE-2.png?fit=794%2C812&ssl=1","datePublished":"2024-07-28T08:26:10+00:00","dateModified":"2025-10-20T09:42:32+00:00","breadcrumb":{"@id":"https:\/\/velesnails.pl\/product\/staleks-pro-kopytko-do-manicure-expert-51-type-2-kopytko-skosne-i-pierscien\/#breadcrumb"},"inLanguage":"en-GB","potentialAction":[{"@type":"ReadAction","target":["https:\/\/velesnails.pl\/product\/staleks-pro-kopytko-do-manicure-expert-51-type-2-kopytko-skosne-i-pierscien\/"]}]},{"@type":"ImageObject","inLanguage":"en-GB","@id":"https:\/\/velesnails.pl\/product\/staleks-pro-kopytko-do-manicure-expert-51-type-2-kopytko-skosne-i-pierscien\/#primaryimage","url":"https:\/\/i0.wp.com\/velesnails.pl\/wp-content\/uploads\/2024\/07\/Staleks-Pro-EXPERT-51-TYPE-2.png?fit=794%2C812&ssl=1","contentUrl":"https:\/\/i0.wp.com\/velesnails.pl\/wp-content\/uploads\/2024\/07\/Staleks-Pro-EXPERT-51-TYPE-2.png?fit=794%2C812&ssl=1","width":794,"height":812},{"@type":"BreadcrumbList","@id":"https:\/\/velesnails.pl\/product\/staleks-pro-kopytko-do-manicure-expert-51-type-2-kopytko-skosne-i-pierscien\/#breadcrumb","itemListElement":[{"@type":"ListItem","position":1,"name":"\u0413\u043e\u043b\u043e\u0432\u043d\u0430","item":"https:\/\/velesnails.pl\/"},{"@type":"ListItem","position":2,"name":"Sklep","item":"https:\/\/velesnails.pl\/shop\/"},{"@type":"ListItem","position":3,"name":"Staleks Pro Kopytko do manicure EXPERT 51 TYPE 2 (kopytko sko\u015bne i pier\u015bcie\u0144)"}]},{"@type":"WebSite","@id":"https:\/\/velesnails.pl\/#website","url":"https:\/\/velesnails.pl\/","name":"velesnails","description":"Manicure shop","publisher":{"@id":"https:\/\/velesnails.pl\/#organization"},"potentialAction":[{"@type":"SearchAction","target":{"@type":"EntryPoint","urlTemplate":"https:\/\/velesnails.pl\/?s={search_term_string}"},"query-input":{"@type":"PropertyValueSpecification","valueRequired":true,"valueName":"search_term_string"}}],"inLanguage":"en-GB"},{"@type":"Organization","@id":"https:\/\/velesnails.pl\/#organization","name":"velesnails","url":"https:\/\/velesnails.pl\/","logo":{"@type":"ImageObject","inLanguage":"en-GB","@id":"https:\/\/velesnails.pl\/#\/schema\/logo\/image\/","url":"https:\/\/i0.wp.com\/velesnails.pl\/wp-content\/uploads\/2025\/10\/cropped-obraz_viber_2025-10-22_13-55-55-969.jpg?fit=485%2C381&ssl=1","contentUrl":"https:\/\/i0.wp.com\/velesnails.pl\/wp-content\/uploads\/2025\/10\/cropped-obraz_viber_2025-10-22_13-55-55-969.jpg?fit=485%2C381&ssl=1","width":485,"height":381,"caption":"velesnails"},"image":{"@id":"https:\/\/velesnails.pl\/#\/schema\/logo\/image\/"}}]}},"_links":{"self":[{"href":"https:\/\/velesnails.pl\/en\/wp-json\/wp\/v2\/product\/3346","targetHints":{"allow":["GET"]}}],"collection":[{"href":"https:\/\/velesnails.pl\/en\/wp-json\/wp\/v2\/product"}],"about":[{"href":"https:\/\/velesnails.pl\/en\/wp-json\/wp\/v2\/types\/product"}],"replies":[{"embeddable":true,"href":"https:\/\/velesnails.pl\/en\/wp-json\/wp\/v2\/comments?post=3346"}],"wp:featuredmedia":[{"embeddable":true,"href":"https:\/\/velesnails.pl\/en\/wp-json\/wp\/v2\/media\/3347"}],"wp:attachment":[{"href":"https:\/\/velesnails.pl\/en\/wp-json\/wp\/v2\/media?parent=3346"}],"wp:term":[{"taxonomy":"product_brand","embeddable":true,"href":"https:\/\/velesnails.pl\/en\/wp-json\/wp\/v2\/product_brand?post=3346"},{"taxonomy":"product_cat","embeddable":true,"href":"https:\/\/velesnails.pl\/en\/wp-json\/wp\/v2\/product_cat?post=3346"},{"taxonomy":"product_tag","embeddable":true,"href":"https:\/\/velesnails.pl\/en\/wp-json\/wp\/v2\/product_tag?post=3346"}],"curies":[{"name":"wp","href":"https:\/\/api.w.org\/{rel}","templated":true}]}}